{"id":38916,"date":"2025-08-05T16:52:53","date_gmt":"2025-08-05T14:52:53","guid":{"rendered":"https:\/\/srfb.be\/?post_type=product&#038;p=38916"},"modified":"2026-03-03T16:57:47","modified_gmt":"2026-03-03T15:57:47","slug":"les-resineux-tome-4-sylviculture-et-reboisement","status":"publish","type":"product","link":"https:\/\/srfb.be\/nl\/forest-shop\/les-resineux-tome-4-sylviculture-et-reboisement\/","title":{"rendered":"Naaldhout Deel 4: Bosbouw en herbebossing"},"content":{"rendered":"<h3>Hier is het langverwachte 4\u1d49 boek in de Les r\u00e9sineux collectie!<\/h3>\n<p>Het boek presenteert de bosbouw van deze botanische groep, of beter gezegd de bosbouw, en zet verschillende beheersopties uiteen. Elke fase van het proces wordt in detail beschreven, uiteraard rekening houdend met de specifieke context van vandaag (klimaatverandering, gezondheidsrisico's, maatschappelijke vraag, enz.) Het wijdt ook een hoofdstuk aan de grote uitdagingen van de toekomst.<\/p>\n<p>Dit zeer ge\u00efllustreerde, praktische boek is bedoeld om bosbouwers te helpen hun naaldboompercelen zo effectief mogelijk te beheren door verschillende opties aan te bieden. Om hen te begeleiden zet de auteur de voor- en nadelen van elk van deze opties uiteen, naast gedetailleerde technische routes. Hiervoor put Philippe Riou-Nivert uit een schat aan kennis die hij heeft opgedaan in tientallen jaren van observeren, experimenteren, lezen en delen... En zoals gebruikelijk met uitstekende didactische vaardigheden en een zeer toegankelijke stijl!<\/p>\n<p>Dit boek completeert de collectie Les r\u00e9sineux, die werd bekroond met de Prix Cl\u00e9ment Jacquiot 2016 door de Acad\u00e9mie d'Agriculture de France. Dit uitgebreide, gemakkelijk leesbare en uitzonderlijk rijke boek is onmisbaar voor alle bosbouwers en ge\u00efnteresseerden in zachthout!<\/p>","protected":false},"excerpt":{"rendered":"<h3>Hier is het langverwachte 4e deel in de Les r\u00e9sineux serie!<\/h3>\n<p>Het boek presenteert de bosbouw van deze botanische groep, of beter gezegd de bosbouw, en zet verschillende beheersopties uiteen. Elke fase van het proces wordt in detail beschreven, uiteraard rekening houdend met de specifieke context van vandaag (klimaatverandering, gezondheidsrisico's, maatschappelijke vraag, enz.) Het wijdt ook een hoofdstuk aan de grote uitdagingen van de toekomst.<\/p>\n<p><strong>16 x 24 cm - 750 pagina's<\/strong><\/p>","protected":false},"featured_media":38917,"comment_status":"open","ping_status":"closed","template":"","meta":{"iawp_total_views":67},"product_brand":[],"product_cat":[690,688,314],"product_tag":[],"class_list":{"0":"post-38916","1":"product","2":"type-product","3":"status-publish","4":"has-post-thumbnail","6":"product_cat-livres-illustres","7":"product_cat-sante-des-forets","8":"product_cat-sylviculture","10":"first","11":"instock","12":"shipping-taxable","13":"purchasable","14":"product-type-simple"},"yoast_head":"<!-- This site is optimized with the Yoast SEO plugin v27.3 - https:\/\/yoast.com\/product\/yoast-seo-wordpress\/ -->\n<title>Les r\u00e9sineux Tome 4 : Sylviculture et reboisement - Soci\u00e9t\u00e9 Royale Foresti\u00e8re de Belgique<\/title>\n<meta name=\"robots\" content=\"index, follow, max-snippet:-1, max-image-preview:large, max-video-preview:-1\" \/>\n<link rel=\"canonical\" href=\"https:\/\/www.kbbm.be\/en\/forest-shop\/les-resineux-tome-4-sylviculture-et-reboisement\/\" \/>\n<meta property=\"og:locale\" content=\"nl_BE\" \/>\n<meta property=\"og:type\" content=\"article\" \/>\n<meta property=\"og:title\" content=\"Les r\u00e9sineux Tome 4 : Sylviculture et reboisement - Soci\u00e9t\u00e9 Royale Foresti\u00e8re de Belgique\" \/>\n<meta property=\"og:description\" content=\"Voici le 4e tome de la collection Les r\u00e9sineux, tant attendu ! Le livre pr\u00e9sente la sylviculture de ce groupe botanique, ou plut\u00f4t les sylvicultures puisqu&#039;il expose diff\u00e9rentes options de gestion. Il d\u00e9taille chaque \u00e9tape de la d\u00e9marche, en int\u00e9grant bien \u00e9videmment le contexte particulier actuel (changement climatique, risques sanitaires, demande soci\u00e9tale\u2026). Il consacre d\u2019ailleurs un chapitre \u00e0 ces grands enjeux d\u2019avenir.  16 x 24 cm - 750 pages\" \/>\n<meta property=\"og:url\" content=\"https:\/\/www.kbbm.be\/en\/forest-shop\/les-resineux-tome-4-sylviculture-et-reboisement\/\" \/>\n<meta property=\"og:site_name\" content=\"Soci\u00e9t\u00e9 Royale Foresti\u00e8re de Belgique\" \/>\n<meta property=\"article:publisher\" content=\"https:\/\/www.facebook.com\/srfb.be\" \/>\n<meta property=\"article:modified_time\" content=\"2026-03-03T15:57:47+00:00\" \/>\n<meta property=\"og:image\" content=\"https:\/\/www.kbbm.be\/wp-content\/uploads\/2025\/08\/compressed_Couv-Les-Resineux_Tome-4-2025.jpg\" \/>\n\t<meta property=\"og:image:width\" content=\"1197\" \/>\n\t<meta property=\"og:image:height\" content=\"1772\" \/>\n\t<meta property=\"og:image:type\" content=\"image\/jpeg\" \/>\n<script type=\"application\/ld+json\" class=\"yoast-schema-graph\">{\"@context\":\"https:\\\/\\\/schema.org\",\"@graph\":[{\"@type\":\"WebPage\",\"@id\":\"https:\\\/\\\/www.kbbm.be\\\/en\\\/forest-shop\\\/les-resineux-tome-4-sylviculture-et-reboisement\\\/\",\"url\":\"https:\\\/\\\/www.kbbm.be\\\/en\\\/forest-shop\\\/les-resineux-tome-4-sylviculture-et-reboisement\\\/\",\"name\":\"Les r\u00e9sineux Tome 4 : Sylviculture et reboisement - Soci\u00e9t\u00e9 Royale Foresti\u00e8re de Belgique\",\"isPartOf\":{\"@id\":\"https:\\\/\\\/srfb.be\\\/#website\"},\"primaryImageOfPage\":{\"@id\":\"https:\\\/\\\/www.kbbm.be\\\/en\\\/forest-shop\\\/les-resineux-tome-4-sylviculture-et-reboisement\\\/#primaryimage\"},\"image\":{\"@id\":\"https:\\\/\\\/www.kbbm.be\\\/en\\\/forest-shop\\\/les-resineux-tome-4-sylviculture-et-reboisement\\\/#primaryimage\"},\"thumbnailUrl\":\"https:\\\/\\\/srfb.be\\\/wp-content\\\/uploads\\\/2025\\\/08\\\/compressed_Couv-Les-Resineux_Tome-4-2025.jpg\",\"datePublished\":\"2025-08-05T14:52:53+00:00\",\"dateModified\":\"2026-03-03T15:57:47+00:00\",\"breadcrumb\":{\"@id\":\"https:\\\/\\\/www.kbbm.be\\\/en\\\/forest-shop\\\/les-resineux-tome-4-sylviculture-et-reboisement\\\/#breadcrumb\"},\"inLanguage\":\"nl-BE\",\"potentialAction\":[{\"@type\":\"ReadAction\",\"target\":[\"https:\\\/\\\/www.kbbm.be\\\/en\\\/forest-shop\\\/les-resineux-tome-4-sylviculture-et-reboisement\\\/\"]}]},{\"@type\":\"ImageObject\",\"inLanguage\":\"nl-BE\",\"@id\":\"https:\\\/\\\/www.kbbm.be\\\/en\\\/forest-shop\\\/les-resineux-tome-4-sylviculture-et-reboisement\\\/#primaryimage\",\"url\":\"https:\\\/\\\/srfb.be\\\/wp-content\\\/uploads\\\/2025\\\/08\\\/compressed_Couv-Les-Resineux_Tome-4-2025.jpg\",\"contentUrl\":\"https:\\\/\\\/srfb.be\\\/wp-content\\\/uploads\\\/2025\\\/08\\\/compressed_Couv-Les-Resineux_Tome-4-2025.jpg\",\"width\":1197,\"height\":1772,\"caption\":\"Les r\u00e9sineux Tome 4\"},{\"@type\":\"BreadcrumbList\",\"@id\":\"https:\\\/\\\/www.kbbm.be\\\/en\\\/forest-shop\\\/les-resineux-tome-4-sylviculture-et-reboisement\\\/#breadcrumb\",\"itemListElement\":[{\"@type\":\"ListItem\",\"position\":1,\"name\":\"Accueil\",\"item\":\"https:\\\/\\\/srfb.be\\\/\"},{\"@type\":\"ListItem\",\"position\":2,\"name\":\"Produkte\",\"item\":\"https:\\\/\\\/www.kbbm.be\\\/de\\\/shop\\\/\"},{\"@type\":\"ListItem\",\"position\":3,\"name\":\"Les r\u00e9sineux Tome 4 : Sylviculture et reboisement\"}]},{\"@type\":\"WebSite\",\"@id\":\"https:\\\/\\\/srfb.be\\\/#website\",\"url\":\"https:\\\/\\\/srfb.be\\\/\",\"name\":\"Soci\u00e9t\u00e9 Royale Foresti\u00e8re de Belgique\",\"description\":\"Au service de la for\u00eat et des forestiers\",\"publisher\":{\"@id\":\"https:\\\/\\\/srfb.be\\\/#organization\"},\"alternateName\":\"SRFB-KBBM\",\"potentialAction\":[{\"@type\":\"SearchAction\",\"target\":{\"@type\":\"EntryPoint\",\"urlTemplate\":\"https:\\\/\\\/srfb.be\\\/?s={search_term_string}\"},\"query-input\":{\"@type\":\"PropertyValueSpecification\",\"valueRequired\":true,\"valueName\":\"search_term_string\"}}],\"inLanguage\":\"nl-BE\"},{\"@type\":\"Organization\",\"@id\":\"https:\\\/\\\/srfb.be\\\/#organization\",\"name\":\"Soci\u00e9t\u00e9 Royale Foresti\u00e8re De Belgique - Koninklijke Belgische Bosbouwmaatschappij\",\"alternateName\":\"SRFB-KBBM\",\"url\":\"https:\\\/\\\/srfb.be\\\/\",\"logo\":{\"@type\":\"ImageObject\",\"inLanguage\":\"nl-BE\",\"@id\":\"https:\\\/\\\/srfb.be\\\/#\\\/schema\\\/logo\\\/image\\\/\",\"url\":\"https:\\\/\\\/srfb.be\\\/wp-content\\\/uploads\\\/2019\\\/06\\\/android-chrome-256x256.png\",\"contentUrl\":\"https:\\\/\\\/srfb.be\\\/wp-content\\\/uploads\\\/2019\\\/06\\\/android-chrome-256x256.png\",\"width\":1200,\"height\":1232,\"caption\":\"Soci\u00e9t\u00e9 Royale Foresti\u00e8re De Belgique - Koninklijke Belgische Bosbouwmaatschappij\"},\"image\":{\"@id\":\"https:\\\/\\\/srfb.be\\\/#\\\/schema\\\/logo\\\/image\\\/\"},\"sameAs\":[\"https:\\\/\\\/www.facebook.com\\\/srfb.be\",\"https:\\\/\\\/www.instagram.com\\\/srfb_kbbm\\\/\",\"https:\\\/\\\/www.linkedin.com\\\/company\\\/srfb-kbbm\\\/\",\"https:\\\/\\\/www.youtube.com\\\/user\\\/srfbkbbm\"]}]}<\/script>\n<!-- \/ Yoast SEO plugin. -->","yoast_head_json":{"title":"Naaldhout Volume 4: Bosbouw en herbebossing - Koninklijke Belgische Bosbouwmaatschappij","robots":{"index":"index","follow":"follow","max-snippet":"max-snippet:-1","max-image-preview":"max-image-preview:large","max-video-preview":"max-video-preview:-1"},"canonical":"https:\/\/www.kbbm.be\/en\/forest-shop\/les-resineux-tome-4-sylviculture-et-reboisement\/","og_locale":"nl_BE","og_type":"article","og_title":"Les r\u00e9sineux Tome 4 : Sylviculture et reboisement - Soci\u00e9t\u00e9 Royale Foresti\u00e8re de Belgique","og_description":"Voici le 4e tome de la collection Les r\u00e9sineux, tant attendu ! Le livre pr\u00e9sente la sylviculture de ce groupe botanique, ou plut\u00f4t les sylvicultures puisqu'il expose diff\u00e9rentes options de gestion. Il d\u00e9taille chaque \u00e9tape de la d\u00e9marche, en int\u00e9grant bien \u00e9videmment le contexte particulier actuel (changement climatique, risques sanitaires, demande soci\u00e9tale\u2026). Il consacre d\u2019ailleurs un chapitre \u00e0 ces grands enjeux d\u2019avenir.  16 x 24 cm - 750 pages","og_url":"https:\/\/www.kbbm.be\/en\/forest-shop\/les-resineux-tome-4-sylviculture-et-reboisement\/","og_site_name":"Soci\u00e9t\u00e9 Royale Foresti\u00e8re de Belgique","article_publisher":"https:\/\/www.facebook.com\/srfb.be","article_modified_time":"2026-03-03T15:57:47+00:00","og_image":[{"width":1197,"height":1772,"url":"https:\/\/www.kbbm.be\/wp-content\/uploads\/2025\/08\/compressed_Couv-Les-Resineux_Tome-4-2025.jpg","type":"image\/jpeg"}],"schema":{"@context":"https:\/\/schema.org","@graph":[{"@type":"WebPage","@id":"https:\/\/www.kbbm.be\/en\/forest-shop\/les-resineux-tome-4-sylviculture-et-reboisement\/","url":"https:\/\/www.kbbm.be\/en\/forest-shop\/les-resineux-tome-4-sylviculture-et-reboisement\/","name":"Naaldhout Volume 4: Bosbouw en herbebossing - Koninklijke Belgische Bosbouwmaatschappij","isPartOf":{"@id":"https:\/\/srfb.be\/#website"},"primaryImageOfPage":{"@id":"https:\/\/www.kbbm.be\/en\/forest-shop\/les-resineux-tome-4-sylviculture-et-reboisement\/#primaryimage"},"image":{"@id":"https:\/\/www.kbbm.be\/en\/forest-shop\/les-resineux-tome-4-sylviculture-et-reboisement\/#primaryimage"},"thumbnailUrl":"https:\/\/srfb.be\/wp-content\/uploads\/2025\/08\/compressed_Couv-Les-Resineux_Tome-4-2025.jpg","datePublished":"2025-08-05T14:52:53+00:00","dateModified":"2026-03-03T15:57:47+00:00","breadcrumb":{"@id":"https:\/\/www.kbbm.be\/en\/forest-shop\/les-resineux-tome-4-sylviculture-et-reboisement\/#breadcrumb"},"inLanguage":"nl-BE","potentialAction":[{"@type":"ReadAction","target":["https:\/\/www.kbbm.be\/en\/forest-shop\/les-resineux-tome-4-sylviculture-et-reboisement\/"]}]},{"@type":"ImageObject","inLanguage":"nl-BE","@id":"https:\/\/www.kbbm.be\/en\/forest-shop\/les-resineux-tome-4-sylviculture-et-reboisement\/#primaryimage","url":"https:\/\/srfb.be\/wp-content\/uploads\/2025\/08\/compressed_Couv-Les-Resineux_Tome-4-2025.jpg","contentUrl":"https:\/\/srfb.be\/wp-content\/uploads\/2025\/08\/compressed_Couv-Les-Resineux_Tome-4-2025.jpg","width":1197,"height":1772,"caption":"Les r\u00e9sineux Tome 4"},{"@type":"BreadcrumbList","@id":"https:\/\/www.kbbm.be\/en\/forest-shop\/les-resineux-tome-4-sylviculture-et-reboisement\/#breadcrumb","itemListElement":[{"@type":"ListItem","position":1,"name":"Accueil","item":"https:\/\/srfb.be\/"},{"@type":"ListItem","position":2,"name":"Produkte","item":"https:\/\/www.kbbm.be\/de\/shop\/"},{"@type":"ListItem","position":3,"name":"Les r\u00e9sineux Tome 4 : Sylviculture et reboisement"}]},{"@type":"WebSite","@id":"https:\/\/srfb.be\/#website","url":"https:\/\/srfb.be\/","name":"Koninklijke Belgische Bosbouwmaatschappij","description":"Ten dienste van het bos en de bosbouwers","publisher":{"@id":"https:\/\/srfb.be\/#organization"},"alternateName":"SRFB-KBBM","potentialAction":[{"@type":"SearchAction","target":{"@type":"EntryPoint","urlTemplate":"https:\/\/srfb.be\/?s={search_term_string}"},"query-input":{"@type":"PropertyValueSpecification","valueRequired":true,"valueName":"search_term_string"}}],"inLanguage":"nl-BE"},{"@type":"Organization","@id":"https:\/\/srfb.be\/#organization","name":"Soci\u00e9t\u00e9 Royale Foresti\u00e8re De Belgique - Koninklijke Belgische Bosbouwmaatschappij","alternateName":"SRFB-KBBM","url":"https:\/\/srfb.be\/","logo":{"@type":"ImageObject","inLanguage":"nl-BE","@id":"https:\/\/srfb.be\/#\/schema\/logo\/image\/","url":"https:\/\/srfb.be\/wp-content\/uploads\/2019\/06\/android-chrome-256x256.png","contentUrl":"https:\/\/srfb.be\/wp-content\/uploads\/2019\/06\/android-chrome-256x256.png","width":1200,"height":1232,"caption":"Soci\u00e9t\u00e9 Royale Foresti\u00e8re De Belgique - Koninklijke Belgische Bosbouwmaatschappij"},"image":{"@id":"https:\/\/srfb.be\/#\/schema\/logo\/image\/"},"sameAs":["https:\/\/www.facebook.com\/srfb.be","https:\/\/www.instagram.com\/srfb_kbbm\/","https:\/\/www.linkedin.com\/company\/srfb-kbbm\/","https:\/\/www.youtube.com\/user\/srfbkbbm"]}]}},"_links":{"self":[{"href":"https:\/\/srfb.be\/nl\/wp-json\/wp\/v2\/product\/38916","targetHints":{"allow":["GET"]}}],"collection":[{"href":"https:\/\/srfb.be\/nl\/wp-json\/wp\/v2\/product"}],"about":[{"href":"https:\/\/srfb.be\/nl\/wp-json\/wp\/v2\/types\/product"}],"replies":[{"embeddable":true,"href":"https:\/\/srfb.be\/nl\/wp-json\/wp\/v2\/comments?post=38916"}],"wp:featuredmedia":[{"embeddable":true,"href":"https:\/\/srfb.be\/nl\/wp-json\/wp\/v2\/media\/38917"}],"wp:attachment":[{"href":"https:\/\/srfb.be\/nl\/wp-json\/wp\/v2\/media?parent=38916"}],"wp:term":[{"taxonomy":"product_brand","embeddable":true,"href":"https:\/\/srfb.be\/nl\/wp-json\/wp\/v2\/product_brand?post=38916"},{"taxonomy":"product_cat","embeddable":true,"href":"https:\/\/srfb.be\/nl\/wp-json\/wp\/v2\/product_cat?post=38916"},{"taxonomy":"product_tag","embeddable":true,"href":"https:\/\/srfb.be\/nl\/wp-json\/wp\/v2\/product_tag?post=38916"}],"curies":[{"name":"wp","href":"https:\/\/api.w.org\/{rel}","templated":true}]}}