{"id":37318,"date":"2024-10-01T15:28:38","date_gmt":"2024-10-01T13:28:38","guid":{"rendered":"https:\/\/srfb.be\/?post_type=product&#038;p=37318"},"modified":"2024-11-10T14:06:57","modified_gmt":"2024-11-10T13:06:57","slug":"une-foret-un-projet","status":"publish","type":"product","link":"https:\/\/srfb.be\/nl\/forest-shop\/une-foret-un-projet\/","title":{"rendered":"E\u00e9n bos, \u00e9\u00e9n project!"},"content":{"rendered":"<h2 class=\"x_MsoNormal\"><span data-olk-copy-source=\"MessageBody\">E\u00e9n bos, \u00e9\u00e9n project!<\/span><\/h2>\n<h3>Praktische gids voor bosbouwers<\/h3>\n<p class=\"x_MsoNormal\">Natuurbehoud, recreatie, houtproductie... er is een project voor elk bos! Maar het bezitten van een bos is een grote verantwoordelijkheid, zowel op het vlak van milieu als op het vlak van persoonlijke en financi\u00eble betrokkenheid.<\/p>\n<p class=\"x_MsoNormal\">Weet u niet zeker waar u moet beginnen? In deze gids vindt u alle informatie die u moet weten voor u aan de slag gaat: welke contacten u moet leggen, welke regelgeving en belastingregels u moet toepassen, hoe u uw bos leert kennen, welke keuzes u moet maken op basis van uw beheerdoelen, hoe u uw bomen kunt ondersteunen terwijl u bezig bent en, tot slot, hoe u uw hout kunt verkopen.<\/p>\n<p class=\"x_MsoNormal\">Dit uitgebreide en leerzame boek biedt alle informatie die je nodig hebt om je percelen duurzaam te beheren, rekening houdend met klimaatverandering, met een voorbeeldbos om onderweg te volgen.<\/p>\n<p class=\"x_MsoNormal\">Une for\u00eat, un projet! is gericht op alle bos- en boseigenaren, ongeacht hun kennis, zonder partij te kiezen voor een bepaalde bosbouw, maar met een presentatie van de vele mogelijkheden die voor hen beschikbaar zijn.<\/p>","protected":false},"excerpt":{"rendered":"<p class=\"x_MsoNormal\">Natuurbehoud, recreatie, houtproductie... er is een project voor elk bos! Maar het bezitten van een bos is een grote verantwoordelijkheid, zowel op het vlak van milieu als op het vlak van persoonlijke en financi\u00eble betrokkenheid.<\/p>\n<p class=\"x_MsoNormal\">Weet u niet zeker waar u moet beginnen? In deze gids vindt u alle informatie die u moet weten voor u aan de slag gaat: welke contacten u moet leggen, welke regelgeving en belastingregels u moet toepassen, hoe u uw bos leert kennen, welke keuzes u moet maken op basis van uw beheerdoelen, hoe u uw bomen kunt ondersteunen terwijl u bezig bent en, tot slot, hoe u uw hout kunt verkopen.<\/p>\n<p class=\"x_MsoNormal\">Dit uitgebreide en leerzame boek biedt alle informatie die je nodig hebt om je percelen duurzaam te beheren, rekening houdend met klimaatverandering, met een voorbeeldbos om onderweg te volgen.<\/p>\n<p class=\"x_MsoNormal\">Une for\u00eat, un projet! is gericht op alle bos- en boseigenaren, ongeacht hun kennis, zonder partij te kiezen voor een bepaalde bosbouw, maar met een presentatie van de vele mogelijkheden die voor hen beschikbaar zijn.<\/p>","protected":false},"featured_media":37319,"comment_status":"open","ping_status":"closed","template":"","meta":{"iawp_total_views":137},"product_brand":[],"product_cat":[692,688,314],"product_tag":[],"class_list":{"0":"post-37318","1":"product","2":"type-product","3":"status-publish","4":"has-post-thumbnail","6":"product_cat-arboretum","7":"product_cat-sante-des-forets","8":"product_cat-sylviculture","10":"first","11":"instock","12":"shipping-taxable","13":"purchasable","14":"product-type-simple"},"yoast_head":"<!-- This site is optimized with the Yoast SEO plugin v27.3 - https:\/\/yoast.com\/product\/yoast-seo-wordpress\/ -->\n<title>Une for\u00eat, un projet\u00a0! - Soci\u00e9t\u00e9 Royale Foresti\u00e8re de Belgique<\/title>\n<meta name=\"robots\" content=\"index, follow, max-snippet:-1, max-image-preview:large, max-video-preview:-1\" \/>\n<link rel=\"canonical\" href=\"https:\/\/kbbm.be\/forest-shop\/une-foret-un-projet\/\" \/>\n<meta property=\"og:locale\" content=\"nl_BE\" \/>\n<meta property=\"og:type\" content=\"article\" \/>\n<meta property=\"og:title\" content=\"Une for\u00eat, un projet\u00a0! - Soci\u00e9t\u00e9 Royale Foresti\u00e8re de Belgique\" \/>\n<meta property=\"og:description\" content=\"Protection de la nature, loisirs, production de bois\u2026 \u00e0 chaque for\u00eat son projet ! Mais \u00eatre propri\u00e9taire d\u2019un bois ou d\u2019une for\u00eat est une grande responsabilit\u00e9, tant envers l\u2019environnement qu\u2019en engagement personnel et financier. Vous ne savez pas par o\u00f9 commencer ? Ce guide reprend toutes les informations \u00e0 savoir avant de se lancer ; quels contacts cr\u00e9er, quelles r\u00e9glementations et fiscalit\u00e9 appliquer, comment apprendre \u00e0 conna\u00eetre sa for\u00eat, quels choix faire selon ses objectifs de gestion, comment accompagner ses arbres au fur et \u00e0 mesure des op\u00e9rations et enfin, comment vendre ses bois. Tr\u00e8s complet et didactique, ce livre donne toutes les bases pour g\u00e9rer durablement ses parcelles en int\u00e9grant le changement climatique, avec une for\u00eat-exemple \u00e0 suivre au fil des pages. Une for\u00eat, un projet ! s\u2019adresse \u00e0 tous les propri\u00e9taires de bois et for\u00eat, quelles que soient leurs connaissances, sans prendre parti pour aucune sylviculture mais en pr\u00e9sentant la multitude de possibilit\u00e9s qui s\u2019offrent \u00e0 eux.\" \/>\n<meta property=\"og:url\" content=\"https:\/\/kbbm.be\/forest-shop\/une-foret-un-projet\/\" \/>\n<meta property=\"og:site_name\" content=\"Soci\u00e9t\u00e9 Royale Foresti\u00e8re de Belgique\" \/>\n<meta property=\"article:publisher\" content=\"https:\/\/www.facebook.com\/srfb.be\" \/>\n<meta property=\"article:modified_time\" content=\"2024-11-10T13:06:57+00:00\" \/>\n<meta property=\"og:image\" content=\"https:\/\/kbbm.be\/wp-content\/uploads\/2024\/10\/Une-foret-un-projet-scaled.jpg\" \/>\n\t<meta property=\"og:image:width\" content=\"1671\" \/>\n\t<meta property=\"og:image:height\" content=\"2560\" \/>\n\t<meta property=\"og:image:type\" content=\"image\/jpeg\" \/>\n<script type=\"application\/ld+json\" class=\"yoast-schema-graph\">{\"@context\":\"https:\\\/\\\/schema.org\",\"@graph\":[{\"@type\":\"WebPage\",\"@id\":\"https:\\\/\\\/kbbm.be\\\/forest-shop\\\/une-foret-un-projet\\\/\",\"url\":\"https:\\\/\\\/kbbm.be\\\/forest-shop\\\/une-foret-un-projet\\\/\",\"name\":\"Une for\u00eat, un projet\u00a0! - Soci\u00e9t\u00e9 Royale Foresti\u00e8re de Belgique\",\"isPartOf\":{\"@id\":\"https:\\\/\\\/kbbm.be\\\/de\\\/#website\"},\"primaryImageOfPage\":{\"@id\":\"https:\\\/\\\/kbbm.be\\\/forest-shop\\\/une-foret-un-projet\\\/#primaryimage\"},\"image\":{\"@id\":\"https:\\\/\\\/kbbm.be\\\/forest-shop\\\/une-foret-un-projet\\\/#primaryimage\"},\"thumbnailUrl\":\"https:\\\/\\\/srfb.be\\\/wp-content\\\/uploads\\\/2024\\\/10\\\/Une-foret-un-projet-scaled.jpg\",\"datePublished\":\"2024-10-01T13:28:38+00:00\",\"dateModified\":\"2024-11-10T13:06:57+00:00\",\"breadcrumb\":{\"@id\":\"https:\\\/\\\/kbbm.be\\\/forest-shop\\\/une-foret-un-projet\\\/#breadcrumb\"},\"inLanguage\":\"nl-BE\",\"potentialAction\":[{\"@type\":\"ReadAction\",\"target\":[\"https:\\\/\\\/kbbm.be\\\/forest-shop\\\/une-foret-un-projet\\\/\"]}]},{\"@type\":\"ImageObject\",\"inLanguage\":\"nl-BE\",\"@id\":\"https:\\\/\\\/kbbm.be\\\/forest-shop\\\/une-foret-un-projet\\\/#primaryimage\",\"url\":\"https:\\\/\\\/srfb.be\\\/wp-content\\\/uploads\\\/2024\\\/10\\\/Une-foret-un-projet-scaled.jpg\",\"contentUrl\":\"https:\\\/\\\/srfb.be\\\/wp-content\\\/uploads\\\/2024\\\/10\\\/Une-foret-un-projet-scaled.jpg\",\"width\":1671,\"height\":2560,\"caption\":\"Une for\u00eat, un projet !\"},{\"@type\":\"BreadcrumbList\",\"@id\":\"https:\\\/\\\/kbbm.be\\\/forest-shop\\\/une-foret-un-projet\\\/#breadcrumb\",\"itemListElement\":[{\"@type\":\"ListItem\",\"position\":1,\"name\":\"Accueil\",\"item\":\"https:\\\/\\\/kbbm.be\\\/de\\\/\"},{\"@type\":\"ListItem\",\"position\":2,\"name\":\"Producten\",\"item\":\"https:\\\/\\\/kbbm.be\\\/nl\\\/shop\\\/\"},{\"@type\":\"ListItem\",\"position\":3,\"name\":\"Une for\u00eat, un projet\u00a0!\"}]},{\"@type\":\"WebSite\",\"@id\":\"https:\\\/\\\/kbbm.be\\\/de\\\/#website\",\"url\":\"https:\\\/\\\/kbbm.be\\\/de\\\/\",\"name\":\"Soci\u00e9t\u00e9 Royale Foresti\u00e8re de Belgique\",\"description\":\"Au service de la for\u00eat et des forestiers\",\"publisher\":{\"@id\":\"https:\\\/\\\/kbbm.be\\\/de\\\/#organization\"},\"alternateName\":\"SRFB-KBBM\",\"potentialAction\":[{\"@type\":\"SearchAction\",\"target\":{\"@type\":\"EntryPoint\",\"urlTemplate\":\"https:\\\/\\\/kbbm.be\\\/de\\\/?s={search_term_string}\"},\"query-input\":{\"@type\":\"PropertyValueSpecification\",\"valueRequired\":true,\"valueName\":\"search_term_string\"}}],\"inLanguage\":\"nl-BE\"},{\"@type\":\"Organization\",\"@id\":\"https:\\\/\\\/kbbm.be\\\/de\\\/#organization\",\"name\":\"Soci\u00e9t\u00e9 Royale Foresti\u00e8re De Belgique - Koninklijke Belgische Bosbouwmaatschappij\",\"alternateName\":\"SRFB-KBBM\",\"url\":\"https:\\\/\\\/kbbm.be\\\/de\\\/\",\"logo\":{\"@type\":\"ImageObject\",\"inLanguage\":\"nl-BE\",\"@id\":\"https:\\\/\\\/kbbm.be\\\/de\\\/#\\\/schema\\\/logo\\\/image\\\/\",\"url\":\"https:\\\/\\\/srfb.be\\\/wp-content\\\/uploads\\\/2019\\\/06\\\/android-chrome-256x256.png\",\"contentUrl\":\"https:\\\/\\\/srfb.be\\\/wp-content\\\/uploads\\\/2019\\\/06\\\/android-chrome-256x256.png\",\"width\":1200,\"height\":1232,\"caption\":\"Soci\u00e9t\u00e9 Royale Foresti\u00e8re De Belgique - Koninklijke Belgische Bosbouwmaatschappij\"},\"image\":{\"@id\":\"https:\\\/\\\/kbbm.be\\\/de\\\/#\\\/schema\\\/logo\\\/image\\\/\"},\"sameAs\":[\"https:\\\/\\\/www.facebook.com\\\/srfb.be\",\"https:\\\/\\\/www.instagram.com\\\/srfb_kbbm\\\/\",\"https:\\\/\\\/www.linkedin.com\\\/company\\\/srfb-kbbm\\\/\",\"https:\\\/\\\/www.youtube.com\\\/user\\\/srfbkbbm\"]}]}<\/script>\n<!-- \/ Yoast SEO plugin. -->","yoast_head_json":{"title":"E\u00e9n bos, \u00e9\u00e9n project! - Koninklijke Belgische Bosbouwmaatschappij","robots":{"index":"index","follow":"follow","max-snippet":"max-snippet:-1","max-image-preview":"max-image-preview:large","max-video-preview":"max-video-preview:-1"},"canonical":"https:\/\/kbbm.be\/forest-shop\/une-foret-un-projet\/","og_locale":"nl_BE","og_type":"article","og_title":"Une for\u00eat, un projet\u00a0! - Soci\u00e9t\u00e9 Royale Foresti\u00e8re de Belgique","og_description":"Protection de la nature, loisirs, production de bois\u2026 \u00e0 chaque for\u00eat son projet ! Mais \u00eatre propri\u00e9taire d\u2019un bois ou d\u2019une for\u00eat est une grande responsabilit\u00e9, tant envers l\u2019environnement qu\u2019en engagement personnel et financier. Vous ne savez pas par o\u00f9 commencer ? Ce guide reprend toutes les informations \u00e0 savoir avant de se lancer ; quels contacts cr\u00e9er, quelles r\u00e9glementations et fiscalit\u00e9 appliquer, comment apprendre \u00e0 conna\u00eetre sa for\u00eat, quels choix faire selon ses objectifs de gestion, comment accompagner ses arbres au fur et \u00e0 mesure des op\u00e9rations et enfin, comment vendre ses bois. Tr\u00e8s complet et didactique, ce livre donne toutes les bases pour g\u00e9rer durablement ses parcelles en int\u00e9grant le changement climatique, avec une for\u00eat-exemple \u00e0 suivre au fil des pages. Une for\u00eat, un projet ! s\u2019adresse \u00e0 tous les propri\u00e9taires de bois et for\u00eat, quelles que soient leurs connaissances, sans prendre parti pour aucune sylviculture mais en pr\u00e9sentant la multitude de possibilit\u00e9s qui s\u2019offrent \u00e0 eux.","og_url":"https:\/\/kbbm.be\/forest-shop\/une-foret-un-projet\/","og_site_name":"Soci\u00e9t\u00e9 Royale Foresti\u00e8re de Belgique","article_publisher":"https:\/\/www.facebook.com\/srfb.be","article_modified_time":"2024-11-10T13:06:57+00:00","og_image":[{"width":1671,"height":2560,"url":"https:\/\/kbbm.be\/wp-content\/uploads\/2024\/10\/Une-foret-un-projet-scaled.jpg","type":"image\/jpeg"}],"schema":{"@context":"https:\/\/schema.org","@graph":[{"@type":"WebPage","@id":"https:\/\/kbbm.be\/forest-shop\/une-foret-un-projet\/","url":"https:\/\/kbbm.be\/forest-shop\/une-foret-un-projet\/","name":"E\u00e9n bos, \u00e9\u00e9n project! - Koninklijke Belgische Bosbouwmaatschappij","isPartOf":{"@id":"https:\/\/kbbm.be\/de\/#website"},"primaryImageOfPage":{"@id":"https:\/\/kbbm.be\/forest-shop\/une-foret-un-projet\/#primaryimage"},"image":{"@id":"https:\/\/kbbm.be\/forest-shop\/une-foret-un-projet\/#primaryimage"},"thumbnailUrl":"https:\/\/srfb.be\/wp-content\/uploads\/2024\/10\/Une-foret-un-projet-scaled.jpg","datePublished":"2024-10-01T13:28:38+00:00","dateModified":"2024-11-10T13:06:57+00:00","breadcrumb":{"@id":"https:\/\/kbbm.be\/forest-shop\/une-foret-un-projet\/#breadcrumb"},"inLanguage":"nl-BE","potentialAction":[{"@type":"ReadAction","target":["https:\/\/kbbm.be\/forest-shop\/une-foret-un-projet\/"]}]},{"@type":"ImageObject","inLanguage":"nl-BE","@id":"https:\/\/kbbm.be\/forest-shop\/une-foret-un-projet\/#primaryimage","url":"https:\/\/srfb.be\/wp-content\/uploads\/2024\/10\/Une-foret-un-projet-scaled.jpg","contentUrl":"https:\/\/srfb.be\/wp-content\/uploads\/2024\/10\/Une-foret-un-projet-scaled.jpg","width":1671,"height":2560,"caption":"Une for\u00eat, un projet !"},{"@type":"BreadcrumbList","@id":"https:\/\/kbbm.be\/forest-shop\/une-foret-un-projet\/#breadcrumb","itemListElement":[{"@type":"ListItem","position":1,"name":"Accueil","item":"https:\/\/kbbm.be\/de\/"},{"@type":"ListItem","position":2,"name":"Producten","item":"https:\/\/kbbm.be\/nl\/shop\/"},{"@type":"ListItem","position":3,"name":"Une for\u00eat, un projet\u00a0!"}]},{"@type":"WebSite","@id":"https:\/\/kbbm.be\/de\/#website","url":"https:\/\/kbbm.be\/de\/","name":"Koninklijke Belgische Bosbouwmaatschappij","description":"Ten dienste van het bos en de bosbouwers","publisher":{"@id":"https:\/\/kbbm.be\/de\/#organization"},"alternateName":"SRFB-KBBM","potentialAction":[{"@type":"SearchAction","target":{"@type":"EntryPoint","urlTemplate":"https:\/\/kbbm.be\/de\/?s={search_term_string}"},"query-input":{"@type":"PropertyValueSpecification","valueRequired":true,"valueName":"search_term_string"}}],"inLanguage":"nl-BE"},{"@type":"Organization","@id":"https:\/\/kbbm.be\/de\/#organization","name":"Soci\u00e9t\u00e9 Royale Foresti\u00e8re De Belgique - Koninklijke Belgische Bosbouwmaatschappij","alternateName":"SRFB-KBBM","url":"https:\/\/kbbm.be\/de\/","logo":{"@type":"ImageObject","inLanguage":"nl-BE","@id":"https:\/\/kbbm.be\/de\/#\/schema\/logo\/image\/","url":"https:\/\/srfb.be\/wp-content\/uploads\/2019\/06\/android-chrome-256x256.png","contentUrl":"https:\/\/srfb.be\/wp-content\/uploads\/2019\/06\/android-chrome-256x256.png","width":1200,"height":1232,"caption":"Soci\u00e9t\u00e9 Royale Foresti\u00e8re De Belgique - Koninklijke Belgische Bosbouwmaatschappij"},"image":{"@id":"https:\/\/kbbm.be\/de\/#\/schema\/logo\/image\/"},"sameAs":["https:\/\/www.facebook.com\/srfb.be","https:\/\/www.instagram.com\/srfb_kbbm\/","https:\/\/www.linkedin.com\/company\/srfb-kbbm\/","https:\/\/www.youtube.com\/user\/srfbkbbm"]}]}},"_links":{"self":[{"href":"https:\/\/srfb.be\/nl\/wp-json\/wp\/v2\/product\/37318","targetHints":{"allow":["GET"]}}],"collection":[{"href":"https:\/\/srfb.be\/nl\/wp-json\/wp\/v2\/product"}],"about":[{"href":"https:\/\/srfb.be\/nl\/wp-json\/wp\/v2\/types\/product"}],"replies":[{"embeddable":true,"href":"https:\/\/srfb.be\/nl\/wp-json\/wp\/v2\/comments?post=37318"}],"wp:featuredmedia":[{"embeddable":true,"href":"https:\/\/srfb.be\/nl\/wp-json\/wp\/v2\/media\/37319"}],"wp:attachment":[{"href":"https:\/\/srfb.be\/nl\/wp-json\/wp\/v2\/media?parent=37318"}],"wp:term":[{"taxonomy":"product_brand","embeddable":true,"href":"https:\/\/srfb.be\/nl\/wp-json\/wp\/v2\/product_brand?post=37318"},{"taxonomy":"product_cat","embeddable":true,"href":"https:\/\/srfb.be\/nl\/wp-json\/wp\/v2\/product_cat?post=37318"},{"taxonomy":"product_tag","embeddable":true,"href":"https:\/\/srfb.be\/nl\/wp-json\/wp\/v2\/product_tag?post=37318"}],"curies":[{"name":"wp","href":"https:\/\/api.w.org\/{rel}","templated":true}]}}