{"id":34997,"date":"2024-02-01T14:47:40","date_gmt":"2024-02-01T13:47:40","guid":{"rendered":"https:\/\/srfb.be\/?post_type=product&#038;p=34997"},"modified":"2026-03-03T17:00:28","modified_gmt":"2026-03-03T16:00:28","slug":"vleermuizen-en-bossen-onmisbare-bondgenoten","status":"publish","type":"product","link":"https:\/\/srfb.be\/nl\/forest-shop\/chauves-souris-et-foret-des-allies-indispensables\/","title":{"rendered":"Vleermuizen en bossen, onmisbare bondgenoten"},"content":{"rendered":"<p>Onder de vele dier- en plantensoorten die in onze bossen te vinden zijn, zijn er enkele bijzonder discreet, zelfs onzichtbaar voor boswachters en wandelaars: vleermuizen of chiroptera. Deze vliegende, nachtelijke zoogdieren met hun zeer ongewone gewoonten zijn vaak aanwezig in onze bossen zonder dat we het doorhebben. De soorten kunnen min of meer bosbewonend zijn, maar ze komen allemaal tijdens hun leven in deze omgeving voor.<\/p>\n<p>Deze uitgebreide gids presenteert de mysterieuze en weinig bekende wereld van de vleermuizen. De ongeveer dertig bosvleermuissoorten die in Frankrijk voorkomen worden gedetailleerd beschreven, samen met hun levenswijze.<\/p>\n<p>De originaliteit van deze gids ligt in het beheeradvies om deze zoogdieren te stimuleren, met feedback uit ervaring.<\/p>\n<p>Een essenti\u00eble brochure om je te helpen deze kwetsbare soorten te begrijpen en te beschermen.<\/p>\n<p><strong>21 cm x 29 cm, 64 pagina's<\/strong><\/p>","protected":false},"excerpt":{"rendered":"<p>Onder de vele dier- en plantensoorten die in onze bossen te vinden zijn, zijn er enkele bijzonder discreet, zelfs onzichtbaar voor boswachters en wandelaars: vleermuizen of chiroptera. Deze vliegende, nachtelijke zoogdieren met hun zeer ongewone gewoonten zijn vaak aanwezig in onze bossen zonder dat we het doorhebben. De soorten kunnen min of meer bosbewonend zijn, maar ze komen allemaal tijdens hun leven in deze omgeving voor.<\/p>\n<p>Deze uitgebreide gids presenteert de mysterieuze en weinig bekende wereld van de vleermuizen. De ongeveer dertig bosvleermuissoorten die in Frankrijk voorkomen worden gedetailleerd beschreven, samen met hun levenswijze.<\/p>\n<p>De originaliteit van deze gids ligt in het beheeradvies om deze zoogdieren te stimuleren, met feedback uit ervaring.<\/p>\n<p>Een essenti\u00eble brochure om je te helpen deze kwetsbare soorten te begrijpen en te beschermen.<\/p>\n<p><strong>21 cm x 29 cm, 64 pagina's<\/strong><\/p>","protected":false},"featured_media":34996,"comment_status":"open","ping_status":"closed","template":"","meta":{"iawp_total_views":59},"product_brand":[],"product_cat":[691],"product_tag":[],"class_list":{"0":"post-34997","1":"product","2":"type-product","3":"status-publish","4":"has-post-thumbnail","6":"product_cat-biodiversite","8":"first","9":"instock","10":"shipping-taxable","11":"purchasable","12":"product-type-simple"},"yoast_head":"<!-- This site is optimized with the Yoast SEO plugin v27.4 - https:\/\/yoast.com\/product\/yoast-seo-wordpress\/ -->\n<title>Chauves-souris et for\u00eat, des alli\u00e9s indispensables - Soci\u00e9t\u00e9 Royale Foresti\u00e8re de Belgique<\/title>\n<meta name=\"robots\" content=\"index, follow, max-snippet:-1, max-image-preview:large, max-video-preview:-1\" \/>\n<link rel=\"canonical\" href=\"https:\/\/srfb.be\/nl\/forest-shop\/vleermuizen-en-bossen-onmisbare-bondgenoten\/\" \/>\n<meta property=\"og:locale\" content=\"nl_BE\" \/>\n<meta property=\"og:type\" content=\"article\" \/>\n<meta property=\"og:title\" content=\"Chauves-souris et for\u00eat, des alli\u00e9s indispensables - Soci\u00e9t\u00e9 Royale Foresti\u00e8re de Belgique\" \/>\n<meta property=\"og:description\" content=\"Parmi les nombreuses esp\u00e8ces animales et v\u00e9g\u00e9tales qu\u2019abritent nos for\u00eats, certaines sont particuli\u00e8rement discr\u00e8tes, voire invisibles du forestier et du promeneur : les chauves-souris ou chiropt\u00e8res. Ces mammif\u00e8res volants, nocturnes, aux m\u0153urs tr\u00e8s particuli\u00e8res sont pourtant bien souvent pr\u00e9sents dans les for\u00eats sans m\u00eame qu\u2019on en ait conscience. Des esp\u00e8ces plus ou moins foresti\u00e8res, mais qui toutes fr\u00e9quentent ce milieu au cours de leur vie.  Ce guide complet pr\u00e9sente le monde myst\u00e9rieux et m\u00e9connu des chauves-souris. La trentaine d\u2019esp\u00e8ces foresti\u00e8res pr\u00e9sentes en France est d\u00e9taill\u00e9e ainsi que leur mode de vie.  L\u2019originalit\u00e9 de ce guide r\u00e9side dans les conseils de gestion pour favoriser ces mammif\u00e8res, avec des retours d\u2019exp\u00e9riences.  Une brochure indispensable pour mieux connaitre et prot\u00e9ger ces esp\u00e8ces fragiles.  21 cm x 29 cm, 64 pages\" \/>\n<meta property=\"og:url\" content=\"https:\/\/srfb.be\/nl\/forest-shop\/vleermuizen-en-bossen-onmisbare-bondgenoten\/\" \/>\n<meta property=\"og:site_name\" content=\"Soci\u00e9t\u00e9 Royale Foresti\u00e8re de Belgique\" \/>\n<meta property=\"article:publisher\" content=\"https:\/\/www.facebook.com\/srfb.be\" \/>\n<meta property=\"article:modified_time\" content=\"2026-03-03T16:00:28+00:00\" \/>\n<meta property=\"og:image\" content=\"https:\/\/srfb.be\/wp-content\/uploads\/2024\/02\/Chauvessouris.jpg\" \/>\n\t<meta property=\"og:image:width\" content=\"1204\" \/>\n\t<meta property=\"og:image:height\" content=\"1705\" \/>\n\t<meta property=\"og:image:type\" content=\"image\/jpeg\" \/>\n<script type=\"application\/ld+json\" class=\"yoast-schema-graph\">{\"@context\":\"https:\\\/\\\/schema.org\",\"@graph\":[{\"@type\":\"WebPage\",\"@id\":\"https:\\\/\\\/srfb.be\\\/forest-shop\\\/chauves-souris-et-foret-des-allies-indispensables\\\/\",\"url\":\"https:\\\/\\\/srfb.be\\\/forest-shop\\\/chauves-souris-et-foret-des-allies-indispensables\\\/\",\"name\":\"Chauves-souris et for\u00eat, des alli\u00e9s indispensables - Soci\u00e9t\u00e9 Royale Foresti\u00e8re de Belgique\",\"isPartOf\":{\"@id\":\"https:\\\/\\\/srfb.be\\\/#website\"},\"primaryImageOfPage\":{\"@id\":\"https:\\\/\\\/srfb.be\\\/forest-shop\\\/chauves-souris-et-foret-des-allies-indispensables\\\/#primaryimage\"},\"image\":{\"@id\":\"https:\\\/\\\/srfb.be\\\/forest-shop\\\/chauves-souris-et-foret-des-allies-indispensables\\\/#primaryimage\"},\"thumbnailUrl\":\"https:\\\/\\\/srfb.be\\\/wp-content\\\/uploads\\\/2024\\\/02\\\/Chauvessouris.jpg\",\"datePublished\":\"2024-02-01T13:47:40+00:00\",\"dateModified\":\"2026-03-03T16:00:28+00:00\",\"breadcrumb\":{\"@id\":\"https:\\\/\\\/srfb.be\\\/forest-shop\\\/chauves-souris-et-foret-des-allies-indispensables\\\/#breadcrumb\"},\"inLanguage\":\"nl-BE\",\"potentialAction\":[{\"@type\":\"ReadAction\",\"target\":[\"https:\\\/\\\/srfb.be\\\/forest-shop\\\/chauves-souris-et-foret-des-allies-indispensables\\\/\"]}]},{\"@type\":\"ImageObject\",\"inLanguage\":\"nl-BE\",\"@id\":\"https:\\\/\\\/srfb.be\\\/forest-shop\\\/chauves-souris-et-foret-des-allies-indispensables\\\/#primaryimage\",\"url\":\"https:\\\/\\\/srfb.be\\\/wp-content\\\/uploads\\\/2024\\\/02\\\/Chauvessouris.jpg\",\"contentUrl\":\"https:\\\/\\\/srfb.be\\\/wp-content\\\/uploads\\\/2024\\\/02\\\/Chauvessouris.jpg\",\"width\":1204,\"height\":1705,\"caption\":\"Chauves-souris et for\u00eat\"},{\"@type\":\"BreadcrumbList\",\"@id\":\"https:\\\/\\\/srfb.be\\\/forest-shop\\\/chauves-souris-et-foret-des-allies-indispensables\\\/#breadcrumb\",\"itemListElement\":[{\"@type\":\"ListItem\",\"position\":1,\"name\":\"Accueil\",\"item\":\"https:\\\/\\\/srfb.be\\\/en\\\/\"},{\"@type\":\"ListItem\",\"position\":2,\"name\":\"Produkte\",\"item\":\"https:\\\/\\\/srfb.be\\\/de\\\/shop\\\/\"},{\"@type\":\"ListItem\",\"position\":3,\"name\":\"Chauves-souris et for\u00eat, des alli\u00e9s indispensables\"}]},{\"@type\":\"WebSite\",\"@id\":\"https:\\\/\\\/srfb.be\\\/#website\",\"url\":\"https:\\\/\\\/srfb.be\\\/\",\"name\":\"Soci\u00e9t\u00e9 Royale Foresti\u00e8re de Belgique\",\"description\":\"Au service de la for\u00eat et des forestiers\",\"publisher\":{\"@id\":\"https:\\\/\\\/srfb.be\\\/#organization\"},\"alternateName\":\"SRFB-KBBM\",\"potentialAction\":[{\"@type\":\"SearchAction\",\"target\":{\"@type\":\"EntryPoint\",\"urlTemplate\":\"https:\\\/\\\/srfb.be\\\/?s={search_term_string}\"},\"query-input\":{\"@type\":\"PropertyValueSpecification\",\"valueRequired\":true,\"valueName\":\"search_term_string\"}}],\"inLanguage\":\"nl-BE\"},{\"@type\":\"Organization\",\"@id\":\"https:\\\/\\\/srfb.be\\\/#organization\",\"name\":\"Soci\u00e9t\u00e9 Royale Foresti\u00e8re De Belgique - Koninklijke Belgische Bosbouwmaatschappij\",\"alternateName\":\"SRFB-KBBM\",\"url\":\"https:\\\/\\\/srfb.be\\\/\",\"logo\":{\"@type\":\"ImageObject\",\"inLanguage\":\"nl-BE\",\"@id\":\"https:\\\/\\\/srfb.be\\\/#\\\/schema\\\/logo\\\/image\\\/\",\"url\":\"https:\\\/\\\/srfb.be\\\/wp-content\\\/uploads\\\/2019\\\/06\\\/android-chrome-256x256.png\",\"contentUrl\":\"https:\\\/\\\/srfb.be\\\/wp-content\\\/uploads\\\/2019\\\/06\\\/android-chrome-256x256.png\",\"width\":1200,\"height\":1232,\"caption\":\"Soci\u00e9t\u00e9 Royale Foresti\u00e8re De Belgique - Koninklijke Belgische Bosbouwmaatschappij\"},\"image\":{\"@id\":\"https:\\\/\\\/srfb.be\\\/#\\\/schema\\\/logo\\\/image\\\/\"},\"sameAs\":[\"https:\\\/\\\/www.facebook.com\\\/srfb.be\",\"https:\\\/\\\/www.instagram.com\\\/srfb_kbbm\\\/\",\"https:\\\/\\\/www.linkedin.com\\\/company\\\/srfb-kbbm\\\/\",\"https:\\\/\\\/www.youtube.com\\\/user\\\/srfbkbbm\"]}]}<\/script>\n<!-- \/ Yoast SEO plugin. -->","yoast_head_json":{"title":"Vleermuizen en bossen, onmisbare bondgenoten - Koninklijk Belgisch Bosbeheer","robots":{"index":"index","follow":"follow","max-snippet":"max-snippet:-1","max-image-preview":"max-image-preview:large","max-video-preview":"max-video-preview:-1"},"canonical":"https:\/\/srfb.be\/nl\/forest-shop\/vleermuizen-en-bossen-onmisbare-bondgenoten\/","og_locale":"nl_BE","og_type":"article","og_title":"Chauves-souris et for\u00eat, des alli\u00e9s indispensables - Soci\u00e9t\u00e9 Royale Foresti\u00e8re de Belgique","og_description":"Parmi les nombreuses esp\u00e8ces animales et v\u00e9g\u00e9tales qu\u2019abritent nos for\u00eats, certaines sont particuli\u00e8rement discr\u00e8tes, voire invisibles du forestier et du promeneur : les chauves-souris ou chiropt\u00e8res. Ces mammif\u00e8res volants, nocturnes, aux m\u0153urs tr\u00e8s particuli\u00e8res sont pourtant bien souvent pr\u00e9sents dans les for\u00eats sans m\u00eame qu\u2019on en ait conscience. Des esp\u00e8ces plus ou moins foresti\u00e8res, mais qui toutes fr\u00e9quentent ce milieu au cours de leur vie.  Ce guide complet pr\u00e9sente le monde myst\u00e9rieux et m\u00e9connu des chauves-souris. La trentaine d\u2019esp\u00e8ces foresti\u00e8res pr\u00e9sentes en France est d\u00e9taill\u00e9e ainsi que leur mode de vie.  L\u2019originalit\u00e9 de ce guide r\u00e9side dans les conseils de gestion pour favoriser ces mammif\u00e8res, avec des retours d\u2019exp\u00e9riences.  Une brochure indispensable pour mieux connaitre et prot\u00e9ger ces esp\u00e8ces fragiles.  21 cm x 29 cm, 64 pages","og_url":"https:\/\/srfb.be\/nl\/forest-shop\/vleermuizen-en-bossen-onmisbare-bondgenoten\/","og_site_name":"Soci\u00e9t\u00e9 Royale Foresti\u00e8re de Belgique","article_publisher":"https:\/\/www.facebook.com\/srfb.be","article_modified_time":"2026-03-03T16:00:28+00:00","og_image":[{"width":1204,"height":1705,"url":"https:\/\/srfb.be\/wp-content\/uploads\/2024\/02\/Chauvessouris.jpg","type":"image\/jpeg"}],"schema":{"@context":"https:\/\/schema.org","@graph":[{"@type":"WebPage","@id":"https:\/\/srfb.be\/forest-shop\/chauves-souris-et-foret-des-allies-indispensables\/","url":"https:\/\/srfb.be\/forest-shop\/chauves-souris-et-foret-des-allies-indispensables\/","name":"Vleermuizen en bossen, onmisbare bondgenoten - Koninklijk Belgisch Bosbeheer","isPartOf":{"@id":"https:\/\/srfb.be\/#website"},"primaryImageOfPage":{"@id":"https:\/\/srfb.be\/forest-shop\/chauves-souris-et-foret-des-allies-indispensables\/#primaryimage"},"image":{"@id":"https:\/\/srfb.be\/forest-shop\/chauves-souris-et-foret-des-allies-indispensables\/#primaryimage"},"thumbnailUrl":"https:\/\/srfb.be\/wp-content\/uploads\/2024\/02\/Chauvessouris.jpg","datePublished":"2024-02-01T13:47:40+00:00","dateModified":"2026-03-03T16:00:28+00:00","breadcrumb":{"@id":"https:\/\/srfb.be\/forest-shop\/chauves-souris-et-foret-des-allies-indispensables\/#breadcrumb"},"inLanguage":"nl-BE","potentialAction":[{"@type":"ReadAction","target":["https:\/\/srfb.be\/forest-shop\/chauves-souris-et-foret-des-allies-indispensables\/"]}]},{"@type":"ImageObject","inLanguage":"nl-BE","@id":"https:\/\/srfb.be\/forest-shop\/chauves-souris-et-foret-des-allies-indispensables\/#primaryimage","url":"https:\/\/srfb.be\/wp-content\/uploads\/2024\/02\/Chauvessouris.jpg","contentUrl":"https:\/\/srfb.be\/wp-content\/uploads\/2024\/02\/Chauvessouris.jpg","width":1204,"height":1705,"caption":"Chauves-souris et for\u00eat"},{"@type":"BreadcrumbList","@id":"https:\/\/srfb.be\/forest-shop\/chauves-souris-et-foret-des-allies-indispensables\/#breadcrumb","itemListElement":[{"@type":"ListItem","position":1,"name":"Accueil","item":"https:\/\/srfb.be\/en\/"},{"@type":"ListItem","position":2,"name":"Produkte","item":"https:\/\/srfb.be\/de\/shop\/"},{"@type":"ListItem","position":3,"name":"Chauves-souris et for\u00eat, des alli\u00e9s indispensables"}]},{"@type":"WebSite","@id":"https:\/\/srfb.be\/#website","url":"https:\/\/srfb.be\/","name":"Koninklijke Belgische Bosbouwmaatschappij","description":"Ten dienste van het bos en de bosbouwers","publisher":{"@id":"https:\/\/srfb.be\/#organization"},"alternateName":"SRFB-KBBM","potentialAction":[{"@type":"SearchAction","target":{"@type":"EntryPoint","urlTemplate":"https:\/\/srfb.be\/?s={search_term_string}"},"query-input":{"@type":"PropertyValueSpecification","valueRequired":true,"valueName":"search_term_string"}}],"inLanguage":"nl-BE"},{"@type":"Organization","@id":"https:\/\/srfb.be\/#organization","name":"Soci\u00e9t\u00e9 Royale Foresti\u00e8re De Belgique - Koninklijke Belgische Bosbouwmaatschappij","alternateName":"SRFB-KBBM","url":"https:\/\/srfb.be\/","logo":{"@type":"ImageObject","inLanguage":"nl-BE","@id":"https:\/\/srfb.be\/#\/schema\/logo\/image\/","url":"https:\/\/srfb.be\/wp-content\/uploads\/2019\/06\/android-chrome-256x256.png","contentUrl":"https:\/\/srfb.be\/wp-content\/uploads\/2019\/06\/android-chrome-256x256.png","width":1200,"height":1232,"caption":"Soci\u00e9t\u00e9 Royale Foresti\u00e8re De Belgique - Koninklijke Belgische Bosbouwmaatschappij"},"image":{"@id":"https:\/\/srfb.be\/#\/schema\/logo\/image\/"},"sameAs":["https:\/\/www.facebook.com\/srfb.be","https:\/\/www.instagram.com\/srfb_kbbm\/","https:\/\/www.linkedin.com\/company\/srfb-kbbm\/","https:\/\/www.youtube.com\/user\/srfbkbbm"]}]}},"_links":{"self":[{"href":"https:\/\/srfb.be\/nl\/wp-json\/wp\/v2\/product\/34997","targetHints":{"allow":["GET"]}}],"collection":[{"href":"https:\/\/srfb.be\/nl\/wp-json\/wp\/v2\/product"}],"about":[{"href":"https:\/\/srfb.be\/nl\/wp-json\/wp\/v2\/types\/product"}],"replies":[{"embeddable":true,"href":"https:\/\/srfb.be\/nl\/wp-json\/wp\/v2\/comments?post=34997"}],"wp:featuredmedia":[{"embeddable":true,"href":"https:\/\/srfb.be\/nl\/wp-json\/wp\/v2\/media\/34996"}],"wp:attachment":[{"href":"https:\/\/srfb.be\/nl\/wp-json\/wp\/v2\/media?parent=34997"}],"wp:term":[{"taxonomy":"product_brand","embeddable":true,"href":"https:\/\/srfb.be\/nl\/wp-json\/wp\/v2\/product_brand?post=34997"},{"taxonomy":"product_cat","embeddable":true,"href":"https:\/\/srfb.be\/nl\/wp-json\/wp\/v2\/product_cat?post=34997"},{"taxonomy":"product_tag","embeddable":true,"href":"https:\/\/srfb.be\/nl\/wp-json\/wp\/v2\/product_tag?post=34997"}],"curies":[{"name":"wp","href":"https:\/\/api.w.org\/{rel}","templated":true}]}}