{"id":17976,"date":"2021-06-08T10:03:39","date_gmt":"2021-06-08T08:03:39","guid":{"rendered":"https:\/\/srfb.be\/?post_type=product&#038;p=17976"},"modified":"2024-10-22T15:48:22","modified_gmt":"2024-10-22T13:48:22","slug":"faune-et-flore-de-la-foret-de-soignes","status":"publish","type":"product","link":"https:\/\/srfb.be\/nl\/forest-shop\/faune-et-flore-de-la-foret-de-soignes\/","title":{"rendered":"Fauna en flora van het Zoni\u00ebnwoud"},"content":{"rendered":"","protected":false},"excerpt":{"rendered":"","protected":false},"featured_media":17985,"comment_status":"open","ping_status":"closed","template":"","meta":{"iawp_total_views":30},"product_brand":[],"product_cat":[691,689,690],"product_tag":[],"class_list":{"0":"post-17976","1":"product","2":"type-product","3":"status-publish","4":"has-post-thumbnail","6":"product_cat-biodiversite","7":"product_cat-foret-de-soignes","8":"product_cat-livres-illustres","10":"first","11":"outofstock","12":"shipping-taxable","13":"product-type-variable","14":"has-default-attributes"},"yoast_head":"<!-- This site is optimized with the Yoast SEO plugin v27.4 - https:\/\/yoast.com\/product\/yoast-seo-wordpress\/ -->\n<title>Faune et flore de la for\u00eat de Soignes - SRFB<\/title>\n<meta name=\"description\" content=\"Les planches sont illustr\u00e9es de magnifiques photographies des habitats et de centaines d\u2019illustrations des esp\u00e8ces r\u00e9alis\u00e9es par un c\u00e9l\u00e8bre illustrateur.\" \/>\n<meta name=\"robots\" content=\"index, follow, max-snippet:-1, max-image-preview:large, max-video-preview:-1\" \/>\n<link rel=\"canonical\" href=\"https:\/\/srfb.be\/nl\/forest-shop\/faune-et-flore-de-la-foret-de-soignes\/\" \/>\n<meta property=\"og:locale\" content=\"nl_BE\" \/>\n<meta property=\"og:type\" content=\"article\" \/>\n<meta property=\"og:title\" content=\"Faune et flore de la for\u00eat de Soignes - SRFB\" \/>\n<meta property=\"og:description\" content=\"Les planches sont illustr\u00e9es de magnifiques photographies des habitats et de centaines d\u2019illustrations des esp\u00e8ces r\u00e9alis\u00e9es par un c\u00e9l\u00e8bre illustrateur.\" \/>\n<meta property=\"og:url\" content=\"https:\/\/srfb.be\/nl\/forest-shop\/faune-et-flore-de-la-foret-de-soignes\/\" \/>\n<meta property=\"og:site_name\" content=\"Soci\u00e9t\u00e9 Royale Foresti\u00e8re de Belgique\" \/>\n<meta property=\"article:publisher\" content=\"https:\/\/www.facebook.com\/srfb.be\" \/>\n<meta property=\"article:modified_time\" content=\"2024-10-22T13:48:22+00:00\" \/>\n<meta property=\"og:image\" content=\"https:\/\/srfb.be\/wp-content\/uploads\/2021\/06\/proxy-image.jpg\" \/>\n\t<meta property=\"og:image:width\" content=\"461\" \/>\n\t<meta property=\"og:image:height\" content=\"716\" \/>\n\t<meta property=\"og:image:type\" content=\"image\/jpeg\" \/>\n<script type=\"application\/ld+json\" class=\"yoast-schema-graph\">{\"@context\":\"https:\\\/\\\/schema.org\",\"@graph\":[{\"@type\":\"WebPage\",\"@id\":\"https:\\\/\\\/srfb.be\\\/de\\\/forest-shop\\\/faune-et-flore-de-la-foret-de-soignes\\\/\",\"url\":\"https:\\\/\\\/srfb.be\\\/de\\\/forest-shop\\\/faune-et-flore-de-la-foret-de-soignes\\\/\",\"name\":\"Faune et flore de la for\u00eat de Soignes - SRFB\",\"isPartOf\":{\"@id\":\"https:\\\/\\\/kbbm.be\\\/en\\\/#website\"},\"primaryImageOfPage\":{\"@id\":\"https:\\\/\\\/srfb.be\\\/de\\\/forest-shop\\\/faune-et-flore-de-la-foret-de-soignes\\\/#primaryimage\"},\"image\":{\"@id\":\"https:\\\/\\\/srfb.be\\\/de\\\/forest-shop\\\/faune-et-flore-de-la-foret-de-soignes\\\/#primaryimage\"},\"thumbnailUrl\":\"https:\\\/\\\/srfb.be\\\/wp-content\\\/uploads\\\/2021\\\/06\\\/proxy-image.jpg\",\"datePublished\":\"2021-06-08T08:03:39+00:00\",\"dateModified\":\"2024-10-22T13:48:22+00:00\",\"description\":\"Les planches sont illustr\u00e9es de magnifiques photographies des habitats et de centaines d\u2019illustrations des esp\u00e8ces r\u00e9alis\u00e9es par un c\u00e9l\u00e8bre illustrateur.\",\"breadcrumb\":{\"@id\":\"https:\\\/\\\/srfb.be\\\/de\\\/forest-shop\\\/faune-et-flore-de-la-foret-de-soignes\\\/#breadcrumb\"},\"inLanguage\":\"nl-BE\",\"potentialAction\":[{\"@type\":\"ReadAction\",\"target\":[\"https:\\\/\\\/srfb.be\\\/de\\\/forest-shop\\\/faune-et-flore-de-la-foret-de-soignes\\\/\"]}]},{\"@type\":\"ImageObject\",\"inLanguage\":\"nl-BE\",\"@id\":\"https:\\\/\\\/srfb.be\\\/de\\\/forest-shop\\\/faune-et-flore-de-la-foret-de-soignes\\\/#primaryimage\",\"url\":\"https:\\\/\\\/srfb.be\\\/wp-content\\\/uploads\\\/2021\\\/06\\\/proxy-image.jpg\",\"contentUrl\":\"https:\\\/\\\/srfb.be\\\/wp-content\\\/uploads\\\/2021\\\/06\\\/proxy-image.jpg\",\"width\":461,\"height\":716,\"caption\":\"Faune et Flore de Soignes\"},{\"@type\":\"BreadcrumbList\",\"@id\":\"https:\\\/\\\/srfb.be\\\/de\\\/forest-shop\\\/faune-et-flore-de-la-foret-de-soignes\\\/#breadcrumb\",\"itemListElement\":[{\"@type\":\"ListItem\",\"position\":1,\"name\":\"Accueil\",\"item\":\"https:\\\/\\\/kbbm.be\\\/en\\\/\"},{\"@type\":\"ListItem\",\"position\":2,\"name\":\"Produits\",\"item\":\"https:\\\/\\\/srfb.be\\\/shop\\\/\"},{\"@type\":\"ListItem\",\"position\":3,\"name\":\"Faune et flore de la for\u00eat de Soignes\"}]},{\"@type\":\"WebSite\",\"@id\":\"https:\\\/\\\/kbbm.be\\\/en\\\/#website\",\"url\":\"https:\\\/\\\/kbbm.be\\\/en\\\/\",\"name\":\"Soci\u00e9t\u00e9 Royale Foresti\u00e8re de Belgique\",\"description\":\"Au service de la for\u00eat et des forestiers\",\"publisher\":{\"@id\":\"https:\\\/\\\/kbbm.be\\\/en\\\/#organization\"},\"alternateName\":\"SRFB-KBBM\",\"potentialAction\":[{\"@type\":\"SearchAction\",\"target\":{\"@type\":\"EntryPoint\",\"urlTemplate\":\"https:\\\/\\\/kbbm.be\\\/en\\\/?s={search_term_string}\"},\"query-input\":{\"@type\":\"PropertyValueSpecification\",\"valueRequired\":true,\"valueName\":\"search_term_string\"}}],\"inLanguage\":\"nl-BE\"},{\"@type\":\"Organization\",\"@id\":\"https:\\\/\\\/kbbm.be\\\/en\\\/#organization\",\"name\":\"Soci\u00e9t\u00e9 Royale Foresti\u00e8re De Belgique - Koninklijke Belgische Bosbouwmaatschappij\",\"alternateName\":\"SRFB-KBBM\",\"url\":\"https:\\\/\\\/kbbm.be\\\/en\\\/\",\"logo\":{\"@type\":\"ImageObject\",\"inLanguage\":\"nl-BE\",\"@id\":\"https:\\\/\\\/kbbm.be\\\/en\\\/#\\\/schema\\\/logo\\\/image\\\/\",\"url\":\"https:\\\/\\\/srfb.be\\\/wp-content\\\/uploads\\\/2019\\\/06\\\/android-chrome-256x256.png\",\"contentUrl\":\"https:\\\/\\\/srfb.be\\\/wp-content\\\/uploads\\\/2019\\\/06\\\/android-chrome-256x256.png\",\"width\":1200,\"height\":1232,\"caption\":\"Soci\u00e9t\u00e9 Royale Foresti\u00e8re De Belgique - Koninklijke Belgische Bosbouwmaatschappij\"},\"image\":{\"@id\":\"https:\\\/\\\/kbbm.be\\\/en\\\/#\\\/schema\\\/logo\\\/image\\\/\"},\"sameAs\":[\"https:\\\/\\\/www.facebook.com\\\/srfb.be\",\"https:\\\/\\\/www.instagram.com\\\/srfb_kbbm\\\/\",\"https:\\\/\\\/www.linkedin.com\\\/company\\\/srfb-kbbm\\\/\",\"https:\\\/\\\/www.youtube.com\\\/user\\\/srfbkbbm\"]}]}<\/script>\n<!-- \/ Yoast SEO plugin. -->","yoast_head_json":{"title":"Fauna en flora van het Zoni\u00ebnwoud - SRFB","description":"De platen zijn ge\u00efllustreerd met prachtige foto's van de habitats en honderden illustraties van de soorten door een beroemde illustrator.","robots":{"index":"index","follow":"follow","max-snippet":"max-snippet:-1","max-image-preview":"max-image-preview:large","max-video-preview":"max-video-preview:-1"},"canonical":"https:\/\/srfb.be\/nl\/forest-shop\/faune-et-flore-de-la-foret-de-soignes\/","og_locale":"nl_BE","og_type":"article","og_title":"Faune et flore de la for\u00eat de Soignes - SRFB","og_description":"Les planches sont illustr\u00e9es de magnifiques photographies des habitats et de centaines d\u2019illustrations des esp\u00e8ces r\u00e9alis\u00e9es par un c\u00e9l\u00e8bre illustrateur.","og_url":"https:\/\/srfb.be\/nl\/forest-shop\/faune-et-flore-de-la-foret-de-soignes\/","og_site_name":"Soci\u00e9t\u00e9 Royale Foresti\u00e8re de Belgique","article_publisher":"https:\/\/www.facebook.com\/srfb.be","article_modified_time":"2024-10-22T13:48:22+00:00","og_image":[{"width":461,"height":716,"url":"https:\/\/srfb.be\/wp-content\/uploads\/2021\/06\/proxy-image.jpg","type":"image\/jpeg"}],"schema":{"@context":"https:\/\/schema.org","@graph":[{"@type":"WebPage","@id":"https:\/\/srfb.be\/de\/forest-shop\/faune-et-flore-de-la-foret-de-soignes\/","url":"https:\/\/srfb.be\/de\/forest-shop\/faune-et-flore-de-la-foret-de-soignes\/","name":"Fauna en flora van het Zoni\u00ebnwoud - SRFB","isPartOf":{"@id":"https:\/\/kbbm.be\/en\/#website"},"primaryImageOfPage":{"@id":"https:\/\/srfb.be\/de\/forest-shop\/faune-et-flore-de-la-foret-de-soignes\/#primaryimage"},"image":{"@id":"https:\/\/srfb.be\/de\/forest-shop\/faune-et-flore-de-la-foret-de-soignes\/#primaryimage"},"thumbnailUrl":"https:\/\/srfb.be\/wp-content\/uploads\/2021\/06\/proxy-image.jpg","datePublished":"2021-06-08T08:03:39+00:00","dateModified":"2024-10-22T13:48:22+00:00","description":"De platen zijn ge\u00efllustreerd met prachtige foto's van de habitats en honderden illustraties van de soorten door een beroemde illustrator.","breadcrumb":{"@id":"https:\/\/srfb.be\/de\/forest-shop\/faune-et-flore-de-la-foret-de-soignes\/#breadcrumb"},"inLanguage":"nl-BE","potentialAction":[{"@type":"ReadAction","target":["https:\/\/srfb.be\/de\/forest-shop\/faune-et-flore-de-la-foret-de-soignes\/"]}]},{"@type":"ImageObject","inLanguage":"nl-BE","@id":"https:\/\/srfb.be\/de\/forest-shop\/faune-et-flore-de-la-foret-de-soignes\/#primaryimage","url":"https:\/\/srfb.be\/wp-content\/uploads\/2021\/06\/proxy-image.jpg","contentUrl":"https:\/\/srfb.be\/wp-content\/uploads\/2021\/06\/proxy-image.jpg","width":461,"height":716,"caption":"Faune et Flore de Soignes"},{"@type":"BreadcrumbList","@id":"https:\/\/srfb.be\/de\/forest-shop\/faune-et-flore-de-la-foret-de-soignes\/#breadcrumb","itemListElement":[{"@type":"ListItem","position":1,"name":"Accueil","item":"https:\/\/kbbm.be\/en\/"},{"@type":"ListItem","position":2,"name":"Produits","item":"https:\/\/srfb.be\/shop\/"},{"@type":"ListItem","position":3,"name":"Faune et flore de la for\u00eat de Soignes"}]},{"@type":"WebSite","@id":"https:\/\/kbbm.be\/en\/#website","url":"https:\/\/kbbm.be\/en\/","name":"Koninklijke Belgische Bosbouwmaatschappij","description":"Ten dienste van het bos en de bosbouwers","publisher":{"@id":"https:\/\/kbbm.be\/en\/#organization"},"alternateName":"SRFB-KBBM","potentialAction":[{"@type":"SearchAction","target":{"@type":"EntryPoint","urlTemplate":"https:\/\/kbbm.be\/en\/?s={search_term_string}"},"query-input":{"@type":"PropertyValueSpecification","valueRequired":true,"valueName":"search_term_string"}}],"inLanguage":"nl-BE"},{"@type":"Organization","@id":"https:\/\/kbbm.be\/en\/#organization","name":"Soci\u00e9t\u00e9 Royale Foresti\u00e8re De Belgique - Koninklijke Belgische Bosbouwmaatschappij","alternateName":"SRFB-KBBM","url":"https:\/\/kbbm.be\/en\/","logo":{"@type":"ImageObject","inLanguage":"nl-BE","@id":"https:\/\/kbbm.be\/en\/#\/schema\/logo\/image\/","url":"https:\/\/srfb.be\/wp-content\/uploads\/2019\/06\/android-chrome-256x256.png","contentUrl":"https:\/\/srfb.be\/wp-content\/uploads\/2019\/06\/android-chrome-256x256.png","width":1200,"height":1232,"caption":"Soci\u00e9t\u00e9 Royale Foresti\u00e8re De Belgique - Koninklijke Belgische Bosbouwmaatschappij"},"image":{"@id":"https:\/\/kbbm.be\/en\/#\/schema\/logo\/image\/"},"sameAs":["https:\/\/www.facebook.com\/srfb.be","https:\/\/www.instagram.com\/srfb_kbbm\/","https:\/\/www.linkedin.com\/company\/srfb-kbbm\/","https:\/\/www.youtube.com\/user\/srfbkbbm"]}]}},"_links":{"self":[{"href":"https:\/\/srfb.be\/nl\/wp-json\/wp\/v2\/product\/17976","targetHints":{"allow":["GET"]}}],"collection":[{"href":"https:\/\/srfb.be\/nl\/wp-json\/wp\/v2\/product"}],"about":[{"href":"https:\/\/srfb.be\/nl\/wp-json\/wp\/v2\/types\/product"}],"replies":[{"embeddable":true,"href":"https:\/\/srfb.be\/nl\/wp-json\/wp\/v2\/comments?post=17976"}],"wp:featuredmedia":[{"embeddable":true,"href":"https:\/\/srfb.be\/nl\/wp-json\/wp\/v2\/media\/17985"}],"wp:attachment":[{"href":"https:\/\/srfb.be\/nl\/wp-json\/wp\/v2\/media?parent=17976"}],"wp:term":[{"taxonomy":"product_brand","embeddable":true,"href":"https:\/\/srfb.be\/nl\/wp-json\/wp\/v2\/product_brand?post=17976"},{"taxonomy":"product_cat","embeddable":true,"href":"https:\/\/srfb.be\/nl\/wp-json\/wp\/v2\/product_cat?post=17976"},{"taxonomy":"product_tag","embeddable":true,"href":"https:\/\/srfb.be\/nl\/wp-json\/wp\/v2\/product_tag?post=17976"}],"curies":[{"name":"wp","href":"https:\/\/api.w.org\/{rel}","templated":true}]}}