{"id":16364,"date":"2021-04-02T18:16:58","date_gmt":"2021-04-02T16:16:58","guid":{"rendered":"https:\/\/www.srfb.be\/?post_type=product&#038;p=16364"},"modified":"2026-03-03T17:21:12","modified_gmt":"2026-03-03T16:21:12","slug":"guide-des-ecorces-des-arbres-deurope","status":"publish","type":"product","link":"https:\/\/srfb.be\/nl\/forest-shop\/guide-des-ecorces-des-arbres-deurope\/","title":{"rendered":"Gids voor Europese boomschors"},"content":{"rendered":"","protected":false},"excerpt":{"rendered":"<p>Hoewel het vrij eenvoudig is om een boom te herkennen aan zijn bloemen, knoppen, bladeren of naalden, is het veel lastiger om hem alleen aan zijn bast te herkennen.<\/p>\n<p>De moeilijkheid wordt nog groter als het gaat om het onderscheid tussen twee soorten die tot hetzelfde geslacht behoren: om bijvoorbeeld te kunnen zeggen of je je in de aanwezigheid van een zomereik of een wintereik, een cembroden of een Oostenrijkse zwarte den bevindt, is een hachelijke taak.<\/p>\n<p>In dit boek is gekozen voor een groot aantal foto's van elke soort op verschillende locaties en op verschillende leeftijden (jong, volwassen en oud). Aan de hand van deze foto's kan de oplettende waarnemer die al redelijk ervaren is bijna zeker de boom identificeren die hem interesseert.<\/p>\n<p><strong>13 cm x 21cm, 256 pagina's<\/strong><strong>\u00a0<\/strong><\/p>\n<div id=\"ConnectiveDocSignExtentionInstalled\" data-extension-version=\"1.0.4\"><\/div>","protected":false},"featured_media":16369,"comment_status":"open","ping_status":"closed","template":"","meta":{"iawp_total_views":258},"product_brand":[],"product_cat":[690,688,314],"product_tag":[],"class_list":{"0":"post-16364","1":"product","2":"type-product","3":"status-publish","4":"has-post-thumbnail","6":"product_cat-livres-illustres","7":"product_cat-sante-des-forets","8":"product_cat-sylviculture","10":"first","11":"instock","12":"shipping-taxable","13":"purchasable","14":"product-type-simple"},"yoast_head":"<!-- This site is optimized with the Yoast SEO plugin v27.4 - https:\/\/yoast.com\/product\/yoast-seo-wordpress\/ -->\n<title>Guide des \u00e9corces des arbres d&#039;Europe - SRFB<\/title>\n<meta name=\"description\" content=\"L\u2019identification au seul vu de l\u2019\u00e9corce est plus d\u00e9licate. Le parti pris de cet ouvrage est de proposer un grand nombre de photographies.\" \/>\n<meta name=\"robots\" content=\"index, follow, max-snippet:-1, max-image-preview:large, max-video-preview:-1\" \/>\n<link rel=\"canonical\" href=\"https:\/\/srfb.be\/nl\/forest-shop\/guide-des-ecorces-des-arbres-deurope\/\" \/>\n<meta property=\"og:locale\" content=\"nl_BE\" \/>\n<meta property=\"og:type\" content=\"article\" \/>\n<meta property=\"og:title\" content=\"Guide des \u00e9corces des arbres d&#039;Europe - SRFB\" \/>\n<meta property=\"og:description\" content=\"L\u2019identification au seul vu de l\u2019\u00e9corce est plus d\u00e9licate. Le parti pris de cet ouvrage est de proposer un grand nombre de photographies.\" \/>\n<meta property=\"og:url\" content=\"https:\/\/srfb.be\/nl\/forest-shop\/guide-des-ecorces-des-arbres-deurope\/\" \/>\n<meta property=\"og:site_name\" content=\"Soci\u00e9t\u00e9 Royale Foresti\u00e8re de Belgique\" \/>\n<meta property=\"article:publisher\" content=\"https:\/\/www.facebook.com\/srfb.be\" \/>\n<meta property=\"article:modified_time\" content=\"2026-03-03T16:21:12+00:00\" \/>\n<meta property=\"og:image\" content=\"https:\/\/srfb.be\/wp-content\/uploads\/2021\/04\/Guide-des-\u00e9corces.jpg\" \/>\n\t<meta property=\"og:image:width\" content=\"1052\" \/>\n\t<meta property=\"og:image:height\" content=\"1700\" \/>\n\t<meta property=\"og:image:type\" content=\"image\/jpeg\" \/>\n<script type=\"application\/ld+json\" class=\"yoast-schema-graph\">{\"@context\":\"https:\\\/\\\/schema.org\",\"@graph\":[{\"@type\":\"WebPage\",\"@id\":\"https:\\\/\\\/srfb.be\\\/nl\\\/forest-shop\\\/guide-des-ecorces-des-arbres-deurope\\\/\",\"url\":\"https:\\\/\\\/srfb.be\\\/nl\\\/forest-shop\\\/guide-des-ecorces-des-arbres-deurope\\\/\",\"name\":\"Guide des \u00e9corces des arbres d'Europe - SRFB\",\"isPartOf\":{\"@id\":\"https:\\\/\\\/kbbm.be\\\/en\\\/#website\"},\"primaryImageOfPage\":{\"@id\":\"https:\\\/\\\/srfb.be\\\/nl\\\/forest-shop\\\/guide-des-ecorces-des-arbres-deurope\\\/#primaryimage\"},\"image\":{\"@id\":\"https:\\\/\\\/srfb.be\\\/nl\\\/forest-shop\\\/guide-des-ecorces-des-arbres-deurope\\\/#primaryimage\"},\"thumbnailUrl\":\"https:\\\/\\\/srfb.be\\\/wp-content\\\/uploads\\\/2021\\\/04\\\/Guide-des-\u00e9corces.jpg\",\"datePublished\":\"2021-04-02T16:16:58+00:00\",\"dateModified\":\"2026-03-03T16:21:12+00:00\",\"description\":\"L\u2019identification au seul vu de l\u2019\u00e9corce est plus d\u00e9licate. Le parti pris de cet ouvrage est de proposer un grand nombre de photographies.\",\"breadcrumb\":{\"@id\":\"https:\\\/\\\/srfb.be\\\/nl\\\/forest-shop\\\/guide-des-ecorces-des-arbres-deurope\\\/#breadcrumb\"},\"inLanguage\":\"nl-BE\",\"potentialAction\":[{\"@type\":\"ReadAction\",\"target\":[\"https:\\\/\\\/srfb.be\\\/nl\\\/forest-shop\\\/guide-des-ecorces-des-arbres-deurope\\\/\"]}]},{\"@type\":\"ImageObject\",\"inLanguage\":\"nl-BE\",\"@id\":\"https:\\\/\\\/srfb.be\\\/nl\\\/forest-shop\\\/guide-des-ecorces-des-arbres-deurope\\\/#primaryimage\",\"url\":\"https:\\\/\\\/srfb.be\\\/wp-content\\\/uploads\\\/2021\\\/04\\\/Guide-des-\u00e9corces.jpg\",\"contentUrl\":\"https:\\\/\\\/srfb.be\\\/wp-content\\\/uploads\\\/2021\\\/04\\\/Guide-des-\u00e9corces.jpg\",\"width\":1052,\"height\":1700},{\"@type\":\"BreadcrumbList\",\"@id\":\"https:\\\/\\\/srfb.be\\\/nl\\\/forest-shop\\\/guide-des-ecorces-des-arbres-deurope\\\/#breadcrumb\",\"itemListElement\":[{\"@type\":\"ListItem\",\"position\":1,\"name\":\"Accueil\",\"item\":\"https:\\\/\\\/kbbm.be\\\/en\\\/\"},{\"@type\":\"ListItem\",\"position\":2,\"name\":\"Produits\",\"item\":\"https:\\\/\\\/srfb.be\\\/shop\\\/\"},{\"@type\":\"ListItem\",\"position\":3,\"name\":\"Guide des \u00e9corces des arbres d&rsquo;Europe\"}]},{\"@type\":\"WebSite\",\"@id\":\"https:\\\/\\\/kbbm.be\\\/en\\\/#website\",\"url\":\"https:\\\/\\\/kbbm.be\\\/en\\\/\",\"name\":\"Soci\u00e9t\u00e9 Royale Foresti\u00e8re de Belgique\",\"description\":\"Au service de la for\u00eat et des forestiers\",\"publisher\":{\"@id\":\"https:\\\/\\\/kbbm.be\\\/en\\\/#organization\"},\"alternateName\":\"SRFB-KBBM\",\"potentialAction\":[{\"@type\":\"SearchAction\",\"target\":{\"@type\":\"EntryPoint\",\"urlTemplate\":\"https:\\\/\\\/kbbm.be\\\/en\\\/?s={search_term_string}\"},\"query-input\":{\"@type\":\"PropertyValueSpecification\",\"valueRequired\":true,\"valueName\":\"search_term_string\"}}],\"inLanguage\":\"nl-BE\"},{\"@type\":\"Organization\",\"@id\":\"https:\\\/\\\/kbbm.be\\\/en\\\/#organization\",\"name\":\"Soci\u00e9t\u00e9 Royale Foresti\u00e8re De Belgique - Koninklijke Belgische Bosbouwmaatschappij\",\"alternateName\":\"SRFB-KBBM\",\"url\":\"https:\\\/\\\/kbbm.be\\\/en\\\/\",\"logo\":{\"@type\":\"ImageObject\",\"inLanguage\":\"nl-BE\",\"@id\":\"https:\\\/\\\/kbbm.be\\\/en\\\/#\\\/schema\\\/logo\\\/image\\\/\",\"url\":\"https:\\\/\\\/srfb.be\\\/wp-content\\\/uploads\\\/2019\\\/06\\\/android-chrome-256x256.png\",\"contentUrl\":\"https:\\\/\\\/srfb.be\\\/wp-content\\\/uploads\\\/2019\\\/06\\\/android-chrome-256x256.png\",\"width\":1200,\"height\":1232,\"caption\":\"Soci\u00e9t\u00e9 Royale Foresti\u00e8re De Belgique - Koninklijke Belgische Bosbouwmaatschappij\"},\"image\":{\"@id\":\"https:\\\/\\\/kbbm.be\\\/en\\\/#\\\/schema\\\/logo\\\/image\\\/\"},\"sameAs\":[\"https:\\\/\\\/www.facebook.com\\\/srfb.be\",\"https:\\\/\\\/www.instagram.com\\\/srfb_kbbm\\\/\",\"https:\\\/\\\/www.linkedin.com\\\/company\\\/srfb-kbbm\\\/\",\"https:\\\/\\\/www.youtube.com\\\/user\\\/srfbkbbm\"]}]}<\/script>\n<!-- \/ Yoast SEO plugin. -->","yoast_head_json":{"title":"Gids voor Europese boomschors - SRFB","description":"Identificatie aan de hand van de schors alleen is moeilijker. Het doel van dit boek is om een groot aantal foto's te geven.","robots":{"index":"index","follow":"follow","max-snippet":"max-snippet:-1","max-image-preview":"max-image-preview:large","max-video-preview":"max-video-preview:-1"},"canonical":"https:\/\/srfb.be\/nl\/forest-shop\/guide-des-ecorces-des-arbres-deurope\/","og_locale":"nl_BE","og_type":"article","og_title":"Guide des \u00e9corces des arbres d'Europe - SRFB","og_description":"L\u2019identification au seul vu de l\u2019\u00e9corce est plus d\u00e9licate. Le parti pris de cet ouvrage est de proposer un grand nombre de photographies.","og_url":"https:\/\/srfb.be\/nl\/forest-shop\/guide-des-ecorces-des-arbres-deurope\/","og_site_name":"Soci\u00e9t\u00e9 Royale Foresti\u00e8re de Belgique","article_publisher":"https:\/\/www.facebook.com\/srfb.be","article_modified_time":"2026-03-03T16:21:12+00:00","og_image":[{"width":1052,"height":1700,"url":"https:\/\/srfb.be\/wp-content\/uploads\/2021\/04\/Guide-des-\u00e9corces.jpg","type":"image\/jpeg"}],"schema":{"@context":"https:\/\/schema.org","@graph":[{"@type":"WebPage","@id":"https:\/\/srfb.be\/nl\/forest-shop\/guide-des-ecorces-des-arbres-deurope\/","url":"https:\/\/srfb.be\/nl\/forest-shop\/guide-des-ecorces-des-arbres-deurope\/","name":"Gids voor Europese boomschors - SRFB","isPartOf":{"@id":"https:\/\/kbbm.be\/en\/#website"},"primaryImageOfPage":{"@id":"https:\/\/srfb.be\/nl\/forest-shop\/guide-des-ecorces-des-arbres-deurope\/#primaryimage"},"image":{"@id":"https:\/\/srfb.be\/nl\/forest-shop\/guide-des-ecorces-des-arbres-deurope\/#primaryimage"},"thumbnailUrl":"https:\/\/srfb.be\/wp-content\/uploads\/2021\/04\/Guide-des-\u00e9corces.jpg","datePublished":"2021-04-02T16:16:58+00:00","dateModified":"2026-03-03T16:21:12+00:00","description":"Identificatie aan de hand van de schors alleen is moeilijker. Het doel van dit boek is om een groot aantal foto's te geven.","breadcrumb":{"@id":"https:\/\/srfb.be\/nl\/forest-shop\/guide-des-ecorces-des-arbres-deurope\/#breadcrumb"},"inLanguage":"nl-BE","potentialAction":[{"@type":"ReadAction","target":["https:\/\/srfb.be\/nl\/forest-shop\/guide-des-ecorces-des-arbres-deurope\/"]}]},{"@type":"ImageObject","inLanguage":"nl-BE","@id":"https:\/\/srfb.be\/nl\/forest-shop\/guide-des-ecorces-des-arbres-deurope\/#primaryimage","url":"https:\/\/srfb.be\/wp-content\/uploads\/2021\/04\/Guide-des-\u00e9corces.jpg","contentUrl":"https:\/\/srfb.be\/wp-content\/uploads\/2021\/04\/Guide-des-\u00e9corces.jpg","width":1052,"height":1700},{"@type":"BreadcrumbList","@id":"https:\/\/srfb.be\/nl\/forest-shop\/guide-des-ecorces-des-arbres-deurope\/#breadcrumb","itemListElement":[{"@type":"ListItem","position":1,"name":"Accueil","item":"https:\/\/kbbm.be\/en\/"},{"@type":"ListItem","position":2,"name":"Produits","item":"https:\/\/srfb.be\/shop\/"},{"@type":"ListItem","position":3,"name":"Guide des \u00e9corces des arbres d&rsquo;Europe"}]},{"@type":"WebSite","@id":"https:\/\/kbbm.be\/en\/#website","url":"https:\/\/kbbm.be\/en\/","name":"Koninklijke Belgische Bosbouwmaatschappij","description":"Ten dienste van het bos en de bosbouwers","publisher":{"@id":"https:\/\/kbbm.be\/en\/#organization"},"alternateName":"SRFB-KBBM","potentialAction":[{"@type":"SearchAction","target":{"@type":"EntryPoint","urlTemplate":"https:\/\/kbbm.be\/en\/?s={search_term_string}"},"query-input":{"@type":"PropertyValueSpecification","valueRequired":true,"valueName":"search_term_string"}}],"inLanguage":"nl-BE"},{"@type":"Organization","@id":"https:\/\/kbbm.be\/en\/#organization","name":"Soci\u00e9t\u00e9 Royale Foresti\u00e8re De Belgique - Koninklijke Belgische Bosbouwmaatschappij","alternateName":"SRFB-KBBM","url":"https:\/\/kbbm.be\/en\/","logo":{"@type":"ImageObject","inLanguage":"nl-BE","@id":"https:\/\/kbbm.be\/en\/#\/schema\/logo\/image\/","url":"https:\/\/srfb.be\/wp-content\/uploads\/2019\/06\/android-chrome-256x256.png","contentUrl":"https:\/\/srfb.be\/wp-content\/uploads\/2019\/06\/android-chrome-256x256.png","width":1200,"height":1232,"caption":"Soci\u00e9t\u00e9 Royale Foresti\u00e8re De Belgique - Koninklijke Belgische Bosbouwmaatschappij"},"image":{"@id":"https:\/\/kbbm.be\/en\/#\/schema\/logo\/image\/"},"sameAs":["https:\/\/www.facebook.com\/srfb.be","https:\/\/www.instagram.com\/srfb_kbbm\/","https:\/\/www.linkedin.com\/company\/srfb-kbbm\/","https:\/\/www.youtube.com\/user\/srfbkbbm"]}]}},"_links":{"self":[{"href":"https:\/\/srfb.be\/nl\/wp-json\/wp\/v2\/product\/16364","targetHints":{"allow":["GET"]}}],"collection":[{"href":"https:\/\/srfb.be\/nl\/wp-json\/wp\/v2\/product"}],"about":[{"href":"https:\/\/srfb.be\/nl\/wp-json\/wp\/v2\/types\/product"}],"replies":[{"embeddable":true,"href":"https:\/\/srfb.be\/nl\/wp-json\/wp\/v2\/comments?post=16364"}],"wp:featuredmedia":[{"embeddable":true,"href":"https:\/\/srfb.be\/nl\/wp-json\/wp\/v2\/media\/16369"}],"wp:attachment":[{"href":"https:\/\/srfb.be\/nl\/wp-json\/wp\/v2\/media?parent=16364"}],"wp:term":[{"taxonomy":"product_brand","embeddable":true,"href":"https:\/\/srfb.be\/nl\/wp-json\/wp\/v2\/product_brand?post=16364"},{"taxonomy":"product_cat","embeddable":true,"href":"https:\/\/srfb.be\/nl\/wp-json\/wp\/v2\/product_cat?post=16364"},{"taxonomy":"product_tag","embeddable":true,"href":"https:\/\/srfb.be\/nl\/wp-json\/wp\/v2\/product_tag?post=16364"}],"curies":[{"name":"wp","href":"https:\/\/api.w.org\/{rel}","templated":true}]}}