{"id":14412,"date":"2020-11-11T16:34:31","date_gmt":"2020-11-11T15:34:31","guid":{"rendered":"https:\/\/www.srfb.be\/?post_type=product&#038;p=14412"},"modified":"2026-03-03T17:20:23","modified_gmt":"2026-03-03T16:20:23","slug":"larboretum-geographique-de-tervuren","status":"publish","type":"product","link":"https:\/\/srfb.be\/nl\/forest-shop\/larboretum-geographique-de-tervuren\/","title":{"rendered":"Het geografisch arboretum van Tervuren"},"content":{"rendered":"","protected":false},"excerpt":{"rendered":"<p>Voor velen een verborgen juweeltje in het hart van het Zoni\u00ebnwoud. Meer dan 600 soorten en 30.000 bomen en struiken nodigen je uit voor een reis door de bossen van de gematigde zone van het noordelijk halfrond.<\/p>\n<p>De auteurs van het boek, Patrick Huvenne, Wilfried Emmerechts en Kevin Knevels, zijn beheerders van het arboretum. In \"Het Geografisch Arboretum van Tervuren\" delen ze hun kennis en passie: ze tonen ons de rijke variatie van de bossen van Amerika, Europa en Azi\u00eb, het gespecialiseerde beheer van zo'n levende collectie en de uitdagingen van duurzaam bosbeheer onder invloed van de klimaatverandering. Talrijke grafieken, kaarten en historische documenten ondersteunen hun verhaal. Jan Decreton maakte de prachtige foto's.<\/p>\n<p><strong>310 pagina's - harde kaft - formaat: 23 x 28 cm - full colour met talrijke grafieken, kaarten en foto's.<\/strong><\/p>\n<p>Auteurs : <strong>Patrick Huvenne, Wilfried Emmerechts &amp; Kevin Knevels<\/strong><\/p>\n<p>Gepubliceerd in het Frans, Nederlands, Duits en Engels<\/p>\n<p><strong>\u00a0<\/strong><\/p>","protected":false},"featured_media":14418,"comment_status":"open","ping_status":"closed","template":"","meta":{"iawp_total_views":161},"product_brand":[],"product_cat":[692,689,314],"product_tag":[],"class_list":{"0":"post-14412","1":"product","2":"type-product","3":"status-publish","4":"has-post-thumbnail","6":"product_cat-arboretum","7":"product_cat-foret-de-soignes","8":"product_cat-sylviculture","10":"first","11":"instock","12":"shipping-taxable","13":"purchasable","14":"product-type-variable"},"yoast_head":"<!-- This site is optimized with the Yoast SEO plugin v27.3 - https:\/\/yoast.com\/product\/yoast-seo-wordpress\/ -->\n<title>L\u2019Arboretum g\u00e9ographique de Tervuren - SRFB<\/title>\n<meta name=\"description\" content=\"Plus de 600 esp\u00e8ces et 30 000 arbres et arbustes de collection vous invitent \u00e0 un p\u00e9riple \u00e0 travers les for\u00eats de la zone temp\u00e9r\u00e9e de l\u2019h\u00e9misph\u00e8re nord.\" \/>\n<meta name=\"robots\" content=\"index, follow, max-snippet:-1, max-image-preview:large, max-video-preview:-1\" \/>\n<link rel=\"canonical\" href=\"https:\/\/kbbm.be\/de\/forest-shop\/larboretum-geographique-de-tervuren\/\" \/>\n<meta property=\"og:locale\" content=\"nl_BE\" \/>\n<meta property=\"og:type\" content=\"article\" \/>\n<meta property=\"og:title\" content=\"L\u2019Arboretum g\u00e9ographique de Tervuren - SRFB\" \/>\n<meta property=\"og:description\" content=\"Plus de 600 esp\u00e8ces et 30 000 arbres et arbustes de collection vous invitent \u00e0 un p\u00e9riple \u00e0 travers les for\u00eats de la zone temp\u00e9r\u00e9e de l\u2019h\u00e9misph\u00e8re nord.\" \/>\n<meta property=\"og:url\" content=\"https:\/\/kbbm.be\/de\/forest-shop\/larboretum-geographique-de-tervuren\/\" \/>\n<meta property=\"og:site_name\" content=\"Soci\u00e9t\u00e9 Royale Foresti\u00e8re de Belgique\" \/>\n<meta property=\"article:publisher\" content=\"https:\/\/www.facebook.com\/srfb.be\" \/>\n<meta property=\"article:modified_time\" content=\"2026-03-03T16:20:23+00:00\" \/>\n<meta property=\"og:image\" content=\"https:\/\/kbbm.be\/wp-content\/uploads\/2020\/11\/Arboretum_Tervuren.png\" \/>\n\t<meta property=\"og:image:width\" content=\"1000\" \/>\n\t<meta property=\"og:image:height\" content=\"1389\" \/>\n\t<meta property=\"og:image:type\" content=\"image\/png\" \/>\n<script type=\"application\/ld+json\" class=\"yoast-schema-graph\">{\"@context\":\"https:\\\/\\\/schema.org\",\"@graph\":[{\"@type\":\"WebPage\",\"@id\":\"https:\\\/\\\/kbbm.be\\\/de\\\/forest-shop\\\/larboretum-geographique-de-tervuren\\\/\",\"url\":\"https:\\\/\\\/kbbm.be\\\/de\\\/forest-shop\\\/larboretum-geographique-de-tervuren\\\/\",\"name\":\"L\u2019Arboretum g\u00e9ographique de Tervuren - SRFB\",\"isPartOf\":{\"@id\":\"https:\\\/\\\/srfb.be\\\/de\\\/#website\"},\"primaryImageOfPage\":{\"@id\":\"https:\\\/\\\/kbbm.be\\\/de\\\/forest-shop\\\/larboretum-geographique-de-tervuren\\\/#primaryimage\"},\"image\":{\"@id\":\"https:\\\/\\\/kbbm.be\\\/de\\\/forest-shop\\\/larboretum-geographique-de-tervuren\\\/#primaryimage\"},\"thumbnailUrl\":\"https:\\\/\\\/srfb.be\\\/wp-content\\\/uploads\\\/2020\\\/11\\\/Arboretum_Tervuren.png\",\"datePublished\":\"2020-11-11T15:34:31+00:00\",\"dateModified\":\"2026-03-03T16:20:23+00:00\",\"description\":\"Plus de 600 esp\u00e8ces et 30 000 arbres et arbustes de collection vous invitent \u00e0 un p\u00e9riple \u00e0 travers les for\u00eats de la zone temp\u00e9r\u00e9e de l\u2019h\u00e9misph\u00e8re nord.\",\"breadcrumb\":{\"@id\":\"https:\\\/\\\/kbbm.be\\\/de\\\/forest-shop\\\/larboretum-geographique-de-tervuren\\\/#breadcrumb\"},\"inLanguage\":\"nl-BE\",\"potentialAction\":[{\"@type\":\"ReadAction\",\"target\":[\"https:\\\/\\\/kbbm.be\\\/de\\\/forest-shop\\\/larboretum-geographique-de-tervuren\\\/\"]}]},{\"@type\":\"ImageObject\",\"inLanguage\":\"nl-BE\",\"@id\":\"https:\\\/\\\/kbbm.be\\\/de\\\/forest-shop\\\/larboretum-geographique-de-tervuren\\\/#primaryimage\",\"url\":\"https:\\\/\\\/srfb.be\\\/wp-content\\\/uploads\\\/2020\\\/11\\\/Arboretum_Tervuren.png\",\"contentUrl\":\"https:\\\/\\\/srfb.be\\\/wp-content\\\/uploads\\\/2020\\\/11\\\/Arboretum_Tervuren.png\",\"width\":1000,\"height\":1389},{\"@type\":\"BreadcrumbList\",\"@id\":\"https:\\\/\\\/kbbm.be\\\/de\\\/forest-shop\\\/larboretum-geographique-de-tervuren\\\/#breadcrumb\",\"itemListElement\":[{\"@type\":\"ListItem\",\"position\":1,\"name\":\"Accueil\",\"item\":\"https:\\\/\\\/srfb.be\\\/de\\\/\"},{\"@type\":\"ListItem\",\"position\":2,\"name\":\"Produkte\",\"item\":\"https:\\\/\\\/srfb.be\\\/de\\\/shop\\\/\"},{\"@type\":\"ListItem\",\"position\":3,\"name\":\"L\u2019Arboretum g\u00e9ographique de Tervuren\"}]},{\"@type\":\"WebSite\",\"@id\":\"https:\\\/\\\/srfb.be\\\/de\\\/#website\",\"url\":\"https:\\\/\\\/srfb.be\\\/de\\\/\",\"name\":\"Soci\u00e9t\u00e9 Royale Foresti\u00e8re de Belgique\",\"description\":\"Au service de la for\u00eat et des forestiers\",\"publisher\":{\"@id\":\"https:\\\/\\\/srfb.be\\\/de\\\/#organization\"},\"alternateName\":\"SRFB-KBBM\",\"potentialAction\":[{\"@type\":\"SearchAction\",\"target\":{\"@type\":\"EntryPoint\",\"urlTemplate\":\"https:\\\/\\\/srfb.be\\\/de\\\/?s={search_term_string}\"},\"query-input\":{\"@type\":\"PropertyValueSpecification\",\"valueRequired\":true,\"valueName\":\"search_term_string\"}}],\"inLanguage\":\"nl-BE\"},{\"@type\":\"Organization\",\"@id\":\"https:\\\/\\\/srfb.be\\\/de\\\/#organization\",\"name\":\"Soci\u00e9t\u00e9 Royale Foresti\u00e8re De Belgique - Koninklijke Belgische Bosbouwmaatschappij\",\"alternateName\":\"SRFB-KBBM\",\"url\":\"https:\\\/\\\/srfb.be\\\/de\\\/\",\"logo\":{\"@type\":\"ImageObject\",\"inLanguage\":\"nl-BE\",\"@id\":\"https:\\\/\\\/srfb.be\\\/de\\\/#\\\/schema\\\/logo\\\/image\\\/\",\"url\":\"https:\\\/\\\/srfb.be\\\/wp-content\\\/uploads\\\/2019\\\/06\\\/android-chrome-256x256.png\",\"contentUrl\":\"https:\\\/\\\/srfb.be\\\/wp-content\\\/uploads\\\/2019\\\/06\\\/android-chrome-256x256.png\",\"width\":1200,\"height\":1232,\"caption\":\"Soci\u00e9t\u00e9 Royale Foresti\u00e8re De Belgique - Koninklijke Belgische Bosbouwmaatschappij\"},\"image\":{\"@id\":\"https:\\\/\\\/srfb.be\\\/de\\\/#\\\/schema\\\/logo\\\/image\\\/\"},\"sameAs\":[\"https:\\\/\\\/www.facebook.com\\\/srfb.be\",\"https:\\\/\\\/www.instagram.com\\\/srfb_kbbm\\\/\",\"https:\\\/\\\/www.linkedin.com\\\/company\\\/srfb-kbbm\\\/\",\"https:\\\/\\\/www.youtube.com\\\/user\\\/srfbkbbm\"]}]}<\/script>\n<!-- \/ Yoast SEO plugin. -->","yoast_head_json":{"title":"Het geografisch arboretum van Tervuren - SRFB","description":"Meer dan 600 soorten en 30.000 verzamelbomen en -struiken nodigen je uit voor een reis door de bossen van de gematigde zone van het noordelijk halfrond.","robots":{"index":"index","follow":"follow","max-snippet":"max-snippet:-1","max-image-preview":"max-image-preview:large","max-video-preview":"max-video-preview:-1"},"canonical":"https:\/\/kbbm.be\/de\/forest-shop\/larboretum-geographique-de-tervuren\/","og_locale":"nl_BE","og_type":"article","og_title":"L\u2019Arboretum g\u00e9ographique de Tervuren - SRFB","og_description":"Plus de 600 esp\u00e8ces et 30 000 arbres et arbustes de collection vous invitent \u00e0 un p\u00e9riple \u00e0 travers les for\u00eats de la zone temp\u00e9r\u00e9e de l\u2019h\u00e9misph\u00e8re nord.","og_url":"https:\/\/kbbm.be\/de\/forest-shop\/larboretum-geographique-de-tervuren\/","og_site_name":"Soci\u00e9t\u00e9 Royale Foresti\u00e8re de Belgique","article_publisher":"https:\/\/www.facebook.com\/srfb.be","article_modified_time":"2026-03-03T16:20:23+00:00","og_image":[{"width":1000,"height":1389,"url":"https:\/\/kbbm.be\/wp-content\/uploads\/2020\/11\/Arboretum_Tervuren.png","type":"image\/png"}],"schema":{"@context":"https:\/\/schema.org","@graph":[{"@type":"WebPage","@id":"https:\/\/kbbm.be\/de\/forest-shop\/larboretum-geographique-de-tervuren\/","url":"https:\/\/kbbm.be\/de\/forest-shop\/larboretum-geographique-de-tervuren\/","name":"Het geografisch arboretum van Tervuren - SRFB","isPartOf":{"@id":"https:\/\/srfb.be\/de\/#website"},"primaryImageOfPage":{"@id":"https:\/\/kbbm.be\/de\/forest-shop\/larboretum-geographique-de-tervuren\/#primaryimage"},"image":{"@id":"https:\/\/kbbm.be\/de\/forest-shop\/larboretum-geographique-de-tervuren\/#primaryimage"},"thumbnailUrl":"https:\/\/srfb.be\/wp-content\/uploads\/2020\/11\/Arboretum_Tervuren.png","datePublished":"2020-11-11T15:34:31+00:00","dateModified":"2026-03-03T16:20:23+00:00","description":"Meer dan 600 soorten en 30.000 verzamelbomen en -struiken nodigen je uit voor een reis door de bossen van de gematigde zone van het noordelijk halfrond.","breadcrumb":{"@id":"https:\/\/kbbm.be\/de\/forest-shop\/larboretum-geographique-de-tervuren\/#breadcrumb"},"inLanguage":"nl-BE","potentialAction":[{"@type":"ReadAction","target":["https:\/\/kbbm.be\/de\/forest-shop\/larboretum-geographique-de-tervuren\/"]}]},{"@type":"ImageObject","inLanguage":"nl-BE","@id":"https:\/\/kbbm.be\/de\/forest-shop\/larboretum-geographique-de-tervuren\/#primaryimage","url":"https:\/\/srfb.be\/wp-content\/uploads\/2020\/11\/Arboretum_Tervuren.png","contentUrl":"https:\/\/srfb.be\/wp-content\/uploads\/2020\/11\/Arboretum_Tervuren.png","width":1000,"height":1389},{"@type":"BreadcrumbList","@id":"https:\/\/kbbm.be\/de\/forest-shop\/larboretum-geographique-de-tervuren\/#breadcrumb","itemListElement":[{"@type":"ListItem","position":1,"name":"Accueil","item":"https:\/\/srfb.be\/de\/"},{"@type":"ListItem","position":2,"name":"Produkte","item":"https:\/\/srfb.be\/de\/shop\/"},{"@type":"ListItem","position":3,"name":"L\u2019Arboretum g\u00e9ographique de Tervuren"}]},{"@type":"WebSite","@id":"https:\/\/srfb.be\/de\/#website","url":"https:\/\/srfb.be\/de\/","name":"Koninklijke Belgische Bosbouwmaatschappij","description":"Ten dienste van het bos en de bosbouwers","publisher":{"@id":"https:\/\/srfb.be\/de\/#organization"},"alternateName":"SRFB-KBBM","potentialAction":[{"@type":"SearchAction","target":{"@type":"EntryPoint","urlTemplate":"https:\/\/srfb.be\/de\/?s={search_term_string}"},"query-input":{"@type":"PropertyValueSpecification","valueRequired":true,"valueName":"search_term_string"}}],"inLanguage":"nl-BE"},{"@type":"Organization","@id":"https:\/\/srfb.be\/de\/#organization","name":"Soci\u00e9t\u00e9 Royale Foresti\u00e8re De Belgique - Koninklijke Belgische Bosbouwmaatschappij","alternateName":"SRFB-KBBM","url":"https:\/\/srfb.be\/de\/","logo":{"@type":"ImageObject","inLanguage":"nl-BE","@id":"https:\/\/srfb.be\/de\/#\/schema\/logo\/image\/","url":"https:\/\/srfb.be\/wp-content\/uploads\/2019\/06\/android-chrome-256x256.png","contentUrl":"https:\/\/srfb.be\/wp-content\/uploads\/2019\/06\/android-chrome-256x256.png","width":1200,"height":1232,"caption":"Soci\u00e9t\u00e9 Royale Foresti\u00e8re De Belgique - Koninklijke Belgische Bosbouwmaatschappij"},"image":{"@id":"https:\/\/srfb.be\/de\/#\/schema\/logo\/image\/"},"sameAs":["https:\/\/www.facebook.com\/srfb.be","https:\/\/www.instagram.com\/srfb_kbbm\/","https:\/\/www.linkedin.com\/company\/srfb-kbbm\/","https:\/\/www.youtube.com\/user\/srfbkbbm"]}]}},"_links":{"self":[{"href":"https:\/\/srfb.be\/nl\/wp-json\/wp\/v2\/product\/14412","targetHints":{"allow":["GET"]}}],"collection":[{"href":"https:\/\/srfb.be\/nl\/wp-json\/wp\/v2\/product"}],"about":[{"href":"https:\/\/srfb.be\/nl\/wp-json\/wp\/v2\/types\/product"}],"replies":[{"embeddable":true,"href":"https:\/\/srfb.be\/nl\/wp-json\/wp\/v2\/comments?post=14412"}],"wp:featuredmedia":[{"embeddable":true,"href":"https:\/\/srfb.be\/nl\/wp-json\/wp\/v2\/media\/14418"}],"wp:attachment":[{"href":"https:\/\/srfb.be\/nl\/wp-json\/wp\/v2\/media?parent=14412"}],"wp:term":[{"taxonomy":"product_brand","embeddable":true,"href":"https:\/\/srfb.be\/nl\/wp-json\/wp\/v2\/product_brand?post=14412"},{"taxonomy":"product_cat","embeddable":true,"href":"https:\/\/srfb.be\/nl\/wp-json\/wp\/v2\/product_cat?post=14412"},{"taxonomy":"product_tag","embeddable":true,"href":"https:\/\/srfb.be\/nl\/wp-json\/wp\/v2\/product_tag?post=14412"}],"curies":[{"name":"wp","href":"https:\/\/api.w.org\/{rel}","templated":true}]}}