{"id":13959,"date":"2020-10-06T18:34:00","date_gmt":"2020-10-06T16:34:00","guid":{"rendered":"https:\/\/www.srfb.be\/?post_type=product&#038;p=13959"},"modified":"2026-03-03T16:50:56","modified_gmt":"2026-03-03T15:50:56","slug":"impacts-du-grand-gibier-comment-les-identifier-les-quantifier-les-limiter","status":"publish","type":"product","link":"https:\/\/srfb.be\/nl\/forest-shop\/impacts-du-grand-gibier-comment-les-identifier-les-quantifier-les-limiter\/","title":{"rendered":"Invloeden van groot wild: hoe ze te identificeren, te kwantificeren en te beperken"},"content":{"rendered":"","protected":false},"excerpt":{"rendered":"<p>Hoewel het een integraal onderdeel is van het bosecosysteem, kan overvloedig wild een bedreiging vormen voor bosvernieuwing. De eerste vereiste voor boswachters die hun percelen willen herstellen, is dus om de schade die grote dieren aanrichten te herkennen. Deze gids geeft alle informatie die nodig is om het onevenwicht vast te stellen en stelt vervolgens oplossingen voor om de harmonie tussen bos en dier te herstellen.<\/p>\n<p><strong>Met flashcodes om de roep van wilde dieren te herkennen en video's om hun gedrag te identificeren.<\/strong><\/p>\n<p><strong>24 pagina's, 21 x 29,7 cm <\/strong><\/p>","protected":false},"featured_media":13960,"comment_status":"open","ping_status":"closed","template":"","meta":{"iawp_total_views":71},"product_brand":[],"product_cat":[691,693,688,314],"product_tag":[],"class_list":{"0":"post-13959","1":"product","2":"type-product","3":"status-publish","4":"has-post-thumbnail","6":"product_cat-biodiversite","7":"product_cat-foret-gibier","8":"product_cat-sante-des-forets","9":"product_cat-sylviculture","11":"first","12":"instock","13":"shipping-taxable","14":"purchasable","15":"product-type-simple"},"yoast_head":"<!-- This site is optimized with the Yoast SEO plugin v27.3 - https:\/\/yoast.com\/product\/yoast-seo-wordpress\/ -->\n<title>Impacts du grand gibier en for\u00eat - SRFB<\/title>\n<meta name=\"description\" content=\"La premi\u00e8re n\u00e9cessit\u00e9 pour le forestier soucieux de r\u00e9g\u00e9n\u00e9rer ses parcelles est donc de reconna\u00eetre les d\u00e9g\u00e2ts commis par la grande faune.\" \/>\n<meta name=\"robots\" content=\"index, follow, max-snippet:-1, max-image-preview:large, max-video-preview:-1\" \/>\n<link rel=\"canonical\" href=\"https:\/\/www.kbbm.be\/en\/forest-shop\/impacts-du-grand-gibier-comment-les-identifier-les-quantifier-les-limiter\/\" \/>\n<meta property=\"og:locale\" content=\"nl_BE\" \/>\n<meta property=\"og:type\" content=\"article\" \/>\n<meta property=\"og:title\" content=\"Impacts du grand gibier en for\u00eat - SRFB\" \/>\n<meta property=\"og:description\" content=\"La premi\u00e8re n\u00e9cessit\u00e9 pour le forestier soucieux de r\u00e9g\u00e9n\u00e9rer ses parcelles est donc de reconna\u00eetre les d\u00e9g\u00e2ts commis par la grande faune.\" \/>\n<meta property=\"og:url\" content=\"https:\/\/www.kbbm.be\/en\/forest-shop\/impacts-du-grand-gibier-comment-les-identifier-les-quantifier-les-limiter\/\" \/>\n<meta property=\"og:site_name\" content=\"Soci\u00e9t\u00e9 Royale Foresti\u00e8re de Belgique\" \/>\n<meta property=\"article:publisher\" content=\"https:\/\/www.facebook.com\/srfb.be\" \/>\n<meta property=\"article:modified_time\" content=\"2026-03-03T15:50:56+00:00\" \/>\n<meta property=\"og:image\" content=\"https:\/\/www.kbbm.be\/wp-content\/uploads\/2020\/10\/impact-gibier.jpg\" \/>\n\t<meta property=\"og:image:width\" content=\"829\" \/>\n\t<meta property=\"og:image:height\" content=\"1181\" \/>\n\t<meta property=\"og:image:type\" content=\"image\/jpeg\" \/>\n<script type=\"application\/ld+json\" class=\"yoast-schema-graph\">{\"@context\":\"https:\\\/\\\/schema.org\",\"@graph\":[{\"@type\":\"WebPage\",\"@id\":\"https:\\\/\\\/www.kbbm.be\\\/en\\\/forest-shop\\\/impacts-du-grand-gibier-comment-les-identifier-les-quantifier-les-limiter\\\/\",\"url\":\"https:\\\/\\\/www.kbbm.be\\\/en\\\/forest-shop\\\/impacts-du-grand-gibier-comment-les-identifier-les-quantifier-les-limiter\\\/\",\"name\":\"Impacts du grand gibier en for\u00eat - SRFB\",\"isPartOf\":{\"@id\":\"https:\\\/\\\/srfb.be\\\/#website\"},\"primaryImageOfPage\":{\"@id\":\"https:\\\/\\\/www.kbbm.be\\\/en\\\/forest-shop\\\/impacts-du-grand-gibier-comment-les-identifier-les-quantifier-les-limiter\\\/#primaryimage\"},\"image\":{\"@id\":\"https:\\\/\\\/www.kbbm.be\\\/en\\\/forest-shop\\\/impacts-du-grand-gibier-comment-les-identifier-les-quantifier-les-limiter\\\/#primaryimage\"},\"thumbnailUrl\":\"https:\\\/\\\/srfb.be\\\/wp-content\\\/uploads\\\/2020\\\/10\\\/impact-gibier.jpg\",\"datePublished\":\"2020-10-06T16:34:00+00:00\",\"dateModified\":\"2026-03-03T15:50:56+00:00\",\"description\":\"La premi\u00e8re n\u00e9cessit\u00e9 pour le forestier soucieux de r\u00e9g\u00e9n\u00e9rer ses parcelles est donc de reconna\u00eetre les d\u00e9g\u00e2ts commis par la grande faune.\",\"breadcrumb\":{\"@id\":\"https:\\\/\\\/www.kbbm.be\\\/en\\\/forest-shop\\\/impacts-du-grand-gibier-comment-les-identifier-les-quantifier-les-limiter\\\/#breadcrumb\"},\"inLanguage\":\"nl-BE\",\"potentialAction\":[{\"@type\":\"ReadAction\",\"target\":[\"https:\\\/\\\/www.kbbm.be\\\/en\\\/forest-shop\\\/impacts-du-grand-gibier-comment-les-identifier-les-quantifier-les-limiter\\\/\"]}]},{\"@type\":\"ImageObject\",\"inLanguage\":\"nl-BE\",\"@id\":\"https:\\\/\\\/www.kbbm.be\\\/en\\\/forest-shop\\\/impacts-du-grand-gibier-comment-les-identifier-les-quantifier-les-limiter\\\/#primaryimage\",\"url\":\"https:\\\/\\\/srfb.be\\\/wp-content\\\/uploads\\\/2020\\\/10\\\/impact-gibier.jpg\",\"contentUrl\":\"https:\\\/\\\/srfb.be\\\/wp-content\\\/uploads\\\/2020\\\/10\\\/impact-gibier.jpg\",\"width\":829,\"height\":1181},{\"@type\":\"BreadcrumbList\",\"@id\":\"https:\\\/\\\/www.kbbm.be\\\/en\\\/forest-shop\\\/impacts-du-grand-gibier-comment-les-identifier-les-quantifier-les-limiter\\\/#breadcrumb\",\"itemListElement\":[{\"@type\":\"ListItem\",\"position\":1,\"name\":\"Accueil\",\"item\":\"https:\\\/\\\/srfb.be\\\/\"},{\"@type\":\"ListItem\",\"position\":2,\"name\":\"Produkte\",\"item\":\"https:\\\/\\\/www.kbbm.be\\\/de\\\/shop\\\/\"},{\"@type\":\"ListItem\",\"position\":3,\"name\":\"Impacts du grand gibier : comment les identifier, les quantifier, les limiter\"}]},{\"@type\":\"WebSite\",\"@id\":\"https:\\\/\\\/srfb.be\\\/#website\",\"url\":\"https:\\\/\\\/srfb.be\\\/\",\"name\":\"Soci\u00e9t\u00e9 Royale Foresti\u00e8re de Belgique\",\"description\":\"Au service de la for\u00eat et des forestiers\",\"publisher\":{\"@id\":\"https:\\\/\\\/srfb.be\\\/#organization\"},\"alternateName\":\"SRFB-KBBM\",\"potentialAction\":[{\"@type\":\"SearchAction\",\"target\":{\"@type\":\"EntryPoint\",\"urlTemplate\":\"https:\\\/\\\/srfb.be\\\/?s={search_term_string}\"},\"query-input\":{\"@type\":\"PropertyValueSpecification\",\"valueRequired\":true,\"valueName\":\"search_term_string\"}}],\"inLanguage\":\"nl-BE\"},{\"@type\":\"Organization\",\"@id\":\"https:\\\/\\\/srfb.be\\\/#organization\",\"name\":\"Soci\u00e9t\u00e9 Royale Foresti\u00e8re De Belgique - Koninklijke Belgische Bosbouwmaatschappij\",\"alternateName\":\"SRFB-KBBM\",\"url\":\"https:\\\/\\\/srfb.be\\\/\",\"logo\":{\"@type\":\"ImageObject\",\"inLanguage\":\"nl-BE\",\"@id\":\"https:\\\/\\\/srfb.be\\\/#\\\/schema\\\/logo\\\/image\\\/\",\"url\":\"https:\\\/\\\/srfb.be\\\/wp-content\\\/uploads\\\/2019\\\/06\\\/android-chrome-256x256.png\",\"contentUrl\":\"https:\\\/\\\/srfb.be\\\/wp-content\\\/uploads\\\/2019\\\/06\\\/android-chrome-256x256.png\",\"width\":1200,\"height\":1232,\"caption\":\"Soci\u00e9t\u00e9 Royale Foresti\u00e8re De Belgique - Koninklijke Belgische Bosbouwmaatschappij\"},\"image\":{\"@id\":\"https:\\\/\\\/srfb.be\\\/#\\\/schema\\\/logo\\\/image\\\/\"},\"sameAs\":[\"https:\\\/\\\/www.facebook.com\\\/srfb.be\",\"https:\\\/\\\/www.instagram.com\\\/srfb_kbbm\\\/\",\"https:\\\/\\\/www.linkedin.com\\\/company\\\/srfb-kbbm\\\/\",\"https:\\\/\\\/www.youtube.com\\\/user\\\/srfbkbbm\"]}]}<\/script>\n<!-- \/ Yoast SEO plugin. -->","yoast_head_json":{"title":"Invloed van groot wild op bossen - SRFB","description":"De eerste vereiste voor boswachters die hun percelen willen regenereren is dan ook het erkennen van de schade die grote dieren aanrichten.","robots":{"index":"index","follow":"follow","max-snippet":"max-snippet:-1","max-image-preview":"max-image-preview:large","max-video-preview":"max-video-preview:-1"},"canonical":"https:\/\/www.kbbm.be\/en\/forest-shop\/impacts-du-grand-gibier-comment-les-identifier-les-quantifier-les-limiter\/","og_locale":"nl_BE","og_type":"article","og_title":"Impacts du grand gibier en for\u00eat - SRFB","og_description":"La premi\u00e8re n\u00e9cessit\u00e9 pour le forestier soucieux de r\u00e9g\u00e9n\u00e9rer ses parcelles est donc de reconna\u00eetre les d\u00e9g\u00e2ts commis par la grande faune.","og_url":"https:\/\/www.kbbm.be\/en\/forest-shop\/impacts-du-grand-gibier-comment-les-identifier-les-quantifier-les-limiter\/","og_site_name":"Soci\u00e9t\u00e9 Royale Foresti\u00e8re de Belgique","article_publisher":"https:\/\/www.facebook.com\/srfb.be","article_modified_time":"2026-03-03T15:50:56+00:00","og_image":[{"width":829,"height":1181,"url":"https:\/\/www.kbbm.be\/wp-content\/uploads\/2020\/10\/impact-gibier.jpg","type":"image\/jpeg"}],"schema":{"@context":"https:\/\/schema.org","@graph":[{"@type":"WebPage","@id":"https:\/\/www.kbbm.be\/en\/forest-shop\/impacts-du-grand-gibier-comment-les-identifier-les-quantifier-les-limiter\/","url":"https:\/\/www.kbbm.be\/en\/forest-shop\/impacts-du-grand-gibier-comment-les-identifier-les-quantifier-les-limiter\/","name":"Invloed van groot wild op bossen - SRFB","isPartOf":{"@id":"https:\/\/srfb.be\/#website"},"primaryImageOfPage":{"@id":"https:\/\/www.kbbm.be\/en\/forest-shop\/impacts-du-grand-gibier-comment-les-identifier-les-quantifier-les-limiter\/#primaryimage"},"image":{"@id":"https:\/\/www.kbbm.be\/en\/forest-shop\/impacts-du-grand-gibier-comment-les-identifier-les-quantifier-les-limiter\/#primaryimage"},"thumbnailUrl":"https:\/\/srfb.be\/wp-content\/uploads\/2020\/10\/impact-gibier.jpg","datePublished":"2020-10-06T16:34:00+00:00","dateModified":"2026-03-03T15:50:56+00:00","description":"De eerste vereiste voor boswachters die hun percelen willen regenereren is dan ook het erkennen van de schade die grote dieren aanrichten.","breadcrumb":{"@id":"https:\/\/www.kbbm.be\/en\/forest-shop\/impacts-du-grand-gibier-comment-les-identifier-les-quantifier-les-limiter\/#breadcrumb"},"inLanguage":"nl-BE","potentialAction":[{"@type":"ReadAction","target":["https:\/\/www.kbbm.be\/en\/forest-shop\/impacts-du-grand-gibier-comment-les-identifier-les-quantifier-les-limiter\/"]}]},{"@type":"ImageObject","inLanguage":"nl-BE","@id":"https:\/\/www.kbbm.be\/en\/forest-shop\/impacts-du-grand-gibier-comment-les-identifier-les-quantifier-les-limiter\/#primaryimage","url":"https:\/\/srfb.be\/wp-content\/uploads\/2020\/10\/impact-gibier.jpg","contentUrl":"https:\/\/srfb.be\/wp-content\/uploads\/2020\/10\/impact-gibier.jpg","width":829,"height":1181},{"@type":"BreadcrumbList","@id":"https:\/\/www.kbbm.be\/en\/forest-shop\/impacts-du-grand-gibier-comment-les-identifier-les-quantifier-les-limiter\/#breadcrumb","itemListElement":[{"@type":"ListItem","position":1,"name":"Accueil","item":"https:\/\/srfb.be\/"},{"@type":"ListItem","position":2,"name":"Produkte","item":"https:\/\/www.kbbm.be\/de\/shop\/"},{"@type":"ListItem","position":3,"name":"Impacts du grand gibier : comment les identifier, les quantifier, les limiter"}]},{"@type":"WebSite","@id":"https:\/\/srfb.be\/#website","url":"https:\/\/srfb.be\/","name":"Koninklijke Belgische Bosbouwmaatschappij","description":"Ten dienste van het bos en de bosbouwers","publisher":{"@id":"https:\/\/srfb.be\/#organization"},"alternateName":"SRFB-KBBM","potentialAction":[{"@type":"SearchAction","target":{"@type":"EntryPoint","urlTemplate":"https:\/\/srfb.be\/?s={search_term_string}"},"query-input":{"@type":"PropertyValueSpecification","valueRequired":true,"valueName":"search_term_string"}}],"inLanguage":"nl-BE"},{"@type":"Organization","@id":"https:\/\/srfb.be\/#organization","name":"Soci\u00e9t\u00e9 Royale Foresti\u00e8re De Belgique - Koninklijke Belgische Bosbouwmaatschappij","alternateName":"SRFB-KBBM","url":"https:\/\/srfb.be\/","logo":{"@type":"ImageObject","inLanguage":"nl-BE","@id":"https:\/\/srfb.be\/#\/schema\/logo\/image\/","url":"https:\/\/srfb.be\/wp-content\/uploads\/2019\/06\/android-chrome-256x256.png","contentUrl":"https:\/\/srfb.be\/wp-content\/uploads\/2019\/06\/android-chrome-256x256.png","width":1200,"height":1232,"caption":"Soci\u00e9t\u00e9 Royale Foresti\u00e8re De Belgique - Koninklijke Belgische Bosbouwmaatschappij"},"image":{"@id":"https:\/\/srfb.be\/#\/schema\/logo\/image\/"},"sameAs":["https:\/\/www.facebook.com\/srfb.be","https:\/\/www.instagram.com\/srfb_kbbm\/","https:\/\/www.linkedin.com\/company\/srfb-kbbm\/","https:\/\/www.youtube.com\/user\/srfbkbbm"]}]}},"_links":{"self":[{"href":"https:\/\/srfb.be\/nl\/wp-json\/wp\/v2\/product\/13959","targetHints":{"allow":["GET"]}}],"collection":[{"href":"https:\/\/srfb.be\/nl\/wp-json\/wp\/v2\/product"}],"about":[{"href":"https:\/\/srfb.be\/nl\/wp-json\/wp\/v2\/types\/product"}],"replies":[{"embeddable":true,"href":"https:\/\/srfb.be\/nl\/wp-json\/wp\/v2\/comments?post=13959"}],"wp:featuredmedia":[{"embeddable":true,"href":"https:\/\/srfb.be\/nl\/wp-json\/wp\/v2\/media\/13960"}],"wp:attachment":[{"href":"https:\/\/srfb.be\/nl\/wp-json\/wp\/v2\/media?parent=13959"}],"wp:term":[{"taxonomy":"product_brand","embeddable":true,"href":"https:\/\/srfb.be\/nl\/wp-json\/wp\/v2\/product_brand?post=13959"},{"taxonomy":"product_cat","embeddable":true,"href":"https:\/\/srfb.be\/nl\/wp-json\/wp\/v2\/product_cat?post=13959"},{"taxonomy":"product_tag","embeddable":true,"href":"https:\/\/srfb.be\/nl\/wp-json\/wp\/v2\/product_tag?post=13959"}],"curies":[{"name":"wp","href":"https:\/\/api.w.org\/{rel}","templated":true}]}}