{"id":10923,"date":"2020-03-20T15:03:35","date_gmt":"2020-03-20T15:03:35","guid":{"rendered":"https:\/\/new.srfb.be\/?post_type=product&#038;p=10923"},"modified":"2026-03-03T16:59:15","modified_gmt":"2026-03-03T15:59:15","slug":"connaitre-comprendre-et-proteger-la-foret","status":"publish","type":"product","link":"https:\/\/srfb.be\/nl\/forest-shop\/connaitre-comprendre-et-proteger-la-foret\/","title":{"rendered":"Het bos kennen, begrijpen en beschermen"},"content":{"rendered":"","protected":false},"excerpt":{"rendered":"<p>Inleiding tot bosecologie<br \/>\nBossen vervullen vele essenti\u00eble, zelfs vitale functies, waardoor ze een waardevolle natuurlijke omgeving vormen. Bossen leveren met name het hout dat nodig is voor de bouw, verwarming, meubels en papier.<br \/>\nHet zuivert lucht en water, is het thuis van dier- en plantensoorten, beschermt bodems tegen erosie en speelt een belangrijke rol bij het beperken van klimaatverandering.<br \/>\nIn duidelijke, praktische en toegankelijke taal biedt dit boek iedereen die ge\u00efnteresseerd is in het bos een uitgebreid en synthetisch overzicht van hoe het bos werkt, zodat ze het met een ge\u00efnformeerd oog kunnen bekijken.<br \/>\n16 x 24 cm, 178 pagina's<\/p>\n<p>Auteur:\u00a0<strong>L\u00e9on Mathot<br \/>\n<\/strong>Uitgever: <strong>Nationaal Centrum voor Bosbezit (CNPF)<\/strong><\/p>","protected":false},"featured_media":10924,"comment_status":"open","ping_status":"closed","template":"","meta":{"iawp_total_views":72},"product_brand":[],"product_cat":[691,314],"product_tag":[],"class_list":{"0":"post-10923","1":"product","2":"type-product","3":"status-publish","4":"has-post-thumbnail","6":"product_cat-biodiversite","7":"product_cat-sylviculture","9":"first","10":"instock","11":"shipping-taxable","12":"purchasable","13":"product-type-simple"},"yoast_head":"<!-- This site is optimized with the Yoast SEO plugin v27.3 - https:\/\/yoast.com\/product\/yoast-seo-wordpress\/ -->\n<title>Connaitre, comprendre et prot\u00e9ger la for\u00eat - SRFB<\/title>\n<meta name=\"description\" content=\"La for\u00eat remplit de nombreuses fonctions essentielles. Elle fournit le bois n\u00e9cessaire \u00e0 la construction, au chauffage, a l\u2019ameublement et au papier.\" \/>\n<meta name=\"robots\" content=\"index, follow, max-snippet:-1, max-image-preview:large, max-video-preview:-1\" \/>\n<link rel=\"canonical\" href=\"https:\/\/www.kbbm.be\/de\/forest-shop\/connaitre-comprendre-et-proteger-la-foret\/\" \/>\n<meta property=\"og:locale\" content=\"nl_BE\" \/>\n<meta property=\"og:type\" content=\"article\" \/>\n<meta property=\"og:title\" content=\"Connaitre, comprendre et prot\u00e9ger la for\u00eat - SRFB\" \/>\n<meta property=\"og:description\" content=\"La for\u00eat remplit de nombreuses fonctions essentielles. Elle fournit le bois n\u00e9cessaire \u00e0 la construction, au chauffage, a l\u2019ameublement et au papier.\" \/>\n<meta property=\"og:url\" content=\"https:\/\/www.kbbm.be\/de\/forest-shop\/connaitre-comprendre-et-proteger-la-foret\/\" \/>\n<meta property=\"og:site_name\" content=\"Soci\u00e9t\u00e9 Royale Foresti\u00e8re de Belgique\" \/>\n<meta property=\"article:publisher\" content=\"https:\/\/www.facebook.com\/srfb.be\" \/>\n<meta property=\"article:modified_time\" content=\"2026-03-03T15:59:15+00:00\" \/>\n<meta property=\"og:image\" content=\"https:\/\/www.kbbm.be\/wp-content\/uploads\/2020\/03\/Initiation-\u00e9cologie-scaled.jpg\" \/>\n\t<meta property=\"og:image:width\" content=\"1187\" \/>\n\t<meta property=\"og:image:height\" content=\"1700\" \/>\n\t<meta property=\"og:image:type\" content=\"image\/jpeg\" \/>\n<script type=\"application\/ld+json\" class=\"yoast-schema-graph\">{\"@context\":\"https:\\\/\\\/schema.org\",\"@graph\":[{\"@type\":\"WebPage\",\"@id\":\"https:\\\/\\\/www.kbbm.be\\\/de\\\/forest-shop\\\/connaitre-comprendre-et-proteger-la-foret\\\/\",\"url\":\"https:\\\/\\\/www.kbbm.be\\\/de\\\/forest-shop\\\/connaitre-comprendre-et-proteger-la-foret\\\/\",\"name\":\"Connaitre, comprendre et prot\u00e9ger la for\u00eat - SRFB\",\"isPartOf\":{\"@id\":\"https:\\\/\\\/srfb.be\\\/#website\"},\"primaryImageOfPage\":{\"@id\":\"https:\\\/\\\/www.kbbm.be\\\/de\\\/forest-shop\\\/connaitre-comprendre-et-proteger-la-foret\\\/#primaryimage\"},\"image\":{\"@id\":\"https:\\\/\\\/www.kbbm.be\\\/de\\\/forest-shop\\\/connaitre-comprendre-et-proteger-la-foret\\\/#primaryimage\"},\"thumbnailUrl\":\"https:\\\/\\\/srfb.be\\\/wp-content\\\/uploads\\\/2020\\\/03\\\/Initiation-\u00e9cologie-scaled.jpg\",\"datePublished\":\"2020-03-20T15:03:35+00:00\",\"dateModified\":\"2026-03-03T15:59:15+00:00\",\"description\":\"La for\u00eat remplit de nombreuses fonctions essentielles. Elle fournit le bois n\u00e9cessaire \u00e0 la construction, au chauffage, a l\u2019ameublement et au papier.\",\"breadcrumb\":{\"@id\":\"https:\\\/\\\/www.kbbm.be\\\/de\\\/forest-shop\\\/connaitre-comprendre-et-proteger-la-foret\\\/#breadcrumb\"},\"inLanguage\":\"nl-BE\",\"potentialAction\":[{\"@type\":\"ReadAction\",\"target\":[\"https:\\\/\\\/www.kbbm.be\\\/de\\\/forest-shop\\\/connaitre-comprendre-et-proteger-la-foret\\\/\"]}]},{\"@type\":\"ImageObject\",\"inLanguage\":\"nl-BE\",\"@id\":\"https:\\\/\\\/www.kbbm.be\\\/de\\\/forest-shop\\\/connaitre-comprendre-et-proteger-la-foret\\\/#primaryimage\",\"url\":\"https:\\\/\\\/srfb.be\\\/wp-content\\\/uploads\\\/2020\\\/03\\\/Initiation-\u00e9cologie-scaled.jpg\",\"contentUrl\":\"https:\\\/\\\/srfb.be\\\/wp-content\\\/uploads\\\/2020\\\/03\\\/Initiation-\u00e9cologie-scaled.jpg\",\"width\":1187,\"height\":1700},{\"@type\":\"BreadcrumbList\",\"@id\":\"https:\\\/\\\/www.kbbm.be\\\/de\\\/forest-shop\\\/connaitre-comprendre-et-proteger-la-foret\\\/#breadcrumb\",\"itemListElement\":[{\"@type\":\"ListItem\",\"position\":1,\"name\":\"Accueil\",\"item\":\"https:\\\/\\\/srfb.be\\\/\"},{\"@type\":\"ListItem\",\"position\":2,\"name\":\"Produkte\",\"item\":\"https:\\\/\\\/www.kbbm.be\\\/de\\\/shop\\\/\"},{\"@type\":\"ListItem\",\"position\":3,\"name\":\"Connaitre, comprendre et prot\u00e9ger la for\u00eat\"}]},{\"@type\":\"WebSite\",\"@id\":\"https:\\\/\\\/srfb.be\\\/#website\",\"url\":\"https:\\\/\\\/srfb.be\\\/\",\"name\":\"Soci\u00e9t\u00e9 Royale Foresti\u00e8re de Belgique\",\"description\":\"Au service de la for\u00eat et des forestiers\",\"publisher\":{\"@id\":\"https:\\\/\\\/srfb.be\\\/#organization\"},\"alternateName\":\"SRFB-KBBM\",\"potentialAction\":[{\"@type\":\"SearchAction\",\"target\":{\"@type\":\"EntryPoint\",\"urlTemplate\":\"https:\\\/\\\/srfb.be\\\/?s={search_term_string}\"},\"query-input\":{\"@type\":\"PropertyValueSpecification\",\"valueRequired\":true,\"valueName\":\"search_term_string\"}}],\"inLanguage\":\"nl-BE\"},{\"@type\":\"Organization\",\"@id\":\"https:\\\/\\\/srfb.be\\\/#organization\",\"name\":\"Soci\u00e9t\u00e9 Royale Foresti\u00e8re De Belgique - Koninklijke Belgische Bosbouwmaatschappij\",\"alternateName\":\"SRFB-KBBM\",\"url\":\"https:\\\/\\\/srfb.be\\\/\",\"logo\":{\"@type\":\"ImageObject\",\"inLanguage\":\"nl-BE\",\"@id\":\"https:\\\/\\\/srfb.be\\\/#\\\/schema\\\/logo\\\/image\\\/\",\"url\":\"https:\\\/\\\/srfb.be\\\/wp-content\\\/uploads\\\/2019\\\/06\\\/android-chrome-256x256.png\",\"contentUrl\":\"https:\\\/\\\/srfb.be\\\/wp-content\\\/uploads\\\/2019\\\/06\\\/android-chrome-256x256.png\",\"width\":1200,\"height\":1232,\"caption\":\"Soci\u00e9t\u00e9 Royale Foresti\u00e8re De Belgique - Koninklijke Belgische Bosbouwmaatschappij\"},\"image\":{\"@id\":\"https:\\\/\\\/srfb.be\\\/#\\\/schema\\\/logo\\\/image\\\/\"},\"sameAs\":[\"https:\\\/\\\/www.facebook.com\\\/srfb.be\",\"https:\\\/\\\/www.instagram.com\\\/srfb_kbbm\\\/\",\"https:\\\/\\\/www.linkedin.com\\\/company\\\/srfb-kbbm\\\/\",\"https:\\\/\\\/www.youtube.com\\\/user\\\/srfbkbbm\"]}]}<\/script>\n<!-- \/ Yoast SEO plugin. -->","yoast_head_json":{"title":"Het bos kennen, begrijpen en beschermen - SRFB","description":"Bossen vervullen vele essenti\u00eble functies. Het levert het hout dat nodig is voor de bouw, verwarming, meubels en papier.","robots":{"index":"index","follow":"follow","max-snippet":"max-snippet:-1","max-image-preview":"max-image-preview:large","max-video-preview":"max-video-preview:-1"},"canonical":"https:\/\/www.kbbm.be\/de\/forest-shop\/connaitre-comprendre-et-proteger-la-foret\/","og_locale":"nl_BE","og_type":"article","og_title":"Connaitre, comprendre et prot\u00e9ger la for\u00eat - SRFB","og_description":"La for\u00eat remplit de nombreuses fonctions essentielles. Elle fournit le bois n\u00e9cessaire \u00e0 la construction, au chauffage, a l\u2019ameublement et au papier.","og_url":"https:\/\/www.kbbm.be\/de\/forest-shop\/connaitre-comprendre-et-proteger-la-foret\/","og_site_name":"Soci\u00e9t\u00e9 Royale Foresti\u00e8re de Belgique","article_publisher":"https:\/\/www.facebook.com\/srfb.be","article_modified_time":"2026-03-03T15:59:15+00:00","og_image":[{"width":1187,"height":1700,"url":"https:\/\/www.kbbm.be\/wp-content\/uploads\/2020\/03\/Initiation-\u00e9cologie-scaled.jpg","type":"image\/jpeg"}],"schema":{"@context":"https:\/\/schema.org","@graph":[{"@type":"WebPage","@id":"https:\/\/www.kbbm.be\/de\/forest-shop\/connaitre-comprendre-et-proteger-la-foret\/","url":"https:\/\/www.kbbm.be\/de\/forest-shop\/connaitre-comprendre-et-proteger-la-foret\/","name":"Het bos kennen, begrijpen en beschermen - SRFB","isPartOf":{"@id":"https:\/\/srfb.be\/#website"},"primaryImageOfPage":{"@id":"https:\/\/www.kbbm.be\/de\/forest-shop\/connaitre-comprendre-et-proteger-la-foret\/#primaryimage"},"image":{"@id":"https:\/\/www.kbbm.be\/de\/forest-shop\/connaitre-comprendre-et-proteger-la-foret\/#primaryimage"},"thumbnailUrl":"https:\/\/srfb.be\/wp-content\/uploads\/2020\/03\/Initiation-\u00e9cologie-scaled.jpg","datePublished":"2020-03-20T15:03:35+00:00","dateModified":"2026-03-03T15:59:15+00:00","description":"Bossen vervullen vele essenti\u00eble functies. Het levert het hout dat nodig is voor de bouw, verwarming, meubels en papier.","breadcrumb":{"@id":"https:\/\/www.kbbm.be\/de\/forest-shop\/connaitre-comprendre-et-proteger-la-foret\/#breadcrumb"},"inLanguage":"nl-BE","potentialAction":[{"@type":"ReadAction","target":["https:\/\/www.kbbm.be\/de\/forest-shop\/connaitre-comprendre-et-proteger-la-foret\/"]}]},{"@type":"ImageObject","inLanguage":"nl-BE","@id":"https:\/\/www.kbbm.be\/de\/forest-shop\/connaitre-comprendre-et-proteger-la-foret\/#primaryimage","url":"https:\/\/srfb.be\/wp-content\/uploads\/2020\/03\/Initiation-\u00e9cologie-scaled.jpg","contentUrl":"https:\/\/srfb.be\/wp-content\/uploads\/2020\/03\/Initiation-\u00e9cologie-scaled.jpg","width":1187,"height":1700},{"@type":"BreadcrumbList","@id":"https:\/\/www.kbbm.be\/de\/forest-shop\/connaitre-comprendre-et-proteger-la-foret\/#breadcrumb","itemListElement":[{"@type":"ListItem","position":1,"name":"Accueil","item":"https:\/\/srfb.be\/"},{"@type":"ListItem","position":2,"name":"Produkte","item":"https:\/\/www.kbbm.be\/de\/shop\/"},{"@type":"ListItem","position":3,"name":"Connaitre, comprendre et prot\u00e9ger la for\u00eat"}]},{"@type":"WebSite","@id":"https:\/\/srfb.be\/#website","url":"https:\/\/srfb.be\/","name":"Koninklijke Belgische Bosbouwmaatschappij","description":"Ten dienste van het bos en de bosbouwers","publisher":{"@id":"https:\/\/srfb.be\/#organization"},"alternateName":"SRFB-KBBM","potentialAction":[{"@type":"SearchAction","target":{"@type":"EntryPoint","urlTemplate":"https:\/\/srfb.be\/?s={search_term_string}"},"query-input":{"@type":"PropertyValueSpecification","valueRequired":true,"valueName":"search_term_string"}}],"inLanguage":"nl-BE"},{"@type":"Organization","@id":"https:\/\/srfb.be\/#organization","name":"Soci\u00e9t\u00e9 Royale Foresti\u00e8re De Belgique - Koninklijke Belgische Bosbouwmaatschappij","alternateName":"SRFB-KBBM","url":"https:\/\/srfb.be\/","logo":{"@type":"ImageObject","inLanguage":"nl-BE","@id":"https:\/\/srfb.be\/#\/schema\/logo\/image\/","url":"https:\/\/srfb.be\/wp-content\/uploads\/2019\/06\/android-chrome-256x256.png","contentUrl":"https:\/\/srfb.be\/wp-content\/uploads\/2019\/06\/android-chrome-256x256.png","width":1200,"height":1232,"caption":"Soci\u00e9t\u00e9 Royale Foresti\u00e8re De Belgique - Koninklijke Belgische Bosbouwmaatschappij"},"image":{"@id":"https:\/\/srfb.be\/#\/schema\/logo\/image\/"},"sameAs":["https:\/\/www.facebook.com\/srfb.be","https:\/\/www.instagram.com\/srfb_kbbm\/","https:\/\/www.linkedin.com\/company\/srfb-kbbm\/","https:\/\/www.youtube.com\/user\/srfbkbbm"]}]}},"_links":{"self":[{"href":"https:\/\/srfb.be\/nl\/wp-json\/wp\/v2\/product\/10923","targetHints":{"allow":["GET"]}}],"collection":[{"href":"https:\/\/srfb.be\/nl\/wp-json\/wp\/v2\/product"}],"about":[{"href":"https:\/\/srfb.be\/nl\/wp-json\/wp\/v2\/types\/product"}],"replies":[{"embeddable":true,"href":"https:\/\/srfb.be\/nl\/wp-json\/wp\/v2\/comments?post=10923"}],"wp:featuredmedia":[{"embeddable":true,"href":"https:\/\/srfb.be\/nl\/wp-json\/wp\/v2\/media\/10924"}],"wp:attachment":[{"href":"https:\/\/srfb.be\/nl\/wp-json\/wp\/v2\/media?parent=10923"}],"wp:term":[{"taxonomy":"product_brand","embeddable":true,"href":"https:\/\/srfb.be\/nl\/wp-json\/wp\/v2\/product_brand?post=10923"},{"taxonomy":"product_cat","embeddable":true,"href":"https:\/\/srfb.be\/nl\/wp-json\/wp\/v2\/product_cat?post=10923"},{"taxonomy":"product_tag","embeddable":true,"href":"https:\/\/srfb.be\/nl\/wp-json\/wp\/v2\/product_tag?post=10923"}],"curies":[{"name":"wp","href":"https:\/\/api.w.org\/{rel}","templated":true}]}}