{"id":10919,"date":"2020-03-20T15:00:00","date_gmt":"2020-03-20T15:00:00","guid":{"rendered":"https:\/\/new.srfb.be\/?post_type=product&#038;p=10919"},"modified":"2026-03-03T16:51:34","modified_gmt":"2026-03-03T15:51:34","slug":"le-champignon-allie-de-larbre-et-de-la-foret","status":"publish","type":"product","link":"https:\/\/srfb.be\/nl\/forest-shop\/le-champignon-allie-de-larbre-et-de-la-foret\/","title":{"rendered":"Paddenstoelen, bondgenoten van bomen en bossen"},"content":{"rendered":"","protected":false},"excerpt":{"rendered":"<p>Meer weten over de geheime, ondergrondse wereld van paddenstoelen, die zich pas aan ons openbaart als ze vruchten dragen, is een eerste vereiste om ze te respecteren, te beschermen en te promoten via aangepaste bosbouw, terwijl we hun bijdrage aan de goede werking van het bos en de toegevoegde waarde van verstandig oogsten optimaal benutten.<br \/>\n21 x 29,7 cm, 46 pagina's<\/p>","protected":false},"featured_media":10921,"comment_status":"open","ping_status":"closed","template":"","meta":{"iawp_total_views":73},"product_brand":[],"product_cat":[691,688],"product_tag":[],"class_list":{"0":"post-10919","1":"product","2":"type-product","3":"status-publish","4":"has-post-thumbnail","6":"product_cat-biodiversite","7":"product_cat-sante-des-forets","9":"first","10":"instock","11":"shipping-taxable","12":"purchasable","13":"product-type-simple"},"yoast_head":"<!-- This site is optimized with the Yoast SEO plugin v27.4 - https:\/\/yoast.com\/product\/yoast-seo-wordpress\/ -->\n<title>Le champignon, alli\u00e9 de l\u2019arbre et de la for\u00eat - SRFB<\/title>\n<meta name=\"description\" content=\"Mieux conna\u00eetre l\u2019univers secret et souterrain des champignons constitue un pr\u00e9alable qui aidera \u00e0 les respecter, les prot\u00e9ger et les favoriser.\" \/>\n<meta name=\"robots\" content=\"index, follow, max-snippet:-1, max-image-preview:large, max-video-preview:-1\" \/>\n<link rel=\"canonical\" href=\"https:\/\/kbbm.be\/forest-shop\/le-champignon-allie-de-larbre-et-de-la-foret\/\" \/>\n<meta property=\"og:locale\" content=\"nl_BE\" \/>\n<meta property=\"og:type\" content=\"article\" \/>\n<meta property=\"og:title\" content=\"Le champignon, alli\u00e9 de l\u2019arbre et de la for\u00eat - SRFB\" \/>\n<meta property=\"og:description\" content=\"Mieux conna\u00eetre l\u2019univers secret et souterrain des champignons constitue un pr\u00e9alable qui aidera \u00e0 les respecter, les prot\u00e9ger et les favoriser.\" \/>\n<meta property=\"og:url\" content=\"https:\/\/kbbm.be\/forest-shop\/le-champignon-allie-de-larbre-et-de-la-foret\/\" \/>\n<meta property=\"og:site_name\" content=\"Soci\u00e9t\u00e9 Royale Foresti\u00e8re de Belgique\" \/>\n<meta property=\"article:publisher\" content=\"https:\/\/www.facebook.com\/srfb.be\" \/>\n<meta property=\"article:modified_time\" content=\"2026-03-03T15:51:34+00:00\" \/>\n<meta property=\"og:image\" content=\"https:\/\/kbbm.be\/wp-content\/uploads\/2020\/03\/Champignon_allie-arbre-scaled.jpg\" \/>\n\t<meta property=\"og:image:width\" content=\"1185\" \/>\n\t<meta property=\"og:image:height\" content=\"1700\" \/>\n\t<meta property=\"og:image:type\" content=\"image\/jpeg\" \/>\n<script type=\"application\/ld+json\" class=\"yoast-schema-graph\">{\"@context\":\"https:\\\/\\\/schema.org\",\"@graph\":[{\"@type\":\"WebPage\",\"@id\":\"https:\\\/\\\/kbbm.be\\\/forest-shop\\\/le-champignon-allie-de-larbre-et-de-la-foret\\\/\",\"url\":\"https:\\\/\\\/kbbm.be\\\/forest-shop\\\/le-champignon-allie-de-larbre-et-de-la-foret\\\/\",\"name\":\"Le champignon, alli\u00e9 de l\u2019arbre et de la for\u00eat - SRFB\",\"isPartOf\":{\"@id\":\"https:\\\/\\\/kbbm.be\\\/en\\\/#website\"},\"primaryImageOfPage\":{\"@id\":\"https:\\\/\\\/kbbm.be\\\/forest-shop\\\/le-champignon-allie-de-larbre-et-de-la-foret\\\/#primaryimage\"},\"image\":{\"@id\":\"https:\\\/\\\/kbbm.be\\\/forest-shop\\\/le-champignon-allie-de-larbre-et-de-la-foret\\\/#primaryimage\"},\"thumbnailUrl\":\"https:\\\/\\\/srfb.be\\\/wp-content\\\/uploads\\\/2020\\\/03\\\/Champignon_allie-arbre-scaled.jpg\",\"datePublished\":\"2020-03-20T15:00:00+00:00\",\"dateModified\":\"2026-03-03T15:51:34+00:00\",\"description\":\"Mieux conna\u00eetre l\u2019univers secret et souterrain des champignons constitue un pr\u00e9alable qui aidera \u00e0 les respecter, les prot\u00e9ger et les favoriser.\",\"breadcrumb\":{\"@id\":\"https:\\\/\\\/kbbm.be\\\/forest-shop\\\/le-champignon-allie-de-larbre-et-de-la-foret\\\/#breadcrumb\"},\"inLanguage\":\"nl-BE\",\"potentialAction\":[{\"@type\":\"ReadAction\",\"target\":[\"https:\\\/\\\/kbbm.be\\\/forest-shop\\\/le-champignon-allie-de-larbre-et-de-la-foret\\\/\"]}]},{\"@type\":\"ImageObject\",\"inLanguage\":\"nl-BE\",\"@id\":\"https:\\\/\\\/kbbm.be\\\/forest-shop\\\/le-champignon-allie-de-larbre-et-de-la-foret\\\/#primaryimage\",\"url\":\"https:\\\/\\\/srfb.be\\\/wp-content\\\/uploads\\\/2020\\\/03\\\/Champignon_allie-arbre-scaled.jpg\",\"contentUrl\":\"https:\\\/\\\/srfb.be\\\/wp-content\\\/uploads\\\/2020\\\/03\\\/Champignon_allie-arbre-scaled.jpg\",\"width\":1185,\"height\":1700},{\"@type\":\"BreadcrumbList\",\"@id\":\"https:\\\/\\\/kbbm.be\\\/forest-shop\\\/le-champignon-allie-de-larbre-et-de-la-foret\\\/#breadcrumb\",\"itemListElement\":[{\"@type\":\"ListItem\",\"position\":1,\"name\":\"Accueil\",\"item\":\"https:\\\/\\\/kbbm.be\\\/en\\\/\"},{\"@type\":\"ListItem\",\"position\":2,\"name\":\"Produits\",\"item\":\"https:\\\/\\\/srfb.be\\\/shop\\\/\"},{\"@type\":\"ListItem\",\"position\":3,\"name\":\"Le champignon, alli\u00e9 de l\u2019arbre et de la for\u00eat\"}]},{\"@type\":\"WebSite\",\"@id\":\"https:\\\/\\\/kbbm.be\\\/en\\\/#website\",\"url\":\"https:\\\/\\\/kbbm.be\\\/en\\\/\",\"name\":\"Soci\u00e9t\u00e9 Royale Foresti\u00e8re de Belgique\",\"description\":\"Au service de la for\u00eat et des forestiers\",\"publisher\":{\"@id\":\"https:\\\/\\\/kbbm.be\\\/en\\\/#organization\"},\"alternateName\":\"SRFB-KBBM\",\"potentialAction\":[{\"@type\":\"SearchAction\",\"target\":{\"@type\":\"EntryPoint\",\"urlTemplate\":\"https:\\\/\\\/kbbm.be\\\/en\\\/?s={search_term_string}\"},\"query-input\":{\"@type\":\"PropertyValueSpecification\",\"valueRequired\":true,\"valueName\":\"search_term_string\"}}],\"inLanguage\":\"nl-BE\"},{\"@type\":\"Organization\",\"@id\":\"https:\\\/\\\/kbbm.be\\\/en\\\/#organization\",\"name\":\"Soci\u00e9t\u00e9 Royale Foresti\u00e8re De Belgique - Koninklijke Belgische Bosbouwmaatschappij\",\"alternateName\":\"SRFB-KBBM\",\"url\":\"https:\\\/\\\/kbbm.be\\\/en\\\/\",\"logo\":{\"@type\":\"ImageObject\",\"inLanguage\":\"nl-BE\",\"@id\":\"https:\\\/\\\/kbbm.be\\\/en\\\/#\\\/schema\\\/logo\\\/image\\\/\",\"url\":\"https:\\\/\\\/srfb.be\\\/wp-content\\\/uploads\\\/2019\\\/06\\\/android-chrome-256x256.png\",\"contentUrl\":\"https:\\\/\\\/srfb.be\\\/wp-content\\\/uploads\\\/2019\\\/06\\\/android-chrome-256x256.png\",\"width\":1200,\"height\":1232,\"caption\":\"Soci\u00e9t\u00e9 Royale Foresti\u00e8re De Belgique - Koninklijke Belgische Bosbouwmaatschappij\"},\"image\":{\"@id\":\"https:\\\/\\\/kbbm.be\\\/en\\\/#\\\/schema\\\/logo\\\/image\\\/\"},\"sameAs\":[\"https:\\\/\\\/www.facebook.com\\\/srfb.be\",\"https:\\\/\\\/www.instagram.com\\\/srfb_kbbm\\\/\",\"https:\\\/\\\/www.linkedin.com\\\/company\\\/srfb-kbbm\\\/\",\"https:\\\/\\\/www.youtube.com\\\/user\\\/srfbkbbm\"]}]}<\/script>\n<!-- \/ Yoast SEO plugin. -->","yoast_head_json":{"title":"Paddenstoelen, bondgenoten van bomen en bossen - SRFB","description":"Meer weten over de geheime, ondergrondse wereld van paddenstoelen is een eerste vereiste om ze te respecteren, te beschermen en te promoten.","robots":{"index":"index","follow":"follow","max-snippet":"max-snippet:-1","max-image-preview":"max-image-preview:large","max-video-preview":"max-video-preview:-1"},"canonical":"https:\/\/kbbm.be\/forest-shop\/le-champignon-allie-de-larbre-et-de-la-foret\/","og_locale":"nl_BE","og_type":"article","og_title":"Le champignon, alli\u00e9 de l\u2019arbre et de la for\u00eat - SRFB","og_description":"Mieux conna\u00eetre l\u2019univers secret et souterrain des champignons constitue un pr\u00e9alable qui aidera \u00e0 les respecter, les prot\u00e9ger et les favoriser.","og_url":"https:\/\/kbbm.be\/forest-shop\/le-champignon-allie-de-larbre-et-de-la-foret\/","og_site_name":"Soci\u00e9t\u00e9 Royale Foresti\u00e8re de Belgique","article_publisher":"https:\/\/www.facebook.com\/srfb.be","article_modified_time":"2026-03-03T15:51:34+00:00","og_image":[{"width":1185,"height":1700,"url":"https:\/\/kbbm.be\/wp-content\/uploads\/2020\/03\/Champignon_allie-arbre-scaled.jpg","type":"image\/jpeg"}],"schema":{"@context":"https:\/\/schema.org","@graph":[{"@type":"WebPage","@id":"https:\/\/kbbm.be\/forest-shop\/le-champignon-allie-de-larbre-et-de-la-foret\/","url":"https:\/\/kbbm.be\/forest-shop\/le-champignon-allie-de-larbre-et-de-la-foret\/","name":"Paddenstoelen, bondgenoten van bomen en bossen - SRFB","isPartOf":{"@id":"https:\/\/kbbm.be\/en\/#website"},"primaryImageOfPage":{"@id":"https:\/\/kbbm.be\/forest-shop\/le-champignon-allie-de-larbre-et-de-la-foret\/#primaryimage"},"image":{"@id":"https:\/\/kbbm.be\/forest-shop\/le-champignon-allie-de-larbre-et-de-la-foret\/#primaryimage"},"thumbnailUrl":"https:\/\/srfb.be\/wp-content\/uploads\/2020\/03\/Champignon_allie-arbre-scaled.jpg","datePublished":"2020-03-20T15:00:00+00:00","dateModified":"2026-03-03T15:51:34+00:00","description":"Meer weten over de geheime, ondergrondse wereld van paddenstoelen is een eerste vereiste om ze te respecteren, te beschermen en te promoten.","breadcrumb":{"@id":"https:\/\/kbbm.be\/forest-shop\/le-champignon-allie-de-larbre-et-de-la-foret\/#breadcrumb"},"inLanguage":"nl-BE","potentialAction":[{"@type":"ReadAction","target":["https:\/\/kbbm.be\/forest-shop\/le-champignon-allie-de-larbre-et-de-la-foret\/"]}]},{"@type":"ImageObject","inLanguage":"nl-BE","@id":"https:\/\/kbbm.be\/forest-shop\/le-champignon-allie-de-larbre-et-de-la-foret\/#primaryimage","url":"https:\/\/srfb.be\/wp-content\/uploads\/2020\/03\/Champignon_allie-arbre-scaled.jpg","contentUrl":"https:\/\/srfb.be\/wp-content\/uploads\/2020\/03\/Champignon_allie-arbre-scaled.jpg","width":1185,"height":1700},{"@type":"BreadcrumbList","@id":"https:\/\/kbbm.be\/forest-shop\/le-champignon-allie-de-larbre-et-de-la-foret\/#breadcrumb","itemListElement":[{"@type":"ListItem","position":1,"name":"Accueil","item":"https:\/\/kbbm.be\/en\/"},{"@type":"ListItem","position":2,"name":"Produits","item":"https:\/\/srfb.be\/shop\/"},{"@type":"ListItem","position":3,"name":"Le champignon, alli\u00e9 de l\u2019arbre et de la for\u00eat"}]},{"@type":"WebSite","@id":"https:\/\/kbbm.be\/en\/#website","url":"https:\/\/kbbm.be\/en\/","name":"Koninklijke Belgische Bosbouwmaatschappij","description":"Ten dienste van het bos en de bosbouwers","publisher":{"@id":"https:\/\/kbbm.be\/en\/#organization"},"alternateName":"SRFB-KBBM","potentialAction":[{"@type":"SearchAction","target":{"@type":"EntryPoint","urlTemplate":"https:\/\/kbbm.be\/en\/?s={search_term_string}"},"query-input":{"@type":"PropertyValueSpecification","valueRequired":true,"valueName":"search_term_string"}}],"inLanguage":"nl-BE"},{"@type":"Organization","@id":"https:\/\/kbbm.be\/en\/#organization","name":"Soci\u00e9t\u00e9 Royale Foresti\u00e8re De Belgique - Koninklijke Belgische Bosbouwmaatschappij","alternateName":"SRFB-KBBM","url":"https:\/\/kbbm.be\/en\/","logo":{"@type":"ImageObject","inLanguage":"nl-BE","@id":"https:\/\/kbbm.be\/en\/#\/schema\/logo\/image\/","url":"https:\/\/srfb.be\/wp-content\/uploads\/2019\/06\/android-chrome-256x256.png","contentUrl":"https:\/\/srfb.be\/wp-content\/uploads\/2019\/06\/android-chrome-256x256.png","width":1200,"height":1232,"caption":"Soci\u00e9t\u00e9 Royale Foresti\u00e8re De Belgique - Koninklijke Belgische Bosbouwmaatschappij"},"image":{"@id":"https:\/\/kbbm.be\/en\/#\/schema\/logo\/image\/"},"sameAs":["https:\/\/www.facebook.com\/srfb.be","https:\/\/www.instagram.com\/srfb_kbbm\/","https:\/\/www.linkedin.com\/company\/srfb-kbbm\/","https:\/\/www.youtube.com\/user\/srfbkbbm"]}]}},"_links":{"self":[{"href":"https:\/\/srfb.be\/nl\/wp-json\/wp\/v2\/product\/10919","targetHints":{"allow":["GET"]}}],"collection":[{"href":"https:\/\/srfb.be\/nl\/wp-json\/wp\/v2\/product"}],"about":[{"href":"https:\/\/srfb.be\/nl\/wp-json\/wp\/v2\/types\/product"}],"replies":[{"embeddable":true,"href":"https:\/\/srfb.be\/nl\/wp-json\/wp\/v2\/comments?post=10919"}],"wp:featuredmedia":[{"embeddable":true,"href":"https:\/\/srfb.be\/nl\/wp-json\/wp\/v2\/media\/10921"}],"wp:attachment":[{"href":"https:\/\/srfb.be\/nl\/wp-json\/wp\/v2\/media?parent=10919"}],"wp:term":[{"taxonomy":"product_brand","embeddable":true,"href":"https:\/\/srfb.be\/nl\/wp-json\/wp\/v2\/product_brand?post=10919"},{"taxonomy":"product_cat","embeddable":true,"href":"https:\/\/srfb.be\/nl\/wp-json\/wp\/v2\/product_cat?post=10919"},{"taxonomy":"product_tag","embeddable":true,"href":"https:\/\/srfb.be\/nl\/wp-json\/wp\/v2\/product_tag?post=10919"}],"curies":[{"name":"wp","href":"https:\/\/api.w.org\/{rel}","templated":true}]}}