{"id":10909,"date":"2020-03-20T14:55:33","date_gmt":"2020-03-20T14:55:33","guid":{"rendered":"https:\/\/new.srfb.be\/?post_type=product&#038;p=10909"},"modified":"2026-03-03T16:58:44","modified_gmt":"2026-03-03T15:58:44","slug":"oiseaux-et-foret-une-alliance-naturelle","status":"publish","type":"product","link":"https:\/\/srfb.be\/nl\/forest-shop\/oiseaux-et-foret-une-alliance-naturelle\/","title":{"rendered":"Vogels en bossen, een natuurlijke alliantie"},"content":{"rendered":"","protected":false},"excerpt":{"rendered":"<p>Frankrijk herbergt meer dan 400 vogelsoorten, de helft van het totaal in Europa. Het Franse bos en de bijbehorende habitats herbergen op hun beurt de helft van alle vogelsoorten van het land.<br \/>\nMaar de vogel is niet alleen een eenvoudige bewoner van het bos waar hij voedsel vindt en een plek om zich voort te planten; hij is ook een vakman die effectief werkt om het bos te beschermen tegen zijn vijanden en actief bijdraagt aan de regeneratie ervan.<br \/>\nMet flashcodes om naar het gezang van de vogels te luisteren!<br \/>\n21 x 29,7 cm, 46 pagina's<\/p>","protected":false},"featured_media":10911,"comment_status":"open","ping_status":"closed","template":"","meta":{"iawp_total_views":127},"product_brand":[],"product_cat":[691],"product_tag":[],"class_list":{"0":"post-10909","1":"product","2":"type-product","3":"status-publish","4":"has-post-thumbnail","6":"product_cat-biodiversite","8":"first","9":"instock","10":"shipping-taxable","11":"purchasable","12":"product-type-simple"},"yoast_head":"<!-- This site is optimized with the Yoast SEO plugin v27.4 - https:\/\/yoast.com\/product\/yoast-seo-wordpress\/ -->\n<title>Oiseaux et for\u00eat, une alliance naturelle - SRFB<\/title>\n<meta name=\"description\" content=\"La for\u00eat fran\u00e7aise et ses habitats associ\u00e9s sont riches de plus de 400 esp\u00e8ces d\u2019oiseaux, soit la moiti\u00e9 des esp\u00e8ces d\u2019oiseaux d\u2019Europe.\" \/>\n<meta name=\"robots\" content=\"index, follow, max-snippet:-1, max-image-preview:large, max-video-preview:-1\" \/>\n<link rel=\"canonical\" href=\"https:\/\/srfb.be\/nl\/forest-shop\/oiseaux-et-foret-une-alliance-naturelle\/\" \/>\n<meta property=\"og:locale\" content=\"nl_BE\" \/>\n<meta property=\"og:type\" content=\"article\" \/>\n<meta property=\"og:title\" content=\"Oiseaux et for\u00eat, une alliance naturelle - SRFB\" \/>\n<meta property=\"og:description\" content=\"La for\u00eat fran\u00e7aise et ses habitats associ\u00e9s sont riches de plus de 400 esp\u00e8ces d\u2019oiseaux, soit la moiti\u00e9 des esp\u00e8ces d\u2019oiseaux d\u2019Europe.\" \/>\n<meta property=\"og:url\" content=\"https:\/\/srfb.be\/nl\/forest-shop\/oiseaux-et-foret-une-alliance-naturelle\/\" \/>\n<meta property=\"og:site_name\" content=\"Soci\u00e9t\u00e9 Royale Foresti\u00e8re de Belgique\" \/>\n<meta property=\"article:publisher\" content=\"https:\/\/www.facebook.com\/srfb.be\" \/>\n<meta property=\"article:modified_time\" content=\"2026-03-03T15:58:44+00:00\" \/>\n<meta property=\"og:image\" content=\"https:\/\/srfb.be\/wp-content\/uploads\/2020\/03\/oiseaux_et_foret-scaled.jpg\" \/>\n\t<meta property=\"og:image:width\" content=\"1187\" \/>\n\t<meta property=\"og:image:height\" content=\"1700\" \/>\n\t<meta property=\"og:image:type\" content=\"image\/jpeg\" \/>\n<script type=\"application\/ld+json\" class=\"yoast-schema-graph\">{\"@context\":\"https:\\\/\\\/schema.org\",\"@graph\":[{\"@type\":\"WebPage\",\"@id\":\"https:\\\/\\\/srfb.be\\\/nl\\\/forest-shop\\\/oiseaux-et-foret-une-alliance-naturelle\\\/\",\"url\":\"https:\\\/\\\/srfb.be\\\/nl\\\/forest-shop\\\/oiseaux-et-foret-une-alliance-naturelle\\\/\",\"name\":\"Oiseaux et for\u00eat, une alliance naturelle - SRFB\",\"isPartOf\":{\"@id\":\"https:\\\/\\\/srfb.be\\\/#website\"},\"primaryImageOfPage\":{\"@id\":\"https:\\\/\\\/srfb.be\\\/nl\\\/forest-shop\\\/oiseaux-et-foret-une-alliance-naturelle\\\/#primaryimage\"},\"image\":{\"@id\":\"https:\\\/\\\/srfb.be\\\/nl\\\/forest-shop\\\/oiseaux-et-foret-une-alliance-naturelle\\\/#primaryimage\"},\"thumbnailUrl\":\"https:\\\/\\\/srfb.be\\\/wp-content\\\/uploads\\\/2020\\\/03\\\/oiseaux_et_foret-scaled.jpg\",\"datePublished\":\"2020-03-20T14:55:33+00:00\",\"dateModified\":\"2026-03-03T15:58:44+00:00\",\"description\":\"La for\u00eat fran\u00e7aise et ses habitats associ\u00e9s sont riches de plus de 400 esp\u00e8ces d\u2019oiseaux, soit la moiti\u00e9 des esp\u00e8ces d\u2019oiseaux d\u2019Europe.\",\"breadcrumb\":{\"@id\":\"https:\\\/\\\/srfb.be\\\/nl\\\/forest-shop\\\/oiseaux-et-foret-une-alliance-naturelle\\\/#breadcrumb\"},\"inLanguage\":\"nl-BE\",\"potentialAction\":[{\"@type\":\"ReadAction\",\"target\":[\"https:\\\/\\\/srfb.be\\\/nl\\\/forest-shop\\\/oiseaux-et-foret-une-alliance-naturelle\\\/\"]}]},{\"@type\":\"ImageObject\",\"inLanguage\":\"nl-BE\",\"@id\":\"https:\\\/\\\/srfb.be\\\/nl\\\/forest-shop\\\/oiseaux-et-foret-une-alliance-naturelle\\\/#primaryimage\",\"url\":\"https:\\\/\\\/srfb.be\\\/wp-content\\\/uploads\\\/2020\\\/03\\\/oiseaux_et_foret-scaled.jpg\",\"contentUrl\":\"https:\\\/\\\/srfb.be\\\/wp-content\\\/uploads\\\/2020\\\/03\\\/oiseaux_et_foret-scaled.jpg\",\"width\":1187,\"height\":1700},{\"@type\":\"BreadcrumbList\",\"@id\":\"https:\\\/\\\/srfb.be\\\/nl\\\/forest-shop\\\/oiseaux-et-foret-une-alliance-naturelle\\\/#breadcrumb\",\"itemListElement\":[{\"@type\":\"ListItem\",\"position\":1,\"name\":\"Accueil\",\"item\":\"https:\\\/\\\/srfb.be\\\/en\\\/\"},{\"@type\":\"ListItem\",\"position\":2,\"name\":\"Produkte\",\"item\":\"https:\\\/\\\/srfb.be\\\/de\\\/shop\\\/\"},{\"@type\":\"ListItem\",\"position\":3,\"name\":\"Oiseaux et for\u00eat, une alliance naturelle\"}]},{\"@type\":\"WebSite\",\"@id\":\"https:\\\/\\\/srfb.be\\\/#website\",\"url\":\"https:\\\/\\\/srfb.be\\\/\",\"name\":\"Soci\u00e9t\u00e9 Royale Foresti\u00e8re de Belgique\",\"description\":\"Au service de la for\u00eat et des forestiers\",\"publisher\":{\"@id\":\"https:\\\/\\\/srfb.be\\\/#organization\"},\"alternateName\":\"SRFB-KBBM\",\"potentialAction\":[{\"@type\":\"SearchAction\",\"target\":{\"@type\":\"EntryPoint\",\"urlTemplate\":\"https:\\\/\\\/srfb.be\\\/?s={search_term_string}\"},\"query-input\":{\"@type\":\"PropertyValueSpecification\",\"valueRequired\":true,\"valueName\":\"search_term_string\"}}],\"inLanguage\":\"nl-BE\"},{\"@type\":\"Organization\",\"@id\":\"https:\\\/\\\/srfb.be\\\/#organization\",\"name\":\"Soci\u00e9t\u00e9 Royale Foresti\u00e8re De Belgique - Koninklijke Belgische Bosbouwmaatschappij\",\"alternateName\":\"SRFB-KBBM\",\"url\":\"https:\\\/\\\/srfb.be\\\/\",\"logo\":{\"@type\":\"ImageObject\",\"inLanguage\":\"nl-BE\",\"@id\":\"https:\\\/\\\/srfb.be\\\/#\\\/schema\\\/logo\\\/image\\\/\",\"url\":\"https:\\\/\\\/srfb.be\\\/wp-content\\\/uploads\\\/2019\\\/06\\\/android-chrome-256x256.png\",\"contentUrl\":\"https:\\\/\\\/srfb.be\\\/wp-content\\\/uploads\\\/2019\\\/06\\\/android-chrome-256x256.png\",\"width\":1200,\"height\":1232,\"caption\":\"Soci\u00e9t\u00e9 Royale Foresti\u00e8re De Belgique - Koninklijke Belgische Bosbouwmaatschappij\"},\"image\":{\"@id\":\"https:\\\/\\\/srfb.be\\\/#\\\/schema\\\/logo\\\/image\\\/\"},\"sameAs\":[\"https:\\\/\\\/www.facebook.com\\\/srfb.be\",\"https:\\\/\\\/www.instagram.com\\\/srfb_kbbm\\\/\",\"https:\\\/\\\/www.linkedin.com\\\/company\\\/srfb-kbbm\\\/\",\"https:\\\/\\\/www.youtube.com\\\/user\\\/srfbkbbm\"]}]}<\/script>\n<!-- \/ Yoast SEO plugin. -->","yoast_head_json":{"title":"Vogels en bossen, een natuurlijke alliantie - SRFB","description":"In het Franse bos en de bijbehorende habitats leven meer dan 400 vogelsoorten, de helft van alle vogelsoorten in Europa.","robots":{"index":"index","follow":"follow","max-snippet":"max-snippet:-1","max-image-preview":"max-image-preview:large","max-video-preview":"max-video-preview:-1"},"canonical":"https:\/\/srfb.be\/nl\/forest-shop\/oiseaux-et-foret-une-alliance-naturelle\/","og_locale":"nl_BE","og_type":"article","og_title":"Oiseaux et for\u00eat, une alliance naturelle - SRFB","og_description":"La for\u00eat fran\u00e7aise et ses habitats associ\u00e9s sont riches de plus de 400 esp\u00e8ces d\u2019oiseaux, soit la moiti\u00e9 des esp\u00e8ces d\u2019oiseaux d\u2019Europe.","og_url":"https:\/\/srfb.be\/nl\/forest-shop\/oiseaux-et-foret-une-alliance-naturelle\/","og_site_name":"Soci\u00e9t\u00e9 Royale Foresti\u00e8re de Belgique","article_publisher":"https:\/\/www.facebook.com\/srfb.be","article_modified_time":"2026-03-03T15:58:44+00:00","og_image":[{"width":1187,"height":1700,"url":"https:\/\/srfb.be\/wp-content\/uploads\/2020\/03\/oiseaux_et_foret-scaled.jpg","type":"image\/jpeg"}],"schema":{"@context":"https:\/\/schema.org","@graph":[{"@type":"WebPage","@id":"https:\/\/srfb.be\/nl\/forest-shop\/oiseaux-et-foret-une-alliance-naturelle\/","url":"https:\/\/srfb.be\/nl\/forest-shop\/oiseaux-et-foret-une-alliance-naturelle\/","name":"Vogels en bossen, een natuurlijke alliantie - SRFB","isPartOf":{"@id":"https:\/\/srfb.be\/#website"},"primaryImageOfPage":{"@id":"https:\/\/srfb.be\/nl\/forest-shop\/oiseaux-et-foret-une-alliance-naturelle\/#primaryimage"},"image":{"@id":"https:\/\/srfb.be\/nl\/forest-shop\/oiseaux-et-foret-une-alliance-naturelle\/#primaryimage"},"thumbnailUrl":"https:\/\/srfb.be\/wp-content\/uploads\/2020\/03\/oiseaux_et_foret-scaled.jpg","datePublished":"2020-03-20T14:55:33+00:00","dateModified":"2026-03-03T15:58:44+00:00","description":"In het Franse bos en de bijbehorende habitats leven meer dan 400 vogelsoorten, de helft van alle vogelsoorten in Europa.","breadcrumb":{"@id":"https:\/\/srfb.be\/nl\/forest-shop\/oiseaux-et-foret-une-alliance-naturelle\/#breadcrumb"},"inLanguage":"nl-BE","potentialAction":[{"@type":"ReadAction","target":["https:\/\/srfb.be\/nl\/forest-shop\/oiseaux-et-foret-une-alliance-naturelle\/"]}]},{"@type":"ImageObject","inLanguage":"nl-BE","@id":"https:\/\/srfb.be\/nl\/forest-shop\/oiseaux-et-foret-une-alliance-naturelle\/#primaryimage","url":"https:\/\/srfb.be\/wp-content\/uploads\/2020\/03\/oiseaux_et_foret-scaled.jpg","contentUrl":"https:\/\/srfb.be\/wp-content\/uploads\/2020\/03\/oiseaux_et_foret-scaled.jpg","width":1187,"height":1700},{"@type":"BreadcrumbList","@id":"https:\/\/srfb.be\/nl\/forest-shop\/oiseaux-et-foret-une-alliance-naturelle\/#breadcrumb","itemListElement":[{"@type":"ListItem","position":1,"name":"Accueil","item":"https:\/\/srfb.be\/en\/"},{"@type":"ListItem","position":2,"name":"Produkte","item":"https:\/\/srfb.be\/de\/shop\/"},{"@type":"ListItem","position":3,"name":"Oiseaux et for\u00eat, une alliance naturelle"}]},{"@type":"WebSite","@id":"https:\/\/srfb.be\/#website","url":"https:\/\/srfb.be\/","name":"Koninklijke Belgische Bosbouwmaatschappij","description":"Ten dienste van het bos en de bosbouwers","publisher":{"@id":"https:\/\/srfb.be\/#organization"},"alternateName":"SRFB-KBBM","potentialAction":[{"@type":"SearchAction","target":{"@type":"EntryPoint","urlTemplate":"https:\/\/srfb.be\/?s={search_term_string}"},"query-input":{"@type":"PropertyValueSpecification","valueRequired":true,"valueName":"search_term_string"}}],"inLanguage":"nl-BE"},{"@type":"Organization","@id":"https:\/\/srfb.be\/#organization","name":"Soci\u00e9t\u00e9 Royale Foresti\u00e8re De Belgique - Koninklijke Belgische Bosbouwmaatschappij","alternateName":"SRFB-KBBM","url":"https:\/\/srfb.be\/","logo":{"@type":"ImageObject","inLanguage":"nl-BE","@id":"https:\/\/srfb.be\/#\/schema\/logo\/image\/","url":"https:\/\/srfb.be\/wp-content\/uploads\/2019\/06\/android-chrome-256x256.png","contentUrl":"https:\/\/srfb.be\/wp-content\/uploads\/2019\/06\/android-chrome-256x256.png","width":1200,"height":1232,"caption":"Soci\u00e9t\u00e9 Royale Foresti\u00e8re De Belgique - Koninklijke Belgische Bosbouwmaatschappij"},"image":{"@id":"https:\/\/srfb.be\/#\/schema\/logo\/image\/"},"sameAs":["https:\/\/www.facebook.com\/srfb.be","https:\/\/www.instagram.com\/srfb_kbbm\/","https:\/\/www.linkedin.com\/company\/srfb-kbbm\/","https:\/\/www.youtube.com\/user\/srfbkbbm"]}]}},"_links":{"self":[{"href":"https:\/\/srfb.be\/nl\/wp-json\/wp\/v2\/product\/10909","targetHints":{"allow":["GET"]}}],"collection":[{"href":"https:\/\/srfb.be\/nl\/wp-json\/wp\/v2\/product"}],"about":[{"href":"https:\/\/srfb.be\/nl\/wp-json\/wp\/v2\/types\/product"}],"replies":[{"embeddable":true,"href":"https:\/\/srfb.be\/nl\/wp-json\/wp\/v2\/comments?post=10909"}],"wp:featuredmedia":[{"embeddable":true,"href":"https:\/\/srfb.be\/nl\/wp-json\/wp\/v2\/media\/10911"}],"wp:attachment":[{"href":"https:\/\/srfb.be\/nl\/wp-json\/wp\/v2\/media?parent=10909"}],"wp:term":[{"taxonomy":"product_brand","embeddable":true,"href":"https:\/\/srfb.be\/nl\/wp-json\/wp\/v2\/product_brand?post=10909"},{"taxonomy":"product_cat","embeddable":true,"href":"https:\/\/srfb.be\/nl\/wp-json\/wp\/v2\/product_cat?post=10909"},{"taxonomy":"product_tag","embeddable":true,"href":"https:\/\/srfb.be\/nl\/wp-json\/wp\/v2\/product_tag?post=10909"}],"curies":[{"name":"wp","href":"https:\/\/api.w.org\/{rel}","templated":true}]}}