{"id":10898,"date":"2020-03-20T14:50:45","date_gmt":"2020-03-20T14:50:45","guid":{"rendered":"https:\/\/new.srfb.be\/?post_type=product&#038;p=10898"},"modified":"2026-03-03T16:58:27","modified_gmt":"2026-03-03T15:58:27","slug":"foret-et-carbone","status":"publish","type":"product","link":"https:\/\/srfb.be\/nl\/forest-shop\/foret-et-carbone\/","title":{"rendered":"Bos en koolstof"},"content":{"rendered":"","protected":false},"excerpt":{"rendered":"<p>Begrijpen, handelen, verbeteren<br \/>\nDit boek laat zien dat bossen een cruciale rol spelen in de strijd tegen klimaatverandering. Elk jaar leggen bossen een deel van de uitstoot van broeikasgassen vast, waardoor de effecten van klimaatverandering worden verzacht. Verwerkte houtproducten slaan ook koolstof op tijdens hun hele levensduur. Bij gebruik in de bouw vervangt hout energie-intensieve materialen en bij gebruik als brandstof compenseert het de uitputting van niet-hernieuwbare bronnen. Als u een landeigenaar bent die nadenkt over de rol die uw bos kan spelen in<br \/>\nbeperking van klimaatverandering vindt u in dit beknopte boek alles wat u over dit onderwerp moet weten.<br \/>\n16 x 24 cm, 160 pagina's<\/p>","protected":false},"featured_media":10902,"comment_status":"open","ping_status":"closed","template":"","meta":{"iawp_total_views":82},"product_brand":[],"product_cat":[692,314],"product_tag":[],"class_list":{"0":"post-10898","1":"product","2":"type-product","3":"status-publish","4":"has-post-thumbnail","6":"product_cat-arboretum","7":"product_cat-sylviculture","9":"first","10":"instock","11":"shipping-taxable","12":"purchasable","13":"product-type-simple"},"yoast_head":"<!-- This site is optimized with the Yoast SEO plugin v27.3 - https:\/\/yoast.com\/product\/yoast-seo-wordpress\/ -->\n<title>For\u00eat et carbone - SRFB<\/title>\n<meta name=\"description\" content=\"Comprendre, agir, valoriser. Ce livre d\u00e9montre que la for\u00eat joue un r\u00f4le primordial dans la lutte contre le changement climatique.\" \/>\n<meta name=\"robots\" content=\"index, follow, max-snippet:-1, max-image-preview:large, max-video-preview:-1\" \/>\n<link rel=\"canonical\" href=\"https:\/\/srfb.be\/nl\/forest-shop\/foret-et-carbone\/\" \/>\n<meta property=\"og:locale\" content=\"nl_BE\" \/>\n<meta property=\"og:type\" content=\"article\" \/>\n<meta property=\"og:title\" content=\"For\u00eat et carbone - SRFB\" \/>\n<meta property=\"og:description\" content=\"Comprendre, agir, valoriser. Ce livre d\u00e9montre que la for\u00eat joue un r\u00f4le primordial dans la lutte contre le changement climatique.\" \/>\n<meta property=\"og:url\" content=\"https:\/\/srfb.be\/nl\/forest-shop\/foret-et-carbone\/\" \/>\n<meta property=\"og:site_name\" content=\"Soci\u00e9t\u00e9 Royale Foresti\u00e8re de Belgique\" \/>\n<meta property=\"article:publisher\" content=\"https:\/\/www.facebook.com\/srfb.be\" \/>\n<meta property=\"article:modified_time\" content=\"2026-03-03T15:58:27+00:00\" \/>\n<meta property=\"og:image\" content=\"https:\/\/srfb.be\/wp-content\/uploads\/2020\/03\/Foret_et_carbone.jpg\" \/>\n\t<meta property=\"og:image:width\" content=\"1201\" \/>\n\t<meta property=\"og:image:height\" content=\"1700\" \/>\n\t<meta property=\"og:image:type\" content=\"image\/jpeg\" \/>\n<script type=\"application\/ld+json\" class=\"yoast-schema-graph\">{\"@context\":\"https:\\\/\\\/schema.org\",\"@graph\":[{\"@type\":\"WebPage\",\"@id\":\"https:\\\/\\\/srfb.be\\\/en\\\/forest-shop\\\/foret-et-carbone\\\/\",\"url\":\"https:\\\/\\\/srfb.be\\\/en\\\/forest-shop\\\/foret-et-carbone\\\/\",\"name\":\"For\u00eat et carbone - SRFB\",\"isPartOf\":{\"@id\":\"https:\\\/\\\/srfb.be\\\/#website\"},\"primaryImageOfPage\":{\"@id\":\"https:\\\/\\\/srfb.be\\\/en\\\/forest-shop\\\/foret-et-carbone\\\/#primaryimage\"},\"image\":{\"@id\":\"https:\\\/\\\/srfb.be\\\/en\\\/forest-shop\\\/foret-et-carbone\\\/#primaryimage\"},\"thumbnailUrl\":\"https:\\\/\\\/srfb.be\\\/wp-content\\\/uploads\\\/2020\\\/03\\\/Foret_et_carbone.jpg\",\"datePublished\":\"2020-03-20T14:50:45+00:00\",\"dateModified\":\"2026-03-03T15:58:27+00:00\",\"description\":\"Comprendre, agir, valoriser. Ce livre d\u00e9montre que la for\u00eat joue un r\u00f4le primordial dans la lutte contre le changement climatique.\",\"breadcrumb\":{\"@id\":\"https:\\\/\\\/srfb.be\\\/en\\\/forest-shop\\\/foret-et-carbone\\\/#breadcrumb\"},\"inLanguage\":\"nl-BE\",\"potentialAction\":[{\"@type\":\"ReadAction\",\"target\":[\"https:\\\/\\\/srfb.be\\\/en\\\/forest-shop\\\/foret-et-carbone\\\/\"]}]},{\"@type\":\"ImageObject\",\"inLanguage\":\"nl-BE\",\"@id\":\"https:\\\/\\\/srfb.be\\\/en\\\/forest-shop\\\/foret-et-carbone\\\/#primaryimage\",\"url\":\"https:\\\/\\\/srfb.be\\\/wp-content\\\/uploads\\\/2020\\\/03\\\/Foret_et_carbone.jpg\",\"contentUrl\":\"https:\\\/\\\/srfb.be\\\/wp-content\\\/uploads\\\/2020\\\/03\\\/Foret_et_carbone.jpg\",\"width\":1201,\"height\":1700},{\"@type\":\"BreadcrumbList\",\"@id\":\"https:\\\/\\\/srfb.be\\\/en\\\/forest-shop\\\/foret-et-carbone\\\/#breadcrumb\",\"itemListElement\":[{\"@type\":\"ListItem\",\"position\":1,\"name\":\"Accueil\",\"item\":\"https:\\\/\\\/srfb.be\\\/\"},{\"@type\":\"ListItem\",\"position\":2,\"name\":\"Produkte\",\"item\":\"https:\\\/\\\/www.kbbm.be\\\/de\\\/shop\\\/\"},{\"@type\":\"ListItem\",\"position\":3,\"name\":\"For\u00eat et carbone\"}]},{\"@type\":\"WebSite\",\"@id\":\"https:\\\/\\\/srfb.be\\\/#website\",\"url\":\"https:\\\/\\\/srfb.be\\\/\",\"name\":\"Soci\u00e9t\u00e9 Royale Foresti\u00e8re de Belgique\",\"description\":\"Au service de la for\u00eat et des forestiers\",\"publisher\":{\"@id\":\"https:\\\/\\\/srfb.be\\\/#organization\"},\"alternateName\":\"SRFB-KBBM\",\"potentialAction\":[{\"@type\":\"SearchAction\",\"target\":{\"@type\":\"EntryPoint\",\"urlTemplate\":\"https:\\\/\\\/srfb.be\\\/?s={search_term_string}\"},\"query-input\":{\"@type\":\"PropertyValueSpecification\",\"valueRequired\":true,\"valueName\":\"search_term_string\"}}],\"inLanguage\":\"nl-BE\"},{\"@type\":\"Organization\",\"@id\":\"https:\\\/\\\/srfb.be\\\/#organization\",\"name\":\"Soci\u00e9t\u00e9 Royale Foresti\u00e8re De Belgique - Koninklijke Belgische Bosbouwmaatschappij\",\"alternateName\":\"SRFB-KBBM\",\"url\":\"https:\\\/\\\/srfb.be\\\/\",\"logo\":{\"@type\":\"ImageObject\",\"inLanguage\":\"nl-BE\",\"@id\":\"https:\\\/\\\/srfb.be\\\/#\\\/schema\\\/logo\\\/image\\\/\",\"url\":\"https:\\\/\\\/srfb.be\\\/wp-content\\\/uploads\\\/2019\\\/06\\\/android-chrome-256x256.png\",\"contentUrl\":\"https:\\\/\\\/srfb.be\\\/wp-content\\\/uploads\\\/2019\\\/06\\\/android-chrome-256x256.png\",\"width\":1200,\"height\":1232,\"caption\":\"Soci\u00e9t\u00e9 Royale Foresti\u00e8re De Belgique - Koninklijke Belgische Bosbouwmaatschappij\"},\"image\":{\"@id\":\"https:\\\/\\\/srfb.be\\\/#\\\/schema\\\/logo\\\/image\\\/\"},\"sameAs\":[\"https:\\\/\\\/www.facebook.com\\\/srfb.be\",\"https:\\\/\\\/www.instagram.com\\\/srfb_kbbm\\\/\",\"https:\\\/\\\/www.linkedin.com\\\/company\\\/srfb-kbbm\\\/\",\"https:\\\/\\\/www.youtube.com\\\/user\\\/srfbkbbm\"]}]}<\/script>\n<!-- \/ Yoast SEO plugin. -->","yoast_head_json":{"title":"Bos en koolstof - SRFB","description":"Begrijpen, handelen, verbeteren. Dit boek laat zien dat bossen een cruciale rol spelen in de strijd tegen klimaatverandering.","robots":{"index":"index","follow":"follow","max-snippet":"max-snippet:-1","max-image-preview":"max-image-preview:large","max-video-preview":"max-video-preview:-1"},"canonical":"https:\/\/srfb.be\/nl\/forest-shop\/foret-et-carbone\/","og_locale":"nl_BE","og_type":"article","og_title":"For\u00eat et carbone - SRFB","og_description":"Comprendre, agir, valoriser. Ce livre d\u00e9montre que la for\u00eat joue un r\u00f4le primordial dans la lutte contre le changement climatique.","og_url":"https:\/\/srfb.be\/nl\/forest-shop\/foret-et-carbone\/","og_site_name":"Soci\u00e9t\u00e9 Royale Foresti\u00e8re de Belgique","article_publisher":"https:\/\/www.facebook.com\/srfb.be","article_modified_time":"2026-03-03T15:58:27+00:00","og_image":[{"width":1201,"height":1700,"url":"https:\/\/srfb.be\/wp-content\/uploads\/2020\/03\/Foret_et_carbone.jpg","type":"image\/jpeg"}],"schema":{"@context":"https:\/\/schema.org","@graph":[{"@type":"WebPage","@id":"https:\/\/srfb.be\/en\/forest-shop\/foret-et-carbone\/","url":"https:\/\/srfb.be\/en\/forest-shop\/foret-et-carbone\/","name":"Bos en koolstof - SRFB","isPartOf":{"@id":"https:\/\/srfb.be\/#website"},"primaryImageOfPage":{"@id":"https:\/\/srfb.be\/en\/forest-shop\/foret-et-carbone\/#primaryimage"},"image":{"@id":"https:\/\/srfb.be\/en\/forest-shop\/foret-et-carbone\/#primaryimage"},"thumbnailUrl":"https:\/\/srfb.be\/wp-content\/uploads\/2020\/03\/Foret_et_carbone.jpg","datePublished":"2020-03-20T14:50:45+00:00","dateModified":"2026-03-03T15:58:27+00:00","description":"Begrijpen, handelen, verbeteren. Dit boek laat zien dat bossen een cruciale rol spelen in de strijd tegen klimaatverandering.","breadcrumb":{"@id":"https:\/\/srfb.be\/en\/forest-shop\/foret-et-carbone\/#breadcrumb"},"inLanguage":"nl-BE","potentialAction":[{"@type":"ReadAction","target":["https:\/\/srfb.be\/en\/forest-shop\/foret-et-carbone\/"]}]},{"@type":"ImageObject","inLanguage":"nl-BE","@id":"https:\/\/srfb.be\/en\/forest-shop\/foret-et-carbone\/#primaryimage","url":"https:\/\/srfb.be\/wp-content\/uploads\/2020\/03\/Foret_et_carbone.jpg","contentUrl":"https:\/\/srfb.be\/wp-content\/uploads\/2020\/03\/Foret_et_carbone.jpg","width":1201,"height":1700},{"@type":"BreadcrumbList","@id":"https:\/\/srfb.be\/en\/forest-shop\/foret-et-carbone\/#breadcrumb","itemListElement":[{"@type":"ListItem","position":1,"name":"Accueil","item":"https:\/\/srfb.be\/"},{"@type":"ListItem","position":2,"name":"Produkte","item":"https:\/\/www.kbbm.be\/de\/shop\/"},{"@type":"ListItem","position":3,"name":"For\u00eat et carbone"}]},{"@type":"WebSite","@id":"https:\/\/srfb.be\/#website","url":"https:\/\/srfb.be\/","name":"Koninklijke Belgische Bosbouwmaatschappij","description":"Ten dienste van het bos en de bosbouwers","publisher":{"@id":"https:\/\/srfb.be\/#organization"},"alternateName":"SRFB-KBBM","potentialAction":[{"@type":"SearchAction","target":{"@type":"EntryPoint","urlTemplate":"https:\/\/srfb.be\/?s={search_term_string}"},"query-input":{"@type":"PropertyValueSpecification","valueRequired":true,"valueName":"search_term_string"}}],"inLanguage":"nl-BE"},{"@type":"Organization","@id":"https:\/\/srfb.be\/#organization","name":"Soci\u00e9t\u00e9 Royale Foresti\u00e8re De Belgique - Koninklijke Belgische Bosbouwmaatschappij","alternateName":"SRFB-KBBM","url":"https:\/\/srfb.be\/","logo":{"@type":"ImageObject","inLanguage":"nl-BE","@id":"https:\/\/srfb.be\/#\/schema\/logo\/image\/","url":"https:\/\/srfb.be\/wp-content\/uploads\/2019\/06\/android-chrome-256x256.png","contentUrl":"https:\/\/srfb.be\/wp-content\/uploads\/2019\/06\/android-chrome-256x256.png","width":1200,"height":1232,"caption":"Soci\u00e9t\u00e9 Royale Foresti\u00e8re De Belgique - Koninklijke Belgische Bosbouwmaatschappij"},"image":{"@id":"https:\/\/srfb.be\/#\/schema\/logo\/image\/"},"sameAs":["https:\/\/www.facebook.com\/srfb.be","https:\/\/www.instagram.com\/srfb_kbbm\/","https:\/\/www.linkedin.com\/company\/srfb-kbbm\/","https:\/\/www.youtube.com\/user\/srfbkbbm"]}]}},"_links":{"self":[{"href":"https:\/\/srfb.be\/nl\/wp-json\/wp\/v2\/product\/10898","targetHints":{"allow":["GET"]}}],"collection":[{"href":"https:\/\/srfb.be\/nl\/wp-json\/wp\/v2\/product"}],"about":[{"href":"https:\/\/srfb.be\/nl\/wp-json\/wp\/v2\/types\/product"}],"replies":[{"embeddable":true,"href":"https:\/\/srfb.be\/nl\/wp-json\/wp\/v2\/comments?post=10898"}],"wp:featuredmedia":[{"embeddable":true,"href":"https:\/\/srfb.be\/nl\/wp-json\/wp\/v2\/media\/10902"}],"wp:attachment":[{"href":"https:\/\/srfb.be\/nl\/wp-json\/wp\/v2\/media?parent=10898"}],"wp:term":[{"taxonomy":"product_brand","embeddable":true,"href":"https:\/\/srfb.be\/nl\/wp-json\/wp\/v2\/product_brand?post=10898"},{"taxonomy":"product_cat","embeddable":true,"href":"https:\/\/srfb.be\/nl\/wp-json\/wp\/v2\/product_cat?post=10898"},{"taxonomy":"product_tag","embeddable":true,"href":"https:\/\/srfb.be\/nl\/wp-json\/wp\/v2\/product_tag?post=10898"}],"curies":[{"name":"wp","href":"https:\/\/api.w.org\/{rel}","templated":true}]}}