{"id":10874,"date":"2020-03-20T14:39:37","date_gmt":"2020-03-20T13:39:37","guid":{"rendered":"https:\/\/new.srfb.be\/?post_type=product&#038;p=10874"},"modified":"2026-03-03T16:49:34","modified_gmt":"2026-03-03T15:49:34","slug":"vocabulaire-forestier","status":"publish","type":"product","link":"https:\/\/srfb.be\/nl\/forest-shop\/vocabulaire-forestier\/","title":{"rendered":"Bosbouw woordenschat"},"content":{"rendered":"","protected":false},"excerpt":{"rendered":"<p>Deze \u00abwoordenschat\u00bb van meer dan 4500 termen zal je helpen om de wetenschappelijke en technische concepten te begrijpen die geassocieerd worden met bosgebieden en het beheer ervan. Het zal snel de essenti\u00eble referentie worden voor bosbouwtaal. De definities (met Engelse en Duitse vertalingen) zijn geschreven door de beste Franse specialisten in de vele disciplines die in dit werk aan bod komen (bosbouw, ecologie, bodemkunde, klimatologie, biogeografie, zo\u00f6logie, boseconomie, enz.).<br \/>\n24 x 16 cm, 608 pagina's<\/p>","protected":false},"featured_media":10876,"comment_status":"open","ping_status":"closed","template":"","meta":{"iawp_total_views":75},"product_brand":[],"product_cat":[695],"product_tag":[],"class_list":{"0":"post-10874","1":"product","2":"type-product","3":"status-publish","4":"has-post-thumbnail","6":"product_cat-lexique","8":"first","9":"instock","10":"shipping-taxable","11":"purchasable","12":"product-type-simple"},"yoast_head":"<!-- This site is optimized with the Yoast SEO plugin v27.3 - https:\/\/yoast.com\/product\/yoast-seo-wordpress\/ -->\n<title>Vocabulaire forestier - Soci\u00e9t\u00e9 Royale Foresti\u00e8re de Belgique<\/title>\n<meta name=\"robots\" content=\"index, follow, max-snippet:-1, max-image-preview:large, max-video-preview:-1\" \/>\n<link rel=\"canonical\" href=\"https:\/\/srfb.be\/nl\/forest-shop\/vocabulaire-forestier\/\" \/>\n<meta property=\"og:locale\" content=\"nl_BE\" \/>\n<meta property=\"og:type\" content=\"article\" \/>\n<meta property=\"og:title\" content=\"Vocabulaire forestier - Soci\u00e9t\u00e9 Royale Foresti\u00e8re de Belgique\" \/>\n<meta property=\"og:description\" content=\"Ce \u00ab vocabulaire \u00bb de plus de 4.500 termes permet de se familiariser avec les notions scientifiques et techniques li\u00e9es aux espaces bois\u00e9s et \u00e0 leur gestion. Il deviendra rapidement le r\u00e9f\u00e9rentiel incontournable du langage forestier. Les d\u00e9finitions (avec la traduction en anglais et en allemand) ont \u00e9t\u00e9 r\u00e9dig\u00e9es par les meilleurs sp\u00e9cialistes fran\u00e7ais des multiples disciplines couvertes par cet ouvrage (sylviculture, \u00e9cologie, p\u00e9dologie, climatologie, biog\u00e9ographie, zoologie, \u00e9conomie foresti\u00e8re\u2026). 24 x 16 cm, 608 pages\" \/>\n<meta property=\"og:url\" content=\"https:\/\/srfb.be\/nl\/forest-shop\/vocabulaire-forestier\/\" \/>\n<meta property=\"og:site_name\" content=\"Soci\u00e9t\u00e9 Royale Foresti\u00e8re de Belgique\" \/>\n<meta property=\"article:publisher\" content=\"https:\/\/www.facebook.com\/srfb.be\" \/>\n<meta property=\"article:modified_time\" content=\"2026-03-03T15:49:34+00:00\" \/>\n<meta property=\"og:image\" content=\"https:\/\/srfb.be\/wp-content\/uploads\/2020\/03\/vocabulaire-forestier-scaled-e1669293089816.jpg\" \/>\n\t<meta property=\"og:image:width\" content=\"1096\" \/>\n\t<meta property=\"og:image:height\" content=\"1640\" \/>\n\t<meta property=\"og:image:type\" content=\"image\/jpeg\" \/>\n<script type=\"application\/ld+json\" class=\"yoast-schema-graph\">{\"@context\":\"https:\\\/\\\/schema.org\",\"@graph\":[{\"@type\":\"WebPage\",\"@id\":\"https:\\\/\\\/srfb.be\\\/forest-shop\\\/vocabulaire-forestier\\\/\",\"url\":\"https:\\\/\\\/srfb.be\\\/forest-shop\\\/vocabulaire-forestier\\\/\",\"name\":\"Vocabulaire forestier - Soci\u00e9t\u00e9 Royale Foresti\u00e8re de Belgique\",\"isPartOf\":{\"@id\":\"https:\\\/\\\/srfb.be\\\/de\\\/#website\"},\"primaryImageOfPage\":{\"@id\":\"https:\\\/\\\/srfb.be\\\/forest-shop\\\/vocabulaire-forestier\\\/#primaryimage\"},\"image\":{\"@id\":\"https:\\\/\\\/srfb.be\\\/forest-shop\\\/vocabulaire-forestier\\\/#primaryimage\"},\"thumbnailUrl\":\"https:\\\/\\\/srfb.be\\\/wp-content\\\/uploads\\\/2020\\\/03\\\/vocabulaire-forestier-scaled-e1669293089816.jpg\",\"datePublished\":\"2020-03-20T13:39:37+00:00\",\"dateModified\":\"2026-03-03T15:49:34+00:00\",\"breadcrumb\":{\"@id\":\"https:\\\/\\\/srfb.be\\\/forest-shop\\\/vocabulaire-forestier\\\/#breadcrumb\"},\"inLanguage\":\"nl-BE\",\"potentialAction\":[{\"@type\":\"ReadAction\",\"target\":[\"https:\\\/\\\/srfb.be\\\/forest-shop\\\/vocabulaire-forestier\\\/\"]}]},{\"@type\":\"ImageObject\",\"inLanguage\":\"nl-BE\",\"@id\":\"https:\\\/\\\/srfb.be\\\/forest-shop\\\/vocabulaire-forestier\\\/#primaryimage\",\"url\":\"https:\\\/\\\/srfb.be\\\/wp-content\\\/uploads\\\/2020\\\/03\\\/vocabulaire-forestier-scaled-e1669293089816.jpg\",\"contentUrl\":\"https:\\\/\\\/srfb.be\\\/wp-content\\\/uploads\\\/2020\\\/03\\\/vocabulaire-forestier-scaled-e1669293089816.jpg\",\"width\":1096,\"height\":1640},{\"@type\":\"BreadcrumbList\",\"@id\":\"https:\\\/\\\/srfb.be\\\/forest-shop\\\/vocabulaire-forestier\\\/#breadcrumb\",\"itemListElement\":[{\"@type\":\"ListItem\",\"position\":1,\"name\":\"Accueil\",\"item\":\"https:\\\/\\\/srfb.be\\\/de\\\/\"},{\"@type\":\"ListItem\",\"position\":2,\"name\":\"Produkte\",\"item\":\"https:\\\/\\\/srfb.be\\\/de\\\/shop\\\/\"},{\"@type\":\"ListItem\",\"position\":3,\"name\":\"Vocabulaire forestier\"}]},{\"@type\":\"WebSite\",\"@id\":\"https:\\\/\\\/srfb.be\\\/de\\\/#website\",\"url\":\"https:\\\/\\\/srfb.be\\\/de\\\/\",\"name\":\"Soci\u00e9t\u00e9 Royale Foresti\u00e8re de Belgique\",\"description\":\"Au service de la for\u00eat et des forestiers\",\"publisher\":{\"@id\":\"https:\\\/\\\/srfb.be\\\/de\\\/#organization\"},\"alternateName\":\"SRFB-KBBM\",\"potentialAction\":[{\"@type\":\"SearchAction\",\"target\":{\"@type\":\"EntryPoint\",\"urlTemplate\":\"https:\\\/\\\/srfb.be\\\/de\\\/?s={search_term_string}\"},\"query-input\":{\"@type\":\"PropertyValueSpecification\",\"valueRequired\":true,\"valueName\":\"search_term_string\"}}],\"inLanguage\":\"nl-BE\"},{\"@type\":\"Organization\",\"@id\":\"https:\\\/\\\/srfb.be\\\/de\\\/#organization\",\"name\":\"Soci\u00e9t\u00e9 Royale Foresti\u00e8re De Belgique - Koninklijke Belgische Bosbouwmaatschappij\",\"alternateName\":\"SRFB-KBBM\",\"url\":\"https:\\\/\\\/srfb.be\\\/de\\\/\",\"logo\":{\"@type\":\"ImageObject\",\"inLanguage\":\"nl-BE\",\"@id\":\"https:\\\/\\\/srfb.be\\\/de\\\/#\\\/schema\\\/logo\\\/image\\\/\",\"url\":\"https:\\\/\\\/srfb.be\\\/wp-content\\\/uploads\\\/2019\\\/06\\\/android-chrome-256x256.png\",\"contentUrl\":\"https:\\\/\\\/srfb.be\\\/wp-content\\\/uploads\\\/2019\\\/06\\\/android-chrome-256x256.png\",\"width\":1200,\"height\":1232,\"caption\":\"Soci\u00e9t\u00e9 Royale Foresti\u00e8re De Belgique - Koninklijke Belgische Bosbouwmaatschappij\"},\"image\":{\"@id\":\"https:\\\/\\\/srfb.be\\\/de\\\/#\\\/schema\\\/logo\\\/image\\\/\"},\"sameAs\":[\"https:\\\/\\\/www.facebook.com\\\/srfb.be\",\"https:\\\/\\\/www.instagram.com\\\/srfb_kbbm\\\/\",\"https:\\\/\\\/www.linkedin.com\\\/company\\\/srfb-kbbm\\\/\",\"https:\\\/\\\/www.youtube.com\\\/user\\\/srfbkbbm\"]}]}<\/script>\n<!-- \/ Yoast SEO plugin. -->","yoast_head_json":{"title":"Bosbouw woordenschat - Koninklijke Belgische Bosbouwvereniging","robots":{"index":"index","follow":"follow","max-snippet":"max-snippet:-1","max-image-preview":"max-image-preview:large","max-video-preview":"max-video-preview:-1"},"canonical":"https:\/\/srfb.be\/nl\/forest-shop\/vocabulaire-forestier\/","og_locale":"nl_BE","og_type":"article","og_title":"Vocabulaire forestier - Soci\u00e9t\u00e9 Royale Foresti\u00e8re de Belgique","og_description":"Ce \u00ab vocabulaire \u00bb de plus de 4.500 termes permet de se familiariser avec les notions scientifiques et techniques li\u00e9es aux espaces bois\u00e9s et \u00e0 leur gestion. Il deviendra rapidement le r\u00e9f\u00e9rentiel incontournable du langage forestier. Les d\u00e9finitions (avec la traduction en anglais et en allemand) ont \u00e9t\u00e9 r\u00e9dig\u00e9es par les meilleurs sp\u00e9cialistes fran\u00e7ais des multiples disciplines couvertes par cet ouvrage (sylviculture, \u00e9cologie, p\u00e9dologie, climatologie, biog\u00e9ographie, zoologie, \u00e9conomie foresti\u00e8re\u2026). 24 x 16 cm, 608 pages","og_url":"https:\/\/srfb.be\/nl\/forest-shop\/vocabulaire-forestier\/","og_site_name":"Soci\u00e9t\u00e9 Royale Foresti\u00e8re de Belgique","article_publisher":"https:\/\/www.facebook.com\/srfb.be","article_modified_time":"2026-03-03T15:49:34+00:00","og_image":[{"width":1096,"height":1640,"url":"https:\/\/srfb.be\/wp-content\/uploads\/2020\/03\/vocabulaire-forestier-scaled-e1669293089816.jpg","type":"image\/jpeg"}],"schema":{"@context":"https:\/\/schema.org","@graph":[{"@type":"WebPage","@id":"https:\/\/srfb.be\/forest-shop\/vocabulaire-forestier\/","url":"https:\/\/srfb.be\/forest-shop\/vocabulaire-forestier\/","name":"Bosbouw woordenschat - Koninklijke Belgische Bosbouwvereniging","isPartOf":{"@id":"https:\/\/srfb.be\/de\/#website"},"primaryImageOfPage":{"@id":"https:\/\/srfb.be\/forest-shop\/vocabulaire-forestier\/#primaryimage"},"image":{"@id":"https:\/\/srfb.be\/forest-shop\/vocabulaire-forestier\/#primaryimage"},"thumbnailUrl":"https:\/\/srfb.be\/wp-content\/uploads\/2020\/03\/vocabulaire-forestier-scaled-e1669293089816.jpg","datePublished":"2020-03-20T13:39:37+00:00","dateModified":"2026-03-03T15:49:34+00:00","breadcrumb":{"@id":"https:\/\/srfb.be\/forest-shop\/vocabulaire-forestier\/#breadcrumb"},"inLanguage":"nl-BE","potentialAction":[{"@type":"ReadAction","target":["https:\/\/srfb.be\/forest-shop\/vocabulaire-forestier\/"]}]},{"@type":"ImageObject","inLanguage":"nl-BE","@id":"https:\/\/srfb.be\/forest-shop\/vocabulaire-forestier\/#primaryimage","url":"https:\/\/srfb.be\/wp-content\/uploads\/2020\/03\/vocabulaire-forestier-scaled-e1669293089816.jpg","contentUrl":"https:\/\/srfb.be\/wp-content\/uploads\/2020\/03\/vocabulaire-forestier-scaled-e1669293089816.jpg","width":1096,"height":1640},{"@type":"BreadcrumbList","@id":"https:\/\/srfb.be\/forest-shop\/vocabulaire-forestier\/#breadcrumb","itemListElement":[{"@type":"ListItem","position":1,"name":"Accueil","item":"https:\/\/srfb.be\/de\/"},{"@type":"ListItem","position":2,"name":"Produkte","item":"https:\/\/srfb.be\/de\/shop\/"},{"@type":"ListItem","position":3,"name":"Vocabulaire forestier"}]},{"@type":"WebSite","@id":"https:\/\/srfb.be\/de\/#website","url":"https:\/\/srfb.be\/de\/","name":"Koninklijke Belgische Bosbouwmaatschappij","description":"Ten dienste van het bos en de bosbouwers","publisher":{"@id":"https:\/\/srfb.be\/de\/#organization"},"alternateName":"SRFB-KBBM","potentialAction":[{"@type":"SearchAction","target":{"@type":"EntryPoint","urlTemplate":"https:\/\/srfb.be\/de\/?s={search_term_string}"},"query-input":{"@type":"PropertyValueSpecification","valueRequired":true,"valueName":"search_term_string"}}],"inLanguage":"nl-BE"},{"@type":"Organization","@id":"https:\/\/srfb.be\/de\/#organization","name":"Soci\u00e9t\u00e9 Royale Foresti\u00e8re De Belgique - Koninklijke Belgische Bosbouwmaatschappij","alternateName":"SRFB-KBBM","url":"https:\/\/srfb.be\/de\/","logo":{"@type":"ImageObject","inLanguage":"nl-BE","@id":"https:\/\/srfb.be\/de\/#\/schema\/logo\/image\/","url":"https:\/\/srfb.be\/wp-content\/uploads\/2019\/06\/android-chrome-256x256.png","contentUrl":"https:\/\/srfb.be\/wp-content\/uploads\/2019\/06\/android-chrome-256x256.png","width":1200,"height":1232,"caption":"Soci\u00e9t\u00e9 Royale Foresti\u00e8re De Belgique - Koninklijke Belgische Bosbouwmaatschappij"},"image":{"@id":"https:\/\/srfb.be\/de\/#\/schema\/logo\/image\/"},"sameAs":["https:\/\/www.facebook.com\/srfb.be","https:\/\/www.instagram.com\/srfb_kbbm\/","https:\/\/www.linkedin.com\/company\/srfb-kbbm\/","https:\/\/www.youtube.com\/user\/srfbkbbm"]}]}},"_links":{"self":[{"href":"https:\/\/srfb.be\/nl\/wp-json\/wp\/v2\/product\/10874","targetHints":{"allow":["GET"]}}],"collection":[{"href":"https:\/\/srfb.be\/nl\/wp-json\/wp\/v2\/product"}],"about":[{"href":"https:\/\/srfb.be\/nl\/wp-json\/wp\/v2\/types\/product"}],"replies":[{"embeddable":true,"href":"https:\/\/srfb.be\/nl\/wp-json\/wp\/v2\/comments?post=10874"}],"wp:featuredmedia":[{"embeddable":true,"href":"https:\/\/srfb.be\/nl\/wp-json\/wp\/v2\/media\/10876"}],"wp:attachment":[{"href":"https:\/\/srfb.be\/nl\/wp-json\/wp\/v2\/media?parent=10874"}],"wp:term":[{"taxonomy":"product_brand","embeddable":true,"href":"https:\/\/srfb.be\/nl\/wp-json\/wp\/v2\/product_brand?post=10874"},{"taxonomy":"product_cat","embeddable":true,"href":"https:\/\/srfb.be\/nl\/wp-json\/wp\/v2\/product_cat?post=10874"},{"taxonomy":"product_tag","embeddable":true,"href":"https:\/\/srfb.be\/nl\/wp-json\/wp\/v2\/product_tag?post=10874"}],"curies":[{"name":"wp","href":"https:\/\/api.w.org\/{rel}","templated":true}]}}