{"id":10833,"date":"2020-03-20T14:21:52","date_gmt":"2020-03-20T13:21:52","guid":{"rendered":"https:\/\/new.srfb.be\/?post_type=product&#038;p=10833"},"modified":"2026-03-03T17:04:42","modified_gmt":"2026-03-03T16:04:42","slug":"cubage-des-arbres-et-des-peuplements-forestiers","status":"publish","type":"product","link":"https:\/\/srfb.be\/nl\/forest-shop\/cubage-des-arbres-et-des-peuplements-forestiers\/","title":{"rendered":"Bomen en bosopstanden uitblokken"},"content":{"rendered":"","protected":false},"excerpt":{"rendered":"<p>Dit boek bevat twee sets tabellen en kubusvergelijkingen, \u00e9\u00e9n voor het bepalen van de volumes van bomen of boomgroepen en de andere voor het snel kubusvormig maken van opstanden. De eerste set omvat 13 soorten of groepen van soorten: zwarte els, berk, eik, Amerikaanse rode eik, douglasspar, spar, esdoorn, es, beuk, lariks, wilde kers, iep en grove den. De tweede groep omvat de volgende soorten: eik, douglasspar, spar, beuk en lariks.<br \/>\n24 x 17 cm, 176 pagina's (100 tabellen)<\/p>\n<p>Auteurs : <strong>Pierre Dagnelie, Rudy Palm &amp; Jacques Rondeux<br \/>\n<\/strong>Uitgever: <strong>Landbouwpersen van Gembloux<\/strong><\/p>","protected":false},"featured_media":10834,"comment_status":"open","ping_status":"closed","template":"","meta":{"iawp_total_views":134},"product_brand":[],"product_cat":[692,695],"product_tag":[],"class_list":{"0":"post-10833","1":"product","2":"type-product","3":"status-publish","4":"has-post-thumbnail","6":"product_cat-arboretum","7":"product_cat-lexique","9":"first","10":"instock","11":"shipping-taxable","12":"purchasable","13":"product-type-simple"},"yoast_head":"<!-- This site is optimized with the Yoast SEO plugin v27.3 - https:\/\/yoast.com\/product\/yoast-seo-wordpress\/ -->\n<title>Cubage des arbres et des peuplements forestiers - Soci\u00e9t\u00e9 Royale Foresti\u00e8re de Belgique<\/title>\n<meta name=\"robots\" content=\"index, follow, max-snippet:-1, max-image-preview:large, max-video-preview:-1\" \/>\n<link rel=\"canonical\" href=\"https:\/\/srfb.be\/nl\/forest-shop\/cubage-des-arbres-et-des-peuplements-forestiers\/\" \/>\n<meta property=\"og:locale\" content=\"nl_BE\" \/>\n<meta property=\"og:type\" content=\"article\" \/>\n<meta property=\"og:title\" content=\"Cubage des arbres et des peuplements forestiers - Soci\u00e9t\u00e9 Royale Foresti\u00e8re de Belgique\" \/>\n<meta property=\"og:description\" content=\"Cet ouvrage comporte deux ensembles de tables et d\u2019\u00e9quations de cubage, l\u2019un destin\u00e9 \u00e0 la d\u00e9termination de volumes d\u2019arbres ou d\u2019ensembles d\u2019arbres et l\u2019autre au cubage rapide de peuplements. Le premier ensemble concerne 13 essences ou groupes d\u2019essences : l\u2019aulne glutineux, les bouleaux, les ch\u00eanes, le ch\u00eane rouge d\u2019Am\u00e9rique, le douglas, l\u2019\u00e9pic\u00e9a, l\u2019\u00e9rable sycomore, le fr\u00eane, le h\u00eatre, les m\u00e9l\u00e8zes, le merisier, les ormes et le pin sylvestre. Le second ensemble concerne les essences suivantes : les ch\u00eanes, le douglas, l\u2019\u00e9pic\u00e9a, le h\u00eatre et les m\u00e9l\u00e8zes. 24 x 17 cm, 176 pages (100 tables)  Auteurs : Pierre Dagnelie, Rudy Palm &amp; Jacques Rondeux \u00c9diteur : Les presses agronomiques de Gembloux\" \/>\n<meta property=\"og:url\" content=\"https:\/\/srfb.be\/nl\/forest-shop\/cubage-des-arbres-et-des-peuplements-forestiers\/\" \/>\n<meta property=\"og:site_name\" content=\"Soci\u00e9t\u00e9 Royale Foresti\u00e8re de Belgique\" \/>\n<meta property=\"article:publisher\" content=\"https:\/\/www.facebook.com\/srfb.be\" \/>\n<meta property=\"article:modified_time\" content=\"2026-03-03T16:04:42+00:00\" \/>\n<meta property=\"og:image\" content=\"https:\/\/srfb.be\/wp-content\/uploads\/2020\/03\/table-de-cubage-scaled.jpg\" \/>\n\t<meta property=\"og:image:width\" content=\"1205\" \/>\n\t<meta property=\"og:image:height\" content=\"1700\" \/>\n\t<meta property=\"og:image:type\" content=\"image\/jpeg\" \/>\n<script type=\"application\/ld+json\" class=\"yoast-schema-graph\">{\"@context\":\"https:\\\/\\\/schema.org\",\"@graph\":[{\"@type\":\"WebPage\",\"@id\":\"https:\\\/\\\/srfb.be\\\/en\\\/forest-shop\\\/cubage-des-arbres-et-des-peuplements-forestiers\\\/\",\"url\":\"https:\\\/\\\/srfb.be\\\/en\\\/forest-shop\\\/cubage-des-arbres-et-des-peuplements-forestiers\\\/\",\"name\":\"Cubage des arbres et des peuplements forestiers - Soci\u00e9t\u00e9 Royale Foresti\u00e8re de Belgique\",\"isPartOf\":{\"@id\":\"https:\\\/\\\/srfb.be\\\/de\\\/#website\"},\"primaryImageOfPage\":{\"@id\":\"https:\\\/\\\/srfb.be\\\/en\\\/forest-shop\\\/cubage-des-arbres-et-des-peuplements-forestiers\\\/#primaryimage\"},\"image\":{\"@id\":\"https:\\\/\\\/srfb.be\\\/en\\\/forest-shop\\\/cubage-des-arbres-et-des-peuplements-forestiers\\\/#primaryimage\"},\"thumbnailUrl\":\"https:\\\/\\\/srfb.be\\\/wp-content\\\/uploads\\\/2020\\\/03\\\/table-de-cubage-scaled.jpg\",\"datePublished\":\"2020-03-20T13:21:52+00:00\",\"dateModified\":\"2026-03-03T16:04:42+00:00\",\"breadcrumb\":{\"@id\":\"https:\\\/\\\/srfb.be\\\/en\\\/forest-shop\\\/cubage-des-arbres-et-des-peuplements-forestiers\\\/#breadcrumb\"},\"inLanguage\":\"nl-BE\",\"potentialAction\":[{\"@type\":\"ReadAction\",\"target\":[\"https:\\\/\\\/srfb.be\\\/en\\\/forest-shop\\\/cubage-des-arbres-et-des-peuplements-forestiers\\\/\"]}]},{\"@type\":\"ImageObject\",\"inLanguage\":\"nl-BE\",\"@id\":\"https:\\\/\\\/srfb.be\\\/en\\\/forest-shop\\\/cubage-des-arbres-et-des-peuplements-forestiers\\\/#primaryimage\",\"url\":\"https:\\\/\\\/srfb.be\\\/wp-content\\\/uploads\\\/2020\\\/03\\\/table-de-cubage-scaled.jpg\",\"contentUrl\":\"https:\\\/\\\/srfb.be\\\/wp-content\\\/uploads\\\/2020\\\/03\\\/table-de-cubage-scaled.jpg\",\"width\":1205,\"height\":1700},{\"@type\":\"BreadcrumbList\",\"@id\":\"https:\\\/\\\/srfb.be\\\/en\\\/forest-shop\\\/cubage-des-arbres-et-des-peuplements-forestiers\\\/#breadcrumb\",\"itemListElement\":[{\"@type\":\"ListItem\",\"position\":1,\"name\":\"Accueil\",\"item\":\"https:\\\/\\\/srfb.be\\\/de\\\/\"},{\"@type\":\"ListItem\",\"position\":2,\"name\":\"Produkte\",\"item\":\"https:\\\/\\\/srfb.be\\\/de\\\/shop\\\/\"},{\"@type\":\"ListItem\",\"position\":3,\"name\":\"Cubage des arbres et des peuplements forestiers\"}]},{\"@type\":\"WebSite\",\"@id\":\"https:\\\/\\\/srfb.be\\\/de\\\/#website\",\"url\":\"https:\\\/\\\/srfb.be\\\/de\\\/\",\"name\":\"Soci\u00e9t\u00e9 Royale Foresti\u00e8re de Belgique\",\"description\":\"Au service de la for\u00eat et des forestiers\",\"publisher\":{\"@id\":\"https:\\\/\\\/srfb.be\\\/de\\\/#organization\"},\"alternateName\":\"SRFB-KBBM\",\"potentialAction\":[{\"@type\":\"SearchAction\",\"target\":{\"@type\":\"EntryPoint\",\"urlTemplate\":\"https:\\\/\\\/srfb.be\\\/de\\\/?s={search_term_string}\"},\"query-input\":{\"@type\":\"PropertyValueSpecification\",\"valueRequired\":true,\"valueName\":\"search_term_string\"}}],\"inLanguage\":\"nl-BE\"},{\"@type\":\"Organization\",\"@id\":\"https:\\\/\\\/srfb.be\\\/de\\\/#organization\",\"name\":\"Soci\u00e9t\u00e9 Royale Foresti\u00e8re De Belgique - Koninklijke Belgische Bosbouwmaatschappij\",\"alternateName\":\"SRFB-KBBM\",\"url\":\"https:\\\/\\\/srfb.be\\\/de\\\/\",\"logo\":{\"@type\":\"ImageObject\",\"inLanguage\":\"nl-BE\",\"@id\":\"https:\\\/\\\/srfb.be\\\/de\\\/#\\\/schema\\\/logo\\\/image\\\/\",\"url\":\"https:\\\/\\\/srfb.be\\\/wp-content\\\/uploads\\\/2019\\\/06\\\/android-chrome-256x256.png\",\"contentUrl\":\"https:\\\/\\\/srfb.be\\\/wp-content\\\/uploads\\\/2019\\\/06\\\/android-chrome-256x256.png\",\"width\":1200,\"height\":1232,\"caption\":\"Soci\u00e9t\u00e9 Royale Foresti\u00e8re De Belgique - Koninklijke Belgische Bosbouwmaatschappij\"},\"image\":{\"@id\":\"https:\\\/\\\/srfb.be\\\/de\\\/#\\\/schema\\\/logo\\\/image\\\/\"},\"sameAs\":[\"https:\\\/\\\/www.facebook.com\\\/srfb.be\",\"https:\\\/\\\/www.instagram.com\\\/srfb_kbbm\\\/\",\"https:\\\/\\\/www.linkedin.com\\\/company\\\/srfb-kbbm\\\/\",\"https:\\\/\\\/www.youtube.com\\\/user\\\/srfbkbbm\"]}]}<\/script>\n<!-- \/ Yoast SEO plugin. -->","yoast_head_json":{"title":"Bomen en bosopstanden uitblokken - Koninklijke Belgische Bosbouwmaatschappij","robots":{"index":"index","follow":"follow","max-snippet":"max-snippet:-1","max-image-preview":"max-image-preview:large","max-video-preview":"max-video-preview:-1"},"canonical":"https:\/\/srfb.be\/nl\/forest-shop\/cubage-des-arbres-et-des-peuplements-forestiers\/","og_locale":"nl_BE","og_type":"article","og_title":"Cubage des arbres et des peuplements forestiers - Soci\u00e9t\u00e9 Royale Foresti\u00e8re de Belgique","og_description":"Cet ouvrage comporte deux ensembles de tables et d\u2019\u00e9quations de cubage, l\u2019un destin\u00e9 \u00e0 la d\u00e9termination de volumes d\u2019arbres ou d\u2019ensembles d\u2019arbres et l\u2019autre au cubage rapide de peuplements. Le premier ensemble concerne 13 essences ou groupes d\u2019essences : l\u2019aulne glutineux, les bouleaux, les ch\u00eanes, le ch\u00eane rouge d\u2019Am\u00e9rique, le douglas, l\u2019\u00e9pic\u00e9a, l\u2019\u00e9rable sycomore, le fr\u00eane, le h\u00eatre, les m\u00e9l\u00e8zes, le merisier, les ormes et le pin sylvestre. Le second ensemble concerne les essences suivantes : les ch\u00eanes, le douglas, l\u2019\u00e9pic\u00e9a, le h\u00eatre et les m\u00e9l\u00e8zes. 24 x 17 cm, 176 pages (100 tables)  Auteurs : Pierre Dagnelie, Rudy Palm &amp; Jacques Rondeux \u00c9diteur : Les presses agronomiques de Gembloux","og_url":"https:\/\/srfb.be\/nl\/forest-shop\/cubage-des-arbres-et-des-peuplements-forestiers\/","og_site_name":"Soci\u00e9t\u00e9 Royale Foresti\u00e8re de Belgique","article_publisher":"https:\/\/www.facebook.com\/srfb.be","article_modified_time":"2026-03-03T16:04:42+00:00","og_image":[{"width":1205,"height":1700,"url":"https:\/\/srfb.be\/wp-content\/uploads\/2020\/03\/table-de-cubage-scaled.jpg","type":"image\/jpeg"}],"schema":{"@context":"https:\/\/schema.org","@graph":[{"@type":"WebPage","@id":"https:\/\/srfb.be\/en\/forest-shop\/cubage-des-arbres-et-des-peuplements-forestiers\/","url":"https:\/\/srfb.be\/en\/forest-shop\/cubage-des-arbres-et-des-peuplements-forestiers\/","name":"Bomen en bosopstanden uitblokken - Koninklijke Belgische Bosbouwmaatschappij","isPartOf":{"@id":"https:\/\/srfb.be\/de\/#website"},"primaryImageOfPage":{"@id":"https:\/\/srfb.be\/en\/forest-shop\/cubage-des-arbres-et-des-peuplements-forestiers\/#primaryimage"},"image":{"@id":"https:\/\/srfb.be\/en\/forest-shop\/cubage-des-arbres-et-des-peuplements-forestiers\/#primaryimage"},"thumbnailUrl":"https:\/\/srfb.be\/wp-content\/uploads\/2020\/03\/table-de-cubage-scaled.jpg","datePublished":"2020-03-20T13:21:52+00:00","dateModified":"2026-03-03T16:04:42+00:00","breadcrumb":{"@id":"https:\/\/srfb.be\/en\/forest-shop\/cubage-des-arbres-et-des-peuplements-forestiers\/#breadcrumb"},"inLanguage":"nl-BE","potentialAction":[{"@type":"ReadAction","target":["https:\/\/srfb.be\/en\/forest-shop\/cubage-des-arbres-et-des-peuplements-forestiers\/"]}]},{"@type":"ImageObject","inLanguage":"nl-BE","@id":"https:\/\/srfb.be\/en\/forest-shop\/cubage-des-arbres-et-des-peuplements-forestiers\/#primaryimage","url":"https:\/\/srfb.be\/wp-content\/uploads\/2020\/03\/table-de-cubage-scaled.jpg","contentUrl":"https:\/\/srfb.be\/wp-content\/uploads\/2020\/03\/table-de-cubage-scaled.jpg","width":1205,"height":1700},{"@type":"BreadcrumbList","@id":"https:\/\/srfb.be\/en\/forest-shop\/cubage-des-arbres-et-des-peuplements-forestiers\/#breadcrumb","itemListElement":[{"@type":"ListItem","position":1,"name":"Accueil","item":"https:\/\/srfb.be\/de\/"},{"@type":"ListItem","position":2,"name":"Produkte","item":"https:\/\/srfb.be\/de\/shop\/"},{"@type":"ListItem","position":3,"name":"Cubage des arbres et des peuplements forestiers"}]},{"@type":"WebSite","@id":"https:\/\/srfb.be\/de\/#website","url":"https:\/\/srfb.be\/de\/","name":"Koninklijke Belgische Bosbouwmaatschappij","description":"Ten dienste van het bos en de bosbouwers","publisher":{"@id":"https:\/\/srfb.be\/de\/#organization"},"alternateName":"SRFB-KBBM","potentialAction":[{"@type":"SearchAction","target":{"@type":"EntryPoint","urlTemplate":"https:\/\/srfb.be\/de\/?s={search_term_string}"},"query-input":{"@type":"PropertyValueSpecification","valueRequired":true,"valueName":"search_term_string"}}],"inLanguage":"nl-BE"},{"@type":"Organization","@id":"https:\/\/srfb.be\/de\/#organization","name":"Soci\u00e9t\u00e9 Royale Foresti\u00e8re De Belgique - Koninklijke Belgische Bosbouwmaatschappij","alternateName":"SRFB-KBBM","url":"https:\/\/srfb.be\/de\/","logo":{"@type":"ImageObject","inLanguage":"nl-BE","@id":"https:\/\/srfb.be\/de\/#\/schema\/logo\/image\/","url":"https:\/\/srfb.be\/wp-content\/uploads\/2019\/06\/android-chrome-256x256.png","contentUrl":"https:\/\/srfb.be\/wp-content\/uploads\/2019\/06\/android-chrome-256x256.png","width":1200,"height":1232,"caption":"Soci\u00e9t\u00e9 Royale Foresti\u00e8re De Belgique - Koninklijke Belgische Bosbouwmaatschappij"},"image":{"@id":"https:\/\/srfb.be\/de\/#\/schema\/logo\/image\/"},"sameAs":["https:\/\/www.facebook.com\/srfb.be","https:\/\/www.instagram.com\/srfb_kbbm\/","https:\/\/www.linkedin.com\/company\/srfb-kbbm\/","https:\/\/www.youtube.com\/user\/srfbkbbm"]}]}},"_links":{"self":[{"href":"https:\/\/srfb.be\/nl\/wp-json\/wp\/v2\/product\/10833","targetHints":{"allow":["GET"]}}],"collection":[{"href":"https:\/\/srfb.be\/nl\/wp-json\/wp\/v2\/product"}],"about":[{"href":"https:\/\/srfb.be\/nl\/wp-json\/wp\/v2\/types\/product"}],"replies":[{"embeddable":true,"href":"https:\/\/srfb.be\/nl\/wp-json\/wp\/v2\/comments?post=10833"}],"wp:featuredmedia":[{"embeddable":true,"href":"https:\/\/srfb.be\/nl\/wp-json\/wp\/v2\/media\/10834"}],"wp:attachment":[{"href":"https:\/\/srfb.be\/nl\/wp-json\/wp\/v2\/media?parent=10833"}],"wp:term":[{"taxonomy":"product_brand","embeddable":true,"href":"https:\/\/srfb.be\/nl\/wp-json\/wp\/v2\/product_brand?post=10833"},{"taxonomy":"product_cat","embeddable":true,"href":"https:\/\/srfb.be\/nl\/wp-json\/wp\/v2\/product_cat?post=10833"},{"taxonomy":"product_tag","embeddable":true,"href":"https:\/\/srfb.be\/nl\/wp-json\/wp\/v2\/product_tag?post=10833"}],"curies":[{"name":"wp","href":"https:\/\/api.w.org\/{rel}","templated":true}]}}