{"id":10750,"date":"2020-03-20T13:16:51","date_gmt":"2020-03-20T12:16:51","guid":{"rendered":"https:\/\/new.srfb.be\/?post_type=product&#038;p=10750"},"modified":"2026-03-03T17:12:17","modified_gmt":"2026-03-03T16:12:17","slug":"anatomie-du-bois","status":"publish","type":"product","link":"https:\/\/srfb.be\/nl\/forest-shop\/anatomie-du-bois\/","title":{"rendered":"Anatomie van hout"},"content":{"rendered":"","protected":false},"excerpt":{"rendered":"<p>Anatomie is het kruispunt van kennis waar biologen en houtspecialisten samenkomen, omdat het de sleutel is tot het begrijpen van zowel de fysiologie en biomechanica van de boom, als de fysieke en mechanische eigenschappen van hout en de kwaliteit ervan als materiaal. Talrijke illustraties completeren de nauwkeurige beschrijving van de cellulaire en pari\u00ebtale structuren van naald- en loofhoutsoorten. Dit educatieve boek is bedoeld voor professionals, onderzoekers, docenten en studenten op master- of PhD-niveau.<br \/>\n16 x 24 cm, 184 pagina's<\/p>\n<p>Auteur: <strong>Marie-Christine Trouy<br \/>\n<\/strong>Uitgever: <strong>Uitgeverij Quae<\/strong><\/p>","protected":false},"featured_media":10751,"comment_status":"open","ping_status":"closed","template":"","meta":{"iawp_total_views":102},"product_brand":[],"product_cat":[695,690],"product_tag":[],"class_list":{"0":"post-10750","1":"product","2":"type-product","3":"status-publish","4":"has-post-thumbnail","6":"product_cat-lexique","7":"product_cat-livres-illustres","9":"first","10":"instock","11":"shipping-taxable","12":"purchasable","13":"product-type-simple"},"yoast_head":"<!-- This site is optimized with the Yoast SEO plugin v27.3 - https:\/\/yoast.com\/product\/yoast-seo-wordpress\/ -->\n<title>Anatomie du Bois - Soci\u00e9t\u00e9 Royale Foresti\u00e8re de Belgique<\/title>\n<meta name=\"robots\" content=\"index, follow, max-snippet:-1, max-image-preview:large, max-video-preview:-1\" \/>\n<link rel=\"canonical\" href=\"https:\/\/www.kbbm.be\/nl\/forest-shop\/anatomie-du-bois\/\" \/>\n<meta property=\"og:locale\" content=\"nl_BE\" \/>\n<meta property=\"og:type\" content=\"article\" \/>\n<meta property=\"og:title\" content=\"Anatomie du Bois - Soci\u00e9t\u00e9 Royale Foresti\u00e8re de Belgique\" \/>\n<meta property=\"og:description\" content=\"L\u2019anatomie se situe au carrefour de connaissances, vers lesquelles convergent aussi bien les biologistes que les sp\u00e9cialistes du bois, car elle est une cl\u00e9 de compr\u00e9hension, d\u2019une part pour la physiologie et la biom\u00e9canique de l\u2019arbre, et d\u2019autre part pour les propri\u00e9t\u00e9s physico-m\u00e9caniques du bois et de sa qualit\u00e9 en tant que mat\u00e9riau. De nombreuses illustrations compl\u00e8tent la description pr\u00e9cise des structures cellulaires et pari\u00e9tales des esp\u00e8ces ligneuses r\u00e9sineuses et feuillues. Cet ouvrage p\u00e9dagogique est destin\u00e9 aux professionnels, chercheurs,enseignants, \u00e9tudiants de niveau master ou doctorat. 16 x 24 cm, 184 pages  Auteur : Marie-Christine Trouy \u00c9diteur : \u00c9ditions Quae\" \/>\n<meta property=\"og:url\" content=\"https:\/\/www.kbbm.be\/nl\/forest-shop\/anatomie-du-bois\/\" \/>\n<meta property=\"og:site_name\" content=\"Soci\u00e9t\u00e9 Royale Foresti\u00e8re de Belgique\" \/>\n<meta property=\"article:publisher\" content=\"https:\/\/www.facebook.com\/srfb.be\" \/>\n<meta property=\"article:modified_time\" content=\"2026-03-03T16:12:17+00:00\" \/>\n<meta property=\"og:image\" content=\"https:\/\/www.kbbm.be\/wp-content\/uploads\/2020\/03\/Anatomie_bois-1-scaled.jpg\" \/>\n\t<meta property=\"og:image:width\" content=\"1690\" \/>\n\t<meta property=\"og:image:height\" content=\"2560\" \/>\n\t<meta property=\"og:image:type\" content=\"image\/jpeg\" \/>\n<script type=\"application\/ld+json\" class=\"yoast-schema-graph\">{\"@context\":\"https:\\\/\\\/schema.org\",\"@graph\":[{\"@type\":\"WebPage\",\"@id\":\"https:\\\/\\\/www.kbbm.be\\\/nl\\\/forest-shop\\\/anatomie-du-bois\\\/\",\"url\":\"https:\\\/\\\/www.kbbm.be\\\/nl\\\/forest-shop\\\/anatomie-du-bois\\\/\",\"name\":\"Anatomie du Bois - Soci\u00e9t\u00e9 Royale Foresti\u00e8re de Belgique\",\"isPartOf\":{\"@id\":\"https:\\\/\\\/srfb.be\\\/de\\\/#website\"},\"primaryImageOfPage\":{\"@id\":\"https:\\\/\\\/www.kbbm.be\\\/nl\\\/forest-shop\\\/anatomie-du-bois\\\/#primaryimage\"},\"image\":{\"@id\":\"https:\\\/\\\/www.kbbm.be\\\/nl\\\/forest-shop\\\/anatomie-du-bois\\\/#primaryimage\"},\"thumbnailUrl\":\"https:\\\/\\\/srfb.be\\\/wp-content\\\/uploads\\\/2020\\\/03\\\/Anatomie_bois-1-scaled.jpg\",\"datePublished\":\"2020-03-20T12:16:51+00:00\",\"dateModified\":\"2026-03-03T16:12:17+00:00\",\"breadcrumb\":{\"@id\":\"https:\\\/\\\/www.kbbm.be\\\/nl\\\/forest-shop\\\/anatomie-du-bois\\\/#breadcrumb\"},\"inLanguage\":\"nl-BE\",\"potentialAction\":[{\"@type\":\"ReadAction\",\"target\":[\"https:\\\/\\\/www.kbbm.be\\\/nl\\\/forest-shop\\\/anatomie-du-bois\\\/\"]}]},{\"@type\":\"ImageObject\",\"inLanguage\":\"nl-BE\",\"@id\":\"https:\\\/\\\/www.kbbm.be\\\/nl\\\/forest-shop\\\/anatomie-du-bois\\\/#primaryimage\",\"url\":\"https:\\\/\\\/srfb.be\\\/wp-content\\\/uploads\\\/2020\\\/03\\\/Anatomie_bois-1-scaled.jpg\",\"contentUrl\":\"https:\\\/\\\/srfb.be\\\/wp-content\\\/uploads\\\/2020\\\/03\\\/Anatomie_bois-1-scaled.jpg\",\"width\":1690,\"height\":2560},{\"@type\":\"BreadcrumbList\",\"@id\":\"https:\\\/\\\/www.kbbm.be\\\/nl\\\/forest-shop\\\/anatomie-du-bois\\\/#breadcrumb\",\"itemListElement\":[{\"@type\":\"ListItem\",\"position\":1,\"name\":\"Accueil\",\"item\":\"https:\\\/\\\/srfb.be\\\/de\\\/\"},{\"@type\":\"ListItem\",\"position\":2,\"name\":\"Produkte\",\"item\":\"https:\\\/\\\/srfb.be\\\/de\\\/shop\\\/\"},{\"@type\":\"ListItem\",\"position\":3,\"name\":\"Anatomie du Bois\"}]},{\"@type\":\"WebSite\",\"@id\":\"https:\\\/\\\/srfb.be\\\/de\\\/#website\",\"url\":\"https:\\\/\\\/srfb.be\\\/de\\\/\",\"name\":\"Soci\u00e9t\u00e9 Royale Foresti\u00e8re de Belgique\",\"description\":\"Au service de la for\u00eat et des forestiers\",\"publisher\":{\"@id\":\"https:\\\/\\\/srfb.be\\\/de\\\/#organization\"},\"alternateName\":\"SRFB-KBBM\",\"potentialAction\":[{\"@type\":\"SearchAction\",\"target\":{\"@type\":\"EntryPoint\",\"urlTemplate\":\"https:\\\/\\\/srfb.be\\\/de\\\/?s={search_term_string}\"},\"query-input\":{\"@type\":\"PropertyValueSpecification\",\"valueRequired\":true,\"valueName\":\"search_term_string\"}}],\"inLanguage\":\"nl-BE\"},{\"@type\":\"Organization\",\"@id\":\"https:\\\/\\\/srfb.be\\\/de\\\/#organization\",\"name\":\"Soci\u00e9t\u00e9 Royale Foresti\u00e8re De Belgique - Koninklijke Belgische Bosbouwmaatschappij\",\"alternateName\":\"SRFB-KBBM\",\"url\":\"https:\\\/\\\/srfb.be\\\/de\\\/\",\"logo\":{\"@type\":\"ImageObject\",\"inLanguage\":\"nl-BE\",\"@id\":\"https:\\\/\\\/srfb.be\\\/de\\\/#\\\/schema\\\/logo\\\/image\\\/\",\"url\":\"https:\\\/\\\/srfb.be\\\/wp-content\\\/uploads\\\/2019\\\/06\\\/android-chrome-256x256.png\",\"contentUrl\":\"https:\\\/\\\/srfb.be\\\/wp-content\\\/uploads\\\/2019\\\/06\\\/android-chrome-256x256.png\",\"width\":1200,\"height\":1232,\"caption\":\"Soci\u00e9t\u00e9 Royale Foresti\u00e8re De Belgique - Koninklijke Belgische Bosbouwmaatschappij\"},\"image\":{\"@id\":\"https:\\\/\\\/srfb.be\\\/de\\\/#\\\/schema\\\/logo\\\/image\\\/\"},\"sameAs\":[\"https:\\\/\\\/www.facebook.com\\\/srfb.be\",\"https:\\\/\\\/www.instagram.com\\\/srfb_kbbm\\\/\",\"https:\\\/\\\/www.linkedin.com\\\/company\\\/srfb-kbbm\\\/\",\"https:\\\/\\\/www.youtube.com\\\/user\\\/srfbkbbm\"]}]}<\/script>\n<!-- \/ Yoast SEO plugin. -->","yoast_head_json":{"title":"Houtanatomie - Koninklijke Belgische Bosbouwmaatschappij","robots":{"index":"index","follow":"follow","max-snippet":"max-snippet:-1","max-image-preview":"max-image-preview:large","max-video-preview":"max-video-preview:-1"},"canonical":"https:\/\/www.kbbm.be\/nl\/forest-shop\/anatomie-du-bois\/","og_locale":"nl_BE","og_type":"article","og_title":"Anatomie du Bois - Soci\u00e9t\u00e9 Royale Foresti\u00e8re de Belgique","og_description":"L\u2019anatomie se situe au carrefour de connaissances, vers lesquelles convergent aussi bien les biologistes que les sp\u00e9cialistes du bois, car elle est une cl\u00e9 de compr\u00e9hension, d\u2019une part pour la physiologie et la biom\u00e9canique de l\u2019arbre, et d\u2019autre part pour les propri\u00e9t\u00e9s physico-m\u00e9caniques du bois et de sa qualit\u00e9 en tant que mat\u00e9riau. De nombreuses illustrations compl\u00e8tent la description pr\u00e9cise des structures cellulaires et pari\u00e9tales des esp\u00e8ces ligneuses r\u00e9sineuses et feuillues. Cet ouvrage p\u00e9dagogique est destin\u00e9 aux professionnels, chercheurs,enseignants, \u00e9tudiants de niveau master ou doctorat. 16 x 24 cm, 184 pages  Auteur : Marie-Christine Trouy \u00c9diteur : \u00c9ditions Quae","og_url":"https:\/\/www.kbbm.be\/nl\/forest-shop\/anatomie-du-bois\/","og_site_name":"Soci\u00e9t\u00e9 Royale Foresti\u00e8re de Belgique","article_publisher":"https:\/\/www.facebook.com\/srfb.be","article_modified_time":"2026-03-03T16:12:17+00:00","og_image":[{"width":1690,"height":2560,"url":"https:\/\/www.kbbm.be\/wp-content\/uploads\/2020\/03\/Anatomie_bois-1-scaled.jpg","type":"image\/jpeg"}],"schema":{"@context":"https:\/\/schema.org","@graph":[{"@type":"WebPage","@id":"https:\/\/www.kbbm.be\/nl\/forest-shop\/anatomie-du-bois\/","url":"https:\/\/www.kbbm.be\/nl\/forest-shop\/anatomie-du-bois\/","name":"Houtanatomie - Koninklijke Belgische Bosbouwmaatschappij","isPartOf":{"@id":"https:\/\/srfb.be\/de\/#website"},"primaryImageOfPage":{"@id":"https:\/\/www.kbbm.be\/nl\/forest-shop\/anatomie-du-bois\/#primaryimage"},"image":{"@id":"https:\/\/www.kbbm.be\/nl\/forest-shop\/anatomie-du-bois\/#primaryimage"},"thumbnailUrl":"https:\/\/srfb.be\/wp-content\/uploads\/2020\/03\/Anatomie_bois-1-scaled.jpg","datePublished":"2020-03-20T12:16:51+00:00","dateModified":"2026-03-03T16:12:17+00:00","breadcrumb":{"@id":"https:\/\/www.kbbm.be\/nl\/forest-shop\/anatomie-du-bois\/#breadcrumb"},"inLanguage":"nl-BE","potentialAction":[{"@type":"ReadAction","target":["https:\/\/www.kbbm.be\/nl\/forest-shop\/anatomie-du-bois\/"]}]},{"@type":"ImageObject","inLanguage":"nl-BE","@id":"https:\/\/www.kbbm.be\/nl\/forest-shop\/anatomie-du-bois\/#primaryimage","url":"https:\/\/srfb.be\/wp-content\/uploads\/2020\/03\/Anatomie_bois-1-scaled.jpg","contentUrl":"https:\/\/srfb.be\/wp-content\/uploads\/2020\/03\/Anatomie_bois-1-scaled.jpg","width":1690,"height":2560},{"@type":"BreadcrumbList","@id":"https:\/\/www.kbbm.be\/nl\/forest-shop\/anatomie-du-bois\/#breadcrumb","itemListElement":[{"@type":"ListItem","position":1,"name":"Accueil","item":"https:\/\/srfb.be\/de\/"},{"@type":"ListItem","position":2,"name":"Produkte","item":"https:\/\/srfb.be\/de\/shop\/"},{"@type":"ListItem","position":3,"name":"Anatomie du Bois"}]},{"@type":"WebSite","@id":"https:\/\/srfb.be\/de\/#website","url":"https:\/\/srfb.be\/de\/","name":"Koninklijke Belgische Bosbouwmaatschappij","description":"Ten dienste van het bos en de bosbouwers","publisher":{"@id":"https:\/\/srfb.be\/de\/#organization"},"alternateName":"SRFB-KBBM","potentialAction":[{"@type":"SearchAction","target":{"@type":"EntryPoint","urlTemplate":"https:\/\/srfb.be\/de\/?s={search_term_string}"},"query-input":{"@type":"PropertyValueSpecification","valueRequired":true,"valueName":"search_term_string"}}],"inLanguage":"nl-BE"},{"@type":"Organization","@id":"https:\/\/srfb.be\/de\/#organization","name":"Soci\u00e9t\u00e9 Royale Foresti\u00e8re De Belgique - Koninklijke Belgische Bosbouwmaatschappij","alternateName":"SRFB-KBBM","url":"https:\/\/srfb.be\/de\/","logo":{"@type":"ImageObject","inLanguage":"nl-BE","@id":"https:\/\/srfb.be\/de\/#\/schema\/logo\/image\/","url":"https:\/\/srfb.be\/wp-content\/uploads\/2019\/06\/android-chrome-256x256.png","contentUrl":"https:\/\/srfb.be\/wp-content\/uploads\/2019\/06\/android-chrome-256x256.png","width":1200,"height":1232,"caption":"Soci\u00e9t\u00e9 Royale Foresti\u00e8re De Belgique - Koninklijke Belgische Bosbouwmaatschappij"},"image":{"@id":"https:\/\/srfb.be\/de\/#\/schema\/logo\/image\/"},"sameAs":["https:\/\/www.facebook.com\/srfb.be","https:\/\/www.instagram.com\/srfb_kbbm\/","https:\/\/www.linkedin.com\/company\/srfb-kbbm\/","https:\/\/www.youtube.com\/user\/srfbkbbm"]}]}},"_links":{"self":[{"href":"https:\/\/srfb.be\/nl\/wp-json\/wp\/v2\/product\/10750","targetHints":{"allow":["GET"]}}],"collection":[{"href":"https:\/\/srfb.be\/nl\/wp-json\/wp\/v2\/product"}],"about":[{"href":"https:\/\/srfb.be\/nl\/wp-json\/wp\/v2\/types\/product"}],"replies":[{"embeddable":true,"href":"https:\/\/srfb.be\/nl\/wp-json\/wp\/v2\/comments?post=10750"}],"wp:featuredmedia":[{"embeddable":true,"href":"https:\/\/srfb.be\/nl\/wp-json\/wp\/v2\/media\/10751"}],"wp:attachment":[{"href":"https:\/\/srfb.be\/nl\/wp-json\/wp\/v2\/media?parent=10750"}],"wp:term":[{"taxonomy":"product_brand","embeddable":true,"href":"https:\/\/srfb.be\/nl\/wp-json\/wp\/v2\/product_brand?post=10750"},{"taxonomy":"product_cat","embeddable":true,"href":"https:\/\/srfb.be\/nl\/wp-json\/wp\/v2\/product_cat?post=10750"},{"taxonomy":"product_tag","embeddable":true,"href":"https:\/\/srfb.be\/nl\/wp-json\/wp\/v2\/product_tag?post=10750"}],"curies":[{"name":"wp","href":"https:\/\/api.w.org\/{rel}","templated":true}]}}