{"id":10741,"date":"2020-03-20T13:10:26","date_gmt":"2020-03-20T12:10:26","guid":{"rendered":"https:\/\/new.srfb.be\/?post_type=product&#038;p=10741"},"modified":"2025-12-15T19:54:03","modified_gmt":"2025-12-15T18:54:03","slug":"het-bos-in-belgie","status":"publish","type":"product","link":"https:\/\/srfb.be\/nl\/forest-shop\/la-foret-en-belgique\/","title":{"rendered":"Het bos in Belgi\u00eb"},"content":{"rendered":"","protected":false},"excerpt":{"rendered":"<p>Bijna 700.000 hectare bos bedekken ons nationale grondgebied: een unieke rijkdom en erfgoed! Veelvoudig, al eeuwenlang beheerd, in het hart van de hedendaagse sociale vraagstukken, is het Belgische bos een van de hoofdrolspelers in onze duurzame ontwikkeling. Aan de hand van een selectie van een dertigtal bossen die heel Belgi\u00eb bestrijken, loodst Olivier Baudry de lezer door de grote bosbouwkwesties en -thema's: de cycli van het bos en de bomen, de situatie van de bossen in Belgi\u00eb, de belangrijkste boomsoorten, duurzaam bosbeheer, sporen uit het verleden, het werk van de mens, flora en fauna, water- en bodembescherming en de band met de landbouw.<\/p>\n<p><strong>26 x 30 cm, 194 pagina's<\/strong><\/p>\n<p>Auteur:\u00a0<strong>Olivier Baudry &amp; Fr\u00e9d\u00e9ric Demeuse<br \/>\n<\/strong>Uitgever: <strong>Racine<br \/>\n<\/strong><\/p>","protected":false},"featured_media":10742,"comment_status":"open","ping_status":"closed","template":"","meta":{"iawp_total_views":67},"product_brand":[],"product_cat":[691,689,314],"product_tag":[],"class_list":{"0":"post-10741","1":"product","2":"type-product","3":"status-publish","4":"has-post-thumbnail","6":"product_cat-biodiversite","7":"product_cat-foret-de-soignes","8":"product_cat-sylviculture","10":"first","11":"outofstock","12":"shipping-taxable","13":"purchasable","14":"product-type-simple"},"yoast_head":"<!-- This site is optimized with the Yoast SEO plugin v27.3 - https:\/\/yoast.com\/product\/yoast-seo-wordpress\/ -->\n<title>La for\u00eat en Belgique - Soci\u00e9t\u00e9 Royale Foresti\u00e8re de Belgique<\/title>\n<meta name=\"robots\" content=\"index, follow, max-snippet:-1, max-image-preview:large, max-video-preview:-1\" \/>\n<link rel=\"canonical\" href=\"https:\/\/srfb.be\/nl\/forest-shop\/het-bos-in-belgie\/\" \/>\n<meta property=\"og:locale\" content=\"nl_BE\" \/>\n<meta property=\"og:type\" content=\"article\" \/>\n<meta property=\"og:title\" content=\"La for\u00eat en Belgique - Soci\u00e9t\u00e9 Royale Foresti\u00e8re de Belgique\" \/>\n<meta property=\"og:description\" content=\"Pr\u00e8s de 700.000 hectares de for\u00eats couvrent notre territoire national : une ressource et un patrimoine uniques ! Multiple, g\u00e9r\u00e9e depuis des si\u00e8cles, au c\u0153ur des enjeux soci\u00e9taux contemporains, la for\u00eat belge est l\u2019un des acteurs de notre d\u00e9veloppement durable. Gr\u00e2ce \u00e0 une s\u00e9lection d\u2019une trentaine de for\u00eats, r\u00e9alis\u00e9e de mani\u00e8re \u00e0 couvrir l\u2019ensemble du territoire belge, Olivier Baudry guide le lecteur parmi les grandes questions et th\u00e9matiques foresti\u00e8res : les cycles de la for\u00eat et des arbres, la situation des for\u00eats en Belgique, les principales esp\u00e8ces arboricoles, la gestion durable de la for\u00eat, les traces du pass\u00e9, le travail de l\u2019Homme, la faune et la flore, la protection de l\u2019eau et des sols, ainsi que le lien avec l\u2019agriculture.  26 x 30 cm, 194 pages  Auteur :\u00a0Olivier Baudry &amp; Fr\u00e9d\u00e9ric Demeuse \u00c9diteur : Racine\" \/>\n<meta property=\"og:url\" content=\"https:\/\/srfb.be\/nl\/forest-shop\/het-bos-in-belgie\/\" \/>\n<meta property=\"og:site_name\" content=\"Soci\u00e9t\u00e9 Royale Foresti\u00e8re de Belgique\" \/>\n<meta property=\"article:publisher\" content=\"https:\/\/www.facebook.com\/srfb.be\" \/>\n<meta property=\"article:modified_time\" content=\"2025-12-15T18:54:03+00:00\" \/>\n<meta property=\"og:image\" content=\"https:\/\/srfb.be\/wp-content\/uploads\/2020\/03\/La-for\u00eat-en-Belgique.jpg\" \/>\n\t<meta property=\"og:image:width\" content=\"1459\" \/>\n\t<meta property=\"og:image:height\" content=\"1700\" \/>\n\t<meta property=\"og:image:type\" content=\"image\/jpeg\" \/>\n<script type=\"application\/ld+json\" class=\"yoast-schema-graph\">{\"@context\":\"https:\\\/\\\/schema.org\",\"@graph\":[{\"@type\":\"WebPage\",\"@id\":\"https:\\\/\\\/srfb.be\\\/en\\\/forest-shop\\\/la-foret-en-belgique\\\/\",\"url\":\"https:\\\/\\\/srfb.be\\\/en\\\/forest-shop\\\/la-foret-en-belgique\\\/\",\"name\":\"La for\u00eat en Belgique - Soci\u00e9t\u00e9 Royale Foresti\u00e8re de Belgique\",\"isPartOf\":{\"@id\":\"https:\\\/\\\/kbbm.be\\\/de\\\/#website\"},\"primaryImageOfPage\":{\"@id\":\"https:\\\/\\\/srfb.be\\\/en\\\/forest-shop\\\/la-foret-en-belgique\\\/#primaryimage\"},\"image\":{\"@id\":\"https:\\\/\\\/srfb.be\\\/en\\\/forest-shop\\\/la-foret-en-belgique\\\/#primaryimage\"},\"thumbnailUrl\":\"https:\\\/\\\/srfb.be\\\/wp-content\\\/uploads\\\/2020\\\/03\\\/La-for\u00eat-en-Belgique.jpg\",\"datePublished\":\"2020-03-20T12:10:26+00:00\",\"dateModified\":\"2025-12-15T18:54:03+00:00\",\"breadcrumb\":{\"@id\":\"https:\\\/\\\/srfb.be\\\/en\\\/forest-shop\\\/la-foret-en-belgique\\\/#breadcrumb\"},\"inLanguage\":\"nl-BE\",\"potentialAction\":[{\"@type\":\"ReadAction\",\"target\":[\"https:\\\/\\\/srfb.be\\\/en\\\/forest-shop\\\/la-foret-en-belgique\\\/\"]}]},{\"@type\":\"ImageObject\",\"inLanguage\":\"nl-BE\",\"@id\":\"https:\\\/\\\/srfb.be\\\/en\\\/forest-shop\\\/la-foret-en-belgique\\\/#primaryimage\",\"url\":\"https:\\\/\\\/srfb.be\\\/wp-content\\\/uploads\\\/2020\\\/03\\\/La-for\u00eat-en-Belgique.jpg\",\"contentUrl\":\"https:\\\/\\\/srfb.be\\\/wp-content\\\/uploads\\\/2020\\\/03\\\/La-for\u00eat-en-Belgique.jpg\",\"width\":1459,\"height\":1700},{\"@type\":\"BreadcrumbList\",\"@id\":\"https:\\\/\\\/srfb.be\\\/en\\\/forest-shop\\\/la-foret-en-belgique\\\/#breadcrumb\",\"itemListElement\":[{\"@type\":\"ListItem\",\"position\":1,\"name\":\"Accueil\",\"item\":\"https:\\\/\\\/kbbm.be\\\/de\\\/\"},{\"@type\":\"ListItem\",\"position\":2,\"name\":\"Producten\",\"item\":\"https:\\\/\\\/kbbm.be\\\/nl\\\/shop\\\/\"},{\"@type\":\"ListItem\",\"position\":3,\"name\":\"La for\u00eat en Belgique\"}]},{\"@type\":\"WebSite\",\"@id\":\"https:\\\/\\\/kbbm.be\\\/de\\\/#website\",\"url\":\"https:\\\/\\\/kbbm.be\\\/de\\\/\",\"name\":\"Soci\u00e9t\u00e9 Royale Foresti\u00e8re de Belgique\",\"description\":\"Au service de la for\u00eat et des forestiers\",\"publisher\":{\"@id\":\"https:\\\/\\\/kbbm.be\\\/de\\\/#organization\"},\"alternateName\":\"SRFB-KBBM\",\"potentialAction\":[{\"@type\":\"SearchAction\",\"target\":{\"@type\":\"EntryPoint\",\"urlTemplate\":\"https:\\\/\\\/kbbm.be\\\/de\\\/?s={search_term_string}\"},\"query-input\":{\"@type\":\"PropertyValueSpecification\",\"valueRequired\":true,\"valueName\":\"search_term_string\"}}],\"inLanguage\":\"nl-BE\"},{\"@type\":\"Organization\",\"@id\":\"https:\\\/\\\/kbbm.be\\\/de\\\/#organization\",\"name\":\"Soci\u00e9t\u00e9 Royale Foresti\u00e8re De Belgique - Koninklijke Belgische Bosbouwmaatschappij\",\"alternateName\":\"SRFB-KBBM\",\"url\":\"https:\\\/\\\/kbbm.be\\\/de\\\/\",\"logo\":{\"@type\":\"ImageObject\",\"inLanguage\":\"nl-BE\",\"@id\":\"https:\\\/\\\/kbbm.be\\\/de\\\/#\\\/schema\\\/logo\\\/image\\\/\",\"url\":\"https:\\\/\\\/srfb.be\\\/wp-content\\\/uploads\\\/2019\\\/06\\\/android-chrome-256x256.png\",\"contentUrl\":\"https:\\\/\\\/srfb.be\\\/wp-content\\\/uploads\\\/2019\\\/06\\\/android-chrome-256x256.png\",\"width\":1200,\"height\":1232,\"caption\":\"Soci\u00e9t\u00e9 Royale Foresti\u00e8re De Belgique - Koninklijke Belgische Bosbouwmaatschappij\"},\"image\":{\"@id\":\"https:\\\/\\\/kbbm.be\\\/de\\\/#\\\/schema\\\/logo\\\/image\\\/\"},\"sameAs\":[\"https:\\\/\\\/www.facebook.com\\\/srfb.be\",\"https:\\\/\\\/www.instagram.com\\\/srfb_kbbm\\\/\",\"https:\\\/\\\/www.linkedin.com\\\/company\\\/srfb-kbbm\\\/\",\"https:\\\/\\\/www.youtube.com\\\/user\\\/srfbkbbm\"]}]}<\/script>\n<!-- \/ Yoast SEO plugin. -->","yoast_head_json":{"title":"Bossen in Belgi\u00eb - Koninklijke Belgische Bosbouwmaatschappij","robots":{"index":"index","follow":"follow","max-snippet":"max-snippet:-1","max-image-preview":"max-image-preview:large","max-video-preview":"max-video-preview:-1"},"canonical":"https:\/\/srfb.be\/nl\/forest-shop\/het-bos-in-belgie\/","og_locale":"nl_BE","og_type":"article","og_title":"La for\u00eat en Belgique - Soci\u00e9t\u00e9 Royale Foresti\u00e8re de Belgique","og_description":"Pr\u00e8s de 700.000 hectares de for\u00eats couvrent notre territoire national : une ressource et un patrimoine uniques ! Multiple, g\u00e9r\u00e9e depuis des si\u00e8cles, au c\u0153ur des enjeux soci\u00e9taux contemporains, la for\u00eat belge est l\u2019un des acteurs de notre d\u00e9veloppement durable. Gr\u00e2ce \u00e0 une s\u00e9lection d\u2019une trentaine de for\u00eats, r\u00e9alis\u00e9e de mani\u00e8re \u00e0 couvrir l\u2019ensemble du territoire belge, Olivier Baudry guide le lecteur parmi les grandes questions et th\u00e9matiques foresti\u00e8res : les cycles de la for\u00eat et des arbres, la situation des for\u00eats en Belgique, les principales esp\u00e8ces arboricoles, la gestion durable de la for\u00eat, les traces du pass\u00e9, le travail de l\u2019Homme, la faune et la flore, la protection de l\u2019eau et des sols, ainsi que le lien avec l\u2019agriculture.  26 x 30 cm, 194 pages  Auteur :\u00a0Olivier Baudry &amp; Fr\u00e9d\u00e9ric Demeuse \u00c9diteur : Racine","og_url":"https:\/\/srfb.be\/nl\/forest-shop\/het-bos-in-belgie\/","og_site_name":"Soci\u00e9t\u00e9 Royale Foresti\u00e8re de Belgique","article_publisher":"https:\/\/www.facebook.com\/srfb.be","article_modified_time":"2025-12-15T18:54:03+00:00","og_image":[{"width":1459,"height":1700,"url":"https:\/\/srfb.be\/wp-content\/uploads\/2020\/03\/La-for\u00eat-en-Belgique.jpg","type":"image\/jpeg"}],"schema":{"@context":"https:\/\/schema.org","@graph":[{"@type":"WebPage","@id":"https:\/\/srfb.be\/en\/forest-shop\/la-foret-en-belgique\/","url":"https:\/\/srfb.be\/en\/forest-shop\/la-foret-en-belgique\/","name":"Bossen in Belgi\u00eb - Koninklijke Belgische Bosbouwmaatschappij","isPartOf":{"@id":"https:\/\/kbbm.be\/de\/#website"},"primaryImageOfPage":{"@id":"https:\/\/srfb.be\/en\/forest-shop\/la-foret-en-belgique\/#primaryimage"},"image":{"@id":"https:\/\/srfb.be\/en\/forest-shop\/la-foret-en-belgique\/#primaryimage"},"thumbnailUrl":"https:\/\/srfb.be\/wp-content\/uploads\/2020\/03\/La-for\u00eat-en-Belgique.jpg","datePublished":"2020-03-20T12:10:26+00:00","dateModified":"2025-12-15T18:54:03+00:00","breadcrumb":{"@id":"https:\/\/srfb.be\/en\/forest-shop\/la-foret-en-belgique\/#breadcrumb"},"inLanguage":"nl-BE","potentialAction":[{"@type":"ReadAction","target":["https:\/\/srfb.be\/en\/forest-shop\/la-foret-en-belgique\/"]}]},{"@type":"ImageObject","inLanguage":"nl-BE","@id":"https:\/\/srfb.be\/en\/forest-shop\/la-foret-en-belgique\/#primaryimage","url":"https:\/\/srfb.be\/wp-content\/uploads\/2020\/03\/La-for\u00eat-en-Belgique.jpg","contentUrl":"https:\/\/srfb.be\/wp-content\/uploads\/2020\/03\/La-for\u00eat-en-Belgique.jpg","width":1459,"height":1700},{"@type":"BreadcrumbList","@id":"https:\/\/srfb.be\/en\/forest-shop\/la-foret-en-belgique\/#breadcrumb","itemListElement":[{"@type":"ListItem","position":1,"name":"Accueil","item":"https:\/\/kbbm.be\/de\/"},{"@type":"ListItem","position":2,"name":"Producten","item":"https:\/\/kbbm.be\/nl\/shop\/"},{"@type":"ListItem","position":3,"name":"La for\u00eat en Belgique"}]},{"@type":"WebSite","@id":"https:\/\/kbbm.be\/de\/#website","url":"https:\/\/kbbm.be\/de\/","name":"Koninklijke Belgische Bosbouwmaatschappij","description":"Ten dienste van het bos en de bosbouwers","publisher":{"@id":"https:\/\/kbbm.be\/de\/#organization"},"alternateName":"SRFB-KBBM","potentialAction":[{"@type":"SearchAction","target":{"@type":"EntryPoint","urlTemplate":"https:\/\/kbbm.be\/de\/?s={search_term_string}"},"query-input":{"@type":"PropertyValueSpecification","valueRequired":true,"valueName":"search_term_string"}}],"inLanguage":"nl-BE"},{"@type":"Organization","@id":"https:\/\/kbbm.be\/de\/#organization","name":"Soci\u00e9t\u00e9 Royale Foresti\u00e8re De Belgique - Koninklijke Belgische Bosbouwmaatschappij","alternateName":"SRFB-KBBM","url":"https:\/\/kbbm.be\/de\/","logo":{"@type":"ImageObject","inLanguage":"nl-BE","@id":"https:\/\/kbbm.be\/de\/#\/schema\/logo\/image\/","url":"https:\/\/srfb.be\/wp-content\/uploads\/2019\/06\/android-chrome-256x256.png","contentUrl":"https:\/\/srfb.be\/wp-content\/uploads\/2019\/06\/android-chrome-256x256.png","width":1200,"height":1232,"caption":"Soci\u00e9t\u00e9 Royale Foresti\u00e8re De Belgique - Koninklijke Belgische Bosbouwmaatschappij"},"image":{"@id":"https:\/\/kbbm.be\/de\/#\/schema\/logo\/image\/"},"sameAs":["https:\/\/www.facebook.com\/srfb.be","https:\/\/www.instagram.com\/srfb_kbbm\/","https:\/\/www.linkedin.com\/company\/srfb-kbbm\/","https:\/\/www.youtube.com\/user\/srfbkbbm"]}]}},"_links":{"self":[{"href":"https:\/\/srfb.be\/nl\/wp-json\/wp\/v2\/product\/10741","targetHints":{"allow":["GET"]}}],"collection":[{"href":"https:\/\/srfb.be\/nl\/wp-json\/wp\/v2\/product"}],"about":[{"href":"https:\/\/srfb.be\/nl\/wp-json\/wp\/v2\/types\/product"}],"replies":[{"embeddable":true,"href":"https:\/\/srfb.be\/nl\/wp-json\/wp\/v2\/comments?post=10741"}],"wp:featuredmedia":[{"embeddable":true,"href":"https:\/\/srfb.be\/nl\/wp-json\/wp\/v2\/media\/10742"}],"wp:attachment":[{"href":"https:\/\/srfb.be\/nl\/wp-json\/wp\/v2\/media?parent=10741"}],"wp:term":[{"taxonomy":"product_brand","embeddable":true,"href":"https:\/\/srfb.be\/nl\/wp-json\/wp\/v2\/product_brand?post=10741"},{"taxonomy":"product_cat","embeddable":true,"href":"https:\/\/srfb.be\/nl\/wp-json\/wp\/v2\/product_cat?post=10741"},{"taxonomy":"product_tag","embeddable":true,"href":"https:\/\/srfb.be\/nl\/wp-json\/wp\/v2\/product_tag?post=10741"}],"curies":[{"name":"wp","href":"https:\/\/api.w.org\/{rel}","templated":true}]}}