{"id":10702,"date":"2020-03-19T16:57:22","date_gmt":"2020-03-19T16:57:22","guid":{"rendered":"https:\/\/new.srfb.be\/?post_type=product&#038;p=10702"},"modified":"2026-03-03T17:16:45","modified_gmt":"2026-03-03T16:16:45","slug":"bareme-de-poche","status":"publish","type":"product","link":"https:\/\/srfb.be\/nl\/forest-shop\/bareme-de-poche\/","title":{"rendered":"Zakweegschaal"},"content":{"rendered":"","protected":false},"excerpt":{"rendered":"<p>Deze weegschaal in zakformaat kan worden gebruikt om staande bomen, gekapte bomen of gekapt hout snel in blokjes te verdelen op basis van de omtrek, herzaaghoogte en taps toelopend van de boom.<br \/>\n10 x 15 cm, 228 pagina's<\/p>\n<p>Auteur: <strong>Roger Piette<\/strong><\/p>","protected":false},"featured_media":10703,"comment_status":"open","ping_status":"closed","template":"","meta":{"iawp_total_views":254},"product_brand":[],"product_cat":[695],"product_tag":[],"class_list":{"0":"post-10702","1":"product","2":"type-product","3":"status-publish","4":"has-post-thumbnail","6":"product_cat-lexique","8":"first","9":"instock","10":"shipping-taxable","11":"purchasable","12":"product-type-simple"},"yoast_head":"<!-- This site is optimized with the Yoast SEO plugin v27.3 - https:\/\/yoast.com\/product\/yoast-seo-wordpress\/ -->\n<title>Bar\u00e8me de poche - Soci\u00e9t\u00e9 Royale Foresti\u00e8re de Belgique<\/title>\n<meta name=\"robots\" content=\"index, follow, max-snippet:-1, max-image-preview:large, max-video-preview:-1\" \/>\n<link rel=\"canonical\" href=\"https:\/\/kbbm.be\/forest-shop\/bareme-de-poche\/\" \/>\n<meta property=\"og:locale\" content=\"nl_BE\" \/>\n<meta property=\"og:type\" content=\"article\" \/>\n<meta property=\"og:title\" content=\"Bar\u00e8me de poche - Soci\u00e9t\u00e9 Royale Foresti\u00e8re de Belgique\" \/>\n<meta property=\"og:description\" content=\"Ce bar\u00e8me de poche permet de cuber rapidement les arbres sur pied, les arbres abattus ou encore les bois d\u00e9coup\u00e9s, \u00e0 partir de la circonf\u00e9rence, de la hauteur de recoupe et du d\u00e9filement de l\u2019arbre. 10 x 15 cm, 228 pages  Auteur : Roger Piette\" \/>\n<meta property=\"og:url\" content=\"https:\/\/kbbm.be\/forest-shop\/bareme-de-poche\/\" \/>\n<meta property=\"og:site_name\" content=\"Soci\u00e9t\u00e9 Royale Foresti\u00e8re de Belgique\" \/>\n<meta property=\"article:publisher\" content=\"https:\/\/www.facebook.com\/srfb.be\" \/>\n<meta property=\"article:modified_time\" content=\"2026-03-03T16:16:45+00:00\" \/>\n<meta property=\"og:image\" content=\"https:\/\/kbbm.be\/wp-content\/uploads\/2020\/03\/bar\u00e8me-de-poche.jpg\" \/>\n\t<meta property=\"og:image:width\" content=\"1204\" \/>\n\t<meta property=\"og:image:height\" content=\"1700\" \/>\n\t<meta property=\"og:image:type\" content=\"image\/jpeg\" \/>\n<script type=\"application\/ld+json\" class=\"yoast-schema-graph\">{\"@context\":\"https:\\\/\\\/schema.org\",\"@graph\":[{\"@type\":\"WebPage\",\"@id\":\"https:\\\/\\\/kbbm.be\\\/forest-shop\\\/bareme-de-poche\\\/\",\"url\":\"https:\\\/\\\/kbbm.be\\\/forest-shop\\\/bareme-de-poche\\\/\",\"name\":\"Bar\u00e8me de poche - Soci\u00e9t\u00e9 Royale Foresti\u00e8re de Belgique\",\"isPartOf\":{\"@id\":\"https:\\\/\\\/srfb.be\\\/de\\\/#website\"},\"primaryImageOfPage\":{\"@id\":\"https:\\\/\\\/kbbm.be\\\/forest-shop\\\/bareme-de-poche\\\/#primaryimage\"},\"image\":{\"@id\":\"https:\\\/\\\/kbbm.be\\\/forest-shop\\\/bareme-de-poche\\\/#primaryimage\"},\"thumbnailUrl\":\"https:\\\/\\\/srfb.be\\\/wp-content\\\/uploads\\\/2020\\\/03\\\/bar\u00e8me-de-poche.jpg\",\"datePublished\":\"2020-03-19T16:57:22+00:00\",\"dateModified\":\"2026-03-03T16:16:45+00:00\",\"breadcrumb\":{\"@id\":\"https:\\\/\\\/kbbm.be\\\/forest-shop\\\/bareme-de-poche\\\/#breadcrumb\"},\"inLanguage\":\"nl-BE\",\"potentialAction\":[{\"@type\":\"ReadAction\",\"target\":[\"https:\\\/\\\/kbbm.be\\\/forest-shop\\\/bareme-de-poche\\\/\"]}]},{\"@type\":\"ImageObject\",\"inLanguage\":\"nl-BE\",\"@id\":\"https:\\\/\\\/kbbm.be\\\/forest-shop\\\/bareme-de-poche\\\/#primaryimage\",\"url\":\"https:\\\/\\\/srfb.be\\\/wp-content\\\/uploads\\\/2020\\\/03\\\/bar\u00e8me-de-poche.jpg\",\"contentUrl\":\"https:\\\/\\\/srfb.be\\\/wp-content\\\/uploads\\\/2020\\\/03\\\/bar\u00e8me-de-poche.jpg\",\"width\":1204,\"height\":1700},{\"@type\":\"BreadcrumbList\",\"@id\":\"https:\\\/\\\/kbbm.be\\\/forest-shop\\\/bareme-de-poche\\\/#breadcrumb\",\"itemListElement\":[{\"@type\":\"ListItem\",\"position\":1,\"name\":\"Accueil\",\"item\":\"https:\\\/\\\/srfb.be\\\/de\\\/\"},{\"@type\":\"ListItem\",\"position\":2,\"name\":\"Produkte\",\"item\":\"https:\\\/\\\/srfb.be\\\/de\\\/shop\\\/\"},{\"@type\":\"ListItem\",\"position\":3,\"name\":\"Bar\u00e8me de poche\"}]},{\"@type\":\"WebSite\",\"@id\":\"https:\\\/\\\/srfb.be\\\/de\\\/#website\",\"url\":\"https:\\\/\\\/srfb.be\\\/de\\\/\",\"name\":\"Soci\u00e9t\u00e9 Royale Foresti\u00e8re de Belgique\",\"description\":\"Au service de la for\u00eat et des forestiers\",\"publisher\":{\"@id\":\"https:\\\/\\\/srfb.be\\\/de\\\/#organization\"},\"alternateName\":\"SRFB-KBBM\",\"potentialAction\":[{\"@type\":\"SearchAction\",\"target\":{\"@type\":\"EntryPoint\",\"urlTemplate\":\"https:\\\/\\\/srfb.be\\\/de\\\/?s={search_term_string}\"},\"query-input\":{\"@type\":\"PropertyValueSpecification\",\"valueRequired\":true,\"valueName\":\"search_term_string\"}}],\"inLanguage\":\"nl-BE\"},{\"@type\":\"Organization\",\"@id\":\"https:\\\/\\\/srfb.be\\\/de\\\/#organization\",\"name\":\"Soci\u00e9t\u00e9 Royale Foresti\u00e8re De Belgique - Koninklijke Belgische Bosbouwmaatschappij\",\"alternateName\":\"SRFB-KBBM\",\"url\":\"https:\\\/\\\/srfb.be\\\/de\\\/\",\"logo\":{\"@type\":\"ImageObject\",\"inLanguage\":\"nl-BE\",\"@id\":\"https:\\\/\\\/srfb.be\\\/de\\\/#\\\/schema\\\/logo\\\/image\\\/\",\"url\":\"https:\\\/\\\/srfb.be\\\/wp-content\\\/uploads\\\/2019\\\/06\\\/android-chrome-256x256.png\",\"contentUrl\":\"https:\\\/\\\/srfb.be\\\/wp-content\\\/uploads\\\/2019\\\/06\\\/android-chrome-256x256.png\",\"width\":1200,\"height\":1232,\"caption\":\"Soci\u00e9t\u00e9 Royale Foresti\u00e8re De Belgique - Koninklijke Belgische Bosbouwmaatschappij\"},\"image\":{\"@id\":\"https:\\\/\\\/srfb.be\\\/de\\\/#\\\/schema\\\/logo\\\/image\\\/\"},\"sameAs\":[\"https:\\\/\\\/www.facebook.com\\\/srfb.be\",\"https:\\\/\\\/www.instagram.com\\\/srfb_kbbm\\\/\",\"https:\\\/\\\/www.linkedin.com\\\/company\\\/srfb-kbbm\\\/\",\"https:\\\/\\\/www.youtube.com\\\/user\\\/srfbkbbm\"]}]}<\/script>\n<!-- \/ Yoast SEO plugin. -->","yoast_head_json":{"title":"Zakweegschaal - Koninklijke Belgische Bosbouwmaatschappij","robots":{"index":"index","follow":"follow","max-snippet":"max-snippet:-1","max-image-preview":"max-image-preview:large","max-video-preview":"max-video-preview:-1"},"canonical":"https:\/\/kbbm.be\/forest-shop\/bareme-de-poche\/","og_locale":"nl_BE","og_type":"article","og_title":"Bar\u00e8me de poche - Soci\u00e9t\u00e9 Royale Foresti\u00e8re de Belgique","og_description":"Ce bar\u00e8me de poche permet de cuber rapidement les arbres sur pied, les arbres abattus ou encore les bois d\u00e9coup\u00e9s, \u00e0 partir de la circonf\u00e9rence, de la hauteur de recoupe et du d\u00e9filement de l\u2019arbre. 10 x 15 cm, 228 pages  Auteur : Roger Piette","og_url":"https:\/\/kbbm.be\/forest-shop\/bareme-de-poche\/","og_site_name":"Soci\u00e9t\u00e9 Royale Foresti\u00e8re de Belgique","article_publisher":"https:\/\/www.facebook.com\/srfb.be","article_modified_time":"2026-03-03T16:16:45+00:00","og_image":[{"width":1204,"height":1700,"url":"https:\/\/kbbm.be\/wp-content\/uploads\/2020\/03\/bar\u00e8me-de-poche.jpg","type":"image\/jpeg"}],"schema":{"@context":"https:\/\/schema.org","@graph":[{"@type":"WebPage","@id":"https:\/\/kbbm.be\/forest-shop\/bareme-de-poche\/","url":"https:\/\/kbbm.be\/forest-shop\/bareme-de-poche\/","name":"Zakweegschaal - Koninklijke Belgische Bosbouwmaatschappij","isPartOf":{"@id":"https:\/\/srfb.be\/de\/#website"},"primaryImageOfPage":{"@id":"https:\/\/kbbm.be\/forest-shop\/bareme-de-poche\/#primaryimage"},"image":{"@id":"https:\/\/kbbm.be\/forest-shop\/bareme-de-poche\/#primaryimage"},"thumbnailUrl":"https:\/\/srfb.be\/wp-content\/uploads\/2020\/03\/bar\u00e8me-de-poche.jpg","datePublished":"2020-03-19T16:57:22+00:00","dateModified":"2026-03-03T16:16:45+00:00","breadcrumb":{"@id":"https:\/\/kbbm.be\/forest-shop\/bareme-de-poche\/#breadcrumb"},"inLanguage":"nl-BE","potentialAction":[{"@type":"ReadAction","target":["https:\/\/kbbm.be\/forest-shop\/bareme-de-poche\/"]}]},{"@type":"ImageObject","inLanguage":"nl-BE","@id":"https:\/\/kbbm.be\/forest-shop\/bareme-de-poche\/#primaryimage","url":"https:\/\/srfb.be\/wp-content\/uploads\/2020\/03\/bar\u00e8me-de-poche.jpg","contentUrl":"https:\/\/srfb.be\/wp-content\/uploads\/2020\/03\/bar\u00e8me-de-poche.jpg","width":1204,"height":1700},{"@type":"BreadcrumbList","@id":"https:\/\/kbbm.be\/forest-shop\/bareme-de-poche\/#breadcrumb","itemListElement":[{"@type":"ListItem","position":1,"name":"Accueil","item":"https:\/\/srfb.be\/de\/"},{"@type":"ListItem","position":2,"name":"Produkte","item":"https:\/\/srfb.be\/de\/shop\/"},{"@type":"ListItem","position":3,"name":"Bar\u00e8me de poche"}]},{"@type":"WebSite","@id":"https:\/\/srfb.be\/de\/#website","url":"https:\/\/srfb.be\/de\/","name":"Koninklijke Belgische Bosbouwmaatschappij","description":"Ten dienste van het bos en de bosbouwers","publisher":{"@id":"https:\/\/srfb.be\/de\/#organization"},"alternateName":"SRFB-KBBM","potentialAction":[{"@type":"SearchAction","target":{"@type":"EntryPoint","urlTemplate":"https:\/\/srfb.be\/de\/?s={search_term_string}"},"query-input":{"@type":"PropertyValueSpecification","valueRequired":true,"valueName":"search_term_string"}}],"inLanguage":"nl-BE"},{"@type":"Organization","@id":"https:\/\/srfb.be\/de\/#organization","name":"Soci\u00e9t\u00e9 Royale Foresti\u00e8re De Belgique - Koninklijke Belgische Bosbouwmaatschappij","alternateName":"SRFB-KBBM","url":"https:\/\/srfb.be\/de\/","logo":{"@type":"ImageObject","inLanguage":"nl-BE","@id":"https:\/\/srfb.be\/de\/#\/schema\/logo\/image\/","url":"https:\/\/srfb.be\/wp-content\/uploads\/2019\/06\/android-chrome-256x256.png","contentUrl":"https:\/\/srfb.be\/wp-content\/uploads\/2019\/06\/android-chrome-256x256.png","width":1200,"height":1232,"caption":"Soci\u00e9t\u00e9 Royale Foresti\u00e8re De Belgique - Koninklijke Belgische Bosbouwmaatschappij"},"image":{"@id":"https:\/\/srfb.be\/de\/#\/schema\/logo\/image\/"},"sameAs":["https:\/\/www.facebook.com\/srfb.be","https:\/\/www.instagram.com\/srfb_kbbm\/","https:\/\/www.linkedin.com\/company\/srfb-kbbm\/","https:\/\/www.youtube.com\/user\/srfbkbbm"]}]}},"_links":{"self":[{"href":"https:\/\/srfb.be\/nl\/wp-json\/wp\/v2\/product\/10702","targetHints":{"allow":["GET"]}}],"collection":[{"href":"https:\/\/srfb.be\/nl\/wp-json\/wp\/v2\/product"}],"about":[{"href":"https:\/\/srfb.be\/nl\/wp-json\/wp\/v2\/types\/product"}],"replies":[{"embeddable":true,"href":"https:\/\/srfb.be\/nl\/wp-json\/wp\/v2\/comments?post=10702"}],"wp:featuredmedia":[{"embeddable":true,"href":"https:\/\/srfb.be\/nl\/wp-json\/wp\/v2\/media\/10703"}],"wp:attachment":[{"href":"https:\/\/srfb.be\/nl\/wp-json\/wp\/v2\/media?parent=10702"}],"wp:term":[{"taxonomy":"product_brand","embeddable":true,"href":"https:\/\/srfb.be\/nl\/wp-json\/wp\/v2\/product_brand?post=10702"},{"taxonomy":"product_cat","embeddable":true,"href":"https:\/\/srfb.be\/nl\/wp-json\/wp\/v2\/product_cat?post=10702"},{"taxonomy":"product_tag","embeddable":true,"href":"https:\/\/srfb.be\/nl\/wp-json\/wp\/v2\/product_tag?post=10702"}],"curies":[{"name":"wp","href":"https:\/\/api.w.org\/{rel}","templated":true}]}}