{"id":10679,"date":"2020-03-19T15:58:26","date_gmt":"2020-03-19T15:58:26","guid":{"rendered":"https:\/\/new.srfb.be\/?post_type=product&#038;p=10679"},"modified":"2026-03-03T16:59:50","modified_gmt":"2026-03-03T15:59:50","slug":"les-sols-forestiers","status":"publish","type":"product","link":"https:\/\/srfb.be\/nl\/forest-shop\/les-sols-forestiers\/","title":{"rendered":"Bosbodems"},"content":{"rendered":"","protected":false},"excerpt":{"rendered":"<p>Dit praktische, technische handboek leert je hoe je bosbodems moet \"lezen\" en geeft, in het licht van recent onderzoek, een aantal goede beheersregels om hun productiepotentieel optimaal te benutten zonder hun fundamentele kwaliteiten in de loop der tijd aan te tasten. Het doel van dit boek is om training te bieden aan zowel niet-specialisten als meer veeleisende gebruikers, met twee leesniveaus die lezers in staat stellen om de basis te verwerven en hun kennis uit te breiden en te verdiepen.<\/p>\n<p>21 x 29,7 cm, 160 pagina's<\/p>\n<p>Auteurs :\u00a0<strong>Fran\u00e7ois Charnet<\/strong><br \/>\nUitgever:\u00a0<strong>Nationaal Centrum voor Bosbezit (CNPF)<\/strong><\/p>","protected":false},"featured_media":10680,"comment_status":"open","ping_status":"closed","template":"","meta":{"iawp_total_views":97},"product_brand":[],"product_cat":[688,314],"product_tag":[],"class_list":{"0":"post-10679","1":"product","2":"type-product","3":"status-publish","4":"has-post-thumbnail","6":"product_cat-sante-des-forets","7":"product_cat-sylviculture","9":"first","10":"instock","11":"shipping-taxable","12":"purchasable","13":"product-type-simple"},"yoast_head":"<!-- This site is optimized with the Yoast SEO plugin v27.3 - https:\/\/yoast.com\/product\/yoast-seo-wordpress\/ -->\n<title>Les sols forestiers - Soci\u00e9t\u00e9 Royale Foresti\u00e8re de Belgique<\/title>\n<meta name=\"robots\" content=\"index, follow, max-snippet:-1, max-image-preview:large, max-video-preview:-1\" \/>\n<link rel=\"canonical\" href=\"https:\/\/srfb.be\/nl\/forest-shop\/les-sols-forestiers\/\" \/>\n<meta property=\"og:locale\" content=\"nl_BE\" \/>\n<meta property=\"og:type\" content=\"article\" \/>\n<meta property=\"og:title\" content=\"Les sols forestiers - Soci\u00e9t\u00e9 Royale Foresti\u00e8re de Belgique\" \/>\n<meta property=\"og:description\" content=\"Ce manuel pratique et technique apprend \u00e0 \u00ab lire \u00bb les sols forestiers et, \u00e0 la lumi\u00e8re de travaux r\u00e9cents, donne quelques r\u00e8gles de bonne gestion pour b\u00e9n\u00e9ficier de leurs potentialit\u00e9s de production sans affecter sur la dur\u00e9e leurs qualit\u00e9s fondamentales. Cet ouvrage propose de former \u00e0 la fois les non-sp\u00e9cialistes et des utilisateurs plus exigeants par deux ni-veaux de lecture qui permettent d\u2019une part d\u2019acqu\u00e9rir les bases, d\u2019autre part d\u2019enrichir et d\u2019approfondir ses connaissances.  21 x 29,7 cm, 160 pages  Auteurs :\u00a0Fran\u00e7ois Charnet \u00c9diteur :\u00a0Centre National de la Propri\u00e9t\u00e9 Foresti\u00e8re (CNPF)\" \/>\n<meta property=\"og:url\" content=\"https:\/\/srfb.be\/nl\/forest-shop\/les-sols-forestiers\/\" \/>\n<meta property=\"og:site_name\" content=\"Soci\u00e9t\u00e9 Royale Foresti\u00e8re de Belgique\" \/>\n<meta property=\"article:publisher\" content=\"https:\/\/www.facebook.com\/srfb.be\" \/>\n<meta property=\"article:modified_time\" content=\"2026-03-03T15:59:50+00:00\" \/>\n<meta property=\"og:image\" content=\"https:\/\/srfb.be\/wp-content\/uploads\/2020\/03\/Les-sols-forestiers-scaled.jpg\" \/>\n\t<meta property=\"og:image:width\" content=\"1189\" \/>\n\t<meta property=\"og:image:height\" content=\"1700\" \/>\n\t<meta property=\"og:image:type\" content=\"image\/jpeg\" \/>\n<script type=\"application\/ld+json\" class=\"yoast-schema-graph\">{\"@context\":\"https:\\\/\\\/schema.org\",\"@graph\":[{\"@type\":\"WebPage\",\"@id\":\"https:\\\/\\\/srfb.be\\\/de\\\/forest-shop\\\/les-sols-forestiers\\\/\",\"url\":\"https:\\\/\\\/srfb.be\\\/de\\\/forest-shop\\\/les-sols-forestiers\\\/\",\"name\":\"Les sols forestiers - Soci\u00e9t\u00e9 Royale Foresti\u00e8re de Belgique\",\"isPartOf\":{\"@id\":\"https:\\\/\\\/srfb.be\\\/#website\"},\"primaryImageOfPage\":{\"@id\":\"https:\\\/\\\/srfb.be\\\/de\\\/forest-shop\\\/les-sols-forestiers\\\/#primaryimage\"},\"image\":{\"@id\":\"https:\\\/\\\/srfb.be\\\/de\\\/forest-shop\\\/les-sols-forestiers\\\/#primaryimage\"},\"thumbnailUrl\":\"https:\\\/\\\/srfb.be\\\/wp-content\\\/uploads\\\/2020\\\/03\\\/Les-sols-forestiers-scaled.jpg\",\"datePublished\":\"2020-03-19T15:58:26+00:00\",\"dateModified\":\"2026-03-03T15:59:50+00:00\",\"breadcrumb\":{\"@id\":\"https:\\\/\\\/srfb.be\\\/de\\\/forest-shop\\\/les-sols-forestiers\\\/#breadcrumb\"},\"inLanguage\":\"nl-BE\",\"potentialAction\":[{\"@type\":\"ReadAction\",\"target\":[\"https:\\\/\\\/srfb.be\\\/de\\\/forest-shop\\\/les-sols-forestiers\\\/\"]}]},{\"@type\":\"ImageObject\",\"inLanguage\":\"nl-BE\",\"@id\":\"https:\\\/\\\/srfb.be\\\/de\\\/forest-shop\\\/les-sols-forestiers\\\/#primaryimage\",\"url\":\"https:\\\/\\\/srfb.be\\\/wp-content\\\/uploads\\\/2020\\\/03\\\/Les-sols-forestiers-scaled.jpg\",\"contentUrl\":\"https:\\\/\\\/srfb.be\\\/wp-content\\\/uploads\\\/2020\\\/03\\\/Les-sols-forestiers-scaled.jpg\",\"width\":1189,\"height\":1700},{\"@type\":\"BreadcrumbList\",\"@id\":\"https:\\\/\\\/srfb.be\\\/de\\\/forest-shop\\\/les-sols-forestiers\\\/#breadcrumb\",\"itemListElement\":[{\"@type\":\"ListItem\",\"position\":1,\"name\":\"Accueil\",\"item\":\"https:\\\/\\\/srfb.be\\\/\"},{\"@type\":\"ListItem\",\"position\":2,\"name\":\"Produkte\",\"item\":\"https:\\\/\\\/www.kbbm.be\\\/de\\\/shop\\\/\"},{\"@type\":\"ListItem\",\"position\":3,\"name\":\"Les sols forestiers\"}]},{\"@type\":\"WebSite\",\"@id\":\"https:\\\/\\\/srfb.be\\\/#website\",\"url\":\"https:\\\/\\\/srfb.be\\\/\",\"name\":\"Soci\u00e9t\u00e9 Royale Foresti\u00e8re de Belgique\",\"description\":\"Au service de la for\u00eat et des forestiers\",\"publisher\":{\"@id\":\"https:\\\/\\\/srfb.be\\\/#organization\"},\"alternateName\":\"SRFB-KBBM\",\"potentialAction\":[{\"@type\":\"SearchAction\",\"target\":{\"@type\":\"EntryPoint\",\"urlTemplate\":\"https:\\\/\\\/srfb.be\\\/?s={search_term_string}\"},\"query-input\":{\"@type\":\"PropertyValueSpecification\",\"valueRequired\":true,\"valueName\":\"search_term_string\"}}],\"inLanguage\":\"nl-BE\"},{\"@type\":\"Organization\",\"@id\":\"https:\\\/\\\/srfb.be\\\/#organization\",\"name\":\"Soci\u00e9t\u00e9 Royale Foresti\u00e8re De Belgique - Koninklijke Belgische Bosbouwmaatschappij\",\"alternateName\":\"SRFB-KBBM\",\"url\":\"https:\\\/\\\/srfb.be\\\/\",\"logo\":{\"@type\":\"ImageObject\",\"inLanguage\":\"nl-BE\",\"@id\":\"https:\\\/\\\/srfb.be\\\/#\\\/schema\\\/logo\\\/image\\\/\",\"url\":\"https:\\\/\\\/srfb.be\\\/wp-content\\\/uploads\\\/2019\\\/06\\\/android-chrome-256x256.png\",\"contentUrl\":\"https:\\\/\\\/srfb.be\\\/wp-content\\\/uploads\\\/2019\\\/06\\\/android-chrome-256x256.png\",\"width\":1200,\"height\":1232,\"caption\":\"Soci\u00e9t\u00e9 Royale Foresti\u00e8re De Belgique - Koninklijke Belgische Bosbouwmaatschappij\"},\"image\":{\"@id\":\"https:\\\/\\\/srfb.be\\\/#\\\/schema\\\/logo\\\/image\\\/\"},\"sameAs\":[\"https:\\\/\\\/www.facebook.com\\\/srfb.be\",\"https:\\\/\\\/www.instagram.com\\\/srfb_kbbm\\\/\",\"https:\\\/\\\/www.linkedin.com\\\/company\\\/srfb-kbbm\\\/\",\"https:\\\/\\\/www.youtube.com\\\/user\\\/srfbkbbm\"]}]}<\/script>\n<!-- \/ Yoast SEO plugin. -->","yoast_head_json":{"title":"Bosbodems - Koninklijke Belgische Boswachterij","robots":{"index":"index","follow":"follow","max-snippet":"max-snippet:-1","max-image-preview":"max-image-preview:large","max-video-preview":"max-video-preview:-1"},"canonical":"https:\/\/srfb.be\/nl\/forest-shop\/les-sols-forestiers\/","og_locale":"nl_BE","og_type":"article","og_title":"Les sols forestiers - Soci\u00e9t\u00e9 Royale Foresti\u00e8re de Belgique","og_description":"Ce manuel pratique et technique apprend \u00e0 \u00ab lire \u00bb les sols forestiers et, \u00e0 la lumi\u00e8re de travaux r\u00e9cents, donne quelques r\u00e8gles de bonne gestion pour b\u00e9n\u00e9ficier de leurs potentialit\u00e9s de production sans affecter sur la dur\u00e9e leurs qualit\u00e9s fondamentales. Cet ouvrage propose de former \u00e0 la fois les non-sp\u00e9cialistes et des utilisateurs plus exigeants par deux ni-veaux de lecture qui permettent d\u2019une part d\u2019acqu\u00e9rir les bases, d\u2019autre part d\u2019enrichir et d\u2019approfondir ses connaissances.  21 x 29,7 cm, 160 pages  Auteurs :\u00a0Fran\u00e7ois Charnet \u00c9diteur :\u00a0Centre National de la Propri\u00e9t\u00e9 Foresti\u00e8re (CNPF)","og_url":"https:\/\/srfb.be\/nl\/forest-shop\/les-sols-forestiers\/","og_site_name":"Soci\u00e9t\u00e9 Royale Foresti\u00e8re de Belgique","article_publisher":"https:\/\/www.facebook.com\/srfb.be","article_modified_time":"2026-03-03T15:59:50+00:00","og_image":[{"width":1189,"height":1700,"url":"https:\/\/srfb.be\/wp-content\/uploads\/2020\/03\/Les-sols-forestiers-scaled.jpg","type":"image\/jpeg"}],"schema":{"@context":"https:\/\/schema.org","@graph":[{"@type":"WebPage","@id":"https:\/\/srfb.be\/de\/forest-shop\/les-sols-forestiers\/","url":"https:\/\/srfb.be\/de\/forest-shop\/les-sols-forestiers\/","name":"Bosbodems - Koninklijke Belgische Boswachterij","isPartOf":{"@id":"https:\/\/srfb.be\/#website"},"primaryImageOfPage":{"@id":"https:\/\/srfb.be\/de\/forest-shop\/les-sols-forestiers\/#primaryimage"},"image":{"@id":"https:\/\/srfb.be\/de\/forest-shop\/les-sols-forestiers\/#primaryimage"},"thumbnailUrl":"https:\/\/srfb.be\/wp-content\/uploads\/2020\/03\/Les-sols-forestiers-scaled.jpg","datePublished":"2020-03-19T15:58:26+00:00","dateModified":"2026-03-03T15:59:50+00:00","breadcrumb":{"@id":"https:\/\/srfb.be\/de\/forest-shop\/les-sols-forestiers\/#breadcrumb"},"inLanguage":"nl-BE","potentialAction":[{"@type":"ReadAction","target":["https:\/\/srfb.be\/de\/forest-shop\/les-sols-forestiers\/"]}]},{"@type":"ImageObject","inLanguage":"nl-BE","@id":"https:\/\/srfb.be\/de\/forest-shop\/les-sols-forestiers\/#primaryimage","url":"https:\/\/srfb.be\/wp-content\/uploads\/2020\/03\/Les-sols-forestiers-scaled.jpg","contentUrl":"https:\/\/srfb.be\/wp-content\/uploads\/2020\/03\/Les-sols-forestiers-scaled.jpg","width":1189,"height":1700},{"@type":"BreadcrumbList","@id":"https:\/\/srfb.be\/de\/forest-shop\/les-sols-forestiers\/#breadcrumb","itemListElement":[{"@type":"ListItem","position":1,"name":"Accueil","item":"https:\/\/srfb.be\/"},{"@type":"ListItem","position":2,"name":"Produkte","item":"https:\/\/www.kbbm.be\/de\/shop\/"},{"@type":"ListItem","position":3,"name":"Les sols forestiers"}]},{"@type":"WebSite","@id":"https:\/\/srfb.be\/#website","url":"https:\/\/srfb.be\/","name":"Koninklijke Belgische Bosbouwmaatschappij","description":"Ten dienste van het bos en de bosbouwers","publisher":{"@id":"https:\/\/srfb.be\/#organization"},"alternateName":"SRFB-KBBM","potentialAction":[{"@type":"SearchAction","target":{"@type":"EntryPoint","urlTemplate":"https:\/\/srfb.be\/?s={search_term_string}"},"query-input":{"@type":"PropertyValueSpecification","valueRequired":true,"valueName":"search_term_string"}}],"inLanguage":"nl-BE"},{"@type":"Organization","@id":"https:\/\/srfb.be\/#organization","name":"Soci\u00e9t\u00e9 Royale Foresti\u00e8re De Belgique - Koninklijke Belgische Bosbouwmaatschappij","alternateName":"SRFB-KBBM","url":"https:\/\/srfb.be\/","logo":{"@type":"ImageObject","inLanguage":"nl-BE","@id":"https:\/\/srfb.be\/#\/schema\/logo\/image\/","url":"https:\/\/srfb.be\/wp-content\/uploads\/2019\/06\/android-chrome-256x256.png","contentUrl":"https:\/\/srfb.be\/wp-content\/uploads\/2019\/06\/android-chrome-256x256.png","width":1200,"height":1232,"caption":"Soci\u00e9t\u00e9 Royale Foresti\u00e8re De Belgique - Koninklijke Belgische Bosbouwmaatschappij"},"image":{"@id":"https:\/\/srfb.be\/#\/schema\/logo\/image\/"},"sameAs":["https:\/\/www.facebook.com\/srfb.be","https:\/\/www.instagram.com\/srfb_kbbm\/","https:\/\/www.linkedin.com\/company\/srfb-kbbm\/","https:\/\/www.youtube.com\/user\/srfbkbbm"]}]}},"_links":{"self":[{"href":"https:\/\/srfb.be\/nl\/wp-json\/wp\/v2\/product\/10679","targetHints":{"allow":["GET"]}}],"collection":[{"href":"https:\/\/srfb.be\/nl\/wp-json\/wp\/v2\/product"}],"about":[{"href":"https:\/\/srfb.be\/nl\/wp-json\/wp\/v2\/types\/product"}],"replies":[{"embeddable":true,"href":"https:\/\/srfb.be\/nl\/wp-json\/wp\/v2\/comments?post=10679"}],"wp:featuredmedia":[{"embeddable":true,"href":"https:\/\/srfb.be\/nl\/wp-json\/wp\/v2\/media\/10680"}],"wp:attachment":[{"href":"https:\/\/srfb.be\/nl\/wp-json\/wp\/v2\/media?parent=10679"}],"wp:term":[{"taxonomy":"product_brand","embeddable":true,"href":"https:\/\/srfb.be\/nl\/wp-json\/wp\/v2\/product_brand?post=10679"},{"taxonomy":"product_cat","embeddable":true,"href":"https:\/\/srfb.be\/nl\/wp-json\/wp\/v2\/product_cat?post=10679"},{"taxonomy":"product_tag","embeddable":true,"href":"https:\/\/srfb.be\/nl\/wp-json\/wp\/v2\/product_tag?post=10679"}],"curies":[{"name":"wp","href":"https:\/\/api.w.org\/{rel}","templated":true}]}}