{"id":7881,"date":"2019-07-17T08:29:03","date_gmt":"2019-07-17T08:29:03","guid":{"rendered":"http:\/\/srfb-wp.dphi.be\/?page_id=7881"},"modified":"2026-01-08T10:14:09","modified_gmt":"2026-01-08T09:14:09","slug":"de-belgische-bossen","status":"publish","type":"page","link":"https:\/\/srfb.be\/nl\/informations-sur-les-forets\/les-forets-de-belgique\/","title":{"rendered":"De Belgische bossen"},"content":{"rendered":"<div class=\"yoast-breadcrumbs\"><span><span><a href=\"https:\/\/srfb.be\/nl\/\">Onthaal<\/a><\/span> &gt; <span><a href=\"https:\/\/srfb.be\/nl\/informatie-over-de-bossen\/\">Informatie over de bossen<\/a><\/span> &gt; <span class=\"breadcrumb_last\" aria-current=\"page\"><strong>De Belgische bossen<\/strong><\/span><\/span><\/div>\n\n\n<h2 class=\"wp-block-heading\" style=\"margin-top:var(--wp--preset--spacing--80)\">De Belgische bossen in cijfers<\/h2>\n\n\n\n<div class=\"wp-block-columns is-layout-flex wp-container-core-columns-is-layout-28f84493 wp-block-columns-is-layout-flex\">\n<div class=\"wp-block-column is-layout-flow wp-block-column-is-layout-flow\">\n<p>Vandaag beslaan de Belgische bossen 23% van het nationale grondgebied, oftewel iets meer dan 700.000 ha verspreid over de drie gewesten van het land: 79.8% in Walloni\u00eb, 19.9% in het Vlaamse Gewest, 0,3% in het Brussels Hoofdstedelijk Gewest.<\/p>\n\n\n\n<p><strong>In 150 jaar is de bosoppervlakte met 25% toegenomen.<\/strong><\/p>\n<\/div>\n\n\n\n<div class=\"wp-block-column is-layout-flow wp-block-column-is-layout-flow\">\n<p>50,6% van de Belgische bosoppervlakte behoort toe aan priv\u00e9-eigenaars. Met een gemiddelde oppervlakte van 2,5 ha per eigenaar en meer dan 100.000 eigenaars wordt het priv\u00e9bos gekenmerkt door een relatief hoge fragmentatie en een grote diversiteit aan eigenaars.<\/p>\n\n\n\n<p>De overige 49,4% behoren tot het publieke domein. Dit zijn staatsbossen die toebehoren aan de gewesten, gemeenten en provincies, openbare centra voor maatschappelijk welzijn en kerkfabrieken.<\/p>\n<\/div>\n<\/div>\n\n\n\n<div class=\"wp-block-columns is-layout-flex wp-container-core-columns-is-layout-a54e0cfc wp-block-columns-is-layout-flex\" style=\"padding-top:var(--wp--preset--spacing--60);padding-bottom:var(--wp--preset--spacing--60)\">\n<div class=\"wp-block-column is-layout-flow wp-block-column-is-layout-flow\">\n<h3 class=\"wp-block-heading\">Verdeling van boomsoorten in Belgische bossen<\/h3>\n\n\n\n<p>De boomsoorten in Belgische bossen worden verdeeld als volgt :<\/p>\n\n\n\n<ul class=\"wp-block-list\">\n<li>47.4% Loofhout<\/li>\n\n\n\n<li>36.6% zachthout<\/li>\n\n\n\n<li>16% niet-productieve oppervlakte (wegen, heide, vijvers, brandgangen, enz.)<\/li>\n<\/ul>\n\n\n\n<p class=\"has-small-font-size\" style=\"font-style:italic;font-weight:400\">Bron : <a href=\"https:\/\/www.filiereboiswallonie.be\/sites\/default\/files\/media-documents\/FBW%20-%20PanoraBois%202024_0.pdf\">FBW - PanoraBois 2024<\/a><\/p>\n<\/div>\n\n\n\n<div class=\"wp-block-column is-layout-flow wp-block-column-is-layout-flow\">\n\n\n<div class=\"ninja-charts-customize_3417138378_2\" >\n    <div id=\"ninja-charts-container\"\n         class=\"ninja-charts-chart-js-container\"\n         style='                height: 400px;                width: auto;                background-color: #ffffff;                border: 0px solid  ;                border-radius: 0px;'\n         data-id=\"2\"\n         data-uniqid=\"_3417138378_2\"\n             >\n    <canvas\n        id= \"ninja_charts_instance_3417138378_2\"\n>\n    <\/canvas>\n    <\/div>\n<\/div>\n\n\n\n\n\n<\/div>\n<\/div>\n\n\n\n<div class=\"wp-block-media-text has-media-on-the-right is-stacked-on-mobile is-vertically-aligned-center\" style=\"margin-top:var(--wp--preset--spacing--60);margin-bottom:var(--wp--preset--spacing--60);padding-top:0;padding-bottom:0;grid-template-columns:auto 25%\"><div class=\"wp-block-media-text__content\">\n<h3 class=\"wp-block-heading\">Behoud van de natuur<\/h3>\n\n\n\n<p>In Belgi\u00eb, beslaat het Europees netwerk Natura 2000 221.000 ha in Wallonia en 136.000 ha in Vlaanderen, dus een totaal van 384.500 ha (13 % van staatsgebied).<br>Integrale of beheerde reservaten worden verspreid over het hele land. In het Waalse Gewest beslaan deze reservaten ongeveer 10.000 ha.<\/p>\n<\/div><figure class=\"wp-block-media-text__media\"><img loading=\"lazy\" decoding=\"async\" width=\"292\" height=\"201\" src=\"https:\/\/srfb.be\/wp-content\/uploads\/2019\/07\/natura2000-logo.jpg\" alt=\"Natura 2000\" class=\"wp-image-7896 size-full\" srcset=\"https:\/\/srfb.be\/wp-content\/uploads\/2019\/07\/natura2000-logo.jpg 292w, https:\/\/srfb.be\/wp-content\/uploads\/2019\/07\/natura2000-logo-18x12.jpg 18w\" sizes=\"auto, (max-width: 292px) 100vw, 292px\" \/><\/figure><\/div>\n\n\n\n<div class=\"wp-block-media-text is-stacked-on-mobile is-vertically-aligned-center\" style=\"margin-top:var(--wp--preset--spacing--80);margin-bottom:var(--wp--preset--spacing--80);padding-top:0;padding-bottom:0;grid-template-columns:25% auto\"><figure class=\"wp-block-media-text__media\"><img loading=\"lazy\" decoding=\"async\" width=\"1024\" height=\"637\" src=\"https:\/\/srfb.be\/wp-content\/uploads\/2019\/07\/PEFC-promo-horizontal-FR-1-1024x637.png\" alt=\"PEFC - duurzaam bosbeheer bevorderen\" class=\"wp-image-7902 size-full\" srcset=\"https:\/\/srfb.be\/wp-content\/uploads\/2019\/07\/PEFC-promo-horizontal-FR-1-1024x637.png 1024w, https:\/\/srfb.be\/wp-content\/uploads\/2019\/07\/PEFC-promo-horizontal-FR-1-600x373.png 600w, https:\/\/srfb.be\/wp-content\/uploads\/2019\/07\/PEFC-promo-horizontal-FR-1-300x187.png 300w, https:\/\/srfb.be\/wp-content\/uploads\/2019\/07\/PEFC-promo-horizontal-FR-1-18x12.png 18w, https:\/\/srfb.be\/wp-content\/uploads\/2019\/07\/PEFC-promo-horizontal-FR-1.png 1700w\" sizes=\"auto, (max-width: 1024px) 100vw, 1024px\" \/><\/figure><div class=\"wp-block-media-text__content\">\n<h3 class=\"wp-block-heading translation-block\">PEFC-Certificatie<\/h3>\n\n\n\n<p>De KBBM steun PEFC-certificatie, het meest verspreide certificatiesysteem ter wereld (307.000.000 ha in 2019), of 60% van het gecertificeerde oppervlakte ter wereld. In Walloni\u00eb beslaat het 54% van het bosgebied (300.000 ha) en 473 Belgische bedrijven hebben hun controleketen al gecertificeerd door de PEFC (juni 2019). Het FSC is ook aanwezig en beslaat 25.000 ha in het Vlaamse Gewest.<\/p>\n\n\n\n<div class=\"wp-block-buttons is-layout-flex wp-block-buttons-is-layout-flex\">\n<div class=\"wp-block-button\"><a class=\"wp-block-button__link wp-element-button\" href=\"https:\/\/srfb.be\/nl\/pefc-certificatie\/\">Certificering<\/a><\/div>\n<\/div>\n<\/div><\/div>\n\n\n\n<div class=\"wp-block-media-text has-media-on-the-right is-stacked-on-mobile is-vertically-aligned-center\" style=\"margin-top:var(--wp--preset--spacing--80);margin-right:0;margin-bottom:var(--wp--preset--spacing--80);margin-left:0;padding-top:0;padding-right:0;padding-bottom:0;padding-left:0;grid-template-columns:auto 25%\"><div class=\"wp-block-media-text__content\">\n<h3 class=\"wp-block-heading\">Bos en CO2<\/h3>\n\n\n\n<p>Het Belgische bos maakt een ofslag van ongeveer 480 miljoen ton CO2 (houtachtige biomassa, zwerfafval, dood hout en bovengrond). Bovendien compenseert de houtwinning en het langdurig gebruik van het bos de jaarlijkse CO2-uitstoot van 800.000 auto\u2019s!<br>Maar de belangrijkste aantrekkelijkheid van bos voor CO2 is substitutie. Hout dat in de bouw, meubels\u2026 wordt gebruikt is een vervanging voor producten zoals PVC, beton of aluminium die qua productie duidelijk energie-intensiever zijn. Hetzelfde geldt voor het energiehout dat fossiele brandstoffen gaat vervangen.<\/p>\n<\/div><figure class=\"wp-block-media-text__media\"><img loading=\"lazy\" decoding=\"async\" width=\"1024\" height=\"768\" src=\"https:\/\/srfb.be\/wp-content\/uploads\/2019\/07\/20180503_152030-scaled-1024x768.jpg\" alt=\"\" class=\"wp-image-7350 size-full\" srcset=\"https:\/\/srfb.be\/wp-content\/uploads\/2019\/07\/20180503_152030-scaled-1024x768.jpg 1024w, https:\/\/srfb.be\/wp-content\/uploads\/2019\/07\/20180503_152030-scaled-600x450.jpg 600w, https:\/\/srfb.be\/wp-content\/uploads\/2019\/07\/20180503_152030-scaled-300x225.jpg 300w, https:\/\/srfb.be\/wp-content\/uploads\/2019\/07\/20180503_152030-scaled-16x12.jpg 16w, https:\/\/srfb.be\/wp-content\/uploads\/2019\/07\/20180503_152030-scaled.jpg 1700w\" sizes=\"auto, (max-width: 1024px) 100vw, 1024px\" \/><\/figure><\/div>\n\n\n\n<div class=\"wp-block-columns is-layout-flex wp-container-core-columns-is-layout-4c1dd492 wp-block-columns-is-layout-flex\" style=\"margin-top:var(--wp--preset--spacing--80);margin-bottom:var(--wp--preset--spacing--80)\">\n<div class=\"wp-block-column is-layout-flow wp-block-column-is-layout-flow\">\n<h2 class=\"wp-block-heading\"><strong>Het bos: een multifunctionele ruimte die biodiversiteit verwelkomt<\/strong><\/h2>\n\n\n\n<p>Wereldwijd herbergen bossen ongeveer 80% van de biodiversiteit op aarde. Bosbouwers spelen een sleutelrol in de ontwikkeling van de biodiversiteit. Volgens Philippe de Wouters, directeur van de KBBM, \"zorgen bosbouwers, door bossen duurzaam te beheren en biodiversiteit te bevorderen, voor de goede gezondheid van bosecosystemen en ondersteunen ze alle fundamentele functies van het bos: houtproductie, recreatie, waterfiltratie en koolstofopslag\".<\/p>\n\n\n\n<p><a href=\"https:\/\/srfb.be\/nl\/2020\/03\/21\/les-forets-et-la-biodiversite-des-tresors-a-promouvoir\/\"><em>Lees het artikel Bossen en biodiversiteit: schatten die gepromoot moeten worden<\/em><\/a><\/p>\n<\/div>\n\n\n\n<div class=\"wp-block-column is-layout-flow wp-block-column-is-layout-flow\">\n<figure class=\"wp-block-embed is-type-video is-provider-youtube wp-block-embed-youtube wp-embed-aspect-16-9 wp-has-aspect-ratio\"><div class=\"wp-block-embed__wrapper\">\n<iframe loading=\"lazy\" title=\"Biodiversiteit in mijn bos beschermen\" width=\"960\" height=\"540\" src=\"https:\/\/www.youtube.com\/embed\/gRqCNKWDvqs?feature=oembed\" frameborder=\"0\" allow=\"accelerometer; autoplay; clipboard-write; encrypted-media; gyroscope; picture-in-picture; web-share\" referrerpolicy=\"strict-origin-when-cross-origin\" allowfullscreen><\/iframe>\n<\/div><\/figure>\n<\/div>\n<\/div>","protected":false},"excerpt":{"rendered":"<p>Les for\u00eats de Belgique en quelques chiffres La for\u00eat belge occupe aujourd\u2019hui 23% du territoire national soit un peu plus de 700.000 ha. La surface foresti\u00e8re belge est r\u00e9partie sur les trois r\u00e9gions du pays : 79,8% en Wallonie, 19,9% en R\u00e9gion flamande, 0,3% en R\u00e9gion de Bruxelles-Capitale. En 150 ans, la couverture foresti\u00e8re a&#8230; <\/p>\n<div class=\"clear\"><\/div>\n<p><a href=\"https:\/\/srfb.be\/nl\/informations-sur-les-forets\/les-forets-de-belgique\/\" class=\"excerpt-read-more\">Meer lezen<\/a><\/p>","protected":false},"author":18,"featured_media":10600,"parent":4294,"menu_order":1,"comment_status":"closed","ping_status":"closed","template":"","meta":{"iawp_total_views":2038,"footnotes":""},"class_list":["post-7881","page","type-page","status-publish","has-post-thumbnail","hentry"],"yoast_head":"<!-- This site is optimized with the Yoast SEO plugin v27.3 - https:\/\/yoast.com\/product\/yoast-seo-wordpress\/ -->\n<title>Les for\u00eats de Belgique - Soci\u00e9t\u00e9 Royale Foresti\u00e8re de Belgique<\/title>\n<meta name=\"description\" content=\"La for\u00eat belge occupe aujourd\u2019hui 23% du territoire national soit un peu plus de 700.000 ha. D\u00e9couvrez les for\u00eats belges en quelques chiffres cl\u00e9s.\" \/>\n<meta name=\"robots\" content=\"index, follow, max-snippet:-1, max-image-preview:large, max-video-preview:-1\" \/>\n<link rel=\"canonical\" href=\"https:\/\/srfb.be\/nl\/informatie-over-de-bossen\/de-belgische-bossen\/\" \/>\n<meta property=\"og:locale\" content=\"nl_BE\" \/>\n<meta property=\"og:type\" content=\"article\" \/>\n<meta property=\"og:title\" content=\"Les for\u00eats de Belgique - Soci\u00e9t\u00e9 Royale Foresti\u00e8re de Belgique\" \/>\n<meta property=\"og:description\" content=\"La for\u00eat belge occupe aujourd\u2019hui 23% du territoire national soit un peu plus de 700.000 ha. D\u00e9couvrez les for\u00eats belges en quelques chiffres cl\u00e9s.\" \/>\n<meta property=\"og:url\" content=\"https:\/\/srfb.be\/nl\/informatie-over-de-bossen\/de-belgische-bossen\/\" \/>\n<meta property=\"og:site_name\" content=\"Soci\u00e9t\u00e9 Royale Foresti\u00e8re de Belgique\" \/>\n<meta property=\"article:publisher\" content=\"https:\/\/www.facebook.com\/srfb.be\" \/>\n<meta property=\"article:modified_time\" content=\"2026-01-08T09:14:09+00:00\" \/>\n<meta property=\"og:image\" content=\"https:\/\/srfb.be\/wp-content\/uploads\/2020\/03\/20180503_152405-copyright-A_portrait-scaled-e1584517518565.jpg\" \/>\n\t<meta property=\"og:image:width\" content=\"1018\" \/>\n\t<meta property=\"og:image:height\" content=\"1700\" \/>\n\t<meta property=\"og:image:type\" content=\"image\/jpeg\" \/>\n<script type=\"application\/ld+json\" class=\"yoast-schema-graph\">{\"@context\":\"https:\\\/\\\/schema.org\",\"@graph\":[{\"@type\":\"WebPage\",\"@id\":\"https:\\\/\\\/srfb.be\\\/nl\\\/informatie-over-de-bossen\\\/de-belgische-bossen\\\/\",\"url\":\"https:\\\/\\\/srfb.be\\\/nl\\\/informatie-over-de-bossen\\\/de-belgische-bossen\\\/\",\"name\":\"Les for\u00eats de Belgique - Soci\u00e9t\u00e9 Royale Foresti\u00e8re de Belgique\",\"isPartOf\":{\"@id\":\"https:\\\/\\\/srfb.be\\\/#website\"},\"primaryImageOfPage\":{\"@id\":\"https:\\\/\\\/srfb.be\\\/nl\\\/informatie-over-de-bossen\\\/de-belgische-bossen\\\/#primaryimage\"},\"image\":{\"@id\":\"https:\\\/\\\/srfb.be\\\/nl\\\/informatie-over-de-bossen\\\/de-belgische-bossen\\\/#primaryimage\"},\"thumbnailUrl\":\"https:\\\/\\\/srfb.be\\\/wp-content\\\/uploads\\\/2020\\\/03\\\/20180503_152405-copyright-A_portrait-scaled-e1584517518565.jpg\",\"datePublished\":\"2019-07-17T08:29:03+00:00\",\"dateModified\":\"2026-01-08T09:14:09+00:00\",\"description\":\"La for\u00eat belge occupe aujourd\u2019hui 23% du territoire national soit un peu plus de 700.000 ha. D\u00e9couvrez les for\u00eats belges en quelques chiffres cl\u00e9s.\",\"breadcrumb\":{\"@id\":\"https:\\\/\\\/srfb.be\\\/nl\\\/informatie-over-de-bossen\\\/de-belgische-bossen\\\/#breadcrumb\"},\"inLanguage\":\"nl-BE\",\"potentialAction\":[{\"@type\":\"ReadAction\",\"target\":[\"https:\\\/\\\/srfb.be\\\/nl\\\/informatie-over-de-bossen\\\/de-belgische-bossen\\\/\"]}]},{\"@type\":\"ImageObject\",\"inLanguage\":\"nl-BE\",\"@id\":\"https:\\\/\\\/srfb.be\\\/nl\\\/informatie-over-de-bossen\\\/de-belgische-bossen\\\/#primaryimage\",\"url\":\"https:\\\/\\\/srfb.be\\\/wp-content\\\/uploads\\\/2020\\\/03\\\/20180503_152405-copyright-A_portrait-scaled-e1584517518565.jpg\",\"contentUrl\":\"https:\\\/\\\/srfb.be\\\/wp-content\\\/uploads\\\/2020\\\/03\\\/20180503_152405-copyright-A_portrait-scaled-e1584517518565.jpg\",\"width\":1018,\"height\":1700,\"caption\":\"vue de for\u00eat\"},{\"@type\":\"BreadcrumbList\",\"@id\":\"https:\\\/\\\/srfb.be\\\/nl\\\/informatie-over-de-bossen\\\/de-belgische-bossen\\\/#breadcrumb\",\"itemListElement\":[{\"@type\":\"ListItem\",\"position\":1,\"name\":\"Accueil\",\"item\":\"https:\\\/\\\/srfb.be\\\/\"},{\"@type\":\"ListItem\",\"position\":2,\"name\":\"Informations sur les for\u00eats\",\"item\":\"https:\\\/\\\/srfb.be\\\/informations-sur-les-forets\\\/\"},{\"@type\":\"ListItem\",\"position\":3,\"name\":\"Les for\u00eats de Belgique\"}]},{\"@type\":\"WebSite\",\"@id\":\"https:\\\/\\\/srfb.be\\\/#website\",\"url\":\"https:\\\/\\\/srfb.be\\\/\",\"name\":\"Soci\u00e9t\u00e9 Royale Foresti\u00e8re de Belgique\",\"description\":\"Au service de la for\u00eat et des forestiers\",\"publisher\":{\"@id\":\"https:\\\/\\\/srfb.be\\\/#organization\"},\"alternateName\":\"SRFB-KBBM\",\"potentialAction\":[{\"@type\":\"SearchAction\",\"target\":{\"@type\":\"EntryPoint\",\"urlTemplate\":\"https:\\\/\\\/srfb.be\\\/?s={search_term_string}\"},\"query-input\":{\"@type\":\"PropertyValueSpecification\",\"valueRequired\":true,\"valueName\":\"search_term_string\"}}],\"inLanguage\":\"nl-BE\"},{\"@type\":\"Organization\",\"@id\":\"https:\\\/\\\/srfb.be\\\/#organization\",\"name\":\"Soci\u00e9t\u00e9 Royale Foresti\u00e8re De Belgique - Koninklijke Belgische Bosbouwmaatschappij\",\"alternateName\":\"SRFB-KBBM\",\"url\":\"https:\\\/\\\/srfb.be\\\/\",\"logo\":{\"@type\":\"ImageObject\",\"inLanguage\":\"nl-BE\",\"@id\":\"https:\\\/\\\/srfb.be\\\/#\\\/schema\\\/logo\\\/image\\\/\",\"url\":\"https:\\\/\\\/srfb.be\\\/wp-content\\\/uploads\\\/2019\\\/06\\\/android-chrome-256x256.png\",\"contentUrl\":\"https:\\\/\\\/srfb.be\\\/wp-content\\\/uploads\\\/2019\\\/06\\\/android-chrome-256x256.png\",\"width\":1200,\"height\":1232,\"caption\":\"Soci\u00e9t\u00e9 Royale Foresti\u00e8re De Belgique - Koninklijke Belgische Bosbouwmaatschappij\"},\"image\":{\"@id\":\"https:\\\/\\\/srfb.be\\\/#\\\/schema\\\/logo\\\/image\\\/\"},\"sameAs\":[\"https:\\\/\\\/www.facebook.com\\\/srfb.be\",\"https:\\\/\\\/www.instagram.com\\\/srfb_kbbm\\\/\",\"https:\\\/\\\/www.linkedin.com\\\/company\\\/srfb-kbbm\\\/\",\"https:\\\/\\\/www.youtube.com\\\/user\\\/srfbkbbm\"]}]}<\/script>\n<!-- \/ Yoast SEO plugin. -->","yoast_head_json":{"title":"De Belgische bossen - Koninklijke Belgische Bosbouwmaatschappij","description":"Vandaag bedekken de Belgische bossen 23% van het nationale grondgebied, of iets meer dan 700.000 ha. Ontdek meer over de Belgische bossen in enkele kerncijfers.","robots":{"index":"index","follow":"follow","max-snippet":"max-snippet:-1","max-image-preview":"max-image-preview:large","max-video-preview":"max-video-preview:-1"},"canonical":"https:\/\/srfb.be\/nl\/informatie-over-de-bossen\/de-belgische-bossen\/","og_locale":"nl_BE","og_type":"article","og_title":"Les for\u00eats de Belgique - Soci\u00e9t\u00e9 Royale Foresti\u00e8re de Belgique","og_description":"La for\u00eat belge occupe aujourd\u2019hui 23% du territoire national soit un peu plus de 700.000 ha. D\u00e9couvrez les for\u00eats belges en quelques chiffres cl\u00e9s.","og_url":"https:\/\/srfb.be\/nl\/informatie-over-de-bossen\/de-belgische-bossen\/","og_site_name":"Soci\u00e9t\u00e9 Royale Foresti\u00e8re de Belgique","article_publisher":"https:\/\/www.facebook.com\/srfb.be","article_modified_time":"2026-01-08T09:14:09+00:00","og_image":[{"width":1018,"height":1700,"url":"https:\/\/srfb.be\/wp-content\/uploads\/2020\/03\/20180503_152405-copyright-A_portrait-scaled-e1584517518565.jpg","type":"image\/jpeg"}],"schema":{"@context":"https:\/\/schema.org","@graph":[{"@type":"WebPage","@id":"https:\/\/srfb.be\/nl\/informatie-over-de-bossen\/de-belgische-bossen\/","url":"https:\/\/srfb.be\/nl\/informatie-over-de-bossen\/de-belgische-bossen\/","name":"De Belgische bossen - Koninklijke Belgische Bosbouwmaatschappij","isPartOf":{"@id":"https:\/\/srfb.be\/#website"},"primaryImageOfPage":{"@id":"https:\/\/srfb.be\/nl\/informatie-over-de-bossen\/de-belgische-bossen\/#primaryimage"},"image":{"@id":"https:\/\/srfb.be\/nl\/informatie-over-de-bossen\/de-belgische-bossen\/#primaryimage"},"thumbnailUrl":"https:\/\/srfb.be\/wp-content\/uploads\/2020\/03\/20180503_152405-copyright-A_portrait-scaled-e1584517518565.jpg","datePublished":"2019-07-17T08:29:03+00:00","dateModified":"2026-01-08T09:14:09+00:00","description":"Vandaag bedekken de Belgische bossen 23% van het nationale grondgebied, of iets meer dan 700.000 ha. Ontdek meer over de Belgische bossen in enkele kerncijfers.","breadcrumb":{"@id":"https:\/\/srfb.be\/nl\/informatie-over-de-bossen\/de-belgische-bossen\/#breadcrumb"},"inLanguage":"nl-BE","potentialAction":[{"@type":"ReadAction","target":["https:\/\/srfb.be\/nl\/informatie-over-de-bossen\/de-belgische-bossen\/"]}]},{"@type":"ImageObject","inLanguage":"nl-BE","@id":"https:\/\/srfb.be\/nl\/informatie-over-de-bossen\/de-belgische-bossen\/#primaryimage","url":"https:\/\/srfb.be\/wp-content\/uploads\/2020\/03\/20180503_152405-copyright-A_portrait-scaled-e1584517518565.jpg","contentUrl":"https:\/\/srfb.be\/wp-content\/uploads\/2020\/03\/20180503_152405-copyright-A_portrait-scaled-e1584517518565.jpg","width":1018,"height":1700,"caption":"vue de for\u00eat"},{"@type":"BreadcrumbList","@id":"https:\/\/srfb.be\/nl\/informatie-over-de-bossen\/de-belgische-bossen\/#breadcrumb","itemListElement":[{"@type":"ListItem","position":1,"name":"Accueil","item":"https:\/\/srfb.be\/"},{"@type":"ListItem","position":2,"name":"Informations sur les for\u00eats","item":"https:\/\/srfb.be\/informations-sur-les-forets\/"},{"@type":"ListItem","position":3,"name":"Les for\u00eats de Belgique"}]},{"@type":"WebSite","@id":"https:\/\/srfb.be\/#website","url":"https:\/\/srfb.be\/","name":"Koninklijke Belgische Bosbouwmaatschappij","description":"Ten dienste van het bos en de bosbouwers","publisher":{"@id":"https:\/\/srfb.be\/#organization"},"alternateName":"SRFB-KBBM","potentialAction":[{"@type":"SearchAction","target":{"@type":"EntryPoint","urlTemplate":"https:\/\/srfb.be\/?s={search_term_string}"},"query-input":{"@type":"PropertyValueSpecification","valueRequired":true,"valueName":"search_term_string"}}],"inLanguage":"nl-BE"},{"@type":"Organization","@id":"https:\/\/srfb.be\/#organization","name":"Soci\u00e9t\u00e9 Royale Foresti\u00e8re De Belgique - Koninklijke Belgische Bosbouwmaatschappij","alternateName":"SRFB-KBBM","url":"https:\/\/srfb.be\/","logo":{"@type":"ImageObject","inLanguage":"nl-BE","@id":"https:\/\/srfb.be\/#\/schema\/logo\/image\/","url":"https:\/\/srfb.be\/wp-content\/uploads\/2019\/06\/android-chrome-256x256.png","contentUrl":"https:\/\/srfb.be\/wp-content\/uploads\/2019\/06\/android-chrome-256x256.png","width":1200,"height":1232,"caption":"Soci\u00e9t\u00e9 Royale Foresti\u00e8re De Belgique - Koninklijke Belgische Bosbouwmaatschappij"},"image":{"@id":"https:\/\/srfb.be\/#\/schema\/logo\/image\/"},"sameAs":["https:\/\/www.facebook.com\/srfb.be","https:\/\/www.instagram.com\/srfb_kbbm\/","https:\/\/www.linkedin.com\/company\/srfb-kbbm\/","https:\/\/www.youtube.com\/user\/srfbkbbm"]}]}},"_links":{"self":[{"href":"https:\/\/srfb.be\/nl\/wp-json\/wp\/v2\/pages\/7881","targetHints":{"allow":["GET"]}}],"collection":[{"href":"https:\/\/srfb.be\/nl\/wp-json\/wp\/v2\/pages"}],"about":[{"href":"https:\/\/srfb.be\/nl\/wp-json\/wp\/v2\/types\/page"}],"author":[{"embeddable":true,"href":"https:\/\/srfb.be\/nl\/wp-json\/wp\/v2\/users\/18"}],"replies":[{"embeddable":true,"href":"https:\/\/srfb.be\/nl\/wp-json\/wp\/v2\/comments?post=7881"}],"version-history":[{"count":0,"href":"https:\/\/srfb.be\/nl\/wp-json\/wp\/v2\/pages\/7881\/revisions"}],"up":[{"embeddable":true,"href":"https:\/\/srfb.be\/nl\/wp-json\/wp\/v2\/pages\/4294"}],"wp:featuredmedia":[{"embeddable":true,"href":"https:\/\/srfb.be\/nl\/wp-json\/wp\/v2\/media\/10600"}],"wp:attachment":[{"href":"https:\/\/srfb.be\/nl\/wp-json\/wp\/v2\/media?parent=7881"}],"curies":[{"name":"wp","href":"https:\/\/api.w.org\/{rel}","templated":true}]}}