{"id":39715,"date":"2026-02-24T11:44:47","date_gmt":"2026-02-24T10:44:47","guid":{"rendered":"https:\/\/srfb.be\/?page_id=39715"},"modified":"2026-02-24T11:44:49","modified_gmt":"2026-02-24T10:44:49","slug":"amoureux-de-la-foret-bonjour","status":"publish","type":"page","link":"https:\/\/srfb.be\/nl\/forest-friends\/services-et-activites\/proprietaires-ou-gestionnaires-forestiers\/amoureux-de-la-foret-bonjour\/","title":{"rendered":"Bosliefhebbers, goedendag!"},"content":{"rendered":"<div class=\"yoast-breadcrumbs\"><span><span><a href=\"https:\/\/srfb.be\/en\/\">Onthaal<\/a><\/span> &gt; <span><a href=\"https:\/\/kbbm.be\/nl\/forest-friends\/\">Ontdek Forest Friends<\/a><\/span> &gt; <span><a href=\"https:\/\/kbbm.be\/nl\/forest-friends\/diensten-en-activiteiten\/\">Diensten en activiteiten<\/a><\/span> &gt; <span><a href=\"https:\/\/kbbm.be\/nl\/forest-friends\/diensten-en-activiteiten\/boseigenaren-of-beheerders\/\">Boseigenaren of -beheerders<\/a><\/span> &gt; <span class=\"breadcrumb_last\" aria-current=\"page\"><strong>Bosliefhebbers, goedendag!<\/strong><\/span><\/span><\/div>\n\n\n<div style=\"height:50px\" aria-hidden=\"true\" class=\"wp-block-spacer\"><\/div>\n\n\n\n<p class=\"has-text-align-center\"><em>Binnenkort beschikbaar<\/em><\/p>","protected":false},"excerpt":{"rendered":"<p>Binnenkort beschikbaar<\/p>","protected":false},"author":18,"featured_media":39651,"parent":31243,"menu_order":0,"comment_status":"closed","ping_status":"closed","template":"","meta":{"iawp_total_views":0,"footnotes":""},"class_list":["post-39715","page","type-page","status-publish","has-post-thumbnail","hentry"],"yoast_head":"<!-- This site is optimized with the Yoast SEO plugin v27.4 - https:\/\/yoast.com\/product\/yoast-seo-wordpress\/ -->\n<title>Amoureux de la for\u00eat, bonjour ! - Soci\u00e9t\u00e9 Royale Foresti\u00e8re de Belgique<\/title>\n<meta name=\"robots\" content=\"index, follow, max-snippet:-1, max-image-preview:large, max-video-preview:-1\" \/>\n<link rel=\"canonical\" href=\"https:\/\/srfb.be\/nl\/forest-friends\/diensten-en-activiteiten\/boseigenaren-of-beheerders\/amoureux-de-la-foret-bonjour\/\" \/>\n<meta property=\"og:locale\" content=\"nl_BE\" \/>\n<meta property=\"og:type\" content=\"article\" \/>\n<meta property=\"og:title\" content=\"Amoureux de la for\u00eat, bonjour ! - Soci\u00e9t\u00e9 Royale Foresti\u00e8re de Belgique\" \/>\n<meta property=\"og:description\" content=\"Bient\u00f4t disponible\" \/>\n<meta property=\"og:url\" content=\"https:\/\/srfb.be\/nl\/forest-friends\/diensten-en-activiteiten\/boseigenaren-of-beheerders\/amoureux-de-la-foret-bonjour\/\" \/>\n<meta property=\"og:site_name\" content=\"Soci\u00e9t\u00e9 Royale Foresti\u00e8re de Belgique\" \/>\n<meta property=\"article:publisher\" content=\"https:\/\/www.facebook.com\/srfb.be\" \/>\n<meta property=\"article:modified_time\" content=\"2026-02-24T10:44:49+00:00\" \/>\n<meta property=\"og:image\" content=\"https:\/\/srfb.be\/wp-content\/uploads\/2026\/02\/4.jpg\" \/>\n\t<meta property=\"og:image:width\" content=\"1080\" \/>\n\t<meta property=\"og:image:height\" content=\"1080\" \/>\n\t<meta property=\"og:image:type\" content=\"image\/jpeg\" \/>\n<script type=\"application\/ld+json\" class=\"yoast-schema-graph\">{\"@context\":\"https:\\\/\\\/schema.org\",\"@graph\":[{\"@type\":\"WebPage\",\"@id\":\"https:\\\/\\\/srfb.be\\\/en\\\/forest-friends\\\/services-and-activities\\\/forest-owners-or-managers\\\/amoureux-de-la-foret-bonjour\\\/\",\"url\":\"https:\\\/\\\/srfb.be\\\/en\\\/forest-friends\\\/services-and-activities\\\/forest-owners-or-managers\\\/amoureux-de-la-foret-bonjour\\\/\",\"name\":\"Amoureux de la for\u00eat, bonjour ! - Soci\u00e9t\u00e9 Royale Foresti\u00e8re de Belgique\",\"isPartOf\":{\"@id\":\"https:\\\/\\\/srfb.be\\\/#website\"},\"primaryImageOfPage\":{\"@id\":\"https:\\\/\\\/srfb.be\\\/en\\\/forest-friends\\\/services-and-activities\\\/forest-owners-or-managers\\\/amoureux-de-la-foret-bonjour\\\/#primaryimage\"},\"image\":{\"@id\":\"https:\\\/\\\/srfb.be\\\/en\\\/forest-friends\\\/services-and-activities\\\/forest-owners-or-managers\\\/amoureux-de-la-foret-bonjour\\\/#primaryimage\"},\"thumbnailUrl\":\"https:\\\/\\\/srfb.be\\\/wp-content\\\/uploads\\\/2026\\\/02\\\/4.jpg\",\"datePublished\":\"2026-02-24T10:44:47+00:00\",\"dateModified\":\"2026-02-24T10:44:49+00:00\",\"breadcrumb\":{\"@id\":\"https:\\\/\\\/srfb.be\\\/en\\\/forest-friends\\\/services-and-activities\\\/forest-owners-or-managers\\\/amoureux-de-la-foret-bonjour\\\/#breadcrumb\"},\"inLanguage\":\"nl-BE\",\"potentialAction\":[{\"@type\":\"ReadAction\",\"target\":[\"https:\\\/\\\/srfb.be\\\/en\\\/forest-friends\\\/services-and-activities\\\/forest-owners-or-managers\\\/amoureux-de-la-foret-bonjour\\\/\"]}]},{\"@type\":\"ImageObject\",\"inLanguage\":\"nl-BE\",\"@id\":\"https:\\\/\\\/srfb.be\\\/en\\\/forest-friends\\\/services-and-activities\\\/forest-owners-or-managers\\\/amoureux-de-la-foret-bonjour\\\/#primaryimage\",\"url\":\"https:\\\/\\\/srfb.be\\\/wp-content\\\/uploads\\\/2026\\\/02\\\/4.jpg\",\"contentUrl\":\"https:\\\/\\\/srfb.be\\\/wp-content\\\/uploads\\\/2026\\\/02\\\/4.jpg\",\"width\":1080,\"height\":1080,\"caption\":\"Amoureux de la for\u00eat, bonjour !\"},{\"@type\":\"BreadcrumbList\",\"@id\":\"https:\\\/\\\/srfb.be\\\/en\\\/forest-friends\\\/services-and-activities\\\/forest-owners-or-managers\\\/amoureux-de-la-foret-bonjour\\\/#breadcrumb\",\"itemListElement\":[{\"@type\":\"ListItem\",\"position\":1,\"name\":\"Accueil\",\"item\":\"https:\\\/\\\/srfb.be\\\/en\\\/\"},{\"@type\":\"ListItem\",\"position\":2,\"name\":\"D\u00e9couvrez Forest Friends\",\"item\":\"https:\\\/\\\/kbbm.be\\\/nl\\\/forest-friends\\\/\"},{\"@type\":\"ListItem\",\"position\":3,\"name\":\"Services et activit\u00e9s\",\"item\":\"https:\\\/\\\/kbbm.be\\\/nl\\\/forest-friends\\\/diensten-en-activiteiten\\\/\"},{\"@type\":\"ListItem\",\"position\":4,\"name\":\"Propri\u00e9taires ou gestionnaires forestiers\",\"item\":\"https:\\\/\\\/kbbm.be\\\/nl\\\/forest-friends\\\/diensten-en-activiteiten\\\/boseigenaren-of-beheerders\\\/\"},{\"@type\":\"ListItem\",\"position\":5,\"name\":\"Amoureux de la for\u00eat, bonjour !\"}]},{\"@type\":\"WebSite\",\"@id\":\"https:\\\/\\\/srfb.be\\\/#website\",\"url\":\"https:\\\/\\\/srfb.be\\\/\",\"name\":\"Soci\u00e9t\u00e9 Royale Foresti\u00e8re de Belgique\",\"description\":\"Au service de la for\u00eat et des forestiers\",\"publisher\":{\"@id\":\"https:\\\/\\\/srfb.be\\\/#organization\"},\"alternateName\":\"SRFB-KBBM\",\"potentialAction\":[{\"@type\":\"SearchAction\",\"target\":{\"@type\":\"EntryPoint\",\"urlTemplate\":\"https:\\\/\\\/srfb.be\\\/?s={search_term_string}\"},\"query-input\":{\"@type\":\"PropertyValueSpecification\",\"valueRequired\":true,\"valueName\":\"search_term_string\"}}],\"inLanguage\":\"nl-BE\"},{\"@type\":\"Organization\",\"@id\":\"https:\\\/\\\/srfb.be\\\/#organization\",\"name\":\"Soci\u00e9t\u00e9 Royale Foresti\u00e8re De Belgique - Koninklijke Belgische Bosbouwmaatschappij\",\"alternateName\":\"SRFB-KBBM\",\"url\":\"https:\\\/\\\/srfb.be\\\/\",\"logo\":{\"@type\":\"ImageObject\",\"inLanguage\":\"nl-BE\",\"@id\":\"https:\\\/\\\/srfb.be\\\/#\\\/schema\\\/logo\\\/image\\\/\",\"url\":\"https:\\\/\\\/srfb.be\\\/wp-content\\\/uploads\\\/2019\\\/06\\\/android-chrome-256x256.png\",\"contentUrl\":\"https:\\\/\\\/srfb.be\\\/wp-content\\\/uploads\\\/2019\\\/06\\\/android-chrome-256x256.png\",\"width\":1200,\"height\":1232,\"caption\":\"Soci\u00e9t\u00e9 Royale Foresti\u00e8re De Belgique - Koninklijke Belgische Bosbouwmaatschappij\"},\"image\":{\"@id\":\"https:\\\/\\\/srfb.be\\\/#\\\/schema\\\/logo\\\/image\\\/\"},\"sameAs\":[\"https:\\\/\\\/www.facebook.com\\\/srfb.be\",\"https:\\\/\\\/www.instagram.com\\\/srfb_kbbm\\\/\",\"https:\\\/\\\/www.linkedin.com\\\/company\\\/srfb-kbbm\\\/\",\"https:\\\/\\\/www.youtube.com\\\/user\\\/srfbkbbm\"]}]}<\/script>\n<!-- \/ Yoast SEO plugin. -->","yoast_head_json":{"title":"Amoureux de la for\u00eat, bonjour ! - Soci\u00e9t\u00e9 Royale Foresti\u00e8re de Belgique","robots":{"index":"index","follow":"follow","max-snippet":"max-snippet:-1","max-image-preview":"max-image-preview:large","max-video-preview":"max-video-preview:-1"},"canonical":"https:\/\/srfb.be\/nl\/forest-friends\/diensten-en-activiteiten\/boseigenaren-of-beheerders\/amoureux-de-la-foret-bonjour\/","og_locale":"nl_BE","og_type":"article","og_title":"Amoureux de la for\u00eat, bonjour ! - Soci\u00e9t\u00e9 Royale Foresti\u00e8re de Belgique","og_description":"Bient\u00f4t disponible","og_url":"https:\/\/srfb.be\/nl\/forest-friends\/diensten-en-activiteiten\/boseigenaren-of-beheerders\/amoureux-de-la-foret-bonjour\/","og_site_name":"Soci\u00e9t\u00e9 Royale Foresti\u00e8re de Belgique","article_publisher":"https:\/\/www.facebook.com\/srfb.be","article_modified_time":"2026-02-24T10:44:49+00:00","og_image":[{"width":1080,"height":1080,"url":"https:\/\/srfb.be\/wp-content\/uploads\/2026\/02\/4.jpg","type":"image\/jpeg"}],"schema":{"@context":"https:\/\/schema.org","@graph":[{"@type":"WebPage","@id":"https:\/\/srfb.be\/en\/forest-friends\/services-and-activities\/forest-owners-or-managers\/amoureux-de-la-foret-bonjour\/","url":"https:\/\/srfb.be\/en\/forest-friends\/services-and-activities\/forest-owners-or-managers\/amoureux-de-la-foret-bonjour\/","name":"Amoureux de la for\u00eat, bonjour ! - Soci\u00e9t\u00e9 Royale Foresti\u00e8re de Belgique","isPartOf":{"@id":"https:\/\/srfb.be\/#website"},"primaryImageOfPage":{"@id":"https:\/\/srfb.be\/en\/forest-friends\/services-and-activities\/forest-owners-or-managers\/amoureux-de-la-foret-bonjour\/#primaryimage"},"image":{"@id":"https:\/\/srfb.be\/en\/forest-friends\/services-and-activities\/forest-owners-or-managers\/amoureux-de-la-foret-bonjour\/#primaryimage"},"thumbnailUrl":"https:\/\/srfb.be\/wp-content\/uploads\/2026\/02\/4.jpg","datePublished":"2026-02-24T10:44:47+00:00","dateModified":"2026-02-24T10:44:49+00:00","breadcrumb":{"@id":"https:\/\/srfb.be\/en\/forest-friends\/services-and-activities\/forest-owners-or-managers\/amoureux-de-la-foret-bonjour\/#breadcrumb"},"inLanguage":"nl-BE","potentialAction":[{"@type":"ReadAction","target":["https:\/\/srfb.be\/en\/forest-friends\/services-and-activities\/forest-owners-or-managers\/amoureux-de-la-foret-bonjour\/"]}]},{"@type":"ImageObject","inLanguage":"nl-BE","@id":"https:\/\/srfb.be\/en\/forest-friends\/services-and-activities\/forest-owners-or-managers\/amoureux-de-la-foret-bonjour\/#primaryimage","url":"https:\/\/srfb.be\/wp-content\/uploads\/2026\/02\/4.jpg","contentUrl":"https:\/\/srfb.be\/wp-content\/uploads\/2026\/02\/4.jpg","width":1080,"height":1080,"caption":"Amoureux de la for\u00eat, bonjour !"},{"@type":"BreadcrumbList","@id":"https:\/\/srfb.be\/en\/forest-friends\/services-and-activities\/forest-owners-or-managers\/amoureux-de-la-foret-bonjour\/#breadcrumb","itemListElement":[{"@type":"ListItem","position":1,"name":"Accueil","item":"https:\/\/srfb.be\/en\/"},{"@type":"ListItem","position":2,"name":"D\u00e9couvrez Forest Friends","item":"https:\/\/kbbm.be\/nl\/forest-friends\/"},{"@type":"ListItem","position":3,"name":"Services et activit\u00e9s","item":"https:\/\/kbbm.be\/nl\/forest-friends\/diensten-en-activiteiten\/"},{"@type":"ListItem","position":4,"name":"Propri\u00e9taires ou gestionnaires forestiers","item":"https:\/\/kbbm.be\/nl\/forest-friends\/diensten-en-activiteiten\/boseigenaren-of-beheerders\/"},{"@type":"ListItem","position":5,"name":"Amoureux de la for\u00eat, bonjour !"}]},{"@type":"WebSite","@id":"https:\/\/srfb.be\/#website","url":"https:\/\/srfb.be\/","name":"Koninklijke Belgische Bosbouwmaatschappij","description":"Ten dienste van het bos en de bosbouwers","publisher":{"@id":"https:\/\/srfb.be\/#organization"},"alternateName":"SRFB-KBBM","potentialAction":[{"@type":"SearchAction","target":{"@type":"EntryPoint","urlTemplate":"https:\/\/srfb.be\/?s={search_term_string}"},"query-input":{"@type":"PropertyValueSpecification","valueRequired":true,"valueName":"search_term_string"}}],"inLanguage":"nl-BE"},{"@type":"Organization","@id":"https:\/\/srfb.be\/#organization","name":"Soci\u00e9t\u00e9 Royale Foresti\u00e8re De Belgique - Koninklijke Belgische Bosbouwmaatschappij","alternateName":"SRFB-KBBM","url":"https:\/\/srfb.be\/","logo":{"@type":"ImageObject","inLanguage":"nl-BE","@id":"https:\/\/srfb.be\/#\/schema\/logo\/image\/","url":"https:\/\/srfb.be\/wp-content\/uploads\/2019\/06\/android-chrome-256x256.png","contentUrl":"https:\/\/srfb.be\/wp-content\/uploads\/2019\/06\/android-chrome-256x256.png","width":1200,"height":1232,"caption":"Soci\u00e9t\u00e9 Royale Foresti\u00e8re De Belgique - Koninklijke Belgische Bosbouwmaatschappij"},"image":{"@id":"https:\/\/srfb.be\/#\/schema\/logo\/image\/"},"sameAs":["https:\/\/www.facebook.com\/srfb.be","https:\/\/www.instagram.com\/srfb_kbbm\/","https:\/\/www.linkedin.com\/company\/srfb-kbbm\/","https:\/\/www.youtube.com\/user\/srfbkbbm"]}]}},"_links":{"self":[{"href":"https:\/\/srfb.be\/nl\/wp-json\/wp\/v2\/pages\/39715","targetHints":{"allow":["GET"]}}],"collection":[{"href":"https:\/\/srfb.be\/nl\/wp-json\/wp\/v2\/pages"}],"about":[{"href":"https:\/\/srfb.be\/nl\/wp-json\/wp\/v2\/types\/page"}],"author":[{"embeddable":true,"href":"https:\/\/srfb.be\/nl\/wp-json\/wp\/v2\/users\/18"}],"replies":[{"embeddable":true,"href":"https:\/\/srfb.be\/nl\/wp-json\/wp\/v2\/comments?post=39715"}],"version-history":[{"count":1,"href":"https:\/\/srfb.be\/nl\/wp-json\/wp\/v2\/pages\/39715\/revisions"}],"predecessor-version":[{"id":39716,"href":"https:\/\/srfb.be\/nl\/wp-json\/wp\/v2\/pages\/39715\/revisions\/39716"}],"up":[{"embeddable":true,"href":"https:\/\/srfb.be\/nl\/wp-json\/wp\/v2\/pages\/31243"}],"wp:featuredmedia":[{"embeddable":true,"href":"https:\/\/srfb.be\/nl\/wp-json\/wp\/v2\/media\/39651"}],"wp:attachment":[{"href":"https:\/\/srfb.be\/nl\/wp-json\/wp\/v2\/media?parent=39715"}],"curies":[{"name":"wp","href":"https:\/\/api.w.org\/{rel}","templated":true}]}}