{"id":39664,"date":"2026-02-18T14:23:10","date_gmt":"2026-02-18T13:23:10","guid":{"rendered":"https:\/\/srfb.be\/?page_id=39664"},"modified":"2026-02-24T09:49:27","modified_gmt":"2026-02-24T08:49:27","slug":"course-a-la-lumiere","status":"publish","type":"page","link":"https:\/\/srfb.be\/nl\/forest-friends\/services-et-activites\/proprietaires-ou-gestionnaires-forestiers\/course-a-la-lumiere\/","title":{"rendered":"Race naar het licht!"},"content":{"rendered":"<div class=\"wp-block-group is-layout-constrained wp-block-group-is-layout-constrained\" style=\"margin-top:var(--wp--preset--spacing--60);margin-bottom:var(--wp--preset--spacing--60)\"><div class=\"yoast-breadcrumbs\"><span><span><a href=\"https:\/\/srfb.be\/nl\/\">Onthaal<\/a><\/span> &gt; <span><a href=\"https:\/\/srfb.be\/nl\/forest-friends\/\">Ontdek Forest Friends<\/a><\/span> &gt; <span><a href=\"https:\/\/kbbm.be\/en\/forest-friends\/services-and-activities\/\">Diensten en activiteiten<\/a><\/span> &gt; <span><a href=\"https:\/\/kbbm.be\/en\/forest-friends\/services-and-activities\/forest-owners-or-managers\/\">Boseigenaren of -beheerders<\/a><\/span> &gt; <span class=\"breadcrumb_last\" aria-current=\"page\"><strong>Race naar het licht!<\/strong><\/span><\/span><\/div><\/div>\n\n\n\n<div class=\"wp-block-group is-layout-constrained wp-container-core-group-is-layout-bdbfdc43 wp-block-group-is-layout-constrained\">\n<div class=\"wp-block-group has-grey-color-background-color has-background is-layout-constrained wp-container-core-group-is-layout-db32e940 wp-block-group-is-layout-constrained\" style=\"border-top-left-radius:7px;border-top-right-radius:7px;border-bottom-left-radius:7px;border-bottom-right-radius:7px;padding-top:var(--wp--preset--spacing--60);padding-right:var(--wp--preset--spacing--60);padding-bottom:var(--wp--preset--spacing--60);padding-left:var(--wp--preset--spacing--60)\">\n<p><em>Bomen groeien allemaal naar de zon, maar de ruimte is beperkt. Boswachters verwijderen er een paar om de meest veelbelovende te laten groeien en het hout te worden voor onze huizen en meubels.<\/em>&nbsp;<\/p>\n\n\n\n<p>Deze bosbouwoperatie heet een \u00abuitdunning\u00bb en heeft specifiek tot doel:&nbsp;<\/p>\n\n\n\n<ul class=\"wp-block-list\">\n<li><strong>Groei bevorderen<\/strong>De geselecteerde bomen profiteren van meer middelen om in volume en kwaliteit te groeien.&nbsp;<\/li>\n\n\n\n<li><strong>Selecteer de besten<\/strong>De zwakke, zieke, misvormde of slecht geplaatste bomen worden verwijderd, zodat alleen de meest veelbelovende (toekomstbomen) overblijven. Deze toekomstbomen zullen hout leveren voor gebouwen, meubels, enz. Het uitgedunde hout wordt daarentegen bijvoorbeeld gebruikt voor papierpulp of brandhout.&nbsp;<\/li>\n\n\n\n<li><strong>Gezondheid verbeteren<\/strong>We verwijderen zieke of door insecten aangetaste bomen om de bosgezondheid te behouden.&nbsp;<\/li>\n\n\n\n<li><strong>Beheer de dichtheid<\/strong>Dit vermindert de concurrentie tussen bomen op hetzelfde oppervlak.&nbsp;<\/li>\n<\/ul>\n<\/div>\n\n\n\n<div class=\"wp-block-group is-content-justification-center is-nowrap is-layout-flex wp-container-core-group-is-layout-35e816eb wp-block-group-is-layout-flex\" style=\"margin-top:var(--wp--preset--spacing--70);margin-bottom:var(--wp--preset--spacing--70)\">\n<hr class=\"wp-block-separator has-text-color has-grey-color-color has-alpha-channel-opacity has-grey-color-background-color has-background wp-container-content-759e20a8\" style=\"margin-top:0;margin-bottom:0\"\/>\n\n\n\n<figure class=\"wp-block-image size-large wp-container-content-e1bb55cb\"><img decoding=\"async\" src=\"https:\/\/srfb.be\/wp-content\/uploads\/2019\/07\/intro_offrez-vous.png\" alt=\"verwen jezelf\"\/><\/figure>\n\n\n\n<hr class=\"wp-block-separator has-text-color has-grey-color-color has-alpha-channel-opacity has-grey-color-background-color has-background wp-container-content-759e20a8\" style=\"margin-top:0;margin-bottom:0\"\/>\n<\/div>\n\n\n\n<h2 class=\"wp-block-heading has-text-align-center\"><strong>Wat een sfeer!<\/strong><\/h2>\n\n\n\n<p><em>Het bos is een cocon die niet gewend is aan plotselinge veranderingen. Boswachters grijpen met kleine ingrepen in, met respect voor de natuurlijke sfeer van het bos en de bewoners ervan.<\/em>&nbsp;<\/p>\n\n\n\n<p>Om dit te doen, selecteren boswachters zorgvuldig de te kappen bomen via een operatie genaamd \u00ab<strong>hameren<\/strong>dat bestaat uit het markeren van de geselecteerde bomen.&nbsp;<\/p>\n\n\n\n<p>Samengevat is dit een gerichte ingreep om het bos vorm te geven en ervoor te zorgen dat de bomen die volwassen worden van de best mogelijke kwaliteit zijn, waardoor de houtproductie en het behoud van een bosomgeving worden geoptimaliseerd.&nbsp;<\/p>\n\n\n\n<div class=\"wp-block-group is-content-justification-center is-nowrap is-layout-flex wp-container-core-group-is-layout-35e816eb wp-block-group-is-layout-flex\" style=\"margin-top:var(--wp--preset--spacing--70);margin-bottom:var(--wp--preset--spacing--70)\">\n<hr class=\"wp-block-separator has-text-color has-grey-color-color has-alpha-channel-opacity has-grey-color-background-color has-background wp-container-content-759e20a8\" style=\"margin-top:0;margin-bottom:0\"\/>\n\n\n\n<figure class=\"wp-block-image size-large wp-container-content-e1bb55cb\"><img decoding=\"async\" src=\"https:\/\/srfb.be\/wp-content\/uploads\/2019\/07\/intro_offrez-vous.png\" alt=\"verwen jezelf\"\/><\/figure>\n\n\n\n<hr class=\"wp-block-separator has-text-color has-grey-color-color has-alpha-channel-opacity has-grey-color-background-color has-background wp-container-content-759e20a8\" style=\"margin-top:0;margin-bottom:0\"\/>\n<\/div>\n\n\n\n<h2 class=\"wp-block-heading has-text-align-center\"><strong>Licht op de nieuwkomers!<\/strong><\/h2>\n\n\n\n<p><em>Deze open plek bevordert ook de komst van jonge bomen die de toekomst van het bos veiligstellen, vergezeld van bloemen en kleine zonliefhebbende dieren.<\/em>&nbsp;<\/p>\n\n\n\n<p>Het verwijderen van bepaalde bomen laat ook licht doordringen in het bos, wat ten goede komt aan de zaailingen die zich onder het bladerdak bevinden. Deze kunnen op termijn de opvolging verzekeren voor&nbsp;<strong>regenereren<\/strong>&nbsp;het bos.&nbsp;&nbsp;<\/p>\n\n\n\n<p>Sommige bloemen, zoals de vingerhoedskruid (<em>Vingerhoedskruid<\/em>en vele anderen profiteren ook van deze meevaller, evenals diverse insecten, vogels of reptielen.&nbsp;<\/p>\n\n\n\n<div class=\"wp-block-group is-content-justification-center is-nowrap is-layout-flex wp-container-core-group-is-layout-35e816eb wp-block-group-is-layout-flex\" style=\"margin-top:var(--wp--preset--spacing--70);margin-bottom:var(--wp--preset--spacing--70)\">\n<hr class=\"wp-block-separator has-text-color has-grey-color-color has-alpha-channel-opacity has-grey-color-background-color has-background wp-container-content-759e20a8\" style=\"margin-top:0;margin-bottom:0\"\/>\n\n\n\n<figure class=\"wp-block-image size-large wp-container-content-e1bb55cb\"><img decoding=\"async\" src=\"https:\/\/srfb.be\/wp-content\/uploads\/2019\/07\/intro_offrez-vous.png\" alt=\"verwen jezelf\"\/><\/figure>\n\n\n\n<hr class=\"wp-block-separator has-text-color has-grey-color-color has-alpha-channel-opacity has-grey-color-background-color has-background wp-container-content-759e20a8\" style=\"margin-top:0;margin-bottom:0\"\/>\n<\/div>\n\n\n\n<div class=\"wp-block-group has-white-color has-vert-claire-color-background-color has-text-color has-background has-link-color wp-elements-d7bc09e38df6dfdd64485d4415164648 is-layout-constrained wp-container-core-group-is-layout-db32e940 wp-block-group-is-layout-constrained\" style=\"border-top-left-radius:7px;border-top-right-radius:7px;border-bottom-left-radius:7px;border-bottom-right-radius:7px;padding-top:var(--wp--preset--spacing--60);padding-right:var(--wp--preset--spacing--60);padding-bottom:var(--wp--preset--spacing--60);padding-left:var(--wp--preset--spacing--60)\">\n<h2 class=\"wp-block-heading has-text-align-center has-white-color has-text-color has-link-color wp-elements-56261198feba380afc088d4fcfa1800b\"><strong>Goed om te weten<\/strong>&nbsp;<\/h2>\n\n\n\n<p>De dunningsoperaties worden gedurende de levensduur van het bestand herhaald, met regelmatige tussenpozen die \u00abrotaties\u00bb worden genoemd. De duur van een rotatie is afhankelijk van de soorten, de structuur van het bestand en het type bosbeheer. Laten we bijvoorbeeld \u00abgemengd bosbeheer met continue bedekking\u00bb noemen, dat er met name op toeziet de lichttoevoer te doseren door middel van gerichte winningen, terwijl een permanente bosbedekking behouden blijft.&nbsp;<\/p>\n<\/div>\n\n\n\n<div class=\"wp-block-group has-grey-color-background-color has-background has-small-font-size is-layout-constrained wp-container-core-group-is-layout-db32e940 wp-block-group-is-layout-constrained\" style=\"border-top-left-radius:7px;border-top-right-radius:7px;border-bottom-left-radius:7px;border-bottom-right-radius:7px;padding-top:var(--wp--preset--spacing--60);padding-right:var(--wp--preset--spacing--60);padding-bottom:var(--wp--preset--spacing--60);padding-left:var(--wp--preset--spacing--60)\">\n<h3 class=\"wp-block-heading has-text-align-center\"><strong>Om verder te gaan<\/strong>&nbsp;<\/h3>\n\n\n\n<ul class=\"wp-block-list\">\n<li>ForDiL <a href=\"https:\/\/srfb.be\/nl\/opleidingen-en-activiteiten\/ons-projecten\/fordil\/\" type=\"page\" id=\"35676\">Erasmus+ project gericht op de ontwikkeling van een digitale leerapplicatie voor SMCC<\/a>.&nbsp;<\/li>\n\n\n\n<li>Online bronnen: <a href=\"https:\/\/srfb.be\/nl\/opleidingen-en-activiteiten\/trainen-voor-mijn-bos\/onderwijs-bronnen\/verlicht_uw_bevolking\/\" type=\"link\" id=\"https:\/\/srfb.be\/formations-et-activites\/je-me-forme-pour-ma-foret\/ressources-educatives\/eclaircir_ses_peuplements\/\" target=\"_blank\" rel=\"noreferrer noopener\">zijn bevolking verduidelijken<\/a><\/li>\n\n\n\n<li>Campagne papier.be:\u00a0<a href=\"https:\/\/www.papier.be\/fr\/au-coeur-de-leconomie-circulaire\/\" target=\"_blank\" rel=\"noreferrer noopener\">https:\/\/www.papier.be\/fr\/au-coeur-de-leconomie-circulaire\/<\/a>\u00a0<\/li>\n<\/ul>\n<\/div>\n<\/div>","protected":false},"excerpt":{"rendered":"<p>Les arbres grandissent tous vers le soleil, mais la place est limit\u00e9e. Les forestiers en enl\u00e8vent quelques-uns pour laisser les plus prometteurs grossir et devenir le bois de nos maisons et nos meubles.&nbsp; Cette op\u00e9ration sylvicole s\u2019appelle une \u00ab\u202f\u00e9claircie\u202f\u00bb et vise sp\u00e9cifiquement \u00e0\u202f:&nbsp; Quelle ambiance\u202f! La for\u00eat est un cocon peu habitu\u00e9 aux changements soudains&#8230;. <\/p>\n<div class=\"clear\"><\/div>\n<p><a href=\"https:\/\/srfb.be\/nl\/forest-friends\/services-et-activites\/proprietaires-ou-gestionnaires-forestiers\/course-a-la-lumiere\/\" class=\"excerpt-read-more\">Meer lezen<\/a><\/p>","protected":false},"author":18,"featured_media":39650,"parent":31243,"menu_order":0,"comment_status":"closed","ping_status":"closed","template":"","meta":{"iawp_total_views":55,"footnotes":""},"class_list":["post-39664","page","type-page","status-publish","has-post-thumbnail","hentry"],"yoast_head":"<!-- This site is optimized with the Yoast SEO plugin v27.4 - https:\/\/yoast.com\/product\/yoast-seo-wordpress\/ -->\n<title>Course \u00e0 la lumi\u00e8re ! - Soci\u00e9t\u00e9 Royale Foresti\u00e8re de Belgique<\/title>\n<meta name=\"robots\" content=\"index, follow, max-snippet:-1, max-image-preview:large, max-video-preview:-1\" \/>\n<link rel=\"canonical\" href=\"https:\/\/srfb.be\/nl\/forest-friends\/diensten-en-activiteiten\/boseigenaren-of-beheerders\/course-a-la-lumiere\/\" \/>\n<meta property=\"og:locale\" content=\"nl_BE\" \/>\n<meta property=\"og:type\" content=\"article\" \/>\n<meta property=\"og:title\" content=\"Course \u00e0 la lumi\u00e8re ! - Soci\u00e9t\u00e9 Royale Foresti\u00e8re de Belgique\" \/>\n<meta property=\"og:description\" content=\"Les arbres grandissent tous vers le soleil, mais la place est limit\u00e9e. Les forestiers en enl\u00e8vent quelques-uns pour laisser les plus prometteurs grossir et devenir le bois de nos maisons et nos meubles.&nbsp; Cette op\u00e9ration sylvicole s\u2019appelle une \u00ab\u202f\u00e9claircie\u202f\u00bb et vise sp\u00e9cifiquement \u00e0\u202f:&nbsp; Quelle ambiance\u202f! La for\u00eat est un cocon peu habitu\u00e9 aux changements soudains.... Read More\" \/>\n<meta property=\"og:url\" content=\"https:\/\/srfb.be\/nl\/forest-friends\/diensten-en-activiteiten\/boseigenaren-of-beheerders\/course-a-la-lumiere\/\" \/>\n<meta property=\"og:site_name\" content=\"Soci\u00e9t\u00e9 Royale Foresti\u00e8re de Belgique\" \/>\n<meta property=\"article:publisher\" content=\"https:\/\/www.facebook.com\/srfb.be\" \/>\n<meta property=\"article:modified_time\" content=\"2026-02-24T08:49:27+00:00\" \/>\n<meta property=\"og:image\" content=\"https:\/\/srfb.be\/wp-content\/uploads\/2026\/02\/2.jpg\" \/>\n\t<meta property=\"og:image:width\" content=\"1080\" \/>\n\t<meta property=\"og:image:height\" content=\"1080\" \/>\n\t<meta property=\"og:image:type\" content=\"image\/jpeg\" \/>\n<script type=\"application\/ld+json\" class=\"yoast-schema-graph\">{\"@context\":\"https:\\\/\\\/schema.org\",\"@graph\":[{\"@type\":\"WebPage\",\"@id\":\"https:\\\/\\\/srfb.be\\\/forest-friends\\\/services-et-activites\\\/proprietaires-ou-gestionnaires-forestiers\\\/course-a-la-lumiere\\\/\",\"url\":\"https:\\\/\\\/srfb.be\\\/forest-friends\\\/services-et-activites\\\/proprietaires-ou-gestionnaires-forestiers\\\/course-a-la-lumiere\\\/\",\"name\":\"Course \u00e0 la lumi\u00e8re ! - Soci\u00e9t\u00e9 Royale Foresti\u00e8re de Belgique\",\"isPartOf\":{\"@id\":\"https:\\\/\\\/srfb.be\\\/#website\"},\"primaryImageOfPage\":{\"@id\":\"https:\\\/\\\/srfb.be\\\/forest-friends\\\/services-et-activites\\\/proprietaires-ou-gestionnaires-forestiers\\\/course-a-la-lumiere\\\/#primaryimage\"},\"image\":{\"@id\":\"https:\\\/\\\/srfb.be\\\/forest-friends\\\/services-et-activites\\\/proprietaires-ou-gestionnaires-forestiers\\\/course-a-la-lumiere\\\/#primaryimage\"},\"thumbnailUrl\":\"https:\\\/\\\/srfb.be\\\/wp-content\\\/uploads\\\/2026\\\/02\\\/2.jpg\",\"datePublished\":\"2026-02-18T13:23:10+00:00\",\"dateModified\":\"2026-02-24T08:49:27+00:00\",\"breadcrumb\":{\"@id\":\"https:\\\/\\\/srfb.be\\\/forest-friends\\\/services-et-activites\\\/proprietaires-ou-gestionnaires-forestiers\\\/course-a-la-lumiere\\\/#breadcrumb\"},\"inLanguage\":\"nl-BE\",\"potentialAction\":[{\"@type\":\"ReadAction\",\"target\":[\"https:\\\/\\\/srfb.be\\\/forest-friends\\\/services-et-activites\\\/proprietaires-ou-gestionnaires-forestiers\\\/course-a-la-lumiere\\\/\"]}]},{\"@type\":\"ImageObject\",\"inLanguage\":\"nl-BE\",\"@id\":\"https:\\\/\\\/srfb.be\\\/forest-friends\\\/services-et-activites\\\/proprietaires-ou-gestionnaires-forestiers\\\/course-a-la-lumiere\\\/#primaryimage\",\"url\":\"https:\\\/\\\/srfb.be\\\/wp-content\\\/uploads\\\/2026\\\/02\\\/2.jpg\",\"contentUrl\":\"https:\\\/\\\/srfb.be\\\/wp-content\\\/uploads\\\/2026\\\/02\\\/2.jpg\",\"width\":1080,\"height\":1080,\"caption\":\"Course \u00e0 la lumi\u00e8re !\"},{\"@type\":\"BreadcrumbList\",\"@id\":\"https:\\\/\\\/srfb.be\\\/forest-friends\\\/services-et-activites\\\/proprietaires-ou-gestionnaires-forestiers\\\/course-a-la-lumiere\\\/#breadcrumb\",\"itemListElement\":[{\"@type\":\"ListItem\",\"position\":1,\"name\":\"Accueil\",\"item\":\"https:\\\/\\\/srfb.be\\\/\"},{\"@type\":\"ListItem\",\"position\":2,\"name\":\"D\u00e9couvrez Forest Friends\",\"item\":\"https:\\\/\\\/srfb.be\\\/forest-friends\\\/\"},{\"@type\":\"ListItem\",\"position\":3,\"name\":\"Services et activit\u00e9s\",\"item\":\"https:\\\/\\\/kbbm.be\\\/en\\\/forest-friends\\\/services-and-activities\\\/\"},{\"@type\":\"ListItem\",\"position\":4,\"name\":\"Propri\u00e9taires ou gestionnaires forestiers\",\"item\":\"https:\\\/\\\/kbbm.be\\\/en\\\/forest-friends\\\/services-and-activities\\\/forest-owners-or-managers\\\/\"},{\"@type\":\"ListItem\",\"position\":5,\"name\":\"Course \u00e0 la lumi\u00e8re !\"}]},{\"@type\":\"WebSite\",\"@id\":\"https:\\\/\\\/srfb.be\\\/#website\",\"url\":\"https:\\\/\\\/srfb.be\\\/\",\"name\":\"Soci\u00e9t\u00e9 Royale Foresti\u00e8re de Belgique\",\"description\":\"Au service de la for\u00eat et des forestiers\",\"publisher\":{\"@id\":\"https:\\\/\\\/srfb.be\\\/#organization\"},\"alternateName\":\"SRFB-KBBM\",\"potentialAction\":[{\"@type\":\"SearchAction\",\"target\":{\"@type\":\"EntryPoint\",\"urlTemplate\":\"https:\\\/\\\/srfb.be\\\/?s={search_term_string}\"},\"query-input\":{\"@type\":\"PropertyValueSpecification\",\"valueRequired\":true,\"valueName\":\"search_term_string\"}}],\"inLanguage\":\"nl-BE\"},{\"@type\":\"Organization\",\"@id\":\"https:\\\/\\\/srfb.be\\\/#organization\",\"name\":\"Soci\u00e9t\u00e9 Royale Foresti\u00e8re De Belgique - Koninklijke Belgische Bosbouwmaatschappij\",\"alternateName\":\"SRFB-KBBM\",\"url\":\"https:\\\/\\\/srfb.be\\\/\",\"logo\":{\"@type\":\"ImageObject\",\"inLanguage\":\"nl-BE\",\"@id\":\"https:\\\/\\\/srfb.be\\\/#\\\/schema\\\/logo\\\/image\\\/\",\"url\":\"https:\\\/\\\/srfb.be\\\/wp-content\\\/uploads\\\/2019\\\/06\\\/android-chrome-256x256.png\",\"contentUrl\":\"https:\\\/\\\/srfb.be\\\/wp-content\\\/uploads\\\/2019\\\/06\\\/android-chrome-256x256.png\",\"width\":1200,\"height\":1232,\"caption\":\"Soci\u00e9t\u00e9 Royale Foresti\u00e8re De Belgique - Koninklijke Belgische Bosbouwmaatschappij\"},\"image\":{\"@id\":\"https:\\\/\\\/srfb.be\\\/#\\\/schema\\\/logo\\\/image\\\/\"},\"sameAs\":[\"https:\\\/\\\/www.facebook.com\\\/srfb.be\",\"https:\\\/\\\/www.instagram.com\\\/srfb_kbbm\\\/\",\"https:\\\/\\\/www.linkedin.com\\\/company\\\/srfb-kbbm\\\/\",\"https:\\\/\\\/www.youtube.com\\\/user\\\/srfbkbbm\"]}]}<\/script>\n<!-- \/ Yoast SEO plugin. -->","yoast_head_json":{"title":"Koers naar het licht! - Koninklijk Bosbouwmaatschappij van Belgi\u00eb","robots":{"index":"index","follow":"follow","max-snippet":"max-snippet:-1","max-image-preview":"max-image-preview:large","max-video-preview":"max-video-preview:-1"},"canonical":"https:\/\/srfb.be\/nl\/forest-friends\/diensten-en-activiteiten\/boseigenaren-of-beheerders\/course-a-la-lumiere\/","og_locale":"nl_BE","og_type":"article","og_title":"Course \u00e0 la lumi\u00e8re ! - Soci\u00e9t\u00e9 Royale Foresti\u00e8re de Belgique","og_description":"Les arbres grandissent tous vers le soleil, mais la place est limit\u00e9e. Les forestiers en enl\u00e8vent quelques-uns pour laisser les plus prometteurs grossir et devenir le bois de nos maisons et nos meubles.&nbsp; Cette op\u00e9ration sylvicole s\u2019appelle une \u00ab\u202f\u00e9claircie\u202f\u00bb et vise sp\u00e9cifiquement \u00e0\u202f:&nbsp; Quelle ambiance\u202f! La for\u00eat est un cocon peu habitu\u00e9 aux changements soudains.... Read More","og_url":"https:\/\/srfb.be\/nl\/forest-friends\/diensten-en-activiteiten\/boseigenaren-of-beheerders\/course-a-la-lumiere\/","og_site_name":"Soci\u00e9t\u00e9 Royale Foresti\u00e8re de Belgique","article_publisher":"https:\/\/www.facebook.com\/srfb.be","article_modified_time":"2026-02-24T08:49:27+00:00","og_image":[{"width":1080,"height":1080,"url":"https:\/\/srfb.be\/wp-content\/uploads\/2026\/02\/2.jpg","type":"image\/jpeg"}],"schema":{"@context":"https:\/\/schema.org","@graph":[{"@type":"WebPage","@id":"https:\/\/srfb.be\/forest-friends\/services-et-activites\/proprietaires-ou-gestionnaires-forestiers\/course-a-la-lumiere\/","url":"https:\/\/srfb.be\/forest-friends\/services-et-activites\/proprietaires-ou-gestionnaires-forestiers\/course-a-la-lumiere\/","name":"Koers naar het licht! - Koninklijk Bosbouwmaatschappij van Belgi\u00eb","isPartOf":{"@id":"https:\/\/srfb.be\/#website"},"primaryImageOfPage":{"@id":"https:\/\/srfb.be\/forest-friends\/services-et-activites\/proprietaires-ou-gestionnaires-forestiers\/course-a-la-lumiere\/#primaryimage"},"image":{"@id":"https:\/\/srfb.be\/forest-friends\/services-et-activites\/proprietaires-ou-gestionnaires-forestiers\/course-a-la-lumiere\/#primaryimage"},"thumbnailUrl":"https:\/\/srfb.be\/wp-content\/uploads\/2026\/02\/2.jpg","datePublished":"2026-02-18T13:23:10+00:00","dateModified":"2026-02-24T08:49:27+00:00","breadcrumb":{"@id":"https:\/\/srfb.be\/forest-friends\/services-et-activites\/proprietaires-ou-gestionnaires-forestiers\/course-a-la-lumiere\/#breadcrumb"},"inLanguage":"nl-BE","potentialAction":[{"@type":"ReadAction","target":["https:\/\/srfb.be\/forest-friends\/services-et-activites\/proprietaires-ou-gestionnaires-forestiers\/course-a-la-lumiere\/"]}]},{"@type":"ImageObject","inLanguage":"nl-BE","@id":"https:\/\/srfb.be\/forest-friends\/services-et-activites\/proprietaires-ou-gestionnaires-forestiers\/course-a-la-lumiere\/#primaryimage","url":"https:\/\/srfb.be\/wp-content\/uploads\/2026\/02\/2.jpg","contentUrl":"https:\/\/srfb.be\/wp-content\/uploads\/2026\/02\/2.jpg","width":1080,"height":1080,"caption":"Course \u00e0 la lumi\u00e8re !"},{"@type":"BreadcrumbList","@id":"https:\/\/srfb.be\/forest-friends\/services-et-activites\/proprietaires-ou-gestionnaires-forestiers\/course-a-la-lumiere\/#breadcrumb","itemListElement":[{"@type":"ListItem","position":1,"name":"Accueil","item":"https:\/\/srfb.be\/"},{"@type":"ListItem","position":2,"name":"D\u00e9couvrez Forest Friends","item":"https:\/\/srfb.be\/forest-friends\/"},{"@type":"ListItem","position":3,"name":"Services et activit\u00e9s","item":"https:\/\/kbbm.be\/en\/forest-friends\/services-and-activities\/"},{"@type":"ListItem","position":4,"name":"Propri\u00e9taires ou gestionnaires forestiers","item":"https:\/\/kbbm.be\/en\/forest-friends\/services-and-activities\/forest-owners-or-managers\/"},{"@type":"ListItem","position":5,"name":"Course \u00e0 la lumi\u00e8re !"}]},{"@type":"WebSite","@id":"https:\/\/srfb.be\/#website","url":"https:\/\/srfb.be\/","name":"Koninklijke Belgische Bosbouwmaatschappij","description":"Ten dienste van het bos en de bosbouwers","publisher":{"@id":"https:\/\/srfb.be\/#organization"},"alternateName":"SRFB-KBBM","potentialAction":[{"@type":"SearchAction","target":{"@type":"EntryPoint","urlTemplate":"https:\/\/srfb.be\/?s={search_term_string}"},"query-input":{"@type":"PropertyValueSpecification","valueRequired":true,"valueName":"search_term_string"}}],"inLanguage":"nl-BE"},{"@type":"Organization","@id":"https:\/\/srfb.be\/#organization","name":"Soci\u00e9t\u00e9 Royale Foresti\u00e8re De Belgique - Koninklijke Belgische Bosbouwmaatschappij","alternateName":"SRFB-KBBM","url":"https:\/\/srfb.be\/","logo":{"@type":"ImageObject","inLanguage":"nl-BE","@id":"https:\/\/srfb.be\/#\/schema\/logo\/image\/","url":"https:\/\/srfb.be\/wp-content\/uploads\/2019\/06\/android-chrome-256x256.png","contentUrl":"https:\/\/srfb.be\/wp-content\/uploads\/2019\/06\/android-chrome-256x256.png","width":1200,"height":1232,"caption":"Soci\u00e9t\u00e9 Royale Foresti\u00e8re De Belgique - Koninklijke Belgische Bosbouwmaatschappij"},"image":{"@id":"https:\/\/srfb.be\/#\/schema\/logo\/image\/"},"sameAs":["https:\/\/www.facebook.com\/srfb.be","https:\/\/www.instagram.com\/srfb_kbbm\/","https:\/\/www.linkedin.com\/company\/srfb-kbbm\/","https:\/\/www.youtube.com\/user\/srfbkbbm"]}]}},"_links":{"self":[{"href":"https:\/\/srfb.be\/nl\/wp-json\/wp\/v2\/pages\/39664","targetHints":{"allow":["GET"]}}],"collection":[{"href":"https:\/\/srfb.be\/nl\/wp-json\/wp\/v2\/pages"}],"about":[{"href":"https:\/\/srfb.be\/nl\/wp-json\/wp\/v2\/types\/page"}],"author":[{"embeddable":true,"href":"https:\/\/srfb.be\/nl\/wp-json\/wp\/v2\/users\/18"}],"replies":[{"embeddable":true,"href":"https:\/\/srfb.be\/nl\/wp-json\/wp\/v2\/comments?post=39664"}],"version-history":[{"count":2,"href":"https:\/\/srfb.be\/nl\/wp-json\/wp\/v2\/pages\/39664\/revisions"}],"predecessor-version":[{"id":39696,"href":"https:\/\/srfb.be\/nl\/wp-json\/wp\/v2\/pages\/39664\/revisions\/39696"}],"up":[{"embeddable":true,"href":"https:\/\/srfb.be\/nl\/wp-json\/wp\/v2\/pages\/31243"}],"wp:featuredmedia":[{"embeddable":true,"href":"https:\/\/srfb.be\/nl\/wp-json\/wp\/v2\/media\/39650"}],"wp:attachment":[{"href":"https:\/\/srfb.be\/nl\/wp-json\/wp\/v2\/media?parent=39664"}],"curies":[{"name":"wp","href":"https:\/\/api.w.org\/{rel}","templated":true}]}}