{"id":39660,"date":"2026-02-18T14:10:37","date_gmt":"2026-02-18T13:10:37","guid":{"rendered":"https:\/\/srfb.be\/?page_id=39660"},"modified":"2026-02-18T14:10:39","modified_gmt":"2026-02-18T13:10:39","slug":"les-arbres-ca-pousse-tout-seul","status":"publish","type":"page","link":"https:\/\/srfb.be\/nl\/forest-friends\/services-et-activites\/proprietaires-ou-gestionnaires-forestiers\/les-arbres-ca-pousse-tout-seul\/","title":{"rendered":"Bomen groeien vanzelf!"},"content":{"rendered":"<div class=\"wp-block-group is-layout-constrained wp-block-group-is-layout-constrained\" style=\"margin-top:var(--wp--preset--spacing--60);margin-bottom:var(--wp--preset--spacing--60)\"><div class=\"yoast-breadcrumbs\"><span><span><a href=\"https:\/\/srfb.be\/nl\/\">Onthaal<\/a><\/span> &gt; <span><a href=\"https:\/\/srfb.be\/nl\/forest-friends\/\">Ontdek Forest Friends<\/a><\/span> &gt; <span><a href=\"https:\/\/kbbm.be\/en\/forest-friends\/services-and-activities\/\">Diensten en activiteiten<\/a><\/span> &gt; <span><a href=\"https:\/\/kbbm.be\/en\/forest-friends\/services-and-activities\/forest-owners-or-managers\/\">Boseigenaren of -beheerders<\/a><\/span> &gt; <span class=\"breadcrumb_last\" aria-current=\"page\"><strong>Bomen groeien vanzelf!<\/strong><\/span><\/span><\/div><\/div>\n\n\n\n<div class=\"wp-block-group is-layout-constrained wp-container-core-group-is-layout-bdbfdc43 wp-block-group-is-layout-constrained\">\n<div class=\"wp-block-group has-grey-color-background-color has-background is-layout-constrained wp-container-core-group-is-layout-db32e940 wp-block-group-is-layout-constrained\" style=\"border-top-left-radius:7px;border-top-right-radius:7px;border-bottom-left-radius:7px;border-bottom-right-radius:7px;padding-top:var(--wp--preset--spacing--60);padding-right:var(--wp--preset--spacing--60);padding-bottom:var(--wp--preset--spacing--60);padding-left:var(--wp--preset--spacing--60)\">\n<p><em>C\u2019est vrai, la for\u00eat pousse librement. Pour r\u00e9pondre aux besoins humains (bois, nature,&nbsp;balades,\u2026), les forestiers observent la for\u00eat et ajustent leurs interventions en douceur.<\/em>&nbsp;<\/p>\n\n\n\n<p>Si la for\u00eat n\u2019a pas besoin de nous, nous,&nbsp;par contre,&nbsp;<strong>nous avons besoin d\u2019elle<\/strong>\u202f! Que cela soit pour accueillir nos balades ou notre jogging, abriter des tr\u00e9sors de&nbsp;nature, fournir du bois, stocker du carbone ou encore purifier l\u2019air, la for\u00eat se montre g\u00e9n\u00e9reuse.&nbsp;Il est d\u00e8s lors indispensable d\u2019en prendre soin afin que nous puissions continuer \u00e0 b\u00e9n\u00e9ficier de ses&nbsp;<strong>indispensables services<\/strong>&nbsp;tout en pr\u00e9servant sa p\u00e9rennit\u00e9. C\u2019est l\u00e0 le r\u00f4le cl\u00e9 de la&nbsp;<strong>betrekking op bosbeheer<\/strong>\u202f: assurer les interventions n\u00e9cessaires pour r\u00e9pondre aux besoins d\u2019aujourd\u2019hui et de demain.&nbsp;<\/p>\n<\/div>\n\n\n\n<div class=\"wp-block-group is-content-justification-center is-nowrap is-layout-flex wp-container-core-group-is-layout-35e816eb wp-block-group-is-layout-flex\" style=\"margin-top:var(--wp--preset--spacing--70);margin-bottom:var(--wp--preset--spacing--70)\">\n<hr class=\"wp-block-separator has-text-color has-grey-color-color has-alpha-channel-opacity has-grey-color-background-color has-background wp-container-content-759e20a8\" style=\"margin-top:0;margin-bottom:0\"\/>\n\n\n\n<figure class=\"wp-block-image size-large wp-container-content-e1bb55cb\"><img decoding=\"async\" src=\"https:\/\/srfb.be\/wp-content\/uploads\/2019\/07\/intro_offrez-vous.png\" alt=\"verwen jezelf\"\/><\/figure>\n\n\n\n<hr class=\"wp-block-separator has-text-color has-grey-color-color has-alpha-channel-opacity has-grey-color-background-color has-background wp-container-content-759e20a8\" style=\"margin-top:0;margin-bottom:0\"\/>\n<\/div>\n\n\n\n<h2 class=\"wp-block-heading has-text-align-center\"><strong>Consommer durable, c\u2019est possible ?<\/strong><\/h2>\n\n\n\n<p><em>Une gestion foresti\u00e8re durable respecte la nature et les promeneurs, tout en garantissant la long\u00e9vit\u00e9 de la for\u00eat. \u00c0 chacun de l\u2019encourager en choisissant de objets issus de for\u00eats certifi\u00e9es (par exemple, PEFC&nbsp;et FSC).<\/em>&nbsp;<\/p>\n\n\n\n<p>Le label\u202fPEFC, appos\u00e9 sur un produit en bois ou \u00e0 base de bois, garantit aux consommateurs que le produit qu&rsquo;ils ach\u00e8tent est issu de for\u00eats g\u00e9r\u00e9es durablement et de sources responsables. A&nbsp;travers leur acte d&rsquo;achat, ils contribuent \u00e0 la&nbsp;<strong>gestion durable des for\u00eats<\/strong>.&nbsp;En&nbsp;Wallonie, plus de 50% des for\u00eats sont certifi\u00e9es PEFC, aussi bien des for\u00eats publiques que des for\u00eats priv\u00e9es (un peu plus de 400 propri\u00e9taires priv\u00e9s certifi\u00e9s).&nbsp;\u00a0<\/p>\n\n\n\n<div class=\"wp-block-group is-content-justification-center is-nowrap is-layout-flex wp-container-core-group-is-layout-35e816eb wp-block-group-is-layout-flex\" style=\"margin-top:var(--wp--preset--spacing--70);margin-bottom:var(--wp--preset--spacing--70)\">\n<hr class=\"wp-block-separator has-text-color has-grey-color-color has-alpha-channel-opacity has-grey-color-background-color has-background wp-container-content-759e20a8\" style=\"margin-top:0;margin-bottom:0\"\/>\n\n\n\n<figure class=\"wp-block-image size-large wp-container-content-e1bb55cb\"><img decoding=\"async\" src=\"https:\/\/srfb.be\/wp-content\/uploads\/2019\/07\/intro_offrez-vous.png\" alt=\"verwen jezelf\"\/><\/figure>\n\n\n\n<hr class=\"wp-block-separator has-text-color has-grey-color-color has-alpha-channel-opacity has-grey-color-background-color has-background wp-container-content-759e20a8\" style=\"margin-top:0;margin-bottom:0\"\/>\n<\/div>\n\n\n\n<div class=\"wp-block-group has-white-color has-vert-claire-color-background-color has-text-color has-background has-link-color wp-elements-7697d6455edc9f39b674a317b3b530a0 is-layout-constrained wp-container-core-group-is-layout-db32e940 wp-block-group-is-layout-constrained\" style=\"border-top-left-radius:7px;border-top-right-radius:7px;border-bottom-left-radius:7px;border-bottom-right-radius:7px;padding-top:var(--wp--preset--spacing--60);padding-right:var(--wp--preset--spacing--60);padding-bottom:var(--wp--preset--spacing--60);padding-left:var(--wp--preset--spacing--60)\">\n<h2 class=\"wp-block-heading has-text-align-center has-white-color has-text-color has-link-color wp-elements-56261198feba380afc088d4fcfa1800b\"><strong>Goed om te weten<\/strong>&nbsp;<\/h2>\n\n\n\n<p>Face au d\u00e9fi climatique, la gestion foresti\u00e8re \u00e9volue \u00e9galement\u00a0pour favoriser des pratiques favorables \u00e0 la r\u00e9silience des for\u00eats dans toute leur\u00a0<strong>multifoncitonnalit\u00e9<\/strong>\u00a0(environnementale, productive et socio-culturelle). Dans cette optique, la SRFB a d\u00e9velopp\u00e9 un outil destin\u00e9 \u00e0 aider les forestiers \u00e0 penser la for\u00eat de demain\u202f: la\u00a0<strong>moza\u00efekbos\u00a0<\/strong>(lien \u00e0 ins\u00e9rer). Cet outil s\u2019appuie sur un \u00e9l\u00e9ment cl\u00e9 de la r\u00e9silience des for\u00eats\u202f: la\u00a0<strong>biodiversiteit<\/strong>, dans toutes ses dimensions.\u00a0<\/p>\n<\/div>\n\n\n\n<div class=\"wp-block-group has-grey-color-background-color has-background has-small-font-size is-layout-constrained wp-container-core-group-is-layout-db32e940 wp-block-group-is-layout-constrained\" style=\"border-top-left-radius:7px;border-top-right-radius:7px;border-bottom-left-radius:7px;border-bottom-right-radius:7px;padding-top:var(--wp--preset--spacing--60);padding-right:var(--wp--preset--spacing--60);padding-bottom:var(--wp--preset--spacing--60);padding-left:var(--wp--preset--spacing--60)\">\n<h3 class=\"wp-block-heading has-text-align-center\"><strong>Om verder te gaan<\/strong>&nbsp;<\/h3>\n\n\n\n<ul class=\"wp-block-list\">\n<li><a href=\"https:\/\/srfb.be\/nl\/pefc-certificatie\/\" type=\"page\" id=\"5890\">PEFC SRFB<\/a><\/li>\n\n\n\n<li><a href=\"https:\/\/www.pefc.be\/\" type=\"link\" id=\"https:\/\/www.pefc.be\/\" target=\"_blank\" rel=\"noreferrer noopener\">PEFC\u00a0Belgium<\/a>\u00a0<\/li>\n\n\n\n<li><a href=\"https:\/\/foretmosaique.be\/?lang=nl\" type=\"link\" id=\"https:\/\/foretmosaique.be\/\" target=\"_blank\" rel=\"noreferrer noopener\">Moza\u00efekbos<\/a><\/li>\n\n\n\n<li><a href=\"https:\/\/be.fsc.org\/be-fr\" target=\"_blank\" rel=\"noreferrer noopener\">https:\/\/be.fsc.org\/be-fr<\/a>\u00a0<\/li>\n\n\n\n<li><a href=\"https:\/\/fibowa.be\/\" target=\"_blank\" rel=\"noreferrer noopener\">https:\/\/fibowa.be\/<\/a>\u00a0(pour\u00a0prendre conscience de la multiplicit\u00e9 des gestionnaires et des enjeux).\u00a0\u00a0<\/li>\n<\/ul>\n<\/div>\n<\/div>","protected":false},"excerpt":{"rendered":"<p>C\u2019est vrai, la for\u00eat pousse librement. Pour r\u00e9pondre aux besoins humains (bois, nature,&nbsp;balades,\u2026), les forestiers observent la for\u00eat et ajustent leurs interventions en douceur.&nbsp; Si la for\u00eat n\u2019a pas besoin de nous, nous,&nbsp;par contre,&nbsp;nous avons besoin d\u2019elle\u202f! Que cela soit pour accueillir nos balades ou notre jogging, abriter des tr\u00e9sors de&nbsp;nature, fournir du bois, stocker&#8230; <\/p>\n<div class=\"clear\"><\/div>\n<p><a href=\"https:\/\/srfb.be\/nl\/forest-friends\/services-et-activites\/proprietaires-ou-gestionnaires-forestiers\/les-arbres-ca-pousse-tout-seul\/\" class=\"excerpt-read-more\">Meer lezen<\/a><\/p>","protected":false},"author":18,"featured_media":39652,"parent":31243,"menu_order":0,"comment_status":"closed","ping_status":"closed","template":"","meta":{"iawp_total_views":49,"footnotes":""},"class_list":["post-39660","page","type-page","status-publish","has-post-thumbnail","hentry"],"yoast_head":"<!-- This site is optimized with the Yoast SEO plugin v27.4 - https:\/\/yoast.com\/product\/yoast-seo-wordpress\/ -->\n<title>Les arbres, \u00e7a pousse tout seul ! - Soci\u00e9t\u00e9 Royale Foresti\u00e8re de Belgique<\/title>\n<meta name=\"robots\" content=\"index, follow, max-snippet:-1, max-image-preview:large, max-video-preview:-1\" \/>\n<link rel=\"canonical\" href=\"https:\/\/kbbm.be\/de\/forest-friends\/dienstleistungen-und-tatigkeiten\/waldbesitzer-oder-bewirtschafter\/les-arbres-ca-pousse-tout-seul\/\" \/>\n<meta property=\"og:locale\" content=\"nl_BE\" \/>\n<meta property=\"og:type\" content=\"article\" \/>\n<meta property=\"og:title\" content=\"Les arbres, \u00e7a pousse tout seul ! - Soci\u00e9t\u00e9 Royale Foresti\u00e8re de Belgique\" \/>\n<meta property=\"og:description\" content=\"C\u2019est vrai, la for\u00eat pousse librement. Pour r\u00e9pondre aux besoins humains (bois, nature,&nbsp;balades,\u2026), les forestiers observent la for\u00eat et ajustent leurs interventions en douceur.&nbsp; Si la for\u00eat n\u2019a pas besoin de nous, nous,&nbsp;par contre,&nbsp;nous avons besoin d\u2019elle\u202f! Que cela soit pour accueillir nos balades ou notre jogging, abriter des tr\u00e9sors de&nbsp;nature, fournir du bois, stocker... Read More\" \/>\n<meta property=\"og:url\" content=\"https:\/\/kbbm.be\/de\/forest-friends\/dienstleistungen-und-tatigkeiten\/waldbesitzer-oder-bewirtschafter\/les-arbres-ca-pousse-tout-seul\/\" \/>\n<meta property=\"og:site_name\" content=\"Soci\u00e9t\u00e9 Royale Foresti\u00e8re de Belgique\" \/>\n<meta property=\"article:publisher\" content=\"https:\/\/www.facebook.com\/srfb.be\" \/>\n<meta property=\"article:modified_time\" content=\"2026-02-18T13:10:39+00:00\" \/>\n<meta property=\"og:image\" content=\"https:\/\/kbbm.be\/wp-content\/uploads\/2026\/02\/5.jpg\" \/>\n\t<meta property=\"og:image:width\" content=\"1080\" \/>\n\t<meta property=\"og:image:height\" content=\"1080\" \/>\n\t<meta property=\"og:image:type\" content=\"image\/jpeg\" \/>\n<script type=\"application\/ld+json\" class=\"yoast-schema-graph\">{\"@context\":\"https:\\\/\\\/schema.org\",\"@graph\":[{\"@type\":\"WebPage\",\"@id\":\"https:\\\/\\\/kbbm.be\\\/de\\\/forest-friends\\\/dienstleistungen-und-tatigkeiten\\\/waldbesitzer-oder-bewirtschafter\\\/les-arbres-ca-pousse-tout-seul\\\/\",\"url\":\"https:\\\/\\\/kbbm.be\\\/de\\\/forest-friends\\\/dienstleistungen-und-tatigkeiten\\\/waldbesitzer-oder-bewirtschafter\\\/les-arbres-ca-pousse-tout-seul\\\/\",\"name\":\"Les arbres, \u00e7a pousse tout seul ! - Soci\u00e9t\u00e9 Royale Foresti\u00e8re de Belgique\",\"isPartOf\":{\"@id\":\"https:\\\/\\\/srfb.be\\\/#website\"},\"primaryImageOfPage\":{\"@id\":\"https:\\\/\\\/kbbm.be\\\/de\\\/forest-friends\\\/dienstleistungen-und-tatigkeiten\\\/waldbesitzer-oder-bewirtschafter\\\/les-arbres-ca-pousse-tout-seul\\\/#primaryimage\"},\"image\":{\"@id\":\"https:\\\/\\\/kbbm.be\\\/de\\\/forest-friends\\\/dienstleistungen-und-tatigkeiten\\\/waldbesitzer-oder-bewirtschafter\\\/les-arbres-ca-pousse-tout-seul\\\/#primaryimage\"},\"thumbnailUrl\":\"https:\\\/\\\/srfb.be\\\/wp-content\\\/uploads\\\/2026\\\/02\\\/5.jpg\",\"datePublished\":\"2026-02-18T13:10:37+00:00\",\"dateModified\":\"2026-02-18T13:10:39+00:00\",\"breadcrumb\":{\"@id\":\"https:\\\/\\\/kbbm.be\\\/de\\\/forest-friends\\\/dienstleistungen-und-tatigkeiten\\\/waldbesitzer-oder-bewirtschafter\\\/les-arbres-ca-pousse-tout-seul\\\/#breadcrumb\"},\"inLanguage\":\"nl-BE\",\"potentialAction\":[{\"@type\":\"ReadAction\",\"target\":[\"https:\\\/\\\/kbbm.be\\\/de\\\/forest-friends\\\/dienstleistungen-und-tatigkeiten\\\/waldbesitzer-oder-bewirtschafter\\\/les-arbres-ca-pousse-tout-seul\\\/\"]}]},{\"@type\":\"ImageObject\",\"inLanguage\":\"nl-BE\",\"@id\":\"https:\\\/\\\/kbbm.be\\\/de\\\/forest-friends\\\/dienstleistungen-und-tatigkeiten\\\/waldbesitzer-oder-bewirtschafter\\\/les-arbres-ca-pousse-tout-seul\\\/#primaryimage\",\"url\":\"https:\\\/\\\/srfb.be\\\/wp-content\\\/uploads\\\/2026\\\/02\\\/5.jpg\",\"contentUrl\":\"https:\\\/\\\/srfb.be\\\/wp-content\\\/uploads\\\/2026\\\/02\\\/5.jpg\",\"width\":1080,\"height\":1080,\"caption\":\"Les arbres \u00e7a pousse tout seul !\"},{\"@type\":\"BreadcrumbList\",\"@id\":\"https:\\\/\\\/kbbm.be\\\/de\\\/forest-friends\\\/dienstleistungen-und-tatigkeiten\\\/waldbesitzer-oder-bewirtschafter\\\/les-arbres-ca-pousse-tout-seul\\\/#breadcrumb\",\"itemListElement\":[{\"@type\":\"ListItem\",\"position\":1,\"name\":\"Accueil\",\"item\":\"https:\\\/\\\/srfb.be\\\/\"},{\"@type\":\"ListItem\",\"position\":2,\"name\":\"D\u00e9couvrez Forest Friends\",\"item\":\"https:\\\/\\\/srfb.be\\\/forest-friends\\\/\"},{\"@type\":\"ListItem\",\"position\":3,\"name\":\"Services et activit\u00e9s\",\"item\":\"https:\\\/\\\/kbbm.be\\\/en\\\/forest-friends\\\/services-and-activities\\\/\"},{\"@type\":\"ListItem\",\"position\":4,\"name\":\"Propri\u00e9taires ou gestionnaires forestiers\",\"item\":\"https:\\\/\\\/kbbm.be\\\/en\\\/forest-friends\\\/services-and-activities\\\/forest-owners-or-managers\\\/\"},{\"@type\":\"ListItem\",\"position\":5,\"name\":\"Les arbres, \u00e7a pousse tout seul !\"}]},{\"@type\":\"WebSite\",\"@id\":\"https:\\\/\\\/srfb.be\\\/#website\",\"url\":\"https:\\\/\\\/srfb.be\\\/\",\"name\":\"Soci\u00e9t\u00e9 Royale Foresti\u00e8re de Belgique\",\"description\":\"Au service de la for\u00eat et des forestiers\",\"publisher\":{\"@id\":\"https:\\\/\\\/srfb.be\\\/#organization\"},\"alternateName\":\"SRFB-KBBM\",\"potentialAction\":[{\"@type\":\"SearchAction\",\"target\":{\"@type\":\"EntryPoint\",\"urlTemplate\":\"https:\\\/\\\/srfb.be\\\/?s={search_term_string}\"},\"query-input\":{\"@type\":\"PropertyValueSpecification\",\"valueRequired\":true,\"valueName\":\"search_term_string\"}}],\"inLanguage\":\"nl-BE\"},{\"@type\":\"Organization\",\"@id\":\"https:\\\/\\\/srfb.be\\\/#organization\",\"name\":\"Soci\u00e9t\u00e9 Royale Foresti\u00e8re De Belgique - Koninklijke Belgische Bosbouwmaatschappij\",\"alternateName\":\"SRFB-KBBM\",\"url\":\"https:\\\/\\\/srfb.be\\\/\",\"logo\":{\"@type\":\"ImageObject\",\"inLanguage\":\"nl-BE\",\"@id\":\"https:\\\/\\\/srfb.be\\\/#\\\/schema\\\/logo\\\/image\\\/\",\"url\":\"https:\\\/\\\/srfb.be\\\/wp-content\\\/uploads\\\/2019\\\/06\\\/android-chrome-256x256.png\",\"contentUrl\":\"https:\\\/\\\/srfb.be\\\/wp-content\\\/uploads\\\/2019\\\/06\\\/android-chrome-256x256.png\",\"width\":1200,\"height\":1232,\"caption\":\"Soci\u00e9t\u00e9 Royale Foresti\u00e8re De Belgique - Koninklijke Belgische Bosbouwmaatschappij\"},\"image\":{\"@id\":\"https:\\\/\\\/srfb.be\\\/#\\\/schema\\\/logo\\\/image\\\/\"},\"sameAs\":[\"https:\\\/\\\/www.facebook.com\\\/srfb.be\",\"https:\\\/\\\/www.instagram.com\\\/srfb_kbbm\\\/\",\"https:\\\/\\\/www.linkedin.com\\\/company\\\/srfb-kbbm\\\/\",\"https:\\\/\\\/www.youtube.com\\\/user\\\/srfbkbbm\"]}]}<\/script>\n<!-- \/ Yoast SEO plugin. -->","yoast_head_json":{"title":"Bomen groeien vanzelf! - Koninklijke Belgische Bosbouwmaatschappij","robots":{"index":"index","follow":"follow","max-snippet":"max-snippet:-1","max-image-preview":"max-image-preview:large","max-video-preview":"max-video-preview:-1"},"canonical":"https:\/\/kbbm.be\/de\/forest-friends\/dienstleistungen-und-tatigkeiten\/waldbesitzer-oder-bewirtschafter\/les-arbres-ca-pousse-tout-seul\/","og_locale":"nl_BE","og_type":"article","og_title":"Les arbres, \u00e7a pousse tout seul ! - Soci\u00e9t\u00e9 Royale Foresti\u00e8re de Belgique","og_description":"C\u2019est vrai, la for\u00eat pousse librement. Pour r\u00e9pondre aux besoins humains (bois, nature,&nbsp;balades,\u2026), les forestiers observent la for\u00eat et ajustent leurs interventions en douceur.&nbsp; Si la for\u00eat n\u2019a pas besoin de nous, nous,&nbsp;par contre,&nbsp;nous avons besoin d\u2019elle\u202f! Que cela soit pour accueillir nos balades ou notre jogging, abriter des tr\u00e9sors de&nbsp;nature, fournir du bois, stocker... Read More","og_url":"https:\/\/kbbm.be\/de\/forest-friends\/dienstleistungen-und-tatigkeiten\/waldbesitzer-oder-bewirtschafter\/les-arbres-ca-pousse-tout-seul\/","og_site_name":"Soci\u00e9t\u00e9 Royale Foresti\u00e8re de Belgique","article_publisher":"https:\/\/www.facebook.com\/srfb.be","article_modified_time":"2026-02-18T13:10:39+00:00","og_image":[{"width":1080,"height":1080,"url":"https:\/\/kbbm.be\/wp-content\/uploads\/2026\/02\/5.jpg","type":"image\/jpeg"}],"schema":{"@context":"https:\/\/schema.org","@graph":[{"@type":"WebPage","@id":"https:\/\/kbbm.be\/de\/forest-friends\/dienstleistungen-und-tatigkeiten\/waldbesitzer-oder-bewirtschafter\/les-arbres-ca-pousse-tout-seul\/","url":"https:\/\/kbbm.be\/de\/forest-friends\/dienstleistungen-und-tatigkeiten\/waldbesitzer-oder-bewirtschafter\/les-arbres-ca-pousse-tout-seul\/","name":"Bomen groeien vanzelf! - Koninklijke Belgische Bosbouwmaatschappij","isPartOf":{"@id":"https:\/\/srfb.be\/#website"},"primaryImageOfPage":{"@id":"https:\/\/kbbm.be\/de\/forest-friends\/dienstleistungen-und-tatigkeiten\/waldbesitzer-oder-bewirtschafter\/les-arbres-ca-pousse-tout-seul\/#primaryimage"},"image":{"@id":"https:\/\/kbbm.be\/de\/forest-friends\/dienstleistungen-und-tatigkeiten\/waldbesitzer-oder-bewirtschafter\/les-arbres-ca-pousse-tout-seul\/#primaryimage"},"thumbnailUrl":"https:\/\/srfb.be\/wp-content\/uploads\/2026\/02\/5.jpg","datePublished":"2026-02-18T13:10:37+00:00","dateModified":"2026-02-18T13:10:39+00:00","breadcrumb":{"@id":"https:\/\/kbbm.be\/de\/forest-friends\/dienstleistungen-und-tatigkeiten\/waldbesitzer-oder-bewirtschafter\/les-arbres-ca-pousse-tout-seul\/#breadcrumb"},"inLanguage":"nl-BE","potentialAction":[{"@type":"ReadAction","target":["https:\/\/kbbm.be\/de\/forest-friends\/dienstleistungen-und-tatigkeiten\/waldbesitzer-oder-bewirtschafter\/les-arbres-ca-pousse-tout-seul\/"]}]},{"@type":"ImageObject","inLanguage":"nl-BE","@id":"https:\/\/kbbm.be\/de\/forest-friends\/dienstleistungen-und-tatigkeiten\/waldbesitzer-oder-bewirtschafter\/les-arbres-ca-pousse-tout-seul\/#primaryimage","url":"https:\/\/srfb.be\/wp-content\/uploads\/2026\/02\/5.jpg","contentUrl":"https:\/\/srfb.be\/wp-content\/uploads\/2026\/02\/5.jpg","width":1080,"height":1080,"caption":"Les arbres \u00e7a pousse tout seul !"},{"@type":"BreadcrumbList","@id":"https:\/\/kbbm.be\/de\/forest-friends\/dienstleistungen-und-tatigkeiten\/waldbesitzer-oder-bewirtschafter\/les-arbres-ca-pousse-tout-seul\/#breadcrumb","itemListElement":[{"@type":"ListItem","position":1,"name":"Accueil","item":"https:\/\/srfb.be\/"},{"@type":"ListItem","position":2,"name":"D\u00e9couvrez Forest Friends","item":"https:\/\/srfb.be\/forest-friends\/"},{"@type":"ListItem","position":3,"name":"Services et activit\u00e9s","item":"https:\/\/kbbm.be\/en\/forest-friends\/services-and-activities\/"},{"@type":"ListItem","position":4,"name":"Propri\u00e9taires ou gestionnaires forestiers","item":"https:\/\/kbbm.be\/en\/forest-friends\/services-and-activities\/forest-owners-or-managers\/"},{"@type":"ListItem","position":5,"name":"Les arbres, \u00e7a pousse tout seul !"}]},{"@type":"WebSite","@id":"https:\/\/srfb.be\/#website","url":"https:\/\/srfb.be\/","name":"Koninklijke Belgische Bosbouwmaatschappij","description":"Ten dienste van het bos en de bosbouwers","publisher":{"@id":"https:\/\/srfb.be\/#organization"},"alternateName":"SRFB-KBBM","potentialAction":[{"@type":"SearchAction","target":{"@type":"EntryPoint","urlTemplate":"https:\/\/srfb.be\/?s={search_term_string}"},"query-input":{"@type":"PropertyValueSpecification","valueRequired":true,"valueName":"search_term_string"}}],"inLanguage":"nl-BE"},{"@type":"Organization","@id":"https:\/\/srfb.be\/#organization","name":"Soci\u00e9t\u00e9 Royale Foresti\u00e8re De Belgique - Koninklijke Belgische Bosbouwmaatschappij","alternateName":"SRFB-KBBM","url":"https:\/\/srfb.be\/","logo":{"@type":"ImageObject","inLanguage":"nl-BE","@id":"https:\/\/srfb.be\/#\/schema\/logo\/image\/","url":"https:\/\/srfb.be\/wp-content\/uploads\/2019\/06\/android-chrome-256x256.png","contentUrl":"https:\/\/srfb.be\/wp-content\/uploads\/2019\/06\/android-chrome-256x256.png","width":1200,"height":1232,"caption":"Soci\u00e9t\u00e9 Royale Foresti\u00e8re De Belgique - Koninklijke Belgische Bosbouwmaatschappij"},"image":{"@id":"https:\/\/srfb.be\/#\/schema\/logo\/image\/"},"sameAs":["https:\/\/www.facebook.com\/srfb.be","https:\/\/www.instagram.com\/srfb_kbbm\/","https:\/\/www.linkedin.com\/company\/srfb-kbbm\/","https:\/\/www.youtube.com\/user\/srfbkbbm"]}]}},"_links":{"self":[{"href":"https:\/\/srfb.be\/nl\/wp-json\/wp\/v2\/pages\/39660","targetHints":{"allow":["GET"]}}],"collection":[{"href":"https:\/\/srfb.be\/nl\/wp-json\/wp\/v2\/pages"}],"about":[{"href":"https:\/\/srfb.be\/nl\/wp-json\/wp\/v2\/types\/page"}],"author":[{"embeddable":true,"href":"https:\/\/srfb.be\/nl\/wp-json\/wp\/v2\/users\/18"}],"replies":[{"embeddable":true,"href":"https:\/\/srfb.be\/nl\/wp-json\/wp\/v2\/comments?post=39660"}],"version-history":[{"count":1,"href":"https:\/\/srfb.be\/nl\/wp-json\/wp\/v2\/pages\/39660\/revisions"}],"predecessor-version":[{"id":39661,"href":"https:\/\/srfb.be\/nl\/wp-json\/wp\/v2\/pages\/39660\/revisions\/39661"}],"up":[{"embeddable":true,"href":"https:\/\/srfb.be\/nl\/wp-json\/wp\/v2\/pages\/31243"}],"wp:featuredmedia":[{"embeddable":true,"href":"https:\/\/srfb.be\/nl\/wp-json\/wp\/v2\/media\/39652"}],"wp:attachment":[{"href":"https:\/\/srfb.be\/nl\/wp-json\/wp\/v2\/media?parent=39660"}],"curies":[{"name":"wp","href":"https:\/\/api.w.org\/{rel}","templated":true}]}}