{"id":39657,"date":"2026-02-18T14:02:39","date_gmt":"2026-02-18T13:02:39","guid":{"rendered":"https:\/\/srfb.be\/?page_id=39657"},"modified":"2026-02-24T09:53:38","modified_gmt":"2026-02-24T08:53:38","slug":"plantons-des-arbres","status":"publish","type":"page","link":"https:\/\/srfb.be\/nl\/forest-friends\/services-et-activites\/proprietaires-ou-gestionnaires-forestiers\/plantons-des-arbres\/","title":{"rendered":"Plantons des arbres !"},"content":{"rendered":"<div class=\"wp-block-group is-layout-constrained wp-block-group-is-layout-constrained\" style=\"margin-top:var(--wp--preset--spacing--60);margin-bottom:var(--wp--preset--spacing--60)\"><div class=\"yoast-breadcrumbs\"><span><span><a href=\"https:\/\/srfb.be\/nl\/\">Onthaal<\/a><\/span> &gt; <span><a href=\"https:\/\/srfb.be\/nl\/forest-friends\/\">Ontdek Forest Friends<\/a><\/span> &gt; <span><a href=\"https:\/\/kbbm.be\/en\/forest-friends\/services-and-activities\/\">Diensten en activiteiten<\/a><\/span> &gt; <span><a href=\"https:\/\/kbbm.be\/en\/forest-friends\/services-and-activities\/forest-owners-or-managers\/\">Boseigenaren of -beheerders<\/a><\/span> &gt; <span class=\"breadcrumb_last\" aria-current=\"page\"><strong>Plantons des arbres !<\/strong><\/span><\/span><\/div><\/div>\n\n\n\n<div class=\"wp-block-group is-layout-constrained wp-container-core-group-is-layout-bdbfdc43 wp-block-group-is-layout-constrained\">\n<div class=\"wp-block-group has-grey-color-background-color has-background is-layout-constrained wp-container-core-group-is-layout-db32e940 wp-block-group-is-layout-constrained\" style=\"border-top-left-radius:7px;border-top-right-radius:7px;border-bottom-left-radius:7px;border-bottom-right-radius:7px;padding-top:var(--wp--preset--spacing--60);padding-right:var(--wp--preset--spacing--60);padding-bottom:var(--wp--preset--spacing--60);padding-left:var(--wp--preset--spacing--60)\">\n<p><em>Afin de r\u00e9g\u00e9n\u00e9rer la for\u00eat, les forestiers plantent des arbres adapt\u00e9s au sol et au climat.<\/em>&nbsp;<\/p>\n\n\n\n<p>Les plantations font partie des outils \u00e0 disposition des forestiers pour r\u00e9g\u00e9n\u00e9rer une for\u00eat.&nbsp;<br>Ils ne plantent cependant pas n\u2019importe quel arbre, n\u2019importe o\u00f9 : chaque essence a des besoins sp\u00e9cifiques pour assurer sa croissance, sa sant\u00e9 et sa capacit\u00e9 \u00e0 faire face aux al\u00e9as.&nbsp;<\/p>\n\n\n\n<p>En termes techniques, on parle d\u2019\u00ab&nbsp;ad\u00e9quation essence-station&nbsp;\u00bb.&nbsp;<br>Cela d\u00e9signe la compatibilit\u00e9 optimale entre une essence d\u2019arbre (l\u2019esp\u00e8ce) et sa station foresti\u00e8re&nbsp;(le sol, le climat et les conditions locales dans lesquelles elle est implant\u00e9e)&nbsp;afin de&nbsp;produire du bois de qualit\u00e9.&nbsp;<\/p>\n<\/div>\n\n\n\n<div class=\"wp-block-group is-content-justification-center is-nowrap is-layout-flex wp-container-core-group-is-layout-35e816eb wp-block-group-is-layout-flex\" style=\"margin-top:var(--wp--preset--spacing--70);margin-bottom:var(--wp--preset--spacing--70)\">\n<hr class=\"wp-block-separator has-text-color has-grey-color-color has-alpha-channel-opacity has-grey-color-background-color has-background wp-container-content-759e20a8\" style=\"margin-top:0;margin-bottom:0\"\/>\n\n\n\n<figure class=\"wp-block-image size-large wp-container-content-e1bb55cb\"><img decoding=\"async\" src=\"https:\/\/srfb.be\/wp-content\/uploads\/2019\/07\/intro_offrez-vous.png\" alt=\"verwen jezelf\"\/><\/figure>\n\n\n\n<hr class=\"wp-block-separator has-text-color has-grey-color-color has-alpha-channel-opacity has-grey-color-background-color has-background wp-container-content-759e20a8\" style=\"margin-top:0;margin-bottom:0\"\/>\n<\/div>\n\n\n\n<h2 class=\"wp-block-heading has-text-align-center\"><strong>Pourquoi planter ?<\/strong>&nbsp;<\/h2>\n\n\n\n<p><em>Pour diversifier la for\u00eat et l\u2019aider \u00e0 faire face aux changements climatiques, avec des esp\u00e8ces potentiellement mieux adapt\u00e9es, sans \u00eatre envahissantes.<\/em>&nbsp;<\/p>\n\n\n\n<p>En&nbsp;plantant&nbsp;dans les for\u00eats des essences potentiellement mieux adapt\u00e9es aux conditions climatiques d\u2019aujourd\u2019hui et de demain \u2014 qu\u2019il s\u2019agisse d\u2019essences locales encore peu pr\u00e9sentes, d\u2019essences issues d\u2019autres r\u00e9gions, ou d\u2019une&nbsp;diversit\u00e9 g\u00e9n\u00e9tique&nbsp;plus large au sein des essences existantes \u2014 les forestiers cherchent \u00e0 renforcer la&nbsp;r\u00e9silience&nbsp;des peuplements.&nbsp;<br>Par r\u00e9silience, on entend la&nbsp;capacit\u00e9 d\u2019un \u00e9cosyst\u00e8me forestier \u00e0 r\u00e9sister aux perturbations (s\u00e9cheresses, maladies, temp\u00eates\u2026) et \u00e0 se r\u00e9tablir ensuite, sans perdre ses fonctions essentielles.&nbsp;<\/p>\n\n\n\n<p>Ces interventions visent&nbsp;non seulement&nbsp;\u00e0 pr\u00e9server la for\u00eat en tant que milieu naturel,&nbsp;mais&nbsp;aussi&nbsp;\u00e0 r\u00e9pondre&nbsp;aux besoins de&nbsp;production de bois&nbsp;(ressource essentielle pour la fili\u00e8re)&nbsp;et pour de nombreux usages soci\u00e9taux.&nbsp;<\/p>\n\n\n\n<p>Nos for\u00eats ont \u00e9t\u00e9 profond\u00e9ment modifi\u00e9es, simplifi\u00e9es et homog\u00e9n\u00e9is\u00e9es par des si\u00e8cles de gestion humaine, ce qui les rend aujourd\u2019hui plus vuln\u00e9rables aux changements rapides du climat et aux crises sanitaires. Laiss\u00e9e<strong>&nbsp;<\/strong>\u00e0 elle-m\u00eame, la nature finirait par retrouver un \u00e9quilibre, m\u00eame apr\u00e8s des perturbations majeures.&nbsp;En revanche,&nbsp;nos soci\u00e9t\u00e9s&nbsp;et&nbsp;la fili\u00e8re bois&nbsp;d\u00e9pendent de services forestiers sp\u00e9cifiques (production, stabilit\u00e9, accessibilit\u00e9, s\u00e9curit\u00e9, etc.) qui pourraient \u00eatre fortement compromis si l\u2019on ne prenait aucune mesure.&nbsp;<\/p>\n\n\n\n<p>Lorsque des essences provenant d\u2019autres r\u00e9gions sont envisag\u00e9es, leur s\u00e9lection se fait avec&nbsp;prudence.&nbsp;<br>Les forestiers s\u2019assurent d\u2019introduire uniquement des essences&nbsp;non envahissantes, capables de s\u2019int\u00e9grer harmonieusement aux \u00e9cosyst\u00e8mes locaux, sans&nbsp;d\u00e9s\u00e9quilibrer les milieux existants.&nbsp;<\/p>\n\n\n\n<div class=\"wp-block-group is-content-justification-center is-nowrap is-layout-flex wp-container-core-group-is-layout-35e816eb wp-block-group-is-layout-flex\" style=\"margin-top:var(--wp--preset--spacing--70);margin-bottom:var(--wp--preset--spacing--70)\">\n<hr class=\"wp-block-separator has-text-color has-grey-color-color has-alpha-channel-opacity has-grey-color-background-color has-background wp-container-content-759e20a8\" style=\"margin-top:0;margin-bottom:0\"\/>\n\n\n\n<figure class=\"wp-block-image size-large wp-container-content-e1bb55cb\"><img decoding=\"async\" src=\"https:\/\/srfb.be\/wp-content\/uploads\/2019\/07\/intro_offrez-vous.png\" alt=\"verwen jezelf\"\/><\/figure>\n\n\n\n<hr class=\"wp-block-separator has-text-color has-grey-color-color has-alpha-channel-opacity has-grey-color-background-color has-background wp-container-content-759e20a8\" style=\"margin-top:0;margin-bottom:0\"\/>\n<\/div>\n\n\n\n<h2 class=\"wp-block-heading has-text-align-center\"><strong>La r\u00e9g\u00e9n\u00e9ration naturelle en cadeau<\/strong>&nbsp;<\/h2>\n\n\n\n<p><em>La nature replante aussi ! Les forestiers accompagnent cette r\u00e9g\u00e9n\u00e9ration pour pr\u00e9server la diversit\u00e9 et obtenir du bois durable et de qualit\u00e9.<\/em>&nbsp;<\/p>\n\n\n\n<p>Les arbres produisent naturellement des graines qui peuvent donner naissance \u00e0 de nouveaux plants, sans intervention humaine : on parle alors de&nbsp;<strong>natuurlijke regeneratie<\/strong>.&nbsp;<\/p>\n\n\n\n<p>Dans ce cas, le r\u00f4le du forestier est&nbsp;<strong>d\u2019accompagner&nbsp;<\/strong>ce processus naturel par diff\u00e9rentes interventions cibl\u00e9es, par exemple :&nbsp;<\/p>\n\n\n\n<ul class=\"wp-block-list\">\n<li>prot\u00e9ger&nbsp;les jeunes plants contre&nbsp;les d\u00e9g\u00e2ts&nbsp;de chevreuil, cerf et\/ou sanglier,&nbsp;<\/li>\n\n\n\n<li>limiter&nbsp;la concurrence excessive de la v\u00e9g\u00e9tation,&nbsp;<\/li>\n\n\n\n<li>s\u00e9lectionner&nbsp;les arbres les plus robustes pour constituer le peuplement futur,&nbsp;<\/li>\n\n\n\n<li>maintenir&nbsp;la diversit\u00e9 en favorisant diff\u00e9rentes essences spontan\u00e9es,&nbsp;<\/li>\n\n\n\n<li>assurer&nbsp;une bonne qualit\u00e9 du bois en accompagnant la croissance des arbres les plus prometteurs.&nbsp;<\/li>\n<\/ul>\n\n\n\n<div class=\"wp-block-group is-content-justification-center is-nowrap is-layout-flex wp-container-core-group-is-layout-35e816eb wp-block-group-is-layout-flex\" style=\"margin-top:var(--wp--preset--spacing--70);margin-bottom:var(--wp--preset--spacing--70)\">\n<hr class=\"wp-block-separator has-text-color has-grey-color-color has-alpha-channel-opacity has-grey-color-background-color has-background wp-container-content-759e20a8\" style=\"margin-top:0;margin-bottom:0\"\/>\n\n\n\n<figure class=\"wp-block-image size-large wp-container-content-e1bb55cb\"><img decoding=\"async\" src=\"https:\/\/srfb.be\/wp-content\/uploads\/2019\/07\/intro_offrez-vous.png\" alt=\"verwen jezelf\"\/><\/figure>\n\n\n\n<hr class=\"wp-block-separator has-text-color has-grey-color-color has-alpha-channel-opacity has-grey-color-background-color has-background wp-container-content-759e20a8\" style=\"margin-top:0;margin-bottom:0\"\/>\n<\/div>\n\n\n\n<div class=\"wp-block-group has-white-color has-vert-claire-color-background-color has-text-color has-background has-link-color wp-elements-d2562a8e72f2676dfb4bc1443c484e27 is-layout-constrained wp-container-core-group-is-layout-db32e940 wp-block-group-is-layout-constrained\" style=\"border-top-left-radius:7px;border-top-right-radius:7px;border-bottom-left-radius:7px;border-bottom-right-radius:7px;padding-top:var(--wp--preset--spacing--60);padding-right:var(--wp--preset--spacing--60);padding-bottom:var(--wp--preset--spacing--60);padding-left:var(--wp--preset--spacing--60)\">\n<h2 class=\"wp-block-heading has-text-align-center has-white-color has-text-color has-link-color wp-elements-56261198feba380afc088d4fcfa1800b\"><strong>Goed om te weten<\/strong>&nbsp;<\/h2>\n\n\n\n<p>Il n\u2019y a pas une seule mani\u00e8re de cr\u00e9er la for\u00eat de demain.&nbsp;<br>Les forestiers combinent&nbsp;<strong>plantage<\/strong>&nbsp;en&nbsp;<strong>natuurlijke regeneratie<\/strong>&nbsp;selon les contextes, toujours dans l\u2019id\u00e9e d\u2019obtenir des peuplements&nbsp;<strong>sains, diversifi\u00e9s et r\u00e9silients<\/strong>.&nbsp;<\/p>\n\n\n\n<p>En choisissant les bonnes essences et en laissant une large place aux processus naturels, ils contribuent \u00e0 b\u00e2tir une for\u00eat capable de&nbsp;<strong>r\u00e9sister, s\u2019adapter et continuer \u00e0 nous offrir ses nombreux bienfaits<\/strong>.&nbsp;<\/p>\n<\/div>\n\n\n\n<div class=\"wp-block-group has-grey-color-background-color has-background has-small-font-size is-layout-constrained wp-container-core-group-is-layout-db32e940 wp-block-group-is-layout-constrained\" style=\"border-top-left-radius:7px;border-top-right-radius:7px;border-bottom-left-radius:7px;border-bottom-right-radius:7px;padding-top:var(--wp--preset--spacing--60);padding-right:var(--wp--preset--spacing--60);padding-bottom:var(--wp--preset--spacing--60);padding-left:var(--wp--preset--spacing--60)\">\n<h3 class=\"wp-block-heading has-text-align-center\"><strong>Om verder te gaan<\/strong>&nbsp;<\/h3>\n\n\n\n<ul class=\"wp-block-list\">\n<li>Position de la SRFB\u202f: <a href=\"https:\/\/srfb.be\/nl\/informatie-over-de-bossen\/de-gezondheid-bossen\/nouvelles-essences-et-provenances-en-reponse-aux-changements-climatiques\/\" type=\"page\" id=\"39357\">Introductie van nieuwe soorten en oorsprong als reactie op klimaatverandering: durf of bewusteloosheid?&nbsp;<\/a><\/li>\n\n\n\n<li>Migforest\u202f: <a href=\"https:\/\/srfb.be\/nl\/opleidingen-en-activiteiten\/ons-projecten\/migforest\/\" type=\"page\" id=\"35810\">projet europ\u00e9en Interreg visant le d\u00e9ploiement de la \u00ab\u202fmigration assist\u00e9e\u202f\u00bb en Europe du Nord-Ouest.<\/a>&nbsp;<\/li>\n\n\n\n<li>Trees&nbsp;for Future\u202f: <a href=\"https:\/\/treesforfuture.be\/nl\/\" type=\"link\" id=\"https:\/\/treesforfuture.be\/\" target=\"_blank\" rel=\"noreferrer noopener\">projet exp\u00e9rimental visant \u00e0 identifier les essences et provenances foresti\u00e8res qui participeront \u00e0 l\u2019adaptation des for\u00eats aux changements climatiques.&nbsp;<\/a><\/li>\n\n\n\n<li>FSC Belgium : <a href=\"https:\/\/be.fsc.org\/be-fr\" target=\"_blank\" rel=\"noreferrer noopener\">https:\/\/be.fsc.org\/be-fr<\/a><\/li>\n\n\n\n<li>Fibowa, un m\u00e9dia sur l&rsquo;avenir de la fili\u00e8re bois wallonne : <a href=\"https:\/\/fibowa.be\/\" target=\"_blank\" rel=\"noreferrer noopener\">https:\/\/fibowa.be\/<\/a><\/li>\n<\/ul>\n<\/div>\n<\/div>","protected":false},"excerpt":{"rendered":"<p>Afin de r\u00e9g\u00e9n\u00e9rer la for\u00eat, les forestiers plantent des arbres adapt\u00e9s au sol et au climat.&nbsp; Les plantations font partie des outils \u00e0 disposition des forestiers pour r\u00e9g\u00e9n\u00e9rer une for\u00eat.&nbsp;Ils ne plantent cependant pas n\u2019importe quel arbre, n\u2019importe o\u00f9 : chaque essence a des besoins sp\u00e9cifiques pour assurer sa croissance, sa sant\u00e9 et sa capacit\u00e9&#8230; <\/p>\n<div class=\"clear\"><\/div>\n<p><a href=\"https:\/\/srfb.be\/nl\/forest-friends\/services-et-activites\/proprietaires-ou-gestionnaires-forestiers\/plantons-des-arbres\/\" class=\"excerpt-read-more\">Meer lezen<\/a><\/p>","protected":false},"author":18,"featured_media":39649,"parent":31243,"menu_order":0,"comment_status":"closed","ping_status":"closed","template":"","meta":{"iawp_total_views":88,"footnotes":""},"class_list":["post-39657","page","type-page","status-publish","has-post-thumbnail","hentry"],"yoast_head":"<!-- This site is optimized with the Yoast SEO plugin v27.4 - https:\/\/yoast.com\/product\/yoast-seo-wordpress\/ -->\n<title>Plantons des arbres ! - Soci\u00e9t\u00e9 Royale Foresti\u00e8re de Belgique<\/title>\n<meta name=\"robots\" content=\"index, follow, max-snippet:-1, max-image-preview:large, max-video-preview:-1\" \/>\n<link rel=\"canonical\" href=\"https:\/\/srfb.be\/nl\/forest-friends\/diensten-en-activiteiten\/boseigenaren-of-beheerders\/plantons-des-arbres\/\" \/>\n<meta property=\"og:locale\" content=\"nl_BE\" \/>\n<meta property=\"og:type\" content=\"article\" \/>\n<meta property=\"og:title\" content=\"Plantons des arbres ! - Soci\u00e9t\u00e9 Royale Foresti\u00e8re de Belgique\" \/>\n<meta property=\"og:description\" content=\"Afin de r\u00e9g\u00e9n\u00e9rer la for\u00eat, les forestiers plantent des arbres adapt\u00e9s au sol et au climat.&nbsp; Les plantations font partie des outils \u00e0 disposition des forestiers pour r\u00e9g\u00e9n\u00e9rer une for\u00eat.&nbsp;Ils ne plantent cependant pas n\u2019importe quel arbre, n\u2019importe o\u00f9 : chaque essence a des besoins sp\u00e9cifiques pour assurer sa croissance, sa sant\u00e9 et sa capacit\u00e9... Read More\" \/>\n<meta property=\"og:url\" content=\"https:\/\/srfb.be\/nl\/forest-friends\/diensten-en-activiteiten\/boseigenaren-of-beheerders\/plantons-des-arbres\/\" \/>\n<meta property=\"og:site_name\" content=\"Soci\u00e9t\u00e9 Royale Foresti\u00e8re de Belgique\" \/>\n<meta property=\"article:publisher\" content=\"https:\/\/www.facebook.com\/srfb.be\" \/>\n<meta property=\"article:modified_time\" content=\"2026-02-24T08:53:38+00:00\" \/>\n<meta property=\"og:image\" content=\"https:\/\/srfb.be\/wp-content\/uploads\/2026\/02\/1.jpg\" \/>\n\t<meta property=\"og:image:width\" content=\"1080\" \/>\n\t<meta property=\"og:image:height\" content=\"1080\" \/>\n\t<meta property=\"og:image:type\" content=\"image\/jpeg\" \/>\n<script type=\"application\/ld+json\" class=\"yoast-schema-graph\">{\"@context\":\"https:\\\/\\\/schema.org\",\"@graph\":[{\"@type\":\"WebPage\",\"@id\":\"https:\\\/\\\/srfb.be\\\/forest-friends\\\/services-et-activites\\\/proprietaires-ou-gestionnaires-forestiers\\\/plantons-des-arbres\\\/\",\"url\":\"https:\\\/\\\/srfb.be\\\/forest-friends\\\/services-et-activites\\\/proprietaires-ou-gestionnaires-forestiers\\\/plantons-des-arbres\\\/\",\"name\":\"Plantons des arbres ! - Soci\u00e9t\u00e9 Royale Foresti\u00e8re de Belgique\",\"isPartOf\":{\"@id\":\"https:\\\/\\\/srfb.be\\\/#website\"},\"primaryImageOfPage\":{\"@id\":\"https:\\\/\\\/srfb.be\\\/forest-friends\\\/services-et-activites\\\/proprietaires-ou-gestionnaires-forestiers\\\/plantons-des-arbres\\\/#primaryimage\"},\"image\":{\"@id\":\"https:\\\/\\\/srfb.be\\\/forest-friends\\\/services-et-activites\\\/proprietaires-ou-gestionnaires-forestiers\\\/plantons-des-arbres\\\/#primaryimage\"},\"thumbnailUrl\":\"https:\\\/\\\/srfb.be\\\/wp-content\\\/uploads\\\/2026\\\/02\\\/1.jpg\",\"datePublished\":\"2026-02-18T13:02:39+00:00\",\"dateModified\":\"2026-02-24T08:53:38+00:00\",\"breadcrumb\":{\"@id\":\"https:\\\/\\\/srfb.be\\\/forest-friends\\\/services-et-activites\\\/proprietaires-ou-gestionnaires-forestiers\\\/plantons-des-arbres\\\/#breadcrumb\"},\"inLanguage\":\"nl-BE\",\"potentialAction\":[{\"@type\":\"ReadAction\",\"target\":[\"https:\\\/\\\/srfb.be\\\/forest-friends\\\/services-et-activites\\\/proprietaires-ou-gestionnaires-forestiers\\\/plantons-des-arbres\\\/\"]}]},{\"@type\":\"ImageObject\",\"inLanguage\":\"nl-BE\",\"@id\":\"https:\\\/\\\/srfb.be\\\/forest-friends\\\/services-et-activites\\\/proprietaires-ou-gestionnaires-forestiers\\\/plantons-des-arbres\\\/#primaryimage\",\"url\":\"https:\\\/\\\/srfb.be\\\/wp-content\\\/uploads\\\/2026\\\/02\\\/1.jpg\",\"contentUrl\":\"https:\\\/\\\/srfb.be\\\/wp-content\\\/uploads\\\/2026\\\/02\\\/1.jpg\",\"width\":1080,\"height\":1080,\"caption\":\"Plantons des arbres !\"},{\"@type\":\"BreadcrumbList\",\"@id\":\"https:\\\/\\\/srfb.be\\\/forest-friends\\\/services-et-activites\\\/proprietaires-ou-gestionnaires-forestiers\\\/plantons-des-arbres\\\/#breadcrumb\",\"itemListElement\":[{\"@type\":\"ListItem\",\"position\":1,\"name\":\"Accueil\",\"item\":\"https:\\\/\\\/srfb.be\\\/\"},{\"@type\":\"ListItem\",\"position\":2,\"name\":\"D\u00e9couvrez Forest Friends\",\"item\":\"https:\\\/\\\/srfb.be\\\/forest-friends\\\/\"},{\"@type\":\"ListItem\",\"position\":3,\"name\":\"Services et activit\u00e9s\",\"item\":\"https:\\\/\\\/kbbm.be\\\/en\\\/forest-friends\\\/services-and-activities\\\/\"},{\"@type\":\"ListItem\",\"position\":4,\"name\":\"Propri\u00e9taires ou gestionnaires forestiers\",\"item\":\"https:\\\/\\\/kbbm.be\\\/en\\\/forest-friends\\\/services-and-activities\\\/forest-owners-or-managers\\\/\"},{\"@type\":\"ListItem\",\"position\":5,\"name\":\"Plantons des arbres !\"}]},{\"@type\":\"WebSite\",\"@id\":\"https:\\\/\\\/srfb.be\\\/#website\",\"url\":\"https:\\\/\\\/srfb.be\\\/\",\"name\":\"Soci\u00e9t\u00e9 Royale Foresti\u00e8re de Belgique\",\"description\":\"Au service de la for\u00eat et des forestiers\",\"publisher\":{\"@id\":\"https:\\\/\\\/srfb.be\\\/#organization\"},\"alternateName\":\"SRFB-KBBM\",\"potentialAction\":[{\"@type\":\"SearchAction\",\"target\":{\"@type\":\"EntryPoint\",\"urlTemplate\":\"https:\\\/\\\/srfb.be\\\/?s={search_term_string}\"},\"query-input\":{\"@type\":\"PropertyValueSpecification\",\"valueRequired\":true,\"valueName\":\"search_term_string\"}}],\"inLanguage\":\"nl-BE\"},{\"@type\":\"Organization\",\"@id\":\"https:\\\/\\\/srfb.be\\\/#organization\",\"name\":\"Soci\u00e9t\u00e9 Royale Foresti\u00e8re De Belgique - Koninklijke Belgische Bosbouwmaatschappij\",\"alternateName\":\"SRFB-KBBM\",\"url\":\"https:\\\/\\\/srfb.be\\\/\",\"logo\":{\"@type\":\"ImageObject\",\"inLanguage\":\"nl-BE\",\"@id\":\"https:\\\/\\\/srfb.be\\\/#\\\/schema\\\/logo\\\/image\\\/\",\"url\":\"https:\\\/\\\/srfb.be\\\/wp-content\\\/uploads\\\/2019\\\/06\\\/android-chrome-256x256.png\",\"contentUrl\":\"https:\\\/\\\/srfb.be\\\/wp-content\\\/uploads\\\/2019\\\/06\\\/android-chrome-256x256.png\",\"width\":1200,\"height\":1232,\"caption\":\"Soci\u00e9t\u00e9 Royale Foresti\u00e8re De Belgique - Koninklijke Belgische Bosbouwmaatschappij\"},\"image\":{\"@id\":\"https:\\\/\\\/srfb.be\\\/#\\\/schema\\\/logo\\\/image\\\/\"},\"sameAs\":[\"https:\\\/\\\/www.facebook.com\\\/srfb.be\",\"https:\\\/\\\/www.instagram.com\\\/srfb_kbbm\\\/\",\"https:\\\/\\\/www.linkedin.com\\\/company\\\/srfb-kbbm\\\/\",\"https:\\\/\\\/www.youtube.com\\\/user\\\/srfbkbbm\"]}]}<\/script>\n<!-- \/ Yoast SEO plugin. -->","yoast_head_json":{"title":"Plantons des arbres ! - Soci\u00e9t\u00e9 Royale Foresti\u00e8re de Belgique","robots":{"index":"index","follow":"follow","max-snippet":"max-snippet:-1","max-image-preview":"max-image-preview:large","max-video-preview":"max-video-preview:-1"},"canonical":"https:\/\/srfb.be\/nl\/forest-friends\/diensten-en-activiteiten\/boseigenaren-of-beheerders\/plantons-des-arbres\/","og_locale":"nl_BE","og_type":"article","og_title":"Plantons des arbres ! - Soci\u00e9t\u00e9 Royale Foresti\u00e8re de Belgique","og_description":"Afin de r\u00e9g\u00e9n\u00e9rer la for\u00eat, les forestiers plantent des arbres adapt\u00e9s au sol et au climat.&nbsp; Les plantations font partie des outils \u00e0 disposition des forestiers pour r\u00e9g\u00e9n\u00e9rer une for\u00eat.&nbsp;Ils ne plantent cependant pas n\u2019importe quel arbre, n\u2019importe o\u00f9 : chaque essence a des besoins sp\u00e9cifiques pour assurer sa croissance, sa sant\u00e9 et sa capacit\u00e9... Read More","og_url":"https:\/\/srfb.be\/nl\/forest-friends\/diensten-en-activiteiten\/boseigenaren-of-beheerders\/plantons-des-arbres\/","og_site_name":"Soci\u00e9t\u00e9 Royale Foresti\u00e8re de Belgique","article_publisher":"https:\/\/www.facebook.com\/srfb.be","article_modified_time":"2026-02-24T08:53:38+00:00","og_image":[{"width":1080,"height":1080,"url":"https:\/\/srfb.be\/wp-content\/uploads\/2026\/02\/1.jpg","type":"image\/jpeg"}],"schema":{"@context":"https:\/\/schema.org","@graph":[{"@type":"WebPage","@id":"https:\/\/srfb.be\/forest-friends\/services-et-activites\/proprietaires-ou-gestionnaires-forestiers\/plantons-des-arbres\/","url":"https:\/\/srfb.be\/forest-friends\/services-et-activites\/proprietaires-ou-gestionnaires-forestiers\/plantons-des-arbres\/","name":"Plantons des arbres ! - Soci\u00e9t\u00e9 Royale Foresti\u00e8re de Belgique","isPartOf":{"@id":"https:\/\/srfb.be\/#website"},"primaryImageOfPage":{"@id":"https:\/\/srfb.be\/forest-friends\/services-et-activites\/proprietaires-ou-gestionnaires-forestiers\/plantons-des-arbres\/#primaryimage"},"image":{"@id":"https:\/\/srfb.be\/forest-friends\/services-et-activites\/proprietaires-ou-gestionnaires-forestiers\/plantons-des-arbres\/#primaryimage"},"thumbnailUrl":"https:\/\/srfb.be\/wp-content\/uploads\/2026\/02\/1.jpg","datePublished":"2026-02-18T13:02:39+00:00","dateModified":"2026-02-24T08:53:38+00:00","breadcrumb":{"@id":"https:\/\/srfb.be\/forest-friends\/services-et-activites\/proprietaires-ou-gestionnaires-forestiers\/plantons-des-arbres\/#breadcrumb"},"inLanguage":"nl-BE","potentialAction":[{"@type":"ReadAction","target":["https:\/\/srfb.be\/forest-friends\/services-et-activites\/proprietaires-ou-gestionnaires-forestiers\/plantons-des-arbres\/"]}]},{"@type":"ImageObject","inLanguage":"nl-BE","@id":"https:\/\/srfb.be\/forest-friends\/services-et-activites\/proprietaires-ou-gestionnaires-forestiers\/plantons-des-arbres\/#primaryimage","url":"https:\/\/srfb.be\/wp-content\/uploads\/2026\/02\/1.jpg","contentUrl":"https:\/\/srfb.be\/wp-content\/uploads\/2026\/02\/1.jpg","width":1080,"height":1080,"caption":"Plantons des arbres !"},{"@type":"BreadcrumbList","@id":"https:\/\/srfb.be\/forest-friends\/services-et-activites\/proprietaires-ou-gestionnaires-forestiers\/plantons-des-arbres\/#breadcrumb","itemListElement":[{"@type":"ListItem","position":1,"name":"Accueil","item":"https:\/\/srfb.be\/"},{"@type":"ListItem","position":2,"name":"D\u00e9couvrez Forest Friends","item":"https:\/\/srfb.be\/forest-friends\/"},{"@type":"ListItem","position":3,"name":"Services et activit\u00e9s","item":"https:\/\/kbbm.be\/en\/forest-friends\/services-and-activities\/"},{"@type":"ListItem","position":4,"name":"Propri\u00e9taires ou gestionnaires forestiers","item":"https:\/\/kbbm.be\/en\/forest-friends\/services-and-activities\/forest-owners-or-managers\/"},{"@type":"ListItem","position":5,"name":"Plantons des arbres !"}]},{"@type":"WebSite","@id":"https:\/\/srfb.be\/#website","url":"https:\/\/srfb.be\/","name":"Koninklijke Belgische Bosbouwmaatschappij","description":"Ten dienste van het bos en de bosbouwers","publisher":{"@id":"https:\/\/srfb.be\/#organization"},"alternateName":"SRFB-KBBM","potentialAction":[{"@type":"SearchAction","target":{"@type":"EntryPoint","urlTemplate":"https:\/\/srfb.be\/?s={search_term_string}"},"query-input":{"@type":"PropertyValueSpecification","valueRequired":true,"valueName":"search_term_string"}}],"inLanguage":"nl-BE"},{"@type":"Organization","@id":"https:\/\/srfb.be\/#organization","name":"Soci\u00e9t\u00e9 Royale Foresti\u00e8re De Belgique - Koninklijke Belgische Bosbouwmaatschappij","alternateName":"SRFB-KBBM","url":"https:\/\/srfb.be\/","logo":{"@type":"ImageObject","inLanguage":"nl-BE","@id":"https:\/\/srfb.be\/#\/schema\/logo\/image\/","url":"https:\/\/srfb.be\/wp-content\/uploads\/2019\/06\/android-chrome-256x256.png","contentUrl":"https:\/\/srfb.be\/wp-content\/uploads\/2019\/06\/android-chrome-256x256.png","width":1200,"height":1232,"caption":"Soci\u00e9t\u00e9 Royale Foresti\u00e8re De Belgique - Koninklijke Belgische Bosbouwmaatschappij"},"image":{"@id":"https:\/\/srfb.be\/#\/schema\/logo\/image\/"},"sameAs":["https:\/\/www.facebook.com\/srfb.be","https:\/\/www.instagram.com\/srfb_kbbm\/","https:\/\/www.linkedin.com\/company\/srfb-kbbm\/","https:\/\/www.youtube.com\/user\/srfbkbbm"]}]}},"_links":{"self":[{"href":"https:\/\/srfb.be\/nl\/wp-json\/wp\/v2\/pages\/39657","targetHints":{"allow":["GET"]}}],"collection":[{"href":"https:\/\/srfb.be\/nl\/wp-json\/wp\/v2\/pages"}],"about":[{"href":"https:\/\/srfb.be\/nl\/wp-json\/wp\/v2\/types\/page"}],"author":[{"embeddable":true,"href":"https:\/\/srfb.be\/nl\/wp-json\/wp\/v2\/users\/18"}],"replies":[{"embeddable":true,"href":"https:\/\/srfb.be\/nl\/wp-json\/wp\/v2\/comments?post=39657"}],"version-history":[{"count":3,"href":"https:\/\/srfb.be\/nl\/wp-json\/wp\/v2\/pages\/39657\/revisions"}],"predecessor-version":[{"id":39700,"href":"https:\/\/srfb.be\/nl\/wp-json\/wp\/v2\/pages\/39657\/revisions\/39700"}],"up":[{"embeddable":true,"href":"https:\/\/srfb.be\/nl\/wp-json\/wp\/v2\/pages\/31243"}],"wp:featuredmedia":[{"embeddable":true,"href":"https:\/\/srfb.be\/nl\/wp-json\/wp\/v2\/media\/39649"}],"wp:attachment":[{"href":"https:\/\/srfb.be\/nl\/wp-json\/wp\/v2\/media?parent=39657"}],"curies":[{"name":"wp","href":"https:\/\/api.w.org\/{rel}","templated":true}]}}