{"id":36038,"date":"2024-04-03T15:16:34","date_gmt":"2024-04-03T13:16:34","guid":{"rendered":"https:\/\/srfb.be\/?page_id=36038"},"modified":"2025-05-21T16:29:44","modified_gmt":"2025-05-21T14:29:44","slug":"dead-wood-for-forests","status":"publish","type":"page","link":"https:\/\/srfb.be\/nl\/formations-et-activites\/nos-projets\/dead-wood-for-forests\/","title":{"rendered":"Dood hout voor bossen"},"content":{"rendered":"<div class=\"yoast-breadcrumbs\"><span><span><a href=\"https:\/\/srfb.be\/en\/\">Onthaal<\/a><\/span> &gt; <span><a href=\"https:\/\/srfb.be\/en\/trainings-and-activities\/\">Opleidingen en activiteiten<\/a><\/span> &gt; <span><a href=\"https:\/\/srfb.be\/en\/trainings-and-activities\/our-projects\/\">Onze projecten<\/a><\/span> &gt; <span class=\"breadcrumb_last\" aria-current=\"page\"><strong>Dood hout voor bossen<\/strong><\/span><\/span><\/div>\n\n\n<div style=\"height:35px\" aria-hidden=\"true\" class=\"wp-block-spacer\"><\/div>\n\n\n\n<div class=\"wp-block-columns is-layout-flex wp-container-core-columns-is-layout-28f84493 wp-block-columns-is-layout-flex\">\n<div class=\"wp-block-column is-layout-flow wp-block-column-is-layout-flow\" style=\"flex-basis:33.33%\">\n<figure class=\"wp-block-image size-full is-resized\"><img loading=\"lazy\" decoding=\"async\" width=\"640\" height=\"427\" src=\"https:\/\/srfb.be\/wp-content\/uploads\/2024\/04\/Miniature_DW4F.jpg\" alt=\"\" class=\"wp-image-36039\" style=\"width:280px;height:auto\" srcset=\"https:\/\/srfb.be\/wp-content\/uploads\/2024\/04\/Miniature_DW4F.jpg 640w, https:\/\/srfb.be\/wp-content\/uploads\/2024\/04\/Miniature_DW4F-300x200.jpg 300w, https:\/\/srfb.be\/wp-content\/uploads\/2024\/04\/Miniature_DW4F-18x12.jpg 18w, https:\/\/srfb.be\/wp-content\/uploads\/2024\/04\/Miniature_DW4F-600x400.jpg 600w\" sizes=\"auto, (max-width: 640px) 100vw, 640px\" \/><\/figure>\n<\/div>\n\n\n\n<div class=\"wp-block-column is-layout-flow wp-block-column-is-layout-flow\" style=\"flex-basis:66.66%\">\n<h2 class=\"wp-block-heading has-text-align-left has-vert-fonce-color-color has-text-color has-link-color has-medium-font-size wp-elements-43bd580ba5f471ced0584b27031348eb\"><strong>Dood hout voor levende bossen<\/strong><\/h2>\n\n\n\n<p>Dood hout is een belangrijke bron voor ongeveer 30 % aan bosbewonende soorten en speelt een vitale rol in koolstof- en voedingsstoffencycli, die essentieel zijn voor bosregeneratie en voor het verbeteren van de veerkracht en robuustheid van bossen bij wereldwijde veranderingen. Het verhoogt ook de productiviteit van het perceel door de biologische werking van de bodem te verbeteren.<br>De bossen in Walloni\u00eb vertonen een aanzienlijk terugkerend tekort, dat kan worden verklaard door een negatieve perceptie van dood hout en een beperkt bewustzijn van het belang en de voordelen ervan op middellange en lange termijn.<\/p>\n<\/div>\n<\/div>\n\n\n\n<hr class=\"wp-block-separator has-text-color has-grey-color-color has-alpha-channel-opacity has-grey-color-background-color has-background is-style-wide\"\/>\n\n\n\n<figure class=\"wp-block-image aligncenter size-full\"><img loading=\"lazy\" decoding=\"async\" width=\"934\" height=\"154\" src=\"https:\/\/srfb.be\/wp-content\/uploads\/2024\/04\/banniere_DW4F-2.png\" alt=\"\" class=\"wp-image-36043\" srcset=\"https:\/\/srfb.be\/wp-content\/uploads\/2024\/04\/banniere_DW4F-2.png 934w, https:\/\/srfb.be\/wp-content\/uploads\/2024\/04\/banniere_DW4F-2-300x49.png 300w, https:\/\/srfb.be\/wp-content\/uploads\/2024\/04\/banniere_DW4F-2-18x3.png 18w, https:\/\/srfb.be\/wp-content\/uploads\/2024\/04\/banniere_DW4F-2-600x99.png 600w\" sizes=\"auto, (max-width: 934px) 100vw, 934px\" \/><\/figure>\n\n\n\n<hr class=\"wp-block-separator has-text-color has-grey-color-color has-alpha-channel-opacity has-grey-color-background-color has-background is-style-wide\"\/>\n\n\n\n<p>Het 'Dead Wood for Forests'-project, geleid door Gembloux Agro Bio Tech, ging van start in september 2023 en loopt tot eind 2024.<br>Het doel is om een overzicht te geven van de kennis over de biologische aspecten van dood hout en bomen van biologisch belang in en voor productiebossen, vooral met het oog op de verbetering van de bosregeneratie. Het doel is ook om de toestand van de bron en de perceptie ervan in Walloni\u00eb te analyseren, om de ecologische en economische impact van het reserveren van volumes hout voor necromassa te beoordelen en om een strategie, technische routes en inhoud voor opleidingen voor te stellen om het bewustzijn van alle betrokkenen in de houtindustrie te vergroten.<\/p>\n\n\n\n<p><br>Er is al een aantal onderzoeken uitgevoerd om de percepties, obstakels, acceptatieniveaus en mogelijke oplossingen binnen de houtindustrie te beoordelen.<\/p>\n\n\n\n<p><br>Er zullen dan technische routes worden opgesteld om deze hulpbron zo effectief mogelijk te beheren, waarbij ook het compartiment van bomen van biologisch belang en zeer grote bomen, die grote hoeveelheden groot dood hout genereren, wordt ge\u00efntegreerd.<br>Om deze trajecten te illustreren, zal de SRFB eind 2024 specifieke opleidingen opzetten (van sensibilisering tot praktische toepassing op het terrein) voor actoren uit de houtindustrie en voor gespecialiseerde scholen.<br>Hiervoor is SRFB momenteel op zoek naar productiebospercelen met groot dood hout en bomen van biologisch belang.<\/p>\n\n\n\n<div class=\"wp-block-buttons is-content-justification-center is-layout-flex wp-container-core-buttons-is-layout-a89b3969 wp-block-buttons-is-layout-flex\">\n<div class=\"wp-block-button\"><a class=\"wp-block-button__link wp-element-button\" href=\"https:\/\/srfb.be\/wp-content\/uploads\/2025\/05\/DW4F_rapport_final_v250408.pdf\" target=\"_blank\" rel=\"noreferrer noopener\">Eindverslag<\/a><\/div>\n<\/div>\n\n\n\n<hr class=\"wp-block-separator has-text-color has-grey-color-color has-alpha-channel-opacity has-grey-color-background-color has-background is-style-wide\"\/>\n\n\n\n<div class=\"wp-block-group is-layout-constrained wp-container-core-group-is-layout-05afb7f8 wp-block-group-is-layout-constrained\" style=\"margin-top:var(--wp--preset--spacing--70);margin-bottom:var(--wp--preset--spacing--70)\">\n<h3 class=\"wp-block-heading has-text-align-center\">Artikelen<\/h3>\n\n\n\n<section data-wp-context=\"{}\" data-wp-interactive=\"core\/query\" data-wp-key=\"0\" data-wp-router-region=\"query-0\" class=\"wp-block-query is-layout-flow wp-block-query-is-layout-flow\">\n\n\n\n<div class=\"wp-block-query-no-results\">\n\n<p class=\"has-text-align-center\" style=\"font-style:normal;font-weight:700\">Nog geen artikelen geschreven<\/p>\n\n<\/div><\/section>\n<\/div>","protected":false},"excerpt":{"rendered":"<p>Dood hout voor levende bossen<\/p>","protected":false},"author":21,"featured_media":35783,"parent":35658,"menu_order":5,"comment_status":"closed","ping_status":"closed","template":"","meta":{"iawp_total_views":208,"footnotes":""},"class_list":["post-36038","page","type-page","status-publish","has-post-thumbnail","hentry"],"yoast_head":"<!-- This site is optimized with the Yoast SEO plugin v27.4 - https:\/\/yoast.com\/product\/yoast-seo-wordpress\/ -->\n<title>Dead wood for forests - Soci\u00e9t\u00e9 Royale Foresti\u00e8re de Belgique<\/title>\n<meta name=\"robots\" content=\"index, follow, max-snippet:-1, max-image-preview:large, max-video-preview:-1\" \/>\n<link rel=\"canonical\" href=\"https:\/\/srfb.be\/nl\/opleidingen-en-activiteiten\/ons-projecten\/dead-wood-for-forests\/\" \/>\n<meta property=\"og:locale\" content=\"nl_BE\" \/>\n<meta property=\"og:type\" content=\"article\" \/>\n<meta property=\"og:title\" content=\"Dead wood for forests - Soci\u00e9t\u00e9 Royale Foresti\u00e8re de Belgique\" \/>\n<meta property=\"og:description\" content=\"Du bois mort pour des for\u00eats vivantes\" \/>\n<meta property=\"og:url\" content=\"https:\/\/srfb.be\/nl\/opleidingen-en-activiteiten\/ons-projecten\/dead-wood-for-forests\/\" \/>\n<meta property=\"og:site_name\" content=\"Soci\u00e9t\u00e9 Royale Foresti\u00e8re de Belgique\" \/>\n<meta property=\"article:publisher\" content=\"https:\/\/www.facebook.com\/srfb.be\" \/>\n<meta property=\"article:modified_time\" content=\"2025-05-21T14:29:44+00:00\" \/>\n<meta property=\"og:image\" content=\"https:\/\/srfb.be\/wp-content\/uploads\/2024\/03\/DW4F.png\" \/>\n\t<meta property=\"og:image:width\" content=\"1280\" \/>\n\t<meta property=\"og:image:height\" content=\"768\" \/>\n\t<meta property=\"og:image:type\" content=\"image\/png\" \/>\n<script type=\"application\/ld+json\" class=\"yoast-schema-graph\">{\"@context\":\"https:\\\/\\\/schema.org\",\"@graph\":[{\"@type\":\"WebPage\",\"@id\":\"https:\\\/\\\/srfb.be\\\/en\\\/trainings-and-activities\\\/our-projects\\\/dead-wood-for-forests\\\/\",\"url\":\"https:\\\/\\\/srfb.be\\\/en\\\/trainings-and-activities\\\/our-projects\\\/dead-wood-for-forests\\\/\",\"name\":\"Dead wood for forests - Soci\u00e9t\u00e9 Royale Foresti\u00e8re de Belgique\",\"isPartOf\":{\"@id\":\"https:\\\/\\\/srfb.be\\\/#website\"},\"primaryImageOfPage\":{\"@id\":\"https:\\\/\\\/srfb.be\\\/en\\\/trainings-and-activities\\\/our-projects\\\/dead-wood-for-forests\\\/#primaryimage\"},\"image\":{\"@id\":\"https:\\\/\\\/srfb.be\\\/en\\\/trainings-and-activities\\\/our-projects\\\/dead-wood-for-forests\\\/#primaryimage\"},\"thumbnailUrl\":\"https:\\\/\\\/srfb.be\\\/wp-content\\\/uploads\\\/2024\\\/03\\\/DW4F.png\",\"datePublished\":\"2024-04-03T13:16:34+00:00\",\"dateModified\":\"2025-05-21T14:29:44+00:00\",\"breadcrumb\":{\"@id\":\"https:\\\/\\\/srfb.be\\\/en\\\/trainings-and-activities\\\/our-projects\\\/dead-wood-for-forests\\\/#breadcrumb\"},\"inLanguage\":\"nl-BE\",\"potentialAction\":[{\"@type\":\"ReadAction\",\"target\":[\"https:\\\/\\\/srfb.be\\\/en\\\/trainings-and-activities\\\/our-projects\\\/dead-wood-for-forests\\\/\"]}]},{\"@type\":\"ImageObject\",\"inLanguage\":\"nl-BE\",\"@id\":\"https:\\\/\\\/srfb.be\\\/en\\\/trainings-and-activities\\\/our-projects\\\/dead-wood-for-forests\\\/#primaryimage\",\"url\":\"https:\\\/\\\/srfb.be\\\/wp-content\\\/uploads\\\/2024\\\/03\\\/DW4F.png\",\"contentUrl\":\"https:\\\/\\\/srfb.be\\\/wp-content\\\/uploads\\\/2024\\\/03\\\/DW4F.png\",\"width\":1280,\"height\":768},{\"@type\":\"BreadcrumbList\",\"@id\":\"https:\\\/\\\/srfb.be\\\/en\\\/trainings-and-activities\\\/our-projects\\\/dead-wood-for-forests\\\/#breadcrumb\",\"itemListElement\":[{\"@type\":\"ListItem\",\"position\":1,\"name\":\"Accueil\",\"item\":\"https:\\\/\\\/srfb.be\\\/en\\\/\"},{\"@type\":\"ListItem\",\"position\":2,\"name\":\"Formations et activit\u00e9s\",\"item\":\"https:\\\/\\\/srfb.be\\\/en\\\/trainings-and-activities\\\/\"},{\"@type\":\"ListItem\",\"position\":3,\"name\":\"Nos projets\",\"item\":\"https:\\\/\\\/srfb.be\\\/en\\\/trainings-and-activities\\\/our-projects\\\/\"},{\"@type\":\"ListItem\",\"position\":4,\"name\":\"Dead wood for forests\"}]},{\"@type\":\"WebSite\",\"@id\":\"https:\\\/\\\/srfb.be\\\/#website\",\"url\":\"https:\\\/\\\/srfb.be\\\/\",\"name\":\"Soci\u00e9t\u00e9 Royale Foresti\u00e8re de Belgique\",\"description\":\"Au service de la for\u00eat et des forestiers\",\"publisher\":{\"@id\":\"https:\\\/\\\/srfb.be\\\/#organization\"},\"alternateName\":\"SRFB-KBBM\",\"potentialAction\":[{\"@type\":\"SearchAction\",\"target\":{\"@type\":\"EntryPoint\",\"urlTemplate\":\"https:\\\/\\\/srfb.be\\\/?s={search_term_string}\"},\"query-input\":{\"@type\":\"PropertyValueSpecification\",\"valueRequired\":true,\"valueName\":\"search_term_string\"}}],\"inLanguage\":\"nl-BE\"},{\"@type\":\"Organization\",\"@id\":\"https:\\\/\\\/srfb.be\\\/#organization\",\"name\":\"Soci\u00e9t\u00e9 Royale Foresti\u00e8re De Belgique - Koninklijke Belgische Bosbouwmaatschappij\",\"alternateName\":\"SRFB-KBBM\",\"url\":\"https:\\\/\\\/srfb.be\\\/\",\"logo\":{\"@type\":\"ImageObject\",\"inLanguage\":\"nl-BE\",\"@id\":\"https:\\\/\\\/srfb.be\\\/#\\\/schema\\\/logo\\\/image\\\/\",\"url\":\"https:\\\/\\\/srfb.be\\\/wp-content\\\/uploads\\\/2019\\\/06\\\/android-chrome-256x256.png\",\"contentUrl\":\"https:\\\/\\\/srfb.be\\\/wp-content\\\/uploads\\\/2019\\\/06\\\/android-chrome-256x256.png\",\"width\":1200,\"height\":1232,\"caption\":\"Soci\u00e9t\u00e9 Royale Foresti\u00e8re De Belgique - Koninklijke Belgische Bosbouwmaatschappij\"},\"image\":{\"@id\":\"https:\\\/\\\/srfb.be\\\/#\\\/schema\\\/logo\\\/image\\\/\"},\"sameAs\":[\"https:\\\/\\\/www.facebook.com\\\/srfb.be\",\"https:\\\/\\\/www.instagram.com\\\/srfb_kbbm\\\/\",\"https:\\\/\\\/www.linkedin.com\\\/company\\\/srfb-kbbm\\\/\",\"https:\\\/\\\/www.youtube.com\\\/user\\\/srfbkbbm\"]}]}<\/script>\n<!-- \/ Yoast SEO plugin. -->","yoast_head_json":{"title":"Dood hout voor bossen - Koninklijke Belgische Boswachterij","robots":{"index":"index","follow":"follow","max-snippet":"max-snippet:-1","max-image-preview":"max-image-preview:large","max-video-preview":"max-video-preview:-1"},"canonical":"https:\/\/srfb.be\/nl\/opleidingen-en-activiteiten\/ons-projecten\/dead-wood-for-forests\/","og_locale":"nl_BE","og_type":"article","og_title":"Dead wood for forests - Soci\u00e9t\u00e9 Royale Foresti\u00e8re de Belgique","og_description":"Du bois mort pour des for\u00eats vivantes","og_url":"https:\/\/srfb.be\/nl\/opleidingen-en-activiteiten\/ons-projecten\/dead-wood-for-forests\/","og_site_name":"Soci\u00e9t\u00e9 Royale Foresti\u00e8re de Belgique","article_publisher":"https:\/\/www.facebook.com\/srfb.be","article_modified_time":"2025-05-21T14:29:44+00:00","og_image":[{"width":1280,"height":768,"url":"https:\/\/srfb.be\/wp-content\/uploads\/2024\/03\/DW4F.png","type":"image\/png"}],"schema":{"@context":"https:\/\/schema.org","@graph":[{"@type":"WebPage","@id":"https:\/\/srfb.be\/en\/trainings-and-activities\/our-projects\/dead-wood-for-forests\/","url":"https:\/\/srfb.be\/en\/trainings-and-activities\/our-projects\/dead-wood-for-forests\/","name":"Dood hout voor bossen - Koninklijke Belgische Boswachterij","isPartOf":{"@id":"https:\/\/srfb.be\/#website"},"primaryImageOfPage":{"@id":"https:\/\/srfb.be\/en\/trainings-and-activities\/our-projects\/dead-wood-for-forests\/#primaryimage"},"image":{"@id":"https:\/\/srfb.be\/en\/trainings-and-activities\/our-projects\/dead-wood-for-forests\/#primaryimage"},"thumbnailUrl":"https:\/\/srfb.be\/wp-content\/uploads\/2024\/03\/DW4F.png","datePublished":"2024-04-03T13:16:34+00:00","dateModified":"2025-05-21T14:29:44+00:00","breadcrumb":{"@id":"https:\/\/srfb.be\/en\/trainings-and-activities\/our-projects\/dead-wood-for-forests\/#breadcrumb"},"inLanguage":"nl-BE","potentialAction":[{"@type":"ReadAction","target":["https:\/\/srfb.be\/en\/trainings-and-activities\/our-projects\/dead-wood-for-forests\/"]}]},{"@type":"ImageObject","inLanguage":"nl-BE","@id":"https:\/\/srfb.be\/en\/trainings-and-activities\/our-projects\/dead-wood-for-forests\/#primaryimage","url":"https:\/\/srfb.be\/wp-content\/uploads\/2024\/03\/DW4F.png","contentUrl":"https:\/\/srfb.be\/wp-content\/uploads\/2024\/03\/DW4F.png","width":1280,"height":768},{"@type":"BreadcrumbList","@id":"https:\/\/srfb.be\/en\/trainings-and-activities\/our-projects\/dead-wood-for-forests\/#breadcrumb","itemListElement":[{"@type":"ListItem","position":1,"name":"Accueil","item":"https:\/\/srfb.be\/en\/"},{"@type":"ListItem","position":2,"name":"Formations et activit\u00e9s","item":"https:\/\/srfb.be\/en\/trainings-and-activities\/"},{"@type":"ListItem","position":3,"name":"Nos projets","item":"https:\/\/srfb.be\/en\/trainings-and-activities\/our-projects\/"},{"@type":"ListItem","position":4,"name":"Dead wood for forests"}]},{"@type":"WebSite","@id":"https:\/\/srfb.be\/#website","url":"https:\/\/srfb.be\/","name":"Koninklijke Belgische Bosbouwmaatschappij","description":"Ten dienste van het bos en de bosbouwers","publisher":{"@id":"https:\/\/srfb.be\/#organization"},"alternateName":"SRFB-KBBM","potentialAction":[{"@type":"SearchAction","target":{"@type":"EntryPoint","urlTemplate":"https:\/\/srfb.be\/?s={search_term_string}"},"query-input":{"@type":"PropertyValueSpecification","valueRequired":true,"valueName":"search_term_string"}}],"inLanguage":"nl-BE"},{"@type":"Organization","@id":"https:\/\/srfb.be\/#organization","name":"Soci\u00e9t\u00e9 Royale Foresti\u00e8re De Belgique - Koninklijke Belgische Bosbouwmaatschappij","alternateName":"SRFB-KBBM","url":"https:\/\/srfb.be\/","logo":{"@type":"ImageObject","inLanguage":"nl-BE","@id":"https:\/\/srfb.be\/#\/schema\/logo\/image\/","url":"https:\/\/srfb.be\/wp-content\/uploads\/2019\/06\/android-chrome-256x256.png","contentUrl":"https:\/\/srfb.be\/wp-content\/uploads\/2019\/06\/android-chrome-256x256.png","width":1200,"height":1232,"caption":"Soci\u00e9t\u00e9 Royale Foresti\u00e8re De Belgique - Koninklijke Belgische Bosbouwmaatschappij"},"image":{"@id":"https:\/\/srfb.be\/#\/schema\/logo\/image\/"},"sameAs":["https:\/\/www.facebook.com\/srfb.be","https:\/\/www.instagram.com\/srfb_kbbm\/","https:\/\/www.linkedin.com\/company\/srfb-kbbm\/","https:\/\/www.youtube.com\/user\/srfbkbbm"]}]}},"_links":{"self":[{"href":"https:\/\/srfb.be\/nl\/wp-json\/wp\/v2\/pages\/36038","targetHints":{"allow":["GET"]}}],"collection":[{"href":"https:\/\/srfb.be\/nl\/wp-json\/wp\/v2\/pages"}],"about":[{"href":"https:\/\/srfb.be\/nl\/wp-json\/wp\/v2\/types\/page"}],"author":[{"embeddable":true,"href":"https:\/\/srfb.be\/nl\/wp-json\/wp\/v2\/users\/21"}],"replies":[{"embeddable":true,"href":"https:\/\/srfb.be\/nl\/wp-json\/wp\/v2\/comments?post=36038"}],"version-history":[{"count":0,"href":"https:\/\/srfb.be\/nl\/wp-json\/wp\/v2\/pages\/36038\/revisions"}],"up":[{"embeddable":true,"href":"https:\/\/srfb.be\/nl\/wp-json\/wp\/v2\/pages\/35658"}],"wp:featuredmedia":[{"embeddable":true,"href":"https:\/\/srfb.be\/nl\/wp-json\/wp\/v2\/media\/35783"}],"wp:attachment":[{"href":"https:\/\/srfb.be\/nl\/wp-json\/wp\/v2\/media?parent=36038"}],"curies":[{"name":"wp","href":"https:\/\/api.w.org\/{rel}","templated":true}]}}