{"id":35826,"date":"2024-04-03T15:27:01","date_gmt":"2024-04-03T13:27:01","guid":{"rendered":"https:\/\/srfb.be\/?page_id=35826"},"modified":"2024-11-12T13:55:04","modified_gmt":"2024-11-12T12:55:04","slug":"mpern","status":"publish","type":"page","link":"https:\/\/srfb.be\/nl\/formations-et-activites\/nos-projets\/mpern\/","title":{"rendered":"MPeRN"},"content":{"rendered":"<div class=\"yoast-breadcrumbs\"><span><span><a href=\"https:\/\/srfb.be\/en\/\">Onthaal<\/a><\/span> &gt; <span><a href=\"https:\/\/srfb.be\/en\/trainings-and-activities\/\">Opleidingen en activiteiten<\/a><\/span> &gt; <span><a href=\"https:\/\/srfb.be\/en\/trainings-and-activities\/our-projects\/\">Onze projecten<\/a><\/span> &gt; <span class=\"breadcrumb_last\" aria-current=\"page\"><strong>MPeRN<\/strong><\/span><\/span><\/div>\n\n\n<div style=\"height:35px\" aria-hidden=\"true\" class=\"wp-block-spacer\"><\/div>\n\n\n\n<h4 class=\"wp-block-heading has-vert-fonce-color-color has-text-color has-link-color wp-elements-ff09ffda24d43c8faae20c261f9c6cbb\">Biodiversiteit en priv\u00e9bossen: mijn perceel in een natuurreservaat<\/h4>\n\n\n\n<div class=\"wp-block-columns is-layout-flex wp-container-core-columns-is-layout-28f84493 wp-block-columns-is-layout-flex\">\n<div class=\"wp-block-column is-layout-flow wp-block-column-is-layout-flow\" style=\"flex-basis:33.33%\">\n<figure class=\"wp-block-image size-full is-resized\"><img loading=\"lazy\" decoding=\"async\" width=\"1024\" height=\"576\" src=\"https:\/\/srfb.be\/wp-content\/uploads\/2024\/03\/MPeRN_2-edited.jpg\" alt=\"\" class=\"wp-image-35851\" style=\"width:310px;height:auto\" srcset=\"https:\/\/srfb.be\/wp-content\/uploads\/2024\/03\/MPeRN_2-edited.jpg 1024w, https:\/\/srfb.be\/wp-content\/uploads\/2024\/03\/MPeRN_2-edited-300x169.jpg 300w, https:\/\/srfb.be\/wp-content\/uploads\/2024\/03\/MPeRN_2-edited-18x10.jpg 18w, https:\/\/srfb.be\/wp-content\/uploads\/2024\/03\/MPeRN_2-edited-600x338.jpg 600w\" sizes=\"auto, (max-width: 1024px) 100vw, 1024px\" \/><\/figure>\n<\/div>\n\n\n\n<div class=\"wp-block-column is-layout-flow wp-block-column-is-layout-flow\" style=\"flex-basis:66.66%\">\n<p>Hoewel het aantal natuurreservaten toeneemt, vertegenwoordigen ze slechts 1% van het Waalse grondgebied. Particuliere landeigenaars beschikken echter soms over grote gebieden met een hoog ecologisch potentieel. De wens om de biodiversiteit te behouden stuit echter op juridische en praktische uitdagingen. Om behoud en eigendomsrechten met elkaar te verzoenen, heeft de SRFB, in samenwerking met verschillende belanghebbenden, het project 'Ma parcelle en r\u00e9serve naturelle' gelanceerd. Het doel van dit project is om een structuur te cre\u00ebren die het gemakkelijker maakt om priv\u00e9grond onder strikte bescherming te plaatsen, waardoor de ecologische waarde ervan wordt erkend terwijl de rechten van de eigenaars behouden blijven.<\/p>\n<\/div>\n<\/div>\n\n\n\n<hr class=\"wp-block-separator has-text-color has-grey-color-color has-alpha-channel-opacity has-grey-color-background-color has-background is-style-wide\"\/>\n\n\n\n<figure class=\"wp-block-image size-large\"><img loading=\"lazy\" decoding=\"async\" width=\"1024\" height=\"354\" src=\"https:\/\/srfb.be\/wp-content\/uploads\/2024\/03\/Logos-1024x354.png\" alt=\"\" class=\"wp-image-35853\" srcset=\"https:\/\/srfb.be\/wp-content\/uploads\/2024\/03\/Logos-1024x354.png 1024w, https:\/\/srfb.be\/wp-content\/uploads\/2024\/03\/Logos-300x104.png 300w, https:\/\/srfb.be\/wp-content\/uploads\/2024\/03\/Logos-18x6.png 18w, https:\/\/srfb.be\/wp-content\/uploads\/2024\/03\/Logos-600x207.png 600w, https:\/\/srfb.be\/wp-content\/uploads\/2024\/03\/Logos.png 1100w\" sizes=\"auto, (max-width: 1024px) 100vw, 1024px\" \/><\/figure>\n\n\n\n<hr class=\"wp-block-separator has-text-color has-grey-color-color has-alpha-channel-opacity has-grey-color-background-color has-background is-style-wide\"\/>\n\n\n\n<p>Hoewel het aantal natuurreservaten in het Waalse Gewest gestaag toeneemt, beslaan ze momenteel slechts 1% van het grondgebied. Nochtans bezitten de priv\u00e9-eigenaars en -beheerders van het platteland een grote hoeveelheid grond met een aanzienlijk ecologisch potentieel, die ze graag ge\u00efntegreerd zouden zien in het netwerk van natuurreservaten. Op die manier zouden ze het beste kunnen halen uit percelen die weinig of geen productie opleveren en\/of biologisch of erfgoedrelevant zijn, door ze om te vormen tot natuurreservaten.<\/p>\n\n\n\n<p>Deze eigenaars en beheerders worden echter geconfronteerd met obstakels wanneer ze hun land vrijwillig als natuurgebied willen laten erkennen, terwijl ze hun eigendomsrechten behouden.<\/p>\n\n\n\n<p>Om landeigenaren en -beheerders in staat te stellen een actieve rol te spelen in het behoud van biodiversiteit zonder hun eigendomsrechten op te offeren, heeft SRFB in samenwerking met vertegenwoordigers van land- en bosbouw, milieuverenigingen en universiteiten het project \"Ma parcelle en r\u00e9serve naturelle\" (\"Mijn perceel in een natuurreservaat\") gelanceerd. Het doel van dit project is om een structuur te cre\u00ebren die het gemakkelijker maakt om priv\u00e9grond onder een strikte beschermingsstatus te plaatsen.<\/p>\n\n\n\n<p>Deze structuur, die momenteel wordt ontwikkeld, moet de juridische en sociale erkenning van percelen met de status van \"erkend natuurreservaat\" mogelijk maken, zodat eigenaars de middelen krijgen om ze op de juiste manier te beheren of om dit beheer te delegeren aan een bevoegde entiteit. De bescherming van de biodiversiteit vereist de actieve inzet van boseigenaren en landbouwers.<\/p>\n\n\n\n<p>Het project werd in september 2023 gelanceerd voor een periode van \u00e9\u00e9n jaar. In de loop van dit jaar werd bijna 240 hectare aan proefpercelen ge\u00efdentificeerd voor het project. De obstakels en drijfveren voor het braakleggen van land zijn ge\u00efdentificeerd en de rechtsgrondslagen die nodig zijn om de entiteit op te richten, zijn vastgesteld.<\/p>\n\n\n\n<hr class=\"wp-block-separator has-text-color has-grey-color-color has-alpha-channel-opacity has-grey-color-background-color has-background\"\/>\n\n\n\n<div class=\"wp-block-group is-layout-constrained wp-container-core-group-is-layout-05afb7f8 wp-block-group-is-layout-constrained\" style=\"margin-top:var(--wp--preset--spacing--70);margin-bottom:var(--wp--preset--spacing--70)\">\n<h3 class=\"wp-block-heading has-text-align-center\">Artikelen<\/h3>\n\n\n\n<section data-wp-context=\"{}\" data-wp-interactive=\"core\/query\" data-wp-key=\"0\" data-wp-router-region=\"query-0\" class=\"wp-block-query is-layout-flow wp-block-query-is-layout-flow\">\n\n\n\n<div class=\"wp-block-query-no-results\">\n\n<p class=\"has-text-align-center\" style=\"font-style:normal;font-weight:700\">Nog geen artikelen geschreven<\/p>\n\n<\/div><\/section>\n<\/div>","protected":false},"excerpt":{"rendered":"<p>Mijn perceel in het natuurreservaat<\/p>","protected":false},"author":21,"featured_media":35782,"parent":35658,"menu_order":4,"comment_status":"closed","ping_status":"closed","template":"","meta":{"iawp_total_views":110,"footnotes":""},"class_list":["post-35826","page","type-page","status-publish","has-post-thumbnail","hentry"],"yoast_head":"<!-- This site is optimized with the Yoast SEO plugin v27.4 - https:\/\/yoast.com\/product\/yoast-seo-wordpress\/ -->\n<title>MPeRN - Soci\u00e9t\u00e9 Royale Foresti\u00e8re de Belgique<\/title>\n<meta name=\"robots\" content=\"index, follow, max-snippet:-1, max-image-preview:large, max-video-preview:-1\" \/>\n<link rel=\"canonical\" href=\"https:\/\/kbbm.be\/de\/schulungen-und-aktivitaten\/unsere-projekte\/mpern\/\" \/>\n<meta property=\"og:locale\" content=\"nl_BE\" \/>\n<meta property=\"og:type\" content=\"article\" \/>\n<meta property=\"og:title\" content=\"MPeRN - Soci\u00e9t\u00e9 Royale Foresti\u00e8re de Belgique\" \/>\n<meta property=\"og:description\" content=\"Ma parcelle en R\u00e9serve Naturelle\" \/>\n<meta property=\"og:url\" content=\"https:\/\/kbbm.be\/de\/schulungen-und-aktivitaten\/unsere-projekte\/mpern\/\" \/>\n<meta property=\"og:site_name\" content=\"Soci\u00e9t\u00e9 Royale Foresti\u00e8re de Belgique\" \/>\n<meta property=\"article:publisher\" content=\"https:\/\/www.facebook.com\/srfb.be\" \/>\n<meta property=\"article:modified_time\" content=\"2024-11-12T12:55:04+00:00\" \/>\n<meta property=\"og:image\" content=\"https:\/\/kbbm.be\/wp-content\/uploads\/2024\/03\/MPeRN.png\" \/>\n\t<meta property=\"og:image:width\" content=\"1280\" \/>\n\t<meta property=\"og:image:height\" content=\"768\" \/>\n\t<meta property=\"og:image:type\" content=\"image\/png\" \/>\n<script type=\"application\/ld+json\" class=\"yoast-schema-graph\">{\"@context\":\"https:\\\/\\\/schema.org\",\"@graph\":[{\"@type\":\"WebPage\",\"@id\":\"https:\\\/\\\/kbbm.be\\\/de\\\/schulungen-und-aktivitaten\\\/unsere-projekte\\\/mpern\\\/\",\"url\":\"https:\\\/\\\/kbbm.be\\\/de\\\/schulungen-und-aktivitaten\\\/unsere-projekte\\\/mpern\\\/\",\"name\":\"MPeRN - Soci\u00e9t\u00e9 Royale Foresti\u00e8re de Belgique\",\"isPartOf\":{\"@id\":\"https:\\\/\\\/srfb.be\\\/#website\"},\"primaryImageOfPage\":{\"@id\":\"https:\\\/\\\/kbbm.be\\\/de\\\/schulungen-und-aktivitaten\\\/unsere-projekte\\\/mpern\\\/#primaryimage\"},\"image\":{\"@id\":\"https:\\\/\\\/kbbm.be\\\/de\\\/schulungen-und-aktivitaten\\\/unsere-projekte\\\/mpern\\\/#primaryimage\"},\"thumbnailUrl\":\"https:\\\/\\\/srfb.be\\\/wp-content\\\/uploads\\\/2024\\\/03\\\/MPeRN.png\",\"datePublished\":\"2024-04-03T13:27:01+00:00\",\"dateModified\":\"2024-11-12T12:55:04+00:00\",\"breadcrumb\":{\"@id\":\"https:\\\/\\\/kbbm.be\\\/de\\\/schulungen-und-aktivitaten\\\/unsere-projekte\\\/mpern\\\/#breadcrumb\"},\"inLanguage\":\"nl-BE\",\"potentialAction\":[{\"@type\":\"ReadAction\",\"target\":[\"https:\\\/\\\/kbbm.be\\\/de\\\/schulungen-und-aktivitaten\\\/unsere-projekte\\\/mpern\\\/\"]}]},{\"@type\":\"ImageObject\",\"inLanguage\":\"nl-BE\",\"@id\":\"https:\\\/\\\/kbbm.be\\\/de\\\/schulungen-und-aktivitaten\\\/unsere-projekte\\\/mpern\\\/#primaryimage\",\"url\":\"https:\\\/\\\/srfb.be\\\/wp-content\\\/uploads\\\/2024\\\/03\\\/MPeRN.png\",\"contentUrl\":\"https:\\\/\\\/srfb.be\\\/wp-content\\\/uploads\\\/2024\\\/03\\\/MPeRN.png\",\"width\":1280,\"height\":768},{\"@type\":\"BreadcrumbList\",\"@id\":\"https:\\\/\\\/kbbm.be\\\/de\\\/schulungen-und-aktivitaten\\\/unsere-projekte\\\/mpern\\\/#breadcrumb\",\"itemListElement\":[{\"@type\":\"ListItem\",\"position\":1,\"name\":\"Accueil\",\"item\":\"https:\\\/\\\/srfb.be\\\/en\\\/\"},{\"@type\":\"ListItem\",\"position\":2,\"name\":\"Formations et activit\u00e9s\",\"item\":\"https:\\\/\\\/srfb.be\\\/en\\\/trainings-and-activities\\\/\"},{\"@type\":\"ListItem\",\"position\":3,\"name\":\"Nos projets\",\"item\":\"https:\\\/\\\/srfb.be\\\/en\\\/trainings-and-activities\\\/our-projects\\\/\"},{\"@type\":\"ListItem\",\"position\":4,\"name\":\"MPeRN\"}]},{\"@type\":\"WebSite\",\"@id\":\"https:\\\/\\\/srfb.be\\\/#website\",\"url\":\"https:\\\/\\\/srfb.be\\\/\",\"name\":\"Soci\u00e9t\u00e9 Royale Foresti\u00e8re de Belgique\",\"description\":\"Au service de la for\u00eat et des forestiers\",\"publisher\":{\"@id\":\"https:\\\/\\\/srfb.be\\\/#organization\"},\"alternateName\":\"SRFB-KBBM\",\"potentialAction\":[{\"@type\":\"SearchAction\",\"target\":{\"@type\":\"EntryPoint\",\"urlTemplate\":\"https:\\\/\\\/srfb.be\\\/?s={search_term_string}\"},\"query-input\":{\"@type\":\"PropertyValueSpecification\",\"valueRequired\":true,\"valueName\":\"search_term_string\"}}],\"inLanguage\":\"nl-BE\"},{\"@type\":\"Organization\",\"@id\":\"https:\\\/\\\/srfb.be\\\/#organization\",\"name\":\"Soci\u00e9t\u00e9 Royale Foresti\u00e8re De Belgique - Koninklijke Belgische Bosbouwmaatschappij\",\"alternateName\":\"SRFB-KBBM\",\"url\":\"https:\\\/\\\/srfb.be\\\/\",\"logo\":{\"@type\":\"ImageObject\",\"inLanguage\":\"nl-BE\",\"@id\":\"https:\\\/\\\/srfb.be\\\/#\\\/schema\\\/logo\\\/image\\\/\",\"url\":\"https:\\\/\\\/srfb.be\\\/wp-content\\\/uploads\\\/2019\\\/06\\\/android-chrome-256x256.png\",\"contentUrl\":\"https:\\\/\\\/srfb.be\\\/wp-content\\\/uploads\\\/2019\\\/06\\\/android-chrome-256x256.png\",\"width\":1200,\"height\":1232,\"caption\":\"Soci\u00e9t\u00e9 Royale Foresti\u00e8re De Belgique - Koninklijke Belgische Bosbouwmaatschappij\"},\"image\":{\"@id\":\"https:\\\/\\\/srfb.be\\\/#\\\/schema\\\/logo\\\/image\\\/\"},\"sameAs\":[\"https:\\\/\\\/www.facebook.com\\\/srfb.be\",\"https:\\\/\\\/www.instagram.com\\\/srfb_kbbm\\\/\",\"https:\\\/\\\/www.linkedin.com\\\/company\\\/srfb-kbbm\\\/\",\"https:\\\/\\\/www.youtube.com\\\/user\\\/srfbkbbm\"]}]}<\/script>\n<!-- \/ Yoast SEO plugin. -->","yoast_head_json":{"title":"MPeRN - Koninklijke Belgische Bosbouwmaatschappij","robots":{"index":"index","follow":"follow","max-snippet":"max-snippet:-1","max-image-preview":"max-image-preview:large","max-video-preview":"max-video-preview:-1"},"canonical":"https:\/\/kbbm.be\/de\/schulungen-und-aktivitaten\/unsere-projekte\/mpern\/","og_locale":"nl_BE","og_type":"article","og_title":"MPeRN - Soci\u00e9t\u00e9 Royale Foresti\u00e8re de Belgique","og_description":"Ma parcelle en R\u00e9serve Naturelle","og_url":"https:\/\/kbbm.be\/de\/schulungen-und-aktivitaten\/unsere-projekte\/mpern\/","og_site_name":"Soci\u00e9t\u00e9 Royale Foresti\u00e8re de Belgique","article_publisher":"https:\/\/www.facebook.com\/srfb.be","article_modified_time":"2024-11-12T12:55:04+00:00","og_image":[{"width":1280,"height":768,"url":"https:\/\/kbbm.be\/wp-content\/uploads\/2024\/03\/MPeRN.png","type":"image\/png"}],"schema":{"@context":"https:\/\/schema.org","@graph":[{"@type":"WebPage","@id":"https:\/\/kbbm.be\/de\/schulungen-und-aktivitaten\/unsere-projekte\/mpern\/","url":"https:\/\/kbbm.be\/de\/schulungen-und-aktivitaten\/unsere-projekte\/mpern\/","name":"MPeRN - Koninklijke Belgische Bosbouwmaatschappij","isPartOf":{"@id":"https:\/\/srfb.be\/#website"},"primaryImageOfPage":{"@id":"https:\/\/kbbm.be\/de\/schulungen-und-aktivitaten\/unsere-projekte\/mpern\/#primaryimage"},"image":{"@id":"https:\/\/kbbm.be\/de\/schulungen-und-aktivitaten\/unsere-projekte\/mpern\/#primaryimage"},"thumbnailUrl":"https:\/\/srfb.be\/wp-content\/uploads\/2024\/03\/MPeRN.png","datePublished":"2024-04-03T13:27:01+00:00","dateModified":"2024-11-12T12:55:04+00:00","breadcrumb":{"@id":"https:\/\/kbbm.be\/de\/schulungen-und-aktivitaten\/unsere-projekte\/mpern\/#breadcrumb"},"inLanguage":"nl-BE","potentialAction":[{"@type":"ReadAction","target":["https:\/\/kbbm.be\/de\/schulungen-und-aktivitaten\/unsere-projekte\/mpern\/"]}]},{"@type":"ImageObject","inLanguage":"nl-BE","@id":"https:\/\/kbbm.be\/de\/schulungen-und-aktivitaten\/unsere-projekte\/mpern\/#primaryimage","url":"https:\/\/srfb.be\/wp-content\/uploads\/2024\/03\/MPeRN.png","contentUrl":"https:\/\/srfb.be\/wp-content\/uploads\/2024\/03\/MPeRN.png","width":1280,"height":768},{"@type":"BreadcrumbList","@id":"https:\/\/kbbm.be\/de\/schulungen-und-aktivitaten\/unsere-projekte\/mpern\/#breadcrumb","itemListElement":[{"@type":"ListItem","position":1,"name":"Accueil","item":"https:\/\/srfb.be\/en\/"},{"@type":"ListItem","position":2,"name":"Formations et activit\u00e9s","item":"https:\/\/srfb.be\/en\/trainings-and-activities\/"},{"@type":"ListItem","position":3,"name":"Nos projets","item":"https:\/\/srfb.be\/en\/trainings-and-activities\/our-projects\/"},{"@type":"ListItem","position":4,"name":"MPeRN"}]},{"@type":"WebSite","@id":"https:\/\/srfb.be\/#website","url":"https:\/\/srfb.be\/","name":"Koninklijke Belgische Bosbouwmaatschappij","description":"Ten dienste van het bos en de bosbouwers","publisher":{"@id":"https:\/\/srfb.be\/#organization"},"alternateName":"SRFB-KBBM","potentialAction":[{"@type":"SearchAction","target":{"@type":"EntryPoint","urlTemplate":"https:\/\/srfb.be\/?s={search_term_string}"},"query-input":{"@type":"PropertyValueSpecification","valueRequired":true,"valueName":"search_term_string"}}],"inLanguage":"nl-BE"},{"@type":"Organization","@id":"https:\/\/srfb.be\/#organization","name":"Soci\u00e9t\u00e9 Royale Foresti\u00e8re De Belgique - Koninklijke Belgische Bosbouwmaatschappij","alternateName":"SRFB-KBBM","url":"https:\/\/srfb.be\/","logo":{"@type":"ImageObject","inLanguage":"nl-BE","@id":"https:\/\/srfb.be\/#\/schema\/logo\/image\/","url":"https:\/\/srfb.be\/wp-content\/uploads\/2019\/06\/android-chrome-256x256.png","contentUrl":"https:\/\/srfb.be\/wp-content\/uploads\/2019\/06\/android-chrome-256x256.png","width":1200,"height":1232,"caption":"Soci\u00e9t\u00e9 Royale Foresti\u00e8re De Belgique - Koninklijke Belgische Bosbouwmaatschappij"},"image":{"@id":"https:\/\/srfb.be\/#\/schema\/logo\/image\/"},"sameAs":["https:\/\/www.facebook.com\/srfb.be","https:\/\/www.instagram.com\/srfb_kbbm\/","https:\/\/www.linkedin.com\/company\/srfb-kbbm\/","https:\/\/www.youtube.com\/user\/srfbkbbm"]}]}},"_links":{"self":[{"href":"https:\/\/srfb.be\/nl\/wp-json\/wp\/v2\/pages\/35826","targetHints":{"allow":["GET"]}}],"collection":[{"href":"https:\/\/srfb.be\/nl\/wp-json\/wp\/v2\/pages"}],"about":[{"href":"https:\/\/srfb.be\/nl\/wp-json\/wp\/v2\/types\/page"}],"author":[{"embeddable":true,"href":"https:\/\/srfb.be\/nl\/wp-json\/wp\/v2\/users\/21"}],"replies":[{"embeddable":true,"href":"https:\/\/srfb.be\/nl\/wp-json\/wp\/v2\/comments?post=35826"}],"version-history":[{"count":0,"href":"https:\/\/srfb.be\/nl\/wp-json\/wp\/v2\/pages\/35826\/revisions"}],"up":[{"embeddable":true,"href":"https:\/\/srfb.be\/nl\/wp-json\/wp\/v2\/pages\/35658"}],"wp:featuredmedia":[{"embeddable":true,"href":"https:\/\/srfb.be\/nl\/wp-json\/wp\/v2\/media\/35782"}],"wp:attachment":[{"href":"https:\/\/srfb.be\/nl\/wp-json\/wp\/v2\/media?parent=35826"}],"curies":[{"name":"wp","href":"https:\/\/api.w.org\/{rel}","templated":true}]}}