{"id":35810,"date":"2024-04-03T15:28:37","date_gmt":"2024-04-03T13:28:37","guid":{"rendered":"https:\/\/srfb.be\/?page_id=35810"},"modified":"2026-01-08T16:42:33","modified_gmt":"2026-01-08T15:42:33","slug":"migforest","status":"publish","type":"page","link":"https:\/\/srfb.be\/nl\/formations-et-activites\/nos-projets\/migforest\/","title":{"rendered":"MigForest"},"content":{"rendered":"<div class=\"yoast-breadcrumbs\"><span><span><a href=\"https:\/\/kbbm.be\/de\/\">Onthaal<\/a><\/span> &gt; <span><a href=\"https:\/\/kbbm.be\/nl\/opleidingen-en-activiteiten\/\">Opleidingen en activiteiten<\/a><\/span> &gt; <span><a href=\"https:\/\/kbbm.be\/nl\/opleidingen-en-activiteiten\/ons-projecten\/\">Onze projecten<\/a><\/span> &gt; <span class=\"breadcrumb_last\" aria-current=\"page\"><strong>MigForest<\/strong><\/span><\/span><\/div>\n\n\n<div style=\"height:35px\" aria-hidden=\"true\" class=\"wp-block-spacer\"><\/div>\n\n\n\n<h3 class=\"wp-block-heading has-text-align-center has-vert-fonce-color-color has-text-color has-link-color wp-elements-591a5fcc1a16d42154dd92f43470393d\">Geassisteerde migratie van boomsoorten in Noordwest-Europa<\/h3>\n\n\n\n<div class=\"wp-block-columns is-layout-flex wp-container-core-columns-is-layout-28f84493 wp-block-columns-is-layout-flex\">\n<div class=\"wp-block-column is-layout-flow wp-block-column-is-layout-flow\" style=\"flex-basis:33.33%\">\n<figure class=\"wp-block-image size-full is-resized\"><img decoding=\"async\" src=\"https:\/\/srfb.be\/wp-content\/uploads\/2024\/03\/Logo-MigFoRest-RGB.svg\" alt=\"\" class=\"wp-image-35811\" style=\"width:313px;height:auto\"\/><\/figure>\n<\/div>\n\n\n\n<div class=\"wp-block-column is-layout-flow wp-block-column-is-layout-flow\" style=\"flex-basis:66.66%\">\n<p>De Royal Forestry Society of Belgium is de hoofdpartner in een nieuw Europees Interreg-project voor Noordwest-Europa genaamd MigFoRest, wat staat voor \"Assisted Migration to increase Forest Resilience in NWE\". Het project heeft 6 partners, waaronder twee uit Frankrijk (Office National des For\u00eats en NeoSylva), \u00e9\u00e9n uit Duitsland (FVA : Forstliche Versuchs- und Forschungsanstalt Baden-W\u00fcrttemberg) en drie Belgen (Soci\u00e9t\u00e9 Royale Foresti\u00e8re de Belgique, Centre wallon de recherches agronomiques en Instituut voor Natuur- en Bosondorzoek), die zullen samenwerken om geassisteerde migratie van soorten en herkomst in te zetten als een van de oplossingen om de veerkracht van bossen in Noordwest-Europa met het oog op klimaatverandering te vergroten. Met een totaal budget van \u20ac7,1m zal het project vier en een half jaar duren.<\/p>\n\n\n\n<div class=\"wp-block-buttons is-layout-flex wp-block-buttons-is-layout-flex\">\n<div class=\"wp-block-button\"><a class=\"wp-block-button__link has-small-font-size has-custom-font-size wp-element-button\" href=\"https:\/\/migforest.nweurope.eu\/\" target=\"_blank\" rel=\"noreferrer noopener\">Project website<\/a><\/div>\n<\/div>\n<\/div>\n<\/div>\n\n\n\n<hr class=\"wp-block-separator has-text-color has-grey-color-color has-alpha-channel-opacity has-grey-color-background-color has-background is-style-wide\"\/>\n\n\n\n<figure class=\"wp-block-image size-large\"><img loading=\"lazy\" decoding=\"async\" width=\"1024\" height=\"153\" src=\"https:\/\/srfb.be\/wp-content\/uploads\/2024\/03\/Partenaires-1-1024x153.png\" alt=\"\" class=\"wp-image-35813\" srcset=\"https:\/\/srfb.be\/wp-content\/uploads\/2024\/03\/Partenaires-1-1024x153.png 1024w, https:\/\/srfb.be\/wp-content\/uploads\/2024\/03\/Partenaires-1-300x45.png 300w, https:\/\/srfb.be\/wp-content\/uploads\/2024\/03\/Partenaires-1-18x3.png 18w, https:\/\/srfb.be\/wp-content\/uploads\/2024\/03\/Partenaires-1-600x90.png 600w, https:\/\/srfb.be\/wp-content\/uploads\/2024\/03\/Partenaires-1.png 1324w\" sizes=\"auto, (max-width: 1024px) 100vw, 1024px\" \/><\/figure>\n\n\n\n<hr class=\"wp-block-separator has-text-color has-grey-color-color has-alpha-channel-opacity has-grey-color-background-color has-background is-style-wide\"\/>\n\n\n\n<p>Naast de aanplanting van in totaal 100.000 bomen in zeven proefgebieden, waarvan 25.000 in Walloni\u00eb, beoogt het project de genetische diversiteit te evalueren die wordt gebracht door nieuwe soorten en herkomsten, hun invasief risico en hun potentieel voor de lokale biodiversiteit. Bovendien zullen drie zaadboomgaarden worden opgericht om een kwalitatieve en duurzame bevoorrading van onze bosbouwers te verzekeren. Voor Walloni\u00eb is deze taak toevertrouwd aan het CRA-W.\u00a0<\/p>\n\n\n\n<p>Van de herfst van 2025 tot de lente van 2026 heeft MigFoRest twee plantseizoenen in Walloni\u00eb achter de rug, wat het totaal op meer dan 6.500 bomen brengt. Hieronder vindt u een overzicht van de soorten en herkomsten.<\/p>\n\n\n\n<h3 class=\"wp-block-heading\"><strong>Aangeplante soorten en herkomsten in Walloni\u00eb (situatie begin 2026)<\/strong><\/h3>\n\n\n\n<figure class=\"wp-block-table\"><table class=\"has-fixed-layout\"><thead><tr><th class=\"has-text-align-left\" data-align=\"left\"><strong>Essentie<\/strong><\/th><th class=\"has-text-align-left\" data-align=\"left\"><strong>Herkomst<\/strong><\/th><\/tr><\/thead><tbody><tr><td class=\"has-text-align-left\" data-align=\"left\">Wintereik&nbsp;<\/td><td class=\"has-text-align-left\" data-align=\"left\">Itali\u00eb&nbsp;<\/td><\/tr><tr><td class=\"has-text-align-left\" data-align=\"left\">Zomereik&nbsp;<\/td><td class=\"has-text-align-left\" data-align=\"left\">Slowakije&nbsp;<\/td><\/tr><tr><td class=\"has-text-align-left\" data-align=\"left\">Hongaarse eik&nbsp;<\/td><td class=\"has-text-align-left\" data-align=\"left\">Bulgarije&nbsp;<\/td><\/tr><tr><td class=\"has-text-align-left\" data-align=\"left\">Zomereik&nbsp;<\/td><td class=\"has-text-align-left\" data-align=\"left\">Polen&nbsp;<\/td><\/tr><tr><td class=\"has-text-align-left\" data-align=\"left\">Beuk&nbsp;<\/td><td class=\"has-text-align-left\" data-align=\"left\">Frans&nbsp;<\/td><\/tr><tr><td class=\"has-text-align-left\" data-align=\"left\">Eikenzee&nbsp;<\/td><td class=\"has-text-align-left\" data-align=\"left\">Spanje<\/td><\/tr><tr><td class=\"has-text-align-left\" data-align=\"left\">Tauzin eik&nbsp;<\/td><td class=\"has-text-align-left\" data-align=\"left\">Frans&nbsp;<\/td><\/tr><\/tbody><\/table><\/figure>\n\n\n\n<p>Overeenkomsten zijn gesloten met een dertigtal particuliere eigenaars en gemeenten in de twee betrokken proefgebieden: het hart van de Condroz (Assesse, Ciney, Gesves, Hamois, Havelange, Ohey en Yvoir) en de Zuidelijke Ardennen (Bertrix, Bi\u00e8vre, Daverdisse, Gedinne, Paliseul).&nbsp;<\/p>\n\n\n\n<p>De plantlocaties zullen ongeveer 50% op openbaar domein en 50% bij particuliere eigenaars worden verdeeld. &nbsp;<\/p>\n\n\n\n<p>Voor de komende winters behoren lindebomen (klein- en grootbladig), veldiep, mosselboom, peerboom en beuken tot de bevoorrechte soorten voor Walloni\u00eb. &nbsp;&nbsp;<\/p>\n\n\n\n<h3 class=\"wp-block-heading\"><strong>Hybridisatie<\/strong><\/h3>\n\n\n\n<p>De bomen worden voornamelijk geplant in verrijkingscellen (of&nbsp;<em>klompen<\/em>) de 16 tot 25 eenheden, in open plekken of bosopeningen. Bij de keuze van de aanplantingssites geeft MigFoRest de voorkeur aan gebieden die idealiter drie kenmerken combineren: een lage diversiteit aan soorten, verzwakte bestanden (waterstress, valse meeldauw in de Condroz, sparrenschorskever in de Ardennen, etc.) en een goede connectiviteit.&nbsp;<\/p>\n\n\n\n<p>Inderdaad is het doel van geassisteerde migratie niet alleen het importeren van soorten of herkomsten die beter bestand zijn tegen klimaatverandering, maar ook het inzetten op hybridisatie tussen ge\u00efntroduceerde bomen en lokale individuen, om zo individuen met resistentere genen voort te brengen.&nbsp;<\/p>\n\n\n\n<h3 class=\"wp-block-heading\"><strong>Opleiding en bewustmaking<\/strong><\/h3>\n\n\n\n<p>MigFoRest omvat een belangrijk luik van bewustmaking, communicatie en opleiding voor boswachters, beleidsmakers en het grote publiek. In 2025 is er een eerste studiereis gepland (1 en 2 april in de Provence) om de uitwisseling van ervaringen tussen boswachters en boomkwekers uit Noord- en Zuid-Europa te bevorderen. Eind augustus 2025 organiseerde de SRFB een veldopleiding in de Ardennen (Daverdisse en Paliseul) over het thema geassisteerde migratie, waar een veertigtal deelnemers aanwezig was. In december begeleidden we een twintigtal leerlingen van het college van Godinne bij het aanplanten in het bos van de school. Andere bewustmakings- en opleidingsacties zullen worden georganiseerd, met name op \u00abdemo-locaties\u00bb die in elk proefgebied zullen worden aangelegd.&nbsp;<\/p>\n\n\n\n<h4 class=\"wp-block-heading has-text-align-center has-vert-fonce-color-color has-text-color has-link-color wp-elements-6b85ced0739de35fb8b3f4846985e75d\">Volg het projectnieuws<\/h4>\n\n\n\n<ul class=\"wp-block-social-links is-content-justification-center is-layout-flex wp-container-core-social-links-is-layout-a89b3969 wp-block-social-links-is-layout-flex\"><li class=\"wp-social-link wp-social-link-facebook  wp-block-social-link\"><a rel=\"noopener nofollow\" target=\"_blank\" href=\"https:\/\/www.facebook.com\/profile.php?id=61558659923117\" class=\"wp-block-social-link-anchor\"><svg width=\"24\" height=\"24\" viewbox=\"0 0 24 24\" version=\"1.1\" xmlns=\"http:\/\/www.w3.org\/2000\/svg\" aria-hidden=\"true\" focusable=\"false\"><path d=\"M12 2C6.5 2 2 6.5 2 12c0 5 3.7 9.1 8.4 9.9v-7H7.9V12h2.5V9.8c0-2.5 1.5-3.9 3.8-3.9 1.1 0 2.2.2 2.2.2v2.5h-1.3c-1.2 0-1.6.8-1.6 1.6V12h2.8l-.4 2.9h-2.3v7C18.3 21.1 22 17 22 12c0-5.5-4.5-10-10-10z\"><\/path><\/svg><span class=\"wp-block-social-link-label screen-reader-text\">Facebook<\/span><\/a><\/li>\n\n<li class=\"wp-social-link wp-social-link-linkedin  wp-block-social-link\"><a rel=\"noopener nofollow\" target=\"_blank\" href=\"https:\/\/www.linkedin.com\/in\/migforest-interreg-project-9426412ba\/\" class=\"wp-block-social-link-anchor\"><svg width=\"24\" height=\"24\" viewbox=\"0 0 24 24\" version=\"1.1\" xmlns=\"http:\/\/www.w3.org\/2000\/svg\" aria-hidden=\"true\" focusable=\"false\"><path d=\"M19.7,3H4.3C3.582,3,3,3.582,3,4.3v15.4C3,20.418,3.582,21,4.3,21h15.4c0.718,0,1.3-0.582,1.3-1.3V4.3 C21,3.582,20.418,3,19.7,3z M8.339,18.338H5.667v-8.59h2.672V18.338z M7.004,8.574c-0.857,0-1.549-0.694-1.549-1.548 c0-0.855,0.691-1.548,1.549-1.548c0.854,0,1.547,0.694,1.547,1.548C8.551,7.881,7.858,8.574,7.004,8.574z M18.339,18.338h-2.669 v-4.177c0-0.996-0.017-2.278-1.387-2.278c-1.389,0-1.601,1.086-1.601,2.206v4.249h-2.667v-8.59h2.559v1.174h0.037 c0.356-0.675,1.227-1.387,2.526-1.387c2.703,0,3.203,1.779,3.203,4.092V18.338z\"><\/path><\/svg><span class=\"wp-block-social-link-label screen-reader-text\">LinkedIn<\/span><\/a><\/li>\n\n<li class=\"wp-social-link wp-social-link-chain  wp-block-social-link\"><a rel=\"noopener nofollow\" target=\"_blank\" href=\"https:\/\/migforest.nweurope.eu\/\" class=\"wp-block-social-link-anchor\"><svg width=\"24\" height=\"24\" viewbox=\"0 0 24 24\" version=\"1.1\" xmlns=\"http:\/\/www.w3.org\/2000\/svg\" aria-hidden=\"true\" focusable=\"false\"><path d=\"M15.6,7.2H14v1.5h1.6c2,0,3.7,1.7,3.7,3.7s-1.7,3.7-3.7,3.7H14v1.5h1.6c2.8,0,5.2-2.3,5.2-5.2,0-2.9-2.3-5.2-5.2-5.2zM4.7,12.4c0-2,1.7-3.7,3.7-3.7H10V7.2H8.4c-2.9,0-5.2,2.3-5.2,5.2,0,2.9,2.3,5.2,5.2,5.2H10v-1.5H8.4c-2,0-3.7-1.7-3.7-3.7zm4.6.9h5.3v-1.5H9.3v1.5z\"><\/path><\/svg><span class=\"wp-block-social-link-label screen-reader-text\">Link<\/span><\/a><\/li><\/ul>\n\n\n\n<div class=\"wp-block-group is-layout-constrained wp-container-core-group-is-layout-05afb7f8 wp-block-group-is-layout-constrained\" style=\"margin-top:var(--wp--preset--spacing--70);margin-bottom:var(--wp--preset--spacing--70)\">\n<h3 class=\"wp-block-heading has-text-align-center\">Artikelen<\/h3>\n\n\n\n<section data-wp-context=\"{}\" data-wp-interactive=\"core\/query\" data-wp-key=\"0\" data-wp-router-region=\"query-0\" class=\"wp-block-query is-layout-flow wp-block-query-is-layout-flow\"><ul class=\"wp-block-post-template is-layout-flow wp-container-core-post-template-is-layout-7f1ce2c0 wp-block-post-template-is-layout-flow\"><li data-wp-key=\"post-template-item-38018\" class=\"wp-block-post post-38018 post type-post status-publish format-standard has-post-thumbnail hentry category-actualite tag-foret tag-migforest tag-migration tag-plantation\">\n\n<div class=\"wp-block-group has-grey-color-background-color has-background is-layout-constrained wp-container-core-group-is-layout-b3cb40ef wp-block-group-is-layout-constrained\" style=\"padding-top:var(--wp--preset--spacing--40);padding-right:var(--wp--preset--spacing--40);padding-bottom:var(--wp--preset--spacing--40);padding-left:var(--wp--preset--spacing--40)\"><h4 style=\"margin-top:0;margin-bottom:0;\" class=\"wp-block-post-title\"><a href=\"https:\/\/srfb.be\/nl\/2025\/01\/30\/migforest-planter-des-cellules-de-16-a-25-arbres\/\" target=\"_self\" >Draag bij aan het MigFoRest project: verwelkom nieuwe soorten in je bos<\/a><\/h4>\n\n<div style=\"font-style:italic;font-weight:400;\" class=\"wp-block-post-date has-small-font-size\"><time datetime=\"2025-01-30T15:26:12+01:00\">2025 januari 30<\/time><\/div><\/div>\n\n<\/li><li data-wp-key=\"post-template-item-37570\" class=\"wp-block-post post-37570 post type-post status-publish format-standard has-post-thumbnail hentry category-actualite tag-changements-climatiques tag-foret tag-futur tag-gestion tag-klump tag-migforest tag-plantation tag-reboisement\">\n\n<div class=\"wp-block-group has-grey-color-background-color has-background is-layout-constrained wp-container-core-group-is-layout-b3cb40ef wp-block-group-is-layout-constrained\" style=\"padding-top:var(--wp--preset--spacing--40);padding-right:var(--wp--preset--spacing--40);padding-bottom:var(--wp--preset--spacing--40);padding-left:var(--wp--preset--spacing--40)\"><h4 style=\"margin-top:0;margin-bottom:0;\" class=\"wp-block-post-title\"><a href=\"https:\/\/srfb.be\/nl\/2024\/11\/12\/les-premiers-arbres-migforest-ont-ete-plantes\/\" target=\"_self\" >De eerste MigFoRest bomen zijn geplant<\/a><\/h4>\n\n<div style=\"font-style:italic;font-weight:400;\" class=\"wp-block-post-date has-small-font-size\"><time datetime=\"2024-11-12T11:01:58+01:00\">2024 november 12<\/time><\/div><\/div>\n\n<\/li><\/ul>\n\n\n\n<\/section>\n<\/div>","protected":false},"excerpt":{"rendered":"<p>Geassisteerde migratie implementeren<\/p>","protected":false},"author":21,"featured_media":35784,"parent":35658,"menu_order":6,"comment_status":"closed","ping_status":"closed","template":"","meta":{"iawp_total_views":365,"footnotes":""},"class_list":["post-35810","page","type-page","status-publish","has-post-thumbnail","hentry"],"yoast_head":"<!-- This site is optimized with the Yoast SEO plugin v27.3 - https:\/\/yoast.com\/product\/yoast-seo-wordpress\/ -->\n<title>MigForest - Soci\u00e9t\u00e9 Royale Foresti\u00e8re de Belgique<\/title>\n<meta name=\"robots\" content=\"index, follow, max-snippet:-1, max-image-preview:large, max-video-preview:-1\" \/>\n<link rel=\"canonical\" href=\"https:\/\/srfb.be\/nl\/opleidingen-en-activiteiten\/ons-projecten\/migforest\/\" \/>\n<meta property=\"og:locale\" content=\"nl_BE\" \/>\n<meta property=\"og:type\" content=\"article\" \/>\n<meta property=\"og:title\" content=\"MigForest - Soci\u00e9t\u00e9 Royale Foresti\u00e8re de Belgique\" \/>\n<meta property=\"og:description\" content=\"D\u00e9ployer la migration assist\u00e9e\" \/>\n<meta property=\"og:url\" content=\"https:\/\/srfb.be\/nl\/opleidingen-en-activiteiten\/ons-projecten\/migforest\/\" \/>\n<meta property=\"og:site_name\" content=\"Soci\u00e9t\u00e9 Royale Foresti\u00e8re de Belgique\" \/>\n<meta property=\"article:publisher\" content=\"https:\/\/www.facebook.com\/srfb.be\" \/>\n<meta property=\"article:modified_time\" content=\"2026-01-08T15:42:33+00:00\" \/>\n<meta property=\"og:image\" content=\"https:\/\/srfb.be\/wp-content\/uploads\/2024\/03\/MigForest.png\" \/>\n\t<meta property=\"og:image:width\" content=\"1280\" \/>\n\t<meta property=\"og:image:height\" content=\"768\" \/>\n\t<meta property=\"og:image:type\" content=\"image\/png\" \/>\n<script type=\"application\/ld+json\" class=\"yoast-schema-graph\">{\"@context\":\"https:\\\/\\\/schema.org\",\"@graph\":[{\"@type\":\"WebPage\",\"@id\":\"https:\\\/\\\/srfb.be\\\/formations-et-activites\\\/nos-projets\\\/migforest\\\/\",\"url\":\"https:\\\/\\\/srfb.be\\\/formations-et-activites\\\/nos-projets\\\/migforest\\\/\",\"name\":\"MigForest - Soci\u00e9t\u00e9 Royale Foresti\u00e8re de Belgique\",\"isPartOf\":{\"@id\":\"https:\\\/\\\/kbbm.be\\\/de\\\/#website\"},\"primaryImageOfPage\":{\"@id\":\"https:\\\/\\\/srfb.be\\\/formations-et-activites\\\/nos-projets\\\/migforest\\\/#primaryimage\"},\"image\":{\"@id\":\"https:\\\/\\\/srfb.be\\\/formations-et-activites\\\/nos-projets\\\/migforest\\\/#primaryimage\"},\"thumbnailUrl\":\"https:\\\/\\\/srfb.be\\\/wp-content\\\/uploads\\\/2024\\\/03\\\/MigForest.png\",\"datePublished\":\"2024-04-03T13:28:37+00:00\",\"dateModified\":\"2026-01-08T15:42:33+00:00\",\"breadcrumb\":{\"@id\":\"https:\\\/\\\/srfb.be\\\/formations-et-activites\\\/nos-projets\\\/migforest\\\/#breadcrumb\"},\"inLanguage\":\"nl-BE\",\"potentialAction\":[{\"@type\":\"ReadAction\",\"target\":[\"https:\\\/\\\/srfb.be\\\/formations-et-activites\\\/nos-projets\\\/migforest\\\/\"]}]},{\"@type\":\"ImageObject\",\"inLanguage\":\"nl-BE\",\"@id\":\"https:\\\/\\\/srfb.be\\\/formations-et-activites\\\/nos-projets\\\/migforest\\\/#primaryimage\",\"url\":\"https:\\\/\\\/srfb.be\\\/wp-content\\\/uploads\\\/2024\\\/03\\\/MigForest.png\",\"contentUrl\":\"https:\\\/\\\/srfb.be\\\/wp-content\\\/uploads\\\/2024\\\/03\\\/MigForest.png\",\"width\":1280,\"height\":768,\"caption\":\"MigFoRest\"},{\"@type\":\"BreadcrumbList\",\"@id\":\"https:\\\/\\\/srfb.be\\\/formations-et-activites\\\/nos-projets\\\/migforest\\\/#breadcrumb\",\"itemListElement\":[{\"@type\":\"ListItem\",\"position\":1,\"name\":\"Accueil\",\"item\":\"https:\\\/\\\/kbbm.be\\\/de\\\/\"},{\"@type\":\"ListItem\",\"position\":2,\"name\":\"Formations et activit\u00e9s\",\"item\":\"https:\\\/\\\/kbbm.be\\\/nl\\\/opleidingen-en-activiteiten\\\/\"},{\"@type\":\"ListItem\",\"position\":3,\"name\":\"Nos projets\",\"item\":\"https:\\\/\\\/kbbm.be\\\/nl\\\/opleidingen-en-activiteiten\\\/ons-projecten\\\/\"},{\"@type\":\"ListItem\",\"position\":4,\"name\":\"MigForest\"}]},{\"@type\":\"WebSite\",\"@id\":\"https:\\\/\\\/kbbm.be\\\/de\\\/#website\",\"url\":\"https:\\\/\\\/kbbm.be\\\/de\\\/\",\"name\":\"Soci\u00e9t\u00e9 Royale Foresti\u00e8re de Belgique\",\"description\":\"Au service de la for\u00eat et des forestiers\",\"publisher\":{\"@id\":\"https:\\\/\\\/kbbm.be\\\/de\\\/#organization\"},\"alternateName\":\"SRFB-KBBM\",\"potentialAction\":[{\"@type\":\"SearchAction\",\"target\":{\"@type\":\"EntryPoint\",\"urlTemplate\":\"https:\\\/\\\/kbbm.be\\\/de\\\/?s={search_term_string}\"},\"query-input\":{\"@type\":\"PropertyValueSpecification\",\"valueRequired\":true,\"valueName\":\"search_term_string\"}}],\"inLanguage\":\"nl-BE\"},{\"@type\":\"Organization\",\"@id\":\"https:\\\/\\\/kbbm.be\\\/de\\\/#organization\",\"name\":\"Soci\u00e9t\u00e9 Royale Foresti\u00e8re De Belgique - Koninklijke Belgische Bosbouwmaatschappij\",\"alternateName\":\"SRFB-KBBM\",\"url\":\"https:\\\/\\\/kbbm.be\\\/de\\\/\",\"logo\":{\"@type\":\"ImageObject\",\"inLanguage\":\"nl-BE\",\"@id\":\"https:\\\/\\\/kbbm.be\\\/de\\\/#\\\/schema\\\/logo\\\/image\\\/\",\"url\":\"https:\\\/\\\/srfb.be\\\/wp-content\\\/uploads\\\/2019\\\/06\\\/android-chrome-256x256.png\",\"contentUrl\":\"https:\\\/\\\/srfb.be\\\/wp-content\\\/uploads\\\/2019\\\/06\\\/android-chrome-256x256.png\",\"width\":1200,\"height\":1232,\"caption\":\"Soci\u00e9t\u00e9 Royale Foresti\u00e8re De Belgique - Koninklijke Belgische Bosbouwmaatschappij\"},\"image\":{\"@id\":\"https:\\\/\\\/kbbm.be\\\/de\\\/#\\\/schema\\\/logo\\\/image\\\/\"},\"sameAs\":[\"https:\\\/\\\/www.facebook.com\\\/srfb.be\",\"https:\\\/\\\/www.instagram.com\\\/srfb_kbbm\\\/\",\"https:\\\/\\\/www.linkedin.com\\\/company\\\/srfb-kbbm\\\/\",\"https:\\\/\\\/www.youtube.com\\\/user\\\/srfbkbbm\"]}]}<\/script>\n<!-- \/ Yoast SEO plugin. -->","yoast_head_json":{"title":"MigForest - Koninklijke Belgische Bosbouwmaatschappij","robots":{"index":"index","follow":"follow","max-snippet":"max-snippet:-1","max-image-preview":"max-image-preview:large","max-video-preview":"max-video-preview:-1"},"canonical":"https:\/\/srfb.be\/nl\/opleidingen-en-activiteiten\/ons-projecten\/migforest\/","og_locale":"nl_BE","og_type":"article","og_title":"MigForest - Soci\u00e9t\u00e9 Royale Foresti\u00e8re de Belgique","og_description":"D\u00e9ployer la migration assist\u00e9e","og_url":"https:\/\/srfb.be\/nl\/opleidingen-en-activiteiten\/ons-projecten\/migforest\/","og_site_name":"Soci\u00e9t\u00e9 Royale Foresti\u00e8re de Belgique","article_publisher":"https:\/\/www.facebook.com\/srfb.be","article_modified_time":"2026-01-08T15:42:33+00:00","og_image":[{"width":1280,"height":768,"url":"https:\/\/srfb.be\/wp-content\/uploads\/2024\/03\/MigForest.png","type":"image\/png"}],"schema":{"@context":"https:\/\/schema.org","@graph":[{"@type":"WebPage","@id":"https:\/\/srfb.be\/formations-et-activites\/nos-projets\/migforest\/","url":"https:\/\/srfb.be\/formations-et-activites\/nos-projets\/migforest\/","name":"MigForest - Koninklijke Belgische Bosbouwmaatschappij","isPartOf":{"@id":"https:\/\/kbbm.be\/de\/#website"},"primaryImageOfPage":{"@id":"https:\/\/srfb.be\/formations-et-activites\/nos-projets\/migforest\/#primaryimage"},"image":{"@id":"https:\/\/srfb.be\/formations-et-activites\/nos-projets\/migforest\/#primaryimage"},"thumbnailUrl":"https:\/\/srfb.be\/wp-content\/uploads\/2024\/03\/MigForest.png","datePublished":"2024-04-03T13:28:37+00:00","dateModified":"2026-01-08T15:42:33+00:00","breadcrumb":{"@id":"https:\/\/srfb.be\/formations-et-activites\/nos-projets\/migforest\/#breadcrumb"},"inLanguage":"nl-BE","potentialAction":[{"@type":"ReadAction","target":["https:\/\/srfb.be\/formations-et-activites\/nos-projets\/migforest\/"]}]},{"@type":"ImageObject","inLanguage":"nl-BE","@id":"https:\/\/srfb.be\/formations-et-activites\/nos-projets\/migforest\/#primaryimage","url":"https:\/\/srfb.be\/wp-content\/uploads\/2024\/03\/MigForest.png","contentUrl":"https:\/\/srfb.be\/wp-content\/uploads\/2024\/03\/MigForest.png","width":1280,"height":768,"caption":"MigFoRest"},{"@type":"BreadcrumbList","@id":"https:\/\/srfb.be\/formations-et-activites\/nos-projets\/migforest\/#breadcrumb","itemListElement":[{"@type":"ListItem","position":1,"name":"Accueil","item":"https:\/\/kbbm.be\/de\/"},{"@type":"ListItem","position":2,"name":"Formations et activit\u00e9s","item":"https:\/\/kbbm.be\/nl\/opleidingen-en-activiteiten\/"},{"@type":"ListItem","position":3,"name":"Nos projets","item":"https:\/\/kbbm.be\/nl\/opleidingen-en-activiteiten\/ons-projecten\/"},{"@type":"ListItem","position":4,"name":"MigForest"}]},{"@type":"WebSite","@id":"https:\/\/kbbm.be\/de\/#website","url":"https:\/\/kbbm.be\/de\/","name":"Koninklijke Belgische Bosbouwmaatschappij","description":"Ten dienste van het bos en de bosbouwers","publisher":{"@id":"https:\/\/kbbm.be\/de\/#organization"},"alternateName":"SRFB-KBBM","potentialAction":[{"@type":"SearchAction","target":{"@type":"EntryPoint","urlTemplate":"https:\/\/kbbm.be\/de\/?s={search_term_string}"},"query-input":{"@type":"PropertyValueSpecification","valueRequired":true,"valueName":"search_term_string"}}],"inLanguage":"nl-BE"},{"@type":"Organization","@id":"https:\/\/kbbm.be\/de\/#organization","name":"Soci\u00e9t\u00e9 Royale Foresti\u00e8re De Belgique - Koninklijke Belgische Bosbouwmaatschappij","alternateName":"SRFB-KBBM","url":"https:\/\/kbbm.be\/de\/","logo":{"@type":"ImageObject","inLanguage":"nl-BE","@id":"https:\/\/kbbm.be\/de\/#\/schema\/logo\/image\/","url":"https:\/\/srfb.be\/wp-content\/uploads\/2019\/06\/android-chrome-256x256.png","contentUrl":"https:\/\/srfb.be\/wp-content\/uploads\/2019\/06\/android-chrome-256x256.png","width":1200,"height":1232,"caption":"Soci\u00e9t\u00e9 Royale Foresti\u00e8re De Belgique - Koninklijke Belgische Bosbouwmaatschappij"},"image":{"@id":"https:\/\/kbbm.be\/de\/#\/schema\/logo\/image\/"},"sameAs":["https:\/\/www.facebook.com\/srfb.be","https:\/\/www.instagram.com\/srfb_kbbm\/","https:\/\/www.linkedin.com\/company\/srfb-kbbm\/","https:\/\/www.youtube.com\/user\/srfbkbbm"]}]}},"_links":{"self":[{"href":"https:\/\/srfb.be\/nl\/wp-json\/wp\/v2\/pages\/35810","targetHints":{"allow":["GET"]}}],"collection":[{"href":"https:\/\/srfb.be\/nl\/wp-json\/wp\/v2\/pages"}],"about":[{"href":"https:\/\/srfb.be\/nl\/wp-json\/wp\/v2\/types\/page"}],"author":[{"embeddable":true,"href":"https:\/\/srfb.be\/nl\/wp-json\/wp\/v2\/users\/21"}],"replies":[{"embeddable":true,"href":"https:\/\/srfb.be\/nl\/wp-json\/wp\/v2\/comments?post=35810"}],"version-history":[{"count":0,"href":"https:\/\/srfb.be\/nl\/wp-json\/wp\/v2\/pages\/35810\/revisions"}],"up":[{"embeddable":true,"href":"https:\/\/srfb.be\/nl\/wp-json\/wp\/v2\/pages\/35658"}],"wp:featuredmedia":[{"embeddable":true,"href":"https:\/\/srfb.be\/nl\/wp-json\/wp\/v2\/media\/35784"}],"wp:attachment":[{"href":"https:\/\/srfb.be\/nl\/wp-json\/wp\/v2\/media?parent=35810"}],"curies":[{"name":"wp","href":"https:\/\/api.w.org\/{rel}","templated":true}]}}