{"id":26734,"date":"2022-09-13T12:45:34","date_gmt":"2022-09-13T10:45:34","guid":{"rendered":"https:\/\/www.srfb.be\/?page_id=26734"},"modified":"2024-06-25T16:42:49","modified_gmt":"2024-06-25T14:42:49","slug":"succesvolle-registratie","status":"publish","type":"page","link":"https:\/\/srfb.be\/nl\/inscription-newsletter-silva\/inscription-reussie\/","title":{"rendered":"Succesvolle registratie"},"content":{"rendered":"<h2 class=\"wp-block-heading has-text-align-center\">Bedankt voor je interesse!<\/h2>\n\n\n\n<p class=\"has-text-align-center\"><a href=\"https:\/\/srfb.be\/nl\/\">terug naar startpagina<\/a><\/p>","protected":false},"excerpt":{"rendered":"<p>Merci de votre int\u00e9r\u00eat ! retour page d&rsquo;accueil<\/p>","protected":false},"author":18,"featured_media":0,"parent":6719,"menu_order":0,"comment_status":"closed","ping_status":"closed","template":"","meta":{"iawp_total_views":124,"footnotes":""},"class_list":["post-26734","page","type-page","status-publish","hentry"],"yoast_head":"<!-- This site is optimized with the Yoast SEO plugin v27.3 - https:\/\/yoast.com\/product\/yoast-seo-wordpress\/ -->\n<title>Inscription r\u00e9ussie - Soci\u00e9t\u00e9 Royale Foresti\u00e8re de Belgique<\/title>\n<meta name=\"robots\" content=\"index, follow, max-snippet:-1, max-image-preview:large, max-video-preview:-1\" \/>\n<link rel=\"canonical\" href=\"https:\/\/srfb.be\/nl\/aanmelden-silva-nieuwsbrief\/succesvolle-registratie\/\" \/>\n<meta property=\"og:locale\" content=\"nl_BE\" \/>\n<meta property=\"og:type\" content=\"article\" \/>\n<meta property=\"og:title\" content=\"Inscription r\u00e9ussie - Soci\u00e9t\u00e9 Royale Foresti\u00e8re de Belgique\" \/>\n<meta property=\"og:description\" content=\"Merci de votre int\u00e9r\u00eat ! retour page d&rsquo;accueil\" \/>\n<meta property=\"og:url\" content=\"https:\/\/srfb.be\/nl\/aanmelden-silva-nieuwsbrief\/succesvolle-registratie\/\" \/>\n<meta property=\"og:site_name\" content=\"Soci\u00e9t\u00e9 Royale Foresti\u00e8re de Belgique\" \/>\n<meta property=\"article:publisher\" content=\"https:\/\/www.facebook.com\/srfb.be\" \/>\n<meta property=\"article:modified_time\" content=\"2024-06-25T14:42:49+00:00\" \/>\n<script type=\"application\/ld+json\" class=\"yoast-schema-graph\">{\"@context\":\"https:\\\/\\\/schema.org\",\"@graph\":[{\"@type\":\"WebPage\",\"@id\":\"https:\\\/\\\/srfb.be\\\/de\\\/anmeldung-silva-newsletter\\\/erfolgreiche-anmeldung\\\/\",\"url\":\"https:\\\/\\\/srfb.be\\\/de\\\/anmeldung-silva-newsletter\\\/erfolgreiche-anmeldung\\\/\",\"name\":\"Inscription r\u00e9ussie - Soci\u00e9t\u00e9 Royale Foresti\u00e8re de Belgique\",\"isPartOf\":{\"@id\":\"https:\\\/\\\/srfb.be\\\/de\\\/#website\"},\"datePublished\":\"2022-09-13T10:45:34+00:00\",\"dateModified\":\"2024-06-25T14:42:49+00:00\",\"breadcrumb\":{\"@id\":\"https:\\\/\\\/srfb.be\\\/de\\\/anmeldung-silva-newsletter\\\/erfolgreiche-anmeldung\\\/#breadcrumb\"},\"inLanguage\":\"nl-BE\",\"potentialAction\":[{\"@type\":\"ReadAction\",\"target\":[\"https:\\\/\\\/srfb.be\\\/de\\\/anmeldung-silva-newsletter\\\/erfolgreiche-anmeldung\\\/\"]}]},{\"@type\":\"BreadcrumbList\",\"@id\":\"https:\\\/\\\/srfb.be\\\/de\\\/anmeldung-silva-newsletter\\\/erfolgreiche-anmeldung\\\/#breadcrumb\",\"itemListElement\":[{\"@type\":\"ListItem\",\"position\":1,\"name\":\"Accueil\",\"item\":\"https:\\\/\\\/srfb.be\\\/de\\\/\"},{\"@type\":\"ListItem\",\"position\":2,\"name\":\"Inscription Newsletter Silva\",\"item\":\"https:\\\/\\\/srfb.be\\\/de\\\/anmeldung-silva-newsletter\\\/\"},{\"@type\":\"ListItem\",\"position\":3,\"name\":\"Inscription r\u00e9ussie\"}]},{\"@type\":\"WebSite\",\"@id\":\"https:\\\/\\\/srfb.be\\\/de\\\/#website\",\"url\":\"https:\\\/\\\/srfb.be\\\/de\\\/\",\"name\":\"Soci\u00e9t\u00e9 Royale Foresti\u00e8re de Belgique\",\"description\":\"Au service de la for\u00eat et des forestiers\",\"publisher\":{\"@id\":\"https:\\\/\\\/srfb.be\\\/de\\\/#organization\"},\"alternateName\":\"SRFB-KBBM\",\"potentialAction\":[{\"@type\":\"SearchAction\",\"target\":{\"@type\":\"EntryPoint\",\"urlTemplate\":\"https:\\\/\\\/srfb.be\\\/de\\\/?s={search_term_string}\"},\"query-input\":{\"@type\":\"PropertyValueSpecification\",\"valueRequired\":true,\"valueName\":\"search_term_string\"}}],\"inLanguage\":\"nl-BE\"},{\"@type\":\"Organization\",\"@id\":\"https:\\\/\\\/srfb.be\\\/de\\\/#organization\",\"name\":\"Soci\u00e9t\u00e9 Royale Foresti\u00e8re De Belgique - Koninklijke Belgische Bosbouwmaatschappij\",\"alternateName\":\"SRFB-KBBM\",\"url\":\"https:\\\/\\\/srfb.be\\\/de\\\/\",\"logo\":{\"@type\":\"ImageObject\",\"inLanguage\":\"nl-BE\",\"@id\":\"https:\\\/\\\/srfb.be\\\/de\\\/#\\\/schema\\\/logo\\\/image\\\/\",\"url\":\"https:\\\/\\\/srfb.be\\\/wp-content\\\/uploads\\\/2019\\\/06\\\/android-chrome-256x256.png\",\"contentUrl\":\"https:\\\/\\\/srfb.be\\\/wp-content\\\/uploads\\\/2019\\\/06\\\/android-chrome-256x256.png\",\"width\":1200,\"height\":1232,\"caption\":\"Soci\u00e9t\u00e9 Royale Foresti\u00e8re De Belgique - Koninklijke Belgische Bosbouwmaatschappij\"},\"image\":{\"@id\":\"https:\\\/\\\/srfb.be\\\/de\\\/#\\\/schema\\\/logo\\\/image\\\/\"},\"sameAs\":[\"https:\\\/\\\/www.facebook.com\\\/srfb.be\",\"https:\\\/\\\/www.instagram.com\\\/srfb_kbbm\\\/\",\"https:\\\/\\\/www.linkedin.com\\\/company\\\/srfb-kbbm\\\/\",\"https:\\\/\\\/www.youtube.com\\\/user\\\/srfbkbbm\"]}]}<\/script>\n<!-- \/ Yoast SEO plugin. -->","yoast_head_json":{"title":"Succesvolle registratie - Koninklijke Bosbouwvereniging van Belgi\u00eb","robots":{"index":"index","follow":"follow","max-snippet":"max-snippet:-1","max-image-preview":"max-image-preview:large","max-video-preview":"max-video-preview:-1"},"canonical":"https:\/\/srfb.be\/nl\/aanmelden-silva-nieuwsbrief\/succesvolle-registratie\/","og_locale":"nl_BE","og_type":"article","og_title":"Inscription r\u00e9ussie - Soci\u00e9t\u00e9 Royale Foresti\u00e8re de Belgique","og_description":"Merci de votre int\u00e9r\u00eat ! retour page d&rsquo;accueil","og_url":"https:\/\/srfb.be\/nl\/aanmelden-silva-nieuwsbrief\/succesvolle-registratie\/","og_site_name":"Soci\u00e9t\u00e9 Royale Foresti\u00e8re de Belgique","article_publisher":"https:\/\/www.facebook.com\/srfb.be","article_modified_time":"2024-06-25T14:42:49+00:00","schema":{"@context":"https:\/\/schema.org","@graph":[{"@type":"WebPage","@id":"https:\/\/srfb.be\/de\/anmeldung-silva-newsletter\/erfolgreiche-anmeldung\/","url":"https:\/\/srfb.be\/de\/anmeldung-silva-newsletter\/erfolgreiche-anmeldung\/","name":"Succesvolle registratie - Koninklijke Bosbouwvereniging van Belgi\u00eb","isPartOf":{"@id":"https:\/\/srfb.be\/de\/#website"},"datePublished":"2022-09-13T10:45:34+00:00","dateModified":"2024-06-25T14:42:49+00:00","breadcrumb":{"@id":"https:\/\/srfb.be\/de\/anmeldung-silva-newsletter\/erfolgreiche-anmeldung\/#breadcrumb"},"inLanguage":"nl-BE","potentialAction":[{"@type":"ReadAction","target":["https:\/\/srfb.be\/de\/anmeldung-silva-newsletter\/erfolgreiche-anmeldung\/"]}]},{"@type":"BreadcrumbList","@id":"https:\/\/srfb.be\/de\/anmeldung-silva-newsletter\/erfolgreiche-anmeldung\/#breadcrumb","itemListElement":[{"@type":"ListItem","position":1,"name":"Accueil","item":"https:\/\/srfb.be\/de\/"},{"@type":"ListItem","position":2,"name":"Inscription Newsletter Silva","item":"https:\/\/srfb.be\/de\/anmeldung-silva-newsletter\/"},{"@type":"ListItem","position":3,"name":"Inscription r\u00e9ussie"}]},{"@type":"WebSite","@id":"https:\/\/srfb.be\/de\/#website","url":"https:\/\/srfb.be\/de\/","name":"Koninklijke Belgische Bosbouwmaatschappij","description":"Ten dienste van het bos en de bosbouwers","publisher":{"@id":"https:\/\/srfb.be\/de\/#organization"},"alternateName":"SRFB-KBBM","potentialAction":[{"@type":"SearchAction","target":{"@type":"EntryPoint","urlTemplate":"https:\/\/srfb.be\/de\/?s={search_term_string}"},"query-input":{"@type":"PropertyValueSpecification","valueRequired":true,"valueName":"search_term_string"}}],"inLanguage":"nl-BE"},{"@type":"Organization","@id":"https:\/\/srfb.be\/de\/#organization","name":"Soci\u00e9t\u00e9 Royale Foresti\u00e8re De Belgique - Koninklijke Belgische Bosbouwmaatschappij","alternateName":"SRFB-KBBM","url":"https:\/\/srfb.be\/de\/","logo":{"@type":"ImageObject","inLanguage":"nl-BE","@id":"https:\/\/srfb.be\/de\/#\/schema\/logo\/image\/","url":"https:\/\/srfb.be\/wp-content\/uploads\/2019\/06\/android-chrome-256x256.png","contentUrl":"https:\/\/srfb.be\/wp-content\/uploads\/2019\/06\/android-chrome-256x256.png","width":1200,"height":1232,"caption":"Soci\u00e9t\u00e9 Royale Foresti\u00e8re De Belgique - Koninklijke Belgische Bosbouwmaatschappij"},"image":{"@id":"https:\/\/srfb.be\/de\/#\/schema\/logo\/image\/"},"sameAs":["https:\/\/www.facebook.com\/srfb.be","https:\/\/www.instagram.com\/srfb_kbbm\/","https:\/\/www.linkedin.com\/company\/srfb-kbbm\/","https:\/\/www.youtube.com\/user\/srfbkbbm"]}]}},"_links":{"self":[{"href":"https:\/\/srfb.be\/nl\/wp-json\/wp\/v2\/pages\/26734","targetHints":{"allow":["GET"]}}],"collection":[{"href":"https:\/\/srfb.be\/nl\/wp-json\/wp\/v2\/pages"}],"about":[{"href":"https:\/\/srfb.be\/nl\/wp-json\/wp\/v2\/types\/page"}],"author":[{"embeddable":true,"href":"https:\/\/srfb.be\/nl\/wp-json\/wp\/v2\/users\/18"}],"replies":[{"embeddable":true,"href":"https:\/\/srfb.be\/nl\/wp-json\/wp\/v2\/comments?post=26734"}],"version-history":[{"count":0,"href":"https:\/\/srfb.be\/nl\/wp-json\/wp\/v2\/pages\/26734\/revisions"}],"up":[{"embeddable":true,"href":"https:\/\/srfb.be\/nl\/wp-json\/wp\/v2\/pages\/6719"}],"wp:attachment":[{"href":"https:\/\/srfb.be\/nl\/wp-json\/wp\/v2\/media?parent=26734"}],"curies":[{"name":"wp","href":"https:\/\/api.w.org\/{rel}","templated":true}]}}