{"id":15904,"date":"2021-03-09T11:31:10","date_gmt":"2021-03-09T10:31:10","guid":{"rendered":"https:\/\/www.srfb.be\/?page_id=15904"},"modified":"2026-02-25T10:13:10","modified_gmt":"2026-02-25T09:13:10","slug":"diensten-en-activiteiten","status":"publish","type":"page","link":"https:\/\/srfb.be\/nl\/forest-friends\/services-et-activites\/","title":{"rendered":"Diensten en activiteiten"},"content":{"rendered":"<div class=\"yoast-breadcrumbs\"><span><span><a href=\"https:\/\/srfb.be\/de\/\">Onthaal<\/a><\/span> &gt; <span><a href=\"https:\/\/srfb.be\/en\/forest-friends\/\">Ontdek Forest Friends<\/a><\/span> &gt; <span class=\"breadcrumb_last\" aria-current=\"page\"><strong>Diensten en activiteiten<\/strong><\/span><\/span><\/div>\n\n\n<div class=\"wp-block-group is-layout-constrained wp-container-core-group-is-layout-923c61d4 wp-block-group-is-layout-constrained\" style=\"margin-top:var(--wp--preset--spacing--60);margin-bottom:var(--wp--preset--spacing--60);padding-right:var(--wp--preset--spacing--80);padding-left:var(--wp--preset--spacing--80)\">\n<h3 class=\"wp-block-heading\">Kom het bos (her)ontdekken!<\/h3>\n\n\n\n<p>De activiteiten die Forest Friends aanbiedt, zijn bedoeld om je kennis te laten maken met het lokale bos, dat al sinds mensenheugenis verbonden is met de mensheid. Jong of oud, op school, met het gezin of met collega's, onze gidsen en begeleiders heten u van harte welkom.<\/p>\n<\/div>\n\n\n\n<div class=\"wp-block-group is-content-justification-center is-layout-flex wp-container-core-group-is-layout-b02886af wp-block-group-is-layout-flex\">\n<div class=\"wp-block-group has-background wp-container-content-f613b356 is-vertical is-content-justification-center is-layout-flex wp-container-core-group-is-layout-2dfaf68c wp-block-group-is-layout-flex\" style=\"border-radius:5px;background-color:#f2f2f2;min-height:320px;padding-top:0;padding-right:0;padding-bottom:var(--wp--preset--spacing--40);padding-left:0\">\n<figure class=\"wp-block-image size-large has-custom-border\" style=\"margin-bottom:var(--wp--preset--spacing--40)\"><img loading=\"lazy\" decoding=\"async\" width=\"791\" height=\"1024\" src=\"https:\/\/srfb.be\/wp-content\/uploads\/2022\/05\/Silva-3-2022-HD-791x1024.jpg\" alt=\"bosvrienden - cover silva 3 2022\" class=\"wp-image-24023\" style=\"border-top-left-radius:5px;border-top-right-radius:5px;border-bottom-left-radius:0px;border-bottom-right-radius:0px;aspect-ratio:3\/2;object-fit:cover\" srcset=\"https:\/\/srfb.be\/wp-content\/uploads\/2022\/05\/Silva-3-2022-HD-791x1024.jpg 791w, https:\/\/srfb.be\/wp-content\/uploads\/2022\/05\/Silva-3-2022-HD-600x777.jpg 600w, https:\/\/srfb.be\/wp-content\/uploads\/2022\/05\/Silva-3-2022-HD-232x300.jpg 232w, https:\/\/srfb.be\/wp-content\/uploads\/2022\/05\/Silva-3-2022-HD-9x12.jpg 9w, https:\/\/srfb.be\/wp-content\/uploads\/2022\/05\/Silva-3-2022-HD.jpg 1200w\" sizes=\"auto, (max-width: 791px) 100vw, 791px\" \/><\/figure>\n\n\n\n<h4 class=\"wp-block-heading has-text-align-center has-vert-claire-color-color has-text-color has-link-color has-medium-font-size wp-elements-ae5937f85f4cde9b735c39ccbf8415a8\" style=\"margin-top:0;margin-bottom:0\">Jeugdgroepen<\/h4>\n\n\n\n<div class=\"wp-block-buttons is-content-justification-center is-layout-flex wp-container-core-buttons-is-layout-c3d5205c wp-block-buttons-is-layout-flex\" style=\"margin-top:0;margin-bottom:0\">\n<div class=\"wp-block-button\"><a class=\"wp-block-button__link has-vert-fonce-color-background-color has-background has-small-font-size has-custom-font-size wp-element-button\" href=\"\/nl\/forest-friends\/diensten-en-activiteiten\/jeugdgroepen\/\" style=\"padding-top:var(--wp--preset--spacing--30);padding-right:var(--wp--preset--spacing--50);padding-bottom:var(--wp--preset--spacing--30);padding-left:var(--wp--preset--spacing--50)\">Meer info<\/a><\/div>\n<\/div>\n<\/div>\n\n\n\n<div class=\"wp-block-group has-background wp-container-content-f613b356 is-vertical is-content-justification-center is-layout-flex wp-container-core-group-is-layout-2dfaf68c wp-block-group-is-layout-flex\" style=\"border-radius:5px;background-color:#f2f2f2;min-height:320px;padding-top:0;padding-right:0;padding-bottom:var(--wp--preset--spacing--40);padding-left:0\">\n<figure class=\"wp-block-image size-large has-custom-border\" style=\"margin-bottom:var(--wp--preset--spacing--40)\"><img loading=\"lazy\" decoding=\"async\" width=\"1024\" height=\"768\" src=\"https:\/\/srfb.be\/wp-content\/uploads\/2024\/09\/groupe-formation-1024x768.jpg\" alt=\"Trainingsgroep\" class=\"wp-image-37229\" style=\"border-top-left-radius:5px;border-top-right-radius:5px;border-bottom-left-radius:0px;border-bottom-right-radius:0px;aspect-ratio:3\/2;object-fit:cover\" srcset=\"https:\/\/srfb.be\/wp-content\/uploads\/2024\/09\/groupe-formation-1024x768.jpg 1024w, https:\/\/srfb.be\/wp-content\/uploads\/2024\/09\/groupe-formation-300x225.jpg 300w, https:\/\/srfb.be\/wp-content\/uploads\/2024\/09\/groupe-formation-16x12.jpg 16w, https:\/\/srfb.be\/wp-content\/uploads\/2024\/09\/groupe-formation-600x450.jpg 600w, https:\/\/srfb.be\/wp-content\/uploads\/2024\/09\/groupe-formation.jpg 1500w\" sizes=\"auto, (max-width: 1024px) 100vw, 1024px\" \/><\/figure>\n\n\n\n<h4 class=\"wp-block-heading has-text-align-center has-vert-claire-color-color has-text-color has-link-color has-medium-font-size wp-elements-1f5f39f13540be46c28a7c6d65a8407f\" style=\"margin-top:0;margin-bottom:0\">Leraren, gidsen en leiders<\/h4>\n\n\n\n<div class=\"wp-block-buttons is-content-justification-center is-layout-flex wp-container-core-buttons-is-layout-c3d5205c wp-block-buttons-is-layout-flex\" style=\"margin-top:0;margin-bottom:0\">\n<div class=\"wp-block-button\"><a class=\"wp-block-button__link has-vert-fonce-color-background-color has-background has-small-font-size has-custom-font-size wp-element-button\" href=\"\/nl\/forest-friends\/diensten-en-activiteiten\/pedagogische-gidsen-en-leiders\/\" style=\"padding-top:var(--wp--preset--spacing--30);padding-right:var(--wp--preset--spacing--50);padding-bottom:var(--wp--preset--spacing--30);padding-left:var(--wp--preset--spacing--50)\">Meer info<\/a><\/div>\n<\/div>\n<\/div>\n\n\n\n<div class=\"wp-block-group has-background wp-container-content-f613b356 is-vertical is-content-justification-center is-layout-flex wp-container-core-group-is-layout-2dfaf68c wp-block-group-is-layout-flex\" style=\"border-radius:5px;background-color:#f2f2f2;min-height:320px;padding-top:0;padding-right:0;padding-bottom:var(--wp--preset--spacing--40);padding-left:0\">\n<figure class=\"wp-block-image size-large has-custom-border\" style=\"margin-bottom:var(--wp--preset--spacing--40)\"><img loading=\"lazy\" decoding=\"async\" width=\"1024\" height=\"679\" src=\"https:\/\/srfb.be\/wp-content\/uploads\/2024\/03\/Forest_short-1024x679.png\" alt=\"\" class=\"wp-image-35423\" style=\"border-top-left-radius:5px;border-top-right-radius:5px;border-bottom-left-radius:0px;border-bottom-right-radius:0px;aspect-ratio:3\/2;object-fit:cover\" srcset=\"https:\/\/srfb.be\/wp-content\/uploads\/2024\/03\/Forest_short-1024x679.png 1024w, https:\/\/srfb.be\/wp-content\/uploads\/2024\/03\/Forest_short-600x398.png 600w, https:\/\/srfb.be\/wp-content\/uploads\/2024\/03\/Forest_short-300x199.png 300w, https:\/\/srfb.be\/wp-content\/uploads\/2024\/03\/Forest_short-18x12.png 18w, https:\/\/srfb.be\/wp-content\/uploads\/2024\/03\/Forest_short.png 1140w\" sizes=\"auto, (max-width: 1024px) 100vw, 1024px\" \/><\/figure>\n\n\n\n<h4 class=\"wp-block-heading has-text-align-center has-vert-claire-color-color has-text-color has-link-color has-medium-font-size wp-elements-700a9998b1734dd37097648414efd562\">Bedrijven<\/h4>\n\n\n\n<div class=\"wp-block-buttons is-layout-flex wp-block-buttons-is-layout-flex\" style=\"margin-top:0;margin-bottom:0\">\n<div class=\"wp-block-button\"><a class=\"wp-block-button__link has-vert-fonce-color-background-color has-background has-small-font-size has-custom-font-size wp-element-button\" href=\"\/nl\/forest-friends\/diensten-en-activiteiten\/bedrijven\/\" style=\"padding-top:var(--wp--preset--spacing--30);padding-right:var(--wp--preset--spacing--50);padding-bottom:var(--wp--preset--spacing--30);padding-left:var(--wp--preset--spacing--50)\">Meer info<\/a><\/div>\n<\/div>\n<\/div>\n\n\n\n<div class=\"wp-block-group has-background wp-container-content-f613b356 is-vertical is-content-justification-center is-layout-flex wp-container-core-group-is-layout-2dfaf68c wp-block-group-is-layout-flex\" style=\"border-radius:5px;background-color:#f2f2f2;min-height:320px;padding-top:0;padding-right:0;padding-bottom:var(--wp--preset--spacing--40);padding-left:0\">\n<figure class=\"wp-block-image size-large has-custom-border\" style=\"margin-bottom:var(--wp--preset--spacing--40)\"><img loading=\"lazy\" decoding=\"async\" width=\"1024\" height=\"768\" src=\"https:\/\/srfb.be\/wp-content\/uploads\/2019\/07\/Formation-des-guides-forestiers-scaled-1024x768.jpg\" alt=\"Opleiding tot bosgids\" class=\"wp-image-7867\" style=\"border-top-left-radius:5px;border-top-right-radius:5px;border-bottom-left-radius:0px;border-bottom-right-radius:0px;aspect-ratio:3\/2;object-fit:cover\" srcset=\"https:\/\/srfb.be\/wp-content\/uploads\/2019\/07\/Formation-des-guides-forestiers-scaled-1024x768.jpg 1024w, https:\/\/srfb.be\/wp-content\/uploads\/2019\/07\/Formation-des-guides-forestiers-scaled-600x450.jpg 600w, https:\/\/srfb.be\/wp-content\/uploads\/2019\/07\/Formation-des-guides-forestiers-scaled-300x225.jpg 300w, https:\/\/srfb.be\/wp-content\/uploads\/2019\/07\/Formation-des-guides-forestiers-scaled-16x12.jpg 16w, https:\/\/srfb.be\/wp-content\/uploads\/2019\/07\/Formation-des-guides-forestiers-scaled.jpg 1700w\" sizes=\"auto, (max-width: 1024px) 100vw, 1024px\" \/><\/figure>\n\n\n\n<h4 class=\"wp-block-heading has-text-align-center has-vert-claire-color-color has-text-color has-link-color has-medium-font-size wp-elements-76b2c06f913df8167a1804e885276b12\">Gezinnen (KBBM-lid) en verenigingen<\/h4>\n\n\n\n<div class=\"wp-block-buttons is-layout-flex wp-block-buttons-is-layout-flex\" style=\"margin-top:0;margin-bottom:0\">\n<div class=\"wp-block-button\"><a class=\"wp-block-button__link has-vert-fonce-color-background-color has-background has-small-font-size has-custom-font-size wp-element-button\" href=\"\/nl\/forest-friends\/diensten-en-activiteiten\/gezinnen-en-de-associatieve\/\" style=\"padding-top:var(--wp--preset--spacing--30);padding-right:var(--wp--preset--spacing--50);padding-bottom:var(--wp--preset--spacing--30);padding-left:var(--wp--preset--spacing--50)\">Meer info<\/a><\/div>\n<\/div>\n<\/div>\n\n\n\n<div class=\"wp-block-group has-background wp-container-content-f613b356 is-vertical is-content-justification-center is-layout-flex wp-container-core-group-is-layout-2dfaf68c wp-block-group-is-layout-flex\" style=\"border-radius:5px;background-color:#f2f2f2;min-height:320px;padding-top:0;padding-right:0;padding-bottom:var(--wp--preset--spacing--40);padding-left:0\">\n<figure class=\"wp-block-image size-full has-custom-border\" style=\"margin-bottom:var(--wp--preset--spacing--40)\"><img loading=\"lazy\" decoding=\"async\" width=\"1500\" height=\"1061\" src=\"https:\/\/srfb.be\/wp-content\/uploads\/2021\/03\/148913433_1123406658109822_3114323657922079545_n.jpg\" alt=\"Panelen\" class=\"wp-image-15938\" style=\"border-top-left-radius:5px;border-top-right-radius:5px;border-bottom-left-radius:0px;border-bottom-right-radius:0px;aspect-ratio:3\/2;object-fit:cover\" srcset=\"https:\/\/srfb.be\/wp-content\/uploads\/2021\/03\/148913433_1123406658109822_3114323657922079545_n.jpg 1500w, https:\/\/srfb.be\/wp-content\/uploads\/2021\/03\/148913433_1123406658109822_3114323657922079545_n-300x212.jpg 300w, https:\/\/srfb.be\/wp-content\/uploads\/2021\/03\/148913433_1123406658109822_3114323657922079545_n-1024x724.jpg 1024w, https:\/\/srfb.be\/wp-content\/uploads\/2021\/03\/148913433_1123406658109822_3114323657922079545_n-768x543.jpg 768w, https:\/\/srfb.be\/wp-content\/uploads\/2021\/03\/148913433_1123406658109822_3114323657922079545_n-18x12.jpg 18w, https:\/\/srfb.be\/wp-content\/uploads\/2021\/03\/148913433_1123406658109822_3114323657922079545_n-600x424.jpg 600w\" sizes=\"auto, (max-width: 1500px) 100vw, 1500px\" \/><\/figure>\n\n\n\n<h4 class=\"wp-block-heading has-text-align-center has-vert-claire-color-color has-text-color has-link-color has-medium-font-size wp-elements-cf68dea638a80e31421e33b385731962\">Boseigenaars<\/h4>\n\n\n\n<div class=\"wp-block-buttons is-layout-flex wp-block-buttons-is-layout-flex\" style=\"margin-top:0;margin-bottom:0\">\n<div class=\"wp-block-button\"><a class=\"wp-block-button__link has-vert-fonce-color-background-color has-background has-small-font-size has-custom-font-size wp-element-button\" href=\"\/nl\/forest-friends\/diensten-en-activiteiten\/boseigenaren-of-beheerders\/\" style=\"padding-top:var(--wp--preset--spacing--30);padding-right:var(--wp--preset--spacing--50);padding-bottom:var(--wp--preset--spacing--30);padding-left:var(--wp--preset--spacing--50)\">Meer info<\/a><\/div>\n<\/div>\n<\/div>\n<\/div>","protected":false},"excerpt":{"rendered":"<p>Venez (re)d\u00e9couvrir la for\u00eat&nbsp;! Les activit\u00e9s propos\u00e9es par Forest Friends ont pour but de vous pr\u00e9senter la for\u00eat d\u2019ici, li\u00e9e \u00e0 l\u2019homme depuis la nuit des temps. Pour petits et grands, avec l\u2019\u00e9cole, en famille ou encore entre coll\u00e8gues, nos guides et animateurs se feront un plaisir de vous accueillir. Groupes de jeunes Enseignants, guides&#8230; <\/p>\n<div class=\"clear\"><\/div>\n<p><a href=\"https:\/\/srfb.be\/nl\/forest-friends\/services-et-activites\/\" class=\"excerpt-read-more\">Meer lezen<\/a><\/p>","protected":false},"author":18,"featured_media":0,"parent":6379,"menu_order":0,"comment_status":"closed","ping_status":"closed","template":"","meta":{"iawp_total_views":391,"footnotes":""},"class_list":["post-15904","page","type-page","status-publish","hentry"],"yoast_head":"<!-- This site is optimized with the Yoast SEO plugin v27.3 - https:\/\/yoast.com\/product\/yoast-seo-wordpress\/ -->\n<title>Services et activit\u00e9s - Soci\u00e9t\u00e9 Royale Foresti\u00e8re de Belgique<\/title>\n<meta name=\"description\" content=\"Forest Friends regroupe tous les activit\u00e9s de la SRFB \u00e0 destination du grand public. Leur but ? Vous faire d\u00e9couvrir les nombreux r\u00f4les de la for\u00eat.\" \/>\n<meta name=\"robots\" content=\"index, follow, max-snippet:-1, max-image-preview:large, max-video-preview:-1\" \/>\n<link rel=\"canonical\" href=\"https:\/\/kbbm.be\/nl\/forest-friends\/diensten-en-activiteiten\/\" \/>\n<meta property=\"og:locale\" content=\"nl_BE\" \/>\n<meta property=\"og:type\" content=\"article\" \/>\n<meta property=\"og:title\" content=\"Services et activit\u00e9s - Soci\u00e9t\u00e9 Royale Foresti\u00e8re de Belgique\" \/>\n<meta property=\"og:description\" content=\"Forest Friends regroupe tous les activit\u00e9s de la SRFB \u00e0 destination du grand public. Leur but ? Vous faire d\u00e9couvrir les nombreux r\u00f4les de la for\u00eat.\" \/>\n<meta property=\"og:url\" content=\"https:\/\/kbbm.be\/nl\/forest-friends\/diensten-en-activiteiten\/\" \/>\n<meta property=\"og:site_name\" content=\"Soci\u00e9t\u00e9 Royale Foresti\u00e8re de Belgique\" \/>\n<meta property=\"article:publisher\" content=\"https:\/\/www.facebook.com\/srfb.be\" \/>\n<meta property=\"article:modified_time\" content=\"2026-02-25T09:13:10+00:00\" \/>\n<meta property=\"og:image\" content=\"https:\/\/srfb.be\/wp-content\/uploads\/2022\/05\/Silva-3-2022-HD-791x1024.jpg\" \/>\n<script type=\"application\/ld+json\" class=\"yoast-schema-graph\">{\"@context\":\"https:\\\/\\\/schema.org\",\"@graph\":[{\"@type\":\"WebPage\",\"@id\":\"https:\\\/\\\/kbbm.be\\\/nl\\\/forest-friends\\\/diensten-en-activiteiten\\\/\",\"url\":\"https:\\\/\\\/kbbm.be\\\/nl\\\/forest-friends\\\/diensten-en-activiteiten\\\/\",\"name\":\"Services et activit\u00e9s - Soci\u00e9t\u00e9 Royale Foresti\u00e8re de Belgique\",\"isPartOf\":{\"@id\":\"https:\\\/\\\/srfb.be\\\/de\\\/#website\"},\"primaryImageOfPage\":{\"@id\":\"https:\\\/\\\/kbbm.be\\\/nl\\\/forest-friends\\\/diensten-en-activiteiten\\\/#primaryimage\"},\"image\":{\"@id\":\"https:\\\/\\\/kbbm.be\\\/nl\\\/forest-friends\\\/diensten-en-activiteiten\\\/#primaryimage\"},\"thumbnailUrl\":\"https:\\\/\\\/srfb.be\\\/wp-content\\\/uploads\\\/2022\\\/05\\\/Silva-3-2022-HD-791x1024.jpg\",\"datePublished\":\"2021-03-09T10:31:10+00:00\",\"dateModified\":\"2026-02-25T09:13:10+00:00\",\"description\":\"Forest Friends regroupe tous les activit\u00e9s de la SRFB \u00e0 destination du grand public. Leur but ? Vous faire d\u00e9couvrir les nombreux r\u00f4les de la for\u00eat.\",\"breadcrumb\":{\"@id\":\"https:\\\/\\\/kbbm.be\\\/nl\\\/forest-friends\\\/diensten-en-activiteiten\\\/#breadcrumb\"},\"inLanguage\":\"nl-BE\",\"potentialAction\":[{\"@type\":\"ReadAction\",\"target\":[\"https:\\\/\\\/kbbm.be\\\/nl\\\/forest-friends\\\/diensten-en-activiteiten\\\/\"]}]},{\"@type\":\"ImageObject\",\"inLanguage\":\"nl-BE\",\"@id\":\"https:\\\/\\\/kbbm.be\\\/nl\\\/forest-friends\\\/diensten-en-activiteiten\\\/#primaryimage\",\"url\":\"https:\\\/\\\/srfb.be\\\/wp-content\\\/uploads\\\/2022\\\/05\\\/Silva-3-2022-HD-791x1024.jpg\",\"contentUrl\":\"https:\\\/\\\/srfb.be\\\/wp-content\\\/uploads\\\/2022\\\/05\\\/Silva-3-2022-HD-791x1024.jpg\"},{\"@type\":\"BreadcrumbList\",\"@id\":\"https:\\\/\\\/kbbm.be\\\/nl\\\/forest-friends\\\/diensten-en-activiteiten\\\/#breadcrumb\",\"itemListElement\":[{\"@type\":\"ListItem\",\"position\":1,\"name\":\"Accueil\",\"item\":\"https:\\\/\\\/srfb.be\\\/de\\\/\"},{\"@type\":\"ListItem\",\"position\":2,\"name\":\"D\u00e9couvrez Forest Friends\",\"item\":\"https:\\\/\\\/srfb.be\\\/en\\\/forest-friends\\\/\"},{\"@type\":\"ListItem\",\"position\":3,\"name\":\"Services et activit\u00e9s\"}]},{\"@type\":\"WebSite\",\"@id\":\"https:\\\/\\\/srfb.be\\\/de\\\/#website\",\"url\":\"https:\\\/\\\/srfb.be\\\/de\\\/\",\"name\":\"Soci\u00e9t\u00e9 Royale Foresti\u00e8re de Belgique\",\"description\":\"Au service de la for\u00eat et des forestiers\",\"publisher\":{\"@id\":\"https:\\\/\\\/srfb.be\\\/de\\\/#organization\"},\"alternateName\":\"SRFB-KBBM\",\"potentialAction\":[{\"@type\":\"SearchAction\",\"target\":{\"@type\":\"EntryPoint\",\"urlTemplate\":\"https:\\\/\\\/srfb.be\\\/de\\\/?s={search_term_string}\"},\"query-input\":{\"@type\":\"PropertyValueSpecification\",\"valueRequired\":true,\"valueName\":\"search_term_string\"}}],\"inLanguage\":\"nl-BE\"},{\"@type\":\"Organization\",\"@id\":\"https:\\\/\\\/srfb.be\\\/de\\\/#organization\",\"name\":\"Soci\u00e9t\u00e9 Royale Foresti\u00e8re De Belgique - Koninklijke Belgische Bosbouwmaatschappij\",\"alternateName\":\"SRFB-KBBM\",\"url\":\"https:\\\/\\\/srfb.be\\\/de\\\/\",\"logo\":{\"@type\":\"ImageObject\",\"inLanguage\":\"nl-BE\",\"@id\":\"https:\\\/\\\/srfb.be\\\/de\\\/#\\\/schema\\\/logo\\\/image\\\/\",\"url\":\"https:\\\/\\\/srfb.be\\\/wp-content\\\/uploads\\\/2019\\\/06\\\/android-chrome-256x256.png\",\"contentUrl\":\"https:\\\/\\\/srfb.be\\\/wp-content\\\/uploads\\\/2019\\\/06\\\/android-chrome-256x256.png\",\"width\":1200,\"height\":1232,\"caption\":\"Soci\u00e9t\u00e9 Royale Foresti\u00e8re De Belgique - Koninklijke Belgische Bosbouwmaatschappij\"},\"image\":{\"@id\":\"https:\\\/\\\/srfb.be\\\/de\\\/#\\\/schema\\\/logo\\\/image\\\/\"},\"sameAs\":[\"https:\\\/\\\/www.facebook.com\\\/srfb.be\",\"https:\\\/\\\/www.instagram.com\\\/srfb_kbbm\\\/\",\"https:\\\/\\\/www.linkedin.com\\\/company\\\/srfb-kbbm\\\/\",\"https:\\\/\\\/www.youtube.com\\\/user\\\/srfbkbbm\"]}]}<\/script>\n<!-- \/ Yoast SEO plugin. -->","yoast_head_json":{"title":"Diensten en activiteiten - Koninklijke Belgische Bosbouwmaatschappij","description":"Forest Friends bundelt alle activiteiten van de SRFB die gericht zijn op het grote publiek. Hun doel? Je de vele rollen van het bos laten ontdekken.","robots":{"index":"index","follow":"follow","max-snippet":"max-snippet:-1","max-image-preview":"max-image-preview:large","max-video-preview":"max-video-preview:-1"},"canonical":"https:\/\/kbbm.be\/nl\/forest-friends\/diensten-en-activiteiten\/","og_locale":"nl_BE","og_type":"article","og_title":"Services et activit\u00e9s - Soci\u00e9t\u00e9 Royale Foresti\u00e8re de Belgique","og_description":"Forest Friends regroupe tous les activit\u00e9s de la SRFB \u00e0 destination du grand public. Leur but ? Vous faire d\u00e9couvrir les nombreux r\u00f4les de la for\u00eat.","og_url":"https:\/\/kbbm.be\/nl\/forest-friends\/diensten-en-activiteiten\/","og_site_name":"Soci\u00e9t\u00e9 Royale Foresti\u00e8re de Belgique","article_publisher":"https:\/\/www.facebook.com\/srfb.be","article_modified_time":"2026-02-25T09:13:10+00:00","og_image":[{"url":"https:\/\/srfb.be\/wp-content\/uploads\/2022\/05\/Silva-3-2022-HD-791x1024.jpg","type":"","width":"","height":""}],"schema":{"@context":"https:\/\/schema.org","@graph":[{"@type":"WebPage","@id":"https:\/\/kbbm.be\/nl\/forest-friends\/diensten-en-activiteiten\/","url":"https:\/\/kbbm.be\/nl\/forest-friends\/diensten-en-activiteiten\/","name":"Diensten en activiteiten - Koninklijke Belgische Bosbouwmaatschappij","isPartOf":{"@id":"https:\/\/srfb.be\/de\/#website"},"primaryImageOfPage":{"@id":"https:\/\/kbbm.be\/nl\/forest-friends\/diensten-en-activiteiten\/#primaryimage"},"image":{"@id":"https:\/\/kbbm.be\/nl\/forest-friends\/diensten-en-activiteiten\/#primaryimage"},"thumbnailUrl":"https:\/\/srfb.be\/wp-content\/uploads\/2022\/05\/Silva-3-2022-HD-791x1024.jpg","datePublished":"2021-03-09T10:31:10+00:00","dateModified":"2026-02-25T09:13:10+00:00","description":"Forest Friends bundelt alle activiteiten van de SRFB die gericht zijn op het grote publiek. Hun doel? Je de vele rollen van het bos laten ontdekken.","breadcrumb":{"@id":"https:\/\/kbbm.be\/nl\/forest-friends\/diensten-en-activiteiten\/#breadcrumb"},"inLanguage":"nl-BE","potentialAction":[{"@type":"ReadAction","target":["https:\/\/kbbm.be\/nl\/forest-friends\/diensten-en-activiteiten\/"]}]},{"@type":"ImageObject","inLanguage":"nl-BE","@id":"https:\/\/kbbm.be\/nl\/forest-friends\/diensten-en-activiteiten\/#primaryimage","url":"https:\/\/srfb.be\/wp-content\/uploads\/2022\/05\/Silva-3-2022-HD-791x1024.jpg","contentUrl":"https:\/\/srfb.be\/wp-content\/uploads\/2022\/05\/Silva-3-2022-HD-791x1024.jpg"},{"@type":"BreadcrumbList","@id":"https:\/\/kbbm.be\/nl\/forest-friends\/diensten-en-activiteiten\/#breadcrumb","itemListElement":[{"@type":"ListItem","position":1,"name":"Accueil","item":"https:\/\/srfb.be\/de\/"},{"@type":"ListItem","position":2,"name":"D\u00e9couvrez Forest Friends","item":"https:\/\/srfb.be\/en\/forest-friends\/"},{"@type":"ListItem","position":3,"name":"Services et activit\u00e9s"}]},{"@type":"WebSite","@id":"https:\/\/srfb.be\/de\/#website","url":"https:\/\/srfb.be\/de\/","name":"Koninklijke Belgische Bosbouwmaatschappij","description":"Ten dienste van het bos en de bosbouwers","publisher":{"@id":"https:\/\/srfb.be\/de\/#organization"},"alternateName":"SRFB-KBBM","potentialAction":[{"@type":"SearchAction","target":{"@type":"EntryPoint","urlTemplate":"https:\/\/srfb.be\/de\/?s={search_term_string}"},"query-input":{"@type":"PropertyValueSpecification","valueRequired":true,"valueName":"search_term_string"}}],"inLanguage":"nl-BE"},{"@type":"Organization","@id":"https:\/\/srfb.be\/de\/#organization","name":"Soci\u00e9t\u00e9 Royale Foresti\u00e8re De Belgique - Koninklijke Belgische Bosbouwmaatschappij","alternateName":"SRFB-KBBM","url":"https:\/\/srfb.be\/de\/","logo":{"@type":"ImageObject","inLanguage":"nl-BE","@id":"https:\/\/srfb.be\/de\/#\/schema\/logo\/image\/","url":"https:\/\/srfb.be\/wp-content\/uploads\/2019\/06\/android-chrome-256x256.png","contentUrl":"https:\/\/srfb.be\/wp-content\/uploads\/2019\/06\/android-chrome-256x256.png","width":1200,"height":1232,"caption":"Soci\u00e9t\u00e9 Royale Foresti\u00e8re De Belgique - Koninklijke Belgische Bosbouwmaatschappij"},"image":{"@id":"https:\/\/srfb.be\/de\/#\/schema\/logo\/image\/"},"sameAs":["https:\/\/www.facebook.com\/srfb.be","https:\/\/www.instagram.com\/srfb_kbbm\/","https:\/\/www.linkedin.com\/company\/srfb-kbbm\/","https:\/\/www.youtube.com\/user\/srfbkbbm"]}]}},"_links":{"self":[{"href":"https:\/\/srfb.be\/nl\/wp-json\/wp\/v2\/pages\/15904","targetHints":{"allow":["GET"]}}],"collection":[{"href":"https:\/\/srfb.be\/nl\/wp-json\/wp\/v2\/pages"}],"about":[{"href":"https:\/\/srfb.be\/nl\/wp-json\/wp\/v2\/types\/page"}],"author":[{"embeddable":true,"href":"https:\/\/srfb.be\/nl\/wp-json\/wp\/v2\/users\/18"}],"replies":[{"embeddable":true,"href":"https:\/\/srfb.be\/nl\/wp-json\/wp\/v2\/comments?post=15904"}],"version-history":[{"count":1,"href":"https:\/\/srfb.be\/nl\/wp-json\/wp\/v2\/pages\/15904\/revisions"}],"predecessor-version":[{"id":39736,"href":"https:\/\/srfb.be\/nl\/wp-json\/wp\/v2\/pages\/15904\/revisions\/39736"}],"up":[{"embeddable":true,"href":"https:\/\/srfb.be\/nl\/wp-json\/wp\/v2\/pages\/6379"}],"wp:attachment":[{"href":"https:\/\/srfb.be\/nl\/wp-json\/wp\/v2\/media?parent=15904"}],"curies":[{"name":"wp","href":"https:\/\/api.w.org\/{rel}","templated":true}]}}