{"id":12299,"date":"2020-05-08T13:43:11","date_gmt":"2020-05-08T13:43:11","guid":{"rendered":"https:\/\/new.srfb.be\/?page_id=12299"},"modified":"2024-11-12T16:24:06","modified_gmt":"2024-11-12T15:24:06","slug":"smartphone_foret","status":"publish","type":"page","link":"https:\/\/srfb.be\/nl\/formations-et-activites\/je-me-forme-pour-ma-foret\/ressources-educatives\/smartphone_foret\/","title":{"rendered":"De smartphone en het bos"},"content":{"rendered":"<div class=\"yoast-breadcrumbs\"><span><span><a href=\"https:\/\/srfb.be\/nl\/\">Onthaal<\/a><\/span> &gt; <span><a href=\"https:\/\/kbbm.be\/nl\/opleidingen-en-activiteiten\/\">Opleidingen en activiteiten<\/a><\/span> &gt; <span><a href=\"https:\/\/srfb.be\/nl\/opleidingen-en-activiteiten\/trainen-voor-mijn-bos\/\">Trainen voor mijn bos<\/a><\/span> &gt; <span><a href=\"https:\/\/srfb.be\/nl\/opleidingen-en-activiteiten\/trainen-voor-mijn-bos\/onderwijs-bronnen\/\">Onderwijsmiddelen<\/a><\/span> &gt; <span class=\"breadcrumb_last\" aria-current=\"page\"><strong>De smartphone en het bos<\/strong><\/span><\/span><\/div>\n\n\n<div class=\"wp-block-group alignfull is-layout-constrained wp-block-group-is-layout-constrained\" style=\"margin-top:var(--wp--preset--spacing--80);margin-bottom:0\">\n<iframe style=\"width: 100%; height: 85vh; display: block; padding: 0; margin: 0; max-width: 100%;\" src=\"https:\/\/padlet.com\/embed\/p9zk5op0cdkqiv8v\" frameborder=\"0\"><\/iframe>\n<\/div>","protected":false},"excerpt":{"rendered":"<p>Applications et sites webs utiles pour pratiquer de la reconnaissance faune\/flore, pratiquer des mesures, pour jouer avec les enfants, &#8230;<\/p>","protected":false},"author":18,"featured_media":31974,"parent":35919,"menu_order":0,"comment_status":"closed","ping_status":"closed","template":"","meta":{"iawp_total_views":22,"footnotes":""},"class_list":["post-12299","page","type-page","status-publish","has-post-thumbnail","hentry"],"yoast_head":"<!-- This site is optimized with the Yoast SEO plugin v27.3 - https:\/\/yoast.com\/product\/yoast-seo-wordpress\/ -->\n<title>Le smartphone et la for\u00eat - Soci\u00e9t\u00e9 Royale Foresti\u00e8re de Belgique<\/title>\n<meta name=\"robots\" content=\"index, follow, max-snippet:-1, max-image-preview:large, max-video-preview:-1\" \/>\n<link rel=\"canonical\" href=\"https:\/\/www.kbbm.be\/nl\/formations-et-activites\/je-me-forme-pour-ma-foret\/ressources-educatives\/smartphone_foret\/\" \/>\n<meta property=\"og:locale\" content=\"nl_BE\" \/>\n<meta property=\"og:type\" content=\"article\" \/>\n<meta property=\"og:title\" content=\"Le smartphone et la for\u00eat - Soci\u00e9t\u00e9 Royale Foresti\u00e8re de Belgique\" \/>\n<meta property=\"og:description\" content=\"Applications et sites webs utiles pour pratiquer de la reconnaissance faune\/flore, pratiquer des mesures, pour jouer avec les enfants, ...\" \/>\n<meta property=\"og:url\" content=\"https:\/\/www.kbbm.be\/nl\/formations-et-activites\/je-me-forme-pour-ma-foret\/ressources-educatives\/smartphone_foret\/\" \/>\n<meta property=\"og:site_name\" content=\"Soci\u00e9t\u00e9 Royale Foresti\u00e8re de Belgique\" \/>\n<meta property=\"article:publisher\" content=\"https:\/\/www.facebook.com\/srfb.be\" \/>\n<meta property=\"article:modified_time\" content=\"2024-11-12T15:24:06+00:00\" \/>\n<meta property=\"og:image\" content=\"https:\/\/www.kbbm.be\/wp-content\/uploads\/2023\/06\/F100011114-taking_a_photo_with_phone_in_the_forest1.jpg\" \/>\n\t<meta property=\"og:image:width\" content=\"900\" \/>\n\t<meta property=\"og:image:height\" content=\"600\" \/>\n\t<meta property=\"og:image:type\" content=\"image\/jpeg\" \/>\n<script type=\"application\/ld+json\" class=\"yoast-schema-graph\">{\"@context\":\"https:\\\/\\\/schema.org\",\"@graph\":[{\"@type\":\"WebPage\",\"@id\":\"https:\\\/\\\/www.kbbm.be\\\/nl\\\/formations-et-activites\\\/je-me-forme-pour-ma-foret\\\/ressources-educatives\\\/smartphone_foret\\\/\",\"url\":\"https:\\\/\\\/www.kbbm.be\\\/nl\\\/formations-et-activites\\\/je-me-forme-pour-ma-foret\\\/ressources-educatives\\\/smartphone_foret\\\/\",\"name\":\"Le smartphone et la for\u00eat - Soci\u00e9t\u00e9 Royale Foresti\u00e8re de Belgique\",\"isPartOf\":{\"@id\":\"https:\\\/\\\/srfb.be\\\/#website\"},\"primaryImageOfPage\":{\"@id\":\"https:\\\/\\\/www.kbbm.be\\\/nl\\\/formations-et-activites\\\/je-me-forme-pour-ma-foret\\\/ressources-educatives\\\/smartphone_foret\\\/#primaryimage\"},\"image\":{\"@id\":\"https:\\\/\\\/www.kbbm.be\\\/nl\\\/formations-et-activites\\\/je-me-forme-pour-ma-foret\\\/ressources-educatives\\\/smartphone_foret\\\/#primaryimage\"},\"thumbnailUrl\":\"https:\\\/\\\/srfb.be\\\/wp-content\\\/uploads\\\/2023\\\/06\\\/F100011114-taking_a_photo_with_phone_in_the_forest1.jpg\",\"datePublished\":\"2020-05-08T13:43:11+00:00\",\"dateModified\":\"2024-11-12T15:24:06+00:00\",\"breadcrumb\":{\"@id\":\"https:\\\/\\\/www.kbbm.be\\\/nl\\\/formations-et-activites\\\/je-me-forme-pour-ma-foret\\\/ressources-educatives\\\/smartphone_foret\\\/#breadcrumb\"},\"inLanguage\":\"nl-BE\",\"potentialAction\":[{\"@type\":\"ReadAction\",\"target\":[\"https:\\\/\\\/www.kbbm.be\\\/nl\\\/formations-et-activites\\\/je-me-forme-pour-ma-foret\\\/ressources-educatives\\\/smartphone_foret\\\/\"]}]},{\"@type\":\"ImageObject\",\"inLanguage\":\"nl-BE\",\"@id\":\"https:\\\/\\\/www.kbbm.be\\\/nl\\\/formations-et-activites\\\/je-me-forme-pour-ma-foret\\\/ressources-educatives\\\/smartphone_foret\\\/#primaryimage\",\"url\":\"https:\\\/\\\/srfb.be\\\/wp-content\\\/uploads\\\/2023\\\/06\\\/F100011114-taking_a_photo_with_phone_in_the_forest1.jpg\",\"contentUrl\":\"https:\\\/\\\/srfb.be\\\/wp-content\\\/uploads\\\/2023\\\/06\\\/F100011114-taking_a_photo_with_phone_in_the_forest1.jpg\",\"width\":900,\"height\":600,\"caption\":\"GSM dans une for\u00eat\"},{\"@type\":\"BreadcrumbList\",\"@id\":\"https:\\\/\\\/www.kbbm.be\\\/nl\\\/formations-et-activites\\\/je-me-forme-pour-ma-foret\\\/ressources-educatives\\\/smartphone_foret\\\/#breadcrumb\",\"itemListElement\":[{\"@type\":\"ListItem\",\"position\":1,\"name\":\"Accueil\",\"item\":\"https:\\\/\\\/srfb.be\\\/\"},{\"@type\":\"ListItem\",\"position\":2,\"name\":\"Formations et activit\u00e9s\",\"item\":\"https:\\\/\\\/kbbm.be\\\/nl\\\/opleidingen-en-activiteiten\\\/\"},{\"@type\":\"ListItem\",\"position\":3,\"name\":\"Je me forme pour ma for\u00eat\",\"item\":\"https:\\\/\\\/srfb.be\\\/nl\\\/opleidingen-en-activiteiten\\\/trainen-voor-mijn-bos\\\/\"},{\"@type\":\"ListItem\",\"position\":4,\"name\":\"Ressources \u00e9ducatives\",\"item\":\"https:\\\/\\\/srfb.be\\\/nl\\\/opleidingen-en-activiteiten\\\/trainen-voor-mijn-bos\\\/onderwijs-bronnen\\\/\"},{\"@type\":\"ListItem\",\"position\":5,\"name\":\"Le smartphone et la for\u00eat\"}]},{\"@type\":\"WebSite\",\"@id\":\"https:\\\/\\\/srfb.be\\\/#website\",\"url\":\"https:\\\/\\\/srfb.be\\\/\",\"name\":\"Soci\u00e9t\u00e9 Royale Foresti\u00e8re de Belgique\",\"description\":\"Au service de la for\u00eat et des forestiers\",\"publisher\":{\"@id\":\"https:\\\/\\\/srfb.be\\\/#organization\"},\"alternateName\":\"SRFB-KBBM\",\"potentialAction\":[{\"@type\":\"SearchAction\",\"target\":{\"@type\":\"EntryPoint\",\"urlTemplate\":\"https:\\\/\\\/srfb.be\\\/?s={search_term_string}\"},\"query-input\":{\"@type\":\"PropertyValueSpecification\",\"valueRequired\":true,\"valueName\":\"search_term_string\"}}],\"inLanguage\":\"nl-BE\"},{\"@type\":\"Organization\",\"@id\":\"https:\\\/\\\/srfb.be\\\/#organization\",\"name\":\"Soci\u00e9t\u00e9 Royale Foresti\u00e8re De Belgique - Koninklijke Belgische Bosbouwmaatschappij\",\"alternateName\":\"SRFB-KBBM\",\"url\":\"https:\\\/\\\/srfb.be\\\/\",\"logo\":{\"@type\":\"ImageObject\",\"inLanguage\":\"nl-BE\",\"@id\":\"https:\\\/\\\/srfb.be\\\/#\\\/schema\\\/logo\\\/image\\\/\",\"url\":\"https:\\\/\\\/srfb.be\\\/wp-content\\\/uploads\\\/2019\\\/06\\\/android-chrome-256x256.png\",\"contentUrl\":\"https:\\\/\\\/srfb.be\\\/wp-content\\\/uploads\\\/2019\\\/06\\\/android-chrome-256x256.png\",\"width\":1200,\"height\":1232,\"caption\":\"Soci\u00e9t\u00e9 Royale Foresti\u00e8re De Belgique - Koninklijke Belgische Bosbouwmaatschappij\"},\"image\":{\"@id\":\"https:\\\/\\\/srfb.be\\\/#\\\/schema\\\/logo\\\/image\\\/\"},\"sameAs\":[\"https:\\\/\\\/www.facebook.com\\\/srfb.be\",\"https:\\\/\\\/www.instagram.com\\\/srfb_kbbm\\\/\",\"https:\\\/\\\/www.linkedin.com\\\/company\\\/srfb-kbbm\\\/\",\"https:\\\/\\\/www.youtube.com\\\/user\\\/srfbkbbm\"]}]}<\/script>\n<!-- \/ Yoast SEO plugin. -->","yoast_head_json":{"title":"De smartphone en het bos - Koninklijke Belgische Bosbouwmaatschappij","robots":{"index":"index","follow":"follow","max-snippet":"max-snippet:-1","max-image-preview":"max-image-preview:large","max-video-preview":"max-video-preview:-1"},"canonical":"https:\/\/www.kbbm.be\/nl\/formations-et-activites\/je-me-forme-pour-ma-foret\/ressources-educatives\/smartphone_foret\/","og_locale":"nl_BE","og_type":"article","og_title":"Le smartphone et la for\u00eat - Soci\u00e9t\u00e9 Royale Foresti\u00e8re de Belgique","og_description":"Applications et sites webs utiles pour pratiquer de la reconnaissance faune\/flore, pratiquer des mesures, pour jouer avec les enfants, ...","og_url":"https:\/\/www.kbbm.be\/nl\/formations-et-activites\/je-me-forme-pour-ma-foret\/ressources-educatives\/smartphone_foret\/","og_site_name":"Soci\u00e9t\u00e9 Royale Foresti\u00e8re de Belgique","article_publisher":"https:\/\/www.facebook.com\/srfb.be","article_modified_time":"2024-11-12T15:24:06+00:00","og_image":[{"width":900,"height":600,"url":"https:\/\/www.kbbm.be\/wp-content\/uploads\/2023\/06\/F100011114-taking_a_photo_with_phone_in_the_forest1.jpg","type":"image\/jpeg"}],"schema":{"@context":"https:\/\/schema.org","@graph":[{"@type":"WebPage","@id":"https:\/\/www.kbbm.be\/nl\/formations-et-activites\/je-me-forme-pour-ma-foret\/ressources-educatives\/smartphone_foret\/","url":"https:\/\/www.kbbm.be\/nl\/formations-et-activites\/je-me-forme-pour-ma-foret\/ressources-educatives\/smartphone_foret\/","name":"De smartphone en het bos - Koninklijke Belgische Bosbouwmaatschappij","isPartOf":{"@id":"https:\/\/srfb.be\/#website"},"primaryImageOfPage":{"@id":"https:\/\/www.kbbm.be\/nl\/formations-et-activites\/je-me-forme-pour-ma-foret\/ressources-educatives\/smartphone_foret\/#primaryimage"},"image":{"@id":"https:\/\/www.kbbm.be\/nl\/formations-et-activites\/je-me-forme-pour-ma-foret\/ressources-educatives\/smartphone_foret\/#primaryimage"},"thumbnailUrl":"https:\/\/srfb.be\/wp-content\/uploads\/2023\/06\/F100011114-taking_a_photo_with_phone_in_the_forest1.jpg","datePublished":"2020-05-08T13:43:11+00:00","dateModified":"2024-11-12T15:24:06+00:00","breadcrumb":{"@id":"https:\/\/www.kbbm.be\/nl\/formations-et-activites\/je-me-forme-pour-ma-foret\/ressources-educatives\/smartphone_foret\/#breadcrumb"},"inLanguage":"nl-BE","potentialAction":[{"@type":"ReadAction","target":["https:\/\/www.kbbm.be\/nl\/formations-et-activites\/je-me-forme-pour-ma-foret\/ressources-educatives\/smartphone_foret\/"]}]},{"@type":"ImageObject","inLanguage":"nl-BE","@id":"https:\/\/www.kbbm.be\/nl\/formations-et-activites\/je-me-forme-pour-ma-foret\/ressources-educatives\/smartphone_foret\/#primaryimage","url":"https:\/\/srfb.be\/wp-content\/uploads\/2023\/06\/F100011114-taking_a_photo_with_phone_in_the_forest1.jpg","contentUrl":"https:\/\/srfb.be\/wp-content\/uploads\/2023\/06\/F100011114-taking_a_photo_with_phone_in_the_forest1.jpg","width":900,"height":600,"caption":"GSM dans une for\u00eat"},{"@type":"BreadcrumbList","@id":"https:\/\/www.kbbm.be\/nl\/formations-et-activites\/je-me-forme-pour-ma-foret\/ressources-educatives\/smartphone_foret\/#breadcrumb","itemListElement":[{"@type":"ListItem","position":1,"name":"Accueil","item":"https:\/\/srfb.be\/"},{"@type":"ListItem","position":2,"name":"Formations et activit\u00e9s","item":"https:\/\/kbbm.be\/nl\/opleidingen-en-activiteiten\/"},{"@type":"ListItem","position":3,"name":"Je me forme pour ma for\u00eat","item":"https:\/\/srfb.be\/nl\/opleidingen-en-activiteiten\/trainen-voor-mijn-bos\/"},{"@type":"ListItem","position":4,"name":"Ressources \u00e9ducatives","item":"https:\/\/srfb.be\/nl\/opleidingen-en-activiteiten\/trainen-voor-mijn-bos\/onderwijs-bronnen\/"},{"@type":"ListItem","position":5,"name":"Le smartphone et la for\u00eat"}]},{"@type":"WebSite","@id":"https:\/\/srfb.be\/#website","url":"https:\/\/srfb.be\/","name":"Koninklijke Belgische Bosbouwmaatschappij","description":"Ten dienste van het bos en de bosbouwers","publisher":{"@id":"https:\/\/srfb.be\/#organization"},"alternateName":"SRFB-KBBM","potentialAction":[{"@type":"SearchAction","target":{"@type":"EntryPoint","urlTemplate":"https:\/\/srfb.be\/?s={search_term_string}"},"query-input":{"@type":"PropertyValueSpecification","valueRequired":true,"valueName":"search_term_string"}}],"inLanguage":"nl-BE"},{"@type":"Organization","@id":"https:\/\/srfb.be\/#organization","name":"Soci\u00e9t\u00e9 Royale Foresti\u00e8re De Belgique - Koninklijke Belgische Bosbouwmaatschappij","alternateName":"SRFB-KBBM","url":"https:\/\/srfb.be\/","logo":{"@type":"ImageObject","inLanguage":"nl-BE","@id":"https:\/\/srfb.be\/#\/schema\/logo\/image\/","url":"https:\/\/srfb.be\/wp-content\/uploads\/2019\/06\/android-chrome-256x256.png","contentUrl":"https:\/\/srfb.be\/wp-content\/uploads\/2019\/06\/android-chrome-256x256.png","width":1200,"height":1232,"caption":"Soci\u00e9t\u00e9 Royale Foresti\u00e8re De Belgique - Koninklijke Belgische Bosbouwmaatschappij"},"image":{"@id":"https:\/\/srfb.be\/#\/schema\/logo\/image\/"},"sameAs":["https:\/\/www.facebook.com\/srfb.be","https:\/\/www.instagram.com\/srfb_kbbm\/","https:\/\/www.linkedin.com\/company\/srfb-kbbm\/","https:\/\/www.youtube.com\/user\/srfbkbbm"]}]}},"_links":{"self":[{"href":"https:\/\/srfb.be\/nl\/wp-json\/wp\/v2\/pages\/12299","targetHints":{"allow":["GET"]}}],"collection":[{"href":"https:\/\/srfb.be\/nl\/wp-json\/wp\/v2\/pages"}],"about":[{"href":"https:\/\/srfb.be\/nl\/wp-json\/wp\/v2\/types\/page"}],"author":[{"embeddable":true,"href":"https:\/\/srfb.be\/nl\/wp-json\/wp\/v2\/users\/18"}],"replies":[{"embeddable":true,"href":"https:\/\/srfb.be\/nl\/wp-json\/wp\/v2\/comments?post=12299"}],"version-history":[{"count":0,"href":"https:\/\/srfb.be\/nl\/wp-json\/wp\/v2\/pages\/12299\/revisions"}],"up":[{"embeddable":true,"href":"https:\/\/srfb.be\/nl\/wp-json\/wp\/v2\/pages\/35919"}],"wp:featuredmedia":[{"embeddable":true,"href":"https:\/\/srfb.be\/nl\/wp-json\/wp\/v2\/media\/31974"}],"wp:attachment":[{"href":"https:\/\/srfb.be\/nl\/wp-json\/wp\/v2\/media?parent=12299"}],"curies":[{"name":"wp","href":"https:\/\/api.w.org\/{rel}","templated":true}]}}