{"id":12157,"date":"2020-04-28T19:04:00","date_gmt":"2020-04-28T19:04:00","guid":{"rendered":"https:\/\/new.srfb.be\/?page_id=12157"},"modified":"2024-11-12T16:33:18","modified_gmt":"2024-11-12T15:33:18","slug":"realiser_un_doc_de_gestion_duurzaam","status":"publish","type":"page","link":"https:\/\/srfb.be\/nl\/formations-et-activites\/je-me-forme-pour-ma-foret\/ressources-educatives\/realiser_un_doc_de_gestion_durable\/","title":{"rendered":"Opstellen van een duurzaam beheerdocument"},"content":{"rendered":"<div class=\"yoast-breadcrumbs\"><span><span><a href=\"https:\/\/srfb.be\/de\/\">Onthaal<\/a><\/span> &gt; <span><a href=\"https:\/\/kbbm.be\/de\/schulungen-und-aktivitaten\/\">Opleidingen en activiteiten<\/a><\/span> &gt; <span><a href=\"https:\/\/kbbm.be\/de\/schulungen-und-aktivitaten\/trainiere-fur-meinen-wald\/\">Trainen voor mijn bos<\/a><\/span> &gt; <span><a href=\"https:\/\/kbbm.be\/de\/schulungen-und-aktivitaten\/trainiere-fur-meinen-wald\/bildungsressourcen\/\">Onderwijsmiddelen<\/a><\/span> &gt; <span class=\"breadcrumb_last\" aria-current=\"page\"><strong>Opstellen van een duurzaam beheerdocument<\/strong><\/span><\/span><\/div>\n\n\n<div class=\"wp-block-group alignfull is-layout-constrained wp-block-group-is-layout-constrained\" style=\"margin-top:var(--wp--preset--spacing--80);margin-bottom:0\">\n<iframe style=\"width: 100%; height: 85vh; display: block; padding: 0; margin: 0; max-width: 100%;\" src=\"https:\/\/padlet.com\/embed\/jfjxpucguw51bkmj\" frameborder=\"0\"><\/iframe>\n<\/div>","protected":false},"excerpt":{"rendered":"<p>Weten hoe je je DSG praktisch moet invullen, algemene informatie verzamelen (geschiedenis, contactgegevens, beheerders, enz.), een beheerdoel defini\u00ebren, je bos opdelen in bospercelen, een bosbouwwerkschema opstellen, enz.<\/p>","protected":false},"author":18,"featured_media":12099,"parent":35919,"menu_order":0,"comment_status":"closed","ping_status":"closed","template":"","meta":{"iawp_total_views":17,"footnotes":""},"class_list":["post-12157","page","type-page","status-publish","has-post-thumbnail","hentry"],"yoast_head":"<!-- This site is optimized with the Yoast SEO plugin v27.3 - https:\/\/yoast.com\/product\/yoast-seo-wordpress\/ -->\n<title>R\u00e9aliser un document de gestion durable - Soci\u00e9t\u00e9 Royale Foresti\u00e8re de Belgique<\/title>\n<meta name=\"robots\" content=\"index, follow, max-snippet:-1, max-image-preview:large, max-video-preview:-1\" \/>\n<link rel=\"canonical\" href=\"https:\/\/www.kbbm.be\/en\/trainings-and-activities\/train-for-my-forest\/educational-resources\/realiser_un_doc_de_gestion_durable\/\" \/>\n<meta property=\"og:locale\" content=\"nl_BE\" \/>\n<meta property=\"og:type\" content=\"article\" \/>\n<meta property=\"og:title\" content=\"R\u00e9aliser un document de gestion durable - Soci\u00e9t\u00e9 Royale Foresti\u00e8re de Belgique\" \/>\n<meta property=\"og:description\" content=\"Savoir comment remplir concr\u00e8tement son DSG, recenser les informations g\u00e9n\u00e9rales (historique, coordonn\u00e9es, gestionnaires, \u2026) d\u00e9finir un objectif de gestion, d\u00e9couper sa for\u00eat en parcellaire forestier, r\u00e9diger un calendrier des travaux forestiers, \u2026\" \/>\n<meta property=\"og:url\" content=\"https:\/\/www.kbbm.be\/en\/trainings-and-activities\/train-for-my-forest\/educational-resources\/realiser_un_doc_de_gestion_durable\/\" \/>\n<meta property=\"og:site_name\" content=\"Soci\u00e9t\u00e9 Royale Foresti\u00e8re de Belgique\" \/>\n<meta property=\"article:publisher\" content=\"https:\/\/www.facebook.com\/srfb.be\" \/>\n<meta property=\"article:modified_time\" content=\"2024-11-12T15:33:18+00:00\" \/>\n<meta property=\"og:image\" content=\"https:\/\/www.kbbm.be\/wp-content\/uploads\/2020\/04\/Picography_pixabay-3.jpg\" \/>\n\t<meta property=\"og:image:width\" content=\"1700\" \/>\n\t<meta property=\"og:image:height\" content=\"746\" \/>\n\t<meta property=\"og:image:type\" content=\"image\/jpeg\" \/>\n<script type=\"application\/ld+json\" class=\"yoast-schema-graph\">{\"@context\":\"https:\\\/\\\/schema.org\",\"@graph\":[{\"@type\":\"WebPage\",\"@id\":\"https:\\\/\\\/www.kbbm.be\\\/en\\\/trainings-and-activities\\\/train-for-my-forest\\\/educational-resources\\\/realiser_un_doc_de_gestion_durable\\\/\",\"url\":\"https:\\\/\\\/www.kbbm.be\\\/en\\\/trainings-and-activities\\\/train-for-my-forest\\\/educational-resources\\\/realiser_un_doc_de_gestion_durable\\\/\",\"name\":\"R\u00e9aliser un document de gestion durable - Soci\u00e9t\u00e9 Royale Foresti\u00e8re de Belgique\",\"isPartOf\":{\"@id\":\"https:\\\/\\\/srfb.be\\\/de\\\/#website\"},\"primaryImageOfPage\":{\"@id\":\"https:\\\/\\\/www.kbbm.be\\\/en\\\/trainings-and-activities\\\/train-for-my-forest\\\/educational-resources\\\/realiser_un_doc_de_gestion_durable\\\/#primaryimage\"},\"image\":{\"@id\":\"https:\\\/\\\/www.kbbm.be\\\/en\\\/trainings-and-activities\\\/train-for-my-forest\\\/educational-resources\\\/realiser_un_doc_de_gestion_durable\\\/#primaryimage\"},\"thumbnailUrl\":\"https:\\\/\\\/srfb.be\\\/wp-content\\\/uploads\\\/2020\\\/04\\\/Picography_pixabay-3.jpg\",\"datePublished\":\"2020-04-28T19:04:00+00:00\",\"dateModified\":\"2024-11-12T15:33:18+00:00\",\"breadcrumb\":{\"@id\":\"https:\\\/\\\/www.kbbm.be\\\/en\\\/trainings-and-activities\\\/train-for-my-forest\\\/educational-resources\\\/realiser_un_doc_de_gestion_durable\\\/#breadcrumb\"},\"inLanguage\":\"nl-BE\",\"potentialAction\":[{\"@type\":\"ReadAction\",\"target\":[\"https:\\\/\\\/www.kbbm.be\\\/en\\\/trainings-and-activities\\\/train-for-my-forest\\\/educational-resources\\\/realiser_un_doc_de_gestion_durable\\\/\"]}]},{\"@type\":\"ImageObject\",\"inLanguage\":\"nl-BE\",\"@id\":\"https:\\\/\\\/www.kbbm.be\\\/en\\\/trainings-and-activities\\\/train-for-my-forest\\\/educational-resources\\\/realiser_un_doc_de_gestion_durable\\\/#primaryimage\",\"url\":\"https:\\\/\\\/srfb.be\\\/wp-content\\\/uploads\\\/2020\\\/04\\\/Picography_pixabay-3.jpg\",\"contentUrl\":\"https:\\\/\\\/srfb.be\\\/wp-content\\\/uploads\\\/2020\\\/04\\\/Picography_pixabay-3.jpg\",\"width\":1700,\"height\":746,\"caption\":\"pied d'un arbre, racine avec petite pousse\"},{\"@type\":\"BreadcrumbList\",\"@id\":\"https:\\\/\\\/www.kbbm.be\\\/en\\\/trainings-and-activities\\\/train-for-my-forest\\\/educational-resources\\\/realiser_un_doc_de_gestion_durable\\\/#breadcrumb\",\"itemListElement\":[{\"@type\":\"ListItem\",\"position\":1,\"name\":\"Accueil\",\"item\":\"https:\\\/\\\/srfb.be\\\/de\\\/\"},{\"@type\":\"ListItem\",\"position\":2,\"name\":\"Formations et activit\u00e9s\",\"item\":\"https:\\\/\\\/kbbm.be\\\/de\\\/schulungen-und-aktivitaten\\\/\"},{\"@type\":\"ListItem\",\"position\":3,\"name\":\"Je me forme pour ma for\u00eat\",\"item\":\"https:\\\/\\\/kbbm.be\\\/de\\\/schulungen-und-aktivitaten\\\/trainiere-fur-meinen-wald\\\/\"},{\"@type\":\"ListItem\",\"position\":4,\"name\":\"Ressources \u00e9ducatives\",\"item\":\"https:\\\/\\\/kbbm.be\\\/de\\\/schulungen-und-aktivitaten\\\/trainiere-fur-meinen-wald\\\/bildungsressourcen\\\/\"},{\"@type\":\"ListItem\",\"position\":5,\"name\":\"R\u00e9aliser un document de gestion durable\"}]},{\"@type\":\"WebSite\",\"@id\":\"https:\\\/\\\/srfb.be\\\/de\\\/#website\",\"url\":\"https:\\\/\\\/srfb.be\\\/de\\\/\",\"name\":\"Soci\u00e9t\u00e9 Royale Foresti\u00e8re de Belgique\",\"description\":\"Au service de la for\u00eat et des forestiers\",\"publisher\":{\"@id\":\"https:\\\/\\\/srfb.be\\\/de\\\/#organization\"},\"alternateName\":\"SRFB-KBBM\",\"potentialAction\":[{\"@type\":\"SearchAction\",\"target\":{\"@type\":\"EntryPoint\",\"urlTemplate\":\"https:\\\/\\\/srfb.be\\\/de\\\/?s={search_term_string}\"},\"query-input\":{\"@type\":\"PropertyValueSpecification\",\"valueRequired\":true,\"valueName\":\"search_term_string\"}}],\"inLanguage\":\"nl-BE\"},{\"@type\":\"Organization\",\"@id\":\"https:\\\/\\\/srfb.be\\\/de\\\/#organization\",\"name\":\"Soci\u00e9t\u00e9 Royale Foresti\u00e8re De Belgique - Koninklijke Belgische Bosbouwmaatschappij\",\"alternateName\":\"SRFB-KBBM\",\"url\":\"https:\\\/\\\/srfb.be\\\/de\\\/\",\"logo\":{\"@type\":\"ImageObject\",\"inLanguage\":\"nl-BE\",\"@id\":\"https:\\\/\\\/srfb.be\\\/de\\\/#\\\/schema\\\/logo\\\/image\\\/\",\"url\":\"https:\\\/\\\/srfb.be\\\/wp-content\\\/uploads\\\/2019\\\/06\\\/android-chrome-256x256.png\",\"contentUrl\":\"https:\\\/\\\/srfb.be\\\/wp-content\\\/uploads\\\/2019\\\/06\\\/android-chrome-256x256.png\",\"width\":1200,\"height\":1232,\"caption\":\"Soci\u00e9t\u00e9 Royale Foresti\u00e8re De Belgique - Koninklijke Belgische Bosbouwmaatschappij\"},\"image\":{\"@id\":\"https:\\\/\\\/srfb.be\\\/de\\\/#\\\/schema\\\/logo\\\/image\\\/\"},\"sameAs\":[\"https:\\\/\\\/www.facebook.com\\\/srfb.be\",\"https:\\\/\\\/www.instagram.com\\\/srfb_kbbm\\\/\",\"https:\\\/\\\/www.linkedin.com\\\/company\\\/srfb-kbbm\\\/\",\"https:\\\/\\\/www.youtube.com\\\/user\\\/srfbkbbm\"]}]}<\/script>\n<!-- \/ Yoast SEO plugin. -->","yoast_head_json":{"title":"Een document voor duurzaam beheer opstellen - Koninklijke Belgische Bosbouwmaatschappij","robots":{"index":"index","follow":"follow","max-snippet":"max-snippet:-1","max-image-preview":"max-image-preview:large","max-video-preview":"max-video-preview:-1"},"canonical":"https:\/\/www.kbbm.be\/en\/trainings-and-activities\/train-for-my-forest\/educational-resources\/realiser_un_doc_de_gestion_durable\/","og_locale":"nl_BE","og_type":"article","og_title":"R\u00e9aliser un document de gestion durable - Soci\u00e9t\u00e9 Royale Foresti\u00e8re de Belgique","og_description":"Savoir comment remplir concr\u00e8tement son DSG, recenser les informations g\u00e9n\u00e9rales (historique, coordonn\u00e9es, gestionnaires, \u2026) d\u00e9finir un objectif de gestion, d\u00e9couper sa for\u00eat en parcellaire forestier, r\u00e9diger un calendrier des travaux forestiers, \u2026","og_url":"https:\/\/www.kbbm.be\/en\/trainings-and-activities\/train-for-my-forest\/educational-resources\/realiser_un_doc_de_gestion_durable\/","og_site_name":"Soci\u00e9t\u00e9 Royale Foresti\u00e8re de Belgique","article_publisher":"https:\/\/www.facebook.com\/srfb.be","article_modified_time":"2024-11-12T15:33:18+00:00","og_image":[{"width":1700,"height":746,"url":"https:\/\/www.kbbm.be\/wp-content\/uploads\/2020\/04\/Picography_pixabay-3.jpg","type":"image\/jpeg"}],"schema":{"@context":"https:\/\/schema.org","@graph":[{"@type":"WebPage","@id":"https:\/\/www.kbbm.be\/en\/trainings-and-activities\/train-for-my-forest\/educational-resources\/realiser_un_doc_de_gestion_durable\/","url":"https:\/\/www.kbbm.be\/en\/trainings-and-activities\/train-for-my-forest\/educational-resources\/realiser_un_doc_de_gestion_durable\/","name":"Een document voor duurzaam beheer opstellen - Koninklijke Belgische Bosbouwmaatschappij","isPartOf":{"@id":"https:\/\/srfb.be\/de\/#website"},"primaryImageOfPage":{"@id":"https:\/\/www.kbbm.be\/en\/trainings-and-activities\/train-for-my-forest\/educational-resources\/realiser_un_doc_de_gestion_durable\/#primaryimage"},"image":{"@id":"https:\/\/www.kbbm.be\/en\/trainings-and-activities\/train-for-my-forest\/educational-resources\/realiser_un_doc_de_gestion_durable\/#primaryimage"},"thumbnailUrl":"https:\/\/srfb.be\/wp-content\/uploads\/2020\/04\/Picography_pixabay-3.jpg","datePublished":"2020-04-28T19:04:00+00:00","dateModified":"2024-11-12T15:33:18+00:00","breadcrumb":{"@id":"https:\/\/www.kbbm.be\/en\/trainings-and-activities\/train-for-my-forest\/educational-resources\/realiser_un_doc_de_gestion_durable\/#breadcrumb"},"inLanguage":"nl-BE","potentialAction":[{"@type":"ReadAction","target":["https:\/\/www.kbbm.be\/en\/trainings-and-activities\/train-for-my-forest\/educational-resources\/realiser_un_doc_de_gestion_durable\/"]}]},{"@type":"ImageObject","inLanguage":"nl-BE","@id":"https:\/\/www.kbbm.be\/en\/trainings-and-activities\/train-for-my-forest\/educational-resources\/realiser_un_doc_de_gestion_durable\/#primaryimage","url":"https:\/\/srfb.be\/wp-content\/uploads\/2020\/04\/Picography_pixabay-3.jpg","contentUrl":"https:\/\/srfb.be\/wp-content\/uploads\/2020\/04\/Picography_pixabay-3.jpg","width":1700,"height":746,"caption":"pied d'un arbre, racine avec petite pousse"},{"@type":"BreadcrumbList","@id":"https:\/\/www.kbbm.be\/en\/trainings-and-activities\/train-for-my-forest\/educational-resources\/realiser_un_doc_de_gestion_durable\/#breadcrumb","itemListElement":[{"@type":"ListItem","position":1,"name":"Accueil","item":"https:\/\/srfb.be\/de\/"},{"@type":"ListItem","position":2,"name":"Formations et activit\u00e9s","item":"https:\/\/kbbm.be\/de\/schulungen-und-aktivitaten\/"},{"@type":"ListItem","position":3,"name":"Je me forme pour ma for\u00eat","item":"https:\/\/kbbm.be\/de\/schulungen-und-aktivitaten\/trainiere-fur-meinen-wald\/"},{"@type":"ListItem","position":4,"name":"Ressources \u00e9ducatives","item":"https:\/\/kbbm.be\/de\/schulungen-und-aktivitaten\/trainiere-fur-meinen-wald\/bildungsressourcen\/"},{"@type":"ListItem","position":5,"name":"R\u00e9aliser un document de gestion durable"}]},{"@type":"WebSite","@id":"https:\/\/srfb.be\/de\/#website","url":"https:\/\/srfb.be\/de\/","name":"Koninklijke Belgische Bosbouwmaatschappij","description":"Ten dienste van het bos en de bosbouwers","publisher":{"@id":"https:\/\/srfb.be\/de\/#organization"},"alternateName":"SRFB-KBBM","potentialAction":[{"@type":"SearchAction","target":{"@type":"EntryPoint","urlTemplate":"https:\/\/srfb.be\/de\/?s={search_term_string}"},"query-input":{"@type":"PropertyValueSpecification","valueRequired":true,"valueName":"search_term_string"}}],"inLanguage":"nl-BE"},{"@type":"Organization","@id":"https:\/\/srfb.be\/de\/#organization","name":"Soci\u00e9t\u00e9 Royale Foresti\u00e8re De Belgique - Koninklijke Belgische Bosbouwmaatschappij","alternateName":"SRFB-KBBM","url":"https:\/\/srfb.be\/de\/","logo":{"@type":"ImageObject","inLanguage":"nl-BE","@id":"https:\/\/srfb.be\/de\/#\/schema\/logo\/image\/","url":"https:\/\/srfb.be\/wp-content\/uploads\/2019\/06\/android-chrome-256x256.png","contentUrl":"https:\/\/srfb.be\/wp-content\/uploads\/2019\/06\/android-chrome-256x256.png","width":1200,"height":1232,"caption":"Soci\u00e9t\u00e9 Royale Foresti\u00e8re De Belgique - Koninklijke Belgische Bosbouwmaatschappij"},"image":{"@id":"https:\/\/srfb.be\/de\/#\/schema\/logo\/image\/"},"sameAs":["https:\/\/www.facebook.com\/srfb.be","https:\/\/www.instagram.com\/srfb_kbbm\/","https:\/\/www.linkedin.com\/company\/srfb-kbbm\/","https:\/\/www.youtube.com\/user\/srfbkbbm"]}]}},"_links":{"self":[{"href":"https:\/\/srfb.be\/nl\/wp-json\/wp\/v2\/pages\/12157","targetHints":{"allow":["GET"]}}],"collection":[{"href":"https:\/\/srfb.be\/nl\/wp-json\/wp\/v2\/pages"}],"about":[{"href":"https:\/\/srfb.be\/nl\/wp-json\/wp\/v2\/types\/page"}],"author":[{"embeddable":true,"href":"https:\/\/srfb.be\/nl\/wp-json\/wp\/v2\/users\/18"}],"replies":[{"embeddable":true,"href":"https:\/\/srfb.be\/nl\/wp-json\/wp\/v2\/comments?post=12157"}],"version-history":[{"count":0,"href":"https:\/\/srfb.be\/nl\/wp-json\/wp\/v2\/pages\/12157\/revisions"}],"up":[{"embeddable":true,"href":"https:\/\/srfb.be\/nl\/wp-json\/wp\/v2\/pages\/35919"}],"wp:featuredmedia":[{"embeddable":true,"href":"https:\/\/srfb.be\/nl\/wp-json\/wp\/v2\/media\/12099"}],"wp:attachment":[{"href":"https:\/\/srfb.be\/nl\/wp-json\/wp\/v2\/media?parent=12157"}],"curies":[{"name":"wp","href":"https:\/\/api.w.org\/{rel}","templated":true}]}}