{"id":10975,"date":"2020-03-20T16:31:22","date_gmt":"2020-03-20T16:31:22","guid":{"rendered":"https:\/\/new.srfb.be\/?page_id=10975"},"modified":"2024-03-20T14:19:25","modified_gmt":"2024-03-20T13:19:25","slug":"eforown-leermiddelen","status":"publish","type":"page","link":"https:\/\/srfb.be\/nl\/formations-et-activites\/je-me-forme-pour-ma-foret\/ressources-educatives-eforown\/","title":{"rendered":"eForOwn leermiddelen"},"content":{"rendered":"<div class=\"yoast-breadcrumbs\"><span><span><a href=\"https:\/\/srfb.be\/de\/\">Onthaal<\/a><\/span> &gt; <span><a href=\"https:\/\/kbbm.be\/de\/schulungen-und-aktivitaten\/\">Opleidingen en activiteiten<\/a><\/span> &gt; <span><a href=\"https:\/\/kbbm.be\/de\/schulungen-und-aktivitaten\/trainiere-fur-meinen-wald\/\">Trainen voor mijn bos<\/a><\/span> &gt; <span class=\"breadcrumb_last\" aria-current=\"page\"><strong>eForOwn leermiddelen<\/strong><\/span><\/span><\/div>\n\n\n<div class=\"wp-block-media-text is-stacked-on-mobile is-vertically-aligned-top\" style=\"margin-top:var(--wp--preset--spacing--80);margin-bottom:var(--wp--preset--spacing--60);grid-template-columns:25% auto\"><figure class=\"wp-block-media-text__media\"><img loading=\"lazy\" decoding=\"async\" width=\"324\" height=\"708\" src=\"https:\/\/srfb.be\/wp-content\/uploads\/2020\/04\/ND_eforown.jpg\" alt=\"eForOwn\" class=\"wp-image-11828 size-full\" srcset=\"https:\/\/srfb.be\/wp-content\/uploads\/2020\/04\/ND_eforown.jpg 324w, https:\/\/srfb.be\/wp-content\/uploads\/2020\/04\/ND_eforown-137x300.jpg 137w, https:\/\/srfb.be\/wp-content\/uploads\/2020\/04\/ND_eforown-5x12.jpg 5w\" sizes=\"auto, (max-width: 324px) 100vw, 324px\" \/><\/figure><div class=\"wp-block-media-text__content\">\n<h2 class=\"wp-block-heading has-text-align-left\" style=\"margin-top:0;margin-bottom:var(--wp--preset--spacing--60)\">Diverse trainingsmaterialen online beschikbaar<\/h2>\n\n\n\n<p>Van 2012 tot 2014 was SRFB betrokken bij een project in het kader van het Europese programma \"Leonardo: strategisch partnerschap\". Het doel van dit project, genaamd eforOwn, was het opstellen van een beoordeling van de opleidingsbehoeften van (nieuwe) boseigenaren. Tegelijkertijd ontwikkelde het project instrumenten voor afstandsonderwijs om de kennis en vaardigheden van bosbouwers te verbeteren en het aantal opgeleide bosbouwers te verhogen.<\/p>\n\n\n\n<p>De SRFB, het Centre National de la Propri\u00e9t\u00e9 Foresti\u00e8re en France (CNPF) en het Centre de Recherche Foresti\u00e8re de Catalogne (CTFC), partners in het project, hebben een uitstekend partnerschap gevormd.&nbsp;<em>Fijn<\/em>er is een trainingsstrategie ingevoerd&nbsp;<em>(zie: eForOwn. Het einde van een project... het begin van een revolutie in (bij)scholing, Silva Belgica 6\/2014).<\/em>&nbsp;Daarom hebben we samen met onze Franse en Spaanse partners een aanvraag ingediend bij de Europese Commissie voor een nieuw project in het kader van het Europese programma \"Erasmus +: samenwerking op het gebied van innovatie en uitwisseling van praktijken\".<\/p>\n\n\n\n<p>Nieuwe partners hebben zich bij dit avontuur aangesloten, namelijk, voor elk vertegenwoordigd land, een landbouwschool die de optie \"Bos - Natuur\" aanbiedt. In Belgi\u00eb werken we samen met de Haute \u00c9cole agronomique Condorcet de Ath - HEPHC.<br>Het Eduter Institute, dat deel uitmaakt van AgroSup Dijon en rapporteert aan het Franse ministerie van Landbouw, Voedsel en Bosbouw en het ministerie van Hoger Onderwijs en Onderzoek, maakt dit partnerschap ook compleet.<\/p>\n\n\n\n<p>Er is een reeks trainingsmaterialen online beschikbaar - PDF-bestanden, ge\u00efllustreerde diavoorstellingen, video's - om aan de behoeften van boseigenaren en docenten te voldoen.<\/p>\n<\/div><\/div>\n\n\n\n<h2 class=\"wp-block-heading has-text-align-center\">Trainen voor mijn bos<\/h2>\n\n\n\n<div class=\"wp-block-columns is-layout-flex wp-container-core-columns-is-layout-28f84493 wp-block-columns-is-layout-flex\">\n<div class=\"wp-block-column is-layout-flow wp-block-column-is-layout-flow\">\n<div class=\"wp-block-group has-grey-color-background-color has-background is-layout-constrained wp-container-core-group-is-layout-72855403 wp-block-group-is-layout-constrained\" style=\"margin-top:var(--wp--preset--spacing--40);margin-bottom:var(--wp--preset--spacing--40);padding-top:var(--wp--preset--spacing--60);padding-right:var(--wp--preset--spacing--60);padding-bottom:var(--wp--preset--spacing--60);padding-left:var(--wp--preset--spacing--60)\">\n<h3 class=\"wp-block-heading has-text-align-center has-vert-fonce-color-color has-text-color has-link-color has-x-large-font-size wp-elements-30e7cafb449225cd3aea81a58f821dc0\"><i class=\"fas fa-glasses\"><\/i><\/h3>\n\n\n\n<h3 class=\"wp-block-heading has-text-align-center has-vert-fonce-color-color has-text-color has-link-color wp-elements-a8739ec7b625f560b9d4c1c4e000f451\">Het productiepotentieel van mijn bos beoordelen<\/h3>\n\n\n\n<div class=\"wp-block-buttons is-content-justification-center is-layout-flex wp-container-core-buttons-is-layout-a89b3969 wp-block-buttons-is-layout-flex\">\n<div class=\"wp-block-button has-custom-font-size has-small-font-size\"><a class=\"wp-block-button__link wp-element-button\" href=\"https:\/\/srfb.be\/nl\/opleidingen-en-activiteiten\/trainen-voor-mijn-bos\/eforown-leermiddelen\/productie_potentieel_bos\/\">Toegang tot bronnen<\/a><\/div>\n<\/div>\n<\/div>\n<\/div>\n\n\n\n<div class=\"wp-block-column is-layout-flow wp-block-column-is-layout-flow\">\n<div class=\"wp-block-group has-grey-color-background-color has-background is-layout-constrained wp-container-core-group-is-layout-72855403 wp-block-group-is-layout-constrained\" style=\"margin-top:var(--wp--preset--spacing--40);margin-bottom:var(--wp--preset--spacing--40);padding-top:var(--wp--preset--spacing--60);padding-right:var(--wp--preset--spacing--60);padding-bottom:var(--wp--preset--spacing--60);padding-left:var(--wp--preset--spacing--60)\">\n<h3 class=\"wp-block-heading has-text-align-center has-vert-fonce-color-color has-text-color has-link-color has-x-large-font-size wp-elements-4a91cb18fdd367f2d8cb1bd36c3fea8b\"><i class=\"fa fa-seedling\"><\/i><\/h3>\n\n\n\n<h3 class=\"wp-block-heading has-text-align-center has-vert-fonce-color-color has-text-color has-link-color wp-elements-6b29da8c6e6edbbb39335bc80cc93dde\">Productie van andere goederen en diensten dan hout<\/h3>\n\n\n\n<div class=\"wp-block-buttons is-content-justification-center is-layout-flex wp-container-core-buttons-is-layout-a89b3969 wp-block-buttons-is-layout-flex\">\n<div class=\"wp-block-button has-custom-font-size has-small-font-size\"><a class=\"wp-block-button__link wp-element-button\" href=\"https:\/\/srfb.be\/nl\/opleidingen-en-activiteiten\/trainen-voor-mijn-bos\/eforown-leermiddelen\/produceer_hout_diensten_anders_dan_hout\/\">Toegang tot bronnen<\/a><\/div>\n<\/div>\n<\/div>\n<\/div>\n<\/div>\n\n\n\n<div class=\"wp-block-columns is-layout-flex wp-container-core-columns-is-layout-28f84493 wp-block-columns-is-layout-flex\">\n<div class=\"wp-block-column is-layout-flow wp-block-column-is-layout-flow\">\n<div class=\"wp-block-group has-grey-color-background-color has-background is-layout-constrained wp-container-core-group-is-layout-72855403 wp-block-group-is-layout-constrained\" style=\"margin-top:var(--wp--preset--spacing--40);margin-bottom:var(--wp--preset--spacing--40);padding-top:var(--wp--preset--spacing--60);padding-right:var(--wp--preset--spacing--60);padding-bottom:var(--wp--preset--spacing--60);padding-left:var(--wp--preset--spacing--60)\">\n<h3 class=\"wp-block-heading has-text-align-center has-vert-fonce-color-color has-text-color has-link-color has-x-large-font-size wp-elements-4bb10e498fd2f17a3afca2a7e3c86932\"><i class=\"fa fa-hand-scissors\"><\/i><\/h3>\n\n\n\n<h3 class=\"wp-block-heading has-text-align-center has-vert-fonce-color-color has-text-color has-link-color wp-elements-b0d5316e0415a79e11a2bbb057f2b2d6\">Zorg voor mijn bos<\/h3>\n\n\n\n<div class=\"wp-block-buttons is-content-justification-center is-layout-flex wp-container-core-buttons-is-layout-a89b3969 wp-block-buttons-is-layout-flex\">\n<div class=\"wp-block-button has-custom-font-size has-small-font-size\"><a class=\"wp-block-button__link wp-element-button\" href=\"https:\/\/srfb.be\/nl\/opleidingen-en-activiteiten\/trainen-voor-mijn-bos\/eforown-leermiddelen\/onderhoud_mijn_bos\/\">Toegang tot bronnen<\/a><\/div>\n<\/div>\n<\/div>\n<\/div>\n\n\n\n<div class=\"wp-block-column is-layout-flow wp-block-column-is-layout-flow\">\n<div class=\"wp-block-group has-grey-color-background-color has-background is-layout-constrained wp-container-core-group-is-layout-72855403 wp-block-group-is-layout-constrained\" style=\"margin-top:var(--wp--preset--spacing--40);margin-bottom:var(--wp--preset--spacing--40);padding-top:var(--wp--preset--spacing--60);padding-right:var(--wp--preset--spacing--60);padding-bottom:var(--wp--preset--spacing--60);padding-left:var(--wp--preset--spacing--60)\">\n<h3 class=\"wp-block-heading has-text-align-center has-vert-fonce-color-color has-text-color has-link-color has-x-large-font-size wp-elements-5958db1a167bfc319bf1e84ebef0b7b0\"><i class=\"fa fa-euro-sign\"><\/i><\/h3>\n\n\n\n<h3 class=\"wp-block-heading has-text-align-center has-vert-fonce-color-color has-text-color has-link-color wp-elements-b3ccaf0b43afdbd77b2f8d3124041282\">Hout verkopen<\/h3>\n\n\n\n<div class=\"wp-block-buttons is-content-justification-center is-layout-flex wp-container-core-buttons-is-layout-a89b3969 wp-block-buttons-is-layout-flex\">\n<div class=\"wp-block-button has-custom-font-size has-small-font-size\"><a class=\"wp-block-button__link wp-element-button\" href=\"https:\/\/srfb.be\/nl\/opleidingen-en-activiteiten\/trainen-voor-mijn-bos\/eforown-leermiddelen\/hout-verkopen\/\">Toegang tot bronnen<\/a><\/div>\n<\/div>\n<\/div>\n<\/div>\n<\/div>\n\n\n\n<div class=\"wp-block-columns is-layout-flex wp-container-core-columns-is-layout-28f84493 wp-block-columns-is-layout-flex\">\n<div class=\"wp-block-column is-layout-flow wp-block-column-is-layout-flow\">\n<div class=\"wp-block-group has-grey-color-background-color has-background is-layout-constrained wp-container-core-group-is-layout-72855403 wp-block-group-is-layout-constrained\" style=\"margin-top:var(--wp--preset--spacing--40);margin-bottom:var(--wp--preset--spacing--40);padding-top:var(--wp--preset--spacing--60);padding-right:var(--wp--preset--spacing--60);padding-bottom:var(--wp--preset--spacing--60);padding-left:var(--wp--preset--spacing--60)\">\n<h3 class=\"wp-block-heading has-text-align-center has-vert-fonce-color-color has-text-color has-link-color has-x-large-font-size wp-elements-86b5c0f3c4df388c0869a8de30a1e64f\"><i class=\"fa fa-pen\"><\/i><\/h3>\n\n\n\n<h3 class=\"wp-block-heading has-text-align-center has-vert-fonce-color-color has-text-color has-link-color wp-elements-4005b89a9db7d5d5e5fcfd6572dcd094\">Administratieve procedures afhandelen<\/h3>\n\n\n\n<div class=\"wp-block-buttons is-content-justification-center is-layout-flex wp-container-core-buttons-is-layout-a89b3969 wp-block-buttons-is-layout-flex\">\n<div class=\"wp-block-button has-custom-font-size has-small-font-size\"><a class=\"wp-block-button__link wp-element-button\" href=\"https:\/\/srfb.be\/nl\/opleidingen-en-activiteiten\/trainen-voor-mijn-bos\/eforown-leermiddelen\/waarborgen_administratieve_processen\/\">Toegang tot bronnen<\/a><\/div>\n<\/div>\n<\/div>\n<\/div>\n\n\n\n<div class=\"wp-block-column is-layout-flow wp-block-column-is-layout-flow\"><\/div>\n<\/div>","protected":false},"excerpt":{"rendered":"<p>Divers supports de formation disponibles en ligne De 2012 \u00e0 2014, la SRFB s\u2019est engag\u00e9e dans un projet issu du programme europ\u00e9en \u00ab Leonardo : partenariat strat\u00e9gique \u00bb. Ce projet, nomm\u00e9 eforOwn, avait pour objectif d\u2019\u00e9tablir un bilan des besoins en formation des (nouveaux) propri\u00e9taires forestiers. En parall\u00e8le, ce projet a \u00e9chafaud\u00e9 la mise en&#8230; <\/p>\n<div class=\"clear\"><\/div>\n<p><a href=\"https:\/\/srfb.be\/nl\/formations-et-activites\/je-me-forme-pour-ma-foret\/ressources-educatives-eforown\/\" class=\"excerpt-read-more\">Meer lezen<\/a><\/p>","protected":false},"author":18,"featured_media":0,"parent":12071,"menu_order":0,"comment_status":"closed","ping_status":"closed","template":"","meta":{"iawp_total_views":145,"footnotes":""},"class_list":["post-10975","page","type-page","status-publish","hentry"],"yoast_head":"<!-- This site is optimized with the Yoast SEO plugin v27.3 - https:\/\/yoast.com\/product\/yoast-seo-wordpress\/ -->\n<title>Ressources \u00e9ducatives eforown - Soci\u00e9t\u00e9 Royale Foresti\u00e8re de Belgique<\/title>\n<meta name=\"description\" content=\"Divers supports de formation disponibles en ligne (fiches, diaporamas, vid\u00e9os) qui r\u00e9pondent aux attentes des propri\u00e9taires et des enseignants du secteur forestier.\" \/>\n<meta name=\"robots\" content=\"index, follow, max-snippet:-1, max-image-preview:large, max-video-preview:-1\" \/>\n<link rel=\"canonical\" href=\"https:\/\/srfb.be\/nl\/opleidingen-en-activiteiten\/trainen-voor-mijn-bos\/eforown-leermiddelen\/\" \/>\n<meta property=\"og:locale\" content=\"nl_BE\" \/>\n<meta property=\"og:type\" content=\"article\" \/>\n<meta property=\"og:title\" content=\"Ressources \u00e9ducatives eforown - Soci\u00e9t\u00e9 Royale Foresti\u00e8re de Belgique\" \/>\n<meta property=\"og:description\" content=\"Divers supports de formation disponibles en ligne (fiches, diaporamas, vid\u00e9os) qui r\u00e9pondent aux attentes des propri\u00e9taires et des enseignants du secteur forestier.\" \/>\n<meta property=\"og:url\" content=\"https:\/\/srfb.be\/nl\/opleidingen-en-activiteiten\/trainen-voor-mijn-bos\/eforown-leermiddelen\/\" \/>\n<meta property=\"og:site_name\" content=\"Soci\u00e9t\u00e9 Royale Foresti\u00e8re de Belgique\" \/>\n<meta property=\"article:publisher\" content=\"https:\/\/www.facebook.com\/srfb.be\" \/>\n<meta property=\"article:modified_time\" content=\"2024-03-20T13:19:25+00:00\" \/>\n<meta property=\"og:image\" content=\"https:\/\/srfb.be\/wp-content\/uploads\/2020\/04\/ND_eforown.jpg\" \/>\n<script type=\"application\/ld+json\" class=\"yoast-schema-graph\">{\"@context\":\"https:\\\/\\\/schema.org\",\"@graph\":[{\"@type\":\"WebPage\",\"@id\":\"https:\\\/\\\/srfb.be\\\/de\\\/schulungen-und-aktivitaten\\\/trainiere-fur-meinen-wald\\\/ressources-educatives-eforown\\\/\",\"url\":\"https:\\\/\\\/srfb.be\\\/de\\\/schulungen-und-aktivitaten\\\/trainiere-fur-meinen-wald\\\/ressources-educatives-eforown\\\/\",\"name\":\"Ressources \u00e9ducatives eforown - Soci\u00e9t\u00e9 Royale Foresti\u00e8re de Belgique\",\"isPartOf\":{\"@id\":\"https:\\\/\\\/srfb.be\\\/de\\\/#website\"},\"primaryImageOfPage\":{\"@id\":\"https:\\\/\\\/srfb.be\\\/de\\\/schulungen-und-aktivitaten\\\/trainiere-fur-meinen-wald\\\/ressources-educatives-eforown\\\/#primaryimage\"},\"image\":{\"@id\":\"https:\\\/\\\/srfb.be\\\/de\\\/schulungen-und-aktivitaten\\\/trainiere-fur-meinen-wald\\\/ressources-educatives-eforown\\\/#primaryimage\"},\"thumbnailUrl\":\"https:\\\/\\\/srfb.be\\\/wp-content\\\/uploads\\\/2020\\\/04\\\/ND_eforown.jpg\",\"datePublished\":\"2020-03-20T16:31:22+00:00\",\"dateModified\":\"2024-03-20T13:19:25+00:00\",\"description\":\"Divers supports de formation disponibles en ligne (fiches, diaporamas, vid\u00e9os) qui r\u00e9pondent aux attentes des propri\u00e9taires et des enseignants du secteur forestier.\",\"breadcrumb\":{\"@id\":\"https:\\\/\\\/srfb.be\\\/de\\\/schulungen-und-aktivitaten\\\/trainiere-fur-meinen-wald\\\/ressources-educatives-eforown\\\/#breadcrumb\"},\"inLanguage\":\"nl-BE\",\"potentialAction\":[{\"@type\":\"ReadAction\",\"target\":[\"https:\\\/\\\/srfb.be\\\/de\\\/schulungen-und-aktivitaten\\\/trainiere-fur-meinen-wald\\\/ressources-educatives-eforown\\\/\"]}]},{\"@type\":\"ImageObject\",\"inLanguage\":\"nl-BE\",\"@id\":\"https:\\\/\\\/srfb.be\\\/de\\\/schulungen-und-aktivitaten\\\/trainiere-fur-meinen-wald\\\/ressources-educatives-eforown\\\/#primaryimage\",\"url\":\"https:\\\/\\\/srfb.be\\\/wp-content\\\/uploads\\\/2020\\\/04\\\/ND_eforown.jpg\",\"contentUrl\":\"https:\\\/\\\/srfb.be\\\/wp-content\\\/uploads\\\/2020\\\/04\\\/ND_eforown.jpg\"},{\"@type\":\"BreadcrumbList\",\"@id\":\"https:\\\/\\\/srfb.be\\\/de\\\/schulungen-und-aktivitaten\\\/trainiere-fur-meinen-wald\\\/ressources-educatives-eforown\\\/#breadcrumb\",\"itemListElement\":[{\"@type\":\"ListItem\",\"position\":1,\"name\":\"Accueil\",\"item\":\"https:\\\/\\\/srfb.be\\\/de\\\/\"},{\"@type\":\"ListItem\",\"position\":2,\"name\":\"Formations et activit\u00e9s\",\"item\":\"https:\\\/\\\/kbbm.be\\\/de\\\/schulungen-und-aktivitaten\\\/\"},{\"@type\":\"ListItem\",\"position\":3,\"name\":\"Je me forme pour ma for\u00eat\",\"item\":\"https:\\\/\\\/kbbm.be\\\/de\\\/schulungen-und-aktivitaten\\\/trainiere-fur-meinen-wald\\\/\"},{\"@type\":\"ListItem\",\"position\":4,\"name\":\"Ressources \u00e9ducatives eforown\"}]},{\"@type\":\"WebSite\",\"@id\":\"https:\\\/\\\/srfb.be\\\/de\\\/#website\",\"url\":\"https:\\\/\\\/srfb.be\\\/de\\\/\",\"name\":\"Soci\u00e9t\u00e9 Royale Foresti\u00e8re de Belgique\",\"description\":\"Au service de la for\u00eat et des forestiers\",\"publisher\":{\"@id\":\"https:\\\/\\\/srfb.be\\\/de\\\/#organization\"},\"alternateName\":\"SRFB-KBBM\",\"potentialAction\":[{\"@type\":\"SearchAction\",\"target\":{\"@type\":\"EntryPoint\",\"urlTemplate\":\"https:\\\/\\\/srfb.be\\\/de\\\/?s={search_term_string}\"},\"query-input\":{\"@type\":\"PropertyValueSpecification\",\"valueRequired\":true,\"valueName\":\"search_term_string\"}}],\"inLanguage\":\"nl-BE\"},{\"@type\":\"Organization\",\"@id\":\"https:\\\/\\\/srfb.be\\\/de\\\/#organization\",\"name\":\"Soci\u00e9t\u00e9 Royale Foresti\u00e8re De Belgique - Koninklijke Belgische Bosbouwmaatschappij\",\"alternateName\":\"SRFB-KBBM\",\"url\":\"https:\\\/\\\/srfb.be\\\/de\\\/\",\"logo\":{\"@type\":\"ImageObject\",\"inLanguage\":\"nl-BE\",\"@id\":\"https:\\\/\\\/srfb.be\\\/de\\\/#\\\/schema\\\/logo\\\/image\\\/\",\"url\":\"https:\\\/\\\/srfb.be\\\/wp-content\\\/uploads\\\/2019\\\/06\\\/android-chrome-256x256.png\",\"contentUrl\":\"https:\\\/\\\/srfb.be\\\/wp-content\\\/uploads\\\/2019\\\/06\\\/android-chrome-256x256.png\",\"width\":1200,\"height\":1232,\"caption\":\"Soci\u00e9t\u00e9 Royale Foresti\u00e8re De Belgique - Koninklijke Belgische Bosbouwmaatschappij\"},\"image\":{\"@id\":\"https:\\\/\\\/srfb.be\\\/de\\\/#\\\/schema\\\/logo\\\/image\\\/\"},\"sameAs\":[\"https:\\\/\\\/www.facebook.com\\\/srfb.be\",\"https:\\\/\\\/www.instagram.com\\\/srfb_kbbm\\\/\",\"https:\\\/\\\/www.linkedin.com\\\/company\\\/srfb-kbbm\\\/\",\"https:\\\/\\\/www.youtube.com\\\/user\\\/srfbkbbm\"]}]}<\/script>\n<!-- \/ Yoast SEO plugin. -->","yoast_head_json":{"title":"eForOwn Leermiddelen - Koninklijke Belgische Bosbouwmaatschappij","description":"Een reeks trainingsmaterialen online beschikbaar (factsheets, diavoorstellingen, video's) om aan de behoeften van boseigenaren en docenten te voldoen.","robots":{"index":"index","follow":"follow","max-snippet":"max-snippet:-1","max-image-preview":"max-image-preview:large","max-video-preview":"max-video-preview:-1"},"canonical":"https:\/\/srfb.be\/nl\/opleidingen-en-activiteiten\/trainen-voor-mijn-bos\/eforown-leermiddelen\/","og_locale":"nl_BE","og_type":"article","og_title":"Ressources \u00e9ducatives eforown - Soci\u00e9t\u00e9 Royale Foresti\u00e8re de Belgique","og_description":"Divers supports de formation disponibles en ligne (fiches, diaporamas, vid\u00e9os) qui r\u00e9pondent aux attentes des propri\u00e9taires et des enseignants du secteur forestier.","og_url":"https:\/\/srfb.be\/nl\/opleidingen-en-activiteiten\/trainen-voor-mijn-bos\/eforown-leermiddelen\/","og_site_name":"Soci\u00e9t\u00e9 Royale Foresti\u00e8re de Belgique","article_publisher":"https:\/\/www.facebook.com\/srfb.be","article_modified_time":"2024-03-20T13:19:25+00:00","og_image":[{"url":"https:\/\/srfb.be\/wp-content\/uploads\/2020\/04\/ND_eforown.jpg","type":"","width":"","height":""}],"schema":{"@context":"https:\/\/schema.org","@graph":[{"@type":"WebPage","@id":"https:\/\/srfb.be\/de\/schulungen-und-aktivitaten\/trainiere-fur-meinen-wald\/ressources-educatives-eforown\/","url":"https:\/\/srfb.be\/de\/schulungen-und-aktivitaten\/trainiere-fur-meinen-wald\/ressources-educatives-eforown\/","name":"eForOwn Leermiddelen - Koninklijke Belgische Bosbouwmaatschappij","isPartOf":{"@id":"https:\/\/srfb.be\/de\/#website"},"primaryImageOfPage":{"@id":"https:\/\/srfb.be\/de\/schulungen-und-aktivitaten\/trainiere-fur-meinen-wald\/ressources-educatives-eforown\/#primaryimage"},"image":{"@id":"https:\/\/srfb.be\/de\/schulungen-und-aktivitaten\/trainiere-fur-meinen-wald\/ressources-educatives-eforown\/#primaryimage"},"thumbnailUrl":"https:\/\/srfb.be\/wp-content\/uploads\/2020\/04\/ND_eforown.jpg","datePublished":"2020-03-20T16:31:22+00:00","dateModified":"2024-03-20T13:19:25+00:00","description":"Een reeks trainingsmaterialen online beschikbaar (factsheets, diavoorstellingen, video's) om aan de behoeften van boseigenaren en docenten te voldoen.","breadcrumb":{"@id":"https:\/\/srfb.be\/de\/schulungen-und-aktivitaten\/trainiere-fur-meinen-wald\/ressources-educatives-eforown\/#breadcrumb"},"inLanguage":"nl-BE","potentialAction":[{"@type":"ReadAction","target":["https:\/\/srfb.be\/de\/schulungen-und-aktivitaten\/trainiere-fur-meinen-wald\/ressources-educatives-eforown\/"]}]},{"@type":"ImageObject","inLanguage":"nl-BE","@id":"https:\/\/srfb.be\/de\/schulungen-und-aktivitaten\/trainiere-fur-meinen-wald\/ressources-educatives-eforown\/#primaryimage","url":"https:\/\/srfb.be\/wp-content\/uploads\/2020\/04\/ND_eforown.jpg","contentUrl":"https:\/\/srfb.be\/wp-content\/uploads\/2020\/04\/ND_eforown.jpg"},{"@type":"BreadcrumbList","@id":"https:\/\/srfb.be\/de\/schulungen-und-aktivitaten\/trainiere-fur-meinen-wald\/ressources-educatives-eforown\/#breadcrumb","itemListElement":[{"@type":"ListItem","position":1,"name":"Accueil","item":"https:\/\/srfb.be\/de\/"},{"@type":"ListItem","position":2,"name":"Formations et activit\u00e9s","item":"https:\/\/kbbm.be\/de\/schulungen-und-aktivitaten\/"},{"@type":"ListItem","position":3,"name":"Je me forme pour ma for\u00eat","item":"https:\/\/kbbm.be\/de\/schulungen-und-aktivitaten\/trainiere-fur-meinen-wald\/"},{"@type":"ListItem","position":4,"name":"Ressources \u00e9ducatives eforown"}]},{"@type":"WebSite","@id":"https:\/\/srfb.be\/de\/#website","url":"https:\/\/srfb.be\/de\/","name":"Koninklijke Belgische Bosbouwmaatschappij","description":"Ten dienste van het bos en de bosbouwers","publisher":{"@id":"https:\/\/srfb.be\/de\/#organization"},"alternateName":"SRFB-KBBM","potentialAction":[{"@type":"SearchAction","target":{"@type":"EntryPoint","urlTemplate":"https:\/\/srfb.be\/de\/?s={search_term_string}"},"query-input":{"@type":"PropertyValueSpecification","valueRequired":true,"valueName":"search_term_string"}}],"inLanguage":"nl-BE"},{"@type":"Organization","@id":"https:\/\/srfb.be\/de\/#organization","name":"Soci\u00e9t\u00e9 Royale Foresti\u00e8re De Belgique - Koninklijke Belgische Bosbouwmaatschappij","alternateName":"SRFB-KBBM","url":"https:\/\/srfb.be\/de\/","logo":{"@type":"ImageObject","inLanguage":"nl-BE","@id":"https:\/\/srfb.be\/de\/#\/schema\/logo\/image\/","url":"https:\/\/srfb.be\/wp-content\/uploads\/2019\/06\/android-chrome-256x256.png","contentUrl":"https:\/\/srfb.be\/wp-content\/uploads\/2019\/06\/android-chrome-256x256.png","width":1200,"height":1232,"caption":"Soci\u00e9t\u00e9 Royale Foresti\u00e8re De Belgique - Koninklijke Belgische Bosbouwmaatschappij"},"image":{"@id":"https:\/\/srfb.be\/de\/#\/schema\/logo\/image\/"},"sameAs":["https:\/\/www.facebook.com\/srfb.be","https:\/\/www.instagram.com\/srfb_kbbm\/","https:\/\/www.linkedin.com\/company\/srfb-kbbm\/","https:\/\/www.youtube.com\/user\/srfbkbbm"]}]}},"_links":{"self":[{"href":"https:\/\/srfb.be\/nl\/wp-json\/wp\/v2\/pages\/10975","targetHints":{"allow":["GET"]}}],"collection":[{"href":"https:\/\/srfb.be\/nl\/wp-json\/wp\/v2\/pages"}],"about":[{"href":"https:\/\/srfb.be\/nl\/wp-json\/wp\/v2\/types\/page"}],"author":[{"embeddable":true,"href":"https:\/\/srfb.be\/nl\/wp-json\/wp\/v2\/users\/18"}],"replies":[{"embeddable":true,"href":"https:\/\/srfb.be\/nl\/wp-json\/wp\/v2\/comments?post=10975"}],"version-history":[{"count":0,"href":"https:\/\/srfb.be\/nl\/wp-json\/wp\/v2\/pages\/10975\/revisions"}],"up":[{"embeddable":true,"href":"https:\/\/srfb.be\/nl\/wp-json\/wp\/v2\/pages\/12071"}],"wp:attachment":[{"href":"https:\/\/srfb.be\/nl\/wp-json\/wp\/v2\/media?parent=10975"}],"curies":[{"name":"wp","href":"https:\/\/api.w.org\/{rel}","templated":true}]}}