{"id":39884,"date":"2026-03-24T13:33:35","date_gmt":"2026-03-24T12:33:35","guid":{"rendered":"https:\/\/srfb.be\/?post_type=product&#038;p=39884"},"modified":"2026-03-24T13:34:25","modified_gmt":"2026-03-24T12:34:25","slug":"le-guide-de-la-foret","status":"publish","type":"product","link":"https:\/\/srfb.be\/en\/forest-shop\/le-guide-de-la-foret\/","title":{"rendered":"The Forest Guide"},"content":{"rendered":"<h3>Environment, fauna and flora of temperate European forests<\/h3>\n<p>This practical field guide, illustrated with 900 photos, invites walkers to discover the forest environment. It allows them to familiarise themselves with its flora and fauna, to better understand how its ecosystem functions, the living conditions in this environment, and the structure and types of forests in our regions. This guide also helps to understand the life cycle of various organisms, their role in nature, and the organisation of their relationships.<\/p>\n<ul>\n<li>Over 300 animal species, including numerous invertebrates, such as the insects responsible for galls and the discreet microfauna, which are of paramount importance in the decomposition of litter.<\/li>\n<li>More than 200 botanical species, from the moss layer to trees and shrubs, and all characteristic plant communities.<\/li>\n<li>About thirty common mushrooms.<\/li>\n<\/ul>\n<p><strong>134 x 192 mm \u2013 384 pages \u2013 Ref. 131 DL06<\/strong><\/p>","protected":false},"excerpt":{"rendered":"<h3>Environment, fauna and flora of temperate European forests<\/h3>\n<p>This practical field guide, illustrated with 900 photos, invites walkers to discover the forest environment. It allows them to familiarise themselves with its flora and fauna, to better understand how its ecosystem functions, the living conditions in this environment, and the structure and types of forests in our regions. This guide also helps to understand the life cycle of various organisms, their role in nature, and the organisation of their relationships.<\/p>","protected":false},"featured_media":39885,"comment_status":"open","ping_status":"closed","template":"","meta":{"iawp_total_views":2},"product_brand":[],"product_cat":[691,693,690],"product_tag":[],"class_list":{"0":"post-39884","1":"product","2":"type-product","3":"status-publish","4":"has-post-thumbnail","6":"product_cat-biodiversite","7":"product_cat-foret-gibier","8":"product_cat-livres-illustres","10":"first","11":"instock","12":"shipping-taxable","13":"purchasable","14":"product-type-simple"},"yoast_head":"<!-- This site is optimized with the Yoast SEO plugin v27.3 - https:\/\/yoast.com\/product\/yoast-seo-wordpress\/ -->\n<title>Le Guide de la for\u00eat - Soci\u00e9t\u00e9 Royale Foresti\u00e8re de Belgique<\/title>\n<meta name=\"robots\" content=\"index, follow, max-snippet:-1, max-image-preview:large, max-video-preview:-1\" \/>\n<link rel=\"canonical\" href=\"https:\/\/kbbm.be\/forest-shop\/le-guide-de-la-foret\/\" \/>\n<meta property=\"og:locale\" content=\"en_GB\" \/>\n<meta property=\"og:type\" content=\"article\" \/>\n<meta property=\"og:title\" content=\"Le Guide de la for\u00eat - Soci\u00e9t\u00e9 Royale Foresti\u00e8re de Belgique\" \/>\n<meta property=\"og:description\" content=\"Milieu, faune et flore des for\u00eats d\u2019Europe temp\u00e9r\u00e9e Ce guide pratique de terrain, illustr\u00e9 de 900 photos, invite le promeneur \u00e0 d\u00e9couvrir le milieu forestier. Il lui permet de se familiariser avec sa faune et sa flore, de mieux comprendre le fonctionnement de son \u00e9cosyst\u00e8me, les conditions de vie dans ce milieu, la structure ainsi que les types des for\u00eats de nos r\u00e9gions. Ce guide permet aussi de comprendre le cycle de vie de divers organismes, leur r\u00f4le dans la nature et l\u2019organisation de leurs relations.\" \/>\n<meta property=\"og:url\" content=\"https:\/\/kbbm.be\/forest-shop\/le-guide-de-la-foret\/\" \/>\n<meta property=\"og:site_name\" content=\"Soci\u00e9t\u00e9 Royale Foresti\u00e8re de Belgique\" \/>\n<meta property=\"article:publisher\" content=\"https:\/\/www.facebook.com\/srfb.be\" \/>\n<meta property=\"article:modified_time\" content=\"2026-03-24T12:34:25+00:00\" \/>\n<meta property=\"og:image\" content=\"https:\/\/kbbm.be\/wp-content\/uploads\/2026\/03\/cover-le-guide-de-la-foret.jpeg\" \/>\n\t<meta property=\"og:image:width\" content=\"1560\" \/>\n\t<meta property=\"og:image:height\" content=\"2266\" \/>\n\t<meta property=\"og:image:type\" content=\"image\/jpeg\" \/>\n<script type=\"application\/ld+json\" class=\"yoast-schema-graph\">{\"@context\":\"https:\\\/\\\/schema.org\",\"@graph\":[{\"@type\":\"WebPage\",\"@id\":\"https:\\\/\\\/kbbm.be\\\/forest-shop\\\/le-guide-de-la-foret\\\/\",\"url\":\"https:\\\/\\\/kbbm.be\\\/forest-shop\\\/le-guide-de-la-foret\\\/\",\"name\":\"Le Guide de la for\u00eat - Soci\u00e9t\u00e9 Royale Foresti\u00e8re de Belgique\",\"isPartOf\":{\"@id\":\"https:\\\/\\\/kbbm.be\\\/de\\\/#website\"},\"primaryImageOfPage\":{\"@id\":\"https:\\\/\\\/kbbm.be\\\/forest-shop\\\/le-guide-de-la-foret\\\/#primaryimage\"},\"image\":{\"@id\":\"https:\\\/\\\/kbbm.be\\\/forest-shop\\\/le-guide-de-la-foret\\\/#primaryimage\"},\"thumbnailUrl\":\"https:\\\/\\\/srfb.be\\\/wp-content\\\/uploads\\\/2026\\\/03\\\/cover-le-guide-de-la-foret.jpeg\",\"datePublished\":\"2026-03-24T12:33:35+00:00\",\"dateModified\":\"2026-03-24T12:34:25+00:00\",\"breadcrumb\":{\"@id\":\"https:\\\/\\\/kbbm.be\\\/forest-shop\\\/le-guide-de-la-foret\\\/#breadcrumb\"},\"inLanguage\":\"en-GB\",\"potentialAction\":[{\"@type\":\"ReadAction\",\"target\":[\"https:\\\/\\\/kbbm.be\\\/forest-shop\\\/le-guide-de-la-foret\\\/\"]}]},{\"@type\":\"ImageObject\",\"inLanguage\":\"en-GB\",\"@id\":\"https:\\\/\\\/kbbm.be\\\/forest-shop\\\/le-guide-de-la-foret\\\/#primaryimage\",\"url\":\"https:\\\/\\\/srfb.be\\\/wp-content\\\/uploads\\\/2026\\\/03\\\/cover-le-guide-de-la-foret.jpeg\",\"contentUrl\":\"https:\\\/\\\/srfb.be\\\/wp-content\\\/uploads\\\/2026\\\/03\\\/cover-le-guide-de-la-foret.jpeg\",\"width\":1560,\"height\":2266,\"caption\":\"Couverture : Le Guide de la For\u00eat\"},{\"@type\":\"BreadcrumbList\",\"@id\":\"https:\\\/\\\/kbbm.be\\\/forest-shop\\\/le-guide-de-la-foret\\\/#breadcrumb\",\"itemListElement\":[{\"@type\":\"ListItem\",\"position\":1,\"name\":\"Accueil\",\"item\":\"https:\\\/\\\/kbbm.be\\\/de\\\/\"},{\"@type\":\"ListItem\",\"position\":2,\"name\":\"Producten\",\"item\":\"https:\\\/\\\/kbbm.be\\\/nl\\\/shop\\\/\"},{\"@type\":\"ListItem\",\"position\":3,\"name\":\"Le Guide de la for\u00eat\"}]},{\"@type\":\"WebSite\",\"@id\":\"https:\\\/\\\/kbbm.be\\\/de\\\/#website\",\"url\":\"https:\\\/\\\/kbbm.be\\\/de\\\/\",\"name\":\"Soci\u00e9t\u00e9 Royale Foresti\u00e8re de Belgique\",\"description\":\"Au service de la for\u00eat et des forestiers\",\"publisher\":{\"@id\":\"https:\\\/\\\/kbbm.be\\\/de\\\/#organization\"},\"alternateName\":\"SRFB-KBBM\",\"potentialAction\":[{\"@type\":\"SearchAction\",\"target\":{\"@type\":\"EntryPoint\",\"urlTemplate\":\"https:\\\/\\\/kbbm.be\\\/de\\\/?s={search_term_string}\"},\"query-input\":{\"@type\":\"PropertyValueSpecification\",\"valueRequired\":true,\"valueName\":\"search_term_string\"}}],\"inLanguage\":\"en-GB\"},{\"@type\":\"Organization\",\"@id\":\"https:\\\/\\\/kbbm.be\\\/de\\\/#organization\",\"name\":\"Soci\u00e9t\u00e9 Royale Foresti\u00e8re De Belgique - Koninklijke Belgische Bosbouwmaatschappij\",\"alternateName\":\"SRFB-KBBM\",\"url\":\"https:\\\/\\\/kbbm.be\\\/de\\\/\",\"logo\":{\"@type\":\"ImageObject\",\"inLanguage\":\"en-GB\",\"@id\":\"https:\\\/\\\/kbbm.be\\\/de\\\/#\\\/schema\\\/logo\\\/image\\\/\",\"url\":\"https:\\\/\\\/srfb.be\\\/wp-content\\\/uploads\\\/2019\\\/06\\\/android-chrome-256x256.png\",\"contentUrl\":\"https:\\\/\\\/srfb.be\\\/wp-content\\\/uploads\\\/2019\\\/06\\\/android-chrome-256x256.png\",\"width\":1200,\"height\":1232,\"caption\":\"Soci\u00e9t\u00e9 Royale Foresti\u00e8re De Belgique - Koninklijke Belgische Bosbouwmaatschappij\"},\"image\":{\"@id\":\"https:\\\/\\\/kbbm.be\\\/de\\\/#\\\/schema\\\/logo\\\/image\\\/\"},\"sameAs\":[\"https:\\\/\\\/www.facebook.com\\\/srfb.be\",\"https:\\\/\\\/www.instagram.com\\\/srfb_kbbm\\\/\",\"https:\\\/\\\/www.linkedin.com\\\/company\\\/srfb-kbbm\\\/\",\"https:\\\/\\\/www.youtube.com\\\/user\\\/srfbkbbm\"]}]}<\/script>\n<!-- \/ Yoast SEO plugin. -->","yoast_head_json":{"title":"Le Guide de la for\u00eat - Soci\u00e9t\u00e9 Royale Foresti\u00e8re de Belgique","robots":{"index":"index","follow":"follow","max-snippet":"max-snippet:-1","max-image-preview":"max-image-preview:large","max-video-preview":"max-video-preview:-1"},"canonical":"https:\/\/kbbm.be\/forest-shop\/le-guide-de-la-foret\/","og_locale":"en_GB","og_type":"article","og_title":"Le Guide de la for\u00eat - Soci\u00e9t\u00e9 Royale Foresti\u00e8re de Belgique","og_description":"Milieu, faune et flore des for\u00eats d\u2019Europe temp\u00e9r\u00e9e Ce guide pratique de terrain, illustr\u00e9 de 900 photos, invite le promeneur \u00e0 d\u00e9couvrir le milieu forestier. Il lui permet de se familiariser avec sa faune et sa flore, de mieux comprendre le fonctionnement de son \u00e9cosyst\u00e8me, les conditions de vie dans ce milieu, la structure ainsi que les types des for\u00eats de nos r\u00e9gions. Ce guide permet aussi de comprendre le cycle de vie de divers organismes, leur r\u00f4le dans la nature et l\u2019organisation de leurs relations.","og_url":"https:\/\/kbbm.be\/forest-shop\/le-guide-de-la-foret\/","og_site_name":"Soci\u00e9t\u00e9 Royale Foresti\u00e8re de Belgique","article_publisher":"https:\/\/www.facebook.com\/srfb.be","article_modified_time":"2026-03-24T12:34:25+00:00","og_image":[{"width":1560,"height":2266,"url":"https:\/\/kbbm.be\/wp-content\/uploads\/2026\/03\/cover-le-guide-de-la-foret.jpeg","type":"image\/jpeg"}],"schema":{"@context":"https:\/\/schema.org","@graph":[{"@type":"WebPage","@id":"https:\/\/kbbm.be\/forest-shop\/le-guide-de-la-foret\/","url":"https:\/\/kbbm.be\/forest-shop\/le-guide-de-la-foret\/","name":"Le Guide de la for\u00eat - Soci\u00e9t\u00e9 Royale Foresti\u00e8re de Belgique","isPartOf":{"@id":"https:\/\/kbbm.be\/de\/#website"},"primaryImageOfPage":{"@id":"https:\/\/kbbm.be\/forest-shop\/le-guide-de-la-foret\/#primaryimage"},"image":{"@id":"https:\/\/kbbm.be\/forest-shop\/le-guide-de-la-foret\/#primaryimage"},"thumbnailUrl":"https:\/\/srfb.be\/wp-content\/uploads\/2026\/03\/cover-le-guide-de-la-foret.jpeg","datePublished":"2026-03-24T12:33:35+00:00","dateModified":"2026-03-24T12:34:25+00:00","breadcrumb":{"@id":"https:\/\/kbbm.be\/forest-shop\/le-guide-de-la-foret\/#breadcrumb"},"inLanguage":"en-GB","potentialAction":[{"@type":"ReadAction","target":["https:\/\/kbbm.be\/forest-shop\/le-guide-de-la-foret\/"]}]},{"@type":"ImageObject","inLanguage":"en-GB","@id":"https:\/\/kbbm.be\/forest-shop\/le-guide-de-la-foret\/#primaryimage","url":"https:\/\/srfb.be\/wp-content\/uploads\/2026\/03\/cover-le-guide-de-la-foret.jpeg","contentUrl":"https:\/\/srfb.be\/wp-content\/uploads\/2026\/03\/cover-le-guide-de-la-foret.jpeg","width":1560,"height":2266,"caption":"Couverture : Le Guide de la For\u00eat"},{"@type":"BreadcrumbList","@id":"https:\/\/kbbm.be\/forest-shop\/le-guide-de-la-foret\/#breadcrumb","itemListElement":[{"@type":"ListItem","position":1,"name":"Accueil","item":"https:\/\/kbbm.be\/de\/"},{"@type":"ListItem","position":2,"name":"Producten","item":"https:\/\/kbbm.be\/nl\/shop\/"},{"@type":"ListItem","position":3,"name":"Le Guide de la for\u00eat"}]},{"@type":"WebSite","@id":"https:\/\/kbbm.be\/de\/#website","url":"https:\/\/kbbm.be\/de\/","name":"Royal Forestry Society of Belgium","description":"Serving forests and foresters","publisher":{"@id":"https:\/\/kbbm.be\/de\/#organization"},"alternateName":"SRFB-KBBM","potentialAction":[{"@type":"SearchAction","target":{"@type":"EntryPoint","urlTemplate":"https:\/\/kbbm.be\/de\/?s={search_term_string}"},"query-input":{"@type":"PropertyValueSpecification","valueRequired":true,"valueName":"search_term_string"}}],"inLanguage":"en-GB"},{"@type":"Organization","@id":"https:\/\/kbbm.be\/de\/#organization","name":"Soci\u00e9t\u00e9 Royale Foresti\u00e8re De Belgique - Koninklijke Belgische Bosbouwmaatschappij","alternateName":"SRFB-KBBM","url":"https:\/\/kbbm.be\/de\/","logo":{"@type":"ImageObject","inLanguage":"en-GB","@id":"https:\/\/kbbm.be\/de\/#\/schema\/logo\/image\/","url":"https:\/\/srfb.be\/wp-content\/uploads\/2019\/06\/android-chrome-256x256.png","contentUrl":"https:\/\/srfb.be\/wp-content\/uploads\/2019\/06\/android-chrome-256x256.png","width":1200,"height":1232,"caption":"Soci\u00e9t\u00e9 Royale Foresti\u00e8re De Belgique - Koninklijke Belgische Bosbouwmaatschappij"},"image":{"@id":"https:\/\/kbbm.be\/de\/#\/schema\/logo\/image\/"},"sameAs":["https:\/\/www.facebook.com\/srfb.be","https:\/\/www.instagram.com\/srfb_kbbm\/","https:\/\/www.linkedin.com\/company\/srfb-kbbm\/","https:\/\/www.youtube.com\/user\/srfbkbbm"]}]}},"_links":{"self":[{"href":"https:\/\/srfb.be\/en\/wp-json\/wp\/v2\/product\/39884","targetHints":{"allow":["GET"]}}],"collection":[{"href":"https:\/\/srfb.be\/en\/wp-json\/wp\/v2\/product"}],"about":[{"href":"https:\/\/srfb.be\/en\/wp-json\/wp\/v2\/types\/product"}],"replies":[{"embeddable":true,"href":"https:\/\/srfb.be\/en\/wp-json\/wp\/v2\/comments?post=39884"}],"wp:featuredmedia":[{"embeddable":true,"href":"https:\/\/srfb.be\/en\/wp-json\/wp\/v2\/media\/39885"}],"wp:attachment":[{"href":"https:\/\/srfb.be\/en\/wp-json\/wp\/v2\/media?parent=39884"}],"wp:term":[{"taxonomy":"product_brand","embeddable":true,"href":"https:\/\/srfb.be\/en\/wp-json\/wp\/v2\/product_brand?post=39884"},{"taxonomy":"product_cat","embeddable":true,"href":"https:\/\/srfb.be\/en\/wp-json\/wp\/v2\/product_cat?post=39884"},{"taxonomy":"product_tag","embeddable":true,"href":"https:\/\/srfb.be\/en\/wp-json\/wp\/v2\/product_tag?post=39884"}],"curies":[{"name":"wp","href":"https:\/\/api.w.org\/{rel}","templated":true}]}}