{"id":39395,"date":"2025-12-09T10:01:57","date_gmt":"2025-12-09T09:01:57","guid":{"rendered":"https:\/\/srfb.be\/?post_type=product&#038;p=39395"},"modified":"2026-03-03T17:01:34","modified_gmt":"2026-03-03T16:01:34","slug":"bien-tailler-les-feuillus","status":"publish","type":"product","link":"https:\/\/srfb.be\/en\/forest-shop\/bien-tailler-les-feuillus\/","title":{"rendered":"Pruning deciduous trees properly"},"content":{"rendered":"<p class=\"x_MsoNormal\"><b><span lang=\"FR\" data-olk-copy-source=\"MessageBody\">Practical advice for forest and agroforestry plantations<\/span><\/b><\/p>\n<p class=\"x_MsoNormal\"><span lang=\"FR\">Producing quality wood is possible, but requires training pruning and pruning to rectify the natural shape of the trees and achieve the desired characteristics: a trunk without branches, straight and cylindrical, without knots or internal defects, and sufficiently long.<\/span><\/p>\n<p class=\"x_MsoNormal\"><span lang=\"FR\">Why prune trees? What type of cut should be made? How does the tree react to pruning? How and when should a branch be cut? How can I get a straight bole and knot-free wood? What equipment should I use? This practical guide answers all these questions.<\/span><\/p>\n<p class=\"x_MsoNormal\"><span lang=\"FR\">Validated by experience in the field and enriched by recent scientific knowledge, this book is aimed at all managers of forest and field trees.<\/span><\/p>\n<p class=\"x_MsoNormal\"><span lang=\"FR\">210 x 297 mm - 84 pages - ref. 131D41<\/span><\/p>","protected":false},"excerpt":{"rendered":"<p class=\"x_MsoNormal\"><b><span lang=\"FR\" data-olk-copy-source=\"MessageBody\">Practical advice for forest and agroforestry plantations<\/span><\/b><\/p>\n<p class=\"x_MsoNormal\"><span lang=\"FR\">Producing quality wood is possible, but requires training pruning and pruning to rectify the natural shape of the trees and achieve the desired characteristics: a trunk without branches, straight and cylindrical, without knots or internal defects, and sufficiently long.<\/span><\/p>\n<p class=\"x_MsoNormal\"><span lang=\"FR\">Why prune trees? What type of cut should be made? How does the tree react to pruning? How and when should a branch be cut? How can I get a straight bole and knot-free wood? What equipment should I use? This practical guide answers all these questions.<\/span><\/p>\n<p class=\"x_MsoNormal\"><span lang=\"FR\">Validated by experience in the field and enriched by recent scientific knowledge, this book is aimed at all managers of forest and field trees.<\/span><\/p>\n<p class=\"x_MsoNormal\"><span lang=\"FR\">210 x 297 mm - 84 pages - ref. 131D41<\/span><\/p>","protected":false},"featured_media":39396,"comment_status":"open","ping_status":"closed","template":"","meta":{"iawp_total_views":94},"product_brand":[],"product_cat":[314],"product_tag":[],"class_list":{"0":"post-39395","1":"product","2":"type-product","3":"status-publish","4":"has-post-thumbnail","6":"product_cat-sylviculture","8":"first","9":"instock","10":"shipping-taxable","11":"purchasable","12":"product-type-simple"},"yoast_head":"<!-- This site is optimized with the Yoast SEO plugin v27.3 - https:\/\/yoast.com\/product\/yoast-seo-wordpress\/ -->\n<title>Bien tailler les \u00adfeuillus - Soci\u00e9t\u00e9 Royale Foresti\u00e8re de Belgique<\/title>\n<meta name=\"robots\" content=\"index, follow, max-snippet:-1, max-image-preview:large, max-video-preview:-1\" \/>\n<link rel=\"canonical\" href=\"https:\/\/www.kbbm.be\/de\/forest-shop\/bien-tailler-les-feuillus\/\" \/>\n<meta property=\"og:locale\" content=\"en_GB\" \/>\n<meta property=\"og:type\" content=\"article\" \/>\n<meta property=\"og:title\" content=\"Bien tailler les \u00adfeuillus - Soci\u00e9t\u00e9 Royale Foresti\u00e8re de Belgique\" \/>\n<meta property=\"og:description\" content=\"Conseils pratiques pour les \u00adplantations foresti\u00e8res et \u00adagroforesti\u00e8res Produire du bois de qualit\u00e9 est possible, mais n\u00e9cessite d\u2019intervenir en tailles de formation et \u00e9lagages pour rectifier la forme naturelle des arbres et tendre vers les caract\u00e9ristiques attendues : tronc sans branches, droit et cylindrique, sans n\u0153uds ni d\u00e9fauts internes, et suffisamment long. Pourquoi tailler les arbres\u2005? Quel type de coupe r\u00e9aliser\u2005? Comment r\u00e9agit l\u2019arbre \u00e0 la taille\u2005? Comment et quand couper une branche\u2005? Comment obtenir un f\u00fbt droit et du bois sans n\u0153uds\u2005? Quel mat\u00e9riel utiliser\u2005? Autant de questions auxquelles ce guide pratique r\u00e9pond. Valid\u00e9 par l\u2019exp\u00e9rience de terrain et enrichi par les connaissances scientifiques r\u00e9centes, cet ouvrage est destin\u00e9 \u00e0 tous les gestionnaires de l\u2019arbre forestier ou champ\u00eatre. 210 x 297 mm - 84 pages \u2013 r\u00e9f. 131D41\" \/>\n<meta property=\"og:url\" content=\"https:\/\/www.kbbm.be\/de\/forest-shop\/bien-tailler-les-feuillus\/\" \/>\n<meta property=\"og:site_name\" content=\"Soci\u00e9t\u00e9 Royale Foresti\u00e8re de Belgique\" \/>\n<meta property=\"article:publisher\" content=\"https:\/\/www.facebook.com\/srfb.be\" \/>\n<meta property=\"article:modified_time\" content=\"2026-03-03T16:01:34+00:00\" \/>\n<meta property=\"og:image\" content=\"https:\/\/www.kbbm.be\/wp-content\/uploads\/2025\/12\/COUV-Bien-tailler-les-feuillus.jpeg\" \/>\n\t<meta property=\"og:image:width\" content=\"835\" \/>\n\t<meta property=\"og:image:height\" content=\"1181\" \/>\n\t<meta property=\"og:image:type\" content=\"image\/jpeg\" \/>\n<script type=\"application\/ld+json\" class=\"yoast-schema-graph\">{\"@context\":\"https:\\\/\\\/schema.org\",\"@graph\":[{\"@type\":\"WebPage\",\"@id\":\"https:\\\/\\\/www.kbbm.be\\\/de\\\/forest-shop\\\/bien-tailler-les-feuillus\\\/\",\"url\":\"https:\\\/\\\/www.kbbm.be\\\/de\\\/forest-shop\\\/bien-tailler-les-feuillus\\\/\",\"name\":\"Bien tailler les \u00adfeuillus - Soci\u00e9t\u00e9 Royale Foresti\u00e8re de Belgique\",\"isPartOf\":{\"@id\":\"https:\\\/\\\/srfb.be\\\/#website\"},\"primaryImageOfPage\":{\"@id\":\"https:\\\/\\\/www.kbbm.be\\\/de\\\/forest-shop\\\/bien-tailler-les-feuillus\\\/#primaryimage\"},\"image\":{\"@id\":\"https:\\\/\\\/www.kbbm.be\\\/de\\\/forest-shop\\\/bien-tailler-les-feuillus\\\/#primaryimage\"},\"thumbnailUrl\":\"https:\\\/\\\/srfb.be\\\/wp-content\\\/uploads\\\/2025\\\/12\\\/COUV-Bien-tailler-les-feuillus.jpeg\",\"datePublished\":\"2025-12-09T09:01:57+00:00\",\"dateModified\":\"2026-03-03T16:01:34+00:00\",\"breadcrumb\":{\"@id\":\"https:\\\/\\\/www.kbbm.be\\\/de\\\/forest-shop\\\/bien-tailler-les-feuillus\\\/#breadcrumb\"},\"inLanguage\":\"en-GB\",\"potentialAction\":[{\"@type\":\"ReadAction\",\"target\":[\"https:\\\/\\\/www.kbbm.be\\\/de\\\/forest-shop\\\/bien-tailler-les-feuillus\\\/\"]}]},{\"@type\":\"ImageObject\",\"inLanguage\":\"en-GB\",\"@id\":\"https:\\\/\\\/www.kbbm.be\\\/de\\\/forest-shop\\\/bien-tailler-les-feuillus\\\/#primaryimage\",\"url\":\"https:\\\/\\\/srfb.be\\\/wp-content\\\/uploads\\\/2025\\\/12\\\/COUV-Bien-tailler-les-feuillus.jpeg\",\"contentUrl\":\"https:\\\/\\\/srfb.be\\\/wp-content\\\/uploads\\\/2025\\\/12\\\/COUV-Bien-tailler-les-feuillus.jpeg\",\"width\":835,\"height\":1181,\"caption\":\"Couverture Bien tailler les feuillus\"},{\"@type\":\"BreadcrumbList\",\"@id\":\"https:\\\/\\\/www.kbbm.be\\\/de\\\/forest-shop\\\/bien-tailler-les-feuillus\\\/#breadcrumb\",\"itemListElement\":[{\"@type\":\"ListItem\",\"position\":1,\"name\":\"Accueil\",\"item\":\"https:\\\/\\\/srfb.be\\\/\"},{\"@type\":\"ListItem\",\"position\":2,\"name\":\"Produkte\",\"item\":\"https:\\\/\\\/www.kbbm.be\\\/de\\\/shop\\\/\"},{\"@type\":\"ListItem\",\"position\":3,\"name\":\"Bien tailler les \u00adfeuillus\"}]},{\"@type\":\"WebSite\",\"@id\":\"https:\\\/\\\/srfb.be\\\/#website\",\"url\":\"https:\\\/\\\/srfb.be\\\/\",\"name\":\"Soci\u00e9t\u00e9 Royale Foresti\u00e8re de Belgique\",\"description\":\"Au service de la for\u00eat et des forestiers\",\"publisher\":{\"@id\":\"https:\\\/\\\/srfb.be\\\/#organization\"},\"alternateName\":\"SRFB-KBBM\",\"potentialAction\":[{\"@type\":\"SearchAction\",\"target\":{\"@type\":\"EntryPoint\",\"urlTemplate\":\"https:\\\/\\\/srfb.be\\\/?s={search_term_string}\"},\"query-input\":{\"@type\":\"PropertyValueSpecification\",\"valueRequired\":true,\"valueName\":\"search_term_string\"}}],\"inLanguage\":\"en-GB\"},{\"@type\":\"Organization\",\"@id\":\"https:\\\/\\\/srfb.be\\\/#organization\",\"name\":\"Soci\u00e9t\u00e9 Royale Foresti\u00e8re De Belgique - Koninklijke Belgische Bosbouwmaatschappij\",\"alternateName\":\"SRFB-KBBM\",\"url\":\"https:\\\/\\\/srfb.be\\\/\",\"logo\":{\"@type\":\"ImageObject\",\"inLanguage\":\"en-GB\",\"@id\":\"https:\\\/\\\/srfb.be\\\/#\\\/schema\\\/logo\\\/image\\\/\",\"url\":\"https:\\\/\\\/srfb.be\\\/wp-content\\\/uploads\\\/2019\\\/06\\\/android-chrome-256x256.png\",\"contentUrl\":\"https:\\\/\\\/srfb.be\\\/wp-content\\\/uploads\\\/2019\\\/06\\\/android-chrome-256x256.png\",\"width\":1200,\"height\":1232,\"caption\":\"Soci\u00e9t\u00e9 Royale Foresti\u00e8re De Belgique - Koninklijke Belgische Bosbouwmaatschappij\"},\"image\":{\"@id\":\"https:\\\/\\\/srfb.be\\\/#\\\/schema\\\/logo\\\/image\\\/\"},\"sameAs\":[\"https:\\\/\\\/www.facebook.com\\\/srfb.be\",\"https:\\\/\\\/www.instagram.com\\\/srfb_kbbm\\\/\",\"https:\\\/\\\/www.linkedin.com\\\/company\\\/srfb-kbbm\\\/\",\"https:\\\/\\\/www.youtube.com\\\/user\\\/srfbkbbm\"]}]}<\/script>\n<!-- \/ Yoast SEO plugin. -->","yoast_head_json":{"title":"Pruning deciduous trees - Royal Forestry Society of Belgium","robots":{"index":"index","follow":"follow","max-snippet":"max-snippet:-1","max-image-preview":"max-image-preview:large","max-video-preview":"max-video-preview:-1"},"canonical":"https:\/\/www.kbbm.be\/de\/forest-shop\/bien-tailler-les-feuillus\/","og_locale":"en_GB","og_type":"article","og_title":"Bien tailler les \u00adfeuillus - Soci\u00e9t\u00e9 Royale Foresti\u00e8re de Belgique","og_description":"Conseils pratiques pour les \u00adplantations foresti\u00e8res et \u00adagroforesti\u00e8res Produire du bois de qualit\u00e9 est possible, mais n\u00e9cessite d\u2019intervenir en tailles de formation et \u00e9lagages pour rectifier la forme naturelle des arbres et tendre vers les caract\u00e9ristiques attendues : tronc sans branches, droit et cylindrique, sans n\u0153uds ni d\u00e9fauts internes, et suffisamment long. Pourquoi tailler les arbres\u2005? Quel type de coupe r\u00e9aliser\u2005? Comment r\u00e9agit l\u2019arbre \u00e0 la taille\u2005? Comment et quand couper une branche\u2005? Comment obtenir un f\u00fbt droit et du bois sans n\u0153uds\u2005? Quel mat\u00e9riel utiliser\u2005? Autant de questions auxquelles ce guide pratique r\u00e9pond. Valid\u00e9 par l\u2019exp\u00e9rience de terrain et enrichi par les connaissances scientifiques r\u00e9centes, cet ouvrage est destin\u00e9 \u00e0 tous les gestionnaires de l\u2019arbre forestier ou champ\u00eatre. 210 x 297 mm - 84 pages \u2013 r\u00e9f. 131D41","og_url":"https:\/\/www.kbbm.be\/de\/forest-shop\/bien-tailler-les-feuillus\/","og_site_name":"Soci\u00e9t\u00e9 Royale Foresti\u00e8re de Belgique","article_publisher":"https:\/\/www.facebook.com\/srfb.be","article_modified_time":"2026-03-03T16:01:34+00:00","og_image":[{"width":835,"height":1181,"url":"https:\/\/www.kbbm.be\/wp-content\/uploads\/2025\/12\/COUV-Bien-tailler-les-feuillus.jpeg","type":"image\/jpeg"}],"schema":{"@context":"https:\/\/schema.org","@graph":[{"@type":"WebPage","@id":"https:\/\/www.kbbm.be\/de\/forest-shop\/bien-tailler-les-feuillus\/","url":"https:\/\/www.kbbm.be\/de\/forest-shop\/bien-tailler-les-feuillus\/","name":"Pruning deciduous trees - Royal Forestry Society of Belgium","isPartOf":{"@id":"https:\/\/srfb.be\/#website"},"primaryImageOfPage":{"@id":"https:\/\/www.kbbm.be\/de\/forest-shop\/bien-tailler-les-feuillus\/#primaryimage"},"image":{"@id":"https:\/\/www.kbbm.be\/de\/forest-shop\/bien-tailler-les-feuillus\/#primaryimage"},"thumbnailUrl":"https:\/\/srfb.be\/wp-content\/uploads\/2025\/12\/COUV-Bien-tailler-les-feuillus.jpeg","datePublished":"2025-12-09T09:01:57+00:00","dateModified":"2026-03-03T16:01:34+00:00","breadcrumb":{"@id":"https:\/\/www.kbbm.be\/de\/forest-shop\/bien-tailler-les-feuillus\/#breadcrumb"},"inLanguage":"en-GB","potentialAction":[{"@type":"ReadAction","target":["https:\/\/www.kbbm.be\/de\/forest-shop\/bien-tailler-les-feuillus\/"]}]},{"@type":"ImageObject","inLanguage":"en-GB","@id":"https:\/\/www.kbbm.be\/de\/forest-shop\/bien-tailler-les-feuillus\/#primaryimage","url":"https:\/\/srfb.be\/wp-content\/uploads\/2025\/12\/COUV-Bien-tailler-les-feuillus.jpeg","contentUrl":"https:\/\/srfb.be\/wp-content\/uploads\/2025\/12\/COUV-Bien-tailler-les-feuillus.jpeg","width":835,"height":1181,"caption":"Couverture Bien tailler les feuillus"},{"@type":"BreadcrumbList","@id":"https:\/\/www.kbbm.be\/de\/forest-shop\/bien-tailler-les-feuillus\/#breadcrumb","itemListElement":[{"@type":"ListItem","position":1,"name":"Accueil","item":"https:\/\/srfb.be\/"},{"@type":"ListItem","position":2,"name":"Produkte","item":"https:\/\/www.kbbm.be\/de\/shop\/"},{"@type":"ListItem","position":3,"name":"Bien tailler les \u00adfeuillus"}]},{"@type":"WebSite","@id":"https:\/\/srfb.be\/#website","url":"https:\/\/srfb.be\/","name":"Royal Forestry Society of Belgium","description":"Serving forests and foresters","publisher":{"@id":"https:\/\/srfb.be\/#organization"},"alternateName":"SRFB-KBBM","potentialAction":[{"@type":"SearchAction","target":{"@type":"EntryPoint","urlTemplate":"https:\/\/srfb.be\/?s={search_term_string}"},"query-input":{"@type":"PropertyValueSpecification","valueRequired":true,"valueName":"search_term_string"}}],"inLanguage":"en-GB"},{"@type":"Organization","@id":"https:\/\/srfb.be\/#organization","name":"Soci\u00e9t\u00e9 Royale Foresti\u00e8re De Belgique - Koninklijke Belgische Bosbouwmaatschappij","alternateName":"SRFB-KBBM","url":"https:\/\/srfb.be\/","logo":{"@type":"ImageObject","inLanguage":"en-GB","@id":"https:\/\/srfb.be\/#\/schema\/logo\/image\/","url":"https:\/\/srfb.be\/wp-content\/uploads\/2019\/06\/android-chrome-256x256.png","contentUrl":"https:\/\/srfb.be\/wp-content\/uploads\/2019\/06\/android-chrome-256x256.png","width":1200,"height":1232,"caption":"Soci\u00e9t\u00e9 Royale Foresti\u00e8re De Belgique - Koninklijke Belgische Bosbouwmaatschappij"},"image":{"@id":"https:\/\/srfb.be\/#\/schema\/logo\/image\/"},"sameAs":["https:\/\/www.facebook.com\/srfb.be","https:\/\/www.instagram.com\/srfb_kbbm\/","https:\/\/www.linkedin.com\/company\/srfb-kbbm\/","https:\/\/www.youtube.com\/user\/srfbkbbm"]}]}},"_links":{"self":[{"href":"https:\/\/srfb.be\/en\/wp-json\/wp\/v2\/product\/39395","targetHints":{"allow":["GET"]}}],"collection":[{"href":"https:\/\/srfb.be\/en\/wp-json\/wp\/v2\/product"}],"about":[{"href":"https:\/\/srfb.be\/en\/wp-json\/wp\/v2\/types\/product"}],"replies":[{"embeddable":true,"href":"https:\/\/srfb.be\/en\/wp-json\/wp\/v2\/comments?post=39395"}],"wp:featuredmedia":[{"embeddable":true,"href":"https:\/\/srfb.be\/en\/wp-json\/wp\/v2\/media\/39396"}],"wp:attachment":[{"href":"https:\/\/srfb.be\/en\/wp-json\/wp\/v2\/media?parent=39395"}],"wp:term":[{"taxonomy":"product_brand","embeddable":true,"href":"https:\/\/srfb.be\/en\/wp-json\/wp\/v2\/product_brand?post=39395"},{"taxonomy":"product_cat","embeddable":true,"href":"https:\/\/srfb.be\/en\/wp-json\/wp\/v2\/product_cat?post=39395"},{"taxonomy":"product_tag","embeddable":true,"href":"https:\/\/srfb.be\/en\/wp-json\/wp\/v2\/product_tag?post=39395"}],"curies":[{"name":"wp","href":"https:\/\/api.w.org\/{rel}","templated":true}]}}