{"id":34997,"date":"2024-02-01T14:47:40","date_gmt":"2024-02-01T13:47:40","guid":{"rendered":"https:\/\/srfb.be\/?post_type=product&#038;p=34997"},"modified":"2026-03-03T17:00:28","modified_gmt":"2026-03-03T16:00:28","slug":"bats-and-forests-indispensable-allies","status":"publish","type":"product","link":"https:\/\/srfb.be\/en\/forest-shop\/chauves-souris-et-foret-des-allies-indispensables\/","title":{"rendered":"Bats and forests, indispensable allies"},"content":{"rendered":"<p>Among the many animal and plant species found in our forests, some are particularly discreet, even invisible to foresters and walkers: bats or chiroptera. These flying, nocturnal mammals, with their highly unusual habits, are often present in our forests without us even realising it. The species may be more or less forest-dwelling, but they all frequent this environment during their lives.<\/p>\n<p>This comprehensive guide presents the mysterious and little-known world of bats. The thirty or so forest species found in France are described in detail, along with their way of life.<\/p>\n<p>The originality of this guide lies in the management advice it gives to encourage these mammals, with feedback from experience.<\/p>\n<p>An essential brochure to help you understand and protect these fragile species.<\/p>\n<p><strong>21 cm x 29 cm, 64 pages<\/strong><\/p>","protected":false},"excerpt":{"rendered":"<p>Among the many animal and plant species found in our forests, some are particularly discreet, even invisible to foresters and walkers: bats or chiroptera. These flying, nocturnal mammals, with their highly unusual habits, are often present in our forests without us even realising it. The species may be more or less forest-dwelling, but they all frequent this environment during their lives.<\/p>\n<p>This comprehensive guide presents the mysterious and little-known world of bats. The thirty or so forest species found in France are described in detail, along with their way of life.<\/p>\n<p>The originality of this guide lies in the management advice it gives to encourage these mammals, with feedback from experience.<\/p>\n<p>An essential brochure to help you understand and protect these fragile species.<\/p>\n<p><strong>21 cm x 29 cm, 64 pages<\/strong><\/p>","protected":false},"featured_media":34996,"comment_status":"open","ping_status":"closed","template":"","meta":{"iawp_total_views":59},"product_brand":[],"product_cat":[691],"product_tag":[],"class_list":{"0":"post-34997","1":"product","2":"type-product","3":"status-publish","4":"has-post-thumbnail","6":"product_cat-biodiversite","8":"first","9":"instock","10":"shipping-taxable","11":"purchasable","12":"product-type-simple"},"yoast_head":"<!-- This site is optimized with the Yoast SEO plugin v27.4 - https:\/\/yoast.com\/product\/yoast-seo-wordpress\/ -->\n<title>Chauves-souris et for\u00eat, des alli\u00e9s indispensables - Soci\u00e9t\u00e9 Royale Foresti\u00e8re de Belgique<\/title>\n<meta name=\"robots\" content=\"index, follow, max-snippet:-1, max-image-preview:large, max-video-preview:-1\" \/>\n<link rel=\"canonical\" href=\"https:\/\/srfb.be\/en\/forest-shop\/bats-and-forests-indispensable-allies\/\" \/>\n<meta property=\"og:locale\" content=\"en_GB\" \/>\n<meta property=\"og:type\" content=\"article\" \/>\n<meta property=\"og:title\" content=\"Chauves-souris et for\u00eat, des alli\u00e9s indispensables - Soci\u00e9t\u00e9 Royale Foresti\u00e8re de Belgique\" \/>\n<meta property=\"og:description\" content=\"Parmi les nombreuses esp\u00e8ces animales et v\u00e9g\u00e9tales qu\u2019abritent nos for\u00eats, certaines sont particuli\u00e8rement discr\u00e8tes, voire invisibles du forestier et du promeneur : les chauves-souris ou chiropt\u00e8res. Ces mammif\u00e8res volants, nocturnes, aux m\u0153urs tr\u00e8s particuli\u00e8res sont pourtant bien souvent pr\u00e9sents dans les for\u00eats sans m\u00eame qu\u2019on en ait conscience. Des esp\u00e8ces plus ou moins foresti\u00e8res, mais qui toutes fr\u00e9quentent ce milieu au cours de leur vie.  Ce guide complet pr\u00e9sente le monde myst\u00e9rieux et m\u00e9connu des chauves-souris. La trentaine d\u2019esp\u00e8ces foresti\u00e8res pr\u00e9sentes en France est d\u00e9taill\u00e9e ainsi que leur mode de vie.  L\u2019originalit\u00e9 de ce guide r\u00e9side dans les conseils de gestion pour favoriser ces mammif\u00e8res, avec des retours d\u2019exp\u00e9riences.  Une brochure indispensable pour mieux connaitre et prot\u00e9ger ces esp\u00e8ces fragiles.  21 cm x 29 cm, 64 pages\" \/>\n<meta property=\"og:url\" content=\"https:\/\/srfb.be\/en\/forest-shop\/bats-and-forests-indispensable-allies\/\" \/>\n<meta property=\"og:site_name\" content=\"Soci\u00e9t\u00e9 Royale Foresti\u00e8re de Belgique\" \/>\n<meta property=\"article:publisher\" content=\"https:\/\/www.facebook.com\/srfb.be\" \/>\n<meta property=\"article:modified_time\" content=\"2026-03-03T16:00:28+00:00\" \/>\n<meta property=\"og:image\" content=\"https:\/\/srfb.be\/wp-content\/uploads\/2024\/02\/Chauvessouris.jpg\" \/>\n\t<meta property=\"og:image:width\" content=\"1204\" \/>\n\t<meta property=\"og:image:height\" content=\"1705\" \/>\n\t<meta property=\"og:image:type\" content=\"image\/jpeg\" \/>\n<script type=\"application\/ld+json\" class=\"yoast-schema-graph\">{\"@context\":\"https:\\\/\\\/schema.org\",\"@graph\":[{\"@type\":\"WebPage\",\"@id\":\"https:\\\/\\\/srfb.be\\\/en\\\/forest-shop\\\/bats-and-forests-indispensable-allies\\\/\",\"url\":\"https:\\\/\\\/srfb.be\\\/en\\\/forest-shop\\\/bats-and-forests-indispensable-allies\\\/\",\"name\":\"Chauves-souris et for\u00eat, des alli\u00e9s indispensables - Soci\u00e9t\u00e9 Royale Foresti\u00e8re de Belgique\",\"isPartOf\":{\"@id\":\"https:\\\/\\\/kbbm.be\\\/en\\\/#website\"},\"primaryImageOfPage\":{\"@id\":\"https:\\\/\\\/srfb.be\\\/en\\\/forest-shop\\\/bats-and-forests-indispensable-allies\\\/#primaryimage\"},\"image\":{\"@id\":\"https:\\\/\\\/srfb.be\\\/en\\\/forest-shop\\\/bats-and-forests-indispensable-allies\\\/#primaryimage\"},\"thumbnailUrl\":\"https:\\\/\\\/srfb.be\\\/wp-content\\\/uploads\\\/2024\\\/02\\\/Chauvessouris.jpg\",\"datePublished\":\"2024-02-01T13:47:40+00:00\",\"dateModified\":\"2026-03-03T16:00:28+00:00\",\"breadcrumb\":{\"@id\":\"https:\\\/\\\/srfb.be\\\/en\\\/forest-shop\\\/bats-and-forests-indispensable-allies\\\/#breadcrumb\"},\"inLanguage\":\"en-GB\",\"potentialAction\":[{\"@type\":\"ReadAction\",\"target\":[\"https:\\\/\\\/srfb.be\\\/en\\\/forest-shop\\\/bats-and-forests-indispensable-allies\\\/\"]}]},{\"@type\":\"ImageObject\",\"inLanguage\":\"en-GB\",\"@id\":\"https:\\\/\\\/srfb.be\\\/en\\\/forest-shop\\\/bats-and-forests-indispensable-allies\\\/#primaryimage\",\"url\":\"https:\\\/\\\/srfb.be\\\/wp-content\\\/uploads\\\/2024\\\/02\\\/Chauvessouris.jpg\",\"contentUrl\":\"https:\\\/\\\/srfb.be\\\/wp-content\\\/uploads\\\/2024\\\/02\\\/Chauvessouris.jpg\",\"width\":1204,\"height\":1705,\"caption\":\"Chauves-souris et for\u00eat\"},{\"@type\":\"BreadcrumbList\",\"@id\":\"https:\\\/\\\/srfb.be\\\/en\\\/forest-shop\\\/bats-and-forests-indispensable-allies\\\/#breadcrumb\",\"itemListElement\":[{\"@type\":\"ListItem\",\"position\":1,\"name\":\"Accueil\",\"item\":\"https:\\\/\\\/kbbm.be\\\/en\\\/\"},{\"@type\":\"ListItem\",\"position\":2,\"name\":\"Produits\",\"item\":\"https:\\\/\\\/srfb.be\\\/shop\\\/\"},{\"@type\":\"ListItem\",\"position\":3,\"name\":\"Chauves-souris et for\u00eat, des alli\u00e9s indispensables\"}]},{\"@type\":\"WebSite\",\"@id\":\"https:\\\/\\\/kbbm.be\\\/en\\\/#website\",\"url\":\"https:\\\/\\\/kbbm.be\\\/en\\\/\",\"name\":\"Soci\u00e9t\u00e9 Royale Foresti\u00e8re de Belgique\",\"description\":\"Au service de la for\u00eat et des forestiers\",\"publisher\":{\"@id\":\"https:\\\/\\\/kbbm.be\\\/en\\\/#organization\"},\"alternateName\":\"SRFB-KBBM\",\"potentialAction\":[{\"@type\":\"SearchAction\",\"target\":{\"@type\":\"EntryPoint\",\"urlTemplate\":\"https:\\\/\\\/kbbm.be\\\/en\\\/?s={search_term_string}\"},\"query-input\":{\"@type\":\"PropertyValueSpecification\",\"valueRequired\":true,\"valueName\":\"search_term_string\"}}],\"inLanguage\":\"en-GB\"},{\"@type\":\"Organization\",\"@id\":\"https:\\\/\\\/kbbm.be\\\/en\\\/#organization\",\"name\":\"Soci\u00e9t\u00e9 Royale Foresti\u00e8re De Belgique - Koninklijke Belgische Bosbouwmaatschappij\",\"alternateName\":\"SRFB-KBBM\",\"url\":\"https:\\\/\\\/kbbm.be\\\/en\\\/\",\"logo\":{\"@type\":\"ImageObject\",\"inLanguage\":\"en-GB\",\"@id\":\"https:\\\/\\\/kbbm.be\\\/en\\\/#\\\/schema\\\/logo\\\/image\\\/\",\"url\":\"https:\\\/\\\/srfb.be\\\/wp-content\\\/uploads\\\/2019\\\/06\\\/android-chrome-256x256.png\",\"contentUrl\":\"https:\\\/\\\/srfb.be\\\/wp-content\\\/uploads\\\/2019\\\/06\\\/android-chrome-256x256.png\",\"width\":1200,\"height\":1232,\"caption\":\"Soci\u00e9t\u00e9 Royale Foresti\u00e8re De Belgique - Koninklijke Belgische Bosbouwmaatschappij\"},\"image\":{\"@id\":\"https:\\\/\\\/kbbm.be\\\/en\\\/#\\\/schema\\\/logo\\\/image\\\/\"},\"sameAs\":[\"https:\\\/\\\/www.facebook.com\\\/srfb.be\",\"https:\\\/\\\/www.instagram.com\\\/srfb_kbbm\\\/\",\"https:\\\/\\\/www.linkedin.com\\\/company\\\/srfb-kbbm\\\/\",\"https:\\\/\\\/www.youtube.com\\\/user\\\/srfbkbbm\"]}]}<\/script>\n<!-- \/ Yoast SEO plugin. -->","yoast_head_json":{"title":"Bats and forests, indispensable allies - Royal Forestry Society of Belgium","robots":{"index":"index","follow":"follow","max-snippet":"max-snippet:-1","max-image-preview":"max-image-preview:large","max-video-preview":"max-video-preview:-1"},"canonical":"https:\/\/srfb.be\/en\/forest-shop\/bats-and-forests-indispensable-allies\/","og_locale":"en_GB","og_type":"article","og_title":"Chauves-souris et for\u00eat, des alli\u00e9s indispensables - Soci\u00e9t\u00e9 Royale Foresti\u00e8re de Belgique","og_description":"Parmi les nombreuses esp\u00e8ces animales et v\u00e9g\u00e9tales qu\u2019abritent nos for\u00eats, certaines sont particuli\u00e8rement discr\u00e8tes, voire invisibles du forestier et du promeneur : les chauves-souris ou chiropt\u00e8res. Ces mammif\u00e8res volants, nocturnes, aux m\u0153urs tr\u00e8s particuli\u00e8res sont pourtant bien souvent pr\u00e9sents dans les for\u00eats sans m\u00eame qu\u2019on en ait conscience. Des esp\u00e8ces plus ou moins foresti\u00e8res, mais qui toutes fr\u00e9quentent ce milieu au cours de leur vie.  Ce guide complet pr\u00e9sente le monde myst\u00e9rieux et m\u00e9connu des chauves-souris. La trentaine d\u2019esp\u00e8ces foresti\u00e8res pr\u00e9sentes en France est d\u00e9taill\u00e9e ainsi que leur mode de vie.  L\u2019originalit\u00e9 de ce guide r\u00e9side dans les conseils de gestion pour favoriser ces mammif\u00e8res, avec des retours d\u2019exp\u00e9riences.  Une brochure indispensable pour mieux connaitre et prot\u00e9ger ces esp\u00e8ces fragiles.  21 cm x 29 cm, 64 pages","og_url":"https:\/\/srfb.be\/en\/forest-shop\/bats-and-forests-indispensable-allies\/","og_site_name":"Soci\u00e9t\u00e9 Royale Foresti\u00e8re de Belgique","article_publisher":"https:\/\/www.facebook.com\/srfb.be","article_modified_time":"2026-03-03T16:00:28+00:00","og_image":[{"width":1204,"height":1705,"url":"https:\/\/srfb.be\/wp-content\/uploads\/2024\/02\/Chauvessouris.jpg","type":"image\/jpeg"}],"schema":{"@context":"https:\/\/schema.org","@graph":[{"@type":"WebPage","@id":"https:\/\/srfb.be\/en\/forest-shop\/bats-and-forests-indispensable-allies\/","url":"https:\/\/srfb.be\/en\/forest-shop\/bats-and-forests-indispensable-allies\/","name":"Bats and forests, indispensable allies - Royal Forestry Society of Belgium","isPartOf":{"@id":"https:\/\/kbbm.be\/en\/#website"},"primaryImageOfPage":{"@id":"https:\/\/srfb.be\/en\/forest-shop\/bats-and-forests-indispensable-allies\/#primaryimage"},"image":{"@id":"https:\/\/srfb.be\/en\/forest-shop\/bats-and-forests-indispensable-allies\/#primaryimage"},"thumbnailUrl":"https:\/\/srfb.be\/wp-content\/uploads\/2024\/02\/Chauvessouris.jpg","datePublished":"2024-02-01T13:47:40+00:00","dateModified":"2026-03-03T16:00:28+00:00","breadcrumb":{"@id":"https:\/\/srfb.be\/en\/forest-shop\/bats-and-forests-indispensable-allies\/#breadcrumb"},"inLanguage":"en-GB","potentialAction":[{"@type":"ReadAction","target":["https:\/\/srfb.be\/en\/forest-shop\/bats-and-forests-indispensable-allies\/"]}]},{"@type":"ImageObject","inLanguage":"en-GB","@id":"https:\/\/srfb.be\/en\/forest-shop\/bats-and-forests-indispensable-allies\/#primaryimage","url":"https:\/\/srfb.be\/wp-content\/uploads\/2024\/02\/Chauvessouris.jpg","contentUrl":"https:\/\/srfb.be\/wp-content\/uploads\/2024\/02\/Chauvessouris.jpg","width":1204,"height":1705,"caption":"Chauves-souris et for\u00eat"},{"@type":"BreadcrumbList","@id":"https:\/\/srfb.be\/en\/forest-shop\/bats-and-forests-indispensable-allies\/#breadcrumb","itemListElement":[{"@type":"ListItem","position":1,"name":"Accueil","item":"https:\/\/kbbm.be\/en\/"},{"@type":"ListItem","position":2,"name":"Produits","item":"https:\/\/srfb.be\/shop\/"},{"@type":"ListItem","position":3,"name":"Chauves-souris et for\u00eat, des alli\u00e9s indispensables"}]},{"@type":"WebSite","@id":"https:\/\/kbbm.be\/en\/#website","url":"https:\/\/kbbm.be\/en\/","name":"Royal Forestry Society of Belgium","description":"Serving forests and foresters","publisher":{"@id":"https:\/\/kbbm.be\/en\/#organization"},"alternateName":"SRFB-KBBM","potentialAction":[{"@type":"SearchAction","target":{"@type":"EntryPoint","urlTemplate":"https:\/\/kbbm.be\/en\/?s={search_term_string}"},"query-input":{"@type":"PropertyValueSpecification","valueRequired":true,"valueName":"search_term_string"}}],"inLanguage":"en-GB"},{"@type":"Organization","@id":"https:\/\/kbbm.be\/en\/#organization","name":"Soci\u00e9t\u00e9 Royale Foresti\u00e8re De Belgique - Koninklijke Belgische Bosbouwmaatschappij","alternateName":"SRFB-KBBM","url":"https:\/\/kbbm.be\/en\/","logo":{"@type":"ImageObject","inLanguage":"en-GB","@id":"https:\/\/kbbm.be\/en\/#\/schema\/logo\/image\/","url":"https:\/\/srfb.be\/wp-content\/uploads\/2019\/06\/android-chrome-256x256.png","contentUrl":"https:\/\/srfb.be\/wp-content\/uploads\/2019\/06\/android-chrome-256x256.png","width":1200,"height":1232,"caption":"Soci\u00e9t\u00e9 Royale Foresti\u00e8re De Belgique - Koninklijke Belgische Bosbouwmaatschappij"},"image":{"@id":"https:\/\/kbbm.be\/en\/#\/schema\/logo\/image\/"},"sameAs":["https:\/\/www.facebook.com\/srfb.be","https:\/\/www.instagram.com\/srfb_kbbm\/","https:\/\/www.linkedin.com\/company\/srfb-kbbm\/","https:\/\/www.youtube.com\/user\/srfbkbbm"]}]}},"_links":{"self":[{"href":"https:\/\/srfb.be\/en\/wp-json\/wp\/v2\/product\/34997","targetHints":{"allow":["GET"]}}],"collection":[{"href":"https:\/\/srfb.be\/en\/wp-json\/wp\/v2\/product"}],"about":[{"href":"https:\/\/srfb.be\/en\/wp-json\/wp\/v2\/types\/product"}],"replies":[{"embeddable":true,"href":"https:\/\/srfb.be\/en\/wp-json\/wp\/v2\/comments?post=34997"}],"wp:featuredmedia":[{"embeddable":true,"href":"https:\/\/srfb.be\/en\/wp-json\/wp\/v2\/media\/34996"}],"wp:attachment":[{"href":"https:\/\/srfb.be\/en\/wp-json\/wp\/v2\/media?parent=34997"}],"wp:term":[{"taxonomy":"product_brand","embeddable":true,"href":"https:\/\/srfb.be\/en\/wp-json\/wp\/v2\/product_brand?post=34997"},{"taxonomy":"product_cat","embeddable":true,"href":"https:\/\/srfb.be\/en\/wp-json\/wp\/v2\/product_cat?post=34997"},{"taxonomy":"product_tag","embeddable":true,"href":"https:\/\/srfb.be\/en\/wp-json\/wp\/v2\/product_tag?post=34997"}],"curies":[{"name":"wp","href":"https:\/\/api.w.org\/{rel}","templated":true}]}}