{"id":33699,"date":"2023-08-31T17:33:02","date_gmt":"2023-08-31T15:33:02","guid":{"rendered":"https:\/\/srfb.be\/?post_type=product&#038;p=33699"},"modified":"2023-08-31T17:33:58","modified_gmt":"2023-08-31T15:33:58","slug":"birch-silviculture-western-europes-rising-species","status":"publish","type":"product","link":"https:\/\/srfb.be\/en\/forest-shop\/sylviculture-du-bouleau-lessence-montante-de-leurope-occidentale\/","title":{"rendered":"Birch silviculture: Western Europe's rising species"},"content":{"rendered":"<p><strong>Are you wondering how to diversify your forest? Are you convinced that birch is the species of the future? Or are you thinking: \"Birch... we don't know what to do with it\"? Then this new forestry guide is for you!<\/strong><\/p>\n<p>For the past two decades, climate change and health problems affecting our main production tree species have been causing major disruption to current management and sowing doubts about the decisions to be taken for the forest of the future. The need to diversify stands and embrace new silvicultural strategies is therefore becoming clear. More than ever, we are at a turning point that needs to be negotiated with thought and ambition. How can silviculture help to adapt our forests to these changes? What species should we favour now for the future of our forests?<\/p>\n<p>In the 19th century, the use of exotic species to enrich our range of production species was the first reflex with spruce, followed in the 20th century by others such as Douglas fir, American red oak and, more recently, cedar and thuja. There are a number of uncertainties surrounding the establishment of these species: will they thrive in our changing climate and on our soils? Aren't they likely to import diseases, become invasive and threaten local environments and species? Unfortunately, they also suffer from health problems of varying degrees of seriousness.<\/p>\n<p>It would therefore also be wise to incorporate species from our natural woodland heritage into forestry. The birch, which is quick to take advantage of forest gaps created by clear-cutting or disturbance, fits perfectly into this context. With its many silvicultural and ecological advantages, and its potential for adding value, it is attracting growing interest from landowners and the timber industry. But surprisingly, while it is perhaps the only tree that is easily recognised by any novice thanks to its characteristic white bark, it is paradoxically little known by foresters and has been largely undervalued in Western Europe. The time has come to put it in the spotlight, and to learn how to tame this robust, strong-willed tree, which is making its way naturally into our troubled forests to take over from species in difficulty, as a transitional ally.<\/p>\n<p>This is the aim of this guide, which is devoted to birch silviculture. The first part deals with the opportunities offered by birch from the point of view of forest management and the development of its products. The second part provides the information you need to understand birch silviculture, before going into more technical detail on birch stands and a few examples of mixtures.<\/p>","protected":false},"excerpt":{"rendered":"<p><strong>Are you wondering how to diversify your forest? Are you convinced that birch is the species of the future? Or are you thinking: \"Birch... we don't know what to do with it\"? Then this new forestry guide is for you!<\/strong><\/p>\n<p>For the past two decades, climate change and health problems affecting our main production tree species have been causing major disruption to current management and sowing doubts about the decisions to be taken for the forest of the future. The need to diversify stands and embrace new silvicultural strategies is therefore becoming clear. More than ever, we are at a turning point that needs to be negotiated with thought and ambition. How can silviculture help to adapt our forests to these changes? What species should we favour now for the future of our forests?<\/p>","protected":false},"featured_media":33700,"comment_status":"closed","ping_status":"closed","template":"","meta":{"iawp_total_views":90},"product_brand":[],"product_cat":[688,314],"product_tag":[],"class_list":{"0":"post-33699","1":"product","2":"type-product","3":"status-publish","4":"has-post-thumbnail","6":"product_cat-sante-des-forets","7":"product_cat-sylviculture","9":"first","10":"instock","11":"shipping-taxable","12":"purchasable","13":"product-type-simple"},"yoast_head":"<!-- This site is optimized with the Yoast SEO plugin v27.4 - https:\/\/yoast.com\/product\/yoast-seo-wordpress\/ -->\n<title>Sylviculture du bouleau : L\u2019essence montante de l\u2019Europe occidentale - Soci\u00e9t\u00e9 Royale Foresti\u00e8re de Belgique<\/title>\n<meta name=\"robots\" content=\"index, follow, max-snippet:-1, max-image-preview:large, max-video-preview:-1\" \/>\n<link rel=\"canonical\" href=\"https:\/\/srfb.be\/en\/forest-shop\/birch-silviculture-western-europes-rising-species\/\" \/>\n<meta property=\"og:locale\" content=\"en_GB\" \/>\n<meta property=\"og:type\" content=\"article\" \/>\n<meta property=\"og:title\" content=\"Sylviculture du bouleau : L\u2019essence montante de l\u2019Europe occidentale - Soci\u00e9t\u00e9 Royale Foresti\u00e8re de Belgique\" \/>\n<meta property=\"og:description\" content=\"Vous vous questionnez sur la mani\u00e8re de diversifier votre for\u00eat ? Vous \u00eates convaincu que le bouleau est une essence d\u2019avenir ? Ou vous pensez : \u00ab Le bouleau\u2026 on ne sait rien en faire. \u00bb Alors, ce nouveau guide sylvicole est fait pour vous !  Depuis deux d\u00e9cennies, les changements climatiques et les probl\u00e8mes sanitaires, qui affectent nos principales essences foresti\u00e8res de production, perturbent fortement la gestion courante et s\u00e8ment le doute quant aux d\u00e9cisions \u00e0 prendre pour la for\u00eat future. La n\u00e9cessit\u00e9 de diversifier les peuplements et de s\u2019ouvrir \u00e0 de nouvelles strat\u00e9gies sylvicoles devient d\u00e8s lors \u00e9vidente. Plus que jamais, nous amor\u00e7ons un virage qu\u2019il faut n\u00e9gocier avec r\u00e9flexion et ambition. Comment la sylviculture peut-elle contribuer \u00e0 adapter nos for\u00eats \u00e0 ces changements\u202f? Quelles essences favoriser maintenant pour le futur de nos for\u00eats ?\" \/>\n<meta property=\"og:url\" content=\"https:\/\/srfb.be\/en\/forest-shop\/birch-silviculture-western-europes-rising-species\/\" \/>\n<meta property=\"og:site_name\" content=\"Soci\u00e9t\u00e9 Royale Foresti\u00e8re de Belgique\" \/>\n<meta property=\"article:publisher\" content=\"https:\/\/www.facebook.com\/srfb.be\" \/>\n<meta property=\"article:modified_time\" content=\"2023-08-31T15:33:58+00:00\" \/>\n<meta property=\"og:image\" content=\"https:\/\/srfb.be\/wp-content\/uploads\/2023\/08\/bouleau.png\" \/>\n\t<meta property=\"og:image:width\" content=\"1040\" \/>\n\t<meta property=\"og:image:height\" content=\"925\" \/>\n\t<meta property=\"og:image:type\" content=\"image\/png\" \/>\n<script type=\"application\/ld+json\" class=\"yoast-schema-graph\">{\"@context\":\"https:\\\/\\\/schema.org\",\"@graph\":[{\"@type\":\"WebPage\",\"@id\":\"https:\\\/\\\/srfb.be\\\/de\\\/forest-shop\\\/birken-forstwirtschaft-westeuropas-aufstrebende-baumart\\\/\",\"url\":\"https:\\\/\\\/srfb.be\\\/de\\\/forest-shop\\\/birken-forstwirtschaft-westeuropas-aufstrebende-baumart\\\/\",\"name\":\"Sylviculture du bouleau : L\u2019essence montante de l\u2019Europe occidentale - Soci\u00e9t\u00e9 Royale Foresti\u00e8re de Belgique\",\"isPartOf\":{\"@id\":\"https:\\\/\\\/srfb.be\\\/#website\"},\"primaryImageOfPage\":{\"@id\":\"https:\\\/\\\/srfb.be\\\/de\\\/forest-shop\\\/birken-forstwirtschaft-westeuropas-aufstrebende-baumart\\\/#primaryimage\"},\"image\":{\"@id\":\"https:\\\/\\\/srfb.be\\\/de\\\/forest-shop\\\/birken-forstwirtschaft-westeuropas-aufstrebende-baumart\\\/#primaryimage\"},\"thumbnailUrl\":\"https:\\\/\\\/srfb.be\\\/wp-content\\\/uploads\\\/2023\\\/08\\\/bouleau.png\",\"datePublished\":\"2023-08-31T15:33:02+00:00\",\"dateModified\":\"2023-08-31T15:33:58+00:00\",\"breadcrumb\":{\"@id\":\"https:\\\/\\\/srfb.be\\\/de\\\/forest-shop\\\/birken-forstwirtschaft-westeuropas-aufstrebende-baumart\\\/#breadcrumb\"},\"inLanguage\":\"en-GB\",\"potentialAction\":[{\"@type\":\"ReadAction\",\"target\":[\"https:\\\/\\\/srfb.be\\\/de\\\/forest-shop\\\/birken-forstwirtschaft-westeuropas-aufstrebende-baumart\\\/\"]}]},{\"@type\":\"ImageObject\",\"inLanguage\":\"en-GB\",\"@id\":\"https:\\\/\\\/srfb.be\\\/de\\\/forest-shop\\\/birken-forstwirtschaft-westeuropas-aufstrebende-baumart\\\/#primaryimage\",\"url\":\"https:\\\/\\\/srfb.be\\\/wp-content\\\/uploads\\\/2023\\\/08\\\/bouleau.png\",\"contentUrl\":\"https:\\\/\\\/srfb.be\\\/wp-content\\\/uploads\\\/2023\\\/08\\\/bouleau.png\",\"width\":1040,\"height\":925,\"caption\":\"Sylviculture du bouleau - L\u2019essence montante de l\u2019Europe occidentale\"},{\"@type\":\"BreadcrumbList\",\"@id\":\"https:\\\/\\\/srfb.be\\\/de\\\/forest-shop\\\/birken-forstwirtschaft-westeuropas-aufstrebende-baumart\\\/#breadcrumb\",\"itemListElement\":[{\"@type\":\"ListItem\",\"position\":1,\"name\":\"Accueil\",\"item\":\"https:\\\/\\\/srfb.be\\\/en\\\/\"},{\"@type\":\"ListItem\",\"position\":2,\"name\":\"Produkte\",\"item\":\"https:\\\/\\\/srfb.be\\\/de\\\/shop\\\/\"},{\"@type\":\"ListItem\",\"position\":3,\"name\":\"Sylviculture du bouleau : L\u2019essence montante de l\u2019Europe occidentale\"}]},{\"@type\":\"WebSite\",\"@id\":\"https:\\\/\\\/srfb.be\\\/#website\",\"url\":\"https:\\\/\\\/srfb.be\\\/\",\"name\":\"Soci\u00e9t\u00e9 Royale Foresti\u00e8re de Belgique\",\"description\":\"Au service de la for\u00eat et des forestiers\",\"publisher\":{\"@id\":\"https:\\\/\\\/srfb.be\\\/#organization\"},\"alternateName\":\"SRFB-KBBM\",\"potentialAction\":[{\"@type\":\"SearchAction\",\"target\":{\"@type\":\"EntryPoint\",\"urlTemplate\":\"https:\\\/\\\/srfb.be\\\/?s={search_term_string}\"},\"query-input\":{\"@type\":\"PropertyValueSpecification\",\"valueRequired\":true,\"valueName\":\"search_term_string\"}}],\"inLanguage\":\"en-GB\"},{\"@type\":\"Organization\",\"@id\":\"https:\\\/\\\/srfb.be\\\/#organization\",\"name\":\"Soci\u00e9t\u00e9 Royale Foresti\u00e8re De Belgique - Koninklijke Belgische Bosbouwmaatschappij\",\"alternateName\":\"SRFB-KBBM\",\"url\":\"https:\\\/\\\/srfb.be\\\/\",\"logo\":{\"@type\":\"ImageObject\",\"inLanguage\":\"en-GB\",\"@id\":\"https:\\\/\\\/srfb.be\\\/#\\\/schema\\\/logo\\\/image\\\/\",\"url\":\"https:\\\/\\\/srfb.be\\\/wp-content\\\/uploads\\\/2019\\\/06\\\/android-chrome-256x256.png\",\"contentUrl\":\"https:\\\/\\\/srfb.be\\\/wp-content\\\/uploads\\\/2019\\\/06\\\/android-chrome-256x256.png\",\"width\":1200,\"height\":1232,\"caption\":\"Soci\u00e9t\u00e9 Royale Foresti\u00e8re De Belgique - Koninklijke Belgische Bosbouwmaatschappij\"},\"image\":{\"@id\":\"https:\\\/\\\/srfb.be\\\/#\\\/schema\\\/logo\\\/image\\\/\"},\"sameAs\":[\"https:\\\/\\\/www.facebook.com\\\/srfb.be\",\"https:\\\/\\\/www.instagram.com\\\/srfb_kbbm\\\/\",\"https:\\\/\\\/www.linkedin.com\\\/company\\\/srfb-kbbm\\\/\",\"https:\\\/\\\/www.youtube.com\\\/user\\\/srfbkbbm\"]}]}<\/script>\n<!-- \/ Yoast SEO plugin. -->","yoast_head_json":{"title":"Silviculture of birch: Western Europe's rising species - Soci\u00e9t\u00e9 Royale Foresti\u00e8re de Belgique","robots":{"index":"index","follow":"follow","max-snippet":"max-snippet:-1","max-image-preview":"max-image-preview:large","max-video-preview":"max-video-preview:-1"},"canonical":"https:\/\/srfb.be\/en\/forest-shop\/birch-silviculture-western-europes-rising-species\/","og_locale":"en_GB","og_type":"article","og_title":"Sylviculture du bouleau : L\u2019essence montante de l\u2019Europe occidentale - Soci\u00e9t\u00e9 Royale Foresti\u00e8re de Belgique","og_description":"Vous vous questionnez sur la mani\u00e8re de diversifier votre for\u00eat ? Vous \u00eates convaincu que le bouleau est une essence d\u2019avenir ? Ou vous pensez : \u00ab Le bouleau\u2026 on ne sait rien en faire. \u00bb Alors, ce nouveau guide sylvicole est fait pour vous !  Depuis deux d\u00e9cennies, les changements climatiques et les probl\u00e8mes sanitaires, qui affectent nos principales essences foresti\u00e8res de production, perturbent fortement la gestion courante et s\u00e8ment le doute quant aux d\u00e9cisions \u00e0 prendre pour la for\u00eat future. La n\u00e9cessit\u00e9 de diversifier les peuplements et de s\u2019ouvrir \u00e0 de nouvelles strat\u00e9gies sylvicoles devient d\u00e8s lors \u00e9vidente. Plus que jamais, nous amor\u00e7ons un virage qu\u2019il faut n\u00e9gocier avec r\u00e9flexion et ambition. Comment la sylviculture peut-elle contribuer \u00e0 adapter nos for\u00eats \u00e0 ces changements\u202f? Quelles essences favoriser maintenant pour le futur de nos for\u00eats ?","og_url":"https:\/\/srfb.be\/en\/forest-shop\/birch-silviculture-western-europes-rising-species\/","og_site_name":"Soci\u00e9t\u00e9 Royale Foresti\u00e8re de Belgique","article_publisher":"https:\/\/www.facebook.com\/srfb.be","article_modified_time":"2023-08-31T15:33:58+00:00","og_image":[{"width":1040,"height":925,"url":"https:\/\/srfb.be\/wp-content\/uploads\/2023\/08\/bouleau.png","type":"image\/png"}],"schema":{"@context":"https:\/\/schema.org","@graph":[{"@type":"WebPage","@id":"https:\/\/srfb.be\/de\/forest-shop\/birken-forstwirtschaft-westeuropas-aufstrebende-baumart\/","url":"https:\/\/srfb.be\/de\/forest-shop\/birken-forstwirtschaft-westeuropas-aufstrebende-baumart\/","name":"Silviculture of birch: Western Europe's rising species - Soci\u00e9t\u00e9 Royale Foresti\u00e8re de Belgique","isPartOf":{"@id":"https:\/\/srfb.be\/#website"},"primaryImageOfPage":{"@id":"https:\/\/srfb.be\/de\/forest-shop\/birken-forstwirtschaft-westeuropas-aufstrebende-baumart\/#primaryimage"},"image":{"@id":"https:\/\/srfb.be\/de\/forest-shop\/birken-forstwirtschaft-westeuropas-aufstrebende-baumart\/#primaryimage"},"thumbnailUrl":"https:\/\/srfb.be\/wp-content\/uploads\/2023\/08\/bouleau.png","datePublished":"2023-08-31T15:33:02+00:00","dateModified":"2023-08-31T15:33:58+00:00","breadcrumb":{"@id":"https:\/\/srfb.be\/de\/forest-shop\/birken-forstwirtschaft-westeuropas-aufstrebende-baumart\/#breadcrumb"},"inLanguage":"en-GB","potentialAction":[{"@type":"ReadAction","target":["https:\/\/srfb.be\/de\/forest-shop\/birken-forstwirtschaft-westeuropas-aufstrebende-baumart\/"]}]},{"@type":"ImageObject","inLanguage":"en-GB","@id":"https:\/\/srfb.be\/de\/forest-shop\/birken-forstwirtschaft-westeuropas-aufstrebende-baumart\/#primaryimage","url":"https:\/\/srfb.be\/wp-content\/uploads\/2023\/08\/bouleau.png","contentUrl":"https:\/\/srfb.be\/wp-content\/uploads\/2023\/08\/bouleau.png","width":1040,"height":925,"caption":"Sylviculture du bouleau - L\u2019essence montante de l\u2019Europe occidentale"},{"@type":"BreadcrumbList","@id":"https:\/\/srfb.be\/de\/forest-shop\/birken-forstwirtschaft-westeuropas-aufstrebende-baumart\/#breadcrumb","itemListElement":[{"@type":"ListItem","position":1,"name":"Accueil","item":"https:\/\/srfb.be\/en\/"},{"@type":"ListItem","position":2,"name":"Produkte","item":"https:\/\/srfb.be\/de\/shop\/"},{"@type":"ListItem","position":3,"name":"Sylviculture du bouleau : L\u2019essence montante de l\u2019Europe occidentale"}]},{"@type":"WebSite","@id":"https:\/\/srfb.be\/#website","url":"https:\/\/srfb.be\/","name":"Royal Forestry Society of Belgium","description":"Serving forests and foresters","publisher":{"@id":"https:\/\/srfb.be\/#organization"},"alternateName":"SRFB-KBBM","potentialAction":[{"@type":"SearchAction","target":{"@type":"EntryPoint","urlTemplate":"https:\/\/srfb.be\/?s={search_term_string}"},"query-input":{"@type":"PropertyValueSpecification","valueRequired":true,"valueName":"search_term_string"}}],"inLanguage":"en-GB"},{"@type":"Organization","@id":"https:\/\/srfb.be\/#organization","name":"Soci\u00e9t\u00e9 Royale Foresti\u00e8re De Belgique - Koninklijke Belgische Bosbouwmaatschappij","alternateName":"SRFB-KBBM","url":"https:\/\/srfb.be\/","logo":{"@type":"ImageObject","inLanguage":"en-GB","@id":"https:\/\/srfb.be\/#\/schema\/logo\/image\/","url":"https:\/\/srfb.be\/wp-content\/uploads\/2019\/06\/android-chrome-256x256.png","contentUrl":"https:\/\/srfb.be\/wp-content\/uploads\/2019\/06\/android-chrome-256x256.png","width":1200,"height":1232,"caption":"Soci\u00e9t\u00e9 Royale Foresti\u00e8re De Belgique - Koninklijke Belgische Bosbouwmaatschappij"},"image":{"@id":"https:\/\/srfb.be\/#\/schema\/logo\/image\/"},"sameAs":["https:\/\/www.facebook.com\/srfb.be","https:\/\/www.instagram.com\/srfb_kbbm\/","https:\/\/www.linkedin.com\/company\/srfb-kbbm\/","https:\/\/www.youtube.com\/user\/srfbkbbm"]}]}},"_links":{"self":[{"href":"https:\/\/srfb.be\/en\/wp-json\/wp\/v2\/product\/33699","targetHints":{"allow":["GET"]}}],"collection":[{"href":"https:\/\/srfb.be\/en\/wp-json\/wp\/v2\/product"}],"about":[{"href":"https:\/\/srfb.be\/en\/wp-json\/wp\/v2\/types\/product"}],"replies":[{"embeddable":true,"href":"https:\/\/srfb.be\/en\/wp-json\/wp\/v2\/comments?post=33699"}],"wp:featuredmedia":[{"embeddable":true,"href":"https:\/\/srfb.be\/en\/wp-json\/wp\/v2\/media\/33700"}],"wp:attachment":[{"href":"https:\/\/srfb.be\/en\/wp-json\/wp\/v2\/media?parent=33699"}],"wp:term":[{"taxonomy":"product_brand","embeddable":true,"href":"https:\/\/srfb.be\/en\/wp-json\/wp\/v2\/product_brand?post=33699"},{"taxonomy":"product_cat","embeddable":true,"href":"https:\/\/srfb.be\/en\/wp-json\/wp\/v2\/product_cat?post=33699"},{"taxonomy":"product_tag","embeddable":true,"href":"https:\/\/srfb.be\/en\/wp-json\/wp\/v2\/product_tag?post=33699"}],"curies":[{"name":"wp","href":"https:\/\/api.w.org\/{rel}","templated":true}]}}