{"id":16380,"date":"2021-04-02T18:26:39","date_gmt":"2021-04-02T16:26:39","guid":{"rendered":"https:\/\/www.srfb.be\/?post_type=product&#038;p=16380"},"modified":"2026-03-03T17:22:05","modified_gmt":"2026-03-03T16:22:05","slug":"la-vie-illustree-de-la-foret","status":"publish","type":"product","link":"https:\/\/srfb.be\/en\/forest-shop\/la-vie-illustree-de-la-foret\/","title":{"rendered":"The illustrated life of the forest"},"content":{"rendered":"","protected":false},"excerpt":{"rendered":"<p>Aimed at all forest lovers, whether enthusiasts or casual walkers, this fully updated book is a guide to the very heart of the forest world.<\/p>\n<p>Both simple and educational, it covers the essentials of current knowledge about the forest in a highly visual way: how the forest ecosystem works, the relationship between man and the forest, the link with open spaces, the role of the forest on the environment, the forests of the future, the importance of maintaining biodiversity, etc.<\/p>\n<p>Bernard Fischesser, one of the pioneers of nature protection policy in France, who was instrumental in the creation of the national parks, shows us in an accessible and highly illustrated way that safeguarding this irreplaceable heritage has become a major ecological imperative.<\/p>\n<p><strong>19 cm x 24 cm, 198 pages <\/strong><\/p>\n<div id=\"ConnectiveDocSignExtentionInstalled\" data-extension-version=\"1.0.4\"><\/div>","protected":false},"featured_media":16381,"comment_status":"open","ping_status":"closed","template":"","meta":{"iawp_total_views":54},"product_brand":[],"product_cat":[691,690,314],"product_tag":[],"class_list":{"0":"post-16380","1":"product","2":"type-product","3":"status-publish","4":"has-post-thumbnail","6":"product_cat-biodiversite","7":"product_cat-livres-illustres","8":"product_cat-sylviculture","10":"first","11":"instock","12":"shipping-taxable","13":"purchasable","14":"product-type-simple"},"yoast_head":"<!-- This site is optimized with the Yoast SEO plugin v27.3 - https:\/\/yoast.com\/product\/yoast-seo-wordpress\/ -->\n<title>La Vie illustr\u00e9e de la for\u00eat - SRFB<\/title>\n<meta name=\"description\" content=\"Destin\u00e9 \u00e0 tous les amoureux de la for\u00eat, les passionn\u00e9s comme les promeneurs occasionnels, ce livre, est un guide au c\u0153ur m\u00eame de l\u2019univers forestier.\" \/>\n<meta name=\"robots\" content=\"index, follow, max-snippet:-1, max-image-preview:large, max-video-preview:-1\" \/>\n<link rel=\"canonical\" href=\"https:\/\/kbbm.be\/forest-shop\/la-vie-illustree-de-la-foret\/\" \/>\n<meta property=\"og:locale\" content=\"en_GB\" \/>\n<meta property=\"og:type\" content=\"article\" \/>\n<meta property=\"og:title\" content=\"La Vie illustr\u00e9e de la for\u00eat - SRFB\" \/>\n<meta property=\"og:description\" content=\"Destin\u00e9 \u00e0 tous les amoureux de la for\u00eat, les passionn\u00e9s comme les promeneurs occasionnels, ce livre, est un guide au c\u0153ur m\u00eame de l\u2019univers forestier.\" \/>\n<meta property=\"og:url\" content=\"https:\/\/kbbm.be\/forest-shop\/la-vie-illustree-de-la-foret\/\" \/>\n<meta property=\"og:site_name\" content=\"Soci\u00e9t\u00e9 Royale Foresti\u00e8re de Belgique\" \/>\n<meta property=\"article:publisher\" content=\"https:\/\/www.facebook.com\/srfb.be\" \/>\n<meta property=\"article:modified_time\" content=\"2026-03-03T16:22:05+00:00\" \/>\n<meta property=\"og:image\" content=\"https:\/\/kbbm.be\/wp-content\/uploads\/2021\/04\/Vie-illustr\u00e9e.jpg\" \/>\n\t<meta property=\"og:image:width\" content=\"1377\" \/>\n\t<meta property=\"og:image:height\" content=\"1700\" \/>\n\t<meta property=\"og:image:type\" content=\"image\/jpeg\" \/>\n<script type=\"application\/ld+json\" class=\"yoast-schema-graph\">{\"@context\":\"https:\\\/\\\/schema.org\",\"@graph\":[{\"@type\":\"WebPage\",\"@id\":\"https:\\\/\\\/kbbm.be\\\/forest-shop\\\/la-vie-illustree-de-la-foret\\\/\",\"url\":\"https:\\\/\\\/kbbm.be\\\/forest-shop\\\/la-vie-illustree-de-la-foret\\\/\",\"name\":\"La Vie illustr\u00e9e de la for\u00eat - SRFB\",\"isPartOf\":{\"@id\":\"https:\\\/\\\/kbbm.be\\\/de\\\/#website\"},\"primaryImageOfPage\":{\"@id\":\"https:\\\/\\\/kbbm.be\\\/forest-shop\\\/la-vie-illustree-de-la-foret\\\/#primaryimage\"},\"image\":{\"@id\":\"https:\\\/\\\/kbbm.be\\\/forest-shop\\\/la-vie-illustree-de-la-foret\\\/#primaryimage\"},\"thumbnailUrl\":\"https:\\\/\\\/srfb.be\\\/wp-content\\\/uploads\\\/2021\\\/04\\\/Vie-illustr\u00e9e.jpg\",\"datePublished\":\"2021-04-02T16:26:39+00:00\",\"dateModified\":\"2026-03-03T16:22:05+00:00\",\"description\":\"Destin\u00e9 \u00e0 tous les amoureux de la for\u00eat, les passionn\u00e9s comme les promeneurs occasionnels, ce livre, est un guide au c\u0153ur m\u00eame de l\u2019univers forestier.\",\"breadcrumb\":{\"@id\":\"https:\\\/\\\/kbbm.be\\\/forest-shop\\\/la-vie-illustree-de-la-foret\\\/#breadcrumb\"},\"inLanguage\":\"en-GB\",\"potentialAction\":[{\"@type\":\"ReadAction\",\"target\":[\"https:\\\/\\\/kbbm.be\\\/forest-shop\\\/la-vie-illustree-de-la-foret\\\/\"]}]},{\"@type\":\"ImageObject\",\"inLanguage\":\"en-GB\",\"@id\":\"https:\\\/\\\/kbbm.be\\\/forest-shop\\\/la-vie-illustree-de-la-foret\\\/#primaryimage\",\"url\":\"https:\\\/\\\/srfb.be\\\/wp-content\\\/uploads\\\/2021\\\/04\\\/Vie-illustr\u00e9e.jpg\",\"contentUrl\":\"https:\\\/\\\/srfb.be\\\/wp-content\\\/uploads\\\/2021\\\/04\\\/Vie-illustr\u00e9e.jpg\",\"width\":1377,\"height\":1700},{\"@type\":\"BreadcrumbList\",\"@id\":\"https:\\\/\\\/kbbm.be\\\/forest-shop\\\/la-vie-illustree-de-la-foret\\\/#breadcrumb\",\"itemListElement\":[{\"@type\":\"ListItem\",\"position\":1,\"name\":\"Accueil\",\"item\":\"https:\\\/\\\/kbbm.be\\\/de\\\/\"},{\"@type\":\"ListItem\",\"position\":2,\"name\":\"Producten\",\"item\":\"https:\\\/\\\/kbbm.be\\\/nl\\\/shop\\\/\"},{\"@type\":\"ListItem\",\"position\":3,\"name\":\"La Vie illustr\u00e9e de la for\u00eat\"}]},{\"@type\":\"WebSite\",\"@id\":\"https:\\\/\\\/kbbm.be\\\/de\\\/#website\",\"url\":\"https:\\\/\\\/kbbm.be\\\/de\\\/\",\"name\":\"Soci\u00e9t\u00e9 Royale Foresti\u00e8re de Belgique\",\"description\":\"Au service de la for\u00eat et des forestiers\",\"publisher\":{\"@id\":\"https:\\\/\\\/kbbm.be\\\/de\\\/#organization\"},\"alternateName\":\"SRFB-KBBM\",\"potentialAction\":[{\"@type\":\"SearchAction\",\"target\":{\"@type\":\"EntryPoint\",\"urlTemplate\":\"https:\\\/\\\/kbbm.be\\\/de\\\/?s={search_term_string}\"},\"query-input\":{\"@type\":\"PropertyValueSpecification\",\"valueRequired\":true,\"valueName\":\"search_term_string\"}}],\"inLanguage\":\"en-GB\"},{\"@type\":\"Organization\",\"@id\":\"https:\\\/\\\/kbbm.be\\\/de\\\/#organization\",\"name\":\"Soci\u00e9t\u00e9 Royale Foresti\u00e8re De Belgique - Koninklijke Belgische Bosbouwmaatschappij\",\"alternateName\":\"SRFB-KBBM\",\"url\":\"https:\\\/\\\/kbbm.be\\\/de\\\/\",\"logo\":{\"@type\":\"ImageObject\",\"inLanguage\":\"en-GB\",\"@id\":\"https:\\\/\\\/kbbm.be\\\/de\\\/#\\\/schema\\\/logo\\\/image\\\/\",\"url\":\"https:\\\/\\\/srfb.be\\\/wp-content\\\/uploads\\\/2019\\\/06\\\/android-chrome-256x256.png\",\"contentUrl\":\"https:\\\/\\\/srfb.be\\\/wp-content\\\/uploads\\\/2019\\\/06\\\/android-chrome-256x256.png\",\"width\":1200,\"height\":1232,\"caption\":\"Soci\u00e9t\u00e9 Royale Foresti\u00e8re De Belgique - Koninklijke Belgische Bosbouwmaatschappij\"},\"image\":{\"@id\":\"https:\\\/\\\/kbbm.be\\\/de\\\/#\\\/schema\\\/logo\\\/image\\\/\"},\"sameAs\":[\"https:\\\/\\\/www.facebook.com\\\/srfb.be\",\"https:\\\/\\\/www.instagram.com\\\/srfb_kbbm\\\/\",\"https:\\\/\\\/www.linkedin.com\\\/company\\\/srfb-kbbm\\\/\",\"https:\\\/\\\/www.youtube.com\\\/user\\\/srfbkbbm\"]}]}<\/script>\n<!-- \/ Yoast SEO plugin. -->","yoast_head_json":{"title":"The illustrated life of the forest - SRFB","description":"Aimed at all forest lovers, whether enthusiasts or casual walkers, this book is a guide to the very heart of the forest world.","robots":{"index":"index","follow":"follow","max-snippet":"max-snippet:-1","max-image-preview":"max-image-preview:large","max-video-preview":"max-video-preview:-1"},"canonical":"https:\/\/kbbm.be\/forest-shop\/la-vie-illustree-de-la-foret\/","og_locale":"en_GB","og_type":"article","og_title":"La Vie illustr\u00e9e de la for\u00eat - SRFB","og_description":"Destin\u00e9 \u00e0 tous les amoureux de la for\u00eat, les passionn\u00e9s comme les promeneurs occasionnels, ce livre, est un guide au c\u0153ur m\u00eame de l\u2019univers forestier.","og_url":"https:\/\/kbbm.be\/forest-shop\/la-vie-illustree-de-la-foret\/","og_site_name":"Soci\u00e9t\u00e9 Royale Foresti\u00e8re de Belgique","article_publisher":"https:\/\/www.facebook.com\/srfb.be","article_modified_time":"2026-03-03T16:22:05+00:00","og_image":[{"width":1377,"height":1700,"url":"https:\/\/kbbm.be\/wp-content\/uploads\/2021\/04\/Vie-illustr\u00e9e.jpg","type":"image\/jpeg"}],"schema":{"@context":"https:\/\/schema.org","@graph":[{"@type":"WebPage","@id":"https:\/\/kbbm.be\/forest-shop\/la-vie-illustree-de-la-foret\/","url":"https:\/\/kbbm.be\/forest-shop\/la-vie-illustree-de-la-foret\/","name":"The illustrated life of the forest - SRFB","isPartOf":{"@id":"https:\/\/kbbm.be\/de\/#website"},"primaryImageOfPage":{"@id":"https:\/\/kbbm.be\/forest-shop\/la-vie-illustree-de-la-foret\/#primaryimage"},"image":{"@id":"https:\/\/kbbm.be\/forest-shop\/la-vie-illustree-de-la-foret\/#primaryimage"},"thumbnailUrl":"https:\/\/srfb.be\/wp-content\/uploads\/2021\/04\/Vie-illustr\u00e9e.jpg","datePublished":"2021-04-02T16:26:39+00:00","dateModified":"2026-03-03T16:22:05+00:00","description":"Aimed at all forest lovers, whether enthusiasts or casual walkers, this book is a guide to the very heart of the forest world.","breadcrumb":{"@id":"https:\/\/kbbm.be\/forest-shop\/la-vie-illustree-de-la-foret\/#breadcrumb"},"inLanguage":"en-GB","potentialAction":[{"@type":"ReadAction","target":["https:\/\/kbbm.be\/forest-shop\/la-vie-illustree-de-la-foret\/"]}]},{"@type":"ImageObject","inLanguage":"en-GB","@id":"https:\/\/kbbm.be\/forest-shop\/la-vie-illustree-de-la-foret\/#primaryimage","url":"https:\/\/srfb.be\/wp-content\/uploads\/2021\/04\/Vie-illustr\u00e9e.jpg","contentUrl":"https:\/\/srfb.be\/wp-content\/uploads\/2021\/04\/Vie-illustr\u00e9e.jpg","width":1377,"height":1700},{"@type":"BreadcrumbList","@id":"https:\/\/kbbm.be\/forest-shop\/la-vie-illustree-de-la-foret\/#breadcrumb","itemListElement":[{"@type":"ListItem","position":1,"name":"Accueil","item":"https:\/\/kbbm.be\/de\/"},{"@type":"ListItem","position":2,"name":"Producten","item":"https:\/\/kbbm.be\/nl\/shop\/"},{"@type":"ListItem","position":3,"name":"La Vie illustr\u00e9e de la for\u00eat"}]},{"@type":"WebSite","@id":"https:\/\/kbbm.be\/de\/#website","url":"https:\/\/kbbm.be\/de\/","name":"Royal Forestry Society of Belgium","description":"Serving forests and foresters","publisher":{"@id":"https:\/\/kbbm.be\/de\/#organization"},"alternateName":"SRFB-KBBM","potentialAction":[{"@type":"SearchAction","target":{"@type":"EntryPoint","urlTemplate":"https:\/\/kbbm.be\/de\/?s={search_term_string}"},"query-input":{"@type":"PropertyValueSpecification","valueRequired":true,"valueName":"search_term_string"}}],"inLanguage":"en-GB"},{"@type":"Organization","@id":"https:\/\/kbbm.be\/de\/#organization","name":"Soci\u00e9t\u00e9 Royale Foresti\u00e8re De Belgique - Koninklijke Belgische Bosbouwmaatschappij","alternateName":"SRFB-KBBM","url":"https:\/\/kbbm.be\/de\/","logo":{"@type":"ImageObject","inLanguage":"en-GB","@id":"https:\/\/kbbm.be\/de\/#\/schema\/logo\/image\/","url":"https:\/\/srfb.be\/wp-content\/uploads\/2019\/06\/android-chrome-256x256.png","contentUrl":"https:\/\/srfb.be\/wp-content\/uploads\/2019\/06\/android-chrome-256x256.png","width":1200,"height":1232,"caption":"Soci\u00e9t\u00e9 Royale Foresti\u00e8re De Belgique - Koninklijke Belgische Bosbouwmaatschappij"},"image":{"@id":"https:\/\/kbbm.be\/de\/#\/schema\/logo\/image\/"},"sameAs":["https:\/\/www.facebook.com\/srfb.be","https:\/\/www.instagram.com\/srfb_kbbm\/","https:\/\/www.linkedin.com\/company\/srfb-kbbm\/","https:\/\/www.youtube.com\/user\/srfbkbbm"]}]}},"_links":{"self":[{"href":"https:\/\/srfb.be\/en\/wp-json\/wp\/v2\/product\/16380","targetHints":{"allow":["GET"]}}],"collection":[{"href":"https:\/\/srfb.be\/en\/wp-json\/wp\/v2\/product"}],"about":[{"href":"https:\/\/srfb.be\/en\/wp-json\/wp\/v2\/types\/product"}],"replies":[{"embeddable":true,"href":"https:\/\/srfb.be\/en\/wp-json\/wp\/v2\/comments?post=16380"}],"wp:featuredmedia":[{"embeddable":true,"href":"https:\/\/srfb.be\/en\/wp-json\/wp\/v2\/media\/16381"}],"wp:attachment":[{"href":"https:\/\/srfb.be\/en\/wp-json\/wp\/v2\/media?parent=16380"}],"wp:term":[{"taxonomy":"product_brand","embeddable":true,"href":"https:\/\/srfb.be\/en\/wp-json\/wp\/v2\/product_brand?post=16380"},{"taxonomy":"product_cat","embeddable":true,"href":"https:\/\/srfb.be\/en\/wp-json\/wp\/v2\/product_cat?post=16380"},{"taxonomy":"product_tag","embeddable":true,"href":"https:\/\/srfb.be\/en\/wp-json\/wp\/v2\/product_tag?post=16380"}],"curies":[{"name":"wp","href":"https:\/\/api.w.org\/{rel}","templated":true}]}}