{"id":13956,"date":"2020-10-06T18:17:59","date_gmt":"2020-10-06T16:17:59","guid":{"rendered":"https:\/\/www.srfb.be\/?post_type=product&#038;p=13956"},"modified":"2026-03-03T17:00:09","modified_gmt":"2026-03-03T16:00:09","slug":"les-mousses-les-lichens-et-les-fougeres-ces-meconnus-essentiels-a-la-foret","status":"publish","type":"product","link":"https:\/\/srfb.be\/en\/forest-shop\/les-mousses-les-lichens-et-les-fougeres-ces-meconnus-essentiels-a-la-foret\/","title":{"rendered":"Mosses, lichens and ferns, the little-known essentials of the forest"},"content":{"rendered":"","protected":false},"excerpt":{"rendered":"<p>Mosses, lichens and ferns are little-known, although they are ubiquitous in our forests. This richly illustrated guide looks at their specific characteristics and great diversity, before presenting their roles and interests. It also provides management advice on how to preserve these plants, which are essential to the health of our woodlands.<\/p>\n<p><strong>92 pages, 21 x 29.7 cm<br \/>\n<\/strong><\/p>\n<p>Author: <strong>Franck Mass\u00e9<br \/>\n<\/strong>Publisher:<strong> CNPF<\/strong><\/p>\n<p><strong>\u00a0<\/strong><\/p>","protected":false},"featured_media":13957,"comment_status":"open","ping_status":"closed","template":"","meta":{"iawp_total_views":58},"product_brand":[],"product_cat":[691,690],"product_tag":[],"class_list":{"0":"post-13956","1":"product","2":"type-product","3":"status-publish","4":"has-post-thumbnail","6":"product_cat-biodiversite","7":"product_cat-livres-illustres","9":"first","10":"instock","11":"shipping-taxable","12":"purchasable","13":"product-type-simple"},"yoast_head":"<!-- This site is optimized with the Yoast SEO plugin v27.4 - https:\/\/yoast.com\/product\/yoast-seo-wordpress\/ -->\n<title>Les mousses, les lichens et les foug\u00e8res - SRFB<\/title>\n<meta name=\"description\" content=\"Ce guide riche en photos rappelle les sp\u00e9cificit\u00e9s et grande diversit\u00e9 des mousses, les lichens et les foug\u00e8res qui sont omnipr\u00e9sents dans nos for\u00eats.\" \/>\n<meta name=\"robots\" content=\"index, follow, max-snippet:-1, max-image-preview:large, max-video-preview:-1\" \/>\n<link rel=\"canonical\" href=\"https:\/\/srfb.be\/en\/forest-shop\/les-mousses-les-lichens-et-les-fougeres-ces-meconnus-essentiels-a-la-foret\/\" \/>\n<meta property=\"og:locale\" content=\"en_GB\" \/>\n<meta property=\"og:type\" content=\"article\" \/>\n<meta property=\"og:title\" content=\"Les mousses, les lichens et les foug\u00e8res - SRFB\" \/>\n<meta property=\"og:description\" content=\"Ce guide riche en photos rappelle les sp\u00e9cificit\u00e9s et grande diversit\u00e9 des mousses, les lichens et les foug\u00e8res qui sont omnipr\u00e9sents dans nos for\u00eats.\" \/>\n<meta property=\"og:url\" content=\"https:\/\/srfb.be\/en\/forest-shop\/les-mousses-les-lichens-et-les-fougeres-ces-meconnus-essentiels-a-la-foret\/\" \/>\n<meta property=\"og:site_name\" content=\"Soci\u00e9t\u00e9 Royale Foresti\u00e8re de Belgique\" \/>\n<meta property=\"article:publisher\" content=\"https:\/\/www.facebook.com\/srfb.be\" \/>\n<meta property=\"article:modified_time\" content=\"2026-03-03T16:00:09+00:00\" \/>\n<meta property=\"og:image\" content=\"https:\/\/srfb.be\/wp-content\/uploads\/2020\/10\/Les-mousses.jpg\" \/>\n\t<meta property=\"og:image:width\" content=\"871\" \/>\n\t<meta property=\"og:image:height\" content=\"1251\" \/>\n\t<meta property=\"og:image:type\" content=\"image\/jpeg\" \/>\n<script type=\"application\/ld+json\" class=\"yoast-schema-graph\">{\"@context\":\"https:\\\/\\\/schema.org\",\"@graph\":[{\"@type\":\"WebPage\",\"@id\":\"https:\\\/\\\/srfb.be\\\/nl\\\/forest-shop\\\/les-mousses-les-lichens-et-les-fougeres-ces-meconnus-essentiels-a-la-foret\\\/\",\"url\":\"https:\\\/\\\/srfb.be\\\/nl\\\/forest-shop\\\/les-mousses-les-lichens-et-les-fougeres-ces-meconnus-essentiels-a-la-foret\\\/\",\"name\":\"Les mousses, les lichens et les foug\u00e8res - SRFB\",\"isPartOf\":{\"@id\":\"https:\\\/\\\/srfb.be\\\/#website\"},\"primaryImageOfPage\":{\"@id\":\"https:\\\/\\\/srfb.be\\\/nl\\\/forest-shop\\\/les-mousses-les-lichens-et-les-fougeres-ces-meconnus-essentiels-a-la-foret\\\/#primaryimage\"},\"image\":{\"@id\":\"https:\\\/\\\/srfb.be\\\/nl\\\/forest-shop\\\/les-mousses-les-lichens-et-les-fougeres-ces-meconnus-essentiels-a-la-foret\\\/#primaryimage\"},\"thumbnailUrl\":\"https:\\\/\\\/srfb.be\\\/wp-content\\\/uploads\\\/2020\\\/10\\\/Les-mousses.jpg\",\"datePublished\":\"2020-10-06T16:17:59+00:00\",\"dateModified\":\"2026-03-03T16:00:09+00:00\",\"description\":\"Ce guide riche en photos rappelle les sp\u00e9cificit\u00e9s et grande diversit\u00e9 des mousses, les lichens et les foug\u00e8res qui sont omnipr\u00e9sents dans nos for\u00eats.\",\"breadcrumb\":{\"@id\":\"https:\\\/\\\/srfb.be\\\/nl\\\/forest-shop\\\/les-mousses-les-lichens-et-les-fougeres-ces-meconnus-essentiels-a-la-foret\\\/#breadcrumb\"},\"inLanguage\":\"en-GB\",\"potentialAction\":[{\"@type\":\"ReadAction\",\"target\":[\"https:\\\/\\\/srfb.be\\\/nl\\\/forest-shop\\\/les-mousses-les-lichens-et-les-fougeres-ces-meconnus-essentiels-a-la-foret\\\/\"]}]},{\"@type\":\"ImageObject\",\"inLanguage\":\"en-GB\",\"@id\":\"https:\\\/\\\/srfb.be\\\/nl\\\/forest-shop\\\/les-mousses-les-lichens-et-les-fougeres-ces-meconnus-essentiels-a-la-foret\\\/#primaryimage\",\"url\":\"https:\\\/\\\/srfb.be\\\/wp-content\\\/uploads\\\/2020\\\/10\\\/Les-mousses.jpg\",\"contentUrl\":\"https:\\\/\\\/srfb.be\\\/wp-content\\\/uploads\\\/2020\\\/10\\\/Les-mousses.jpg\",\"width\":871,\"height\":1251},{\"@type\":\"BreadcrumbList\",\"@id\":\"https:\\\/\\\/srfb.be\\\/nl\\\/forest-shop\\\/les-mousses-les-lichens-et-les-fougeres-ces-meconnus-essentiels-a-la-foret\\\/#breadcrumb\",\"itemListElement\":[{\"@type\":\"ListItem\",\"position\":1,\"name\":\"Accueil\",\"item\":\"https:\\\/\\\/srfb.be\\\/en\\\/\"},{\"@type\":\"ListItem\",\"position\":2,\"name\":\"Produkte\",\"item\":\"https:\\\/\\\/srfb.be\\\/de\\\/shop\\\/\"},{\"@type\":\"ListItem\",\"position\":3,\"name\":\"Les mousses, les lichens et les foug\u00e8res, ces m\u00e9connus essentiels \u00e0 la for\u00eat\"}]},{\"@type\":\"WebSite\",\"@id\":\"https:\\\/\\\/srfb.be\\\/#website\",\"url\":\"https:\\\/\\\/srfb.be\\\/\",\"name\":\"Soci\u00e9t\u00e9 Royale Foresti\u00e8re de Belgique\",\"description\":\"Au service de la for\u00eat et des forestiers\",\"publisher\":{\"@id\":\"https:\\\/\\\/srfb.be\\\/#organization\"},\"alternateName\":\"SRFB-KBBM\",\"potentialAction\":[{\"@type\":\"SearchAction\",\"target\":{\"@type\":\"EntryPoint\",\"urlTemplate\":\"https:\\\/\\\/srfb.be\\\/?s={search_term_string}\"},\"query-input\":{\"@type\":\"PropertyValueSpecification\",\"valueRequired\":true,\"valueName\":\"search_term_string\"}}],\"inLanguage\":\"en-GB\"},{\"@type\":\"Organization\",\"@id\":\"https:\\\/\\\/srfb.be\\\/#organization\",\"name\":\"Soci\u00e9t\u00e9 Royale Foresti\u00e8re De Belgique - Koninklijke Belgische Bosbouwmaatschappij\",\"alternateName\":\"SRFB-KBBM\",\"url\":\"https:\\\/\\\/srfb.be\\\/\",\"logo\":{\"@type\":\"ImageObject\",\"inLanguage\":\"en-GB\",\"@id\":\"https:\\\/\\\/srfb.be\\\/#\\\/schema\\\/logo\\\/image\\\/\",\"url\":\"https:\\\/\\\/srfb.be\\\/wp-content\\\/uploads\\\/2019\\\/06\\\/android-chrome-256x256.png\",\"contentUrl\":\"https:\\\/\\\/srfb.be\\\/wp-content\\\/uploads\\\/2019\\\/06\\\/android-chrome-256x256.png\",\"width\":1200,\"height\":1232,\"caption\":\"Soci\u00e9t\u00e9 Royale Foresti\u00e8re De Belgique - Koninklijke Belgische Bosbouwmaatschappij\"},\"image\":{\"@id\":\"https:\\\/\\\/srfb.be\\\/#\\\/schema\\\/logo\\\/image\\\/\"},\"sameAs\":[\"https:\\\/\\\/www.facebook.com\\\/srfb.be\",\"https:\\\/\\\/www.instagram.com\\\/srfb_kbbm\\\/\",\"https:\\\/\\\/www.linkedin.com\\\/company\\\/srfb-kbbm\\\/\",\"https:\\\/\\\/www.youtube.com\\\/user\\\/srfbkbbm\"]}]}<\/script>\n<!-- \/ Yoast SEO plugin. -->","yoast_head_json":{"title":"Mosses, lichens and ferns - SRFB","description":"This richly photographed guide explains the specific features and great diversity of the mosses, lichens and ferns that are ubiquitous in our forests.","robots":{"index":"index","follow":"follow","max-snippet":"max-snippet:-1","max-image-preview":"max-image-preview:large","max-video-preview":"max-video-preview:-1"},"canonical":"https:\/\/srfb.be\/en\/forest-shop\/les-mousses-les-lichens-et-les-fougeres-ces-meconnus-essentiels-a-la-foret\/","og_locale":"en_GB","og_type":"article","og_title":"Les mousses, les lichens et les foug\u00e8res - SRFB","og_description":"Ce guide riche en photos rappelle les sp\u00e9cificit\u00e9s et grande diversit\u00e9 des mousses, les lichens et les foug\u00e8res qui sont omnipr\u00e9sents dans nos for\u00eats.","og_url":"https:\/\/srfb.be\/en\/forest-shop\/les-mousses-les-lichens-et-les-fougeres-ces-meconnus-essentiels-a-la-foret\/","og_site_name":"Soci\u00e9t\u00e9 Royale Foresti\u00e8re de Belgique","article_publisher":"https:\/\/www.facebook.com\/srfb.be","article_modified_time":"2026-03-03T16:00:09+00:00","og_image":[{"width":871,"height":1251,"url":"https:\/\/srfb.be\/wp-content\/uploads\/2020\/10\/Les-mousses.jpg","type":"image\/jpeg"}],"schema":{"@context":"https:\/\/schema.org","@graph":[{"@type":"WebPage","@id":"https:\/\/srfb.be\/nl\/forest-shop\/les-mousses-les-lichens-et-les-fougeres-ces-meconnus-essentiels-a-la-foret\/","url":"https:\/\/srfb.be\/nl\/forest-shop\/les-mousses-les-lichens-et-les-fougeres-ces-meconnus-essentiels-a-la-foret\/","name":"Mosses, lichens and ferns - SRFB","isPartOf":{"@id":"https:\/\/srfb.be\/#website"},"primaryImageOfPage":{"@id":"https:\/\/srfb.be\/nl\/forest-shop\/les-mousses-les-lichens-et-les-fougeres-ces-meconnus-essentiels-a-la-foret\/#primaryimage"},"image":{"@id":"https:\/\/srfb.be\/nl\/forest-shop\/les-mousses-les-lichens-et-les-fougeres-ces-meconnus-essentiels-a-la-foret\/#primaryimage"},"thumbnailUrl":"https:\/\/srfb.be\/wp-content\/uploads\/2020\/10\/Les-mousses.jpg","datePublished":"2020-10-06T16:17:59+00:00","dateModified":"2026-03-03T16:00:09+00:00","description":"This richly photographed guide explains the specific features and great diversity of the mosses, lichens and ferns that are ubiquitous in our forests.","breadcrumb":{"@id":"https:\/\/srfb.be\/nl\/forest-shop\/les-mousses-les-lichens-et-les-fougeres-ces-meconnus-essentiels-a-la-foret\/#breadcrumb"},"inLanguage":"en-GB","potentialAction":[{"@type":"ReadAction","target":["https:\/\/srfb.be\/nl\/forest-shop\/les-mousses-les-lichens-et-les-fougeres-ces-meconnus-essentiels-a-la-foret\/"]}]},{"@type":"ImageObject","inLanguage":"en-GB","@id":"https:\/\/srfb.be\/nl\/forest-shop\/les-mousses-les-lichens-et-les-fougeres-ces-meconnus-essentiels-a-la-foret\/#primaryimage","url":"https:\/\/srfb.be\/wp-content\/uploads\/2020\/10\/Les-mousses.jpg","contentUrl":"https:\/\/srfb.be\/wp-content\/uploads\/2020\/10\/Les-mousses.jpg","width":871,"height":1251},{"@type":"BreadcrumbList","@id":"https:\/\/srfb.be\/nl\/forest-shop\/les-mousses-les-lichens-et-les-fougeres-ces-meconnus-essentiels-a-la-foret\/#breadcrumb","itemListElement":[{"@type":"ListItem","position":1,"name":"Accueil","item":"https:\/\/srfb.be\/en\/"},{"@type":"ListItem","position":2,"name":"Produkte","item":"https:\/\/srfb.be\/de\/shop\/"},{"@type":"ListItem","position":3,"name":"Les mousses, les lichens et les foug\u00e8res, ces m\u00e9connus essentiels \u00e0 la for\u00eat"}]},{"@type":"WebSite","@id":"https:\/\/srfb.be\/#website","url":"https:\/\/srfb.be\/","name":"Royal Forestry Society of Belgium","description":"Serving forests and foresters","publisher":{"@id":"https:\/\/srfb.be\/#organization"},"alternateName":"SRFB-KBBM","potentialAction":[{"@type":"SearchAction","target":{"@type":"EntryPoint","urlTemplate":"https:\/\/srfb.be\/?s={search_term_string}"},"query-input":{"@type":"PropertyValueSpecification","valueRequired":true,"valueName":"search_term_string"}}],"inLanguage":"en-GB"},{"@type":"Organization","@id":"https:\/\/srfb.be\/#organization","name":"Soci\u00e9t\u00e9 Royale Foresti\u00e8re De Belgique - Koninklijke Belgische Bosbouwmaatschappij","alternateName":"SRFB-KBBM","url":"https:\/\/srfb.be\/","logo":{"@type":"ImageObject","inLanguage":"en-GB","@id":"https:\/\/srfb.be\/#\/schema\/logo\/image\/","url":"https:\/\/srfb.be\/wp-content\/uploads\/2019\/06\/android-chrome-256x256.png","contentUrl":"https:\/\/srfb.be\/wp-content\/uploads\/2019\/06\/android-chrome-256x256.png","width":1200,"height":1232,"caption":"Soci\u00e9t\u00e9 Royale Foresti\u00e8re De Belgique - Koninklijke Belgische Bosbouwmaatschappij"},"image":{"@id":"https:\/\/srfb.be\/#\/schema\/logo\/image\/"},"sameAs":["https:\/\/www.facebook.com\/srfb.be","https:\/\/www.instagram.com\/srfb_kbbm\/","https:\/\/www.linkedin.com\/company\/srfb-kbbm\/","https:\/\/www.youtube.com\/user\/srfbkbbm"]}]}},"_links":{"self":[{"href":"https:\/\/srfb.be\/en\/wp-json\/wp\/v2\/product\/13956","targetHints":{"allow":["GET"]}}],"collection":[{"href":"https:\/\/srfb.be\/en\/wp-json\/wp\/v2\/product"}],"about":[{"href":"https:\/\/srfb.be\/en\/wp-json\/wp\/v2\/types\/product"}],"replies":[{"embeddable":true,"href":"https:\/\/srfb.be\/en\/wp-json\/wp\/v2\/comments?post=13956"}],"wp:featuredmedia":[{"embeddable":true,"href":"https:\/\/srfb.be\/en\/wp-json\/wp\/v2\/media\/13957"}],"wp:attachment":[{"href":"https:\/\/srfb.be\/en\/wp-json\/wp\/v2\/media?parent=13956"}],"wp:term":[{"taxonomy":"product_brand","embeddable":true,"href":"https:\/\/srfb.be\/en\/wp-json\/wp\/v2\/product_brand?post=13956"},{"taxonomy":"product_cat","embeddable":true,"href":"https:\/\/srfb.be\/en\/wp-json\/wp\/v2\/product_cat?post=13956"},{"taxonomy":"product_tag","embeddable":true,"href":"https:\/\/srfb.be\/en\/wp-json\/wp\/v2\/product_tag?post=13956"}],"curies":[{"name":"wp","href":"https:\/\/api.w.org\/{rel}","templated":true}]}}