{"id":13947,"date":"2020-10-05T09:58:39","date_gmt":"2020-10-05T07:58:39","guid":{"rendered":"https:\/\/www.srfb.be\/?post_type=product&#038;p=13947"},"modified":"2025-06-10T03:31:13","modified_gmt":"2025-06-10T01:31:13","slug":"le-peuplier-agroforestier-techniques-et-couts-de-plantation","status":"publish","type":"product","link":"https:\/\/srfb.be\/en\/forest-shop\/le-peuplier-agroforestier-techniques-et-couts-de-plantation\/","title":{"rendered":"Agroforestry poplar - Planting techniques and costs"},"content":{"rendered":"","protected":false},"excerpt":{"rendered":"<p>This guide summarises the knowledge and skills needed to plant, manage and operate poplars in the field. Poplar is a crop of major interest for agroforestry because of its speed of growth and its historical roots in the land. It is a wise choice for farmers wishing to diversify their outlets and (re)integrate trees into their crop or livestock farming systems.<br \/>\nAgroforestry is also an opportunity to make up for the current shortfall in poplar wood production and to mobilise the farming community to increase sources of supply.<\/p>\n<p>21 x 29.7 cm, 68 pages<\/p>","protected":false},"featured_media":13948,"comment_status":"open","ping_status":"closed","template":"","meta":{"iawp_total_views":102},"product_brand":[],"product_cat":[694,314],"product_tag":[],"class_list":{"0":"post-13947","1":"product","2":"type-product","3":"status-publish","4":"has-post-thumbnail","6":"product_cat-agroforesterie","7":"product_cat-sylviculture","9":"first","10":"instock","11":"shipping-taxable","12":"purchasable","13":"product-type-simple"},"yoast_head":"<!-- This site is optimized with the Yoast SEO plugin v27.4 - https:\/\/yoast.com\/product\/yoast-seo-wordpress\/ -->\n<title>Le peuplier agroforestier - Techniques et co\u00fbts de plantation - SRFB<\/title>\n<meta name=\"description\" content=\"L\u2019agroforesterie est une opportunit\u00e9 pour combler le d\u00e9ficit de production de bois de peuplier et mobiliser le monde agricole.\" \/>\n<meta name=\"robots\" content=\"index, follow, max-snippet:-1, max-image-preview:large, max-video-preview:-1\" \/>\n<link rel=\"canonical\" href=\"https:\/\/srfb.be\/en\/forest-shop\/le-peuplier-agroforestier-techniques-et-couts-de-plantation\/\" \/>\n<meta property=\"og:locale\" content=\"en_GB\" \/>\n<meta property=\"og:type\" content=\"article\" \/>\n<meta property=\"og:title\" content=\"Le peuplier agroforestier - Techniques et co\u00fbts de plantation - SRFB\" \/>\n<meta property=\"og:description\" content=\"L\u2019agroforesterie est une opportunit\u00e9 pour combler le d\u00e9ficit de production de bois de peuplier et mobiliser le monde agricole.\" \/>\n<meta property=\"og:url\" content=\"https:\/\/srfb.be\/en\/forest-shop\/le-peuplier-agroforestier-techniques-et-couts-de-plantation\/\" \/>\n<meta property=\"og:site_name\" content=\"Soci\u00e9t\u00e9 Royale Foresti\u00e8re de Belgique\" \/>\n<meta property=\"article:publisher\" content=\"https:\/\/www.facebook.com\/srfb.be\" \/>\n<meta property=\"article:modified_time\" content=\"2025-06-10T01:31:13+00:00\" \/>\n<meta property=\"og:image\" content=\"https:\/\/srfb.be\/wp-content\/uploads\/2020\/10\/livre_le_peuplier_agroforestier.png\" \/>\n\t<meta property=\"og:image:width\" content=\"472\" \/>\n\t<meta property=\"og:image:height\" content=\"667\" \/>\n\t<meta property=\"og:image:type\" content=\"image\/png\" \/>\n<script type=\"application\/ld+json\" class=\"yoast-schema-graph\">{\"@context\":\"https:\\\/\\\/schema.org\",\"@graph\":[{\"@type\":\"WebPage\",\"@id\":\"https:\\\/\\\/srfb.be\\\/en\\\/forest-shop\\\/le-peuplier-agroforestier-techniques-et-couts-de-plantation\\\/\",\"url\":\"https:\\\/\\\/srfb.be\\\/en\\\/forest-shop\\\/le-peuplier-agroforestier-techniques-et-couts-de-plantation\\\/\",\"name\":\"Le peuplier agroforestier - Techniques et co\u00fbts de plantation - SRFB\",\"isPartOf\":{\"@id\":\"https:\\\/\\\/kbbm.be\\\/en\\\/#website\"},\"primaryImageOfPage\":{\"@id\":\"https:\\\/\\\/srfb.be\\\/en\\\/forest-shop\\\/le-peuplier-agroforestier-techniques-et-couts-de-plantation\\\/#primaryimage\"},\"image\":{\"@id\":\"https:\\\/\\\/srfb.be\\\/en\\\/forest-shop\\\/le-peuplier-agroforestier-techniques-et-couts-de-plantation\\\/#primaryimage\"},\"thumbnailUrl\":\"https:\\\/\\\/srfb.be\\\/wp-content\\\/uploads\\\/2020\\\/10\\\/livre_le_peuplier_agroforestier.png\",\"datePublished\":\"2020-10-05T07:58:39+00:00\",\"dateModified\":\"2025-06-10T01:31:13+00:00\",\"description\":\"L\u2019agroforesterie est une opportunit\u00e9 pour combler le d\u00e9ficit de production de bois de peuplier et mobiliser le monde agricole.\",\"breadcrumb\":{\"@id\":\"https:\\\/\\\/srfb.be\\\/en\\\/forest-shop\\\/le-peuplier-agroforestier-techniques-et-couts-de-plantation\\\/#breadcrumb\"},\"inLanguage\":\"en-GB\",\"potentialAction\":[{\"@type\":\"ReadAction\",\"target\":[\"https:\\\/\\\/srfb.be\\\/en\\\/forest-shop\\\/le-peuplier-agroforestier-techniques-et-couts-de-plantation\\\/\"]}]},{\"@type\":\"ImageObject\",\"inLanguage\":\"en-GB\",\"@id\":\"https:\\\/\\\/srfb.be\\\/en\\\/forest-shop\\\/le-peuplier-agroforestier-techniques-et-couts-de-plantation\\\/#primaryimage\",\"url\":\"https:\\\/\\\/srfb.be\\\/wp-content\\\/uploads\\\/2020\\\/10\\\/livre_le_peuplier_agroforestier.png\",\"contentUrl\":\"https:\\\/\\\/srfb.be\\\/wp-content\\\/uploads\\\/2020\\\/10\\\/livre_le_peuplier_agroforestier.png\",\"width\":472,\"height\":667},{\"@type\":\"BreadcrumbList\",\"@id\":\"https:\\\/\\\/srfb.be\\\/en\\\/forest-shop\\\/le-peuplier-agroforestier-techniques-et-couts-de-plantation\\\/#breadcrumb\",\"itemListElement\":[{\"@type\":\"ListItem\",\"position\":1,\"name\":\"Accueil\",\"item\":\"https:\\\/\\\/kbbm.be\\\/en\\\/\"},{\"@type\":\"ListItem\",\"position\":2,\"name\":\"Produits\",\"item\":\"https:\\\/\\\/srfb.be\\\/shop\\\/\"},{\"@type\":\"ListItem\",\"position\":3,\"name\":\"Le peuplier agroforestier &#8211; Techniques et co\u00fbts de plantation\"}]},{\"@type\":\"WebSite\",\"@id\":\"https:\\\/\\\/kbbm.be\\\/en\\\/#website\",\"url\":\"https:\\\/\\\/kbbm.be\\\/en\\\/\",\"name\":\"Soci\u00e9t\u00e9 Royale Foresti\u00e8re de Belgique\",\"description\":\"Au service de la for\u00eat et des forestiers\",\"publisher\":{\"@id\":\"https:\\\/\\\/kbbm.be\\\/en\\\/#organization\"},\"alternateName\":\"SRFB-KBBM\",\"potentialAction\":[{\"@type\":\"SearchAction\",\"target\":{\"@type\":\"EntryPoint\",\"urlTemplate\":\"https:\\\/\\\/kbbm.be\\\/en\\\/?s={search_term_string}\"},\"query-input\":{\"@type\":\"PropertyValueSpecification\",\"valueRequired\":true,\"valueName\":\"search_term_string\"}}],\"inLanguage\":\"en-GB\"},{\"@type\":\"Organization\",\"@id\":\"https:\\\/\\\/kbbm.be\\\/en\\\/#organization\",\"name\":\"Soci\u00e9t\u00e9 Royale Foresti\u00e8re De Belgique - Koninklijke Belgische Bosbouwmaatschappij\",\"alternateName\":\"SRFB-KBBM\",\"url\":\"https:\\\/\\\/kbbm.be\\\/en\\\/\",\"logo\":{\"@type\":\"ImageObject\",\"inLanguage\":\"en-GB\",\"@id\":\"https:\\\/\\\/kbbm.be\\\/en\\\/#\\\/schema\\\/logo\\\/image\\\/\",\"url\":\"https:\\\/\\\/srfb.be\\\/wp-content\\\/uploads\\\/2019\\\/06\\\/android-chrome-256x256.png\",\"contentUrl\":\"https:\\\/\\\/srfb.be\\\/wp-content\\\/uploads\\\/2019\\\/06\\\/android-chrome-256x256.png\",\"width\":1200,\"height\":1232,\"caption\":\"Soci\u00e9t\u00e9 Royale Foresti\u00e8re De Belgique - Koninklijke Belgische Bosbouwmaatschappij\"},\"image\":{\"@id\":\"https:\\\/\\\/kbbm.be\\\/en\\\/#\\\/schema\\\/logo\\\/image\\\/\"},\"sameAs\":[\"https:\\\/\\\/www.facebook.com\\\/srfb.be\",\"https:\\\/\\\/www.instagram.com\\\/srfb_kbbm\\\/\",\"https:\\\/\\\/www.linkedin.com\\\/company\\\/srfb-kbbm\\\/\",\"https:\\\/\\\/www.youtube.com\\\/user\\\/srfbkbbm\"]}]}<\/script>\n<!-- \/ Yoast SEO plugin. -->","yoast_head_json":{"title":"Agroforestry poplar - Planting techniques and costs - SRFB","description":"Agroforestry is an opportunity to make up for the shortfall in poplar wood production and mobilise the farming community.","robots":{"index":"index","follow":"follow","max-snippet":"max-snippet:-1","max-image-preview":"max-image-preview:large","max-video-preview":"max-video-preview:-1"},"canonical":"https:\/\/srfb.be\/en\/forest-shop\/le-peuplier-agroforestier-techniques-et-couts-de-plantation\/","og_locale":"en_GB","og_type":"article","og_title":"Le peuplier agroforestier - Techniques et co\u00fbts de plantation - SRFB","og_description":"L\u2019agroforesterie est une opportunit\u00e9 pour combler le d\u00e9ficit de production de bois de peuplier et mobiliser le monde agricole.","og_url":"https:\/\/srfb.be\/en\/forest-shop\/le-peuplier-agroforestier-techniques-et-couts-de-plantation\/","og_site_name":"Soci\u00e9t\u00e9 Royale Foresti\u00e8re de Belgique","article_publisher":"https:\/\/www.facebook.com\/srfb.be","article_modified_time":"2025-06-10T01:31:13+00:00","og_image":[{"width":472,"height":667,"url":"https:\/\/srfb.be\/wp-content\/uploads\/2020\/10\/livre_le_peuplier_agroforestier.png","type":"image\/png"}],"schema":{"@context":"https:\/\/schema.org","@graph":[{"@type":"WebPage","@id":"https:\/\/srfb.be\/en\/forest-shop\/le-peuplier-agroforestier-techniques-et-couts-de-plantation\/","url":"https:\/\/srfb.be\/en\/forest-shop\/le-peuplier-agroforestier-techniques-et-couts-de-plantation\/","name":"Agroforestry poplar - Planting techniques and costs - SRFB","isPartOf":{"@id":"https:\/\/kbbm.be\/en\/#website"},"primaryImageOfPage":{"@id":"https:\/\/srfb.be\/en\/forest-shop\/le-peuplier-agroforestier-techniques-et-couts-de-plantation\/#primaryimage"},"image":{"@id":"https:\/\/srfb.be\/en\/forest-shop\/le-peuplier-agroforestier-techniques-et-couts-de-plantation\/#primaryimage"},"thumbnailUrl":"https:\/\/srfb.be\/wp-content\/uploads\/2020\/10\/livre_le_peuplier_agroforestier.png","datePublished":"2020-10-05T07:58:39+00:00","dateModified":"2025-06-10T01:31:13+00:00","description":"Agroforestry is an opportunity to make up for the shortfall in poplar wood production and mobilise the farming community.","breadcrumb":{"@id":"https:\/\/srfb.be\/en\/forest-shop\/le-peuplier-agroforestier-techniques-et-couts-de-plantation\/#breadcrumb"},"inLanguage":"en-GB","potentialAction":[{"@type":"ReadAction","target":["https:\/\/srfb.be\/en\/forest-shop\/le-peuplier-agroforestier-techniques-et-couts-de-plantation\/"]}]},{"@type":"ImageObject","inLanguage":"en-GB","@id":"https:\/\/srfb.be\/en\/forest-shop\/le-peuplier-agroforestier-techniques-et-couts-de-plantation\/#primaryimage","url":"https:\/\/srfb.be\/wp-content\/uploads\/2020\/10\/livre_le_peuplier_agroforestier.png","contentUrl":"https:\/\/srfb.be\/wp-content\/uploads\/2020\/10\/livre_le_peuplier_agroforestier.png","width":472,"height":667},{"@type":"BreadcrumbList","@id":"https:\/\/srfb.be\/en\/forest-shop\/le-peuplier-agroforestier-techniques-et-couts-de-plantation\/#breadcrumb","itemListElement":[{"@type":"ListItem","position":1,"name":"Accueil","item":"https:\/\/kbbm.be\/en\/"},{"@type":"ListItem","position":2,"name":"Produits","item":"https:\/\/srfb.be\/shop\/"},{"@type":"ListItem","position":3,"name":"Le peuplier agroforestier &#8211; Techniques et co\u00fbts de plantation"}]},{"@type":"WebSite","@id":"https:\/\/kbbm.be\/en\/#website","url":"https:\/\/kbbm.be\/en\/","name":"Royal Forestry Society of Belgium","description":"Serving forests and foresters","publisher":{"@id":"https:\/\/kbbm.be\/en\/#organization"},"alternateName":"SRFB-KBBM","potentialAction":[{"@type":"SearchAction","target":{"@type":"EntryPoint","urlTemplate":"https:\/\/kbbm.be\/en\/?s={search_term_string}"},"query-input":{"@type":"PropertyValueSpecification","valueRequired":true,"valueName":"search_term_string"}}],"inLanguage":"en-GB"},{"@type":"Organization","@id":"https:\/\/kbbm.be\/en\/#organization","name":"Soci\u00e9t\u00e9 Royale Foresti\u00e8re De Belgique - Koninklijke Belgische Bosbouwmaatschappij","alternateName":"SRFB-KBBM","url":"https:\/\/kbbm.be\/en\/","logo":{"@type":"ImageObject","inLanguage":"en-GB","@id":"https:\/\/kbbm.be\/en\/#\/schema\/logo\/image\/","url":"https:\/\/srfb.be\/wp-content\/uploads\/2019\/06\/android-chrome-256x256.png","contentUrl":"https:\/\/srfb.be\/wp-content\/uploads\/2019\/06\/android-chrome-256x256.png","width":1200,"height":1232,"caption":"Soci\u00e9t\u00e9 Royale Foresti\u00e8re De Belgique - Koninklijke Belgische Bosbouwmaatschappij"},"image":{"@id":"https:\/\/kbbm.be\/en\/#\/schema\/logo\/image\/"},"sameAs":["https:\/\/www.facebook.com\/srfb.be","https:\/\/www.instagram.com\/srfb_kbbm\/","https:\/\/www.linkedin.com\/company\/srfb-kbbm\/","https:\/\/www.youtube.com\/user\/srfbkbbm"]}]}},"_links":{"self":[{"href":"https:\/\/srfb.be\/en\/wp-json\/wp\/v2\/product\/13947","targetHints":{"allow":["GET"]}}],"collection":[{"href":"https:\/\/srfb.be\/en\/wp-json\/wp\/v2\/product"}],"about":[{"href":"https:\/\/srfb.be\/en\/wp-json\/wp\/v2\/types\/product"}],"replies":[{"embeddable":true,"href":"https:\/\/srfb.be\/en\/wp-json\/wp\/v2\/comments?post=13947"}],"wp:featuredmedia":[{"embeddable":true,"href":"https:\/\/srfb.be\/en\/wp-json\/wp\/v2\/media\/13948"}],"wp:attachment":[{"href":"https:\/\/srfb.be\/en\/wp-json\/wp\/v2\/media?parent=13947"}],"wp:term":[{"taxonomy":"product_brand","embeddable":true,"href":"https:\/\/srfb.be\/en\/wp-json\/wp\/v2\/product_brand?post=13947"},{"taxonomy":"product_cat","embeddable":true,"href":"https:\/\/srfb.be\/en\/wp-json\/wp\/v2\/product_cat?post=13947"},{"taxonomy":"product_tag","embeddable":true,"href":"https:\/\/srfb.be\/en\/wp-json\/wp\/v2\/product_tag?post=13947"}],"curies":[{"name":"wp","href":"https:\/\/api.w.org\/{rel}","templated":true}]}}