{"id":10946,"date":"2020-03-20T15:13:36","date_gmt":"2020-03-20T14:13:36","guid":{"rendered":"https:\/\/new.srfb.be\/?post_type=product&#038;p=10946"},"modified":"2026-03-03T16:56:54","modified_gmt":"2026-03-03T15:56:54","slug":"les-resineux-1","status":"publish","type":"product","link":"https:\/\/srfb.be\/en\/forest-shop\/les-resineux-1\/","title":{"rendered":"Softwoods - Volume 1: knowledge and recognition"},"content":{"rendered":"","protected":false},"excerpt":{"rendered":"<p>Volume 1: Knowledge and recognition<br \/>\nBoth foresters and tree lovers will find a wealth of information in this abundantly illustrated book. You will learn to recognise more than 60 species by their needles, cones, bark or silhouette.<br \/>\n24 x 16 cm, 256 pages<\/p>\n<p>Authors :\u00a0<strong>Philippe Riou-Nivert<\/strong><br \/>\nPublisher:\u00a0<strong>Institute for Forestry Development<\/strong><\/p>","protected":false},"featured_media":10947,"comment_status":"open","ping_status":"closed","template":"","meta":{"iawp_total_views":44},"product_brand":[],"product_cat":[690,314],"product_tag":[],"class_list":{"0":"post-10946","1":"product","2":"type-product","3":"status-publish","4":"has-post-thumbnail","6":"product_cat-livres-illustres","7":"product_cat-sylviculture","9":"first","10":"instock","11":"shipping-taxable","12":"purchasable","13":"product-type-simple"},"yoast_head":"<!-- This site is optimized with the Yoast SEO plugin v27.3 - https:\/\/yoast.com\/product\/yoast-seo-wordpress\/ -->\n<title>Les r\u00e9sineux - Tome 1 : connaissance et reconnaissance - SRFB<\/title>\n<meta name=\"description\" content=\"Le forestier mais aussi l\u2019amateur d\u2019arbres trouveront dans cet ouvrage abondamment illustr\u00e9 une mine d\u2019informations, jamais rassembl\u00e9es \u00e0 ce jour.\" \/>\n<meta name=\"robots\" content=\"index, follow, max-snippet:-1, max-image-preview:large, max-video-preview:-1\" \/>\n<link rel=\"canonical\" href=\"https:\/\/www.kbbm.be\/nl\/forest-shop\/les-resineux-1\/\" \/>\n<meta property=\"og:locale\" content=\"en_GB\" \/>\n<meta property=\"og:type\" content=\"article\" \/>\n<meta property=\"og:title\" content=\"Les r\u00e9sineux - Tome 1 : connaissance et reconnaissance - SRFB\" \/>\n<meta property=\"og:description\" content=\"Le forestier mais aussi l\u2019amateur d\u2019arbres trouveront dans cet ouvrage abondamment illustr\u00e9 une mine d\u2019informations, jamais rassembl\u00e9es \u00e0 ce jour.\" \/>\n<meta property=\"og:url\" content=\"https:\/\/www.kbbm.be\/nl\/forest-shop\/les-resineux-1\/\" \/>\n<meta property=\"og:site_name\" content=\"Soci\u00e9t\u00e9 Royale Foresti\u00e8re de Belgique\" \/>\n<meta property=\"article:publisher\" content=\"https:\/\/www.facebook.com\/srfb.be\" \/>\n<meta property=\"article:modified_time\" content=\"2026-03-03T15:56:54+00:00\" \/>\n<meta property=\"og:image\" content=\"https:\/\/www.kbbm.be\/wp-content\/uploads\/2020\/03\/les-r\u00e9sineux-tome-1.jpg\" \/>\n\t<meta property=\"og:image:width\" content=\"825\" \/>\n\t<meta property=\"og:image:height\" content=\"1317\" \/>\n\t<meta property=\"og:image:type\" content=\"image\/jpeg\" \/>\n<script type=\"application\/ld+json\" class=\"yoast-schema-graph\">{\"@context\":\"https:\\\/\\\/schema.org\",\"@graph\":[{\"@type\":\"WebPage\",\"@id\":\"https:\\\/\\\/www.kbbm.be\\\/nl\\\/forest-shop\\\/les-resineux-1\\\/\",\"url\":\"https:\\\/\\\/www.kbbm.be\\\/nl\\\/forest-shop\\\/les-resineux-1\\\/\",\"name\":\"Les r\u00e9sineux - Tome 1 : connaissance et reconnaissance - SRFB\",\"isPartOf\":{\"@id\":\"https:\\\/\\\/srfb.be\\\/#website\"},\"primaryImageOfPage\":{\"@id\":\"https:\\\/\\\/www.kbbm.be\\\/nl\\\/forest-shop\\\/les-resineux-1\\\/#primaryimage\"},\"image\":{\"@id\":\"https:\\\/\\\/www.kbbm.be\\\/nl\\\/forest-shop\\\/les-resineux-1\\\/#primaryimage\"},\"thumbnailUrl\":\"https:\\\/\\\/srfb.be\\\/wp-content\\\/uploads\\\/2020\\\/03\\\/les-r\u00e9sineux-tome-1.jpg\",\"datePublished\":\"2020-03-20T14:13:36+00:00\",\"dateModified\":\"2026-03-03T15:56:54+00:00\",\"description\":\"Le forestier mais aussi l\u2019amateur d\u2019arbres trouveront dans cet ouvrage abondamment illustr\u00e9 une mine d\u2019informations, jamais rassembl\u00e9es \u00e0 ce jour.\",\"breadcrumb\":{\"@id\":\"https:\\\/\\\/www.kbbm.be\\\/nl\\\/forest-shop\\\/les-resineux-1\\\/#breadcrumb\"},\"inLanguage\":\"en-GB\",\"potentialAction\":[{\"@type\":\"ReadAction\",\"target\":[\"https:\\\/\\\/www.kbbm.be\\\/nl\\\/forest-shop\\\/les-resineux-1\\\/\"]}]},{\"@type\":\"ImageObject\",\"inLanguage\":\"en-GB\",\"@id\":\"https:\\\/\\\/www.kbbm.be\\\/nl\\\/forest-shop\\\/les-resineux-1\\\/#primaryimage\",\"url\":\"https:\\\/\\\/srfb.be\\\/wp-content\\\/uploads\\\/2020\\\/03\\\/les-r\u00e9sineux-tome-1.jpg\",\"contentUrl\":\"https:\\\/\\\/srfb.be\\\/wp-content\\\/uploads\\\/2020\\\/03\\\/les-r\u00e9sineux-tome-1.jpg\",\"width\":825,\"height\":1317},{\"@type\":\"BreadcrumbList\",\"@id\":\"https:\\\/\\\/www.kbbm.be\\\/nl\\\/forest-shop\\\/les-resineux-1\\\/#breadcrumb\",\"itemListElement\":[{\"@type\":\"ListItem\",\"position\":1,\"name\":\"Accueil\",\"item\":\"https:\\\/\\\/srfb.be\\\/\"},{\"@type\":\"ListItem\",\"position\":2,\"name\":\"Produkte\",\"item\":\"https:\\\/\\\/www.kbbm.be\\\/de\\\/shop\\\/\"},{\"@type\":\"ListItem\",\"position\":3,\"name\":\"Les r\u00e9sineux &#8211; Tome 1 : connaissance et reconnaissance\"}]},{\"@type\":\"WebSite\",\"@id\":\"https:\\\/\\\/srfb.be\\\/#website\",\"url\":\"https:\\\/\\\/srfb.be\\\/\",\"name\":\"Soci\u00e9t\u00e9 Royale Foresti\u00e8re de Belgique\",\"description\":\"Au service de la for\u00eat et des forestiers\",\"publisher\":{\"@id\":\"https:\\\/\\\/srfb.be\\\/#organization\"},\"alternateName\":\"SRFB-KBBM\",\"potentialAction\":[{\"@type\":\"SearchAction\",\"target\":{\"@type\":\"EntryPoint\",\"urlTemplate\":\"https:\\\/\\\/srfb.be\\\/?s={search_term_string}\"},\"query-input\":{\"@type\":\"PropertyValueSpecification\",\"valueRequired\":true,\"valueName\":\"search_term_string\"}}],\"inLanguage\":\"en-GB\"},{\"@type\":\"Organization\",\"@id\":\"https:\\\/\\\/srfb.be\\\/#organization\",\"name\":\"Soci\u00e9t\u00e9 Royale Foresti\u00e8re De Belgique - Koninklijke Belgische Bosbouwmaatschappij\",\"alternateName\":\"SRFB-KBBM\",\"url\":\"https:\\\/\\\/srfb.be\\\/\",\"logo\":{\"@type\":\"ImageObject\",\"inLanguage\":\"en-GB\",\"@id\":\"https:\\\/\\\/srfb.be\\\/#\\\/schema\\\/logo\\\/image\\\/\",\"url\":\"https:\\\/\\\/srfb.be\\\/wp-content\\\/uploads\\\/2019\\\/06\\\/android-chrome-256x256.png\",\"contentUrl\":\"https:\\\/\\\/srfb.be\\\/wp-content\\\/uploads\\\/2019\\\/06\\\/android-chrome-256x256.png\",\"width\":1200,\"height\":1232,\"caption\":\"Soci\u00e9t\u00e9 Royale Foresti\u00e8re De Belgique - Koninklijke Belgische Bosbouwmaatschappij\"},\"image\":{\"@id\":\"https:\\\/\\\/srfb.be\\\/#\\\/schema\\\/logo\\\/image\\\/\"},\"sameAs\":[\"https:\\\/\\\/www.facebook.com\\\/srfb.be\",\"https:\\\/\\\/www.instagram.com\\\/srfb_kbbm\\\/\",\"https:\\\/\\\/www.linkedin.com\\\/company\\\/srfb-kbbm\\\/\",\"https:\\\/\\\/www.youtube.com\\\/user\\\/srfbkbbm\"]}]}<\/script>\n<!-- \/ Yoast SEO plugin. -->","yoast_head_json":{"title":"Softwoods - Volume 1: Knowledge and recognition - SRFB","description":"Both foresters and tree lovers will find a wealth of information in this abundantly illustrated book, never before brought together.","robots":{"index":"index","follow":"follow","max-snippet":"max-snippet:-1","max-image-preview":"max-image-preview:large","max-video-preview":"max-video-preview:-1"},"canonical":"https:\/\/www.kbbm.be\/nl\/forest-shop\/les-resineux-1\/","og_locale":"en_GB","og_type":"article","og_title":"Les r\u00e9sineux - Tome 1 : connaissance et reconnaissance - SRFB","og_description":"Le forestier mais aussi l\u2019amateur d\u2019arbres trouveront dans cet ouvrage abondamment illustr\u00e9 une mine d\u2019informations, jamais rassembl\u00e9es \u00e0 ce jour.","og_url":"https:\/\/www.kbbm.be\/nl\/forest-shop\/les-resineux-1\/","og_site_name":"Soci\u00e9t\u00e9 Royale Foresti\u00e8re de Belgique","article_publisher":"https:\/\/www.facebook.com\/srfb.be","article_modified_time":"2026-03-03T15:56:54+00:00","og_image":[{"width":825,"height":1317,"url":"https:\/\/www.kbbm.be\/wp-content\/uploads\/2020\/03\/les-r\u00e9sineux-tome-1.jpg","type":"image\/jpeg"}],"schema":{"@context":"https:\/\/schema.org","@graph":[{"@type":"WebPage","@id":"https:\/\/www.kbbm.be\/nl\/forest-shop\/les-resineux-1\/","url":"https:\/\/www.kbbm.be\/nl\/forest-shop\/les-resineux-1\/","name":"Softwoods - Volume 1: Knowledge and recognition - SRFB","isPartOf":{"@id":"https:\/\/srfb.be\/#website"},"primaryImageOfPage":{"@id":"https:\/\/www.kbbm.be\/nl\/forest-shop\/les-resineux-1\/#primaryimage"},"image":{"@id":"https:\/\/www.kbbm.be\/nl\/forest-shop\/les-resineux-1\/#primaryimage"},"thumbnailUrl":"https:\/\/srfb.be\/wp-content\/uploads\/2020\/03\/les-r\u00e9sineux-tome-1.jpg","datePublished":"2020-03-20T14:13:36+00:00","dateModified":"2026-03-03T15:56:54+00:00","description":"Both foresters and tree lovers will find a wealth of information in this abundantly illustrated book, never before brought together.","breadcrumb":{"@id":"https:\/\/www.kbbm.be\/nl\/forest-shop\/les-resineux-1\/#breadcrumb"},"inLanguage":"en-GB","potentialAction":[{"@type":"ReadAction","target":["https:\/\/www.kbbm.be\/nl\/forest-shop\/les-resineux-1\/"]}]},{"@type":"ImageObject","inLanguage":"en-GB","@id":"https:\/\/www.kbbm.be\/nl\/forest-shop\/les-resineux-1\/#primaryimage","url":"https:\/\/srfb.be\/wp-content\/uploads\/2020\/03\/les-r\u00e9sineux-tome-1.jpg","contentUrl":"https:\/\/srfb.be\/wp-content\/uploads\/2020\/03\/les-r\u00e9sineux-tome-1.jpg","width":825,"height":1317},{"@type":"BreadcrumbList","@id":"https:\/\/www.kbbm.be\/nl\/forest-shop\/les-resineux-1\/#breadcrumb","itemListElement":[{"@type":"ListItem","position":1,"name":"Accueil","item":"https:\/\/srfb.be\/"},{"@type":"ListItem","position":2,"name":"Produkte","item":"https:\/\/www.kbbm.be\/de\/shop\/"},{"@type":"ListItem","position":3,"name":"Les r\u00e9sineux &#8211; Tome 1 : connaissance et reconnaissance"}]},{"@type":"WebSite","@id":"https:\/\/srfb.be\/#website","url":"https:\/\/srfb.be\/","name":"Royal Forestry Society of Belgium","description":"Serving forests and foresters","publisher":{"@id":"https:\/\/srfb.be\/#organization"},"alternateName":"SRFB-KBBM","potentialAction":[{"@type":"SearchAction","target":{"@type":"EntryPoint","urlTemplate":"https:\/\/srfb.be\/?s={search_term_string}"},"query-input":{"@type":"PropertyValueSpecification","valueRequired":true,"valueName":"search_term_string"}}],"inLanguage":"en-GB"},{"@type":"Organization","@id":"https:\/\/srfb.be\/#organization","name":"Soci\u00e9t\u00e9 Royale Foresti\u00e8re De Belgique - Koninklijke Belgische Bosbouwmaatschappij","alternateName":"SRFB-KBBM","url":"https:\/\/srfb.be\/","logo":{"@type":"ImageObject","inLanguage":"en-GB","@id":"https:\/\/srfb.be\/#\/schema\/logo\/image\/","url":"https:\/\/srfb.be\/wp-content\/uploads\/2019\/06\/android-chrome-256x256.png","contentUrl":"https:\/\/srfb.be\/wp-content\/uploads\/2019\/06\/android-chrome-256x256.png","width":1200,"height":1232,"caption":"Soci\u00e9t\u00e9 Royale Foresti\u00e8re De Belgique - Koninklijke Belgische Bosbouwmaatschappij"},"image":{"@id":"https:\/\/srfb.be\/#\/schema\/logo\/image\/"},"sameAs":["https:\/\/www.facebook.com\/srfb.be","https:\/\/www.instagram.com\/srfb_kbbm\/","https:\/\/www.linkedin.com\/company\/srfb-kbbm\/","https:\/\/www.youtube.com\/user\/srfbkbbm"]}]}},"_links":{"self":[{"href":"https:\/\/srfb.be\/en\/wp-json\/wp\/v2\/product\/10946","targetHints":{"allow":["GET"]}}],"collection":[{"href":"https:\/\/srfb.be\/en\/wp-json\/wp\/v2\/product"}],"about":[{"href":"https:\/\/srfb.be\/en\/wp-json\/wp\/v2\/types\/product"}],"replies":[{"embeddable":true,"href":"https:\/\/srfb.be\/en\/wp-json\/wp\/v2\/comments?post=10946"}],"wp:featuredmedia":[{"embeddable":true,"href":"https:\/\/srfb.be\/en\/wp-json\/wp\/v2\/media\/10947"}],"wp:attachment":[{"href":"https:\/\/srfb.be\/en\/wp-json\/wp\/v2\/media?parent=10946"}],"wp:term":[{"taxonomy":"product_brand","embeddable":true,"href":"https:\/\/srfb.be\/en\/wp-json\/wp\/v2\/product_brand?post=10946"},{"taxonomy":"product_cat","embeddable":true,"href":"https:\/\/srfb.be\/en\/wp-json\/wp\/v2\/product_cat?post=10946"},{"taxonomy":"product_tag","embeddable":true,"href":"https:\/\/srfb.be\/en\/wp-json\/wp\/v2\/product_tag?post=10946"}],"curies":[{"name":"wp","href":"https:\/\/api.w.org\/{rel}","templated":true}]}}