{"id":10941,"date":"2020-03-20T15:11:51","date_gmt":"2020-03-20T14:11:51","guid":{"rendered":"https:\/\/new.srfb.be\/?post_type=product&#038;p=10941"},"modified":"2026-03-03T16:57:13","modified_gmt":"2026-03-03T15:57:13","slug":"les-resineux-2","status":"publish","type":"product","link":"https:\/\/srfb.be\/en\/forest-shop\/les-resineux-2\/","title":{"rendered":"Softwoods - Volume 2: ecology and pathology"},"content":{"rendered":"","protected":false},"excerpt":{"rendered":"<p>Volume 2: ecology and pathology<br \/>\nThrough a clear text and exceptional iconography, the general public will discover the true face of conifers. Naturalists will find animal and plant species that are often emblematic and endearing.<br \/>\nResearchers will appreciate an ordered summary of the most recent work in the field of ecology. Foresters will have all the basic information they need to integrate ecological parameters into sustainable management.<br \/>\n24 x 16 cm, 400 pages<\/p>\n<p>Authors :\u00a0<strong>Philippe Riou-Nivert<\/strong><br \/>\nPublisher:\u00a0<strong>Institute for Forestry Development<\/strong><\/p>","protected":false},"featured_media":10942,"comment_status":"open","ping_status":"closed","template":"","meta":{"iawp_total_views":79},"product_brand":[],"product_cat":[690,314],"product_tag":[],"class_list":{"0":"post-10941","1":"product","2":"type-product","3":"status-publish","4":"has-post-thumbnail","6":"product_cat-livres-illustres","7":"product_cat-sylviculture","9":"first","10":"instock","11":"shipping-taxable","12":"purchasable","13":"product-type-simple"},"yoast_head":"<!-- This site is optimized with the Yoast SEO plugin v27.3 - https:\/\/yoast.com\/product\/yoast-seo-wordpress\/ -->\n<title>Les r\u00e9sineux - Tome 2 : \u00e9cologie et pathologie - SRFB<\/title>\n<meta name=\"description\" content=\"Au travers d\u2019un texte clair et d\u2019une iconographie exceptionnelle, le grand public y d\u00e9couvrira le vrai visage des r\u00e9sineux.\" \/>\n<meta name=\"robots\" content=\"index, follow, max-snippet:-1, max-image-preview:large, max-video-preview:-1\" \/>\n<link rel=\"canonical\" href=\"https:\/\/kbbm.be\/de\/forest-shop\/les-resineux-2\/\" \/>\n<meta property=\"og:locale\" content=\"en_GB\" \/>\n<meta property=\"og:type\" content=\"article\" \/>\n<meta property=\"og:title\" content=\"Les r\u00e9sineux - Tome 2 : \u00e9cologie et pathologie - SRFB\" \/>\n<meta property=\"og:description\" content=\"Au travers d\u2019un texte clair et d\u2019une iconographie exceptionnelle, le grand public y d\u00e9couvrira le vrai visage des r\u00e9sineux.\" \/>\n<meta property=\"og:url\" content=\"https:\/\/kbbm.be\/de\/forest-shop\/les-resineux-2\/\" \/>\n<meta property=\"og:site_name\" content=\"Soci\u00e9t\u00e9 Royale Foresti\u00e8re de Belgique\" \/>\n<meta property=\"article:publisher\" content=\"https:\/\/www.facebook.com\/srfb.be\" \/>\n<meta property=\"article:modified_time\" content=\"2026-03-03T15:57:13+00:00\" \/>\n<meta property=\"og:image\" content=\"https:\/\/kbbm.be\/wp-content\/uploads\/2020\/03\/R\u00e9sineux-tome-II.jpg\" \/>\n\t<meta property=\"og:image:width\" content=\"930\" \/>\n\t<meta property=\"og:image:height\" content=\"1366\" \/>\n\t<meta property=\"og:image:type\" content=\"image\/jpeg\" \/>\n<script type=\"application\/ld+json\" class=\"yoast-schema-graph\">{\"@context\":\"https:\\\/\\\/schema.org\",\"@graph\":[{\"@type\":\"WebPage\",\"@id\":\"https:\\\/\\\/kbbm.be\\\/de\\\/forest-shop\\\/les-resineux-2\\\/\",\"url\":\"https:\\\/\\\/kbbm.be\\\/de\\\/forest-shop\\\/les-resineux-2\\\/\",\"name\":\"Les r\u00e9sineux - Tome 2 : \u00e9cologie et pathologie - SRFB\",\"isPartOf\":{\"@id\":\"https:\\\/\\\/kbbm.be\\\/de\\\/#website\"},\"primaryImageOfPage\":{\"@id\":\"https:\\\/\\\/kbbm.be\\\/de\\\/forest-shop\\\/les-resineux-2\\\/#primaryimage\"},\"image\":{\"@id\":\"https:\\\/\\\/kbbm.be\\\/de\\\/forest-shop\\\/les-resineux-2\\\/#primaryimage\"},\"thumbnailUrl\":\"https:\\\/\\\/srfb.be\\\/wp-content\\\/uploads\\\/2020\\\/03\\\/R\u00e9sineux-tome-II.jpg\",\"datePublished\":\"2020-03-20T14:11:51+00:00\",\"dateModified\":\"2026-03-03T15:57:13+00:00\",\"description\":\"Au travers d\u2019un texte clair et d\u2019une iconographie exceptionnelle, le grand public y d\u00e9couvrira le vrai visage des r\u00e9sineux.\",\"breadcrumb\":{\"@id\":\"https:\\\/\\\/kbbm.be\\\/de\\\/forest-shop\\\/les-resineux-2\\\/#breadcrumb\"},\"inLanguage\":\"en-GB\",\"potentialAction\":[{\"@type\":\"ReadAction\",\"target\":[\"https:\\\/\\\/kbbm.be\\\/de\\\/forest-shop\\\/les-resineux-2\\\/\"]}]},{\"@type\":\"ImageObject\",\"inLanguage\":\"en-GB\",\"@id\":\"https:\\\/\\\/kbbm.be\\\/de\\\/forest-shop\\\/les-resineux-2\\\/#primaryimage\",\"url\":\"https:\\\/\\\/srfb.be\\\/wp-content\\\/uploads\\\/2020\\\/03\\\/R\u00e9sineux-tome-II.jpg\",\"contentUrl\":\"https:\\\/\\\/srfb.be\\\/wp-content\\\/uploads\\\/2020\\\/03\\\/R\u00e9sineux-tome-II.jpg\",\"width\":930,\"height\":1366},{\"@type\":\"BreadcrumbList\",\"@id\":\"https:\\\/\\\/kbbm.be\\\/de\\\/forest-shop\\\/les-resineux-2\\\/#breadcrumb\",\"itemListElement\":[{\"@type\":\"ListItem\",\"position\":1,\"name\":\"Accueil\",\"item\":\"https:\\\/\\\/kbbm.be\\\/de\\\/\"},{\"@type\":\"ListItem\",\"position\":2,\"name\":\"Producten\",\"item\":\"https:\\\/\\\/kbbm.be\\\/nl\\\/shop\\\/\"},{\"@type\":\"ListItem\",\"position\":3,\"name\":\"Les r\u00e9sineux &#8211; Tome 2 : \u00e9cologie et pathologie\"}]},{\"@type\":\"WebSite\",\"@id\":\"https:\\\/\\\/kbbm.be\\\/de\\\/#website\",\"url\":\"https:\\\/\\\/kbbm.be\\\/de\\\/\",\"name\":\"Soci\u00e9t\u00e9 Royale Foresti\u00e8re de Belgique\",\"description\":\"Au service de la for\u00eat et des forestiers\",\"publisher\":{\"@id\":\"https:\\\/\\\/kbbm.be\\\/de\\\/#organization\"},\"alternateName\":\"SRFB-KBBM\",\"potentialAction\":[{\"@type\":\"SearchAction\",\"target\":{\"@type\":\"EntryPoint\",\"urlTemplate\":\"https:\\\/\\\/kbbm.be\\\/de\\\/?s={search_term_string}\"},\"query-input\":{\"@type\":\"PropertyValueSpecification\",\"valueRequired\":true,\"valueName\":\"search_term_string\"}}],\"inLanguage\":\"en-GB\"},{\"@type\":\"Organization\",\"@id\":\"https:\\\/\\\/kbbm.be\\\/de\\\/#organization\",\"name\":\"Soci\u00e9t\u00e9 Royale Foresti\u00e8re De Belgique - Koninklijke Belgische Bosbouwmaatschappij\",\"alternateName\":\"SRFB-KBBM\",\"url\":\"https:\\\/\\\/kbbm.be\\\/de\\\/\",\"logo\":{\"@type\":\"ImageObject\",\"inLanguage\":\"en-GB\",\"@id\":\"https:\\\/\\\/kbbm.be\\\/de\\\/#\\\/schema\\\/logo\\\/image\\\/\",\"url\":\"https:\\\/\\\/srfb.be\\\/wp-content\\\/uploads\\\/2019\\\/06\\\/android-chrome-256x256.png\",\"contentUrl\":\"https:\\\/\\\/srfb.be\\\/wp-content\\\/uploads\\\/2019\\\/06\\\/android-chrome-256x256.png\",\"width\":1200,\"height\":1232,\"caption\":\"Soci\u00e9t\u00e9 Royale Foresti\u00e8re De Belgique - Koninklijke Belgische Bosbouwmaatschappij\"},\"image\":{\"@id\":\"https:\\\/\\\/kbbm.be\\\/de\\\/#\\\/schema\\\/logo\\\/image\\\/\"},\"sameAs\":[\"https:\\\/\\\/www.facebook.com\\\/srfb.be\",\"https:\\\/\\\/www.instagram.com\\\/srfb_kbbm\\\/\",\"https:\\\/\\\/www.linkedin.com\\\/company\\\/srfb-kbbm\\\/\",\"https:\\\/\\\/www.youtube.com\\\/user\\\/srfbkbbm\"]}]}<\/script>\n<!-- \/ Yoast SEO plugin. -->","yoast_head_json":{"title":"Softwoods - Volume 2: ecology and pathology - SRFB","description":"With its clear text and exceptional iconography, this book will enable the general public to discover the true face of softwoods.","robots":{"index":"index","follow":"follow","max-snippet":"max-snippet:-1","max-image-preview":"max-image-preview:large","max-video-preview":"max-video-preview:-1"},"canonical":"https:\/\/kbbm.be\/de\/forest-shop\/les-resineux-2\/","og_locale":"en_GB","og_type":"article","og_title":"Les r\u00e9sineux - Tome 2 : \u00e9cologie et pathologie - SRFB","og_description":"Au travers d\u2019un texte clair et d\u2019une iconographie exceptionnelle, le grand public y d\u00e9couvrira le vrai visage des r\u00e9sineux.","og_url":"https:\/\/kbbm.be\/de\/forest-shop\/les-resineux-2\/","og_site_name":"Soci\u00e9t\u00e9 Royale Foresti\u00e8re de Belgique","article_publisher":"https:\/\/www.facebook.com\/srfb.be","article_modified_time":"2026-03-03T15:57:13+00:00","og_image":[{"width":930,"height":1366,"url":"https:\/\/kbbm.be\/wp-content\/uploads\/2020\/03\/R\u00e9sineux-tome-II.jpg","type":"image\/jpeg"}],"schema":{"@context":"https:\/\/schema.org","@graph":[{"@type":"WebPage","@id":"https:\/\/kbbm.be\/de\/forest-shop\/les-resineux-2\/","url":"https:\/\/kbbm.be\/de\/forest-shop\/les-resineux-2\/","name":"Softwoods - Volume 2: ecology and pathology - SRFB","isPartOf":{"@id":"https:\/\/kbbm.be\/de\/#website"},"primaryImageOfPage":{"@id":"https:\/\/kbbm.be\/de\/forest-shop\/les-resineux-2\/#primaryimage"},"image":{"@id":"https:\/\/kbbm.be\/de\/forest-shop\/les-resineux-2\/#primaryimage"},"thumbnailUrl":"https:\/\/srfb.be\/wp-content\/uploads\/2020\/03\/R\u00e9sineux-tome-II.jpg","datePublished":"2020-03-20T14:11:51+00:00","dateModified":"2026-03-03T15:57:13+00:00","description":"With its clear text and exceptional iconography, this book will enable the general public to discover the true face of softwoods.","breadcrumb":{"@id":"https:\/\/kbbm.be\/de\/forest-shop\/les-resineux-2\/#breadcrumb"},"inLanguage":"en-GB","potentialAction":[{"@type":"ReadAction","target":["https:\/\/kbbm.be\/de\/forest-shop\/les-resineux-2\/"]}]},{"@type":"ImageObject","inLanguage":"en-GB","@id":"https:\/\/kbbm.be\/de\/forest-shop\/les-resineux-2\/#primaryimage","url":"https:\/\/srfb.be\/wp-content\/uploads\/2020\/03\/R\u00e9sineux-tome-II.jpg","contentUrl":"https:\/\/srfb.be\/wp-content\/uploads\/2020\/03\/R\u00e9sineux-tome-II.jpg","width":930,"height":1366},{"@type":"BreadcrumbList","@id":"https:\/\/kbbm.be\/de\/forest-shop\/les-resineux-2\/#breadcrumb","itemListElement":[{"@type":"ListItem","position":1,"name":"Accueil","item":"https:\/\/kbbm.be\/de\/"},{"@type":"ListItem","position":2,"name":"Producten","item":"https:\/\/kbbm.be\/nl\/shop\/"},{"@type":"ListItem","position":3,"name":"Les r\u00e9sineux &#8211; Tome 2 : \u00e9cologie et pathologie"}]},{"@type":"WebSite","@id":"https:\/\/kbbm.be\/de\/#website","url":"https:\/\/kbbm.be\/de\/","name":"Royal Forestry Society of Belgium","description":"Serving forests and foresters","publisher":{"@id":"https:\/\/kbbm.be\/de\/#organization"},"alternateName":"SRFB-KBBM","potentialAction":[{"@type":"SearchAction","target":{"@type":"EntryPoint","urlTemplate":"https:\/\/kbbm.be\/de\/?s={search_term_string}"},"query-input":{"@type":"PropertyValueSpecification","valueRequired":true,"valueName":"search_term_string"}}],"inLanguage":"en-GB"},{"@type":"Organization","@id":"https:\/\/kbbm.be\/de\/#organization","name":"Soci\u00e9t\u00e9 Royale Foresti\u00e8re De Belgique - Koninklijke Belgische Bosbouwmaatschappij","alternateName":"SRFB-KBBM","url":"https:\/\/kbbm.be\/de\/","logo":{"@type":"ImageObject","inLanguage":"en-GB","@id":"https:\/\/kbbm.be\/de\/#\/schema\/logo\/image\/","url":"https:\/\/srfb.be\/wp-content\/uploads\/2019\/06\/android-chrome-256x256.png","contentUrl":"https:\/\/srfb.be\/wp-content\/uploads\/2019\/06\/android-chrome-256x256.png","width":1200,"height":1232,"caption":"Soci\u00e9t\u00e9 Royale Foresti\u00e8re De Belgique - Koninklijke Belgische Bosbouwmaatschappij"},"image":{"@id":"https:\/\/kbbm.be\/de\/#\/schema\/logo\/image\/"},"sameAs":["https:\/\/www.facebook.com\/srfb.be","https:\/\/www.instagram.com\/srfb_kbbm\/","https:\/\/www.linkedin.com\/company\/srfb-kbbm\/","https:\/\/www.youtube.com\/user\/srfbkbbm"]}]}},"_links":{"self":[{"href":"https:\/\/srfb.be\/en\/wp-json\/wp\/v2\/product\/10941","targetHints":{"allow":["GET"]}}],"collection":[{"href":"https:\/\/srfb.be\/en\/wp-json\/wp\/v2\/product"}],"about":[{"href":"https:\/\/srfb.be\/en\/wp-json\/wp\/v2\/types\/product"}],"replies":[{"embeddable":true,"href":"https:\/\/srfb.be\/en\/wp-json\/wp\/v2\/comments?post=10941"}],"wp:featuredmedia":[{"embeddable":true,"href":"https:\/\/srfb.be\/en\/wp-json\/wp\/v2\/media\/10942"}],"wp:attachment":[{"href":"https:\/\/srfb.be\/en\/wp-json\/wp\/v2\/media?parent=10941"}],"wp:term":[{"taxonomy":"product_brand","embeddable":true,"href":"https:\/\/srfb.be\/en\/wp-json\/wp\/v2\/product_brand?post=10941"},{"taxonomy":"product_cat","embeddable":true,"href":"https:\/\/srfb.be\/en\/wp-json\/wp\/v2\/product_cat?post=10941"},{"taxonomy":"product_tag","embeddable":true,"href":"https:\/\/srfb.be\/en\/wp-json\/wp\/v2\/product_tag?post=10941"}],"curies":[{"name":"wp","href":"https:\/\/api.w.org\/{rel}","templated":true}]}}