{"id":10933,"date":"2020-03-20T15:07:58","date_gmt":"2020-03-20T14:07:58","guid":{"rendered":"https:\/\/new.srfb.be\/?post_type=product&#038;p=10933"},"modified":"2026-03-03T16:55:24","modified_gmt":"2026-03-03T15:55:24","slug":"les-racines-face-cachee-des-arbres","status":"publish","type":"product","link":"https:\/\/srfb.be\/en\/forest-shop\/les-racines-face-cachee-des-arbres\/","title":{"rendered":"Roots, the hidden face of trees"},"content":{"rendered":"","protected":false},"excerpt":{"rendered":"<p>So different from stems, tree roots have the reputation of being extremely difficult to study and therefore to understand. Yet, contrary to popular belief, researchers and practitioners interested in roots are not disappearing in France. Twelve specialists have come together to produce this lively and comprehensive summary of their work.<br \/>\nattractive on that other half of the trees!<br \/>\n24 x 16 cm, 336 pages<\/p>\n<p>Authors :\u00a0<strong>Christophe Dr\u00e9nou<\/strong><br \/>\nPublisher:\u00a0<strong>Institute for Forestry Development<\/strong><\/p>","protected":false},"featured_media":10934,"comment_status":"open","ping_status":"closed","template":"","meta":{"iawp_total_views":74},"product_brand":[],"product_cat":[314],"product_tag":[],"class_list":{"0":"post-10933","1":"product","2":"type-product","3":"status-publish","4":"has-post-thumbnail","6":"product_cat-sylviculture","8":"first","9":"instock","10":"shipping-taxable","11":"purchasable","12":"product-type-simple"},"yoast_head":"<!-- This site is optimized with the Yoast SEO plugin v27.4 - https:\/\/yoast.com\/product\/yoast-seo-wordpress\/ -->\n<title>Les racines, face cach\u00e9e des arbres - SRFB<\/title>\n<meta name=\"description\" content=\"Si diff\u00e9rentes des tiges, les racines des arbres ont la r\u00e9putation d\u2019\u00eatre excessivement difficiles \u00e0 \u00e9tudier et donc \u00e0 comprendre.\" \/>\n<meta name=\"robots\" content=\"index, follow, max-snippet:-1, max-image-preview:large, max-video-preview:-1\" \/>\n<link rel=\"canonical\" href=\"https:\/\/kbbm.be\/nl\/forest-shop\/les-racines-face-cachee-des-arbres\/\" \/>\n<meta property=\"og:locale\" content=\"en_GB\" \/>\n<meta property=\"og:type\" content=\"article\" \/>\n<meta property=\"og:title\" content=\"Les racines, face cach\u00e9e des arbres - SRFB\" \/>\n<meta property=\"og:description\" content=\"Si diff\u00e9rentes des tiges, les racines des arbres ont la r\u00e9putation d\u2019\u00eatre excessivement difficiles \u00e0 \u00e9tudier et donc \u00e0 comprendre.\" \/>\n<meta property=\"og:url\" content=\"https:\/\/kbbm.be\/nl\/forest-shop\/les-racines-face-cachee-des-arbres\/\" \/>\n<meta property=\"og:site_name\" content=\"Soci\u00e9t\u00e9 Royale Foresti\u00e8re de Belgique\" \/>\n<meta property=\"article:publisher\" content=\"https:\/\/www.facebook.com\/srfb.be\" \/>\n<meta property=\"article:modified_time\" content=\"2026-03-03T15:55:24+00:00\" \/>\n<meta property=\"og:image\" content=\"https:\/\/kbbm.be\/wp-content\/uploads\/2020\/03\/Les-racines-scaled.jpg\" \/>\n\t<meta property=\"og:image:width\" content=\"1149\" \/>\n\t<meta property=\"og:image:height\" content=\"1700\" \/>\n\t<meta property=\"og:image:type\" content=\"image\/jpeg\" \/>\n<script type=\"application\/ld+json\" class=\"yoast-schema-graph\">{\"@context\":\"https:\\\/\\\/schema.org\",\"@graph\":[{\"@type\":\"WebPage\",\"@id\":\"https:\\\/\\\/kbbm.be\\\/nl\\\/forest-shop\\\/les-racines-face-cachee-des-arbres\\\/\",\"url\":\"https:\\\/\\\/kbbm.be\\\/nl\\\/forest-shop\\\/les-racines-face-cachee-des-arbres\\\/\",\"name\":\"Les racines, face cach\u00e9e des arbres - SRFB\",\"isPartOf\":{\"@id\":\"https:\\\/\\\/kbbm.be\\\/de\\\/#website\"},\"primaryImageOfPage\":{\"@id\":\"https:\\\/\\\/kbbm.be\\\/nl\\\/forest-shop\\\/les-racines-face-cachee-des-arbres\\\/#primaryimage\"},\"image\":{\"@id\":\"https:\\\/\\\/kbbm.be\\\/nl\\\/forest-shop\\\/les-racines-face-cachee-des-arbres\\\/#primaryimage\"},\"thumbnailUrl\":\"https:\\\/\\\/srfb.be\\\/wp-content\\\/uploads\\\/2020\\\/03\\\/Les-racines-scaled.jpg\",\"datePublished\":\"2020-03-20T14:07:58+00:00\",\"dateModified\":\"2026-03-03T15:55:24+00:00\",\"description\":\"Si diff\u00e9rentes des tiges, les racines des arbres ont la r\u00e9putation d\u2019\u00eatre excessivement difficiles \u00e0 \u00e9tudier et donc \u00e0 comprendre.\",\"breadcrumb\":{\"@id\":\"https:\\\/\\\/kbbm.be\\\/nl\\\/forest-shop\\\/les-racines-face-cachee-des-arbres\\\/#breadcrumb\"},\"inLanguage\":\"en-GB\",\"potentialAction\":[{\"@type\":\"ReadAction\",\"target\":[\"https:\\\/\\\/kbbm.be\\\/nl\\\/forest-shop\\\/les-racines-face-cachee-des-arbres\\\/\"]}]},{\"@type\":\"ImageObject\",\"inLanguage\":\"en-GB\",\"@id\":\"https:\\\/\\\/kbbm.be\\\/nl\\\/forest-shop\\\/les-racines-face-cachee-des-arbres\\\/#primaryimage\",\"url\":\"https:\\\/\\\/srfb.be\\\/wp-content\\\/uploads\\\/2020\\\/03\\\/Les-racines-scaled.jpg\",\"contentUrl\":\"https:\\\/\\\/srfb.be\\\/wp-content\\\/uploads\\\/2020\\\/03\\\/Les-racines-scaled.jpg\",\"width\":1149,\"height\":1700},{\"@type\":\"BreadcrumbList\",\"@id\":\"https:\\\/\\\/kbbm.be\\\/nl\\\/forest-shop\\\/les-racines-face-cachee-des-arbres\\\/#breadcrumb\",\"itemListElement\":[{\"@type\":\"ListItem\",\"position\":1,\"name\":\"Accueil\",\"item\":\"https:\\\/\\\/kbbm.be\\\/de\\\/\"},{\"@type\":\"ListItem\",\"position\":2,\"name\":\"Producten\",\"item\":\"https:\\\/\\\/kbbm.be\\\/nl\\\/shop\\\/\"},{\"@type\":\"ListItem\",\"position\":3,\"name\":\"Les racines, face cach\u00e9e des arbres\"}]},{\"@type\":\"WebSite\",\"@id\":\"https:\\\/\\\/kbbm.be\\\/de\\\/#website\",\"url\":\"https:\\\/\\\/kbbm.be\\\/de\\\/\",\"name\":\"Soci\u00e9t\u00e9 Royale Foresti\u00e8re de Belgique\",\"description\":\"Au service de la for\u00eat et des forestiers\",\"publisher\":{\"@id\":\"https:\\\/\\\/kbbm.be\\\/de\\\/#organization\"},\"alternateName\":\"SRFB-KBBM\",\"potentialAction\":[{\"@type\":\"SearchAction\",\"target\":{\"@type\":\"EntryPoint\",\"urlTemplate\":\"https:\\\/\\\/kbbm.be\\\/de\\\/?s={search_term_string}\"},\"query-input\":{\"@type\":\"PropertyValueSpecification\",\"valueRequired\":true,\"valueName\":\"search_term_string\"}}],\"inLanguage\":\"en-GB\"},{\"@type\":\"Organization\",\"@id\":\"https:\\\/\\\/kbbm.be\\\/de\\\/#organization\",\"name\":\"Soci\u00e9t\u00e9 Royale Foresti\u00e8re De Belgique - Koninklijke Belgische Bosbouwmaatschappij\",\"alternateName\":\"SRFB-KBBM\",\"url\":\"https:\\\/\\\/kbbm.be\\\/de\\\/\",\"logo\":{\"@type\":\"ImageObject\",\"inLanguage\":\"en-GB\",\"@id\":\"https:\\\/\\\/kbbm.be\\\/de\\\/#\\\/schema\\\/logo\\\/image\\\/\",\"url\":\"https:\\\/\\\/srfb.be\\\/wp-content\\\/uploads\\\/2019\\\/06\\\/android-chrome-256x256.png\",\"contentUrl\":\"https:\\\/\\\/srfb.be\\\/wp-content\\\/uploads\\\/2019\\\/06\\\/android-chrome-256x256.png\",\"width\":1200,\"height\":1232,\"caption\":\"Soci\u00e9t\u00e9 Royale Foresti\u00e8re De Belgique - Koninklijke Belgische Bosbouwmaatschappij\"},\"image\":{\"@id\":\"https:\\\/\\\/kbbm.be\\\/de\\\/#\\\/schema\\\/logo\\\/image\\\/\"},\"sameAs\":[\"https:\\\/\\\/www.facebook.com\\\/srfb.be\",\"https:\\\/\\\/www.instagram.com\\\/srfb_kbbm\\\/\",\"https:\\\/\\\/www.linkedin.com\\\/company\\\/srfb-kbbm\\\/\",\"https:\\\/\\\/www.youtube.com\\\/user\\\/srfbkbbm\"]}]}<\/script>\n<!-- \/ Yoast SEO plugin. -->","yoast_head_json":{"title":"Roots, the hidden face of trees - SRFB","description":"So different from stems, tree roots have the reputation of being extremely difficult to study and therefore to understand.","robots":{"index":"index","follow":"follow","max-snippet":"max-snippet:-1","max-image-preview":"max-image-preview:large","max-video-preview":"max-video-preview:-1"},"canonical":"https:\/\/kbbm.be\/nl\/forest-shop\/les-racines-face-cachee-des-arbres\/","og_locale":"en_GB","og_type":"article","og_title":"Les racines, face cach\u00e9e des arbres - SRFB","og_description":"Si diff\u00e9rentes des tiges, les racines des arbres ont la r\u00e9putation d\u2019\u00eatre excessivement difficiles \u00e0 \u00e9tudier et donc \u00e0 comprendre.","og_url":"https:\/\/kbbm.be\/nl\/forest-shop\/les-racines-face-cachee-des-arbres\/","og_site_name":"Soci\u00e9t\u00e9 Royale Foresti\u00e8re de Belgique","article_publisher":"https:\/\/www.facebook.com\/srfb.be","article_modified_time":"2026-03-03T15:55:24+00:00","og_image":[{"width":1149,"height":1700,"url":"https:\/\/kbbm.be\/wp-content\/uploads\/2020\/03\/Les-racines-scaled.jpg","type":"image\/jpeg"}],"schema":{"@context":"https:\/\/schema.org","@graph":[{"@type":"WebPage","@id":"https:\/\/kbbm.be\/nl\/forest-shop\/les-racines-face-cachee-des-arbres\/","url":"https:\/\/kbbm.be\/nl\/forest-shop\/les-racines-face-cachee-des-arbres\/","name":"Roots, the hidden face of trees - SRFB","isPartOf":{"@id":"https:\/\/kbbm.be\/de\/#website"},"primaryImageOfPage":{"@id":"https:\/\/kbbm.be\/nl\/forest-shop\/les-racines-face-cachee-des-arbres\/#primaryimage"},"image":{"@id":"https:\/\/kbbm.be\/nl\/forest-shop\/les-racines-face-cachee-des-arbres\/#primaryimage"},"thumbnailUrl":"https:\/\/srfb.be\/wp-content\/uploads\/2020\/03\/Les-racines-scaled.jpg","datePublished":"2020-03-20T14:07:58+00:00","dateModified":"2026-03-03T15:55:24+00:00","description":"So different from stems, tree roots have the reputation of being extremely difficult to study and therefore to understand.","breadcrumb":{"@id":"https:\/\/kbbm.be\/nl\/forest-shop\/les-racines-face-cachee-des-arbres\/#breadcrumb"},"inLanguage":"en-GB","potentialAction":[{"@type":"ReadAction","target":["https:\/\/kbbm.be\/nl\/forest-shop\/les-racines-face-cachee-des-arbres\/"]}]},{"@type":"ImageObject","inLanguage":"en-GB","@id":"https:\/\/kbbm.be\/nl\/forest-shop\/les-racines-face-cachee-des-arbres\/#primaryimage","url":"https:\/\/srfb.be\/wp-content\/uploads\/2020\/03\/Les-racines-scaled.jpg","contentUrl":"https:\/\/srfb.be\/wp-content\/uploads\/2020\/03\/Les-racines-scaled.jpg","width":1149,"height":1700},{"@type":"BreadcrumbList","@id":"https:\/\/kbbm.be\/nl\/forest-shop\/les-racines-face-cachee-des-arbres\/#breadcrumb","itemListElement":[{"@type":"ListItem","position":1,"name":"Accueil","item":"https:\/\/kbbm.be\/de\/"},{"@type":"ListItem","position":2,"name":"Producten","item":"https:\/\/kbbm.be\/nl\/shop\/"},{"@type":"ListItem","position":3,"name":"Les racines, face cach\u00e9e des arbres"}]},{"@type":"WebSite","@id":"https:\/\/kbbm.be\/de\/#website","url":"https:\/\/kbbm.be\/de\/","name":"Royal Forestry Society of Belgium","description":"Serving forests and foresters","publisher":{"@id":"https:\/\/kbbm.be\/de\/#organization"},"alternateName":"SRFB-KBBM","potentialAction":[{"@type":"SearchAction","target":{"@type":"EntryPoint","urlTemplate":"https:\/\/kbbm.be\/de\/?s={search_term_string}"},"query-input":{"@type":"PropertyValueSpecification","valueRequired":true,"valueName":"search_term_string"}}],"inLanguage":"en-GB"},{"@type":"Organization","@id":"https:\/\/kbbm.be\/de\/#organization","name":"Soci\u00e9t\u00e9 Royale Foresti\u00e8re De Belgique - Koninklijke Belgische Bosbouwmaatschappij","alternateName":"SRFB-KBBM","url":"https:\/\/kbbm.be\/de\/","logo":{"@type":"ImageObject","inLanguage":"en-GB","@id":"https:\/\/kbbm.be\/de\/#\/schema\/logo\/image\/","url":"https:\/\/srfb.be\/wp-content\/uploads\/2019\/06\/android-chrome-256x256.png","contentUrl":"https:\/\/srfb.be\/wp-content\/uploads\/2019\/06\/android-chrome-256x256.png","width":1200,"height":1232,"caption":"Soci\u00e9t\u00e9 Royale Foresti\u00e8re De Belgique - Koninklijke Belgische Bosbouwmaatschappij"},"image":{"@id":"https:\/\/kbbm.be\/de\/#\/schema\/logo\/image\/"},"sameAs":["https:\/\/www.facebook.com\/srfb.be","https:\/\/www.instagram.com\/srfb_kbbm\/","https:\/\/www.linkedin.com\/company\/srfb-kbbm\/","https:\/\/www.youtube.com\/user\/srfbkbbm"]}]}},"_links":{"self":[{"href":"https:\/\/srfb.be\/en\/wp-json\/wp\/v2\/product\/10933","targetHints":{"allow":["GET"]}}],"collection":[{"href":"https:\/\/srfb.be\/en\/wp-json\/wp\/v2\/product"}],"about":[{"href":"https:\/\/srfb.be\/en\/wp-json\/wp\/v2\/types\/product"}],"replies":[{"embeddable":true,"href":"https:\/\/srfb.be\/en\/wp-json\/wp\/v2\/comments?post=10933"}],"wp:featuredmedia":[{"embeddable":true,"href":"https:\/\/srfb.be\/en\/wp-json\/wp\/v2\/media\/10934"}],"wp:attachment":[{"href":"https:\/\/srfb.be\/en\/wp-json\/wp\/v2\/media?parent=10933"}],"wp:term":[{"taxonomy":"product_brand","embeddable":true,"href":"https:\/\/srfb.be\/en\/wp-json\/wp\/v2\/product_brand?post=10933"},{"taxonomy":"product_cat","embeddable":true,"href":"https:\/\/srfb.be\/en\/wp-json\/wp\/v2\/product_cat?post=10933"},{"taxonomy":"product_tag","embeddable":true,"href":"https:\/\/srfb.be\/en\/wp-json\/wp\/v2\/product_tag?post=10933"}],"curies":[{"name":"wp","href":"https:\/\/api.w.org\/{rel}","templated":true}]}}