{"id":10854,"date":"2020-03-20T14:28:41","date_gmt":"2020-03-20T14:28:41","guid":{"rendered":"https:\/\/new.srfb.be\/?post_type=product&#038;p=10854"},"modified":"2026-03-03T16:53:19","modified_gmt":"2026-03-03T15:53:19","slug":"au-jardin-des-plantes-de-la-bible","status":"publish","type":"product","link":"https:\/\/srfb.be\/en\/forest-shop\/au-jardin-des-plantes-de-la-bible\/","title":{"rendered":"In the plant garden of the Bible"},"content":{"rendered":"","protected":false},"excerpt":{"rendered":"<p>Botany, symbols and uses<br \/>\nThis book pays tribute to plants by explaining their \"agronomic\" or craft value, but also their symbolic value, through the prism of the species mentioned in the Bible. The 110 species are classified by type and feature exceptional iconography (photos and drawings).<br \/>\n16 x 24 cm, 416 pages<\/p>\n<p>Author: <strong>Jean Paquereau<br \/>\n<\/strong>Contributions :<strong> Bernard Fleury &amp; Jean Adnet<\/strong><\/p>","protected":false},"featured_media":10855,"comment_status":"open","ping_status":"closed","template":"","meta":{"iawp_total_views":55},"product_brand":[],"product_cat":[691,690],"product_tag":[],"class_list":{"0":"post-10854","1":"product","2":"type-product","3":"status-publish","4":"has-post-thumbnail","6":"product_cat-biodiversite","7":"product_cat-livres-illustres","9":"first","10":"instock","11":"shipping-taxable","12":"purchasable","13":"product-type-simple"},"yoast_head":"<!-- This site is optimized with the Yoast SEO plugin v27.3 - https:\/\/yoast.com\/product\/yoast-seo-wordpress\/ -->\n<title>Au jardin des plantes de la Bible - Soci\u00e9t\u00e9 Royale Foresti\u00e8re de Belgique<\/title>\n<meta name=\"robots\" content=\"index, follow, max-snippet:-1, max-image-preview:large, max-video-preview:-1\" \/>\n<link rel=\"canonical\" href=\"https:\/\/kbbm.be\/en\/forest-shop\/au-jardin-des-plantes-de-la-bible\/\" \/>\n<meta property=\"og:locale\" content=\"en_GB\" \/>\n<meta property=\"og:type\" content=\"article\" \/>\n<meta property=\"og:title\" content=\"Au jardin des plantes de la Bible - Soci\u00e9t\u00e9 Royale Foresti\u00e8re de Belgique\" \/>\n<meta property=\"og:description\" content=\"Botanique, symboles et usages Cet ouvrage rend hommage aux plantes en expliquant leur valeur \u00ab agronomique \u00bb ou artisanale ; mais aussi symbolique, par le prisme des esp\u00e8ces cit\u00e9es dans la Bible. Les 110 esp\u00e8ces sont class\u00e9es par types et b\u00e9n\u00e9ficient d\u2019une iconographie exceptionnelle (photos et dessins). 16 x 24 cm, 416 pages  Auteur : Jean Paquereau Contributions : Bernard Fleury &amp; Jean Adnet\" \/>\n<meta property=\"og:url\" content=\"https:\/\/kbbm.be\/en\/forest-shop\/au-jardin-des-plantes-de-la-bible\/\" \/>\n<meta property=\"og:site_name\" content=\"Soci\u00e9t\u00e9 Royale Foresti\u00e8re de Belgique\" \/>\n<meta property=\"article:publisher\" content=\"https:\/\/www.facebook.com\/srfb.be\" \/>\n<meta property=\"article:modified_time\" content=\"2026-03-03T15:53:19+00:00\" \/>\n<meta property=\"og:image\" content=\"https:\/\/kbbm.be\/wp-content\/uploads\/2020\/03\/au-jardin-des-plantes-scaled.jpg\" \/>\n\t<meta property=\"og:image:width\" content=\"1361\" \/>\n\t<meta property=\"og:image:height\" content=\"1700\" \/>\n\t<meta property=\"og:image:type\" content=\"image\/jpeg\" \/>\n<script type=\"application\/ld+json\" class=\"yoast-schema-graph\">{\"@context\":\"https:\\\/\\\/schema.org\",\"@graph\":[{\"@type\":\"WebPage\",\"@id\":\"https:\\\/\\\/kbbm.be\\\/en\\\/forest-shop\\\/au-jardin-des-plantes-de-la-bible\\\/\",\"url\":\"https:\\\/\\\/kbbm.be\\\/en\\\/forest-shop\\\/au-jardin-des-plantes-de-la-bible\\\/\",\"name\":\"Au jardin des plantes de la Bible - Soci\u00e9t\u00e9 Royale Foresti\u00e8re de Belgique\",\"isPartOf\":{\"@id\":\"https:\\\/\\\/kbbm.be\\\/de\\\/#website\"},\"primaryImageOfPage\":{\"@id\":\"https:\\\/\\\/kbbm.be\\\/en\\\/forest-shop\\\/au-jardin-des-plantes-de-la-bible\\\/#primaryimage\"},\"image\":{\"@id\":\"https:\\\/\\\/kbbm.be\\\/en\\\/forest-shop\\\/au-jardin-des-plantes-de-la-bible\\\/#primaryimage\"},\"thumbnailUrl\":\"https:\\\/\\\/srfb.be\\\/wp-content\\\/uploads\\\/2020\\\/03\\\/au-jardin-des-plantes-scaled.jpg\",\"datePublished\":\"2020-03-20T14:28:41+00:00\",\"dateModified\":\"2026-03-03T15:53:19+00:00\",\"breadcrumb\":{\"@id\":\"https:\\\/\\\/kbbm.be\\\/en\\\/forest-shop\\\/au-jardin-des-plantes-de-la-bible\\\/#breadcrumb\"},\"inLanguage\":\"en-GB\",\"potentialAction\":[{\"@type\":\"ReadAction\",\"target\":[\"https:\\\/\\\/kbbm.be\\\/en\\\/forest-shop\\\/au-jardin-des-plantes-de-la-bible\\\/\"]}]},{\"@type\":\"ImageObject\",\"inLanguage\":\"en-GB\",\"@id\":\"https:\\\/\\\/kbbm.be\\\/en\\\/forest-shop\\\/au-jardin-des-plantes-de-la-bible\\\/#primaryimage\",\"url\":\"https:\\\/\\\/srfb.be\\\/wp-content\\\/uploads\\\/2020\\\/03\\\/au-jardin-des-plantes-scaled.jpg\",\"contentUrl\":\"https:\\\/\\\/srfb.be\\\/wp-content\\\/uploads\\\/2020\\\/03\\\/au-jardin-des-plantes-scaled.jpg\",\"width\":1361,\"height\":1700},{\"@type\":\"BreadcrumbList\",\"@id\":\"https:\\\/\\\/kbbm.be\\\/en\\\/forest-shop\\\/au-jardin-des-plantes-de-la-bible\\\/#breadcrumb\",\"itemListElement\":[{\"@type\":\"ListItem\",\"position\":1,\"name\":\"Accueil\",\"item\":\"https:\\\/\\\/kbbm.be\\\/de\\\/\"},{\"@type\":\"ListItem\",\"position\":2,\"name\":\"Producten\",\"item\":\"https:\\\/\\\/kbbm.be\\\/nl\\\/shop\\\/\"},{\"@type\":\"ListItem\",\"position\":3,\"name\":\"Au jardin des plantes de la Bible\"}]},{\"@type\":\"WebSite\",\"@id\":\"https:\\\/\\\/kbbm.be\\\/de\\\/#website\",\"url\":\"https:\\\/\\\/kbbm.be\\\/de\\\/\",\"name\":\"Soci\u00e9t\u00e9 Royale Foresti\u00e8re de Belgique\",\"description\":\"Au service de la for\u00eat et des forestiers\",\"publisher\":{\"@id\":\"https:\\\/\\\/kbbm.be\\\/de\\\/#organization\"},\"alternateName\":\"SRFB-KBBM\",\"potentialAction\":[{\"@type\":\"SearchAction\",\"target\":{\"@type\":\"EntryPoint\",\"urlTemplate\":\"https:\\\/\\\/kbbm.be\\\/de\\\/?s={search_term_string}\"},\"query-input\":{\"@type\":\"PropertyValueSpecification\",\"valueRequired\":true,\"valueName\":\"search_term_string\"}}],\"inLanguage\":\"en-GB\"},{\"@type\":\"Organization\",\"@id\":\"https:\\\/\\\/kbbm.be\\\/de\\\/#organization\",\"name\":\"Soci\u00e9t\u00e9 Royale Foresti\u00e8re De Belgique - Koninklijke Belgische Bosbouwmaatschappij\",\"alternateName\":\"SRFB-KBBM\",\"url\":\"https:\\\/\\\/kbbm.be\\\/de\\\/\",\"logo\":{\"@type\":\"ImageObject\",\"inLanguage\":\"en-GB\",\"@id\":\"https:\\\/\\\/kbbm.be\\\/de\\\/#\\\/schema\\\/logo\\\/image\\\/\",\"url\":\"https:\\\/\\\/srfb.be\\\/wp-content\\\/uploads\\\/2019\\\/06\\\/android-chrome-256x256.png\",\"contentUrl\":\"https:\\\/\\\/srfb.be\\\/wp-content\\\/uploads\\\/2019\\\/06\\\/android-chrome-256x256.png\",\"width\":1200,\"height\":1232,\"caption\":\"Soci\u00e9t\u00e9 Royale Foresti\u00e8re De Belgique - Koninklijke Belgische Bosbouwmaatschappij\"},\"image\":{\"@id\":\"https:\\\/\\\/kbbm.be\\\/de\\\/#\\\/schema\\\/logo\\\/image\\\/\"},\"sameAs\":[\"https:\\\/\\\/www.facebook.com\\\/srfb.be\",\"https:\\\/\\\/www.instagram.com\\\/srfb_kbbm\\\/\",\"https:\\\/\\\/www.linkedin.com\\\/company\\\/srfb-kbbm\\\/\",\"https:\\\/\\\/www.youtube.com\\\/user\\\/srfbkbbm\"]}]}<\/script>\n<!-- \/ Yoast SEO plugin. -->","yoast_head_json":{"title":"In the garden of the plants of the Bible - Royal Forestry Society of Belgium","robots":{"index":"index","follow":"follow","max-snippet":"max-snippet:-1","max-image-preview":"max-image-preview:large","max-video-preview":"max-video-preview:-1"},"canonical":"https:\/\/kbbm.be\/en\/forest-shop\/au-jardin-des-plantes-de-la-bible\/","og_locale":"en_GB","og_type":"article","og_title":"Au jardin des plantes de la Bible - Soci\u00e9t\u00e9 Royale Foresti\u00e8re de Belgique","og_description":"Botanique, symboles et usages Cet ouvrage rend hommage aux plantes en expliquant leur valeur \u00ab agronomique \u00bb ou artisanale ; mais aussi symbolique, par le prisme des esp\u00e8ces cit\u00e9es dans la Bible. Les 110 esp\u00e8ces sont class\u00e9es par types et b\u00e9n\u00e9ficient d\u2019une iconographie exceptionnelle (photos et dessins). 16 x 24 cm, 416 pages  Auteur : Jean Paquereau Contributions : Bernard Fleury &amp; Jean Adnet","og_url":"https:\/\/kbbm.be\/en\/forest-shop\/au-jardin-des-plantes-de-la-bible\/","og_site_name":"Soci\u00e9t\u00e9 Royale Foresti\u00e8re de Belgique","article_publisher":"https:\/\/www.facebook.com\/srfb.be","article_modified_time":"2026-03-03T15:53:19+00:00","og_image":[{"width":1361,"height":1700,"url":"https:\/\/kbbm.be\/wp-content\/uploads\/2020\/03\/au-jardin-des-plantes-scaled.jpg","type":"image\/jpeg"}],"schema":{"@context":"https:\/\/schema.org","@graph":[{"@type":"WebPage","@id":"https:\/\/kbbm.be\/en\/forest-shop\/au-jardin-des-plantes-de-la-bible\/","url":"https:\/\/kbbm.be\/en\/forest-shop\/au-jardin-des-plantes-de-la-bible\/","name":"In the garden of the plants of the Bible - Royal Forestry Society of Belgium","isPartOf":{"@id":"https:\/\/kbbm.be\/de\/#website"},"primaryImageOfPage":{"@id":"https:\/\/kbbm.be\/en\/forest-shop\/au-jardin-des-plantes-de-la-bible\/#primaryimage"},"image":{"@id":"https:\/\/kbbm.be\/en\/forest-shop\/au-jardin-des-plantes-de-la-bible\/#primaryimage"},"thumbnailUrl":"https:\/\/srfb.be\/wp-content\/uploads\/2020\/03\/au-jardin-des-plantes-scaled.jpg","datePublished":"2020-03-20T14:28:41+00:00","dateModified":"2026-03-03T15:53:19+00:00","breadcrumb":{"@id":"https:\/\/kbbm.be\/en\/forest-shop\/au-jardin-des-plantes-de-la-bible\/#breadcrumb"},"inLanguage":"en-GB","potentialAction":[{"@type":"ReadAction","target":["https:\/\/kbbm.be\/en\/forest-shop\/au-jardin-des-plantes-de-la-bible\/"]}]},{"@type":"ImageObject","inLanguage":"en-GB","@id":"https:\/\/kbbm.be\/en\/forest-shop\/au-jardin-des-plantes-de-la-bible\/#primaryimage","url":"https:\/\/srfb.be\/wp-content\/uploads\/2020\/03\/au-jardin-des-plantes-scaled.jpg","contentUrl":"https:\/\/srfb.be\/wp-content\/uploads\/2020\/03\/au-jardin-des-plantes-scaled.jpg","width":1361,"height":1700},{"@type":"BreadcrumbList","@id":"https:\/\/kbbm.be\/en\/forest-shop\/au-jardin-des-plantes-de-la-bible\/#breadcrumb","itemListElement":[{"@type":"ListItem","position":1,"name":"Accueil","item":"https:\/\/kbbm.be\/de\/"},{"@type":"ListItem","position":2,"name":"Producten","item":"https:\/\/kbbm.be\/nl\/shop\/"},{"@type":"ListItem","position":3,"name":"Au jardin des plantes de la Bible"}]},{"@type":"WebSite","@id":"https:\/\/kbbm.be\/de\/#website","url":"https:\/\/kbbm.be\/de\/","name":"Royal Forestry Society of Belgium","description":"Serving forests and foresters","publisher":{"@id":"https:\/\/kbbm.be\/de\/#organization"},"alternateName":"SRFB-KBBM","potentialAction":[{"@type":"SearchAction","target":{"@type":"EntryPoint","urlTemplate":"https:\/\/kbbm.be\/de\/?s={search_term_string}"},"query-input":{"@type":"PropertyValueSpecification","valueRequired":true,"valueName":"search_term_string"}}],"inLanguage":"en-GB"},{"@type":"Organization","@id":"https:\/\/kbbm.be\/de\/#organization","name":"Soci\u00e9t\u00e9 Royale Foresti\u00e8re De Belgique - Koninklijke Belgische Bosbouwmaatschappij","alternateName":"SRFB-KBBM","url":"https:\/\/kbbm.be\/de\/","logo":{"@type":"ImageObject","inLanguage":"en-GB","@id":"https:\/\/kbbm.be\/de\/#\/schema\/logo\/image\/","url":"https:\/\/srfb.be\/wp-content\/uploads\/2019\/06\/android-chrome-256x256.png","contentUrl":"https:\/\/srfb.be\/wp-content\/uploads\/2019\/06\/android-chrome-256x256.png","width":1200,"height":1232,"caption":"Soci\u00e9t\u00e9 Royale Foresti\u00e8re De Belgique - Koninklijke Belgische Bosbouwmaatschappij"},"image":{"@id":"https:\/\/kbbm.be\/de\/#\/schema\/logo\/image\/"},"sameAs":["https:\/\/www.facebook.com\/srfb.be","https:\/\/www.instagram.com\/srfb_kbbm\/","https:\/\/www.linkedin.com\/company\/srfb-kbbm\/","https:\/\/www.youtube.com\/user\/srfbkbbm"]}]}},"_links":{"self":[{"href":"https:\/\/srfb.be\/en\/wp-json\/wp\/v2\/product\/10854","targetHints":{"allow":["GET"]}}],"collection":[{"href":"https:\/\/srfb.be\/en\/wp-json\/wp\/v2\/product"}],"about":[{"href":"https:\/\/srfb.be\/en\/wp-json\/wp\/v2\/types\/product"}],"replies":[{"embeddable":true,"href":"https:\/\/srfb.be\/en\/wp-json\/wp\/v2\/comments?post=10854"}],"wp:featuredmedia":[{"embeddable":true,"href":"https:\/\/srfb.be\/en\/wp-json\/wp\/v2\/media\/10855"}],"wp:attachment":[{"href":"https:\/\/srfb.be\/en\/wp-json\/wp\/v2\/media?parent=10854"}],"wp:term":[{"taxonomy":"product_brand","embeddable":true,"href":"https:\/\/srfb.be\/en\/wp-json\/wp\/v2\/product_brand?post=10854"},{"taxonomy":"product_cat","embeddable":true,"href":"https:\/\/srfb.be\/en\/wp-json\/wp\/v2\/product_cat?post=10854"},{"taxonomy":"product_tag","embeddable":true,"href":"https:\/\/srfb.be\/en\/wp-json\/wp\/v2\/product_tag?post=10854"}],"curies":[{"name":"wp","href":"https:\/\/api.w.org\/{rel}","templated":true}]}}