{"id":10846,"date":"2020-03-20T14:24:22","date_gmt":"2020-03-20T14:24:22","guid":{"rendered":"https:\/\/new.srfb.be\/?post_type=product&#038;p=10846"},"modified":"2026-03-03T16:55:50","modified_gmt":"2026-03-03T15:55:50","slug":"larbre","status":"publish","type":"product","link":"https:\/\/srfb.be\/en\/forest-shop\/larbre\/","title":{"rendered":"The tree"},"content":{"rendered":"","protected":false},"excerpt":{"rendered":"<p>Beyond preconceived ideas<br \/>\nWith great clarity, the author guides the reader through the deciphering of preconceived ideas towards more complex realities. Each preconceived idea is deconstructed using scientific arguments and reliable sources that<br \/>\nto take you further. There is a quiz to test your knowledge and a card game to help you understand the development of trees.<br \/>\n16 x 24 cm, 256 pages<\/p>","protected":false},"featured_media":10848,"comment_status":"open","ping_status":"closed","template":"","meta":{"iawp_total_views":90},"product_brand":[],"product_cat":[314,696],"product_tag":[],"class_list":{"0":"post-10846","1":"product","2":"type-product","3":"status-publish","4":"has-post-thumbnail","6":"product_cat-sylviculture","7":"product_cat-visiteurs","9":"first","10":"instock","11":"shipping-taxable","12":"purchasable","13":"product-type-simple"},"yoast_head":"<!-- This site is optimized with the Yoast SEO plugin v27.3 - https:\/\/yoast.com\/product\/yoast-seo-wordpress\/ -->\n<title>L\u2019arbre - Soci\u00e9t\u00e9 Royale Foresti\u00e8re de Belgique<\/title>\n<meta name=\"robots\" content=\"index, follow, max-snippet:-1, max-image-preview:large, max-video-preview:-1\" \/>\n<link rel=\"canonical\" href=\"https:\/\/kbbm.be\/nl\/forest-shop\/larbre\/\" \/>\n<meta property=\"og:locale\" content=\"en_GB\" \/>\n<meta property=\"og:type\" content=\"article\" \/>\n<meta property=\"og:title\" content=\"L\u2019arbre - Soci\u00e9t\u00e9 Royale Foresti\u00e8re de Belgique\" \/>\n<meta property=\"og:description\" content=\"Au-del\u00e0 des id\u00e9es re\u00e7ues Avec une grande clart\u00e9 l\u2019auteur accompagne le lecteur dans le d\u00e9cryptage des id\u00e9es re\u00e7ues vers des r\u00e9alit\u00e9s plus complexes. Chaque id\u00e9e re\u00e7ue est d\u00e9construite avec des arguments scientifiques et des sources fiables qui permettent d\u2019aller plus loin. Un QCM permet de tester ses connaissances et un jeu de cartes aide \u00e0 comprendre le d\u00e9veloppement des arbres. 16 x 24 cm, 256 pages\" \/>\n<meta property=\"og:url\" content=\"https:\/\/kbbm.be\/nl\/forest-shop\/larbre\/\" \/>\n<meta property=\"og:site_name\" content=\"Soci\u00e9t\u00e9 Royale Foresti\u00e8re de Belgique\" \/>\n<meta property=\"article:publisher\" content=\"https:\/\/www.facebook.com\/srfb.be\" \/>\n<meta property=\"article:modified_time\" content=\"2026-03-03T15:55:50+00:00\" \/>\n<meta property=\"og:image\" content=\"https:\/\/kbbm.be\/wp-content\/uploads\/2020\/03\/arbre_id\u00e9erecue-scaled.jpg\" \/>\n\t<meta property=\"og:image:width\" content=\"1132\" \/>\n\t<meta property=\"og:image:height\" content=\"1700\" \/>\n\t<meta property=\"og:image:type\" content=\"image\/jpeg\" \/>\n<script type=\"application\/ld+json\" class=\"yoast-schema-graph\">{\"@context\":\"https:\\\/\\\/schema.org\",\"@graph\":[{\"@type\":\"WebPage\",\"@id\":\"https:\\\/\\\/kbbm.be\\\/nl\\\/forest-shop\\\/larbre\\\/\",\"url\":\"https:\\\/\\\/kbbm.be\\\/nl\\\/forest-shop\\\/larbre\\\/\",\"name\":\"L\u2019arbre - Soci\u00e9t\u00e9 Royale Foresti\u00e8re de Belgique\",\"isPartOf\":{\"@id\":\"https:\\\/\\\/srfb.be\\\/de\\\/#website\"},\"primaryImageOfPage\":{\"@id\":\"https:\\\/\\\/kbbm.be\\\/nl\\\/forest-shop\\\/larbre\\\/#primaryimage\"},\"image\":{\"@id\":\"https:\\\/\\\/kbbm.be\\\/nl\\\/forest-shop\\\/larbre\\\/#primaryimage\"},\"thumbnailUrl\":\"https:\\\/\\\/srfb.be\\\/wp-content\\\/uploads\\\/2020\\\/03\\\/arbre_id\u00e9erecue-scaled.jpg\",\"datePublished\":\"2020-03-20T14:24:22+00:00\",\"dateModified\":\"2026-03-03T15:55:50+00:00\",\"breadcrumb\":{\"@id\":\"https:\\\/\\\/kbbm.be\\\/nl\\\/forest-shop\\\/larbre\\\/#breadcrumb\"},\"inLanguage\":\"en-GB\",\"potentialAction\":[{\"@type\":\"ReadAction\",\"target\":[\"https:\\\/\\\/kbbm.be\\\/nl\\\/forest-shop\\\/larbre\\\/\"]}]},{\"@type\":\"ImageObject\",\"inLanguage\":\"en-GB\",\"@id\":\"https:\\\/\\\/kbbm.be\\\/nl\\\/forest-shop\\\/larbre\\\/#primaryimage\",\"url\":\"https:\\\/\\\/srfb.be\\\/wp-content\\\/uploads\\\/2020\\\/03\\\/arbre_id\u00e9erecue-scaled.jpg\",\"contentUrl\":\"https:\\\/\\\/srfb.be\\\/wp-content\\\/uploads\\\/2020\\\/03\\\/arbre_id\u00e9erecue-scaled.jpg\",\"width\":1132,\"height\":1700},{\"@type\":\"BreadcrumbList\",\"@id\":\"https:\\\/\\\/kbbm.be\\\/nl\\\/forest-shop\\\/larbre\\\/#breadcrumb\",\"itemListElement\":[{\"@type\":\"ListItem\",\"position\":1,\"name\":\"Accueil\",\"item\":\"https:\\\/\\\/srfb.be\\\/de\\\/\"},{\"@type\":\"ListItem\",\"position\":2,\"name\":\"Produkte\",\"item\":\"https:\\\/\\\/srfb.be\\\/de\\\/shop\\\/\"},{\"@type\":\"ListItem\",\"position\":3,\"name\":\"L\u2019arbre\"}]},{\"@type\":\"WebSite\",\"@id\":\"https:\\\/\\\/srfb.be\\\/de\\\/#website\",\"url\":\"https:\\\/\\\/srfb.be\\\/de\\\/\",\"name\":\"Soci\u00e9t\u00e9 Royale Foresti\u00e8re de Belgique\",\"description\":\"Au service de la for\u00eat et des forestiers\",\"publisher\":{\"@id\":\"https:\\\/\\\/srfb.be\\\/de\\\/#organization\"},\"alternateName\":\"SRFB-KBBM\",\"potentialAction\":[{\"@type\":\"SearchAction\",\"target\":{\"@type\":\"EntryPoint\",\"urlTemplate\":\"https:\\\/\\\/srfb.be\\\/de\\\/?s={search_term_string}\"},\"query-input\":{\"@type\":\"PropertyValueSpecification\",\"valueRequired\":true,\"valueName\":\"search_term_string\"}}],\"inLanguage\":\"en-GB\"},{\"@type\":\"Organization\",\"@id\":\"https:\\\/\\\/srfb.be\\\/de\\\/#organization\",\"name\":\"Soci\u00e9t\u00e9 Royale Foresti\u00e8re De Belgique - Koninklijke Belgische Bosbouwmaatschappij\",\"alternateName\":\"SRFB-KBBM\",\"url\":\"https:\\\/\\\/srfb.be\\\/de\\\/\",\"logo\":{\"@type\":\"ImageObject\",\"inLanguage\":\"en-GB\",\"@id\":\"https:\\\/\\\/srfb.be\\\/de\\\/#\\\/schema\\\/logo\\\/image\\\/\",\"url\":\"https:\\\/\\\/srfb.be\\\/wp-content\\\/uploads\\\/2019\\\/06\\\/android-chrome-256x256.png\",\"contentUrl\":\"https:\\\/\\\/srfb.be\\\/wp-content\\\/uploads\\\/2019\\\/06\\\/android-chrome-256x256.png\",\"width\":1200,\"height\":1232,\"caption\":\"Soci\u00e9t\u00e9 Royale Foresti\u00e8re De Belgique - Koninklijke Belgische Bosbouwmaatschappij\"},\"image\":{\"@id\":\"https:\\\/\\\/srfb.be\\\/de\\\/#\\\/schema\\\/logo\\\/image\\\/\"},\"sameAs\":[\"https:\\\/\\\/www.facebook.com\\\/srfb.be\",\"https:\\\/\\\/www.instagram.com\\\/srfb_kbbm\\\/\",\"https:\\\/\\\/www.linkedin.com\\\/company\\\/srfb-kbbm\\\/\",\"https:\\\/\\\/www.youtube.com\\\/user\\\/srfbkbbm\"]}]}<\/script>\n<!-- \/ Yoast SEO plugin. -->","yoast_head_json":{"title":"Trees - Royal Forestry Society of Belgium","robots":{"index":"index","follow":"follow","max-snippet":"max-snippet:-1","max-image-preview":"max-image-preview:large","max-video-preview":"max-video-preview:-1"},"canonical":"https:\/\/kbbm.be\/nl\/forest-shop\/larbre\/","og_locale":"en_GB","og_type":"article","og_title":"L\u2019arbre - Soci\u00e9t\u00e9 Royale Foresti\u00e8re de Belgique","og_description":"Au-del\u00e0 des id\u00e9es re\u00e7ues Avec une grande clart\u00e9 l\u2019auteur accompagne le lecteur dans le d\u00e9cryptage des id\u00e9es re\u00e7ues vers des r\u00e9alit\u00e9s plus complexes. Chaque id\u00e9e re\u00e7ue est d\u00e9construite avec des arguments scientifiques et des sources fiables qui permettent d\u2019aller plus loin. Un QCM permet de tester ses connaissances et un jeu de cartes aide \u00e0 comprendre le d\u00e9veloppement des arbres. 16 x 24 cm, 256 pages","og_url":"https:\/\/kbbm.be\/nl\/forest-shop\/larbre\/","og_site_name":"Soci\u00e9t\u00e9 Royale Foresti\u00e8re de Belgique","article_publisher":"https:\/\/www.facebook.com\/srfb.be","article_modified_time":"2026-03-03T15:55:50+00:00","og_image":[{"width":1132,"height":1700,"url":"https:\/\/kbbm.be\/wp-content\/uploads\/2020\/03\/arbre_id\u00e9erecue-scaled.jpg","type":"image\/jpeg"}],"schema":{"@context":"https:\/\/schema.org","@graph":[{"@type":"WebPage","@id":"https:\/\/kbbm.be\/nl\/forest-shop\/larbre\/","url":"https:\/\/kbbm.be\/nl\/forest-shop\/larbre\/","name":"Trees - Royal Forestry Society of Belgium","isPartOf":{"@id":"https:\/\/srfb.be\/de\/#website"},"primaryImageOfPage":{"@id":"https:\/\/kbbm.be\/nl\/forest-shop\/larbre\/#primaryimage"},"image":{"@id":"https:\/\/kbbm.be\/nl\/forest-shop\/larbre\/#primaryimage"},"thumbnailUrl":"https:\/\/srfb.be\/wp-content\/uploads\/2020\/03\/arbre_id\u00e9erecue-scaled.jpg","datePublished":"2020-03-20T14:24:22+00:00","dateModified":"2026-03-03T15:55:50+00:00","breadcrumb":{"@id":"https:\/\/kbbm.be\/nl\/forest-shop\/larbre\/#breadcrumb"},"inLanguage":"en-GB","potentialAction":[{"@type":"ReadAction","target":["https:\/\/kbbm.be\/nl\/forest-shop\/larbre\/"]}]},{"@type":"ImageObject","inLanguage":"en-GB","@id":"https:\/\/kbbm.be\/nl\/forest-shop\/larbre\/#primaryimage","url":"https:\/\/srfb.be\/wp-content\/uploads\/2020\/03\/arbre_id\u00e9erecue-scaled.jpg","contentUrl":"https:\/\/srfb.be\/wp-content\/uploads\/2020\/03\/arbre_id\u00e9erecue-scaled.jpg","width":1132,"height":1700},{"@type":"BreadcrumbList","@id":"https:\/\/kbbm.be\/nl\/forest-shop\/larbre\/#breadcrumb","itemListElement":[{"@type":"ListItem","position":1,"name":"Accueil","item":"https:\/\/srfb.be\/de\/"},{"@type":"ListItem","position":2,"name":"Produkte","item":"https:\/\/srfb.be\/de\/shop\/"},{"@type":"ListItem","position":3,"name":"L\u2019arbre"}]},{"@type":"WebSite","@id":"https:\/\/srfb.be\/de\/#website","url":"https:\/\/srfb.be\/de\/","name":"Royal Forestry Society of Belgium","description":"Serving forests and foresters","publisher":{"@id":"https:\/\/srfb.be\/de\/#organization"},"alternateName":"SRFB-KBBM","potentialAction":[{"@type":"SearchAction","target":{"@type":"EntryPoint","urlTemplate":"https:\/\/srfb.be\/de\/?s={search_term_string}"},"query-input":{"@type":"PropertyValueSpecification","valueRequired":true,"valueName":"search_term_string"}}],"inLanguage":"en-GB"},{"@type":"Organization","@id":"https:\/\/srfb.be\/de\/#organization","name":"Soci\u00e9t\u00e9 Royale Foresti\u00e8re De Belgique - Koninklijke Belgische Bosbouwmaatschappij","alternateName":"SRFB-KBBM","url":"https:\/\/srfb.be\/de\/","logo":{"@type":"ImageObject","inLanguage":"en-GB","@id":"https:\/\/srfb.be\/de\/#\/schema\/logo\/image\/","url":"https:\/\/srfb.be\/wp-content\/uploads\/2019\/06\/android-chrome-256x256.png","contentUrl":"https:\/\/srfb.be\/wp-content\/uploads\/2019\/06\/android-chrome-256x256.png","width":1200,"height":1232,"caption":"Soci\u00e9t\u00e9 Royale Foresti\u00e8re De Belgique - Koninklijke Belgische Bosbouwmaatschappij"},"image":{"@id":"https:\/\/srfb.be\/de\/#\/schema\/logo\/image\/"},"sameAs":["https:\/\/www.facebook.com\/srfb.be","https:\/\/www.instagram.com\/srfb_kbbm\/","https:\/\/www.linkedin.com\/company\/srfb-kbbm\/","https:\/\/www.youtube.com\/user\/srfbkbbm"]}]}},"_links":{"self":[{"href":"https:\/\/srfb.be\/en\/wp-json\/wp\/v2\/product\/10846","targetHints":{"allow":["GET"]}}],"collection":[{"href":"https:\/\/srfb.be\/en\/wp-json\/wp\/v2\/product"}],"about":[{"href":"https:\/\/srfb.be\/en\/wp-json\/wp\/v2\/types\/product"}],"replies":[{"embeddable":true,"href":"https:\/\/srfb.be\/en\/wp-json\/wp\/v2\/comments?post=10846"}],"wp:featuredmedia":[{"embeddable":true,"href":"https:\/\/srfb.be\/en\/wp-json\/wp\/v2\/media\/10848"}],"wp:attachment":[{"href":"https:\/\/srfb.be\/en\/wp-json\/wp\/v2\/media?parent=10846"}],"wp:term":[{"taxonomy":"product_brand","embeddable":true,"href":"https:\/\/srfb.be\/en\/wp-json\/wp\/v2\/product_brand?post=10846"},{"taxonomy":"product_cat","embeddable":true,"href":"https:\/\/srfb.be\/en\/wp-json\/wp\/v2\/product_cat?post=10846"},{"taxonomy":"product_tag","embeddable":true,"href":"https:\/\/srfb.be\/en\/wp-json\/wp\/v2\/product_tag?post=10846"}],"curies":[{"name":"wp","href":"https:\/\/api.w.org\/{rel}","templated":true}]}}