{"id":10808,"date":"2020-03-20T14:06:31","date_gmt":"2020-03-20T13:06:31","guid":{"rendered":"https:\/\/new.srfb.be\/?post_type=product&#038;p=10808"},"modified":"2026-03-03T17:05:50","modified_gmt":"2026-03-03T16:05:50","slug":"loisirs-en-foret-et-gestion-durable","status":"publish","type":"product","link":"https:\/\/srfb.be\/en\/forest-shop\/loisirs-en-foret-et-gestion-durable\/","title":{"rendered":"Forest recreation and sustainable management"},"content":{"rendered":"","protected":false},"excerpt":{"rendered":"<p>Forests and natural areas provide an ideal setting for relaxation and leisure activities. However, these demands on society should not overshadow the forest's other functions. Forest management<br \/>\nRecreational and tourist sites that integrate these other functions are a challenge that owners and managers must take up if their actions are to be part of a sustainable management approach.<br \/>\n24 x 17 cm, 303 pages<\/p>","protected":false},"featured_media":10812,"comment_status":"open","ping_status":"closed","template":"","meta":{"iawp_total_views":34},"product_brand":[],"product_cat":[692,696],"product_tag":[],"class_list":{"0":"post-10808","1":"product","2":"type-product","3":"status-publish","4":"has-post-thumbnail","6":"product_cat-arboretum","7":"product_cat-visiteurs","9":"first","10":"instock","11":"shipping-taxable","12":"purchasable","13":"product-type-simple"},"yoast_head":"<!-- This site is optimized with the Yoast SEO plugin v27.4 - https:\/\/yoast.com\/product\/yoast-seo-wordpress\/ -->\n<title>Loisirs en for\u00eat et gestion durable - Soci\u00e9t\u00e9 Royale Foresti\u00e8re de Belgique<\/title>\n<meta name=\"robots\" content=\"index, follow, max-snippet:-1, max-image-preview:large, max-video-preview:-1\" \/>\n<link rel=\"canonical\" href=\"https:\/\/kbbm.be\/nl\/forest-shop\/loisirs-en-foret-et-gestion-durable\/\" \/>\n<meta property=\"og:locale\" content=\"en_GB\" \/>\n<meta property=\"og:type\" content=\"article\" \/>\n<meta property=\"og:title\" content=\"Loisirs en for\u00eat et gestion durable - Soci\u00e9t\u00e9 Royale Foresti\u00e8re de Belgique\" \/>\n<meta property=\"og:description\" content=\"La for\u00eat et les espaces naturels constituent un cadre id\u00e9al pour la pratique d\u2019activit\u00e9s de d\u00e9tente et de loisirs. Ces sollicitations de la soci\u00e9t\u00e9 ne doivent pas pour autant masquer les autres fonctions de la for\u00eat. L\u2019am\u00e9nagement r\u00e9cr\u00e9atif et touristique de sites int\u00e9grant ces autres fonctions est un d\u00e9fi que les propri\u00e9taires et gestionnaires doivent relever pour inscrire leurs actions dans le cadre d\u2019une gestion durable. 24 x 17 cm, 303 pages\" \/>\n<meta property=\"og:url\" content=\"https:\/\/kbbm.be\/nl\/forest-shop\/loisirs-en-foret-et-gestion-durable\/\" \/>\n<meta property=\"og:site_name\" content=\"Soci\u00e9t\u00e9 Royale Foresti\u00e8re de Belgique\" \/>\n<meta property=\"article:publisher\" content=\"https:\/\/www.facebook.com\/srfb.be\" \/>\n<meta property=\"article:modified_time\" content=\"2026-03-03T16:05:50+00:00\" \/>\n<meta property=\"og:image\" content=\"https:\/\/kbbm.be\/wp-content\/uploads\/2020\/03\/loisirs-en-for\u00eat-scaled.jpg\" \/>\n\t<meta property=\"og:image:width\" content=\"1248\" \/>\n\t<meta property=\"og:image:height\" content=\"1700\" \/>\n\t<meta property=\"og:image:type\" content=\"image\/jpeg\" \/>\n<script type=\"application\/ld+json\" class=\"yoast-schema-graph\">{\"@context\":\"https:\\\/\\\/schema.org\",\"@graph\":[{\"@type\":\"WebPage\",\"@id\":\"https:\\\/\\\/kbbm.be\\\/nl\\\/forest-shop\\\/loisirs-en-foret-et-gestion-durable\\\/\",\"url\":\"https:\\\/\\\/kbbm.be\\\/nl\\\/forest-shop\\\/loisirs-en-foret-et-gestion-durable\\\/\",\"name\":\"Loisirs en for\u00eat et gestion durable - Soci\u00e9t\u00e9 Royale Foresti\u00e8re de Belgique\",\"isPartOf\":{\"@id\":\"https:\\\/\\\/kbbm.be\\\/en\\\/#website\"},\"primaryImageOfPage\":{\"@id\":\"https:\\\/\\\/kbbm.be\\\/nl\\\/forest-shop\\\/loisirs-en-foret-et-gestion-durable\\\/#primaryimage\"},\"image\":{\"@id\":\"https:\\\/\\\/kbbm.be\\\/nl\\\/forest-shop\\\/loisirs-en-foret-et-gestion-durable\\\/#primaryimage\"},\"thumbnailUrl\":\"https:\\\/\\\/srfb.be\\\/wp-content\\\/uploads\\\/2020\\\/03\\\/loisirs-en-for\u00eat-scaled.jpg\",\"datePublished\":\"2020-03-20T13:06:31+00:00\",\"dateModified\":\"2026-03-03T16:05:50+00:00\",\"breadcrumb\":{\"@id\":\"https:\\\/\\\/kbbm.be\\\/nl\\\/forest-shop\\\/loisirs-en-foret-et-gestion-durable\\\/#breadcrumb\"},\"inLanguage\":\"en-GB\",\"potentialAction\":[{\"@type\":\"ReadAction\",\"target\":[\"https:\\\/\\\/kbbm.be\\\/nl\\\/forest-shop\\\/loisirs-en-foret-et-gestion-durable\\\/\"]}]},{\"@type\":\"ImageObject\",\"inLanguage\":\"en-GB\",\"@id\":\"https:\\\/\\\/kbbm.be\\\/nl\\\/forest-shop\\\/loisirs-en-foret-et-gestion-durable\\\/#primaryimage\",\"url\":\"https:\\\/\\\/srfb.be\\\/wp-content\\\/uploads\\\/2020\\\/03\\\/loisirs-en-for\u00eat-scaled.jpg\",\"contentUrl\":\"https:\\\/\\\/srfb.be\\\/wp-content\\\/uploads\\\/2020\\\/03\\\/loisirs-en-for\u00eat-scaled.jpg\",\"width\":1248,\"height\":1700},{\"@type\":\"BreadcrumbList\",\"@id\":\"https:\\\/\\\/kbbm.be\\\/nl\\\/forest-shop\\\/loisirs-en-foret-et-gestion-durable\\\/#breadcrumb\",\"itemListElement\":[{\"@type\":\"ListItem\",\"position\":1,\"name\":\"Accueil\",\"item\":\"https:\\\/\\\/kbbm.be\\\/en\\\/\"},{\"@type\":\"ListItem\",\"position\":2,\"name\":\"Produits\",\"item\":\"https:\\\/\\\/srfb.be\\\/shop\\\/\"},{\"@type\":\"ListItem\",\"position\":3,\"name\":\"Loisirs en for\u00eat et gestion durable\"}]},{\"@type\":\"WebSite\",\"@id\":\"https:\\\/\\\/kbbm.be\\\/en\\\/#website\",\"url\":\"https:\\\/\\\/kbbm.be\\\/en\\\/\",\"name\":\"Soci\u00e9t\u00e9 Royale Foresti\u00e8re de Belgique\",\"description\":\"Au service de la for\u00eat et des forestiers\",\"publisher\":{\"@id\":\"https:\\\/\\\/kbbm.be\\\/en\\\/#organization\"},\"alternateName\":\"SRFB-KBBM\",\"potentialAction\":[{\"@type\":\"SearchAction\",\"target\":{\"@type\":\"EntryPoint\",\"urlTemplate\":\"https:\\\/\\\/kbbm.be\\\/en\\\/?s={search_term_string}\"},\"query-input\":{\"@type\":\"PropertyValueSpecification\",\"valueRequired\":true,\"valueName\":\"search_term_string\"}}],\"inLanguage\":\"en-GB\"},{\"@type\":\"Organization\",\"@id\":\"https:\\\/\\\/kbbm.be\\\/en\\\/#organization\",\"name\":\"Soci\u00e9t\u00e9 Royale Foresti\u00e8re De Belgique - Koninklijke Belgische Bosbouwmaatschappij\",\"alternateName\":\"SRFB-KBBM\",\"url\":\"https:\\\/\\\/kbbm.be\\\/en\\\/\",\"logo\":{\"@type\":\"ImageObject\",\"inLanguage\":\"en-GB\",\"@id\":\"https:\\\/\\\/kbbm.be\\\/en\\\/#\\\/schema\\\/logo\\\/image\\\/\",\"url\":\"https:\\\/\\\/srfb.be\\\/wp-content\\\/uploads\\\/2019\\\/06\\\/android-chrome-256x256.png\",\"contentUrl\":\"https:\\\/\\\/srfb.be\\\/wp-content\\\/uploads\\\/2019\\\/06\\\/android-chrome-256x256.png\",\"width\":1200,\"height\":1232,\"caption\":\"Soci\u00e9t\u00e9 Royale Foresti\u00e8re De Belgique - Koninklijke Belgische Bosbouwmaatschappij\"},\"image\":{\"@id\":\"https:\\\/\\\/kbbm.be\\\/en\\\/#\\\/schema\\\/logo\\\/image\\\/\"},\"sameAs\":[\"https:\\\/\\\/www.facebook.com\\\/srfb.be\",\"https:\\\/\\\/www.instagram.com\\\/srfb_kbbm\\\/\",\"https:\\\/\\\/www.linkedin.com\\\/company\\\/srfb-kbbm\\\/\",\"https:\\\/\\\/www.youtube.com\\\/user\\\/srfbkbbm\"]}]}<\/script>\n<!-- \/ Yoast SEO plugin. -->","yoast_head_json":{"title":"Forest recreation and sustainable management - Royal Belgian Forest Society","robots":{"index":"index","follow":"follow","max-snippet":"max-snippet:-1","max-image-preview":"max-image-preview:large","max-video-preview":"max-video-preview:-1"},"canonical":"https:\/\/kbbm.be\/nl\/forest-shop\/loisirs-en-foret-et-gestion-durable\/","og_locale":"en_GB","og_type":"article","og_title":"Loisirs en for\u00eat et gestion durable - Soci\u00e9t\u00e9 Royale Foresti\u00e8re de Belgique","og_description":"La for\u00eat et les espaces naturels constituent un cadre id\u00e9al pour la pratique d\u2019activit\u00e9s de d\u00e9tente et de loisirs. Ces sollicitations de la soci\u00e9t\u00e9 ne doivent pas pour autant masquer les autres fonctions de la for\u00eat. L\u2019am\u00e9nagement r\u00e9cr\u00e9atif et touristique de sites int\u00e9grant ces autres fonctions est un d\u00e9fi que les propri\u00e9taires et gestionnaires doivent relever pour inscrire leurs actions dans le cadre d\u2019une gestion durable. 24 x 17 cm, 303 pages","og_url":"https:\/\/kbbm.be\/nl\/forest-shop\/loisirs-en-foret-et-gestion-durable\/","og_site_name":"Soci\u00e9t\u00e9 Royale Foresti\u00e8re de Belgique","article_publisher":"https:\/\/www.facebook.com\/srfb.be","article_modified_time":"2026-03-03T16:05:50+00:00","og_image":[{"width":1248,"height":1700,"url":"https:\/\/kbbm.be\/wp-content\/uploads\/2020\/03\/loisirs-en-for\u00eat-scaled.jpg","type":"image\/jpeg"}],"schema":{"@context":"https:\/\/schema.org","@graph":[{"@type":"WebPage","@id":"https:\/\/kbbm.be\/nl\/forest-shop\/loisirs-en-foret-et-gestion-durable\/","url":"https:\/\/kbbm.be\/nl\/forest-shop\/loisirs-en-foret-et-gestion-durable\/","name":"Forest recreation and sustainable management - Royal Belgian Forest Society","isPartOf":{"@id":"https:\/\/kbbm.be\/en\/#website"},"primaryImageOfPage":{"@id":"https:\/\/kbbm.be\/nl\/forest-shop\/loisirs-en-foret-et-gestion-durable\/#primaryimage"},"image":{"@id":"https:\/\/kbbm.be\/nl\/forest-shop\/loisirs-en-foret-et-gestion-durable\/#primaryimage"},"thumbnailUrl":"https:\/\/srfb.be\/wp-content\/uploads\/2020\/03\/loisirs-en-for\u00eat-scaled.jpg","datePublished":"2020-03-20T13:06:31+00:00","dateModified":"2026-03-03T16:05:50+00:00","breadcrumb":{"@id":"https:\/\/kbbm.be\/nl\/forest-shop\/loisirs-en-foret-et-gestion-durable\/#breadcrumb"},"inLanguage":"en-GB","potentialAction":[{"@type":"ReadAction","target":["https:\/\/kbbm.be\/nl\/forest-shop\/loisirs-en-foret-et-gestion-durable\/"]}]},{"@type":"ImageObject","inLanguage":"en-GB","@id":"https:\/\/kbbm.be\/nl\/forest-shop\/loisirs-en-foret-et-gestion-durable\/#primaryimage","url":"https:\/\/srfb.be\/wp-content\/uploads\/2020\/03\/loisirs-en-for\u00eat-scaled.jpg","contentUrl":"https:\/\/srfb.be\/wp-content\/uploads\/2020\/03\/loisirs-en-for\u00eat-scaled.jpg","width":1248,"height":1700},{"@type":"BreadcrumbList","@id":"https:\/\/kbbm.be\/nl\/forest-shop\/loisirs-en-foret-et-gestion-durable\/#breadcrumb","itemListElement":[{"@type":"ListItem","position":1,"name":"Accueil","item":"https:\/\/kbbm.be\/en\/"},{"@type":"ListItem","position":2,"name":"Produits","item":"https:\/\/srfb.be\/shop\/"},{"@type":"ListItem","position":3,"name":"Loisirs en for\u00eat et gestion durable"}]},{"@type":"WebSite","@id":"https:\/\/kbbm.be\/en\/#website","url":"https:\/\/kbbm.be\/en\/","name":"Royal Forestry Society of Belgium","description":"Serving forests and foresters","publisher":{"@id":"https:\/\/kbbm.be\/en\/#organization"},"alternateName":"SRFB-KBBM","potentialAction":[{"@type":"SearchAction","target":{"@type":"EntryPoint","urlTemplate":"https:\/\/kbbm.be\/en\/?s={search_term_string}"},"query-input":{"@type":"PropertyValueSpecification","valueRequired":true,"valueName":"search_term_string"}}],"inLanguage":"en-GB"},{"@type":"Organization","@id":"https:\/\/kbbm.be\/en\/#organization","name":"Soci\u00e9t\u00e9 Royale Foresti\u00e8re De Belgique - Koninklijke Belgische Bosbouwmaatschappij","alternateName":"SRFB-KBBM","url":"https:\/\/kbbm.be\/en\/","logo":{"@type":"ImageObject","inLanguage":"en-GB","@id":"https:\/\/kbbm.be\/en\/#\/schema\/logo\/image\/","url":"https:\/\/srfb.be\/wp-content\/uploads\/2019\/06\/android-chrome-256x256.png","contentUrl":"https:\/\/srfb.be\/wp-content\/uploads\/2019\/06\/android-chrome-256x256.png","width":1200,"height":1232,"caption":"Soci\u00e9t\u00e9 Royale Foresti\u00e8re De Belgique - Koninklijke Belgische Bosbouwmaatschappij"},"image":{"@id":"https:\/\/kbbm.be\/en\/#\/schema\/logo\/image\/"},"sameAs":["https:\/\/www.facebook.com\/srfb.be","https:\/\/www.instagram.com\/srfb_kbbm\/","https:\/\/www.linkedin.com\/company\/srfb-kbbm\/","https:\/\/www.youtube.com\/user\/srfbkbbm"]}]}},"_links":{"self":[{"href":"https:\/\/srfb.be\/en\/wp-json\/wp\/v2\/product\/10808","targetHints":{"allow":["GET"]}}],"collection":[{"href":"https:\/\/srfb.be\/en\/wp-json\/wp\/v2\/product"}],"about":[{"href":"https:\/\/srfb.be\/en\/wp-json\/wp\/v2\/types\/product"}],"replies":[{"embeddable":true,"href":"https:\/\/srfb.be\/en\/wp-json\/wp\/v2\/comments?post=10808"}],"wp:featuredmedia":[{"embeddable":true,"href":"https:\/\/srfb.be\/en\/wp-json\/wp\/v2\/media\/10812"}],"wp:attachment":[{"href":"https:\/\/srfb.be\/en\/wp-json\/wp\/v2\/media?parent=10808"}],"wp:term":[{"taxonomy":"product_brand","embeddable":true,"href":"https:\/\/srfb.be\/en\/wp-json\/wp\/v2\/product_brand?post=10808"},{"taxonomy":"product_cat","embeddable":true,"href":"https:\/\/srfb.be\/en\/wp-json\/wp\/v2\/product_cat?post=10808"},{"taxonomy":"product_tag","embeddable":true,"href":"https:\/\/srfb.be\/en\/wp-json\/wp\/v2\/product_tag?post=10808"}],"curies":[{"name":"wp","href":"https:\/\/api.w.org\/{rel}","templated":true}]}}