{"id":10802,"date":"2020-03-20T14:04:01","date_gmt":"2020-03-20T13:04:01","guid":{"rendered":"https:\/\/new.srfb.be\/?post_type=product&#038;p=10802"},"modified":"2026-03-03T17:07:17","modified_gmt":"2026-03-03T16:07:17","slug":"genetique-et-amelioration-des-arbres-forestiers","status":"publish","type":"product","link":"https:\/\/srfb.be\/en\/forest-shop\/genetique-et-amelioration-des-arbres-forestiers\/","title":{"rendered":"Genetics and improvement of forest trees"},"content":{"rendered":"","protected":false},"excerpt":{"rendered":"<p>This book by Alphonse Nanson aims to provide an overview of a discipline that has grown considerably.<br \/>\nThis summary, reference work, the first to be written originally in French, presents a new vision of the relationship between genetics and the environment. It is aimed primarily at professionals and students in forestry, genetics, dendrology, agronomy, horticulture, ecology, biology and botany.<br \/>\n24 x 17 cm, 712 pages<\/p>","protected":false},"featured_media":10803,"comment_status":"open","ping_status":"closed","template":"","meta":{"iawp_total_views":57},"product_brand":[],"product_cat":[691,314],"product_tag":[],"class_list":{"0":"post-10802","1":"product","2":"type-product","3":"status-publish","4":"has-post-thumbnail","6":"product_cat-biodiversite","7":"product_cat-sylviculture","9":"first","10":"instock","11":"shipping-taxable","12":"purchasable","13":"product-type-simple"},"yoast_head":"<!-- This site is optimized with the Yoast SEO plugin v27.3 - https:\/\/yoast.com\/product\/yoast-seo-wordpress\/ -->\n<title>G\u00e9n\u00e9tique et am\u00e9lioration des arbres forestiers - Soci\u00e9t\u00e9 Royale Foresti\u00e8re de Belgique<\/title>\n<meta name=\"robots\" content=\"index, follow, max-snippet:-1, max-image-preview:large, max-video-preview:-1\" \/>\n<link rel=\"canonical\" href=\"https:\/\/kbbm.be\/en\/forest-shop\/genetique-et-amelioration-des-arbres-forestiers\/\" \/>\n<meta property=\"og:locale\" content=\"en_GB\" \/>\n<meta property=\"og:type\" content=\"article\" \/>\n<meta property=\"og:title\" content=\"G\u00e9n\u00e9tique et am\u00e9lioration des arbres forestiers - Soci\u00e9t\u00e9 Royale Foresti\u00e8re de Belgique\" \/>\n<meta property=\"og:description\" content=\"Ce livre d\u2019Alphonse Nanson vise \u00e0 pr\u00e9senter l\u2019\u00e9tat des lieux d\u2019une discipline qui a pris une extension consid\u00e9rable. Cet ouvrage de synth\u00e8se, de consultation et de r\u00e9f\u00e9rence, le premier \u00e0 \u00eatre \u00e9crit originellement en fran\u00e7ais et qui pr\u00e9sente une nouvelle vision des rapports entre la g\u00e9n\u00e9tique et l\u2019environnement, s\u2019adresse principalement aux professionnels et \u00e9tudiants en foresterie, g\u00e9n\u00e9tique, dendrologie, agronomie, horticulture, \u00e9cologie, biologie, botanique. 24 x 17 cm, 712 pages\" \/>\n<meta property=\"og:url\" content=\"https:\/\/kbbm.be\/en\/forest-shop\/genetique-et-amelioration-des-arbres-forestiers\/\" \/>\n<meta property=\"og:site_name\" content=\"Soci\u00e9t\u00e9 Royale Foresti\u00e8re de Belgique\" \/>\n<meta property=\"article:publisher\" content=\"https:\/\/www.facebook.com\/srfb.be\" \/>\n<meta property=\"article:modified_time\" content=\"2026-03-03T16:07:17+00:00\" \/>\n<meta property=\"og:image\" content=\"https:\/\/kbbm.be\/wp-content\/uploads\/2020\/03\/Am\u00e9lioration-g\u00e9n\u00e9tique-scaled.jpg\" \/>\n\t<meta property=\"og:image:width\" content=\"1207\" \/>\n\t<meta property=\"og:image:height\" content=\"1700\" \/>\n\t<meta property=\"og:image:type\" content=\"image\/jpeg\" \/>\n<script type=\"application\/ld+json\" class=\"yoast-schema-graph\">{\"@context\":\"https:\\\/\\\/schema.org\",\"@graph\":[{\"@type\":\"WebPage\",\"@id\":\"https:\\\/\\\/kbbm.be\\\/en\\\/forest-shop\\\/genetique-et-amelioration-des-arbres-forestiers\\\/\",\"url\":\"https:\\\/\\\/kbbm.be\\\/en\\\/forest-shop\\\/genetique-et-amelioration-des-arbres-forestiers\\\/\",\"name\":\"G\u00e9n\u00e9tique et am\u00e9lioration des arbres forestiers - Soci\u00e9t\u00e9 Royale Foresti\u00e8re de Belgique\",\"isPartOf\":{\"@id\":\"https:\\\/\\\/kbbm.be\\\/de\\\/#website\"},\"primaryImageOfPage\":{\"@id\":\"https:\\\/\\\/kbbm.be\\\/en\\\/forest-shop\\\/genetique-et-amelioration-des-arbres-forestiers\\\/#primaryimage\"},\"image\":{\"@id\":\"https:\\\/\\\/kbbm.be\\\/en\\\/forest-shop\\\/genetique-et-amelioration-des-arbres-forestiers\\\/#primaryimage\"},\"thumbnailUrl\":\"https:\\\/\\\/srfb.be\\\/wp-content\\\/uploads\\\/2020\\\/03\\\/Am\u00e9lioration-g\u00e9n\u00e9tique-scaled.jpg\",\"datePublished\":\"2020-03-20T13:04:01+00:00\",\"dateModified\":\"2026-03-03T16:07:17+00:00\",\"breadcrumb\":{\"@id\":\"https:\\\/\\\/kbbm.be\\\/en\\\/forest-shop\\\/genetique-et-amelioration-des-arbres-forestiers\\\/#breadcrumb\"},\"inLanguage\":\"en-GB\",\"potentialAction\":[{\"@type\":\"ReadAction\",\"target\":[\"https:\\\/\\\/kbbm.be\\\/en\\\/forest-shop\\\/genetique-et-amelioration-des-arbres-forestiers\\\/\"]}]},{\"@type\":\"ImageObject\",\"inLanguage\":\"en-GB\",\"@id\":\"https:\\\/\\\/kbbm.be\\\/en\\\/forest-shop\\\/genetique-et-amelioration-des-arbres-forestiers\\\/#primaryimage\",\"url\":\"https:\\\/\\\/srfb.be\\\/wp-content\\\/uploads\\\/2020\\\/03\\\/Am\u00e9lioration-g\u00e9n\u00e9tique-scaled.jpg\",\"contentUrl\":\"https:\\\/\\\/srfb.be\\\/wp-content\\\/uploads\\\/2020\\\/03\\\/Am\u00e9lioration-g\u00e9n\u00e9tique-scaled.jpg\",\"width\":1207,\"height\":1700},{\"@type\":\"BreadcrumbList\",\"@id\":\"https:\\\/\\\/kbbm.be\\\/en\\\/forest-shop\\\/genetique-et-amelioration-des-arbres-forestiers\\\/#breadcrumb\",\"itemListElement\":[{\"@type\":\"ListItem\",\"position\":1,\"name\":\"Accueil\",\"item\":\"https:\\\/\\\/kbbm.be\\\/de\\\/\"},{\"@type\":\"ListItem\",\"position\":2,\"name\":\"Producten\",\"item\":\"https:\\\/\\\/kbbm.be\\\/nl\\\/shop\\\/\"},{\"@type\":\"ListItem\",\"position\":3,\"name\":\"G\u00e9n\u00e9tique et am\u00e9lioration des arbres forestiers\"}]},{\"@type\":\"WebSite\",\"@id\":\"https:\\\/\\\/kbbm.be\\\/de\\\/#website\",\"url\":\"https:\\\/\\\/kbbm.be\\\/de\\\/\",\"name\":\"Soci\u00e9t\u00e9 Royale Foresti\u00e8re de Belgique\",\"description\":\"Au service de la for\u00eat et des forestiers\",\"publisher\":{\"@id\":\"https:\\\/\\\/kbbm.be\\\/de\\\/#organization\"},\"alternateName\":\"SRFB-KBBM\",\"potentialAction\":[{\"@type\":\"SearchAction\",\"target\":{\"@type\":\"EntryPoint\",\"urlTemplate\":\"https:\\\/\\\/kbbm.be\\\/de\\\/?s={search_term_string}\"},\"query-input\":{\"@type\":\"PropertyValueSpecification\",\"valueRequired\":true,\"valueName\":\"search_term_string\"}}],\"inLanguage\":\"en-GB\"},{\"@type\":\"Organization\",\"@id\":\"https:\\\/\\\/kbbm.be\\\/de\\\/#organization\",\"name\":\"Soci\u00e9t\u00e9 Royale Foresti\u00e8re De Belgique - Koninklijke Belgische Bosbouwmaatschappij\",\"alternateName\":\"SRFB-KBBM\",\"url\":\"https:\\\/\\\/kbbm.be\\\/de\\\/\",\"logo\":{\"@type\":\"ImageObject\",\"inLanguage\":\"en-GB\",\"@id\":\"https:\\\/\\\/kbbm.be\\\/de\\\/#\\\/schema\\\/logo\\\/image\\\/\",\"url\":\"https:\\\/\\\/srfb.be\\\/wp-content\\\/uploads\\\/2019\\\/06\\\/android-chrome-256x256.png\",\"contentUrl\":\"https:\\\/\\\/srfb.be\\\/wp-content\\\/uploads\\\/2019\\\/06\\\/android-chrome-256x256.png\",\"width\":1200,\"height\":1232,\"caption\":\"Soci\u00e9t\u00e9 Royale Foresti\u00e8re De Belgique - Koninklijke Belgische Bosbouwmaatschappij\"},\"image\":{\"@id\":\"https:\\\/\\\/kbbm.be\\\/de\\\/#\\\/schema\\\/logo\\\/image\\\/\"},\"sameAs\":[\"https:\\\/\\\/www.facebook.com\\\/srfb.be\",\"https:\\\/\\\/www.instagram.com\\\/srfb_kbbm\\\/\",\"https:\\\/\\\/www.linkedin.com\\\/company\\\/srfb-kbbm\\\/\",\"https:\\\/\\\/www.youtube.com\\\/user\\\/srfbkbbm\"]}]}<\/script>\n<!-- \/ Yoast SEO plugin. -->","yoast_head_json":{"title":"Genetics and improvement of forest trees - Soci\u00e9t\u00e9 Royale Foresti\u00e8re de Belgique","robots":{"index":"index","follow":"follow","max-snippet":"max-snippet:-1","max-image-preview":"max-image-preview:large","max-video-preview":"max-video-preview:-1"},"canonical":"https:\/\/kbbm.be\/en\/forest-shop\/genetique-et-amelioration-des-arbres-forestiers\/","og_locale":"en_GB","og_type":"article","og_title":"G\u00e9n\u00e9tique et am\u00e9lioration des arbres forestiers - Soci\u00e9t\u00e9 Royale Foresti\u00e8re de Belgique","og_description":"Ce livre d\u2019Alphonse Nanson vise \u00e0 pr\u00e9senter l\u2019\u00e9tat des lieux d\u2019une discipline qui a pris une extension consid\u00e9rable. Cet ouvrage de synth\u00e8se, de consultation et de r\u00e9f\u00e9rence, le premier \u00e0 \u00eatre \u00e9crit originellement en fran\u00e7ais et qui pr\u00e9sente une nouvelle vision des rapports entre la g\u00e9n\u00e9tique et l\u2019environnement, s\u2019adresse principalement aux professionnels et \u00e9tudiants en foresterie, g\u00e9n\u00e9tique, dendrologie, agronomie, horticulture, \u00e9cologie, biologie, botanique. 24 x 17 cm, 712 pages","og_url":"https:\/\/kbbm.be\/en\/forest-shop\/genetique-et-amelioration-des-arbres-forestiers\/","og_site_name":"Soci\u00e9t\u00e9 Royale Foresti\u00e8re de Belgique","article_publisher":"https:\/\/www.facebook.com\/srfb.be","article_modified_time":"2026-03-03T16:07:17+00:00","og_image":[{"width":1207,"height":1700,"url":"https:\/\/kbbm.be\/wp-content\/uploads\/2020\/03\/Am\u00e9lioration-g\u00e9n\u00e9tique-scaled.jpg","type":"image\/jpeg"}],"schema":{"@context":"https:\/\/schema.org","@graph":[{"@type":"WebPage","@id":"https:\/\/kbbm.be\/en\/forest-shop\/genetique-et-amelioration-des-arbres-forestiers\/","url":"https:\/\/kbbm.be\/en\/forest-shop\/genetique-et-amelioration-des-arbres-forestiers\/","name":"Genetics and improvement of forest trees - Soci\u00e9t\u00e9 Royale Foresti\u00e8re de Belgique","isPartOf":{"@id":"https:\/\/kbbm.be\/de\/#website"},"primaryImageOfPage":{"@id":"https:\/\/kbbm.be\/en\/forest-shop\/genetique-et-amelioration-des-arbres-forestiers\/#primaryimage"},"image":{"@id":"https:\/\/kbbm.be\/en\/forest-shop\/genetique-et-amelioration-des-arbres-forestiers\/#primaryimage"},"thumbnailUrl":"https:\/\/srfb.be\/wp-content\/uploads\/2020\/03\/Am\u00e9lioration-g\u00e9n\u00e9tique-scaled.jpg","datePublished":"2020-03-20T13:04:01+00:00","dateModified":"2026-03-03T16:07:17+00:00","breadcrumb":{"@id":"https:\/\/kbbm.be\/en\/forest-shop\/genetique-et-amelioration-des-arbres-forestiers\/#breadcrumb"},"inLanguage":"en-GB","potentialAction":[{"@type":"ReadAction","target":["https:\/\/kbbm.be\/en\/forest-shop\/genetique-et-amelioration-des-arbres-forestiers\/"]}]},{"@type":"ImageObject","inLanguage":"en-GB","@id":"https:\/\/kbbm.be\/en\/forest-shop\/genetique-et-amelioration-des-arbres-forestiers\/#primaryimage","url":"https:\/\/srfb.be\/wp-content\/uploads\/2020\/03\/Am\u00e9lioration-g\u00e9n\u00e9tique-scaled.jpg","contentUrl":"https:\/\/srfb.be\/wp-content\/uploads\/2020\/03\/Am\u00e9lioration-g\u00e9n\u00e9tique-scaled.jpg","width":1207,"height":1700},{"@type":"BreadcrumbList","@id":"https:\/\/kbbm.be\/en\/forest-shop\/genetique-et-amelioration-des-arbres-forestiers\/#breadcrumb","itemListElement":[{"@type":"ListItem","position":1,"name":"Accueil","item":"https:\/\/kbbm.be\/de\/"},{"@type":"ListItem","position":2,"name":"Producten","item":"https:\/\/kbbm.be\/nl\/shop\/"},{"@type":"ListItem","position":3,"name":"G\u00e9n\u00e9tique et am\u00e9lioration des arbres forestiers"}]},{"@type":"WebSite","@id":"https:\/\/kbbm.be\/de\/#website","url":"https:\/\/kbbm.be\/de\/","name":"Royal Forestry Society of Belgium","description":"Serving forests and foresters","publisher":{"@id":"https:\/\/kbbm.be\/de\/#organization"},"alternateName":"SRFB-KBBM","potentialAction":[{"@type":"SearchAction","target":{"@type":"EntryPoint","urlTemplate":"https:\/\/kbbm.be\/de\/?s={search_term_string}"},"query-input":{"@type":"PropertyValueSpecification","valueRequired":true,"valueName":"search_term_string"}}],"inLanguage":"en-GB"},{"@type":"Organization","@id":"https:\/\/kbbm.be\/de\/#organization","name":"Soci\u00e9t\u00e9 Royale Foresti\u00e8re De Belgique - Koninklijke Belgische Bosbouwmaatschappij","alternateName":"SRFB-KBBM","url":"https:\/\/kbbm.be\/de\/","logo":{"@type":"ImageObject","inLanguage":"en-GB","@id":"https:\/\/kbbm.be\/de\/#\/schema\/logo\/image\/","url":"https:\/\/srfb.be\/wp-content\/uploads\/2019\/06\/android-chrome-256x256.png","contentUrl":"https:\/\/srfb.be\/wp-content\/uploads\/2019\/06\/android-chrome-256x256.png","width":1200,"height":1232,"caption":"Soci\u00e9t\u00e9 Royale Foresti\u00e8re De Belgique - Koninklijke Belgische Bosbouwmaatschappij"},"image":{"@id":"https:\/\/kbbm.be\/de\/#\/schema\/logo\/image\/"},"sameAs":["https:\/\/www.facebook.com\/srfb.be","https:\/\/www.instagram.com\/srfb_kbbm\/","https:\/\/www.linkedin.com\/company\/srfb-kbbm\/","https:\/\/www.youtube.com\/user\/srfbkbbm"]}]}},"_links":{"self":[{"href":"https:\/\/srfb.be\/en\/wp-json\/wp\/v2\/product\/10802","targetHints":{"allow":["GET"]}}],"collection":[{"href":"https:\/\/srfb.be\/en\/wp-json\/wp\/v2\/product"}],"about":[{"href":"https:\/\/srfb.be\/en\/wp-json\/wp\/v2\/types\/product"}],"replies":[{"embeddable":true,"href":"https:\/\/srfb.be\/en\/wp-json\/wp\/v2\/comments?post=10802"}],"wp:featuredmedia":[{"embeddable":true,"href":"https:\/\/srfb.be\/en\/wp-json\/wp\/v2\/media\/10803"}],"wp:attachment":[{"href":"https:\/\/srfb.be\/en\/wp-json\/wp\/v2\/media?parent=10802"}],"wp:term":[{"taxonomy":"product_brand","embeddable":true,"href":"https:\/\/srfb.be\/en\/wp-json\/wp\/v2\/product_brand?post=10802"},{"taxonomy":"product_cat","embeddable":true,"href":"https:\/\/srfb.be\/en\/wp-json\/wp\/v2\/product_cat?post=10802"},{"taxonomy":"product_tag","embeddable":true,"href":"https:\/\/srfb.be\/en\/wp-json\/wp\/v2\/product_tag?post=10802"}],"curies":[{"name":"wp","href":"https:\/\/api.w.org\/{rel}","templated":true}]}}