{"id":10794,"date":"2020-03-20T14:02:13","date_gmt":"2020-03-20T13:02:13","guid":{"rendered":"https:\/\/new.srfb.be\/?post_type=product&#038;p=10794"},"modified":"2026-03-03T16:59:34","modified_gmt":"2026-03-03T15:59:34","slug":"froissartage-grand-jeu-dans-la-nature","status":"publish","type":"product","link":"https:\/\/srfb.be\/en\/forest-shop\/froissartage-grand-jeu-dans-la-nature\/","title":{"rendered":"Froissartage. Big game in nature."},"content":{"rendered":"","protected":false},"excerpt":{"rendered":"<p>Old ways of being useful and becoming skilled with almost nothing<br \/>\nThis new edition responds to the demands of those who love living in nature! For the joy of exercising ingenuity, skill and perseverance with a noble material, with the ultimate satisfaction of a useful, comfortable or beautiful object. Back in 1936, Michel Froissart showed young people how, with a few tools and a bit of ingenuity, they could build wooden installations without nails or string, while respecting the forest.<br \/>\n17 x 24 cm, 192 pages<\/p>","protected":false},"featured_media":10799,"comment_status":"open","ping_status":"closed","template":"","meta":{"iawp_total_views":82},"product_brand":[],"product_cat":[696],"product_tag":[],"class_list":{"0":"post-10794","1":"product","2":"type-product","3":"status-publish","4":"has-post-thumbnail","6":"product_cat-visiteurs","8":"first","9":"instock","10":"shipping-taxable","11":"purchasable","12":"product-type-simple"},"yoast_head":"<!-- This site is optimized with the Yoast SEO plugin v27.4 - https:\/\/yoast.com\/product\/yoast-seo-wordpress\/ -->\n<title>Froissartage. Grand jeu dans la nature. - Soci\u00e9t\u00e9 Royale Foresti\u00e8re de Belgique<\/title>\n<meta name=\"robots\" content=\"index, follow, max-snippet:-1, max-image-preview:large, max-video-preview:-1\" \/>\n<link rel=\"canonical\" href=\"https:\/\/srfb.be\/en\/forest-shop\/froissartage-grand-jeu-dans-la-nature\/\" \/>\n<meta property=\"og:locale\" content=\"en_GB\" \/>\n<meta property=\"og:type\" content=\"article\" \/>\n<meta property=\"og:title\" content=\"Froissartage. Grand jeu dans la nature. - Soci\u00e9t\u00e9 Royale Foresti\u00e8re de Belgique\" \/>\n<meta property=\"og:description\" content=\"Vieux moyens, avec presque rien, d\u2019\u00eatre utile et de devenir habile Cette nouvelle \u00e9dition r\u00e9pond \u00e0 la demande de ceux qui aiment vivre dans la nature ! Pour la joie d\u2019exercer son ing\u00e9niosit\u00e9, son habilet\u00e9 et sa pers\u00e9v\u00e9rance sur un mat\u00e9riau noble, avec pour satisfaction finale l\u2019objet utile, confortable, ou beau. D\u00e8s 1936, Michel Froissart montra aux jeunes comment, avec quelques outils et un peu d\u2019astuce, ils pouvaient r\u00e9aliser sans clou ni ficelle, des installations en bois dans le respect de la for\u00eat. 17 x 24 cm, 192 pages\" \/>\n<meta property=\"og:url\" content=\"https:\/\/srfb.be\/en\/forest-shop\/froissartage-grand-jeu-dans-la-nature\/\" \/>\n<meta property=\"og:site_name\" content=\"Soci\u00e9t\u00e9 Royale Foresti\u00e8re de Belgique\" \/>\n<meta property=\"article:publisher\" content=\"https:\/\/www.facebook.com\/srfb.be\" \/>\n<meta property=\"article:modified_time\" content=\"2026-03-03T15:59:34+00:00\" \/>\n<meta property=\"og:image\" content=\"https:\/\/srfb.be\/wp-content\/uploads\/2020\/03\/Froissartage-scaled.jpg\" \/>\n\t<meta property=\"og:image:width\" content=\"1199\" \/>\n\t<meta property=\"og:image:height\" content=\"1700\" \/>\n\t<meta property=\"og:image:type\" content=\"image\/jpeg\" \/>\n<script type=\"application\/ld+json\" class=\"yoast-schema-graph\">{\"@context\":\"https:\\\/\\\/schema.org\",\"@graph\":[{\"@type\":\"WebPage\",\"@id\":\"https:\\\/\\\/srfb.be\\\/forest-shop\\\/froissartage-grand-jeu-dans-la-nature\\\/\",\"url\":\"https:\\\/\\\/srfb.be\\\/forest-shop\\\/froissartage-grand-jeu-dans-la-nature\\\/\",\"name\":\"Froissartage. Grand jeu dans la nature. - Soci\u00e9t\u00e9 Royale Foresti\u00e8re de Belgique\",\"isPartOf\":{\"@id\":\"https:\\\/\\\/kbbm.be\\\/en\\\/#website\"},\"primaryImageOfPage\":{\"@id\":\"https:\\\/\\\/srfb.be\\\/forest-shop\\\/froissartage-grand-jeu-dans-la-nature\\\/#primaryimage\"},\"image\":{\"@id\":\"https:\\\/\\\/srfb.be\\\/forest-shop\\\/froissartage-grand-jeu-dans-la-nature\\\/#primaryimage\"},\"thumbnailUrl\":\"https:\\\/\\\/srfb.be\\\/wp-content\\\/uploads\\\/2020\\\/03\\\/Froissartage-scaled.jpg\",\"datePublished\":\"2020-03-20T13:02:13+00:00\",\"dateModified\":\"2026-03-03T15:59:34+00:00\",\"breadcrumb\":{\"@id\":\"https:\\\/\\\/srfb.be\\\/forest-shop\\\/froissartage-grand-jeu-dans-la-nature\\\/#breadcrumb\"},\"inLanguage\":\"en-GB\",\"potentialAction\":[{\"@type\":\"ReadAction\",\"target\":[\"https:\\\/\\\/srfb.be\\\/forest-shop\\\/froissartage-grand-jeu-dans-la-nature\\\/\"]}]},{\"@type\":\"ImageObject\",\"inLanguage\":\"en-GB\",\"@id\":\"https:\\\/\\\/srfb.be\\\/forest-shop\\\/froissartage-grand-jeu-dans-la-nature\\\/#primaryimage\",\"url\":\"https:\\\/\\\/srfb.be\\\/wp-content\\\/uploads\\\/2020\\\/03\\\/Froissartage-scaled.jpg\",\"contentUrl\":\"https:\\\/\\\/srfb.be\\\/wp-content\\\/uploads\\\/2020\\\/03\\\/Froissartage-scaled.jpg\",\"width\":1199,\"height\":1700},{\"@type\":\"BreadcrumbList\",\"@id\":\"https:\\\/\\\/srfb.be\\\/forest-shop\\\/froissartage-grand-jeu-dans-la-nature\\\/#breadcrumb\",\"itemListElement\":[{\"@type\":\"ListItem\",\"position\":1,\"name\":\"Accueil\",\"item\":\"https:\\\/\\\/kbbm.be\\\/en\\\/\"},{\"@type\":\"ListItem\",\"position\":2,\"name\":\"Produits\",\"item\":\"https:\\\/\\\/srfb.be\\\/shop\\\/\"},{\"@type\":\"ListItem\",\"position\":3,\"name\":\"Froissartage. Grand jeu dans la nature.\"}]},{\"@type\":\"WebSite\",\"@id\":\"https:\\\/\\\/kbbm.be\\\/en\\\/#website\",\"url\":\"https:\\\/\\\/kbbm.be\\\/en\\\/\",\"name\":\"Soci\u00e9t\u00e9 Royale Foresti\u00e8re de Belgique\",\"description\":\"Au service de la for\u00eat et des forestiers\",\"publisher\":{\"@id\":\"https:\\\/\\\/kbbm.be\\\/en\\\/#organization\"},\"alternateName\":\"SRFB-KBBM\",\"potentialAction\":[{\"@type\":\"SearchAction\",\"target\":{\"@type\":\"EntryPoint\",\"urlTemplate\":\"https:\\\/\\\/kbbm.be\\\/en\\\/?s={search_term_string}\"},\"query-input\":{\"@type\":\"PropertyValueSpecification\",\"valueRequired\":true,\"valueName\":\"search_term_string\"}}],\"inLanguage\":\"en-GB\"},{\"@type\":\"Organization\",\"@id\":\"https:\\\/\\\/kbbm.be\\\/en\\\/#organization\",\"name\":\"Soci\u00e9t\u00e9 Royale Foresti\u00e8re De Belgique - Koninklijke Belgische Bosbouwmaatschappij\",\"alternateName\":\"SRFB-KBBM\",\"url\":\"https:\\\/\\\/kbbm.be\\\/en\\\/\",\"logo\":{\"@type\":\"ImageObject\",\"inLanguage\":\"en-GB\",\"@id\":\"https:\\\/\\\/kbbm.be\\\/en\\\/#\\\/schema\\\/logo\\\/image\\\/\",\"url\":\"https:\\\/\\\/srfb.be\\\/wp-content\\\/uploads\\\/2019\\\/06\\\/android-chrome-256x256.png\",\"contentUrl\":\"https:\\\/\\\/srfb.be\\\/wp-content\\\/uploads\\\/2019\\\/06\\\/android-chrome-256x256.png\",\"width\":1200,\"height\":1232,\"caption\":\"Soci\u00e9t\u00e9 Royale Foresti\u00e8re De Belgique - Koninklijke Belgische Bosbouwmaatschappij\"},\"image\":{\"@id\":\"https:\\\/\\\/kbbm.be\\\/en\\\/#\\\/schema\\\/logo\\\/image\\\/\"},\"sameAs\":[\"https:\\\/\\\/www.facebook.com\\\/srfb.be\",\"https:\\\/\\\/www.instagram.com\\\/srfb_kbbm\\\/\",\"https:\\\/\\\/www.linkedin.com\\\/company\\\/srfb-kbbm\\\/\",\"https:\\\/\\\/www.youtube.com\\\/user\\\/srfbkbbm\"]}]}<\/script>\n<!-- \/ Yoast SEO plugin. -->","yoast_head_json":{"title":"Froissartage. Big game in nature. - Royal Forestry Society of Belgium","robots":{"index":"index","follow":"follow","max-snippet":"max-snippet:-1","max-image-preview":"max-image-preview:large","max-video-preview":"max-video-preview:-1"},"canonical":"https:\/\/srfb.be\/en\/forest-shop\/froissartage-grand-jeu-dans-la-nature\/","og_locale":"en_GB","og_type":"article","og_title":"Froissartage. Grand jeu dans la nature. - Soci\u00e9t\u00e9 Royale Foresti\u00e8re de Belgique","og_description":"Vieux moyens, avec presque rien, d\u2019\u00eatre utile et de devenir habile Cette nouvelle \u00e9dition r\u00e9pond \u00e0 la demande de ceux qui aiment vivre dans la nature ! Pour la joie d\u2019exercer son ing\u00e9niosit\u00e9, son habilet\u00e9 et sa pers\u00e9v\u00e9rance sur un mat\u00e9riau noble, avec pour satisfaction finale l\u2019objet utile, confortable, ou beau. D\u00e8s 1936, Michel Froissart montra aux jeunes comment, avec quelques outils et un peu d\u2019astuce, ils pouvaient r\u00e9aliser sans clou ni ficelle, des installations en bois dans le respect de la for\u00eat. 17 x 24 cm, 192 pages","og_url":"https:\/\/srfb.be\/en\/forest-shop\/froissartage-grand-jeu-dans-la-nature\/","og_site_name":"Soci\u00e9t\u00e9 Royale Foresti\u00e8re de Belgique","article_publisher":"https:\/\/www.facebook.com\/srfb.be","article_modified_time":"2026-03-03T15:59:34+00:00","og_image":[{"width":1199,"height":1700,"url":"https:\/\/srfb.be\/wp-content\/uploads\/2020\/03\/Froissartage-scaled.jpg","type":"image\/jpeg"}],"schema":{"@context":"https:\/\/schema.org","@graph":[{"@type":"WebPage","@id":"https:\/\/srfb.be\/forest-shop\/froissartage-grand-jeu-dans-la-nature\/","url":"https:\/\/srfb.be\/forest-shop\/froissartage-grand-jeu-dans-la-nature\/","name":"Froissartage. Big game in nature. - Royal Forestry Society of Belgium","isPartOf":{"@id":"https:\/\/kbbm.be\/en\/#website"},"primaryImageOfPage":{"@id":"https:\/\/srfb.be\/forest-shop\/froissartage-grand-jeu-dans-la-nature\/#primaryimage"},"image":{"@id":"https:\/\/srfb.be\/forest-shop\/froissartage-grand-jeu-dans-la-nature\/#primaryimage"},"thumbnailUrl":"https:\/\/srfb.be\/wp-content\/uploads\/2020\/03\/Froissartage-scaled.jpg","datePublished":"2020-03-20T13:02:13+00:00","dateModified":"2026-03-03T15:59:34+00:00","breadcrumb":{"@id":"https:\/\/srfb.be\/forest-shop\/froissartage-grand-jeu-dans-la-nature\/#breadcrumb"},"inLanguage":"en-GB","potentialAction":[{"@type":"ReadAction","target":["https:\/\/srfb.be\/forest-shop\/froissartage-grand-jeu-dans-la-nature\/"]}]},{"@type":"ImageObject","inLanguage":"en-GB","@id":"https:\/\/srfb.be\/forest-shop\/froissartage-grand-jeu-dans-la-nature\/#primaryimage","url":"https:\/\/srfb.be\/wp-content\/uploads\/2020\/03\/Froissartage-scaled.jpg","contentUrl":"https:\/\/srfb.be\/wp-content\/uploads\/2020\/03\/Froissartage-scaled.jpg","width":1199,"height":1700},{"@type":"BreadcrumbList","@id":"https:\/\/srfb.be\/forest-shop\/froissartage-grand-jeu-dans-la-nature\/#breadcrumb","itemListElement":[{"@type":"ListItem","position":1,"name":"Accueil","item":"https:\/\/kbbm.be\/en\/"},{"@type":"ListItem","position":2,"name":"Produits","item":"https:\/\/srfb.be\/shop\/"},{"@type":"ListItem","position":3,"name":"Froissartage. Grand jeu dans la nature."}]},{"@type":"WebSite","@id":"https:\/\/kbbm.be\/en\/#website","url":"https:\/\/kbbm.be\/en\/","name":"Royal Forestry Society of Belgium","description":"Serving forests and foresters","publisher":{"@id":"https:\/\/kbbm.be\/en\/#organization"},"alternateName":"SRFB-KBBM","potentialAction":[{"@type":"SearchAction","target":{"@type":"EntryPoint","urlTemplate":"https:\/\/kbbm.be\/en\/?s={search_term_string}"},"query-input":{"@type":"PropertyValueSpecification","valueRequired":true,"valueName":"search_term_string"}}],"inLanguage":"en-GB"},{"@type":"Organization","@id":"https:\/\/kbbm.be\/en\/#organization","name":"Soci\u00e9t\u00e9 Royale Foresti\u00e8re De Belgique - Koninklijke Belgische Bosbouwmaatschappij","alternateName":"SRFB-KBBM","url":"https:\/\/kbbm.be\/en\/","logo":{"@type":"ImageObject","inLanguage":"en-GB","@id":"https:\/\/kbbm.be\/en\/#\/schema\/logo\/image\/","url":"https:\/\/srfb.be\/wp-content\/uploads\/2019\/06\/android-chrome-256x256.png","contentUrl":"https:\/\/srfb.be\/wp-content\/uploads\/2019\/06\/android-chrome-256x256.png","width":1200,"height":1232,"caption":"Soci\u00e9t\u00e9 Royale Foresti\u00e8re De Belgique - Koninklijke Belgische Bosbouwmaatschappij"},"image":{"@id":"https:\/\/kbbm.be\/en\/#\/schema\/logo\/image\/"},"sameAs":["https:\/\/www.facebook.com\/srfb.be","https:\/\/www.instagram.com\/srfb_kbbm\/","https:\/\/www.linkedin.com\/company\/srfb-kbbm\/","https:\/\/www.youtube.com\/user\/srfbkbbm"]}]}},"_links":{"self":[{"href":"https:\/\/srfb.be\/en\/wp-json\/wp\/v2\/product\/10794","targetHints":{"allow":["GET"]}}],"collection":[{"href":"https:\/\/srfb.be\/en\/wp-json\/wp\/v2\/product"}],"about":[{"href":"https:\/\/srfb.be\/en\/wp-json\/wp\/v2\/types\/product"}],"replies":[{"embeddable":true,"href":"https:\/\/srfb.be\/en\/wp-json\/wp\/v2\/comments?post=10794"}],"wp:featuredmedia":[{"embeddable":true,"href":"https:\/\/srfb.be\/en\/wp-json\/wp\/v2\/media\/10799"}],"wp:attachment":[{"href":"https:\/\/srfb.be\/en\/wp-json\/wp\/v2\/media?parent=10794"}],"wp:term":[{"taxonomy":"product_brand","embeddable":true,"href":"https:\/\/srfb.be\/en\/wp-json\/wp\/v2\/product_brand?post=10794"},{"taxonomy":"product_cat","embeddable":true,"href":"https:\/\/srfb.be\/en\/wp-json\/wp\/v2\/product_cat?post=10794"},{"taxonomy":"product_tag","embeddable":true,"href":"https:\/\/srfb.be\/en\/wp-json\/wp\/v2\/product_tag?post=10794"}],"curies":[{"name":"wp","href":"https:\/\/api.w.org\/{rel}","templated":true}]}}