{"id":10699,"date":"2020-03-19T16:55:20","date_gmt":"2020-03-19T16:55:20","guid":{"rendered":"https:\/\/new.srfb.be\/?post_type=product&#038;p=10699"},"modified":"2024-03-09T07:48:54","modified_gmt":"2024-03-09T06:48:54","slug":"culture-des-chenaies-irregulieres","status":"publish","type":"product","link":"https:\/\/srfb.be\/en\/forest-shop\/culture-des-chenaies-irregulieres\/","title":{"rendered":"Cultivation of irregular oak forests"},"content":{"rendered":"","protected":false},"excerpt":{"rendered":"<p>Economic, social and environmental changes are encouraging public and private landowners to return to natural woodland, thereby encouraging a mix of ages and sizes and natural regeneration, in the hope of achieving sustainable development of the forest, sustained production, clear-cutting limited to small areas and, finally, a satisfactory and relatively constant income.<br \/>\n15 x 23 cm, 360 pages<\/p>\n<p>Authors : <strong>Anne Bary-Lenger &amp; Jean-Paul Nebout<br \/>\n<\/strong>Publisher: <strong>\u00c9ditions du Perron<\/strong><\/p>","protected":false},"featured_media":10700,"comment_status":"open","ping_status":"closed","template":"","meta":{"iawp_total_views":60},"product_brand":[],"product_cat":[314],"product_tag":[],"class_list":{"0":"post-10699","1":"product","2":"type-product","3":"status-publish","4":"has-post-thumbnail","6":"product_cat-sylviculture","8":"first","9":"instock","10":"shipping-taxable","11":"purchasable","12":"product-type-simple"},"yoast_head":"<!-- This site is optimized with the Yoast SEO plugin v27.4 - https:\/\/yoast.com\/product\/yoast-seo-wordpress\/ -->\n<title>Culture des ch\u00eanaies irr\u00e9guli\u00e8res - Soci\u00e9t\u00e9 Royale Foresti\u00e8re de Belgique<\/title>\n<meta name=\"robots\" content=\"index, follow, max-snippet:-1, max-image-preview:large, max-video-preview:-1\" \/>\n<link rel=\"canonical\" href=\"https:\/\/srfb.be\/en\/forest-shop\/culture-des-chenaies-irregulieres\/\" \/>\n<meta property=\"og:locale\" content=\"en_GB\" \/>\n<meta property=\"og:type\" content=\"article\" \/>\n<meta property=\"og:title\" content=\"Culture des ch\u00eanaies irr\u00e9guli\u00e8res - Soci\u00e9t\u00e9 Royale Foresti\u00e8re de Belgique\" \/>\n<meta property=\"og:description\" content=\"Les mutations \u00e9conomiques, sociales et environnementales incitent les propri\u00e9taires publics et priv\u00e9s \u00e0 un certain retour \u00e0 la for\u00eat naturelle, \u00e0 favoriser de ce fait le m\u00e9lange des \u00e2ges et des dimensions, la r\u00e9g\u00e9n\u00e9ration naturelle, dans l\u2019espoir d\u2019obtenir ainsi un d\u00e9veloppement durable de la for\u00eat, une production soutenue, des coupes rases limit\u00e9es \u00e0 de petites \u00e9tendues et finalement, un revenu satisfaisant et relativement constant. 15 x 23 cm, 360 pages  Auteurs : Anne Bary-Lenger &amp; Jean-Paul Nebout \u00c9diteur : \u00c9ditions du Perron\" \/>\n<meta property=\"og:url\" content=\"https:\/\/srfb.be\/en\/forest-shop\/culture-des-chenaies-irregulieres\/\" \/>\n<meta property=\"og:site_name\" content=\"Soci\u00e9t\u00e9 Royale Foresti\u00e8re de Belgique\" \/>\n<meta property=\"article:publisher\" content=\"https:\/\/www.facebook.com\/srfb.be\" \/>\n<meta property=\"article:modified_time\" content=\"2024-03-09T06:48:54+00:00\" \/>\n<meta property=\"og:image\" content=\"https:\/\/srfb.be\/wp-content\/uploads\/2020\/03\/ch\u00eanaies-irr\u00e9guli\u00e8res.jpg\" \/>\n\t<meta property=\"og:image:width\" content=\"1125\" \/>\n\t<meta property=\"og:image:height\" content=\"1700\" \/>\n\t<meta property=\"og:image:type\" content=\"image\/jpeg\" \/>\n<script type=\"application\/ld+json\" class=\"yoast-schema-graph\">{\"@context\":\"https:\\\/\\\/schema.org\",\"@graph\":[{\"@type\":\"WebPage\",\"@id\":\"https:\\\/\\\/srfb.be\\\/de\\\/forest-shop\\\/culture-des-chenaies-irregulieres\\\/\",\"url\":\"https:\\\/\\\/srfb.be\\\/de\\\/forest-shop\\\/culture-des-chenaies-irregulieres\\\/\",\"name\":\"Culture des ch\u00eanaies irr\u00e9guli\u00e8res - Soci\u00e9t\u00e9 Royale Foresti\u00e8re de Belgique\",\"isPartOf\":{\"@id\":\"https:\\\/\\\/kbbm.be\\\/en\\\/#website\"},\"primaryImageOfPage\":{\"@id\":\"https:\\\/\\\/srfb.be\\\/de\\\/forest-shop\\\/culture-des-chenaies-irregulieres\\\/#primaryimage\"},\"image\":{\"@id\":\"https:\\\/\\\/srfb.be\\\/de\\\/forest-shop\\\/culture-des-chenaies-irregulieres\\\/#primaryimage\"},\"thumbnailUrl\":\"https:\\\/\\\/srfb.be\\\/wp-content\\\/uploads\\\/2020\\\/03\\\/ch\u00eanaies-irr\u00e9guli\u00e8res.jpg\",\"datePublished\":\"2020-03-19T16:55:20+00:00\",\"dateModified\":\"2024-03-09T06:48:54+00:00\",\"breadcrumb\":{\"@id\":\"https:\\\/\\\/srfb.be\\\/de\\\/forest-shop\\\/culture-des-chenaies-irregulieres\\\/#breadcrumb\"},\"inLanguage\":\"en-GB\",\"potentialAction\":[{\"@type\":\"ReadAction\",\"target\":[\"https:\\\/\\\/srfb.be\\\/de\\\/forest-shop\\\/culture-des-chenaies-irregulieres\\\/\"]}]},{\"@type\":\"ImageObject\",\"inLanguage\":\"en-GB\",\"@id\":\"https:\\\/\\\/srfb.be\\\/de\\\/forest-shop\\\/culture-des-chenaies-irregulieres\\\/#primaryimage\",\"url\":\"https:\\\/\\\/srfb.be\\\/wp-content\\\/uploads\\\/2020\\\/03\\\/ch\u00eanaies-irr\u00e9guli\u00e8res.jpg\",\"contentUrl\":\"https:\\\/\\\/srfb.be\\\/wp-content\\\/uploads\\\/2020\\\/03\\\/ch\u00eanaies-irr\u00e9guli\u00e8res.jpg\",\"width\":1125,\"height\":1700},{\"@type\":\"BreadcrumbList\",\"@id\":\"https:\\\/\\\/srfb.be\\\/de\\\/forest-shop\\\/culture-des-chenaies-irregulieres\\\/#breadcrumb\",\"itemListElement\":[{\"@type\":\"ListItem\",\"position\":1,\"name\":\"Accueil\",\"item\":\"https:\\\/\\\/kbbm.be\\\/en\\\/\"},{\"@type\":\"ListItem\",\"position\":2,\"name\":\"Produits\",\"item\":\"https:\\\/\\\/srfb.be\\\/shop\\\/\"},{\"@type\":\"ListItem\",\"position\":3,\"name\":\"Culture des ch\u00eanaies irr\u00e9guli\u00e8res\"}]},{\"@type\":\"WebSite\",\"@id\":\"https:\\\/\\\/kbbm.be\\\/en\\\/#website\",\"url\":\"https:\\\/\\\/kbbm.be\\\/en\\\/\",\"name\":\"Soci\u00e9t\u00e9 Royale Foresti\u00e8re de Belgique\",\"description\":\"Au service de la for\u00eat et des forestiers\",\"publisher\":{\"@id\":\"https:\\\/\\\/kbbm.be\\\/en\\\/#organization\"},\"alternateName\":\"SRFB-KBBM\",\"potentialAction\":[{\"@type\":\"SearchAction\",\"target\":{\"@type\":\"EntryPoint\",\"urlTemplate\":\"https:\\\/\\\/kbbm.be\\\/en\\\/?s={search_term_string}\"},\"query-input\":{\"@type\":\"PropertyValueSpecification\",\"valueRequired\":true,\"valueName\":\"search_term_string\"}}],\"inLanguage\":\"en-GB\"},{\"@type\":\"Organization\",\"@id\":\"https:\\\/\\\/kbbm.be\\\/en\\\/#organization\",\"name\":\"Soci\u00e9t\u00e9 Royale Foresti\u00e8re De Belgique - Koninklijke Belgische Bosbouwmaatschappij\",\"alternateName\":\"SRFB-KBBM\",\"url\":\"https:\\\/\\\/kbbm.be\\\/en\\\/\",\"logo\":{\"@type\":\"ImageObject\",\"inLanguage\":\"en-GB\",\"@id\":\"https:\\\/\\\/kbbm.be\\\/en\\\/#\\\/schema\\\/logo\\\/image\\\/\",\"url\":\"https:\\\/\\\/srfb.be\\\/wp-content\\\/uploads\\\/2019\\\/06\\\/android-chrome-256x256.png\",\"contentUrl\":\"https:\\\/\\\/srfb.be\\\/wp-content\\\/uploads\\\/2019\\\/06\\\/android-chrome-256x256.png\",\"width\":1200,\"height\":1232,\"caption\":\"Soci\u00e9t\u00e9 Royale Foresti\u00e8re De Belgique - Koninklijke Belgische Bosbouwmaatschappij\"},\"image\":{\"@id\":\"https:\\\/\\\/kbbm.be\\\/en\\\/#\\\/schema\\\/logo\\\/image\\\/\"},\"sameAs\":[\"https:\\\/\\\/www.facebook.com\\\/srfb.be\",\"https:\\\/\\\/www.instagram.com\\\/srfb_kbbm\\\/\",\"https:\\\/\\\/www.linkedin.com\\\/company\\\/srfb-kbbm\\\/\",\"https:\\\/\\\/www.youtube.com\\\/user\\\/srfbkbbm\"]}]}<\/script>\n<!-- \/ Yoast SEO plugin. -->","yoast_head_json":{"title":"Cultivation of irregular oak forests - Soci\u00e9t\u00e9 Royale Foresti\u00e8re de Belgique","robots":{"index":"index","follow":"follow","max-snippet":"max-snippet:-1","max-image-preview":"max-image-preview:large","max-video-preview":"max-video-preview:-1"},"canonical":"https:\/\/srfb.be\/en\/forest-shop\/culture-des-chenaies-irregulieres\/","og_locale":"en_GB","og_type":"article","og_title":"Culture des ch\u00eanaies irr\u00e9guli\u00e8res - Soci\u00e9t\u00e9 Royale Foresti\u00e8re de Belgique","og_description":"Les mutations \u00e9conomiques, sociales et environnementales incitent les propri\u00e9taires publics et priv\u00e9s \u00e0 un certain retour \u00e0 la for\u00eat naturelle, \u00e0 favoriser de ce fait le m\u00e9lange des \u00e2ges et des dimensions, la r\u00e9g\u00e9n\u00e9ration naturelle, dans l\u2019espoir d\u2019obtenir ainsi un d\u00e9veloppement durable de la for\u00eat, une production soutenue, des coupes rases limit\u00e9es \u00e0 de petites \u00e9tendues et finalement, un revenu satisfaisant et relativement constant. 15 x 23 cm, 360 pages  Auteurs : Anne Bary-Lenger &amp; Jean-Paul Nebout \u00c9diteur : \u00c9ditions du Perron","og_url":"https:\/\/srfb.be\/en\/forest-shop\/culture-des-chenaies-irregulieres\/","og_site_name":"Soci\u00e9t\u00e9 Royale Foresti\u00e8re de Belgique","article_publisher":"https:\/\/www.facebook.com\/srfb.be","article_modified_time":"2024-03-09T06:48:54+00:00","og_image":[{"width":1125,"height":1700,"url":"https:\/\/srfb.be\/wp-content\/uploads\/2020\/03\/ch\u00eanaies-irr\u00e9guli\u00e8res.jpg","type":"image\/jpeg"}],"schema":{"@context":"https:\/\/schema.org","@graph":[{"@type":"WebPage","@id":"https:\/\/srfb.be\/de\/forest-shop\/culture-des-chenaies-irregulieres\/","url":"https:\/\/srfb.be\/de\/forest-shop\/culture-des-chenaies-irregulieres\/","name":"Cultivation of irregular oak forests - Soci\u00e9t\u00e9 Royale Foresti\u00e8re de Belgique","isPartOf":{"@id":"https:\/\/kbbm.be\/en\/#website"},"primaryImageOfPage":{"@id":"https:\/\/srfb.be\/de\/forest-shop\/culture-des-chenaies-irregulieres\/#primaryimage"},"image":{"@id":"https:\/\/srfb.be\/de\/forest-shop\/culture-des-chenaies-irregulieres\/#primaryimage"},"thumbnailUrl":"https:\/\/srfb.be\/wp-content\/uploads\/2020\/03\/ch\u00eanaies-irr\u00e9guli\u00e8res.jpg","datePublished":"2020-03-19T16:55:20+00:00","dateModified":"2024-03-09T06:48:54+00:00","breadcrumb":{"@id":"https:\/\/srfb.be\/de\/forest-shop\/culture-des-chenaies-irregulieres\/#breadcrumb"},"inLanguage":"en-GB","potentialAction":[{"@type":"ReadAction","target":["https:\/\/srfb.be\/de\/forest-shop\/culture-des-chenaies-irregulieres\/"]}]},{"@type":"ImageObject","inLanguage":"en-GB","@id":"https:\/\/srfb.be\/de\/forest-shop\/culture-des-chenaies-irregulieres\/#primaryimage","url":"https:\/\/srfb.be\/wp-content\/uploads\/2020\/03\/ch\u00eanaies-irr\u00e9guli\u00e8res.jpg","contentUrl":"https:\/\/srfb.be\/wp-content\/uploads\/2020\/03\/ch\u00eanaies-irr\u00e9guli\u00e8res.jpg","width":1125,"height":1700},{"@type":"BreadcrumbList","@id":"https:\/\/srfb.be\/de\/forest-shop\/culture-des-chenaies-irregulieres\/#breadcrumb","itemListElement":[{"@type":"ListItem","position":1,"name":"Accueil","item":"https:\/\/kbbm.be\/en\/"},{"@type":"ListItem","position":2,"name":"Produits","item":"https:\/\/srfb.be\/shop\/"},{"@type":"ListItem","position":3,"name":"Culture des ch\u00eanaies irr\u00e9guli\u00e8res"}]},{"@type":"WebSite","@id":"https:\/\/kbbm.be\/en\/#website","url":"https:\/\/kbbm.be\/en\/","name":"Royal Forestry Society of Belgium","description":"Serving forests and foresters","publisher":{"@id":"https:\/\/kbbm.be\/en\/#organization"},"alternateName":"SRFB-KBBM","potentialAction":[{"@type":"SearchAction","target":{"@type":"EntryPoint","urlTemplate":"https:\/\/kbbm.be\/en\/?s={search_term_string}"},"query-input":{"@type":"PropertyValueSpecification","valueRequired":true,"valueName":"search_term_string"}}],"inLanguage":"en-GB"},{"@type":"Organization","@id":"https:\/\/kbbm.be\/en\/#organization","name":"Soci\u00e9t\u00e9 Royale Foresti\u00e8re De Belgique - Koninklijke Belgische Bosbouwmaatschappij","alternateName":"SRFB-KBBM","url":"https:\/\/kbbm.be\/en\/","logo":{"@type":"ImageObject","inLanguage":"en-GB","@id":"https:\/\/kbbm.be\/en\/#\/schema\/logo\/image\/","url":"https:\/\/srfb.be\/wp-content\/uploads\/2019\/06\/android-chrome-256x256.png","contentUrl":"https:\/\/srfb.be\/wp-content\/uploads\/2019\/06\/android-chrome-256x256.png","width":1200,"height":1232,"caption":"Soci\u00e9t\u00e9 Royale Foresti\u00e8re De Belgique - Koninklijke Belgische Bosbouwmaatschappij"},"image":{"@id":"https:\/\/kbbm.be\/en\/#\/schema\/logo\/image\/"},"sameAs":["https:\/\/www.facebook.com\/srfb.be","https:\/\/www.instagram.com\/srfb_kbbm\/","https:\/\/www.linkedin.com\/company\/srfb-kbbm\/","https:\/\/www.youtube.com\/user\/srfbkbbm"]}]}},"_links":{"self":[{"href":"https:\/\/srfb.be\/en\/wp-json\/wp\/v2\/product\/10699","targetHints":{"allow":["GET"]}}],"collection":[{"href":"https:\/\/srfb.be\/en\/wp-json\/wp\/v2\/product"}],"about":[{"href":"https:\/\/srfb.be\/en\/wp-json\/wp\/v2\/types\/product"}],"replies":[{"embeddable":true,"href":"https:\/\/srfb.be\/en\/wp-json\/wp\/v2\/comments?post=10699"}],"wp:featuredmedia":[{"embeddable":true,"href":"https:\/\/srfb.be\/en\/wp-json\/wp\/v2\/media\/10700"}],"wp:attachment":[{"href":"https:\/\/srfb.be\/en\/wp-json\/wp\/v2\/media?parent=10699"}],"wp:term":[{"taxonomy":"product_brand","embeddable":true,"href":"https:\/\/srfb.be\/en\/wp-json\/wp\/v2\/product_brand?post=10699"},{"taxonomy":"product_cat","embeddable":true,"href":"https:\/\/srfb.be\/en\/wp-json\/wp\/v2\/product_cat?post=10699"},{"taxonomy":"product_tag","embeddable":true,"href":"https:\/\/srfb.be\/en\/wp-json\/wp\/v2\/product_tag?post=10699"}],"curies":[{"name":"wp","href":"https:\/\/api.w.org\/{rel}","templated":true}]}}