{"id":10682,"date":"2020-03-19T16:23:49","date_gmt":"2020-03-19T15:23:49","guid":{"rendered":"https:\/\/new.srfb.be\/?post_type=product&#038;p=10682"},"modified":"2026-03-03T17:02:58","modified_gmt":"2026-03-03T16:02:58","slug":"laulne-glutineux-ses-stations-et-sa-sylviculture","status":"publish","type":"product","link":"https:\/\/srfb.be\/en\/forest-shop\/laulne-glutineux-ses-stations-et-sa-sylviculture\/","title":{"rendered":"Black alder, its sites and silviculture"},"content":{"rendered":"","protected":false},"excerpt":{"rendered":"<p>A species of prime importance in ecosystems of great interest, for the conservation of biodiversity or for the protection of soil and water resources, alder, properly managed by the silviculturist, can also produce high-quality timber.<br \/>\n23 x 15 cm, 194 pages<\/p>","protected":false},"featured_media":10683,"comment_status":"open","ping_status":"closed","template":"","meta":{"iawp_total_views":85},"product_brand":[],"product_cat":[691,314],"product_tag":[],"class_list":{"0":"post-10682","1":"product","2":"type-product","3":"status-publish","4":"has-post-thumbnail","6":"product_cat-biodiversite","7":"product_cat-sylviculture","9":"first","10":"instock","11":"shipping-taxable","12":"purchasable","13":"product-type-simple"},"yoast_head":"<!-- This site is optimized with the Yoast SEO plugin v27.4 - https:\/\/yoast.com\/product\/yoast-seo-wordpress\/ -->\n<title>L\u2019aulne glutineux, ses stations et sa sylviculture - Soci\u00e9t\u00e9 Royale Foresti\u00e8re de Belgique<\/title>\n<meta name=\"robots\" content=\"index, follow, max-snippet:-1, max-image-preview:large, max-video-preview:-1\" \/>\n<link rel=\"canonical\" href=\"https:\/\/srfb.be\/en\/forest-shop\/laulne-glutineux-ses-stations-et-sa-sylviculture\/\" \/>\n<meta property=\"og:locale\" content=\"en_GB\" \/>\n<meta property=\"og:type\" content=\"article\" \/>\n<meta property=\"og:title\" content=\"L\u2019aulne glutineux, ses stations et sa sylviculture - Soci\u00e9t\u00e9 Royale Foresti\u00e8re de Belgique\" \/>\n<meta property=\"og:description\" content=\"Esp\u00e8ce de premi\u00e8re importance dans des \u00e9cosyst\u00e8mes de grand int\u00e9r\u00eat, pour la conservation de la biodiversit\u00e9 ou encore pour la protection des sols et des ressources en eau, l\u2019aulne, bien conduit par le sylviculteur, peut aussi produire un bois de haute qualit\u00e9. 23 x 15 cm, 194 pages\" \/>\n<meta property=\"og:url\" content=\"https:\/\/srfb.be\/en\/forest-shop\/laulne-glutineux-ses-stations-et-sa-sylviculture\/\" \/>\n<meta property=\"og:site_name\" content=\"Soci\u00e9t\u00e9 Royale Foresti\u00e8re de Belgique\" \/>\n<meta property=\"article:publisher\" content=\"https:\/\/www.facebook.com\/srfb.be\" \/>\n<meta property=\"article:modified_time\" content=\"2026-03-03T16:02:58+00:00\" \/>\n<meta property=\"og:image\" content=\"https:\/\/srfb.be\/wp-content\/uploads\/2020\/03\/sylvi-aulne-scaled.jpg\" \/>\n\t<meta property=\"og:image:width\" content=\"1170\" \/>\n\t<meta property=\"og:image:height\" content=\"1700\" \/>\n\t<meta property=\"og:image:type\" content=\"image\/jpeg\" \/>\n<script type=\"application\/ld+json\" class=\"yoast-schema-graph\">{\"@context\":\"https:\\\/\\\/schema.org\",\"@graph\":[{\"@type\":\"WebPage\",\"@id\":\"https:\\\/\\\/srfb.be\\\/forest-shop\\\/laulne-glutineux-ses-stations-et-sa-sylviculture\\\/\",\"url\":\"https:\\\/\\\/srfb.be\\\/forest-shop\\\/laulne-glutineux-ses-stations-et-sa-sylviculture\\\/\",\"name\":\"L\u2019aulne glutineux, ses stations et sa sylviculture - Soci\u00e9t\u00e9 Royale Foresti\u00e8re de Belgique\",\"isPartOf\":{\"@id\":\"https:\\\/\\\/kbbm.be\\\/en\\\/#website\"},\"primaryImageOfPage\":{\"@id\":\"https:\\\/\\\/srfb.be\\\/forest-shop\\\/laulne-glutineux-ses-stations-et-sa-sylviculture\\\/#primaryimage\"},\"image\":{\"@id\":\"https:\\\/\\\/srfb.be\\\/forest-shop\\\/laulne-glutineux-ses-stations-et-sa-sylviculture\\\/#primaryimage\"},\"thumbnailUrl\":\"https:\\\/\\\/srfb.be\\\/wp-content\\\/uploads\\\/2020\\\/03\\\/sylvi-aulne-scaled.jpg\",\"datePublished\":\"2020-03-19T15:23:49+00:00\",\"dateModified\":\"2026-03-03T16:02:58+00:00\",\"breadcrumb\":{\"@id\":\"https:\\\/\\\/srfb.be\\\/forest-shop\\\/laulne-glutineux-ses-stations-et-sa-sylviculture\\\/#breadcrumb\"},\"inLanguage\":\"en-GB\",\"potentialAction\":[{\"@type\":\"ReadAction\",\"target\":[\"https:\\\/\\\/srfb.be\\\/forest-shop\\\/laulne-glutineux-ses-stations-et-sa-sylviculture\\\/\"]}]},{\"@type\":\"ImageObject\",\"inLanguage\":\"en-GB\",\"@id\":\"https:\\\/\\\/srfb.be\\\/forest-shop\\\/laulne-glutineux-ses-stations-et-sa-sylviculture\\\/#primaryimage\",\"url\":\"https:\\\/\\\/srfb.be\\\/wp-content\\\/uploads\\\/2020\\\/03\\\/sylvi-aulne-scaled.jpg\",\"contentUrl\":\"https:\\\/\\\/srfb.be\\\/wp-content\\\/uploads\\\/2020\\\/03\\\/sylvi-aulne-scaled.jpg\",\"width\":1170,\"height\":1700},{\"@type\":\"BreadcrumbList\",\"@id\":\"https:\\\/\\\/srfb.be\\\/forest-shop\\\/laulne-glutineux-ses-stations-et-sa-sylviculture\\\/#breadcrumb\",\"itemListElement\":[{\"@type\":\"ListItem\",\"position\":1,\"name\":\"Accueil\",\"item\":\"https:\\\/\\\/kbbm.be\\\/en\\\/\"},{\"@type\":\"ListItem\",\"position\":2,\"name\":\"Produits\",\"item\":\"https:\\\/\\\/srfb.be\\\/shop\\\/\"},{\"@type\":\"ListItem\",\"position\":3,\"name\":\"L\u2019aulne glutineux, ses stations et sa sylviculture\"}]},{\"@type\":\"WebSite\",\"@id\":\"https:\\\/\\\/kbbm.be\\\/en\\\/#website\",\"url\":\"https:\\\/\\\/kbbm.be\\\/en\\\/\",\"name\":\"Soci\u00e9t\u00e9 Royale Foresti\u00e8re de Belgique\",\"description\":\"Au service de la for\u00eat et des forestiers\",\"publisher\":{\"@id\":\"https:\\\/\\\/kbbm.be\\\/en\\\/#organization\"},\"alternateName\":\"SRFB-KBBM\",\"potentialAction\":[{\"@type\":\"SearchAction\",\"target\":{\"@type\":\"EntryPoint\",\"urlTemplate\":\"https:\\\/\\\/kbbm.be\\\/en\\\/?s={search_term_string}\"},\"query-input\":{\"@type\":\"PropertyValueSpecification\",\"valueRequired\":true,\"valueName\":\"search_term_string\"}}],\"inLanguage\":\"en-GB\"},{\"@type\":\"Organization\",\"@id\":\"https:\\\/\\\/kbbm.be\\\/en\\\/#organization\",\"name\":\"Soci\u00e9t\u00e9 Royale Foresti\u00e8re De Belgique - Koninklijke Belgische Bosbouwmaatschappij\",\"alternateName\":\"SRFB-KBBM\",\"url\":\"https:\\\/\\\/kbbm.be\\\/en\\\/\",\"logo\":{\"@type\":\"ImageObject\",\"inLanguage\":\"en-GB\",\"@id\":\"https:\\\/\\\/kbbm.be\\\/en\\\/#\\\/schema\\\/logo\\\/image\\\/\",\"url\":\"https:\\\/\\\/srfb.be\\\/wp-content\\\/uploads\\\/2019\\\/06\\\/android-chrome-256x256.png\",\"contentUrl\":\"https:\\\/\\\/srfb.be\\\/wp-content\\\/uploads\\\/2019\\\/06\\\/android-chrome-256x256.png\",\"width\":1200,\"height\":1232,\"caption\":\"Soci\u00e9t\u00e9 Royale Foresti\u00e8re De Belgique - Koninklijke Belgische Bosbouwmaatschappij\"},\"image\":{\"@id\":\"https:\\\/\\\/kbbm.be\\\/en\\\/#\\\/schema\\\/logo\\\/image\\\/\"},\"sameAs\":[\"https:\\\/\\\/www.facebook.com\\\/srfb.be\",\"https:\\\/\\\/www.instagram.com\\\/srfb_kbbm\\\/\",\"https:\\\/\\\/www.linkedin.com\\\/company\\\/srfb-kbbm\\\/\",\"https:\\\/\\\/www.youtube.com\\\/user\\\/srfbkbbm\"]}]}<\/script>\n<!-- \/ Yoast SEO plugin. -->","yoast_head_json":{"title":"Black alder, its sites and silviculture - Soci\u00e9t\u00e9 Royale Foresti\u00e8re de Belgique","robots":{"index":"index","follow":"follow","max-snippet":"max-snippet:-1","max-image-preview":"max-image-preview:large","max-video-preview":"max-video-preview:-1"},"canonical":"https:\/\/srfb.be\/en\/forest-shop\/laulne-glutineux-ses-stations-et-sa-sylviculture\/","og_locale":"en_GB","og_type":"article","og_title":"L\u2019aulne glutineux, ses stations et sa sylviculture - Soci\u00e9t\u00e9 Royale Foresti\u00e8re de Belgique","og_description":"Esp\u00e8ce de premi\u00e8re importance dans des \u00e9cosyst\u00e8mes de grand int\u00e9r\u00eat, pour la conservation de la biodiversit\u00e9 ou encore pour la protection des sols et des ressources en eau, l\u2019aulne, bien conduit par le sylviculteur, peut aussi produire un bois de haute qualit\u00e9. 23 x 15 cm, 194 pages","og_url":"https:\/\/srfb.be\/en\/forest-shop\/laulne-glutineux-ses-stations-et-sa-sylviculture\/","og_site_name":"Soci\u00e9t\u00e9 Royale Foresti\u00e8re de Belgique","article_publisher":"https:\/\/www.facebook.com\/srfb.be","article_modified_time":"2026-03-03T16:02:58+00:00","og_image":[{"width":1170,"height":1700,"url":"https:\/\/srfb.be\/wp-content\/uploads\/2020\/03\/sylvi-aulne-scaled.jpg","type":"image\/jpeg"}],"schema":{"@context":"https:\/\/schema.org","@graph":[{"@type":"WebPage","@id":"https:\/\/srfb.be\/forest-shop\/laulne-glutineux-ses-stations-et-sa-sylviculture\/","url":"https:\/\/srfb.be\/forest-shop\/laulne-glutineux-ses-stations-et-sa-sylviculture\/","name":"Black alder, its sites and silviculture - Soci\u00e9t\u00e9 Royale Foresti\u00e8re de Belgique","isPartOf":{"@id":"https:\/\/kbbm.be\/en\/#website"},"primaryImageOfPage":{"@id":"https:\/\/srfb.be\/forest-shop\/laulne-glutineux-ses-stations-et-sa-sylviculture\/#primaryimage"},"image":{"@id":"https:\/\/srfb.be\/forest-shop\/laulne-glutineux-ses-stations-et-sa-sylviculture\/#primaryimage"},"thumbnailUrl":"https:\/\/srfb.be\/wp-content\/uploads\/2020\/03\/sylvi-aulne-scaled.jpg","datePublished":"2020-03-19T15:23:49+00:00","dateModified":"2026-03-03T16:02:58+00:00","breadcrumb":{"@id":"https:\/\/srfb.be\/forest-shop\/laulne-glutineux-ses-stations-et-sa-sylviculture\/#breadcrumb"},"inLanguage":"en-GB","potentialAction":[{"@type":"ReadAction","target":["https:\/\/srfb.be\/forest-shop\/laulne-glutineux-ses-stations-et-sa-sylviculture\/"]}]},{"@type":"ImageObject","inLanguage":"en-GB","@id":"https:\/\/srfb.be\/forest-shop\/laulne-glutineux-ses-stations-et-sa-sylviculture\/#primaryimage","url":"https:\/\/srfb.be\/wp-content\/uploads\/2020\/03\/sylvi-aulne-scaled.jpg","contentUrl":"https:\/\/srfb.be\/wp-content\/uploads\/2020\/03\/sylvi-aulne-scaled.jpg","width":1170,"height":1700},{"@type":"BreadcrumbList","@id":"https:\/\/srfb.be\/forest-shop\/laulne-glutineux-ses-stations-et-sa-sylviculture\/#breadcrumb","itemListElement":[{"@type":"ListItem","position":1,"name":"Accueil","item":"https:\/\/kbbm.be\/en\/"},{"@type":"ListItem","position":2,"name":"Produits","item":"https:\/\/srfb.be\/shop\/"},{"@type":"ListItem","position":3,"name":"L\u2019aulne glutineux, ses stations et sa sylviculture"}]},{"@type":"WebSite","@id":"https:\/\/kbbm.be\/en\/#website","url":"https:\/\/kbbm.be\/en\/","name":"Royal Forestry Society of Belgium","description":"Serving forests and foresters","publisher":{"@id":"https:\/\/kbbm.be\/en\/#organization"},"alternateName":"SRFB-KBBM","potentialAction":[{"@type":"SearchAction","target":{"@type":"EntryPoint","urlTemplate":"https:\/\/kbbm.be\/en\/?s={search_term_string}"},"query-input":{"@type":"PropertyValueSpecification","valueRequired":true,"valueName":"search_term_string"}}],"inLanguage":"en-GB"},{"@type":"Organization","@id":"https:\/\/kbbm.be\/en\/#organization","name":"Soci\u00e9t\u00e9 Royale Foresti\u00e8re De Belgique - Koninklijke Belgische Bosbouwmaatschappij","alternateName":"SRFB-KBBM","url":"https:\/\/kbbm.be\/en\/","logo":{"@type":"ImageObject","inLanguage":"en-GB","@id":"https:\/\/kbbm.be\/en\/#\/schema\/logo\/image\/","url":"https:\/\/srfb.be\/wp-content\/uploads\/2019\/06\/android-chrome-256x256.png","contentUrl":"https:\/\/srfb.be\/wp-content\/uploads\/2019\/06\/android-chrome-256x256.png","width":1200,"height":1232,"caption":"Soci\u00e9t\u00e9 Royale Foresti\u00e8re De Belgique - Koninklijke Belgische Bosbouwmaatschappij"},"image":{"@id":"https:\/\/kbbm.be\/en\/#\/schema\/logo\/image\/"},"sameAs":["https:\/\/www.facebook.com\/srfb.be","https:\/\/www.instagram.com\/srfb_kbbm\/","https:\/\/www.linkedin.com\/company\/srfb-kbbm\/","https:\/\/www.youtube.com\/user\/srfbkbbm"]}]}},"_links":{"self":[{"href":"https:\/\/srfb.be\/en\/wp-json\/wp\/v2\/product\/10682","targetHints":{"allow":["GET"]}}],"collection":[{"href":"https:\/\/srfb.be\/en\/wp-json\/wp\/v2\/product"}],"about":[{"href":"https:\/\/srfb.be\/en\/wp-json\/wp\/v2\/types\/product"}],"replies":[{"embeddable":true,"href":"https:\/\/srfb.be\/en\/wp-json\/wp\/v2\/comments?post=10682"}],"wp:featuredmedia":[{"embeddable":true,"href":"https:\/\/srfb.be\/en\/wp-json\/wp\/v2\/media\/10683"}],"wp:attachment":[{"href":"https:\/\/srfb.be\/en\/wp-json\/wp\/v2\/media?parent=10682"}],"wp:term":[{"taxonomy":"product_brand","embeddable":true,"href":"https:\/\/srfb.be\/en\/wp-json\/wp\/v2\/product_brand?post=10682"},{"taxonomy":"product_cat","embeddable":true,"href":"https:\/\/srfb.be\/en\/wp-json\/wp\/v2\/product_cat?post=10682"},{"taxonomy":"product_tag","embeddable":true,"href":"https:\/\/srfb.be\/en\/wp-json\/wp\/v2\/product_tag?post=10682"}],"curies":[{"name":"wp","href":"https:\/\/api.w.org\/{rel}","templated":true}]}}