{"id":10663,"date":"2020-03-19T16:18:19","date_gmt":"2020-03-19T15:18:19","guid":{"rendered":"https:\/\/new.srfb.be\/?post_type=product&#038;p=10663"},"modified":"2026-03-03T17:02:34","modified_gmt":"2026-03-03T16:02:34","slug":"sylviculture-et-qualite-du-bois-de-lepicea-en-region-wallonne","status":"publish","type":"product","link":"https:\/\/srfb.be\/en\/forest-shop\/sylviculture-et-qualite-du-bois-de-lepicea-en-region-wallonne\/","title":{"rendered":"Silviculture and wood quality of spruce in the Walloon Region"},"content":{"rendered":"","protected":false},"excerpt":{"rendered":"<p>The aim of this book is to explain the influence of forestry operations on the technological properties of spruce wood. Silvicultural recommendations are proposed to meet the various requirements of forest managers, processing industries and, indirectly, consumers.<br \/>\n23 x 15 cm, 157 pages<\/p>","protected":false},"featured_media":10672,"comment_status":"open","ping_status":"closed","template":"","meta":{"iawp_total_views":33},"product_brand":[],"product_cat":[314],"product_tag":[],"class_list":{"0":"post-10663","1":"product","2":"type-product","3":"status-publish","4":"has-post-thumbnail","6":"product_cat-sylviculture","8":"first","9":"instock","10":"shipping-taxable","11":"purchasable","12":"product-type-simple"},"yoast_head":"<!-- This site is optimized with the Yoast SEO plugin v27.3 - https:\/\/yoast.com\/product\/yoast-seo-wordpress\/ -->\n<title>Sylviculture et qualit\u00e9 du bois de l\u2019\u00e9pic\u00e9a en R\u00e9gion Wallonne - Soci\u00e9t\u00e9 Royale Foresti\u00e8re de Belgique<\/title>\n<meta name=\"robots\" content=\"index, follow, max-snippet:-1, max-image-preview:large, max-video-preview:-1\" \/>\n<link rel=\"canonical\" href=\"https:\/\/kbbm.be\/de\/forest-shop\/sylviculture-et-qualite-du-bois-de-lepicea-en-region-wallonne\/\" \/>\n<meta property=\"og:locale\" content=\"en_GB\" \/>\n<meta property=\"og:type\" content=\"article\" \/>\n<meta property=\"og:title\" content=\"Sylviculture et qualit\u00e9 du bois de l\u2019\u00e9pic\u00e9a en R\u00e9gion Wallonne - Soci\u00e9t\u00e9 Royale Foresti\u00e8re de Belgique\" \/>\n<meta property=\"og:description\" content=\"Cet ouvrage a pour intention d\u2019expliquer l\u2019influence des interventions du forestier sur les propri\u00e9t\u00e9s technologiques du bois d\u2019\u00e9pic\u00e9a. Des recommandations sylvicoles sont propos\u00e9es afin de rencontrer les diverses exigences des gestionnaires forestiers, des industries de transformation et indirectement celles des consommateurs. 23 x 15 cm, 157 pages\" \/>\n<meta property=\"og:url\" content=\"https:\/\/kbbm.be\/de\/forest-shop\/sylviculture-et-qualite-du-bois-de-lepicea-en-region-wallonne\/\" \/>\n<meta property=\"og:site_name\" content=\"Soci\u00e9t\u00e9 Royale Foresti\u00e8re de Belgique\" \/>\n<meta property=\"article:publisher\" content=\"https:\/\/www.facebook.com\/srfb.be\" \/>\n<meta property=\"article:modified_time\" content=\"2026-03-03T16:02:34+00:00\" \/>\n<meta property=\"og:image\" content=\"https:\/\/kbbm.be\/wp-content\/uploads\/2020\/03\/sylvi-\u00e9pic\u00e9as-FW01-scaled.jpg\" \/>\n\t<meta property=\"og:image:width\" content=\"1171\" \/>\n\t<meta property=\"og:image:height\" content=\"1700\" \/>\n\t<meta property=\"og:image:type\" content=\"image\/jpeg\" \/>\n<script type=\"application\/ld+json\" class=\"yoast-schema-graph\">{\"@context\":\"https:\\\/\\\/schema.org\",\"@graph\":[{\"@type\":\"WebPage\",\"@id\":\"https:\\\/\\\/kbbm.be\\\/de\\\/forest-shop\\\/sylviculture-et-qualite-du-bois-de-lepicea-en-region-wallonne\\\/\",\"url\":\"https:\\\/\\\/kbbm.be\\\/de\\\/forest-shop\\\/sylviculture-et-qualite-du-bois-de-lepicea-en-region-wallonne\\\/\",\"name\":\"Sylviculture et qualit\u00e9 du bois de l\u2019\u00e9pic\u00e9a en R\u00e9gion Wallonne - Soci\u00e9t\u00e9 Royale Foresti\u00e8re de Belgique\",\"isPartOf\":{\"@id\":\"https:\\\/\\\/srfb.be\\\/de\\\/#website\"},\"primaryImageOfPage\":{\"@id\":\"https:\\\/\\\/kbbm.be\\\/de\\\/forest-shop\\\/sylviculture-et-qualite-du-bois-de-lepicea-en-region-wallonne\\\/#primaryimage\"},\"image\":{\"@id\":\"https:\\\/\\\/kbbm.be\\\/de\\\/forest-shop\\\/sylviculture-et-qualite-du-bois-de-lepicea-en-region-wallonne\\\/#primaryimage\"},\"thumbnailUrl\":\"https:\\\/\\\/srfb.be\\\/wp-content\\\/uploads\\\/2020\\\/03\\\/sylvi-\u00e9pic\u00e9as-FW01-scaled.jpg\",\"datePublished\":\"2020-03-19T15:18:19+00:00\",\"dateModified\":\"2026-03-03T16:02:34+00:00\",\"breadcrumb\":{\"@id\":\"https:\\\/\\\/kbbm.be\\\/de\\\/forest-shop\\\/sylviculture-et-qualite-du-bois-de-lepicea-en-region-wallonne\\\/#breadcrumb\"},\"inLanguage\":\"en-GB\",\"potentialAction\":[{\"@type\":\"ReadAction\",\"target\":[\"https:\\\/\\\/kbbm.be\\\/de\\\/forest-shop\\\/sylviculture-et-qualite-du-bois-de-lepicea-en-region-wallonne\\\/\"]}]},{\"@type\":\"ImageObject\",\"inLanguage\":\"en-GB\",\"@id\":\"https:\\\/\\\/kbbm.be\\\/de\\\/forest-shop\\\/sylviculture-et-qualite-du-bois-de-lepicea-en-region-wallonne\\\/#primaryimage\",\"url\":\"https:\\\/\\\/srfb.be\\\/wp-content\\\/uploads\\\/2020\\\/03\\\/sylvi-\u00e9pic\u00e9as-FW01-scaled.jpg\",\"contentUrl\":\"https:\\\/\\\/srfb.be\\\/wp-content\\\/uploads\\\/2020\\\/03\\\/sylvi-\u00e9pic\u00e9as-FW01-scaled.jpg\",\"width\":1171,\"height\":1700},{\"@type\":\"BreadcrumbList\",\"@id\":\"https:\\\/\\\/kbbm.be\\\/de\\\/forest-shop\\\/sylviculture-et-qualite-du-bois-de-lepicea-en-region-wallonne\\\/#breadcrumb\",\"itemListElement\":[{\"@type\":\"ListItem\",\"position\":1,\"name\":\"Accueil\",\"item\":\"https:\\\/\\\/srfb.be\\\/de\\\/\"},{\"@type\":\"ListItem\",\"position\":2,\"name\":\"Produkte\",\"item\":\"https:\\\/\\\/srfb.be\\\/de\\\/shop\\\/\"},{\"@type\":\"ListItem\",\"position\":3,\"name\":\"Sylviculture et qualit\u00e9 du bois de l\u2019\u00e9pic\u00e9a en R\u00e9gion Wallonne\"}]},{\"@type\":\"WebSite\",\"@id\":\"https:\\\/\\\/srfb.be\\\/de\\\/#website\",\"url\":\"https:\\\/\\\/srfb.be\\\/de\\\/\",\"name\":\"Soci\u00e9t\u00e9 Royale Foresti\u00e8re de Belgique\",\"description\":\"Au service de la for\u00eat et des forestiers\",\"publisher\":{\"@id\":\"https:\\\/\\\/srfb.be\\\/de\\\/#organization\"},\"alternateName\":\"SRFB-KBBM\",\"potentialAction\":[{\"@type\":\"SearchAction\",\"target\":{\"@type\":\"EntryPoint\",\"urlTemplate\":\"https:\\\/\\\/srfb.be\\\/de\\\/?s={search_term_string}\"},\"query-input\":{\"@type\":\"PropertyValueSpecification\",\"valueRequired\":true,\"valueName\":\"search_term_string\"}}],\"inLanguage\":\"en-GB\"},{\"@type\":\"Organization\",\"@id\":\"https:\\\/\\\/srfb.be\\\/de\\\/#organization\",\"name\":\"Soci\u00e9t\u00e9 Royale Foresti\u00e8re De Belgique - Koninklijke Belgische Bosbouwmaatschappij\",\"alternateName\":\"SRFB-KBBM\",\"url\":\"https:\\\/\\\/srfb.be\\\/de\\\/\",\"logo\":{\"@type\":\"ImageObject\",\"inLanguage\":\"en-GB\",\"@id\":\"https:\\\/\\\/srfb.be\\\/de\\\/#\\\/schema\\\/logo\\\/image\\\/\",\"url\":\"https:\\\/\\\/srfb.be\\\/wp-content\\\/uploads\\\/2019\\\/06\\\/android-chrome-256x256.png\",\"contentUrl\":\"https:\\\/\\\/srfb.be\\\/wp-content\\\/uploads\\\/2019\\\/06\\\/android-chrome-256x256.png\",\"width\":1200,\"height\":1232,\"caption\":\"Soci\u00e9t\u00e9 Royale Foresti\u00e8re De Belgique - Koninklijke Belgische Bosbouwmaatschappij\"},\"image\":{\"@id\":\"https:\\\/\\\/srfb.be\\\/de\\\/#\\\/schema\\\/logo\\\/image\\\/\"},\"sameAs\":[\"https:\\\/\\\/www.facebook.com\\\/srfb.be\",\"https:\\\/\\\/www.instagram.com\\\/srfb_kbbm\\\/\",\"https:\\\/\\\/www.linkedin.com\\\/company\\\/srfb-kbbm\\\/\",\"https:\\\/\\\/www.youtube.com\\\/user\\\/srfbkbbm\"]}]}<\/script>\n<!-- \/ Yoast SEO plugin. -->","yoast_head_json":{"title":"Silviculture and quality of spruce wood in the Walloon Region - Soci\u00e9t\u00e9 Royale Foresti\u00e8re de Belgique","robots":{"index":"index","follow":"follow","max-snippet":"max-snippet:-1","max-image-preview":"max-image-preview:large","max-video-preview":"max-video-preview:-1"},"canonical":"https:\/\/kbbm.be\/de\/forest-shop\/sylviculture-et-qualite-du-bois-de-lepicea-en-region-wallonne\/","og_locale":"en_GB","og_type":"article","og_title":"Sylviculture et qualit\u00e9 du bois de l\u2019\u00e9pic\u00e9a en R\u00e9gion Wallonne - Soci\u00e9t\u00e9 Royale Foresti\u00e8re de Belgique","og_description":"Cet ouvrage a pour intention d\u2019expliquer l\u2019influence des interventions du forestier sur les propri\u00e9t\u00e9s technologiques du bois d\u2019\u00e9pic\u00e9a. Des recommandations sylvicoles sont propos\u00e9es afin de rencontrer les diverses exigences des gestionnaires forestiers, des industries de transformation et indirectement celles des consommateurs. 23 x 15 cm, 157 pages","og_url":"https:\/\/kbbm.be\/de\/forest-shop\/sylviculture-et-qualite-du-bois-de-lepicea-en-region-wallonne\/","og_site_name":"Soci\u00e9t\u00e9 Royale Foresti\u00e8re de Belgique","article_publisher":"https:\/\/www.facebook.com\/srfb.be","article_modified_time":"2026-03-03T16:02:34+00:00","og_image":[{"width":1171,"height":1700,"url":"https:\/\/kbbm.be\/wp-content\/uploads\/2020\/03\/sylvi-\u00e9pic\u00e9as-FW01-scaled.jpg","type":"image\/jpeg"}],"schema":{"@context":"https:\/\/schema.org","@graph":[{"@type":"WebPage","@id":"https:\/\/kbbm.be\/de\/forest-shop\/sylviculture-et-qualite-du-bois-de-lepicea-en-region-wallonne\/","url":"https:\/\/kbbm.be\/de\/forest-shop\/sylviculture-et-qualite-du-bois-de-lepicea-en-region-wallonne\/","name":"Silviculture and quality of spruce wood in the Walloon Region - Soci\u00e9t\u00e9 Royale Foresti\u00e8re de Belgique","isPartOf":{"@id":"https:\/\/srfb.be\/de\/#website"},"primaryImageOfPage":{"@id":"https:\/\/kbbm.be\/de\/forest-shop\/sylviculture-et-qualite-du-bois-de-lepicea-en-region-wallonne\/#primaryimage"},"image":{"@id":"https:\/\/kbbm.be\/de\/forest-shop\/sylviculture-et-qualite-du-bois-de-lepicea-en-region-wallonne\/#primaryimage"},"thumbnailUrl":"https:\/\/srfb.be\/wp-content\/uploads\/2020\/03\/sylvi-\u00e9pic\u00e9as-FW01-scaled.jpg","datePublished":"2020-03-19T15:18:19+00:00","dateModified":"2026-03-03T16:02:34+00:00","breadcrumb":{"@id":"https:\/\/kbbm.be\/de\/forest-shop\/sylviculture-et-qualite-du-bois-de-lepicea-en-region-wallonne\/#breadcrumb"},"inLanguage":"en-GB","potentialAction":[{"@type":"ReadAction","target":["https:\/\/kbbm.be\/de\/forest-shop\/sylviculture-et-qualite-du-bois-de-lepicea-en-region-wallonne\/"]}]},{"@type":"ImageObject","inLanguage":"en-GB","@id":"https:\/\/kbbm.be\/de\/forest-shop\/sylviculture-et-qualite-du-bois-de-lepicea-en-region-wallonne\/#primaryimage","url":"https:\/\/srfb.be\/wp-content\/uploads\/2020\/03\/sylvi-\u00e9pic\u00e9as-FW01-scaled.jpg","contentUrl":"https:\/\/srfb.be\/wp-content\/uploads\/2020\/03\/sylvi-\u00e9pic\u00e9as-FW01-scaled.jpg","width":1171,"height":1700},{"@type":"BreadcrumbList","@id":"https:\/\/kbbm.be\/de\/forest-shop\/sylviculture-et-qualite-du-bois-de-lepicea-en-region-wallonne\/#breadcrumb","itemListElement":[{"@type":"ListItem","position":1,"name":"Accueil","item":"https:\/\/srfb.be\/de\/"},{"@type":"ListItem","position":2,"name":"Produkte","item":"https:\/\/srfb.be\/de\/shop\/"},{"@type":"ListItem","position":3,"name":"Sylviculture et qualit\u00e9 du bois de l\u2019\u00e9pic\u00e9a en R\u00e9gion Wallonne"}]},{"@type":"WebSite","@id":"https:\/\/srfb.be\/de\/#website","url":"https:\/\/srfb.be\/de\/","name":"Royal Forestry Society of Belgium","description":"Serving forests and foresters","publisher":{"@id":"https:\/\/srfb.be\/de\/#organization"},"alternateName":"SRFB-KBBM","potentialAction":[{"@type":"SearchAction","target":{"@type":"EntryPoint","urlTemplate":"https:\/\/srfb.be\/de\/?s={search_term_string}"},"query-input":{"@type":"PropertyValueSpecification","valueRequired":true,"valueName":"search_term_string"}}],"inLanguage":"en-GB"},{"@type":"Organization","@id":"https:\/\/srfb.be\/de\/#organization","name":"Soci\u00e9t\u00e9 Royale Foresti\u00e8re De Belgique - Koninklijke Belgische Bosbouwmaatschappij","alternateName":"SRFB-KBBM","url":"https:\/\/srfb.be\/de\/","logo":{"@type":"ImageObject","inLanguage":"en-GB","@id":"https:\/\/srfb.be\/de\/#\/schema\/logo\/image\/","url":"https:\/\/srfb.be\/wp-content\/uploads\/2019\/06\/android-chrome-256x256.png","contentUrl":"https:\/\/srfb.be\/wp-content\/uploads\/2019\/06\/android-chrome-256x256.png","width":1200,"height":1232,"caption":"Soci\u00e9t\u00e9 Royale Foresti\u00e8re De Belgique - Koninklijke Belgische Bosbouwmaatschappij"},"image":{"@id":"https:\/\/srfb.be\/de\/#\/schema\/logo\/image\/"},"sameAs":["https:\/\/www.facebook.com\/srfb.be","https:\/\/www.instagram.com\/srfb_kbbm\/","https:\/\/www.linkedin.com\/company\/srfb-kbbm\/","https:\/\/www.youtube.com\/user\/srfbkbbm"]}]}},"_links":{"self":[{"href":"https:\/\/srfb.be\/en\/wp-json\/wp\/v2\/product\/10663","targetHints":{"allow":["GET"]}}],"collection":[{"href":"https:\/\/srfb.be\/en\/wp-json\/wp\/v2\/product"}],"about":[{"href":"https:\/\/srfb.be\/en\/wp-json\/wp\/v2\/types\/product"}],"replies":[{"embeddable":true,"href":"https:\/\/srfb.be\/en\/wp-json\/wp\/v2\/comments?post=10663"}],"wp:featuredmedia":[{"embeddable":true,"href":"https:\/\/srfb.be\/en\/wp-json\/wp\/v2\/media\/10672"}],"wp:attachment":[{"href":"https:\/\/srfb.be\/en\/wp-json\/wp\/v2\/media?parent=10663"}],"wp:term":[{"taxonomy":"product_brand","embeddable":true,"href":"https:\/\/srfb.be\/en\/wp-json\/wp\/v2\/product_brand?post=10663"},{"taxonomy":"product_cat","embeddable":true,"href":"https:\/\/srfb.be\/en\/wp-json\/wp\/v2\/product_cat?post=10663"},{"taxonomy":"product_tag","embeddable":true,"href":"https:\/\/srfb.be\/en\/wp-json\/wp\/v2\/product_tag?post=10663"}],"curies":[{"name":"wp","href":"https:\/\/api.w.org\/{rel}","templated":true}]}}