{"id":7881,"date":"2019-07-17T08:29:03","date_gmt":"2019-07-17T08:29:03","guid":{"rendered":"http:\/\/srfb-wp.dphi.be\/?page_id=7881"},"modified":"2026-01-08T10:14:09","modified_gmt":"2026-01-08T09:14:09","slug":"belgium-forests","status":"publish","type":"page","link":"https:\/\/srfb.be\/en\/informations-sur-les-forets\/les-forets-de-belgique\/","title":{"rendered":"Belgium's forest"},"content":{"rendered":"<div class=\"yoast-breadcrumbs\"><span><span><a href=\"https:\/\/srfb.be\/de\/\">Home<\/a><\/span> &gt; <span><a href=\"https:\/\/srfb.be\/en\/informations-on-forests\/\">Forestry information<\/a><\/span> &gt; <span class=\"breadcrumb_last\" aria-current=\"page\"><strong>Belgium's forest<\/strong><\/span><\/span><\/div>\n\n\n<h2 class=\"wp-block-heading\" style=\"margin-top:var(--wp--preset--spacing--80)\">Belgium's forests in figures<\/h2>\n\n\n\n<div class=\"wp-block-columns is-layout-flex wp-container-core-columns-is-layout-28f84493 wp-block-columns-is-layout-flex\">\n<div class=\"wp-block-column is-layout-flow wp-block-column-is-layout-flow\">\n<p>Belgian forests currently cover 23% of the national territory, i.e. just over 700,000 ha. The Belgian forest area is divided between the country's three regions: 79.8% in Wallonia, 19.9% in the Flemish Region and 0.3% in the Brussels-Capital Region.<\/p>\n\n\n\n<p><strong>In 150 years, forest cover has increased by 25%.<\/strong><\/p>\n<\/div>\n\n\n\n<div class=\"wp-block-column is-layout-flow wp-block-column-is-layout-flow\">\n<p>50.6% of Belgium's forest area belongs to private owners. With an average surface area of 2.5 ha per owner and more than 100,000 owners, private forest is characterised by relatively high fragmentation and a wide diversity of owners.<\/p>\n\n\n\n<p>The remaining 49.4% are part of the public domain. These are state-owned forests belonging to the Regions, municipalities and provinces, public social welfare centres and church fabriques.<\/p>\n<\/div>\n<\/div>\n\n\n\n<div class=\"wp-block-columns is-layout-flex wp-container-core-columns-is-layout-a54e0cfc wp-block-columns-is-layout-flex\" style=\"padding-top:var(--wp--preset--spacing--60);padding-bottom:var(--wp--preset--spacing--60)\">\n<div class=\"wp-block-column is-layout-flow wp-block-column-is-layout-flow\">\n<h3 class=\"wp-block-heading\">Breakdown of forest area<\/h3>\n\n\n\n<p>Most of the forest area is located in Wallonia, and breaks down as follows:<\/p>\n\n\n\n<ul class=\"wp-block-list\">\n<li>47.4% Hardwoods<\/li>\n\n\n\n<li>36.6% softwood<\/li>\n\n\n\n<li>16% of non-productive surface (roads, moors, ponds, firebreaks, etc.)<\/li>\n<\/ul>\n\n\n\n<p class=\"has-small-font-size\" style=\"font-style:italic;font-weight:400\">Source : <a href=\"https:\/\/www.filiereboiswallonie.be\/sites\/default\/files\/media-documents\/FBW%20-%20PanoraBois%202024_0.pdf\">FBW - PanoraBois 2024<\/a><\/p>\n<\/div>\n\n\n\n<div class=\"wp-block-column is-layout-flow wp-block-column-is-layout-flow\">\n\n\n\n\n<div class=\"ninja-charts-customize_869310759_3\" >\n    <div id=\"ninja-charts-container\"\n         class=\"ninja-charts-chart-js-container\"\n         style='                height: 400px;                width: auto;                background-color: #ffffff;                border: 0px solid  ;                border-radius: 0px;'\n         data-id=\"3\"\n         data-uniqid=\"_869310759_3\"\n             >\n    <canvas\n        id= \"ninja_charts_instance_869310759_3\"\n>\n    <\/canvas>\n    <\/div>\n<\/div>\n\n\n\n<\/div>\n<\/div>\n\n\n\n<div class=\"wp-block-media-text has-media-on-the-right is-stacked-on-mobile is-vertically-aligned-center\" style=\"margin-top:var(--wp--preset--spacing--60);margin-bottom:var(--wp--preset--spacing--60);padding-top:0;padding-bottom:0;grid-template-columns:auto 25%\"><div class=\"wp-block-media-text__content\">\n<h3 class=\"wp-block-heading\">Nature conservation<\/h3>\n\n\n\n<p>In Belgium, the European Natura 2000 network covers 221,000 ha in Wallonia and 136,000 ha in Flanders, making a total of 384,500 ha or 13 % of the national territory.<br>Integral or managed reserves are scattered throughout the country. In the Walloon Region, these reserves cover around 10,000 ha.<\/p>\n<\/div><figure class=\"wp-block-media-text__media\"><img loading=\"lazy\" decoding=\"async\" width=\"292\" height=\"201\" src=\"https:\/\/srfb.be\/wp-content\/uploads\/2019\/07\/natura2000-logo.jpg\" alt=\"Natura 2000\" class=\"wp-image-7896 size-full\" srcset=\"https:\/\/srfb.be\/wp-content\/uploads\/2019\/07\/natura2000-logo.jpg 292w, https:\/\/srfb.be\/wp-content\/uploads\/2019\/07\/natura2000-logo-18x12.jpg 18w\" sizes=\"auto, (max-width: 292px) 100vw, 292px\" \/><\/figure><\/div>\n\n\n\n<div class=\"wp-block-media-text is-stacked-on-mobile is-vertically-aligned-center\" style=\"margin-top:var(--wp--preset--spacing--80);margin-bottom:var(--wp--preset--spacing--80);padding-top:0;padding-bottom:0;grid-template-columns:25% auto\"><figure class=\"wp-block-media-text__media\"><img loading=\"lazy\" decoding=\"async\" width=\"1024\" height=\"637\" src=\"https:\/\/srfb.be\/wp-content\/uploads\/2019\/07\/PEFC-promo-horizontal-FR-1-1024x637.png\" alt=\"PEFC - promoting sustainable forest management\" class=\"wp-image-7902 size-full\" srcset=\"https:\/\/srfb.be\/wp-content\/uploads\/2019\/07\/PEFC-promo-horizontal-FR-1-1024x637.png 1024w, https:\/\/srfb.be\/wp-content\/uploads\/2019\/07\/PEFC-promo-horizontal-FR-1-600x373.png 600w, https:\/\/srfb.be\/wp-content\/uploads\/2019\/07\/PEFC-promo-horizontal-FR-1-300x187.png 300w, https:\/\/srfb.be\/wp-content\/uploads\/2019\/07\/PEFC-promo-horizontal-FR-1-18x12.png 18w, https:\/\/srfb.be\/wp-content\/uploads\/2019\/07\/PEFC-promo-horizontal-FR-1.png 1700w\" sizes=\"auto, (max-width: 1024px) 100vw, 1024px\" \/><\/figure><div class=\"wp-block-media-text__content\">\n<h3 class=\"wp-block-heading translation-block\">PEFC<br>Certification<\/h3>\n\n\n\n<p>RFSB supports PEFC certification, the most widespread certification system in the world (over 280 million hectares), representing 71 % of the world's certified area. In Wallonia, it covers 54% of the forest area (i.e. 300,000 ha) and more than 500 Belgian companies have already had their chain of custody certified by PEFC. The FSC is also present, covering just over 42,000 ha of Belgian forests.<\/p>\n\n\n\n<div class=\"wp-block-buttons is-layout-flex wp-block-buttons-is-layout-flex\">\n<div class=\"wp-block-button\"><a class=\"wp-block-button__link wp-element-button\" href=\"https:\/\/srfb.be\/en\/pefc-certification\/\">Be certified<\/a><\/div>\n<\/div>\n<\/div><\/div>\n\n\n\n<div class=\"wp-block-media-text has-media-on-the-right is-stacked-on-mobile is-vertically-aligned-center\" style=\"margin-top:var(--wp--preset--spacing--80);margin-right:0;margin-bottom:var(--wp--preset--spacing--80);margin-left:0;padding-top:0;padding-right:0;padding-bottom:0;padding-left:0;grid-template-columns:auto 25%\"><div class=\"wp-block-media-text__content\">\n<h3 class=\"wp-block-heading\">Forest and CO2<\/h3>\n\n\n\n<p>The Belgian forest stores around 480 million tonnes of CO2 equivalent (woody biomass, litter, dead wood and top soil). What's more, by harvesting wood and using it over the long term, the forest offsets the annual CO2 emissions of 800,000 cars!<br>But the most important attraction of wood in terms of CO2 is actually substitution. Wood used in construction, furniture, etc. replaces products such as PVC, concrete or aluminium, which are much more 'energy-intensive' in terms of production. The same applies to wood energy, which replaces fossil fuels.<\/p>\n<\/div><figure class=\"wp-block-media-text__media\"><img loading=\"lazy\" decoding=\"async\" width=\"1024\" height=\"768\" src=\"https:\/\/srfb.be\/wp-content\/uploads\/2019\/07\/20180503_152030-scaled-1024x768.jpg\" alt=\"\" class=\"wp-image-7350 size-full\" srcset=\"https:\/\/srfb.be\/wp-content\/uploads\/2019\/07\/20180503_152030-scaled-1024x768.jpg 1024w, https:\/\/srfb.be\/wp-content\/uploads\/2019\/07\/20180503_152030-scaled-600x450.jpg 600w, https:\/\/srfb.be\/wp-content\/uploads\/2019\/07\/20180503_152030-scaled-300x225.jpg 300w, https:\/\/srfb.be\/wp-content\/uploads\/2019\/07\/20180503_152030-scaled-16x12.jpg 16w, https:\/\/srfb.be\/wp-content\/uploads\/2019\/07\/20180503_152030-scaled.jpg 1700w\" sizes=\"auto, (max-width: 1024px) 100vw, 1024px\" \/><\/figure><\/div>\n\n\n\n<div class=\"wp-block-columns is-layout-flex wp-container-core-columns-is-layout-4c1dd492 wp-block-columns-is-layout-flex\" style=\"margin-top:var(--wp--preset--spacing--80);margin-bottom:var(--wp--preset--spacing--80)\">\n<div class=\"wp-block-column is-layout-flow wp-block-column-is-layout-flow\">\n<h2 class=\"wp-block-heading\"><strong>The forest: a multifunctional space, welcoming to biodiversity<\/strong><\/h2>\n\n\n\n<p>On a global scale, forests are home to around 80% of the earth's biodiversity. Foresters have a key role to play in the development of biodiversity. According to Philippe de Wouters, Director of the RFSB, \"by managing forests sustainably and promoting biodiversity, foresters ensure the good health of forest ecosystems and support all the fundamental functions of the forest: wood production, recreation, water filtration and carbon storage\".<\/p>\n\n\n\n<p><a href=\"https:\/\/srfb.be\/en\/2020\/03\/21\/les-forets-et-la-biodiversite-des-tresors-a-promouvoir\/\"><em>Read the article Forests and biodiversity: treasures to be promoted<\/em><\/a><\/p>\n<\/div>\n\n\n\n<div class=\"wp-block-column is-layout-flow wp-block-column-is-layout-flow\">\n<figure class=\"wp-block-embed is-type-video is-provider-youtube wp-block-embed-youtube wp-embed-aspect-16-9 wp-has-aspect-ratio\"><div class=\"wp-block-embed__wrapper\">\n<iframe loading=\"lazy\" title=\"Protecting biodiversity in my forest\" width=\"960\" height=\"540\" src=\"https:\/\/www.youtube.com\/embed\/gRqCNKWDvqs?feature=oembed\" frameborder=\"0\" allow=\"accelerometer; autoplay; clipboard-write; encrypted-media; gyroscope; picture-in-picture; web-share\" referrerpolicy=\"strict-origin-when-cross-origin\" allowfullscreen><\/iframe>\n<\/div><\/figure>\n<\/div>\n<\/div>","protected":false},"excerpt":{"rendered":"<p>Les for\u00eats de Belgique en quelques chiffres La for\u00eat belge occupe aujourd\u2019hui 23% du territoire national soit un peu plus de 700.000 ha. La surface foresti\u00e8re belge est r\u00e9partie sur les trois r\u00e9gions du pays : 79,8% en Wallonie, 19,9% en R\u00e9gion flamande, 0,3% en R\u00e9gion de Bruxelles-Capitale. En 150 ans, la couverture foresti\u00e8re a&#8230; <\/p>\n<div class=\"clear\"><\/div>\n<p><a href=\"https:\/\/srfb.be\/en\/informations-sur-les-forets\/les-forets-de-belgique\/\" class=\"excerpt-read-more\">Read More<\/a><\/p>","protected":false},"author":18,"featured_media":10600,"parent":4294,"menu_order":1,"comment_status":"closed","ping_status":"closed","template":"","meta":{"iawp_total_views":2012,"footnotes":""},"class_list":["post-7881","page","type-page","status-publish","has-post-thumbnail","hentry"],"yoast_head":"<!-- This site is optimized with the Yoast SEO plugin v27.3 - https:\/\/yoast.com\/product\/yoast-seo-wordpress\/ -->\n<title>Les for\u00eats de Belgique - Soci\u00e9t\u00e9 Royale Foresti\u00e8re de Belgique<\/title>\n<meta name=\"description\" content=\"La for\u00eat belge occupe aujourd\u2019hui 23% du territoire national soit un peu plus de 700.000 ha. D\u00e9couvrez les for\u00eats belges en quelques chiffres cl\u00e9s.\" \/>\n<meta name=\"robots\" content=\"index, follow, max-snippet:-1, max-image-preview:large, max-video-preview:-1\" \/>\n<link rel=\"canonical\" href=\"https:\/\/srfb.be\/en\/informations-on-forests\/belgium-forests\/\" \/>\n<meta property=\"og:locale\" content=\"en_GB\" \/>\n<meta property=\"og:type\" content=\"article\" \/>\n<meta property=\"og:title\" content=\"Les for\u00eats de Belgique - Soci\u00e9t\u00e9 Royale Foresti\u00e8re de Belgique\" \/>\n<meta property=\"og:description\" content=\"La for\u00eat belge occupe aujourd\u2019hui 23% du territoire national soit un peu plus de 700.000 ha. D\u00e9couvrez les for\u00eats belges en quelques chiffres cl\u00e9s.\" \/>\n<meta property=\"og:url\" content=\"https:\/\/srfb.be\/en\/informations-on-forests\/belgium-forests\/\" \/>\n<meta property=\"og:site_name\" content=\"Soci\u00e9t\u00e9 Royale Foresti\u00e8re de Belgique\" \/>\n<meta property=\"article:publisher\" content=\"https:\/\/www.facebook.com\/srfb.be\" \/>\n<meta property=\"article:modified_time\" content=\"2026-01-08T09:14:09+00:00\" \/>\n<meta property=\"og:image\" content=\"https:\/\/srfb.be\/wp-content\/uploads\/2020\/03\/20180503_152405-copyright-A_portrait-scaled-e1584517518565.jpg\" \/>\n\t<meta property=\"og:image:width\" content=\"1018\" \/>\n\t<meta property=\"og:image:height\" content=\"1700\" \/>\n\t<meta property=\"og:image:type\" content=\"image\/jpeg\" \/>\n<script type=\"application\/ld+json\" class=\"yoast-schema-graph\">{\"@context\":\"https:\\\/\\\/schema.org\",\"@graph\":[{\"@type\":\"WebPage\",\"@id\":\"https:\\\/\\\/srfb.be\\\/en\\\/informations-on-forests\\\/belgium-forests\\\/\",\"url\":\"https:\\\/\\\/srfb.be\\\/en\\\/informations-on-forests\\\/belgium-forests\\\/\",\"name\":\"Les for\u00eats de Belgique - Soci\u00e9t\u00e9 Royale Foresti\u00e8re de Belgique\",\"isPartOf\":{\"@id\":\"https:\\\/\\\/srfb.be\\\/de\\\/#website\"},\"primaryImageOfPage\":{\"@id\":\"https:\\\/\\\/srfb.be\\\/en\\\/informations-on-forests\\\/belgium-forests\\\/#primaryimage\"},\"image\":{\"@id\":\"https:\\\/\\\/srfb.be\\\/en\\\/informations-on-forests\\\/belgium-forests\\\/#primaryimage\"},\"thumbnailUrl\":\"https:\\\/\\\/srfb.be\\\/wp-content\\\/uploads\\\/2020\\\/03\\\/20180503_152405-copyright-A_portrait-scaled-e1584517518565.jpg\",\"datePublished\":\"2019-07-17T08:29:03+00:00\",\"dateModified\":\"2026-01-08T09:14:09+00:00\",\"description\":\"La for\u00eat belge occupe aujourd\u2019hui 23% du territoire national soit un peu plus de 700.000 ha. D\u00e9couvrez les for\u00eats belges en quelques chiffres cl\u00e9s.\",\"breadcrumb\":{\"@id\":\"https:\\\/\\\/srfb.be\\\/en\\\/informations-on-forests\\\/belgium-forests\\\/#breadcrumb\"},\"inLanguage\":\"en-GB\",\"potentialAction\":[{\"@type\":\"ReadAction\",\"target\":[\"https:\\\/\\\/srfb.be\\\/en\\\/informations-on-forests\\\/belgium-forests\\\/\"]}]},{\"@type\":\"ImageObject\",\"inLanguage\":\"en-GB\",\"@id\":\"https:\\\/\\\/srfb.be\\\/en\\\/informations-on-forests\\\/belgium-forests\\\/#primaryimage\",\"url\":\"https:\\\/\\\/srfb.be\\\/wp-content\\\/uploads\\\/2020\\\/03\\\/20180503_152405-copyright-A_portrait-scaled-e1584517518565.jpg\",\"contentUrl\":\"https:\\\/\\\/srfb.be\\\/wp-content\\\/uploads\\\/2020\\\/03\\\/20180503_152405-copyright-A_portrait-scaled-e1584517518565.jpg\",\"width\":1018,\"height\":1700,\"caption\":\"vue de for\u00eat\"},{\"@type\":\"BreadcrumbList\",\"@id\":\"https:\\\/\\\/srfb.be\\\/en\\\/informations-on-forests\\\/belgium-forests\\\/#breadcrumb\",\"itemListElement\":[{\"@type\":\"ListItem\",\"position\":1,\"name\":\"Accueil\",\"item\":\"https:\\\/\\\/srfb.be\\\/de\\\/\"},{\"@type\":\"ListItem\",\"position\":2,\"name\":\"Informations sur les for\u00eats\",\"item\":\"https:\\\/\\\/srfb.be\\\/en\\\/informations-on-forests\\\/\"},{\"@type\":\"ListItem\",\"position\":3,\"name\":\"Les for\u00eats de Belgique\"}]},{\"@type\":\"WebSite\",\"@id\":\"https:\\\/\\\/srfb.be\\\/de\\\/#website\",\"url\":\"https:\\\/\\\/srfb.be\\\/de\\\/\",\"name\":\"Soci\u00e9t\u00e9 Royale Foresti\u00e8re de Belgique\",\"description\":\"Au service de la for\u00eat et des forestiers\",\"publisher\":{\"@id\":\"https:\\\/\\\/srfb.be\\\/de\\\/#organization\"},\"alternateName\":\"SRFB-KBBM\",\"potentialAction\":[{\"@type\":\"SearchAction\",\"target\":{\"@type\":\"EntryPoint\",\"urlTemplate\":\"https:\\\/\\\/srfb.be\\\/de\\\/?s={search_term_string}\"},\"query-input\":{\"@type\":\"PropertyValueSpecification\",\"valueRequired\":true,\"valueName\":\"search_term_string\"}}],\"inLanguage\":\"en-GB\"},{\"@type\":\"Organization\",\"@id\":\"https:\\\/\\\/srfb.be\\\/de\\\/#organization\",\"name\":\"Soci\u00e9t\u00e9 Royale Foresti\u00e8re De Belgique - Koninklijke Belgische Bosbouwmaatschappij\",\"alternateName\":\"SRFB-KBBM\",\"url\":\"https:\\\/\\\/srfb.be\\\/de\\\/\",\"logo\":{\"@type\":\"ImageObject\",\"inLanguage\":\"en-GB\",\"@id\":\"https:\\\/\\\/srfb.be\\\/de\\\/#\\\/schema\\\/logo\\\/image\\\/\",\"url\":\"https:\\\/\\\/srfb.be\\\/wp-content\\\/uploads\\\/2019\\\/06\\\/android-chrome-256x256.png\",\"contentUrl\":\"https:\\\/\\\/srfb.be\\\/wp-content\\\/uploads\\\/2019\\\/06\\\/android-chrome-256x256.png\",\"width\":1200,\"height\":1232,\"caption\":\"Soci\u00e9t\u00e9 Royale Foresti\u00e8re De Belgique - Koninklijke Belgische Bosbouwmaatschappij\"},\"image\":{\"@id\":\"https:\\\/\\\/srfb.be\\\/de\\\/#\\\/schema\\\/logo\\\/image\\\/\"},\"sameAs\":[\"https:\\\/\\\/www.facebook.com\\\/srfb.be\",\"https:\\\/\\\/www.instagram.com\\\/srfb_kbbm\\\/\",\"https:\\\/\\\/www.linkedin.com\\\/company\\\/srfb-kbbm\\\/\",\"https:\\\/\\\/www.youtube.com\\\/user\\\/srfbkbbm\"]}]}<\/script>\n<!-- \/ Yoast SEO plugin. -->","yoast_head_json":{"title":"Forests in Belgium - Royal Forestry Society of Belgium","description":"Today, Belgian forests cover 23% of the national territory, i.e. just over 700,000 ha. Find out more about Belgium's forests in a few key figures.","robots":{"index":"index","follow":"follow","max-snippet":"max-snippet:-1","max-image-preview":"max-image-preview:large","max-video-preview":"max-video-preview:-1"},"canonical":"https:\/\/srfb.be\/en\/informations-on-forests\/belgium-forests\/","og_locale":"en_GB","og_type":"article","og_title":"Les for\u00eats de Belgique - Soci\u00e9t\u00e9 Royale Foresti\u00e8re de Belgique","og_description":"La for\u00eat belge occupe aujourd\u2019hui 23% du territoire national soit un peu plus de 700.000 ha. D\u00e9couvrez les for\u00eats belges en quelques chiffres cl\u00e9s.","og_url":"https:\/\/srfb.be\/en\/informations-on-forests\/belgium-forests\/","og_site_name":"Soci\u00e9t\u00e9 Royale Foresti\u00e8re de Belgique","article_publisher":"https:\/\/www.facebook.com\/srfb.be","article_modified_time":"2026-01-08T09:14:09+00:00","og_image":[{"width":1018,"height":1700,"url":"https:\/\/srfb.be\/wp-content\/uploads\/2020\/03\/20180503_152405-copyright-A_portrait-scaled-e1584517518565.jpg","type":"image\/jpeg"}],"schema":{"@context":"https:\/\/schema.org","@graph":[{"@type":"WebPage","@id":"https:\/\/srfb.be\/en\/informations-on-forests\/belgium-forests\/","url":"https:\/\/srfb.be\/en\/informations-on-forests\/belgium-forests\/","name":"Forests in Belgium - Royal Forestry Society of Belgium","isPartOf":{"@id":"https:\/\/srfb.be\/de\/#website"},"primaryImageOfPage":{"@id":"https:\/\/srfb.be\/en\/informations-on-forests\/belgium-forests\/#primaryimage"},"image":{"@id":"https:\/\/srfb.be\/en\/informations-on-forests\/belgium-forests\/#primaryimage"},"thumbnailUrl":"https:\/\/srfb.be\/wp-content\/uploads\/2020\/03\/20180503_152405-copyright-A_portrait-scaled-e1584517518565.jpg","datePublished":"2019-07-17T08:29:03+00:00","dateModified":"2026-01-08T09:14:09+00:00","description":"Today, Belgian forests cover 23% of the national territory, i.e. just over 700,000 ha. Find out more about Belgium's forests in a few key figures.","breadcrumb":{"@id":"https:\/\/srfb.be\/en\/informations-on-forests\/belgium-forests\/#breadcrumb"},"inLanguage":"en-GB","potentialAction":[{"@type":"ReadAction","target":["https:\/\/srfb.be\/en\/informations-on-forests\/belgium-forests\/"]}]},{"@type":"ImageObject","inLanguage":"en-GB","@id":"https:\/\/srfb.be\/en\/informations-on-forests\/belgium-forests\/#primaryimage","url":"https:\/\/srfb.be\/wp-content\/uploads\/2020\/03\/20180503_152405-copyright-A_portrait-scaled-e1584517518565.jpg","contentUrl":"https:\/\/srfb.be\/wp-content\/uploads\/2020\/03\/20180503_152405-copyright-A_portrait-scaled-e1584517518565.jpg","width":1018,"height":1700,"caption":"vue de for\u00eat"},{"@type":"BreadcrumbList","@id":"https:\/\/srfb.be\/en\/informations-on-forests\/belgium-forests\/#breadcrumb","itemListElement":[{"@type":"ListItem","position":1,"name":"Accueil","item":"https:\/\/srfb.be\/de\/"},{"@type":"ListItem","position":2,"name":"Informations sur les for\u00eats","item":"https:\/\/srfb.be\/en\/informations-on-forests\/"},{"@type":"ListItem","position":3,"name":"Les for\u00eats de Belgique"}]},{"@type":"WebSite","@id":"https:\/\/srfb.be\/de\/#website","url":"https:\/\/srfb.be\/de\/","name":"Royal Forestry Society of Belgium","description":"Serving forests and foresters","publisher":{"@id":"https:\/\/srfb.be\/de\/#organization"},"alternateName":"SRFB-KBBM","potentialAction":[{"@type":"SearchAction","target":{"@type":"EntryPoint","urlTemplate":"https:\/\/srfb.be\/de\/?s={search_term_string}"},"query-input":{"@type":"PropertyValueSpecification","valueRequired":true,"valueName":"search_term_string"}}],"inLanguage":"en-GB"},{"@type":"Organization","@id":"https:\/\/srfb.be\/de\/#organization","name":"Soci\u00e9t\u00e9 Royale Foresti\u00e8re De Belgique - Koninklijke Belgische Bosbouwmaatschappij","alternateName":"SRFB-KBBM","url":"https:\/\/srfb.be\/de\/","logo":{"@type":"ImageObject","inLanguage":"en-GB","@id":"https:\/\/srfb.be\/de\/#\/schema\/logo\/image\/","url":"https:\/\/srfb.be\/wp-content\/uploads\/2019\/06\/android-chrome-256x256.png","contentUrl":"https:\/\/srfb.be\/wp-content\/uploads\/2019\/06\/android-chrome-256x256.png","width":1200,"height":1232,"caption":"Soci\u00e9t\u00e9 Royale Foresti\u00e8re De Belgique - Koninklijke Belgische Bosbouwmaatschappij"},"image":{"@id":"https:\/\/srfb.be\/de\/#\/schema\/logo\/image\/"},"sameAs":["https:\/\/www.facebook.com\/srfb.be","https:\/\/www.instagram.com\/srfb_kbbm\/","https:\/\/www.linkedin.com\/company\/srfb-kbbm\/","https:\/\/www.youtube.com\/user\/srfbkbbm"]}]}},"_links":{"self":[{"href":"https:\/\/srfb.be\/en\/wp-json\/wp\/v2\/pages\/7881","targetHints":{"allow":["GET"]}}],"collection":[{"href":"https:\/\/srfb.be\/en\/wp-json\/wp\/v2\/pages"}],"about":[{"href":"https:\/\/srfb.be\/en\/wp-json\/wp\/v2\/types\/page"}],"author":[{"embeddable":true,"href":"https:\/\/srfb.be\/en\/wp-json\/wp\/v2\/users\/18"}],"replies":[{"embeddable":true,"href":"https:\/\/srfb.be\/en\/wp-json\/wp\/v2\/comments?post=7881"}],"version-history":[{"count":0,"href":"https:\/\/srfb.be\/en\/wp-json\/wp\/v2\/pages\/7881\/revisions"}],"up":[{"embeddable":true,"href":"https:\/\/srfb.be\/en\/wp-json\/wp\/v2\/pages\/4294"}],"wp:featuredmedia":[{"embeddable":true,"href":"https:\/\/srfb.be\/en\/wp-json\/wp\/v2\/media\/10600"}],"wp:attachment":[{"href":"https:\/\/srfb.be\/en\/wp-json\/wp\/v2\/media?parent=7881"}],"curies":[{"name":"wp","href":"https:\/\/api.w.org\/{rel}","templated":true}]}}