{"id":7789,"date":"2019-07-15T13:27:50","date_gmt":"2019-07-15T13:27:50","guid":{"rendered":"http:\/\/srfb-wp.dphi.be\/?page_id=7789"},"modified":"2024-03-05T17:50:37","modified_gmt":"2024-03-05T16:50:37","slug":"privacy-statement","status":"publish","type":"page","link":"https:\/\/srfb.be\/en\/declaration-de-confidentialite\/","title":{"rendered":"Privacy statement"},"content":{"rendered":"<figure class=\"wp-block-image aligncenter size-full\"><img loading=\"lazy\" decoding=\"async\" width=\"1700\" height=\"283\" src=\"https:\/\/srfb.be\/wp-content\/uploads\/2019\/07\/nouveau_bandeau_2019_commun.jpg\" alt=\"\" class=\"wp-image-7810\" srcset=\"https:\/\/srfb.be\/wp-content\/uploads\/2019\/07\/nouveau_bandeau_2019_commun.jpg 1700w, https:\/\/srfb.be\/wp-content\/uploads\/2019\/07\/nouveau_bandeau_2019_commun-600x100.jpg 600w, https:\/\/srfb.be\/wp-content\/uploads\/2019\/07\/nouveau_bandeau_2019_commun-300x50.jpg 300w, https:\/\/srfb.be\/wp-content\/uploads\/2019\/07\/nouveau_bandeau_2019_commun-1024x170.jpg 1024w, https:\/\/srfb.be\/wp-content\/uploads\/2019\/07\/nouveau_bandeau_2019_commun-18x3.jpg 18w\" sizes=\"auto, (max-width: 1700px) 100vw, 1700px\" \/><\/figure>\n\n\n\n<h2 class=\"wp-block-heading has-text-align-center translation-block\"><strong>Privacy Statement<\/strong> <strong>SRFB, NTF and Landelijk Vlaanderen <\/strong> (detailed)<\/h2>\n\n\n\n<p><strong style=\"color: #006738;\"><u>Privacy policy<\/u><\/strong><\/p>\n\n\n\n<p>In order to respect your right to privacy and the confidentiality of your data, and to comply with EU Regulation 2016\/679, Soci\u00e9t\u00e9 Royale Foresti\u00e8re de Belgique (SRFB), NTF and Landelijk Vlaanderen (LV) wish to inform you of the way in which they process (collect, record, use and store) the personal information that you provide to them and for which they assume responsibility.<\/p>\n\n\n\n<p>The principles of protection will remain unchanged in the future. However, some of the details described below may change as a result of technology or the state of the art in the field: they will then be updated in this notice, which will be published on the SRFB, NTF and LV websites. In this case, a specific notice will be published in our respective magazines and a copy of the general conditions of confidentiality will be sent to you on written request.<\/p>\n\n\n\n<p>The respective persons responsible for processing your personal data are the Director of the SRFB, the Secretary General of NTF, the Director of LV and the specific subcontractor for the computer database, the Director of Xsi sprl.<\/p>\n\n\n\n<p><strong style=\"color: #006738;\"><u>What personal data do we need from you? <\/u><\/strong><\/p>\n\n\n\n<ul class=\"wp-block-list\">\n<li>the information needed to identify or contact you: surname, first name, year of birth, title; postal and e-mail address, fixed and mobile telephone number; social network address, etc.<\/li>\n\n\n\n<li>information useful for calculating the amount of your annual subscription, insurance or PEFC certification, if applicable: total forest area, total agricultural area, location and surface area of your plots, type of trees, etc. (optional)<\/li>\n\n\n\n<li>useful information designed to inform you about changes in local, regional or international policy that affect your properties as indicated in our database<\/li>\n\n\n\n<li>your forestry interests and preferences (optional) so that we can invite you personally to our training courses, conferences or special activities, etc.<\/li>\n\n\n\n<li>your registrations for meetings, conferences, training courses and bookshop or group purchase orders, etc.<\/li>\n\n\n\n<li>your interests in matters managed by NTF and LV (optional) as part of their defence of private rural property<\/li>\n\n\n\n<li>precise information that you communicate to us in the context of advice provided, personal coaching or a specific service such as, for example, NTF's legal advice service.<\/li>\n<\/ul>\n\n\n\n<p><strong style=\"color: #006738;\"><u>What do we use your personal information for?<\/u><\/strong><\/p>\n\n\n\n<p>Your details are necessary for the SRFB, NTF and LV to offer all the services reserved for their members: membership, subscription, insurance, certification, the sending of 'Silva Belgica' and 'Silva mail', 'Ma Terre, Mes Bois', NTF Flash Info, Landeigenaar, legal services and, in the near future, from registration to online payment for the bookshop, services, training and various activities, etc.<\/p>\n\n\n\n<p>These services are made possible by the use of the personal information you provide.<\/p>\n\n\n\n<p><strong style=\"color: #006738;\">How do we protect the confidentiality of your personal data? <\/strong><\/p>\n\n\n\n<p>Your personal information is stored in secure operating environments, inaccessible to the public, but only :<\/p>\n\n\n\n<ul class=\"wp-block-list\">\n<li>authorised employees of the association(s) of which you are a member (NTF and\/or SRFB and\/or LV)<\/li>\n\n\n\n<li>employees of the sub-contractor Xsi sprl responsible for the integrity and maintenance of our database and applications.<\/li>\n<\/ul>\n\n\n\n<p>All details of transactions (including date, time, operator, creation, consultation, modification, deletion) carried out in the database are recorded in an audit file that can only be accessed by the data controller in the event of a dispute or suspicion of a leak or breach.<\/p>\n\n\n\n<p>The data controllers and their subcontractors take all appropriate measures to protect your personal data.<\/p>\n\n\n\n<p><strong style=\"color: #006738;\">To whom do we disclose your personal information and why?<\/strong><\/p>\n\n\n\n<p><em>SRFB, NTF and LV do not disclose your personal data to any third party and do not publish any of your personal data in order to avoid any unsolicited requests or messages. There may be exceptions to this general rule where the partners or owners of the personal data have given prior authorisation for the detailed and limited distribution of all or part of this information.<\/em><\/p>\n\n\n\n<p><strong style=\"color: #006738;\">How long do we keep your personal information? <\/strong><\/p>\n\n\n\n<p>We keep your personal data for as long as it is relevant to the purposes for which it was collected.<\/p>\n\n\n\n<p>Data relating to one-off actions will be deleted after the period required for the action in question or after the statutory data retention period, and will be rendered anonymous if there is a longer-term statistical interest.<\/p>\n\n\n\n<p><strong style=\"color: #006738;\">Tracking technology - How and why do we use it? <\/strong><\/p>\n\n\n\n<p>To enable us to adapt and constantly improve our various services for our members and visitors who consult our website, we carry out an internet audience analysis using the \"Google Analytics\" tool.<\/p>\n\n\n\n<p>The \"cookie\" (a small file stored on the machine of the visitor to a website) associated with the SRFB, NTF or LV site does not record any browsing data that could be used for profiling.<\/p>\n\n\n\n<p><strong style=\"color: #006738;\">How can you access and modify your personal information?<\/strong><\/p>\n\n\n\n<p>You can send us any request to find out about your personal data or make a change to correct an error or inaccuracy, using the usual means of communication.<\/p>\n\n\n\n<p><strong style=\"color: #006738;\">How can you contact us?<\/strong><\/p>\n\n\n\n<p>A \"Contact\" section located in the top line of the SRFB website, the NTF website and the LV website allows any visitor to send a message to the data controller.<br>Members can also write to us at one of the following addresses:<\/p>\n\n\n\n<p><strong>Royal Forestry Society of Belgium<\/strong>&nbsp;Boulevard Bischoffsheim, 1-8, 1000 Brussels or by e-mail to <a href=\"mailto:info@srfb-kbbm.be\">info@srfb-kbbm.be<\/a><\/p>\n\n\n\n<p><strong>NTF<\/strong>&nbsp;Rue Borgnet, 13. 2nd floor. 5000 Namur or by e-mail to <a href=\"mailto:info@ntf.be\">info@ntf.be<\/a><\/p>\n\n\n\n<p><strong>Landelijk Vlaanderen<\/strong>&nbsp;Trierstraat 67, 1040 Brussels or by e-mail to <a href=\"mailto:info@landelijk.vlaanderen\">info@landelijk.vlaanderen<\/a><\/p>\n\n\n\n<p>-April 2020-<\/p>","protected":false},"excerpt":{"rendered":"<p>D\u00e9claration de Confidentialit\u00e9 SRFB, NTF et Landelijk Vlaanderen &nbsp;(d\u00e9taill\u00e9e) Politique relative \u00e0 la vie priv\u00e9e Afin de respecter votre droit \u00e0 la vie priv\u00e9e et \u00e0 la confidentialit\u00e9 de vos donn\u00e9es, et de se conformer au r\u00e8glement UE 2016\/679, la Soci\u00e9t\u00e9 Royale Foresti\u00e8re de Belgique (SRFB), NTF et Landelijk Vlaanderen (LV) souhaitent vous informer de&#8230; <\/p>\n<div class=\"clear\"><\/div>\n<p><a href=\"https:\/\/srfb.be\/en\/declaration-de-confidentialite\/\" class=\"excerpt-read-more\">Read More<\/a><\/p>","protected":false},"author":18,"featured_media":8735,"parent":0,"menu_order":0,"comment_status":"closed","ping_status":"closed","template":"","meta":{"iawp_total_views":233,"footnotes":""},"class_list":["post-7789","page","type-page","status-publish","has-post-thumbnail","hentry"],"yoast_head":"<!-- This site is optimized with the Yoast SEO plugin v27.4 - https:\/\/yoast.com\/product\/yoast-seo-wordpress\/ -->\n<title>D\u00e9claration de confidentialit\u00e9 - Soci\u00e9t\u00e9 Royale Foresti\u00e8re de Belgique<\/title>\n<meta name=\"description\" content=\"Vous retrouverez ici la d\u00e9claration de confidentialit\u00e9 de la Soci\u00e9t\u00e9 Royale Foresti\u00e8re de Belgique (SRFB), NTF et Landelijk Vlaanderen.\" \/>\n<meta name=\"robots\" content=\"index, follow, max-snippet:-1, max-image-preview:large, max-video-preview:-1\" \/>\n<link rel=\"canonical\" href=\"https:\/\/srfb.be\/en\/privacy-statement\/\" \/>\n<meta property=\"og:locale\" content=\"en_GB\" \/>\n<meta property=\"og:type\" content=\"article\" \/>\n<meta property=\"og:title\" content=\"D\u00e9claration de confidentialit\u00e9 - Soci\u00e9t\u00e9 Royale Foresti\u00e8re de Belgique\" \/>\n<meta property=\"og:description\" content=\"Vous retrouverez ici la d\u00e9claration de confidentialit\u00e9 de la Soci\u00e9t\u00e9 Royale Foresti\u00e8re de Belgique (SRFB), NTF et Landelijk Vlaanderen.\" \/>\n<meta property=\"og:url\" content=\"https:\/\/srfb.be\/en\/privacy-statement\/\" \/>\n<meta property=\"og:site_name\" content=\"Soci\u00e9t\u00e9 Royale Foresti\u00e8re de Belgique\" \/>\n<meta property=\"article:publisher\" content=\"https:\/\/www.facebook.com\/srfb.be\" \/>\n<meta property=\"article:modified_time\" content=\"2024-03-05T16:50:37+00:00\" \/>\n<meta property=\"og:image\" content=\"https:\/\/srfb.be\/wp-content\/uploads\/2019\/07\/logo-SRFB-FRNL-Version-A-1.png\" \/>\n\t<meta property=\"og:image:width\" content=\"448\" \/>\n\t<meta property=\"og:image:height\" content=\"489\" \/>\n\t<meta property=\"og:image:type\" content=\"image\/png\" \/>\n<script type=\"application\/ld+json\" class=\"yoast-schema-graph\">{\"@context\":\"https:\\\/\\\/schema.org\",\"@graph\":[{\"@type\":\"WebPage\",\"@id\":\"https:\\\/\\\/srfb.be\\\/declaration-de-confidentialite\\\/\",\"url\":\"https:\\\/\\\/srfb.be\\\/declaration-de-confidentialite\\\/\",\"name\":\"D\u00e9claration de confidentialit\u00e9 - Soci\u00e9t\u00e9 Royale Foresti\u00e8re de Belgique\",\"isPartOf\":{\"@id\":\"https:\\\/\\\/kbbm.be\\\/de\\\/#website\"},\"primaryImageOfPage\":{\"@id\":\"https:\\\/\\\/srfb.be\\\/declaration-de-confidentialite\\\/#primaryimage\"},\"image\":{\"@id\":\"https:\\\/\\\/srfb.be\\\/declaration-de-confidentialite\\\/#primaryimage\"},\"thumbnailUrl\":\"https:\\\/\\\/srfb.be\\\/wp-content\\\/uploads\\\/2019\\\/07\\\/logo-SRFB-FRNL-Version-A-1.png\",\"datePublished\":\"2019-07-15T13:27:50+00:00\",\"dateModified\":\"2024-03-05T16:50:37+00:00\",\"description\":\"Vous retrouverez ici la d\u00e9claration de confidentialit\u00e9 de la Soci\u00e9t\u00e9 Royale Foresti\u00e8re de Belgique (SRFB), NTF et Landelijk Vlaanderen.\",\"breadcrumb\":{\"@id\":\"https:\\\/\\\/srfb.be\\\/declaration-de-confidentialite\\\/#breadcrumb\"},\"inLanguage\":\"en-GB\",\"potentialAction\":[{\"@type\":\"ReadAction\",\"target\":[\"https:\\\/\\\/srfb.be\\\/declaration-de-confidentialite\\\/\"]}]},{\"@type\":\"ImageObject\",\"inLanguage\":\"en-GB\",\"@id\":\"https:\\\/\\\/srfb.be\\\/declaration-de-confidentialite\\\/#primaryimage\",\"url\":\"https:\\\/\\\/srfb.be\\\/wp-content\\\/uploads\\\/2019\\\/07\\\/logo-SRFB-FRNL-Version-A-1.png\",\"contentUrl\":\"https:\\\/\\\/srfb.be\\\/wp-content\\\/uploads\\\/2019\\\/07\\\/logo-SRFB-FRNL-Version-A-1.png\",\"width\":448,\"height\":489,\"caption\":\"Logo de la SRFB\"},{\"@type\":\"BreadcrumbList\",\"@id\":\"https:\\\/\\\/srfb.be\\\/declaration-de-confidentialite\\\/#breadcrumb\",\"itemListElement\":[{\"@type\":\"ListItem\",\"position\":1,\"name\":\"Accueil\",\"item\":\"https:\\\/\\\/kbbm.be\\\/de\\\/\"},{\"@type\":\"ListItem\",\"position\":2,\"name\":\"D\u00e9claration de confidentialit\u00e9\"}]},{\"@type\":\"WebSite\",\"@id\":\"https:\\\/\\\/kbbm.be\\\/de\\\/#website\",\"url\":\"https:\\\/\\\/kbbm.be\\\/de\\\/\",\"name\":\"Soci\u00e9t\u00e9 Royale Foresti\u00e8re de Belgique\",\"description\":\"Au service de la for\u00eat et des forestiers\",\"publisher\":{\"@id\":\"https:\\\/\\\/kbbm.be\\\/de\\\/#organization\"},\"alternateName\":\"SRFB-KBBM\",\"potentialAction\":[{\"@type\":\"SearchAction\",\"target\":{\"@type\":\"EntryPoint\",\"urlTemplate\":\"https:\\\/\\\/kbbm.be\\\/de\\\/?s={search_term_string}\"},\"query-input\":{\"@type\":\"PropertyValueSpecification\",\"valueRequired\":true,\"valueName\":\"search_term_string\"}}],\"inLanguage\":\"en-GB\"},{\"@type\":\"Organization\",\"@id\":\"https:\\\/\\\/kbbm.be\\\/de\\\/#organization\",\"name\":\"Soci\u00e9t\u00e9 Royale Foresti\u00e8re De Belgique - Koninklijke Belgische Bosbouwmaatschappij\",\"alternateName\":\"SRFB-KBBM\",\"url\":\"https:\\\/\\\/kbbm.be\\\/de\\\/\",\"logo\":{\"@type\":\"ImageObject\",\"inLanguage\":\"en-GB\",\"@id\":\"https:\\\/\\\/kbbm.be\\\/de\\\/#\\\/schema\\\/logo\\\/image\\\/\",\"url\":\"https:\\\/\\\/srfb.be\\\/wp-content\\\/uploads\\\/2019\\\/06\\\/android-chrome-256x256.png\",\"contentUrl\":\"https:\\\/\\\/srfb.be\\\/wp-content\\\/uploads\\\/2019\\\/06\\\/android-chrome-256x256.png\",\"width\":1200,\"height\":1232,\"caption\":\"Soci\u00e9t\u00e9 Royale Foresti\u00e8re De Belgique - Koninklijke Belgische Bosbouwmaatschappij\"},\"image\":{\"@id\":\"https:\\\/\\\/kbbm.be\\\/de\\\/#\\\/schema\\\/logo\\\/image\\\/\"},\"sameAs\":[\"https:\\\/\\\/www.facebook.com\\\/srfb.be\",\"https:\\\/\\\/www.instagram.com\\\/srfb_kbbm\\\/\",\"https:\\\/\\\/www.linkedin.com\\\/company\\\/srfb-kbbm\\\/\",\"https:\\\/\\\/www.youtube.com\\\/user\\\/srfbkbbm\"]}]}<\/script>\n<!-- \/ Yoast SEO plugin. -->","yoast_head_json":{"title":"Privacy statement - Soci\u00e9t\u00e9 Royale Foresti\u00e8re de Belgique","description":"Here you will find the privacy statement of Soci\u00e9t\u00e9 Royale Foresti\u00e8re de Belgique (SRFB), NTF and Landelijk Vlaanderen.","robots":{"index":"index","follow":"follow","max-snippet":"max-snippet:-1","max-image-preview":"max-image-preview:large","max-video-preview":"max-video-preview:-1"},"canonical":"https:\/\/srfb.be\/en\/privacy-statement\/","og_locale":"en_GB","og_type":"article","og_title":"D\u00e9claration de confidentialit\u00e9 - Soci\u00e9t\u00e9 Royale Foresti\u00e8re de Belgique","og_description":"Vous retrouverez ici la d\u00e9claration de confidentialit\u00e9 de la Soci\u00e9t\u00e9 Royale Foresti\u00e8re de Belgique (SRFB), NTF et Landelijk Vlaanderen.","og_url":"https:\/\/srfb.be\/en\/privacy-statement\/","og_site_name":"Soci\u00e9t\u00e9 Royale Foresti\u00e8re de Belgique","article_publisher":"https:\/\/www.facebook.com\/srfb.be","article_modified_time":"2024-03-05T16:50:37+00:00","og_image":[{"width":448,"height":489,"url":"https:\/\/srfb.be\/wp-content\/uploads\/2019\/07\/logo-SRFB-FRNL-Version-A-1.png","type":"image\/png"}],"schema":{"@context":"https:\/\/schema.org","@graph":[{"@type":"WebPage","@id":"https:\/\/srfb.be\/declaration-de-confidentialite\/","url":"https:\/\/srfb.be\/declaration-de-confidentialite\/","name":"Privacy statement - Soci\u00e9t\u00e9 Royale Foresti\u00e8re de Belgique","isPartOf":{"@id":"https:\/\/kbbm.be\/de\/#website"},"primaryImageOfPage":{"@id":"https:\/\/srfb.be\/declaration-de-confidentialite\/#primaryimage"},"image":{"@id":"https:\/\/srfb.be\/declaration-de-confidentialite\/#primaryimage"},"thumbnailUrl":"https:\/\/srfb.be\/wp-content\/uploads\/2019\/07\/logo-SRFB-FRNL-Version-A-1.png","datePublished":"2019-07-15T13:27:50+00:00","dateModified":"2024-03-05T16:50:37+00:00","description":"Here you will find the privacy statement of Soci\u00e9t\u00e9 Royale Foresti\u00e8re de Belgique (SRFB), NTF and Landelijk Vlaanderen.","breadcrumb":{"@id":"https:\/\/srfb.be\/declaration-de-confidentialite\/#breadcrumb"},"inLanguage":"en-GB","potentialAction":[{"@type":"ReadAction","target":["https:\/\/srfb.be\/declaration-de-confidentialite\/"]}]},{"@type":"ImageObject","inLanguage":"en-GB","@id":"https:\/\/srfb.be\/declaration-de-confidentialite\/#primaryimage","url":"https:\/\/srfb.be\/wp-content\/uploads\/2019\/07\/logo-SRFB-FRNL-Version-A-1.png","contentUrl":"https:\/\/srfb.be\/wp-content\/uploads\/2019\/07\/logo-SRFB-FRNL-Version-A-1.png","width":448,"height":489,"caption":"Logo de la SRFB"},{"@type":"BreadcrumbList","@id":"https:\/\/srfb.be\/declaration-de-confidentialite\/#breadcrumb","itemListElement":[{"@type":"ListItem","position":1,"name":"Accueil","item":"https:\/\/kbbm.be\/de\/"},{"@type":"ListItem","position":2,"name":"D\u00e9claration de confidentialit\u00e9"}]},{"@type":"WebSite","@id":"https:\/\/kbbm.be\/de\/#website","url":"https:\/\/kbbm.be\/de\/","name":"Royal Forestry Society of Belgium","description":"Serving forests and foresters","publisher":{"@id":"https:\/\/kbbm.be\/de\/#organization"},"alternateName":"SRFB-KBBM","potentialAction":[{"@type":"SearchAction","target":{"@type":"EntryPoint","urlTemplate":"https:\/\/kbbm.be\/de\/?s={search_term_string}"},"query-input":{"@type":"PropertyValueSpecification","valueRequired":true,"valueName":"search_term_string"}}],"inLanguage":"en-GB"},{"@type":"Organization","@id":"https:\/\/kbbm.be\/de\/#organization","name":"Soci\u00e9t\u00e9 Royale Foresti\u00e8re De Belgique - Koninklijke Belgische Bosbouwmaatschappij","alternateName":"SRFB-KBBM","url":"https:\/\/kbbm.be\/de\/","logo":{"@type":"ImageObject","inLanguage":"en-GB","@id":"https:\/\/kbbm.be\/de\/#\/schema\/logo\/image\/","url":"https:\/\/srfb.be\/wp-content\/uploads\/2019\/06\/android-chrome-256x256.png","contentUrl":"https:\/\/srfb.be\/wp-content\/uploads\/2019\/06\/android-chrome-256x256.png","width":1200,"height":1232,"caption":"Soci\u00e9t\u00e9 Royale Foresti\u00e8re De Belgique - Koninklijke Belgische Bosbouwmaatschappij"},"image":{"@id":"https:\/\/kbbm.be\/de\/#\/schema\/logo\/image\/"},"sameAs":["https:\/\/www.facebook.com\/srfb.be","https:\/\/www.instagram.com\/srfb_kbbm\/","https:\/\/www.linkedin.com\/company\/srfb-kbbm\/","https:\/\/www.youtube.com\/user\/srfbkbbm"]}]}},"_links":{"self":[{"href":"https:\/\/srfb.be\/en\/wp-json\/wp\/v2\/pages\/7789","targetHints":{"allow":["GET"]}}],"collection":[{"href":"https:\/\/srfb.be\/en\/wp-json\/wp\/v2\/pages"}],"about":[{"href":"https:\/\/srfb.be\/en\/wp-json\/wp\/v2\/types\/page"}],"author":[{"embeddable":true,"href":"https:\/\/srfb.be\/en\/wp-json\/wp\/v2\/users\/18"}],"replies":[{"embeddable":true,"href":"https:\/\/srfb.be\/en\/wp-json\/wp\/v2\/comments?post=7789"}],"version-history":[{"count":0,"href":"https:\/\/srfb.be\/en\/wp-json\/wp\/v2\/pages\/7789\/revisions"}],"wp:featuredmedia":[{"embeddable":true,"href":"https:\/\/srfb.be\/en\/wp-json\/wp\/v2\/media\/8735"}],"wp:attachment":[{"href":"https:\/\/srfb.be\/en\/wp-json\/wp\/v2\/media?parent=7789"}],"curies":[{"name":"wp","href":"https:\/\/api.w.org\/{rel}","templated":true}]}}